{"id":281358,"date":"2025-04-30T20:16:11","date_gmt":"2025-04-30T18:16:11","guid":{"rendered":"https:\/\/shopatoa.com\/ro\/naif-sare-de-baie-relaxanta-mom-magnesium-bath-salt-500-g\/"},"modified":"2025-12-11T17:15:40","modified_gmt":"2025-12-11T16:15:40","slug":"naif-sare-de-baie-relaxanta-mom-magnesium-bath-salt-500-g","status":"publish","type":"product","link":"https:\/\/shopatoa.com\/ro\/naif-sare-de-baie-relaxanta-mom-magnesium-bath-salt-500-g\/","title":{"rendered":"NA\u00cfF Sare de baie relaxant\u0103 Mom (Magnesium Bath Salt) 500 g"},"content":{"rendered":"<p>Sarea de baie relaxant\u0103 de la Marea Moart\u0103 este ideal\u0103 pentru relaxarea \u0219i regenerarea pielii. Sarea este bogat\u0103 \u00een magneziu, care ajut\u0103 la ameliorarea tensiunii musculare, la calmarea crampelor \u0219i la eliminarea semnelor de oboseal\u0103. Nu con\u021bine uleiuri esen\u021biale sau parfumuri, ceea ce o face potrivit\u0103 pentru pielea sensibil\u0103. Produsul este potrivit pentru femeile \u00eens\u0103rcinate, dar \u0219i pentru oricine are nevoie s\u0103 \u00ee\u0219i relaxeze corpul \u0219i mintea.<\/p>\n","protected":false},"excerpt":{"rendered":"<p>Sarea de baie relaxant\u0103 de la Marea Moart\u0103 este ideal\u0103 pentru relaxarea \u0219i regenerarea pielii. Sarea este bogat\u0103 \u00een magneziu, care ajut\u0103 la ameliorarea tensiunii musculare, la calmarea crampelor \u0219i la eliminarea semnelor de oboseal\u0103. Nu con\u021bine uleiuri esen\u021biale sau parfumuri, ceea ce o face potrivit\u0103 pentru pielea sensibil\u0103. Produsul este potrivit pentru femeile \u00eens\u0103rcinate,&#8230;<\/p>\n","protected":false},"featured_media":281359,"comment_status":"closed","ping_status":"open","template":"","meta":{"_acf_changed":false,"_kadence_starter_templates_imported_post":false,"_kad_post_transparent":"","_kad_post_title":"","_kad_post_layout":"","_kad_post_sidebar_id":"","_kad_post_content_style":"","_kad_post_vertical_padding":"","_kad_post_feature":"","_kad_post_feature_position":"","_kad_post_header":false,"_kad_post_footer":false,"_kad_post_classname":""},"product_brand":[543],"product_cat":[246,641,611],"product_tag":[],"class_list":{"0":"post-281358","1":"product","2":"type-product","3":"status-publish","4":"has-post-thumbnail","6":"product_brand-naif","7":"product_cat-cosmetice","8":"product_cat-cosmetice-pentru-dus-si-baie","9":"product_cat-produse-cosmetice-pentru-corp","11":"first","12":"instock","13":"product-type-external","14":"entry","15":"content-bg","16":"loop-entry"},"acf":[],"yoast_head":"<!-- This site is optimized with the Yoast SEO plugin v27.4 - https:\/\/yoast.com\/product\/yoast-seo-wordpress\/ -->\n<title>NA\u00cfF Sare de baie relaxant\u0103 Mom (Magnesium Bath Salt) 500 g - SHOPATOA.COM<\/title>\n<meta name=\"robots\" content=\"index, follow, max-snippet:-1, max-image-preview:large, max-video-preview:-1\" \/>\n<link rel=\"canonical\" href=\"https:\/\/shopatoa.com\/ro\/naif-sare-de-baie-relaxanta-mom-magnesium-bath-salt-500-g\/\" \/>\n<meta property=\"og:locale\" content=\"ro_RO\" \/>\n<meta property=\"og:type\" content=\"article\" \/>\n<meta property=\"og:title\" content=\"NA\u00cfF Sare de baie relaxant\u0103 Mom (Magnesium Bath Salt) 500 g - SHOPATOA.COM\" \/>\n<meta property=\"og:description\" content=\"Sarea de baie relaxant\u0103 de la Marea Moart\u0103 este ideal\u0103 pentru relaxarea \u0219i regenerarea pielii. Sarea este bogat\u0103 \u00een magneziu, care ajut\u0103 la ameliorarea tensiunii musculare, la calmarea crampelor \u0219i la eliminarea semnelor de oboseal\u0103. Nu con\u021bine uleiuri esen\u021biale sau parfumuri, ceea ce o face potrivit\u0103 pentru pielea sensibil\u0103. Produsul este potrivit pentru femeile \u00eens\u0103rcinate,...\" \/>\n<meta property=\"og:url\" content=\"https:\/\/shopatoa.com\/ro\/naif-sare-de-baie-relaxanta-mom-magnesium-bath-salt-500-g\/\" \/>\n<meta property=\"og:site_name\" content=\"SHOPATOA\" \/>\n<meta property=\"article:modified_time\" content=\"2025-12-11T16:15:40+00:00\" \/>\n<meta property=\"og:image\" content=\"https:\/\/storage.googleapis.com\/cz-shopatoa-img\/ro\/b5e5463b-unnamed-file.webp\" \/>\n\t<meta property=\"og:image:width\" content=\"800\" \/>\n\t<meta property=\"og:image:height\" content=\"800\" \/>\n\t<meta property=\"og:image:type\" content=\"image\/webp\" \/>\n<meta name=\"twitter:card\" content=\"summary_large_image\" \/>\n<script type=\"application\/ld+json\" class=\"yoast-schema-graph\">{\"@context\":\"https:\\\/\\\/schema.org\",\"@graph\":[{\"@type\":\"WebPage\",\"@id\":\"https:\\\/\\\/shopatoa.com\\\/ro\\\/naif-sare-de-baie-relaxanta-mom-magnesium-bath-salt-500-g\\\/\",\"url\":\"https:\\\/\\\/shopatoa.com\\\/ro\\\/naif-sare-de-baie-relaxanta-mom-magnesium-bath-salt-500-g\\\/\",\"name\":\"NA\u00cfF Sare de baie relaxant\u0103 Mom (Magnesium Bath Salt) 500 g - SHOPATOA.COM\",\"isPartOf\":{\"@id\":\"https:\\\/\\\/shopatoa.com\\\/ro\\\/#website\"},\"primaryImageOfPage\":{\"@id\":\"https:\\\/\\\/shopatoa.com\\\/ro\\\/naif-sare-de-baie-relaxanta-mom-magnesium-bath-salt-500-g\\\/#primaryimage\"},\"image\":{\"@id\":\"https:\\\/\\\/shopatoa.com\\\/ro\\\/naif-sare-de-baie-relaxanta-mom-magnesium-bath-salt-500-g\\\/#primaryimage\"},\"thumbnailUrl\":\"https:\\\/\\\/storage.googleapis.com\\\/cz-shopatoa-img\\\/ro\\\/b5e5463b-unnamed-file.webp\",\"datePublished\":\"2025-04-30T18:16:11+00:00\",\"dateModified\":\"2025-12-11T16:15:40+00:00\",\"breadcrumb\":{\"@id\":\"https:\\\/\\\/shopatoa.com\\\/ro\\\/naif-sare-de-baie-relaxanta-mom-magnesium-bath-salt-500-g\\\/#breadcrumb\"},\"inLanguage\":\"ro-RO\",\"potentialAction\":[{\"@type\":\"ReadAction\",\"target\":[\"https:\\\/\\\/shopatoa.com\\\/ro\\\/naif-sare-de-baie-relaxanta-mom-magnesium-bath-salt-500-g\\\/\"]}]},{\"@type\":\"ImageObject\",\"inLanguage\":\"ro-RO\",\"@id\":\"https:\\\/\\\/shopatoa.com\\\/ro\\\/naif-sare-de-baie-relaxanta-mom-magnesium-bath-salt-500-g\\\/#primaryimage\",\"url\":\"https:\\\/\\\/storage.googleapis.com\\\/cz-shopatoa-img\\\/ro\\\/b5e5463b-unnamed-file.webp\",\"contentUrl\":\"https:\\\/\\\/storage.googleapis.com\\\/cz-shopatoa-img\\\/ro\\\/b5e5463b-unnamed-file.webp\",\"width\":800,\"height\":800},{\"@type\":\"BreadcrumbList\",\"@id\":\"https:\\\/\\\/shopatoa.com\\\/ro\\\/naif-sare-de-baie-relaxanta-mom-magnesium-bath-salt-500-g\\\/#breadcrumb\",\"itemListElement\":[{\"@type\":\"ListItem\",\"position\":1,\"name\":\"Dom\u016f\",\"item\":\"https:\\\/\\\/shopatoa.com\\\/ro\\\/\"},{\"@type\":\"ListItem\",\"position\":2,\"name\":\"Shop\",\"item\":\"https:\\\/\\\/shopatoa.com\\\/ro\\\/shop\\\/\"},{\"@type\":\"ListItem\",\"position\":3,\"name\":\"Cosmetice\",\"item\":\"https:\\\/\\\/shopatoa.com\\\/ro\\\/cosmetice\\\/\"},{\"@type\":\"ListItem\",\"position\":4,\"name\":\"Produse cosmetice pentru corp\",\"item\":\"https:\\\/\\\/shopatoa.com\\\/ro\\\/produse-cosmetice-pentru-corp\\\/\"},{\"@type\":\"ListItem\",\"position\":5,\"name\":\"Cosmetice pentru du\u0219 \u0219i baie\",\"item\":\"https:\\\/\\\/shopatoa.com\\\/ro\\\/cosmetice-pentru-dus-si-baie\\\/\"},{\"@type\":\"ListItem\",\"position\":6,\"name\":\"NA\u00cfF Sare de baie relaxant\u0103 Mom (Magnesium Bath Salt) 500 g\"}]},{\"@type\":\"WebSite\",\"@id\":\"https:\\\/\\\/shopatoa.com\\\/ro\\\/#website\",\"url\":\"https:\\\/\\\/shopatoa.com\\\/ro\\\/\",\"name\":\"SHOPATOA\",\"description\":\"\",\"publisher\":{\"@id\":\"https:\\\/\\\/shopatoa.com\\\/ro\\\/#organization\"},\"potentialAction\":[{\"@type\":\"SearchAction\",\"target\":{\"@type\":\"EntryPoint\",\"urlTemplate\":\"https:\\\/\\\/shopatoa.com\\\/ro\\\/?s={search_term_string}\"},\"query-input\":{\"@type\":\"PropertyValueSpecification\",\"valueRequired\":true,\"valueName\":\"search_term_string\"}}],\"inLanguage\":\"ro-RO\"},{\"@type\":\"Organization\",\"@id\":\"https:\\\/\\\/shopatoa.com\\\/ro\\\/#organization\",\"name\":\"SHOPATOA\",\"url\":\"https:\\\/\\\/shopatoa.com\\\/ro\\\/\",\"logo\":{\"@type\":\"ImageObject\",\"inLanguage\":\"ro-RO\",\"@id\":\"https:\\\/\\\/shopatoa.com\\\/ro\\\/#\\\/schema\\\/logo\\\/image\\\/\",\"url\":\"https:\\\/\\\/storage.googleapis.com\\\/cz-shopatoa-img\\\/ro\\\/b4dac915-shopatoa_logo.png\",\"contentUrl\":\"https:\\\/\\\/storage.googleapis.com\\\/cz-shopatoa-img\\\/ro\\\/b4dac915-shopatoa_logo.png\",\"width\":416,\"height\":63,\"caption\":\"SHOPATOA\"},\"image\":{\"@id\":\"https:\\\/\\\/shopatoa.com\\\/ro\\\/#\\\/schema\\\/logo\\\/image\\\/\"}}]}<\/script>\n<!-- \/ Yoast SEO plugin. -->","yoast_head_json":{"title":"NA\u00cfF Sare de baie relaxant\u0103 Mom (Magnesium Bath Salt) 500 g - SHOPATOA.COM","robots":{"index":"index","follow":"follow","max-snippet":"max-snippet:-1","max-image-preview":"max-image-preview:large","max-video-preview":"max-video-preview:-1"},"canonical":"https:\/\/shopatoa.com\/ro\/naif-sare-de-baie-relaxanta-mom-magnesium-bath-salt-500-g\/","og_locale":"ro_RO","og_type":"article","og_title":"NA\u00cfF Sare de baie relaxant\u0103 Mom (Magnesium Bath Salt) 500 g - SHOPATOA.COM","og_description":"Sarea de baie relaxant\u0103 de la Marea Moart\u0103 este ideal\u0103 pentru relaxarea \u0219i regenerarea pielii. Sarea este bogat\u0103 \u00een magneziu, care ajut\u0103 la ameliorarea tensiunii musculare, la calmarea crampelor \u0219i la eliminarea semnelor de oboseal\u0103. Nu con\u021bine uleiuri esen\u021biale sau parfumuri, ceea ce o face potrivit\u0103 pentru pielea sensibil\u0103. Produsul este potrivit pentru femeile \u00eens\u0103rcinate,...","og_url":"https:\/\/shopatoa.com\/ro\/naif-sare-de-baie-relaxanta-mom-magnesium-bath-salt-500-g\/","og_site_name":"SHOPATOA","article_modified_time":"2025-12-11T16:15:40+00:00","og_image":[{"width":800,"height":800,"url":"https:\/\/storage.googleapis.com\/cz-shopatoa-img\/ro\/b5e5463b-unnamed-file.webp","type":"image\/webp"}],"twitter_card":"summary_large_image","schema":{"@context":"https:\/\/schema.org","@graph":[{"@type":"WebPage","@id":"https:\/\/shopatoa.com\/ro\/naif-sare-de-baie-relaxanta-mom-magnesium-bath-salt-500-g\/","url":"https:\/\/shopatoa.com\/ro\/naif-sare-de-baie-relaxanta-mom-magnesium-bath-salt-500-g\/","name":"NA\u00cfF Sare de baie relaxant\u0103 Mom (Magnesium Bath Salt) 500 g - SHOPATOA.COM","isPartOf":{"@id":"https:\/\/shopatoa.com\/ro\/#website"},"primaryImageOfPage":{"@id":"https:\/\/shopatoa.com\/ro\/naif-sare-de-baie-relaxanta-mom-magnesium-bath-salt-500-g\/#primaryimage"},"image":{"@id":"https:\/\/shopatoa.com\/ro\/naif-sare-de-baie-relaxanta-mom-magnesium-bath-salt-500-g\/#primaryimage"},"thumbnailUrl":"https:\/\/storage.googleapis.com\/cz-shopatoa-img\/ro\/b5e5463b-unnamed-file.webp","datePublished":"2025-04-30T18:16:11+00:00","dateModified":"2025-12-11T16:15:40+00:00","breadcrumb":{"@id":"https:\/\/shopatoa.com\/ro\/naif-sare-de-baie-relaxanta-mom-magnesium-bath-salt-500-g\/#breadcrumb"},"inLanguage":"ro-RO","potentialAction":[{"@type":"ReadAction","target":["https:\/\/shopatoa.com\/ro\/naif-sare-de-baie-relaxanta-mom-magnesium-bath-salt-500-g\/"]}]},{"@type":"ImageObject","inLanguage":"ro-RO","@id":"https:\/\/shopatoa.com\/ro\/naif-sare-de-baie-relaxanta-mom-magnesium-bath-salt-500-g\/#primaryimage","url":"https:\/\/storage.googleapis.com\/cz-shopatoa-img\/ro\/b5e5463b-unnamed-file.webp","contentUrl":"https:\/\/storage.googleapis.com\/cz-shopatoa-img\/ro\/b5e5463b-unnamed-file.webp","width":800,"height":800},{"@type":"BreadcrumbList","@id":"https:\/\/shopatoa.com\/ro\/naif-sare-de-baie-relaxanta-mom-magnesium-bath-salt-500-g\/#breadcrumb","itemListElement":[{"@type":"ListItem","position":1,"name":"Dom\u016f","item":"https:\/\/shopatoa.com\/ro\/"},{"@type":"ListItem","position":2,"name":"Shop","item":"https:\/\/shopatoa.com\/ro\/shop\/"},{"@type":"ListItem","position":3,"name":"Cosmetice","item":"https:\/\/shopatoa.com\/ro\/cosmetice\/"},{"@type":"ListItem","position":4,"name":"Produse cosmetice pentru corp","item":"https:\/\/shopatoa.com\/ro\/produse-cosmetice-pentru-corp\/"},{"@type":"ListItem","position":5,"name":"Cosmetice pentru du\u0219 \u0219i baie","item":"https:\/\/shopatoa.com\/ro\/cosmetice-pentru-dus-si-baie\/"},{"@type":"ListItem","position":6,"name":"NA\u00cfF Sare de baie relaxant\u0103 Mom (Magnesium Bath Salt) 500 g"}]},{"@type":"WebSite","@id":"https:\/\/shopatoa.com\/ro\/#website","url":"https:\/\/shopatoa.com\/ro\/","name":"SHOPATOA","description":"","publisher":{"@id":"https:\/\/shopatoa.com\/ro\/#organization"},"potentialAction":[{"@type":"SearchAction","target":{"@type":"EntryPoint","urlTemplate":"https:\/\/shopatoa.com\/ro\/?s={search_term_string}"},"query-input":{"@type":"PropertyValueSpecification","valueRequired":true,"valueName":"search_term_string"}}],"inLanguage":"ro-RO"},{"@type":"Organization","@id":"https:\/\/shopatoa.com\/ro\/#organization","name":"SHOPATOA","url":"https:\/\/shopatoa.com\/ro\/","logo":{"@type":"ImageObject","inLanguage":"ro-RO","@id":"https:\/\/shopatoa.com\/ro\/#\/schema\/logo\/image\/","url":"https:\/\/storage.googleapis.com\/cz-shopatoa-img\/ro\/b4dac915-shopatoa_logo.png","contentUrl":"https:\/\/storage.googleapis.com\/cz-shopatoa-img\/ro\/b4dac915-shopatoa_logo.png","width":416,"height":63,"caption":"SHOPATOA"},"image":{"@id":"https:\/\/shopatoa.com\/ro\/#\/schema\/logo\/image\/"}}]}},"_links":{"self":[{"href":"https:\/\/shopatoa.com\/ro\/wp-json\/wp\/v2\/product\/281358","targetHints":{"allow":["GET"]}}],"collection":[{"href":"https:\/\/shopatoa.com\/ro\/wp-json\/wp\/v2\/product"}],"about":[{"href":"https:\/\/shopatoa.com\/ro\/wp-json\/wp\/v2\/types\/product"}],"replies":[{"embeddable":true,"href":"https:\/\/shopatoa.com\/ro\/wp-json\/wp\/v2\/comments?post=281358"}],"wp:featuredmedia":[{"embeddable":true,"href":"https:\/\/shopatoa.com\/ro\/wp-json\/wp\/v2\/media\/281359"}],"wp:attachment":[{"href":"https:\/\/shopatoa.com\/ro\/wp-json\/wp\/v2\/media?parent=281358"}],"wp:term":[{"taxonomy":"product_brand","embeddable":true,"href":"https:\/\/shopatoa.com\/ro\/wp-json\/wp\/v2\/product_brand?post=281358"},{"taxonomy":"product_cat","embeddable":true,"href":"https:\/\/shopatoa.com\/ro\/wp-json\/wp\/v2\/product_cat?post=281358"},{"taxonomy":"product_tag","embeddable":true,"href":"https:\/\/shopatoa.com\/ro\/wp-json\/wp\/v2\/product_tag?post=281358"}],"curies":[{"name":"wp","href":"https:\/\/api.w.org\/{rel}","templated":true}]}}