{"id":281377,"date":"2025-04-30T20:17:03","date_gmt":"2025-04-30T18:17:03","guid":{"rendered":"https:\/\/shopatoa.com\/ro\/ducray-crema-de-ochi-calmanta-dexyane-med-palpebral-treatment-for-eyelid-15-ml\/"},"modified":"2025-10-23T22:45:53","modified_gmt":"2025-10-23T20:45:53","slug":"ducray-crema-de-ochi-calmanta-dexyane-med-palpebral-treatment-for-eyelid-15-ml","status":"publish","type":"product","link":"https:\/\/shopatoa.com\/ro\/ducray-crema-de-ochi-calmanta-dexyane-med-palpebral-treatment-for-eyelid-15-ml\/","title":{"rendered":"Ducray Crem\u0103 de ochi calmant\u0103 Dexyane MeD Palpebral (Treatment for Eyelid) 15 ml"},"content":{"rendered":"<p>Crema este destinat\u0103 tratamentului eczemei atopice sau dermatitei de contact a pleoapelor. Formula sa ultrahidratant\u0103 ac\u021bioneaz\u0103 ca un plasture protector, care calmeaz\u0103 \u0219i reduce umfl\u0103turile, \u00een timp ce restabile\u0219te bariera cutanat\u0103. \u00cempiedic\u0103 bacteriile s\u0103 adere \u0219i reduce astfel riscul de infec\u021bie. Eficacitatea dovedit\u0103 clinic \u0219i toleran\u021ba excelent\u0103 a pielii o fac o solu\u021bia potrivit\u0103 pentru zona sensibil\u0103 a ochilor.<\/p>\n","protected":false},"excerpt":{"rendered":"<p>Crema este destinat\u0103 tratamentului eczemei atopice sau dermatitei de contact a pleoapelor. Formula sa ultrahidratant\u0103 ac\u021bioneaz\u0103 ca un plasture protector, care calmeaz\u0103 \u0219i reduce umfl\u0103turile, \u00een timp ce restabile\u0219te bariera cutanat\u0103. \u00cempiedic\u0103 bacteriile s\u0103 adere \u0219i reduce astfel riscul de infec\u021bie. Eficacitatea dovedit\u0103 clinic \u0219i toleran\u021ba excelent\u0103 a pielii o fac o solu\u021bia potrivit\u0103 pentru&#8230;<\/p>\n","protected":false},"featured_media":281379,"comment_status":"closed","ping_status":"open","template":"","meta":{"_acf_changed":false,"_kadence_starter_templates_imported_post":false,"_kad_post_transparent":"","_kad_post_title":"","_kad_post_layout":"","_kad_post_sidebar_id":"","_kad_post_content_style":"","_kad_post_vertical_padding":"","_kad_post_feature":"","_kad_post_feature_position":"","_kad_post_header":false,"_kad_post_footer":false,"_kad_post_classname":""},"product_brand":[869],"product_cat":[246,674,633],"product_tag":[],"class_list":{"0":"post-281377","1":"product","2":"type-product","3":"status-publish","4":"has-post-thumbnail","6":"product_brand-ducray","7":"product_cat-cosmetice","8":"product_cat-ingrijirea-ochilor-cosmetica","9":"product_cat-produse-cosmetice-pentru-piele","11":"first","12":"instock","13":"product-type-external","14":"entry","15":"content-bg","16":"loop-entry"},"acf":[],"yoast_head":"<!-- This site is optimized with the Yoast SEO plugin v27.3 - https:\/\/yoast.com\/product\/yoast-seo-wordpress\/ -->\n<title>Ducray Crem\u0103 de ochi calmant\u0103 Dexyane MeD Palpebral (Treatment for Eyelid) 15 ml - SHOPATOA.COM<\/title>\n<meta name=\"robots\" content=\"index, follow, max-snippet:-1, max-image-preview:large, max-video-preview:-1\" \/>\n<link rel=\"canonical\" href=\"https:\/\/shopatoa.com\/ro\/ducray-crema-de-ochi-calmanta-dexyane-med-palpebral-treatment-for-eyelid-15-ml\/\" \/>\n<meta property=\"og:locale\" content=\"ro_RO\" \/>\n<meta property=\"og:type\" content=\"article\" \/>\n<meta property=\"og:title\" content=\"Ducray Crem\u0103 de ochi calmant\u0103 Dexyane MeD Palpebral (Treatment for Eyelid) 15 ml - SHOPATOA.COM\" \/>\n<meta property=\"og:description\" content=\"Crema este destinat\u0103 tratamentului eczemei atopice sau dermatitei de contact a pleoapelor. Formula sa ultrahidratant\u0103 ac\u021bioneaz\u0103 ca un plasture protector, care calmeaz\u0103 \u0219i reduce umfl\u0103turile, \u00een timp ce restabile\u0219te bariera cutanat\u0103. \u00cempiedic\u0103 bacteriile s\u0103 adere \u0219i reduce astfel riscul de infec\u021bie. Eficacitatea dovedit\u0103 clinic \u0219i toleran\u021ba excelent\u0103 a pielii o fac o solu\u021bia potrivit\u0103 pentru...\" \/>\n<meta property=\"og:url\" content=\"https:\/\/shopatoa.com\/ro\/ducray-crema-de-ochi-calmanta-dexyane-med-palpebral-treatment-for-eyelid-15-ml\/\" \/>\n<meta property=\"og:site_name\" content=\"SHOPATOA\" \/>\n<meta property=\"article:modified_time\" content=\"2025-10-23T20:45:53+00:00\" \/>\n<meta property=\"og:image\" content=\"https:\/\/storage.googleapis.com\/cz-shopatoa-img\/ro\/12d6f147-unnamed-file.webp\" \/>\n\t<meta property=\"og:image:width\" content=\"800\" \/>\n\t<meta property=\"og:image:height\" content=\"800\" \/>\n\t<meta property=\"og:image:type\" content=\"image\/webp\" \/>\n<meta name=\"twitter:card\" content=\"summary_large_image\" \/>\n<script type=\"application\/ld+json\" class=\"yoast-schema-graph\">{\"@context\":\"https:\\\/\\\/schema.org\",\"@graph\":[{\"@type\":\"WebPage\",\"@id\":\"https:\\\/\\\/shopatoa.com\\\/ro\\\/ducray-crema-de-ochi-calmanta-dexyane-med-palpebral-treatment-for-eyelid-15-ml\\\/\",\"url\":\"https:\\\/\\\/shopatoa.com\\\/ro\\\/ducray-crema-de-ochi-calmanta-dexyane-med-palpebral-treatment-for-eyelid-15-ml\\\/\",\"name\":\"Ducray Crem\u0103 de ochi calmant\u0103 Dexyane MeD Palpebral (Treatment for Eyelid) 15 ml - SHOPATOA.COM\",\"isPartOf\":{\"@id\":\"https:\\\/\\\/shopatoa.com\\\/ro\\\/#website\"},\"primaryImageOfPage\":{\"@id\":\"https:\\\/\\\/shopatoa.com\\\/ro\\\/ducray-crema-de-ochi-calmanta-dexyane-med-palpebral-treatment-for-eyelid-15-ml\\\/#primaryimage\"},\"image\":{\"@id\":\"https:\\\/\\\/shopatoa.com\\\/ro\\\/ducray-crema-de-ochi-calmanta-dexyane-med-palpebral-treatment-for-eyelid-15-ml\\\/#primaryimage\"},\"thumbnailUrl\":\"https:\\\/\\\/storage.googleapis.com\\\/cz-shopatoa-img\\\/ro\\\/12d6f147-unnamed-file.webp\",\"datePublished\":\"2025-04-30T18:17:03+00:00\",\"dateModified\":\"2025-10-23T20:45:53+00:00\",\"breadcrumb\":{\"@id\":\"https:\\\/\\\/shopatoa.com\\\/ro\\\/ducray-crema-de-ochi-calmanta-dexyane-med-palpebral-treatment-for-eyelid-15-ml\\\/#breadcrumb\"},\"inLanguage\":\"ro-RO\",\"potentialAction\":[{\"@type\":\"ReadAction\",\"target\":[\"https:\\\/\\\/shopatoa.com\\\/ro\\\/ducray-crema-de-ochi-calmanta-dexyane-med-palpebral-treatment-for-eyelid-15-ml\\\/\"]}]},{\"@type\":\"ImageObject\",\"inLanguage\":\"ro-RO\",\"@id\":\"https:\\\/\\\/shopatoa.com\\\/ro\\\/ducray-crema-de-ochi-calmanta-dexyane-med-palpebral-treatment-for-eyelid-15-ml\\\/#primaryimage\",\"url\":\"https:\\\/\\\/storage.googleapis.com\\\/cz-shopatoa-img\\\/ro\\\/12d6f147-unnamed-file.webp\",\"contentUrl\":\"https:\\\/\\\/storage.googleapis.com\\\/cz-shopatoa-img\\\/ro\\\/12d6f147-unnamed-file.webp\",\"width\":800,\"height\":800},{\"@type\":\"BreadcrumbList\",\"@id\":\"https:\\\/\\\/shopatoa.com\\\/ro\\\/ducray-crema-de-ochi-calmanta-dexyane-med-palpebral-treatment-for-eyelid-15-ml\\\/#breadcrumb\",\"itemListElement\":[{\"@type\":\"ListItem\",\"position\":1,\"name\":\"Dom\u016f\",\"item\":\"https:\\\/\\\/shopatoa.com\\\/ro\\\/\"},{\"@type\":\"ListItem\",\"position\":2,\"name\":\"Shop\",\"item\":\"https:\\\/\\\/shopatoa.com\\\/ro\\\/shop\\\/\"},{\"@type\":\"ListItem\",\"position\":3,\"name\":\"Cosmetice\",\"item\":\"https:\\\/\\\/shopatoa.com\\\/ro\\\/cosmetice\\\/\"},{\"@type\":\"ListItem\",\"position\":4,\"name\":\"Produse cosmetice pentru piele\",\"item\":\"https:\\\/\\\/shopatoa.com\\\/ro\\\/produse-cosmetice-pentru-piele\\\/\"},{\"@type\":\"ListItem\",\"position\":5,\"name\":\"\u00cengrijirea ochilor Cosmetic\u0103\",\"item\":\"https:\\\/\\\/shopatoa.com\\\/ro\\\/ingrijirea-ochilor-cosmetica\\\/\"},{\"@type\":\"ListItem\",\"position\":6,\"name\":\"Ducray Crem\u0103 de ochi calmant\u0103 Dexyane MeD Palpebral (Treatment for Eyelid) 15 ml\"}]},{\"@type\":\"WebSite\",\"@id\":\"https:\\\/\\\/shopatoa.com\\\/ro\\\/#website\",\"url\":\"https:\\\/\\\/shopatoa.com\\\/ro\\\/\",\"name\":\"SHOPATOA\",\"description\":\"\",\"publisher\":{\"@id\":\"https:\\\/\\\/shopatoa.com\\\/ro\\\/#organization\"},\"potentialAction\":[{\"@type\":\"SearchAction\",\"target\":{\"@type\":\"EntryPoint\",\"urlTemplate\":\"https:\\\/\\\/shopatoa.com\\\/ro\\\/?s={search_term_string}\"},\"query-input\":{\"@type\":\"PropertyValueSpecification\",\"valueRequired\":true,\"valueName\":\"search_term_string\"}}],\"inLanguage\":\"ro-RO\"},{\"@type\":\"Organization\",\"@id\":\"https:\\\/\\\/shopatoa.com\\\/ro\\\/#organization\",\"name\":\"SHOPATOA\",\"url\":\"https:\\\/\\\/shopatoa.com\\\/ro\\\/\",\"logo\":{\"@type\":\"ImageObject\",\"inLanguage\":\"ro-RO\",\"@id\":\"https:\\\/\\\/shopatoa.com\\\/ro\\\/#\\\/schema\\\/logo\\\/image\\\/\",\"url\":\"https:\\\/\\\/storage.googleapis.com\\\/cz-shopatoa-img\\\/ro\\\/b4dac915-shopatoa_logo.png\",\"contentUrl\":\"https:\\\/\\\/storage.googleapis.com\\\/cz-shopatoa-img\\\/ro\\\/b4dac915-shopatoa_logo.png\",\"width\":416,\"height\":63,\"caption\":\"SHOPATOA\"},\"image\":{\"@id\":\"https:\\\/\\\/shopatoa.com\\\/ro\\\/#\\\/schema\\\/logo\\\/image\\\/\"}}]}<\/script>\n<!-- \/ Yoast SEO plugin. -->","yoast_head_json":{"title":"Ducray Crem\u0103 de ochi calmant\u0103 Dexyane MeD Palpebral (Treatment for Eyelid) 15 ml - SHOPATOA.COM","robots":{"index":"index","follow":"follow","max-snippet":"max-snippet:-1","max-image-preview":"max-image-preview:large","max-video-preview":"max-video-preview:-1"},"canonical":"https:\/\/shopatoa.com\/ro\/ducray-crema-de-ochi-calmanta-dexyane-med-palpebral-treatment-for-eyelid-15-ml\/","og_locale":"ro_RO","og_type":"article","og_title":"Ducray Crem\u0103 de ochi calmant\u0103 Dexyane MeD Palpebral (Treatment for Eyelid) 15 ml - SHOPATOA.COM","og_description":"Crema este destinat\u0103 tratamentului eczemei atopice sau dermatitei de contact a pleoapelor. Formula sa ultrahidratant\u0103 ac\u021bioneaz\u0103 ca un plasture protector, care calmeaz\u0103 \u0219i reduce umfl\u0103turile, \u00een timp ce restabile\u0219te bariera cutanat\u0103. \u00cempiedic\u0103 bacteriile s\u0103 adere \u0219i reduce astfel riscul de infec\u021bie. Eficacitatea dovedit\u0103 clinic \u0219i toleran\u021ba excelent\u0103 a pielii o fac o solu\u021bia potrivit\u0103 pentru...","og_url":"https:\/\/shopatoa.com\/ro\/ducray-crema-de-ochi-calmanta-dexyane-med-palpebral-treatment-for-eyelid-15-ml\/","og_site_name":"SHOPATOA","article_modified_time":"2025-10-23T20:45:53+00:00","og_image":[{"width":800,"height":800,"url":"https:\/\/storage.googleapis.com\/cz-shopatoa-img\/ro\/12d6f147-unnamed-file.webp","type":"image\/webp"}],"twitter_card":"summary_large_image","schema":{"@context":"https:\/\/schema.org","@graph":[{"@type":"WebPage","@id":"https:\/\/shopatoa.com\/ro\/ducray-crema-de-ochi-calmanta-dexyane-med-palpebral-treatment-for-eyelid-15-ml\/","url":"https:\/\/shopatoa.com\/ro\/ducray-crema-de-ochi-calmanta-dexyane-med-palpebral-treatment-for-eyelid-15-ml\/","name":"Ducray Crem\u0103 de ochi calmant\u0103 Dexyane MeD Palpebral (Treatment for Eyelid) 15 ml - SHOPATOA.COM","isPartOf":{"@id":"https:\/\/shopatoa.com\/ro\/#website"},"primaryImageOfPage":{"@id":"https:\/\/shopatoa.com\/ro\/ducray-crema-de-ochi-calmanta-dexyane-med-palpebral-treatment-for-eyelid-15-ml\/#primaryimage"},"image":{"@id":"https:\/\/shopatoa.com\/ro\/ducray-crema-de-ochi-calmanta-dexyane-med-palpebral-treatment-for-eyelid-15-ml\/#primaryimage"},"thumbnailUrl":"https:\/\/storage.googleapis.com\/cz-shopatoa-img\/ro\/12d6f147-unnamed-file.webp","datePublished":"2025-04-30T18:17:03+00:00","dateModified":"2025-10-23T20:45:53+00:00","breadcrumb":{"@id":"https:\/\/shopatoa.com\/ro\/ducray-crema-de-ochi-calmanta-dexyane-med-palpebral-treatment-for-eyelid-15-ml\/#breadcrumb"},"inLanguage":"ro-RO","potentialAction":[{"@type":"ReadAction","target":["https:\/\/shopatoa.com\/ro\/ducray-crema-de-ochi-calmanta-dexyane-med-palpebral-treatment-for-eyelid-15-ml\/"]}]},{"@type":"ImageObject","inLanguage":"ro-RO","@id":"https:\/\/shopatoa.com\/ro\/ducray-crema-de-ochi-calmanta-dexyane-med-palpebral-treatment-for-eyelid-15-ml\/#primaryimage","url":"https:\/\/storage.googleapis.com\/cz-shopatoa-img\/ro\/12d6f147-unnamed-file.webp","contentUrl":"https:\/\/storage.googleapis.com\/cz-shopatoa-img\/ro\/12d6f147-unnamed-file.webp","width":800,"height":800},{"@type":"BreadcrumbList","@id":"https:\/\/shopatoa.com\/ro\/ducray-crema-de-ochi-calmanta-dexyane-med-palpebral-treatment-for-eyelid-15-ml\/#breadcrumb","itemListElement":[{"@type":"ListItem","position":1,"name":"Dom\u016f","item":"https:\/\/shopatoa.com\/ro\/"},{"@type":"ListItem","position":2,"name":"Shop","item":"https:\/\/shopatoa.com\/ro\/shop\/"},{"@type":"ListItem","position":3,"name":"Cosmetice","item":"https:\/\/shopatoa.com\/ro\/cosmetice\/"},{"@type":"ListItem","position":4,"name":"Produse cosmetice pentru piele","item":"https:\/\/shopatoa.com\/ro\/produse-cosmetice-pentru-piele\/"},{"@type":"ListItem","position":5,"name":"\u00cengrijirea ochilor Cosmetic\u0103","item":"https:\/\/shopatoa.com\/ro\/ingrijirea-ochilor-cosmetica\/"},{"@type":"ListItem","position":6,"name":"Ducray Crem\u0103 de ochi calmant\u0103 Dexyane MeD Palpebral (Treatment for Eyelid) 15 ml"}]},{"@type":"WebSite","@id":"https:\/\/shopatoa.com\/ro\/#website","url":"https:\/\/shopatoa.com\/ro\/","name":"SHOPATOA","description":"","publisher":{"@id":"https:\/\/shopatoa.com\/ro\/#organization"},"potentialAction":[{"@type":"SearchAction","target":{"@type":"EntryPoint","urlTemplate":"https:\/\/shopatoa.com\/ro\/?s={search_term_string}"},"query-input":{"@type":"PropertyValueSpecification","valueRequired":true,"valueName":"search_term_string"}}],"inLanguage":"ro-RO"},{"@type":"Organization","@id":"https:\/\/shopatoa.com\/ro\/#organization","name":"SHOPATOA","url":"https:\/\/shopatoa.com\/ro\/","logo":{"@type":"ImageObject","inLanguage":"ro-RO","@id":"https:\/\/shopatoa.com\/ro\/#\/schema\/logo\/image\/","url":"https:\/\/storage.googleapis.com\/cz-shopatoa-img\/ro\/b4dac915-shopatoa_logo.png","contentUrl":"https:\/\/storage.googleapis.com\/cz-shopatoa-img\/ro\/b4dac915-shopatoa_logo.png","width":416,"height":63,"caption":"SHOPATOA"},"image":{"@id":"https:\/\/shopatoa.com\/ro\/#\/schema\/logo\/image\/"}}]}},"_links":{"self":[{"href":"https:\/\/shopatoa.com\/ro\/wp-json\/wp\/v2\/product\/281377","targetHints":{"allow":["GET"]}}],"collection":[{"href":"https:\/\/shopatoa.com\/ro\/wp-json\/wp\/v2\/product"}],"about":[{"href":"https:\/\/shopatoa.com\/ro\/wp-json\/wp\/v2\/types\/product"}],"replies":[{"embeddable":true,"href":"https:\/\/shopatoa.com\/ro\/wp-json\/wp\/v2\/comments?post=281377"}],"wp:featuredmedia":[{"embeddable":true,"href":"https:\/\/shopatoa.com\/ro\/wp-json\/wp\/v2\/media\/281379"}],"wp:attachment":[{"href":"https:\/\/shopatoa.com\/ro\/wp-json\/wp\/v2\/media?parent=281377"}],"wp:term":[{"taxonomy":"product_brand","embeddable":true,"href":"https:\/\/shopatoa.com\/ro\/wp-json\/wp\/v2\/product_brand?post=281377"},{"taxonomy":"product_cat","embeddable":true,"href":"https:\/\/shopatoa.com\/ro\/wp-json\/wp\/v2\/product_cat?post=281377"},{"taxonomy":"product_tag","embeddable":true,"href":"https:\/\/shopatoa.com\/ro\/wp-json\/wp\/v2\/product_tag?post=281377"}],"curies":[{"name":"wp","href":"https:\/\/api.w.org\/{rel}","templated":true}]}}