{"id":281452,"date":"2025-04-30T20:26:31","date_gmt":"2025-04-30T18:26:31","guid":{"rendered":"https:\/\/shopatoa.com\/ro\/scholl-bile-reimprospatoare-pentru-incaltaminte-shoe-deo-balls-4-buc\/"},"modified":"2025-12-11T17:13:41","modified_gmt":"2025-12-11T16:13:41","slug":"scholl-bile-reimprospatoare-pentru-incaltaminte-shoe-deo-balls-4-buc","status":"publish","type":"product","link":"https:\/\/shopatoa.com\/ro\/scholl-bile-reimprospatoare-pentru-incaltaminte-shoe-deo-balls-4-buc\/","title":{"rendered":"Scholl Bile re\u00eemprosp\u0103toare pentru \u00eenc\u0103l\u021b\u0103minte (Shoe Deo Balls) 4 buc"},"content":{"rendered":"<p>Bilele pentru pantofi sunt solu\u021bia ideal\u0103 pentru re\u00eemprosp\u0103tarea rapid\u0103 \u0219i de lung\u0103 durat\u0103 a pantofilor, echipamentelor sportive \u0219i gen\u021bilor. Dimensiunea compact\u0103 \u00eel face u\u0219or de introdus \u00een spa\u021bii \u00eenguste unde odorizantele tradi\u021bionale nu func\u021bioneaz\u0103, cum ar fi pantofi, rucsacuri, dulapuri sau gen\u021bi de sport. Bilele sunt reutilizabile, asigur\u00e2nd controlul mirosurilor pe termen lung oriunde ave\u021bi nevoie.<\/p>\n","protected":false},"excerpt":{"rendered":"<p>Bilele pentru pantofi sunt solu\u021bia ideal\u0103 pentru re\u00eemprosp\u0103tarea rapid\u0103 \u0219i de lung\u0103 durat\u0103 a pantofilor, echipamentelor sportive \u0219i gen\u021bilor. Dimensiunea compact\u0103 \u00eel face u\u0219or de introdus \u00een spa\u021bii \u00eenguste unde odorizantele tradi\u021bionale nu func\u021bioneaz\u0103, cum ar fi pantofi, rucsacuri, dulapuri sau gen\u021bi de sport. Bilele sunt reutilizabile, asigur\u00e2nd controlul mirosurilor pe termen lung oriunde ave\u021bi&#8230;<\/p>\n","protected":false},"featured_media":281455,"comment_status":"closed","ping_status":"open","template":"","meta":{"_acf_changed":false,"_kadence_starter_templates_imported_post":false,"_kad_post_transparent":"","_kad_post_title":"","_kad_post_layout":"","_kad_post_sidebar_id":"","_kad_post_content_style":"","_kad_post_vertical_padding":"","_kad_post_feature":"","_kad_post_feature_position":"","_kad_post_header":false,"_kad_post_footer":false,"_kad_post_classname":""},"product_brand":[800],"product_cat":[246,611,730],"product_tag":[],"class_list":{"0":"post-281452","1":"product","2":"type-product","3":"status-publish","4":"has-post-thumbnail","6":"product_brand-scholl","7":"product_cat-cosmetice","8":"product_cat-produse-cosmetice-pentru-corp","9":"product_cat-produse-cosmetice-pentru-ingrijirea-picioarelor","11":"first","12":"instock","13":"sale","14":"product-type-external","15":"entry","16":"content-bg","17":"loop-entry"},"acf":[],"yoast_head":"<!-- This site is optimized with the Yoast SEO plugin v27.4 - https:\/\/yoast.com\/product\/yoast-seo-wordpress\/ -->\n<title>Scholl Bile re\u00eemprosp\u0103toare pentru \u00eenc\u0103l\u021b\u0103minte (Shoe Deo Balls) 4 buc - SHOPATOA.COM<\/title>\n<meta name=\"robots\" content=\"index, follow, max-snippet:-1, max-image-preview:large, max-video-preview:-1\" \/>\n<link rel=\"canonical\" href=\"https:\/\/shopatoa.com\/ro\/scholl-bile-reimprospatoare-pentru-incaltaminte-shoe-deo-balls-4-buc\/\" \/>\n<meta property=\"og:locale\" content=\"ro_RO\" \/>\n<meta property=\"og:type\" content=\"article\" \/>\n<meta property=\"og:title\" content=\"Scholl Bile re\u00eemprosp\u0103toare pentru \u00eenc\u0103l\u021b\u0103minte (Shoe Deo Balls) 4 buc - SHOPATOA.COM\" \/>\n<meta property=\"og:description\" content=\"Bilele pentru pantofi sunt solu\u021bia ideal\u0103 pentru re\u00eemprosp\u0103tarea rapid\u0103 \u0219i de lung\u0103 durat\u0103 a pantofilor, echipamentelor sportive \u0219i gen\u021bilor. Dimensiunea compact\u0103 \u00eel face u\u0219or de introdus \u00een spa\u021bii \u00eenguste unde odorizantele tradi\u021bionale nu func\u021bioneaz\u0103, cum ar fi pantofi, rucsacuri, dulapuri sau gen\u021bi de sport. Bilele sunt reutilizabile, asigur\u00e2nd controlul mirosurilor pe termen lung oriunde ave\u021bi...\" \/>\n<meta property=\"og:url\" content=\"https:\/\/shopatoa.com\/ro\/scholl-bile-reimprospatoare-pentru-incaltaminte-shoe-deo-balls-4-buc\/\" \/>\n<meta property=\"og:site_name\" content=\"SHOPATOA\" \/>\n<meta property=\"article:modified_time\" content=\"2025-12-11T16:13:41+00:00\" \/>\n<meta property=\"og:image\" content=\"https:\/\/storage.googleapis.com\/cz-shopatoa-img\/ro\/8d47d707-unnamed-file-1.webp\" \/>\n\t<meta property=\"og:image:width\" content=\"800\" \/>\n\t<meta property=\"og:image:height\" content=\"800\" \/>\n\t<meta property=\"og:image:type\" content=\"image\/webp\" \/>\n<meta name=\"twitter:card\" content=\"summary_large_image\" \/>\n<script type=\"application\/ld+json\" class=\"yoast-schema-graph\">{\"@context\":\"https:\\\/\\\/schema.org\",\"@graph\":[{\"@type\":\"WebPage\",\"@id\":\"https:\\\/\\\/shopatoa.com\\\/ro\\\/scholl-bile-reimprospatoare-pentru-incaltaminte-shoe-deo-balls-4-buc\\\/\",\"url\":\"https:\\\/\\\/shopatoa.com\\\/ro\\\/scholl-bile-reimprospatoare-pentru-incaltaminte-shoe-deo-balls-4-buc\\\/\",\"name\":\"Scholl Bile re\u00eemprosp\u0103toare pentru \u00eenc\u0103l\u021b\u0103minte (Shoe Deo Balls) 4 buc - SHOPATOA.COM\",\"isPartOf\":{\"@id\":\"https:\\\/\\\/shopatoa.com\\\/ro\\\/#website\"},\"primaryImageOfPage\":{\"@id\":\"https:\\\/\\\/shopatoa.com\\\/ro\\\/scholl-bile-reimprospatoare-pentru-incaltaminte-shoe-deo-balls-4-buc\\\/#primaryimage\"},\"image\":{\"@id\":\"https:\\\/\\\/shopatoa.com\\\/ro\\\/scholl-bile-reimprospatoare-pentru-incaltaminte-shoe-deo-balls-4-buc\\\/#primaryimage\"},\"thumbnailUrl\":\"https:\\\/\\\/storage.googleapis.com\\\/cz-shopatoa-img\\\/ro\\\/8d47d707-unnamed-file-1.webp\",\"datePublished\":\"2025-04-30T18:26:31+00:00\",\"dateModified\":\"2025-12-11T16:13:41+00:00\",\"breadcrumb\":{\"@id\":\"https:\\\/\\\/shopatoa.com\\\/ro\\\/scholl-bile-reimprospatoare-pentru-incaltaminte-shoe-deo-balls-4-buc\\\/#breadcrumb\"},\"inLanguage\":\"ro-RO\",\"potentialAction\":[{\"@type\":\"ReadAction\",\"target\":[\"https:\\\/\\\/shopatoa.com\\\/ro\\\/scholl-bile-reimprospatoare-pentru-incaltaminte-shoe-deo-balls-4-buc\\\/\"]}]},{\"@type\":\"ImageObject\",\"inLanguage\":\"ro-RO\",\"@id\":\"https:\\\/\\\/shopatoa.com\\\/ro\\\/scholl-bile-reimprospatoare-pentru-incaltaminte-shoe-deo-balls-4-buc\\\/#primaryimage\",\"url\":\"https:\\\/\\\/storage.googleapis.com\\\/cz-shopatoa-img\\\/ro\\\/8d47d707-unnamed-file-1.webp\",\"contentUrl\":\"https:\\\/\\\/storage.googleapis.com\\\/cz-shopatoa-img\\\/ro\\\/8d47d707-unnamed-file-1.webp\",\"width\":800,\"height\":800},{\"@type\":\"BreadcrumbList\",\"@id\":\"https:\\\/\\\/shopatoa.com\\\/ro\\\/scholl-bile-reimprospatoare-pentru-incaltaminte-shoe-deo-balls-4-buc\\\/#breadcrumb\",\"itemListElement\":[{\"@type\":\"ListItem\",\"position\":1,\"name\":\"Dom\u016f\",\"item\":\"https:\\\/\\\/shopatoa.com\\\/ro\\\/\"},{\"@type\":\"ListItem\",\"position\":2,\"name\":\"Shop\",\"item\":\"https:\\\/\\\/shopatoa.com\\\/ro\\\/shop\\\/\"},{\"@type\":\"ListItem\",\"position\":3,\"name\":\"Cosmetice\",\"item\":\"https:\\\/\\\/shopatoa.com\\\/ro\\\/cosmetice\\\/\"},{\"@type\":\"ListItem\",\"position\":4,\"name\":\"Produse cosmetice pentru corp\",\"item\":\"https:\\\/\\\/shopatoa.com\\\/ro\\\/produse-cosmetice-pentru-corp\\\/\"},{\"@type\":\"ListItem\",\"position\":5,\"name\":\"Produse cosmetice pentru \u00eengrijirea picioarelor\",\"item\":\"https:\\\/\\\/shopatoa.com\\\/ro\\\/produse-cosmetice-pentru-ingrijirea-picioarelor\\\/\"},{\"@type\":\"ListItem\",\"position\":6,\"name\":\"Scholl Bile re\u00eemprosp\u0103toare pentru \u00eenc\u0103l\u021b\u0103minte (Shoe Deo Balls) 4 buc\"}]},{\"@type\":\"WebSite\",\"@id\":\"https:\\\/\\\/shopatoa.com\\\/ro\\\/#website\",\"url\":\"https:\\\/\\\/shopatoa.com\\\/ro\\\/\",\"name\":\"SHOPATOA\",\"description\":\"\",\"publisher\":{\"@id\":\"https:\\\/\\\/shopatoa.com\\\/ro\\\/#organization\"},\"potentialAction\":[{\"@type\":\"SearchAction\",\"target\":{\"@type\":\"EntryPoint\",\"urlTemplate\":\"https:\\\/\\\/shopatoa.com\\\/ro\\\/?s={search_term_string}\"},\"query-input\":{\"@type\":\"PropertyValueSpecification\",\"valueRequired\":true,\"valueName\":\"search_term_string\"}}],\"inLanguage\":\"ro-RO\"},{\"@type\":\"Organization\",\"@id\":\"https:\\\/\\\/shopatoa.com\\\/ro\\\/#organization\",\"name\":\"SHOPATOA\",\"url\":\"https:\\\/\\\/shopatoa.com\\\/ro\\\/\",\"logo\":{\"@type\":\"ImageObject\",\"inLanguage\":\"ro-RO\",\"@id\":\"https:\\\/\\\/shopatoa.com\\\/ro\\\/#\\\/schema\\\/logo\\\/image\\\/\",\"url\":\"https:\\\/\\\/storage.googleapis.com\\\/cz-shopatoa-img\\\/ro\\\/b4dac915-shopatoa_logo.png\",\"contentUrl\":\"https:\\\/\\\/storage.googleapis.com\\\/cz-shopatoa-img\\\/ro\\\/b4dac915-shopatoa_logo.png\",\"width\":416,\"height\":63,\"caption\":\"SHOPATOA\"},\"image\":{\"@id\":\"https:\\\/\\\/shopatoa.com\\\/ro\\\/#\\\/schema\\\/logo\\\/image\\\/\"}}]}<\/script>\n<!-- \/ Yoast SEO plugin. -->","yoast_head_json":{"title":"Scholl Bile re\u00eemprosp\u0103toare pentru \u00eenc\u0103l\u021b\u0103minte (Shoe Deo Balls) 4 buc - SHOPATOA.COM","robots":{"index":"index","follow":"follow","max-snippet":"max-snippet:-1","max-image-preview":"max-image-preview:large","max-video-preview":"max-video-preview:-1"},"canonical":"https:\/\/shopatoa.com\/ro\/scholl-bile-reimprospatoare-pentru-incaltaminte-shoe-deo-balls-4-buc\/","og_locale":"ro_RO","og_type":"article","og_title":"Scholl Bile re\u00eemprosp\u0103toare pentru \u00eenc\u0103l\u021b\u0103minte (Shoe Deo Balls) 4 buc - SHOPATOA.COM","og_description":"Bilele pentru pantofi sunt solu\u021bia ideal\u0103 pentru re\u00eemprosp\u0103tarea rapid\u0103 \u0219i de lung\u0103 durat\u0103 a pantofilor, echipamentelor sportive \u0219i gen\u021bilor. Dimensiunea compact\u0103 \u00eel face u\u0219or de introdus \u00een spa\u021bii \u00eenguste unde odorizantele tradi\u021bionale nu func\u021bioneaz\u0103, cum ar fi pantofi, rucsacuri, dulapuri sau gen\u021bi de sport. Bilele sunt reutilizabile, asigur\u00e2nd controlul mirosurilor pe termen lung oriunde ave\u021bi...","og_url":"https:\/\/shopatoa.com\/ro\/scholl-bile-reimprospatoare-pentru-incaltaminte-shoe-deo-balls-4-buc\/","og_site_name":"SHOPATOA","article_modified_time":"2025-12-11T16:13:41+00:00","og_image":[{"width":800,"height":800,"url":"https:\/\/storage.googleapis.com\/cz-shopatoa-img\/ro\/8d47d707-unnamed-file-1.webp","type":"image\/webp"}],"twitter_card":"summary_large_image","schema":{"@context":"https:\/\/schema.org","@graph":[{"@type":"WebPage","@id":"https:\/\/shopatoa.com\/ro\/scholl-bile-reimprospatoare-pentru-incaltaminte-shoe-deo-balls-4-buc\/","url":"https:\/\/shopatoa.com\/ro\/scholl-bile-reimprospatoare-pentru-incaltaminte-shoe-deo-balls-4-buc\/","name":"Scholl Bile re\u00eemprosp\u0103toare pentru \u00eenc\u0103l\u021b\u0103minte (Shoe Deo Balls) 4 buc - SHOPATOA.COM","isPartOf":{"@id":"https:\/\/shopatoa.com\/ro\/#website"},"primaryImageOfPage":{"@id":"https:\/\/shopatoa.com\/ro\/scholl-bile-reimprospatoare-pentru-incaltaminte-shoe-deo-balls-4-buc\/#primaryimage"},"image":{"@id":"https:\/\/shopatoa.com\/ro\/scholl-bile-reimprospatoare-pentru-incaltaminte-shoe-deo-balls-4-buc\/#primaryimage"},"thumbnailUrl":"https:\/\/storage.googleapis.com\/cz-shopatoa-img\/ro\/8d47d707-unnamed-file-1.webp","datePublished":"2025-04-30T18:26:31+00:00","dateModified":"2025-12-11T16:13:41+00:00","breadcrumb":{"@id":"https:\/\/shopatoa.com\/ro\/scholl-bile-reimprospatoare-pentru-incaltaminte-shoe-deo-balls-4-buc\/#breadcrumb"},"inLanguage":"ro-RO","potentialAction":[{"@type":"ReadAction","target":["https:\/\/shopatoa.com\/ro\/scholl-bile-reimprospatoare-pentru-incaltaminte-shoe-deo-balls-4-buc\/"]}]},{"@type":"ImageObject","inLanguage":"ro-RO","@id":"https:\/\/shopatoa.com\/ro\/scholl-bile-reimprospatoare-pentru-incaltaminte-shoe-deo-balls-4-buc\/#primaryimage","url":"https:\/\/storage.googleapis.com\/cz-shopatoa-img\/ro\/8d47d707-unnamed-file-1.webp","contentUrl":"https:\/\/storage.googleapis.com\/cz-shopatoa-img\/ro\/8d47d707-unnamed-file-1.webp","width":800,"height":800},{"@type":"BreadcrumbList","@id":"https:\/\/shopatoa.com\/ro\/scholl-bile-reimprospatoare-pentru-incaltaminte-shoe-deo-balls-4-buc\/#breadcrumb","itemListElement":[{"@type":"ListItem","position":1,"name":"Dom\u016f","item":"https:\/\/shopatoa.com\/ro\/"},{"@type":"ListItem","position":2,"name":"Shop","item":"https:\/\/shopatoa.com\/ro\/shop\/"},{"@type":"ListItem","position":3,"name":"Cosmetice","item":"https:\/\/shopatoa.com\/ro\/cosmetice\/"},{"@type":"ListItem","position":4,"name":"Produse cosmetice pentru corp","item":"https:\/\/shopatoa.com\/ro\/produse-cosmetice-pentru-corp\/"},{"@type":"ListItem","position":5,"name":"Produse cosmetice pentru \u00eengrijirea picioarelor","item":"https:\/\/shopatoa.com\/ro\/produse-cosmetice-pentru-ingrijirea-picioarelor\/"},{"@type":"ListItem","position":6,"name":"Scholl Bile re\u00eemprosp\u0103toare pentru \u00eenc\u0103l\u021b\u0103minte (Shoe Deo Balls) 4 buc"}]},{"@type":"WebSite","@id":"https:\/\/shopatoa.com\/ro\/#website","url":"https:\/\/shopatoa.com\/ro\/","name":"SHOPATOA","description":"","publisher":{"@id":"https:\/\/shopatoa.com\/ro\/#organization"},"potentialAction":[{"@type":"SearchAction","target":{"@type":"EntryPoint","urlTemplate":"https:\/\/shopatoa.com\/ro\/?s={search_term_string}"},"query-input":{"@type":"PropertyValueSpecification","valueRequired":true,"valueName":"search_term_string"}}],"inLanguage":"ro-RO"},{"@type":"Organization","@id":"https:\/\/shopatoa.com\/ro\/#organization","name":"SHOPATOA","url":"https:\/\/shopatoa.com\/ro\/","logo":{"@type":"ImageObject","inLanguage":"ro-RO","@id":"https:\/\/shopatoa.com\/ro\/#\/schema\/logo\/image\/","url":"https:\/\/storage.googleapis.com\/cz-shopatoa-img\/ro\/b4dac915-shopatoa_logo.png","contentUrl":"https:\/\/storage.googleapis.com\/cz-shopatoa-img\/ro\/b4dac915-shopatoa_logo.png","width":416,"height":63,"caption":"SHOPATOA"},"image":{"@id":"https:\/\/shopatoa.com\/ro\/#\/schema\/logo\/image\/"}}]}},"_links":{"self":[{"href":"https:\/\/shopatoa.com\/ro\/wp-json\/wp\/v2\/product\/281452","targetHints":{"allow":["GET"]}}],"collection":[{"href":"https:\/\/shopatoa.com\/ro\/wp-json\/wp\/v2\/product"}],"about":[{"href":"https:\/\/shopatoa.com\/ro\/wp-json\/wp\/v2\/types\/product"}],"replies":[{"embeddable":true,"href":"https:\/\/shopatoa.com\/ro\/wp-json\/wp\/v2\/comments?post=281452"}],"wp:featuredmedia":[{"embeddable":true,"href":"https:\/\/shopatoa.com\/ro\/wp-json\/wp\/v2\/media\/281455"}],"wp:attachment":[{"href":"https:\/\/shopatoa.com\/ro\/wp-json\/wp\/v2\/media?parent=281452"}],"wp:term":[{"taxonomy":"product_brand","embeddable":true,"href":"https:\/\/shopatoa.com\/ro\/wp-json\/wp\/v2\/product_brand?post=281452"},{"taxonomy":"product_cat","embeddable":true,"href":"https:\/\/shopatoa.com\/ro\/wp-json\/wp\/v2\/product_cat?post=281452"},{"taxonomy":"product_tag","embeddable":true,"href":"https:\/\/shopatoa.com\/ro\/wp-json\/wp\/v2\/product_tag?post=281452"}],"curies":[{"name":"wp","href":"https:\/\/api.w.org\/{rel}","templated":true}]}}