{"id":281473,"date":"2025-04-30T20:30:38","date_gmt":"2025-04-30T18:30:38","guid":{"rendered":"https:\/\/shopatoa.com\/ro\/biotrade-lotiune-tonica-matifianta-pentru-ten-gras-si-problematic-acnaut-mattifying-tonic-60-ml\/"},"modified":"2025-12-11T17:13:27","modified_gmt":"2025-12-11T16:13:27","slug":"biotrade-lotiune-tonica-matifianta-pentru-ten-gras-si-problematic-acnaut-mattifying-tonic-60-ml","status":"publish","type":"product","link":"https:\/\/shopatoa.com\/ro\/biotrade-lotiune-tonica-matifianta-pentru-ten-gras-si-problematic-acnaut-mattifying-tonic-60-ml\/","title":{"rendered":"Biotrade Lo\u021biune tonic\u0103 matifiant\u0103 pentru ten gras \u0219i problematic Acnaut (Mattifying Tonic) 60 ml"},"content":{"rendered":"<p>Lo\u021biunea tonic\u0103 matifiant\u0103 regleaz\u0103 eficient produc\u021bia de sebum, previne \u00eenfundarea porilor \u0219i ajut\u0103 la men\u021binerea pielii proaspete \u0219i unificate. Este ideal\u0103 pentru pielea gras\u0103 \u0219i problematic\u0103, \u00een special \u00een timpul pubert\u0103\u021bii, c\u00e2nd este predispus\u0103 la apari\u021bia acneei. Datorit\u0103 compozi\u021biei sale, este, de asemenea, potrivit\u0103 pentru \u00eengrijirea zilnic\u0103 dup\u0103 tratamentul acneei pe fa\u021b\u0103 \u0219i corp. Lo\u021biunea tonic\u0103 ofer\u0103 un efect matifiant de lung\u0103 durat\u0103, fiind un pas excelent \u00eenainte de aplicarea machiajului. Ajut\u0103 la unificarea, protejarea \u0219i preg\u0103tirea pielii pentru \u00eengrijirea ulterioar\u0103 sau machiaj.<\/p>\n","protected":false},"excerpt":{"rendered":"<p>Lo\u021biunea tonic\u0103 matifiant\u0103 regleaz\u0103 eficient produc\u021bia de sebum, previne \u00eenfundarea porilor \u0219i ajut\u0103 la men\u021binerea pielii proaspete \u0219i unificate. Este ideal\u0103 pentru pielea gras\u0103 \u0219i problematic\u0103, \u00een special \u00een timpul pubert\u0103\u021bii, c\u00e2nd este predispus\u0103 la apari\u021bia acneei. Datorit\u0103 compozi\u021biei sale, este, de asemenea, potrivit\u0103 pentru \u00eengrijirea zilnic\u0103 dup\u0103 tratamentul acneei pe fa\u021b\u0103 \u0219i corp. Lo\u021biunea&#8230;<\/p>\n","protected":false},"featured_media":281474,"comment_status":"closed","ping_status":"open","template":"","meta":{"_acf_changed":false,"_kadence_starter_templates_imported_post":false,"_kad_post_transparent":"","_kad_post_title":"","_kad_post_layout":"","_kad_post_sidebar_id":"","_kad_post_content_style":"","_kad_post_vertical_padding":"","_kad_post_feature":"","_kad_post_feature_position":"","_kad_post_header":false,"_kad_post_footer":false,"_kad_post_classname":""},"product_brand":[980],"product_cat":[246,713,634,633],"product_tag":[],"class_list":{"0":"post-281473","1":"product","2":"type-product","3":"status-publish","4":"has-post-thumbnail","6":"product_brand-biotrade","7":"product_cat-cosmetice","8":"product_cat-pori-dilatati-acnee","9":"product_cat-produse-cosmetice-de-ingrijire-a-pielii","10":"product_cat-produse-cosmetice-pentru-piele","12":"first","13":"instock","14":"product-type-external","15":"entry","16":"content-bg","17":"loop-entry"},"acf":[],"yoast_head":"<!-- This site is optimized with the Yoast SEO plugin v27.3 - https:\/\/yoast.com\/product\/yoast-seo-wordpress\/ -->\n<title>Biotrade Lo\u021biune tonic\u0103 matifiant\u0103 pentru ten gras \u0219i problematic Acnaut (Mattifying Tonic) 60 ml - SHOPATOA.COM<\/title>\n<meta name=\"robots\" content=\"index, follow, max-snippet:-1, max-image-preview:large, max-video-preview:-1\" \/>\n<link rel=\"canonical\" href=\"https:\/\/shopatoa.com\/ro\/biotrade-lotiune-tonica-matifianta-pentru-ten-gras-si-problematic-acnaut-mattifying-tonic-60-ml\/\" \/>\n<meta property=\"og:locale\" content=\"ro_RO\" \/>\n<meta property=\"og:type\" content=\"article\" \/>\n<meta property=\"og:title\" content=\"Biotrade Lo\u021biune tonic\u0103 matifiant\u0103 pentru ten gras \u0219i problematic Acnaut (Mattifying Tonic) 60 ml - SHOPATOA.COM\" \/>\n<meta property=\"og:description\" content=\"Lo\u021biunea tonic\u0103 matifiant\u0103 regleaz\u0103 eficient produc\u021bia de sebum, previne \u00eenfundarea porilor \u0219i ajut\u0103 la men\u021binerea pielii proaspete \u0219i unificate. Este ideal\u0103 pentru pielea gras\u0103 \u0219i problematic\u0103, \u00een special \u00een timpul pubert\u0103\u021bii, c\u00e2nd este predispus\u0103 la apari\u021bia acneei. Datorit\u0103 compozi\u021biei sale, este, de asemenea, potrivit\u0103 pentru \u00eengrijirea zilnic\u0103 dup\u0103 tratamentul acneei pe fa\u021b\u0103 \u0219i corp. Lo\u021biunea...\" \/>\n<meta property=\"og:url\" content=\"https:\/\/shopatoa.com\/ro\/biotrade-lotiune-tonica-matifianta-pentru-ten-gras-si-problematic-acnaut-mattifying-tonic-60-ml\/\" \/>\n<meta property=\"og:site_name\" content=\"SHOPATOA\" \/>\n<meta property=\"article:modified_time\" content=\"2025-12-11T16:13:27+00:00\" \/>\n<meta property=\"og:image\" content=\"https:\/\/storage.googleapis.com\/cz-shopatoa-img\/ro\/f788140d-unnamed-file.webp\" \/>\n\t<meta property=\"og:image:width\" content=\"800\" \/>\n\t<meta property=\"og:image:height\" content=\"800\" \/>\n\t<meta property=\"og:image:type\" content=\"image\/webp\" \/>\n<meta name=\"twitter:card\" content=\"summary_large_image\" \/>\n<script type=\"application\/ld+json\" class=\"yoast-schema-graph\">{\"@context\":\"https:\\\/\\\/schema.org\",\"@graph\":[{\"@type\":\"WebPage\",\"@id\":\"https:\\\/\\\/shopatoa.com\\\/ro\\\/biotrade-lotiune-tonica-matifianta-pentru-ten-gras-si-problematic-acnaut-mattifying-tonic-60-ml\\\/\",\"url\":\"https:\\\/\\\/shopatoa.com\\\/ro\\\/biotrade-lotiune-tonica-matifianta-pentru-ten-gras-si-problematic-acnaut-mattifying-tonic-60-ml\\\/\",\"name\":\"Biotrade Lo\u021biune tonic\u0103 matifiant\u0103 pentru ten gras \u0219i problematic Acnaut (Mattifying Tonic) 60 ml - SHOPATOA.COM\",\"isPartOf\":{\"@id\":\"https:\\\/\\\/shopatoa.com\\\/ro\\\/#website\"},\"primaryImageOfPage\":{\"@id\":\"https:\\\/\\\/shopatoa.com\\\/ro\\\/biotrade-lotiune-tonica-matifianta-pentru-ten-gras-si-problematic-acnaut-mattifying-tonic-60-ml\\\/#primaryimage\"},\"image\":{\"@id\":\"https:\\\/\\\/shopatoa.com\\\/ro\\\/biotrade-lotiune-tonica-matifianta-pentru-ten-gras-si-problematic-acnaut-mattifying-tonic-60-ml\\\/#primaryimage\"},\"thumbnailUrl\":\"https:\\\/\\\/storage.googleapis.com\\\/cz-shopatoa-img\\\/ro\\\/f788140d-unnamed-file.webp\",\"datePublished\":\"2025-04-30T18:30:38+00:00\",\"dateModified\":\"2025-12-11T16:13:27+00:00\",\"breadcrumb\":{\"@id\":\"https:\\\/\\\/shopatoa.com\\\/ro\\\/biotrade-lotiune-tonica-matifianta-pentru-ten-gras-si-problematic-acnaut-mattifying-tonic-60-ml\\\/#breadcrumb\"},\"inLanguage\":\"ro-RO\",\"potentialAction\":[{\"@type\":\"ReadAction\",\"target\":[\"https:\\\/\\\/shopatoa.com\\\/ro\\\/biotrade-lotiune-tonica-matifianta-pentru-ten-gras-si-problematic-acnaut-mattifying-tonic-60-ml\\\/\"]}]},{\"@type\":\"ImageObject\",\"inLanguage\":\"ro-RO\",\"@id\":\"https:\\\/\\\/shopatoa.com\\\/ro\\\/biotrade-lotiune-tonica-matifianta-pentru-ten-gras-si-problematic-acnaut-mattifying-tonic-60-ml\\\/#primaryimage\",\"url\":\"https:\\\/\\\/storage.googleapis.com\\\/cz-shopatoa-img\\\/ro\\\/f788140d-unnamed-file.webp\",\"contentUrl\":\"https:\\\/\\\/storage.googleapis.com\\\/cz-shopatoa-img\\\/ro\\\/f788140d-unnamed-file.webp\",\"width\":800,\"height\":800},{\"@type\":\"BreadcrumbList\",\"@id\":\"https:\\\/\\\/shopatoa.com\\\/ro\\\/biotrade-lotiune-tonica-matifianta-pentru-ten-gras-si-problematic-acnaut-mattifying-tonic-60-ml\\\/#breadcrumb\",\"itemListElement\":[{\"@type\":\"ListItem\",\"position\":1,\"name\":\"Dom\u016f\",\"item\":\"https:\\\/\\\/shopatoa.com\\\/ro\\\/\"},{\"@type\":\"ListItem\",\"position\":2,\"name\":\"Shop\",\"item\":\"https:\\\/\\\/shopatoa.com\\\/ro\\\/shop\\\/\"},{\"@type\":\"ListItem\",\"position\":3,\"name\":\"Cosmetice\",\"item\":\"https:\\\/\\\/shopatoa.com\\\/ro\\\/cosmetice\\\/\"},{\"@type\":\"ListItem\",\"position\":4,\"name\":\"Produse cosmetice pentru piele\",\"item\":\"https:\\\/\\\/shopatoa.com\\\/ro\\\/produse-cosmetice-pentru-piele\\\/\"},{\"@type\":\"ListItem\",\"position\":5,\"name\":\"Produse cosmetice de \u00eengrijire a pielii\",\"item\":\"https:\\\/\\\/shopatoa.com\\\/ro\\\/produse-cosmetice-de-ingrijire-a-pielii\\\/\"},{\"@type\":\"ListItem\",\"position\":6,\"name\":\"Pori dilata\u021bi \\\/ Acnee\",\"item\":\"https:\\\/\\\/shopatoa.com\\\/ro\\\/pori-dilatati-acnee\\\/\"},{\"@type\":\"ListItem\",\"position\":7,\"name\":\"Biotrade Lo\u021biune tonic\u0103 matifiant\u0103 pentru ten gras \u0219i problematic Acnaut (Mattifying Tonic) 60 ml\"}]},{\"@type\":\"WebSite\",\"@id\":\"https:\\\/\\\/shopatoa.com\\\/ro\\\/#website\",\"url\":\"https:\\\/\\\/shopatoa.com\\\/ro\\\/\",\"name\":\"SHOPATOA\",\"description\":\"\",\"publisher\":{\"@id\":\"https:\\\/\\\/shopatoa.com\\\/ro\\\/#organization\"},\"potentialAction\":[{\"@type\":\"SearchAction\",\"target\":{\"@type\":\"EntryPoint\",\"urlTemplate\":\"https:\\\/\\\/shopatoa.com\\\/ro\\\/?s={search_term_string}\"},\"query-input\":{\"@type\":\"PropertyValueSpecification\",\"valueRequired\":true,\"valueName\":\"search_term_string\"}}],\"inLanguage\":\"ro-RO\"},{\"@type\":\"Organization\",\"@id\":\"https:\\\/\\\/shopatoa.com\\\/ro\\\/#organization\",\"name\":\"SHOPATOA\",\"url\":\"https:\\\/\\\/shopatoa.com\\\/ro\\\/\",\"logo\":{\"@type\":\"ImageObject\",\"inLanguage\":\"ro-RO\",\"@id\":\"https:\\\/\\\/shopatoa.com\\\/ro\\\/#\\\/schema\\\/logo\\\/image\\\/\",\"url\":\"https:\\\/\\\/storage.googleapis.com\\\/cz-shopatoa-img\\\/ro\\\/b4dac915-shopatoa_logo.png\",\"contentUrl\":\"https:\\\/\\\/storage.googleapis.com\\\/cz-shopatoa-img\\\/ro\\\/b4dac915-shopatoa_logo.png\",\"width\":416,\"height\":63,\"caption\":\"SHOPATOA\"},\"image\":{\"@id\":\"https:\\\/\\\/shopatoa.com\\\/ro\\\/#\\\/schema\\\/logo\\\/image\\\/\"}}]}<\/script>\n<!-- \/ Yoast SEO plugin. -->","yoast_head_json":{"title":"Biotrade Lo\u021biune tonic\u0103 matifiant\u0103 pentru ten gras \u0219i problematic Acnaut (Mattifying Tonic) 60 ml - SHOPATOA.COM","robots":{"index":"index","follow":"follow","max-snippet":"max-snippet:-1","max-image-preview":"max-image-preview:large","max-video-preview":"max-video-preview:-1"},"canonical":"https:\/\/shopatoa.com\/ro\/biotrade-lotiune-tonica-matifianta-pentru-ten-gras-si-problematic-acnaut-mattifying-tonic-60-ml\/","og_locale":"ro_RO","og_type":"article","og_title":"Biotrade Lo\u021biune tonic\u0103 matifiant\u0103 pentru ten gras \u0219i problematic Acnaut (Mattifying Tonic) 60 ml - SHOPATOA.COM","og_description":"Lo\u021biunea tonic\u0103 matifiant\u0103 regleaz\u0103 eficient produc\u021bia de sebum, previne \u00eenfundarea porilor \u0219i ajut\u0103 la men\u021binerea pielii proaspete \u0219i unificate. Este ideal\u0103 pentru pielea gras\u0103 \u0219i problematic\u0103, \u00een special \u00een timpul pubert\u0103\u021bii, c\u00e2nd este predispus\u0103 la apari\u021bia acneei. Datorit\u0103 compozi\u021biei sale, este, de asemenea, potrivit\u0103 pentru \u00eengrijirea zilnic\u0103 dup\u0103 tratamentul acneei pe fa\u021b\u0103 \u0219i corp. Lo\u021biunea...","og_url":"https:\/\/shopatoa.com\/ro\/biotrade-lotiune-tonica-matifianta-pentru-ten-gras-si-problematic-acnaut-mattifying-tonic-60-ml\/","og_site_name":"SHOPATOA","article_modified_time":"2025-12-11T16:13:27+00:00","og_image":[{"width":800,"height":800,"url":"https:\/\/storage.googleapis.com\/cz-shopatoa-img\/ro\/f788140d-unnamed-file.webp","type":"image\/webp"}],"twitter_card":"summary_large_image","schema":{"@context":"https:\/\/schema.org","@graph":[{"@type":"WebPage","@id":"https:\/\/shopatoa.com\/ro\/biotrade-lotiune-tonica-matifianta-pentru-ten-gras-si-problematic-acnaut-mattifying-tonic-60-ml\/","url":"https:\/\/shopatoa.com\/ro\/biotrade-lotiune-tonica-matifianta-pentru-ten-gras-si-problematic-acnaut-mattifying-tonic-60-ml\/","name":"Biotrade Lo\u021biune tonic\u0103 matifiant\u0103 pentru ten gras \u0219i problematic Acnaut (Mattifying Tonic) 60 ml - SHOPATOA.COM","isPartOf":{"@id":"https:\/\/shopatoa.com\/ro\/#website"},"primaryImageOfPage":{"@id":"https:\/\/shopatoa.com\/ro\/biotrade-lotiune-tonica-matifianta-pentru-ten-gras-si-problematic-acnaut-mattifying-tonic-60-ml\/#primaryimage"},"image":{"@id":"https:\/\/shopatoa.com\/ro\/biotrade-lotiune-tonica-matifianta-pentru-ten-gras-si-problematic-acnaut-mattifying-tonic-60-ml\/#primaryimage"},"thumbnailUrl":"https:\/\/storage.googleapis.com\/cz-shopatoa-img\/ro\/f788140d-unnamed-file.webp","datePublished":"2025-04-30T18:30:38+00:00","dateModified":"2025-12-11T16:13:27+00:00","breadcrumb":{"@id":"https:\/\/shopatoa.com\/ro\/biotrade-lotiune-tonica-matifianta-pentru-ten-gras-si-problematic-acnaut-mattifying-tonic-60-ml\/#breadcrumb"},"inLanguage":"ro-RO","potentialAction":[{"@type":"ReadAction","target":["https:\/\/shopatoa.com\/ro\/biotrade-lotiune-tonica-matifianta-pentru-ten-gras-si-problematic-acnaut-mattifying-tonic-60-ml\/"]}]},{"@type":"ImageObject","inLanguage":"ro-RO","@id":"https:\/\/shopatoa.com\/ro\/biotrade-lotiune-tonica-matifianta-pentru-ten-gras-si-problematic-acnaut-mattifying-tonic-60-ml\/#primaryimage","url":"https:\/\/storage.googleapis.com\/cz-shopatoa-img\/ro\/f788140d-unnamed-file.webp","contentUrl":"https:\/\/storage.googleapis.com\/cz-shopatoa-img\/ro\/f788140d-unnamed-file.webp","width":800,"height":800},{"@type":"BreadcrumbList","@id":"https:\/\/shopatoa.com\/ro\/biotrade-lotiune-tonica-matifianta-pentru-ten-gras-si-problematic-acnaut-mattifying-tonic-60-ml\/#breadcrumb","itemListElement":[{"@type":"ListItem","position":1,"name":"Dom\u016f","item":"https:\/\/shopatoa.com\/ro\/"},{"@type":"ListItem","position":2,"name":"Shop","item":"https:\/\/shopatoa.com\/ro\/shop\/"},{"@type":"ListItem","position":3,"name":"Cosmetice","item":"https:\/\/shopatoa.com\/ro\/cosmetice\/"},{"@type":"ListItem","position":4,"name":"Produse cosmetice pentru piele","item":"https:\/\/shopatoa.com\/ro\/produse-cosmetice-pentru-piele\/"},{"@type":"ListItem","position":5,"name":"Produse cosmetice de \u00eengrijire a pielii","item":"https:\/\/shopatoa.com\/ro\/produse-cosmetice-de-ingrijire-a-pielii\/"},{"@type":"ListItem","position":6,"name":"Pori dilata\u021bi \/ Acnee","item":"https:\/\/shopatoa.com\/ro\/pori-dilatati-acnee\/"},{"@type":"ListItem","position":7,"name":"Biotrade Lo\u021biune tonic\u0103 matifiant\u0103 pentru ten gras \u0219i problematic Acnaut (Mattifying Tonic) 60 ml"}]},{"@type":"WebSite","@id":"https:\/\/shopatoa.com\/ro\/#website","url":"https:\/\/shopatoa.com\/ro\/","name":"SHOPATOA","description":"","publisher":{"@id":"https:\/\/shopatoa.com\/ro\/#organization"},"potentialAction":[{"@type":"SearchAction","target":{"@type":"EntryPoint","urlTemplate":"https:\/\/shopatoa.com\/ro\/?s={search_term_string}"},"query-input":{"@type":"PropertyValueSpecification","valueRequired":true,"valueName":"search_term_string"}}],"inLanguage":"ro-RO"},{"@type":"Organization","@id":"https:\/\/shopatoa.com\/ro\/#organization","name":"SHOPATOA","url":"https:\/\/shopatoa.com\/ro\/","logo":{"@type":"ImageObject","inLanguage":"ro-RO","@id":"https:\/\/shopatoa.com\/ro\/#\/schema\/logo\/image\/","url":"https:\/\/storage.googleapis.com\/cz-shopatoa-img\/ro\/b4dac915-shopatoa_logo.png","contentUrl":"https:\/\/storage.googleapis.com\/cz-shopatoa-img\/ro\/b4dac915-shopatoa_logo.png","width":416,"height":63,"caption":"SHOPATOA"},"image":{"@id":"https:\/\/shopatoa.com\/ro\/#\/schema\/logo\/image\/"}}]}},"_links":{"self":[{"href":"https:\/\/shopatoa.com\/ro\/wp-json\/wp\/v2\/product\/281473","targetHints":{"allow":["GET"]}}],"collection":[{"href":"https:\/\/shopatoa.com\/ro\/wp-json\/wp\/v2\/product"}],"about":[{"href":"https:\/\/shopatoa.com\/ro\/wp-json\/wp\/v2\/types\/product"}],"replies":[{"embeddable":true,"href":"https:\/\/shopatoa.com\/ro\/wp-json\/wp\/v2\/comments?post=281473"}],"wp:featuredmedia":[{"embeddable":true,"href":"https:\/\/shopatoa.com\/ro\/wp-json\/wp\/v2\/media\/281474"}],"wp:attachment":[{"href":"https:\/\/shopatoa.com\/ro\/wp-json\/wp\/v2\/media?parent=281473"}],"wp:term":[{"taxonomy":"product_brand","embeddable":true,"href":"https:\/\/shopatoa.com\/ro\/wp-json\/wp\/v2\/product_brand?post=281473"},{"taxonomy":"product_cat","embeddable":true,"href":"https:\/\/shopatoa.com\/ro\/wp-json\/wp\/v2\/product_cat?post=281473"},{"taxonomy":"product_tag","embeddable":true,"href":"https:\/\/shopatoa.com\/ro\/wp-json\/wp\/v2\/product_tag?post=281473"}],"curies":[{"name":"wp","href":"https:\/\/api.w.org\/{rel}","templated":true}]}}