{"id":281681,"date":"2025-04-30T20:55:04","date_gmt":"2025-04-30T18:55:04","guid":{"rendered":"https:\/\/shopatoa.com\/ro\/cadu-crex-tratament-contra-inceputului-caderii-parului-pentru-femei-hair-loss-hssc-20-x-35-ml\/"},"modified":"2025-12-11T16:56:26","modified_gmt":"2025-12-11T15:56:26","slug":"cadu-crex-tratament-contra-inceputului-caderii-parului-pentru-femei-hair-loss-hssc-20-x-35-ml","status":"publish","type":"product","link":"https:\/\/shopatoa.com\/ro\/cadu-crex-tratament-contra-inceputului-caderii-parului-pentru-femei-hair-loss-hssc-20-x-35-ml\/","title":{"rendered":"Cadu-Crex Tratament contra \u00eenceputului c\u0103derii p\u0103rului pentru femei Hair Loss HSSC 20 x 3,5 ml"},"content":{"rendered":"<p>Cadu-Crex este un tratament cosmetic \u00eempotriva c\u0103derii p\u0103rului de uz local \u00een fiole care ajut\u0103 la reducerea c\u0103derii permanente \u0219i ocazionale a p\u0103rului \u0219i promoveaz\u0103 recre\u0219terea p\u0103rului. Cu tehnologie transdermic\u0103 care faciliteaz\u0103 p\u0103trunderea ingredientelor active prin deschiderile foliculare (at\u00e2t foliculii de p\u0103r individuali, c\u00e2t \u0219i insule de p\u0103r foliculare) \u0219i prin scalp. Fiolele sunt disponibile \u00een formul\u0103ri speciale pentru b\u0103rba\u021bi \u0219i femei \u0219i \u00een diferite concentra\u021bii pentru c\u0103derea precoce, avansat\u0103 sau sever\u0103 a p\u0103rului. C\u0103derea p\u0103rului este o afec\u021biune foarte frecvent\u0103 caracterizat\u0103 prin c\u0103derea unei cantit\u0103\u021bi mari de p\u0103r \u00eentr-o perioad\u0103 scurt\u0103 de timp. Pe parcursul vie\u021bii, majoritatea popula\u021biei se va confrunta cu problema c\u0103derii excesive a p\u0103rului. Cauzele c\u0103derii p\u0103rului sunt diferite pentru b\u0103rba\u021bi \u0219i femei. La femei, este adesea asociat\u0103 cu menopauz\u0103, al\u0103ptare sau dezechilibru hormonal, \u00een timp ce la b\u0103rba\u021bi este asociat\u0103 mai des cu apari\u021bia alopeciei androgene. Exist\u0103 \u00eens\u0103 factori care afecteaz\u0103 ambele sexe, iar unul dintre ei este, de exemplu, lipsa de vitamine, aminoacizi \u0219i s\u0103ruri minerale din alimenta\u021bie. Un alt factor care afecteaz\u0103 semnificativ c\u0103derea p\u0103rului este stresul. C\u00e2nd corpul este expus la stres excesiv, acesta tinde s\u0103 furnizeze mai pu\u021bin\u0103 energie \u0219i nutri\u021bie p\u0103rului, determin\u00e2ndu-l s\u0103 sl\u0103beasc\u0103 \u0219i s\u0103 cad\u0103.<\/p>\n","protected":false},"excerpt":{"rendered":"<p>Cadu-Crex este un tratament cosmetic \u00eempotriva c\u0103derii p\u0103rului de uz local \u00een fiole care ajut\u0103 la reducerea c\u0103derii permanente \u0219i ocazionale a p\u0103rului \u0219i promoveaz\u0103 recre\u0219terea p\u0103rului. Cu tehnologie transdermic\u0103 care faciliteaz\u0103 p\u0103trunderea ingredientelor active prin deschiderile foliculare (at\u00e2t foliculii de p\u0103r individuali, c\u00e2t \u0219i insule de p\u0103r foliculare) \u0219i prin scalp. Fiolele sunt disponibile&#8230;<\/p>\n","protected":false},"featured_media":281682,"comment_status":"closed","ping_status":"open","template":"","meta":{"_acf_changed":false,"_kadence_starter_templates_imported_post":false,"_kad_post_transparent":"","_kad_post_title":"","_kad_post_layout":"","_kad_post_sidebar_id":"","_kad_post_content_style":"","_kad_post_vertical_padding":"","_kad_post_feature":"","_kad_post_feature_position":"","_kad_post_header":false,"_kad_post_footer":false,"_kad_post_classname":""},"product_brand":[985],"product_cat":[680,246,623],"product_tag":[],"class_list":{"0":"post-281681","1":"product","2":"type-product","3":"status-publish","4":"has-post-thumbnail","6":"product_brand-cadu-crex","7":"product_cat-cosmetica-pentru-regenerarea-parului","8":"product_cat-cosmetice","9":"product_cat-produse-cosmetice-pentru-par","11":"first","12":"instock","13":"sale","14":"product-type-external","15":"entry","16":"content-bg","17":"loop-entry"},"acf":[],"yoast_head":"<!-- This site is optimized with the Yoast SEO plugin v27.4 - https:\/\/yoast.com\/product\/yoast-seo-wordpress\/ -->\n<title>Cadu-Crex Tratament contra \u00eenceputului c\u0103derii p\u0103rului pentru femei Hair Loss HSSC 20 x 3,5 ml - SHOPATOA.COM<\/title>\n<meta name=\"robots\" content=\"index, follow, max-snippet:-1, max-image-preview:large, max-video-preview:-1\" \/>\n<link rel=\"canonical\" href=\"https:\/\/shopatoa.com\/ro\/cadu-crex-tratament-contra-inceputului-caderii-parului-pentru-femei-hair-loss-hssc-20-x-35-ml\/\" \/>\n<meta property=\"og:locale\" content=\"ro_RO\" \/>\n<meta property=\"og:type\" content=\"article\" \/>\n<meta property=\"og:title\" content=\"Cadu-Crex Tratament contra \u00eenceputului c\u0103derii p\u0103rului pentru femei Hair Loss HSSC 20 x 3,5 ml - SHOPATOA.COM\" \/>\n<meta property=\"og:description\" content=\"Cadu-Crex este un tratament cosmetic \u00eempotriva c\u0103derii p\u0103rului de uz local \u00een fiole care ajut\u0103 la reducerea c\u0103derii permanente \u0219i ocazionale a p\u0103rului \u0219i promoveaz\u0103 recre\u0219terea p\u0103rului. Cu tehnologie transdermic\u0103 care faciliteaz\u0103 p\u0103trunderea ingredientelor active prin deschiderile foliculare (at\u00e2t foliculii de p\u0103r individuali, c\u00e2t \u0219i insule de p\u0103r foliculare) \u0219i prin scalp. Fiolele sunt disponibile...\" \/>\n<meta property=\"og:url\" content=\"https:\/\/shopatoa.com\/ro\/cadu-crex-tratament-contra-inceputului-caderii-parului-pentru-femei-hair-loss-hssc-20-x-35-ml\/\" \/>\n<meta property=\"og:site_name\" content=\"SHOPATOA\" \/>\n<meta property=\"article:modified_time\" content=\"2025-12-11T15:56:26+00:00\" \/>\n<meta property=\"og:image\" content=\"https:\/\/storage.googleapis.com\/cz-shopatoa-img\/ro\/0374cb63-unnamed-file.webp\" \/>\n\t<meta property=\"og:image:width\" content=\"800\" \/>\n\t<meta property=\"og:image:height\" content=\"800\" \/>\n\t<meta property=\"og:image:type\" content=\"image\/webp\" \/>\n<meta name=\"twitter:card\" content=\"summary_large_image\" \/>\n<meta name=\"twitter:label1\" content=\"Timp estimat pentru citire\" \/>\n\t<meta name=\"twitter:data1\" content=\"1 minut\" \/>\n<script type=\"application\/ld+json\" class=\"yoast-schema-graph\">{\"@context\":\"https:\\\/\\\/schema.org\",\"@graph\":[{\"@type\":\"WebPage\",\"@id\":\"https:\\\/\\\/shopatoa.com\\\/ro\\\/cadu-crex-tratament-contra-inceputului-caderii-parului-pentru-femei-hair-loss-hssc-20-x-35-ml\\\/\",\"url\":\"https:\\\/\\\/shopatoa.com\\\/ro\\\/cadu-crex-tratament-contra-inceputului-caderii-parului-pentru-femei-hair-loss-hssc-20-x-35-ml\\\/\",\"name\":\"Cadu-Crex Tratament contra \u00eenceputului c\u0103derii p\u0103rului pentru femei Hair Loss HSSC 20 x 3,5 ml - SHOPATOA.COM\",\"isPartOf\":{\"@id\":\"https:\\\/\\\/shopatoa.com\\\/ro\\\/#website\"},\"primaryImageOfPage\":{\"@id\":\"https:\\\/\\\/shopatoa.com\\\/ro\\\/cadu-crex-tratament-contra-inceputului-caderii-parului-pentru-femei-hair-loss-hssc-20-x-35-ml\\\/#primaryimage\"},\"image\":{\"@id\":\"https:\\\/\\\/shopatoa.com\\\/ro\\\/cadu-crex-tratament-contra-inceputului-caderii-parului-pentru-femei-hair-loss-hssc-20-x-35-ml\\\/#primaryimage\"},\"thumbnailUrl\":\"https:\\\/\\\/storage.googleapis.com\\\/cz-shopatoa-img\\\/ro\\\/0374cb63-unnamed-file.webp\",\"datePublished\":\"2025-04-30T18:55:04+00:00\",\"dateModified\":\"2025-12-11T15:56:26+00:00\",\"breadcrumb\":{\"@id\":\"https:\\\/\\\/shopatoa.com\\\/ro\\\/cadu-crex-tratament-contra-inceputului-caderii-parului-pentru-femei-hair-loss-hssc-20-x-35-ml\\\/#breadcrumb\"},\"inLanguage\":\"ro-RO\",\"potentialAction\":[{\"@type\":\"ReadAction\",\"target\":[\"https:\\\/\\\/shopatoa.com\\\/ro\\\/cadu-crex-tratament-contra-inceputului-caderii-parului-pentru-femei-hair-loss-hssc-20-x-35-ml\\\/\"]}]},{\"@type\":\"ImageObject\",\"inLanguage\":\"ro-RO\",\"@id\":\"https:\\\/\\\/shopatoa.com\\\/ro\\\/cadu-crex-tratament-contra-inceputului-caderii-parului-pentru-femei-hair-loss-hssc-20-x-35-ml\\\/#primaryimage\",\"url\":\"https:\\\/\\\/storage.googleapis.com\\\/cz-shopatoa-img\\\/ro\\\/0374cb63-unnamed-file.webp\",\"contentUrl\":\"https:\\\/\\\/storage.googleapis.com\\\/cz-shopatoa-img\\\/ro\\\/0374cb63-unnamed-file.webp\",\"width\":800,\"height\":800},{\"@type\":\"BreadcrumbList\",\"@id\":\"https:\\\/\\\/shopatoa.com\\\/ro\\\/cadu-crex-tratament-contra-inceputului-caderii-parului-pentru-femei-hair-loss-hssc-20-x-35-ml\\\/#breadcrumb\",\"itemListElement\":[{\"@type\":\"ListItem\",\"position\":1,\"name\":\"Dom\u016f\",\"item\":\"https:\\\/\\\/shopatoa.com\\\/ro\\\/\"},{\"@type\":\"ListItem\",\"position\":2,\"name\":\"Shop\",\"item\":\"https:\\\/\\\/shopatoa.com\\\/ro\\\/shop\\\/\"},{\"@type\":\"ListItem\",\"position\":3,\"name\":\"Cosmetice\",\"item\":\"https:\\\/\\\/shopatoa.com\\\/ro\\\/cosmetice\\\/\"},{\"@type\":\"ListItem\",\"position\":4,\"name\":\"Produse cosmetice pentru p\u0103r\",\"item\":\"https:\\\/\\\/shopatoa.com\\\/ro\\\/produse-cosmetice-pentru-par\\\/\"},{\"@type\":\"ListItem\",\"position\":5,\"name\":\"Cosmetica pentru regenerarea parului\",\"item\":\"https:\\\/\\\/shopatoa.com\\\/ro\\\/cosmetica-pentru-regenerarea-parului\\\/\"},{\"@type\":\"ListItem\",\"position\":6,\"name\":\"Cadu-Crex Tratament contra \u00eenceputului c\u0103derii p\u0103rului pentru femei Hair Loss HSSC 20 x 3,5 ml\"}]},{\"@type\":\"WebSite\",\"@id\":\"https:\\\/\\\/shopatoa.com\\\/ro\\\/#website\",\"url\":\"https:\\\/\\\/shopatoa.com\\\/ro\\\/\",\"name\":\"SHOPATOA\",\"description\":\"\",\"publisher\":{\"@id\":\"https:\\\/\\\/shopatoa.com\\\/ro\\\/#organization\"},\"potentialAction\":[{\"@type\":\"SearchAction\",\"target\":{\"@type\":\"EntryPoint\",\"urlTemplate\":\"https:\\\/\\\/shopatoa.com\\\/ro\\\/?s={search_term_string}\"},\"query-input\":{\"@type\":\"PropertyValueSpecification\",\"valueRequired\":true,\"valueName\":\"search_term_string\"}}],\"inLanguage\":\"ro-RO\"},{\"@type\":\"Organization\",\"@id\":\"https:\\\/\\\/shopatoa.com\\\/ro\\\/#organization\",\"name\":\"SHOPATOA\",\"url\":\"https:\\\/\\\/shopatoa.com\\\/ro\\\/\",\"logo\":{\"@type\":\"ImageObject\",\"inLanguage\":\"ro-RO\",\"@id\":\"https:\\\/\\\/shopatoa.com\\\/ro\\\/#\\\/schema\\\/logo\\\/image\\\/\",\"url\":\"https:\\\/\\\/storage.googleapis.com\\\/cz-shopatoa-img\\\/ro\\\/b4dac915-shopatoa_logo.png\",\"contentUrl\":\"https:\\\/\\\/storage.googleapis.com\\\/cz-shopatoa-img\\\/ro\\\/b4dac915-shopatoa_logo.png\",\"width\":416,\"height\":63,\"caption\":\"SHOPATOA\"},\"image\":{\"@id\":\"https:\\\/\\\/shopatoa.com\\\/ro\\\/#\\\/schema\\\/logo\\\/image\\\/\"}}]}<\/script>\n<!-- \/ Yoast SEO plugin. -->","yoast_head_json":{"title":"Cadu-Crex Tratament contra \u00eenceputului c\u0103derii p\u0103rului pentru femei Hair Loss HSSC 20 x 3,5 ml - SHOPATOA.COM","robots":{"index":"index","follow":"follow","max-snippet":"max-snippet:-1","max-image-preview":"max-image-preview:large","max-video-preview":"max-video-preview:-1"},"canonical":"https:\/\/shopatoa.com\/ro\/cadu-crex-tratament-contra-inceputului-caderii-parului-pentru-femei-hair-loss-hssc-20-x-35-ml\/","og_locale":"ro_RO","og_type":"article","og_title":"Cadu-Crex Tratament contra \u00eenceputului c\u0103derii p\u0103rului pentru femei Hair Loss HSSC 20 x 3,5 ml - SHOPATOA.COM","og_description":"Cadu-Crex este un tratament cosmetic \u00eempotriva c\u0103derii p\u0103rului de uz local \u00een fiole care ajut\u0103 la reducerea c\u0103derii permanente \u0219i ocazionale a p\u0103rului \u0219i promoveaz\u0103 recre\u0219terea p\u0103rului. Cu tehnologie transdermic\u0103 care faciliteaz\u0103 p\u0103trunderea ingredientelor active prin deschiderile foliculare (at\u00e2t foliculii de p\u0103r individuali, c\u00e2t \u0219i insule de p\u0103r foliculare) \u0219i prin scalp. Fiolele sunt disponibile...","og_url":"https:\/\/shopatoa.com\/ro\/cadu-crex-tratament-contra-inceputului-caderii-parului-pentru-femei-hair-loss-hssc-20-x-35-ml\/","og_site_name":"SHOPATOA","article_modified_time":"2025-12-11T15:56:26+00:00","og_image":[{"width":800,"height":800,"url":"https:\/\/storage.googleapis.com\/cz-shopatoa-img\/ro\/0374cb63-unnamed-file.webp","type":"image\/webp"}],"twitter_card":"summary_large_image","twitter_misc":{"Timp estimat pentru citire":"1 minut"},"schema":{"@context":"https:\/\/schema.org","@graph":[{"@type":"WebPage","@id":"https:\/\/shopatoa.com\/ro\/cadu-crex-tratament-contra-inceputului-caderii-parului-pentru-femei-hair-loss-hssc-20-x-35-ml\/","url":"https:\/\/shopatoa.com\/ro\/cadu-crex-tratament-contra-inceputului-caderii-parului-pentru-femei-hair-loss-hssc-20-x-35-ml\/","name":"Cadu-Crex Tratament contra \u00eenceputului c\u0103derii p\u0103rului pentru femei Hair Loss HSSC 20 x 3,5 ml - SHOPATOA.COM","isPartOf":{"@id":"https:\/\/shopatoa.com\/ro\/#website"},"primaryImageOfPage":{"@id":"https:\/\/shopatoa.com\/ro\/cadu-crex-tratament-contra-inceputului-caderii-parului-pentru-femei-hair-loss-hssc-20-x-35-ml\/#primaryimage"},"image":{"@id":"https:\/\/shopatoa.com\/ro\/cadu-crex-tratament-contra-inceputului-caderii-parului-pentru-femei-hair-loss-hssc-20-x-35-ml\/#primaryimage"},"thumbnailUrl":"https:\/\/storage.googleapis.com\/cz-shopatoa-img\/ro\/0374cb63-unnamed-file.webp","datePublished":"2025-04-30T18:55:04+00:00","dateModified":"2025-12-11T15:56:26+00:00","breadcrumb":{"@id":"https:\/\/shopatoa.com\/ro\/cadu-crex-tratament-contra-inceputului-caderii-parului-pentru-femei-hair-loss-hssc-20-x-35-ml\/#breadcrumb"},"inLanguage":"ro-RO","potentialAction":[{"@type":"ReadAction","target":["https:\/\/shopatoa.com\/ro\/cadu-crex-tratament-contra-inceputului-caderii-parului-pentru-femei-hair-loss-hssc-20-x-35-ml\/"]}]},{"@type":"ImageObject","inLanguage":"ro-RO","@id":"https:\/\/shopatoa.com\/ro\/cadu-crex-tratament-contra-inceputului-caderii-parului-pentru-femei-hair-loss-hssc-20-x-35-ml\/#primaryimage","url":"https:\/\/storage.googleapis.com\/cz-shopatoa-img\/ro\/0374cb63-unnamed-file.webp","contentUrl":"https:\/\/storage.googleapis.com\/cz-shopatoa-img\/ro\/0374cb63-unnamed-file.webp","width":800,"height":800},{"@type":"BreadcrumbList","@id":"https:\/\/shopatoa.com\/ro\/cadu-crex-tratament-contra-inceputului-caderii-parului-pentru-femei-hair-loss-hssc-20-x-35-ml\/#breadcrumb","itemListElement":[{"@type":"ListItem","position":1,"name":"Dom\u016f","item":"https:\/\/shopatoa.com\/ro\/"},{"@type":"ListItem","position":2,"name":"Shop","item":"https:\/\/shopatoa.com\/ro\/shop\/"},{"@type":"ListItem","position":3,"name":"Cosmetice","item":"https:\/\/shopatoa.com\/ro\/cosmetice\/"},{"@type":"ListItem","position":4,"name":"Produse cosmetice pentru p\u0103r","item":"https:\/\/shopatoa.com\/ro\/produse-cosmetice-pentru-par\/"},{"@type":"ListItem","position":5,"name":"Cosmetica pentru regenerarea parului","item":"https:\/\/shopatoa.com\/ro\/cosmetica-pentru-regenerarea-parului\/"},{"@type":"ListItem","position":6,"name":"Cadu-Crex Tratament contra \u00eenceputului c\u0103derii p\u0103rului pentru femei Hair Loss HSSC 20 x 3,5 ml"}]},{"@type":"WebSite","@id":"https:\/\/shopatoa.com\/ro\/#website","url":"https:\/\/shopatoa.com\/ro\/","name":"SHOPATOA","description":"","publisher":{"@id":"https:\/\/shopatoa.com\/ro\/#organization"},"potentialAction":[{"@type":"SearchAction","target":{"@type":"EntryPoint","urlTemplate":"https:\/\/shopatoa.com\/ro\/?s={search_term_string}"},"query-input":{"@type":"PropertyValueSpecification","valueRequired":true,"valueName":"search_term_string"}}],"inLanguage":"ro-RO"},{"@type":"Organization","@id":"https:\/\/shopatoa.com\/ro\/#organization","name":"SHOPATOA","url":"https:\/\/shopatoa.com\/ro\/","logo":{"@type":"ImageObject","inLanguage":"ro-RO","@id":"https:\/\/shopatoa.com\/ro\/#\/schema\/logo\/image\/","url":"https:\/\/storage.googleapis.com\/cz-shopatoa-img\/ro\/b4dac915-shopatoa_logo.png","contentUrl":"https:\/\/storage.googleapis.com\/cz-shopatoa-img\/ro\/b4dac915-shopatoa_logo.png","width":416,"height":63,"caption":"SHOPATOA"},"image":{"@id":"https:\/\/shopatoa.com\/ro\/#\/schema\/logo\/image\/"}}]}},"_links":{"self":[{"href":"https:\/\/shopatoa.com\/ro\/wp-json\/wp\/v2\/product\/281681","targetHints":{"allow":["GET"]}}],"collection":[{"href":"https:\/\/shopatoa.com\/ro\/wp-json\/wp\/v2\/product"}],"about":[{"href":"https:\/\/shopatoa.com\/ro\/wp-json\/wp\/v2\/types\/product"}],"replies":[{"embeddable":true,"href":"https:\/\/shopatoa.com\/ro\/wp-json\/wp\/v2\/comments?post=281681"}],"wp:featuredmedia":[{"embeddable":true,"href":"https:\/\/shopatoa.com\/ro\/wp-json\/wp\/v2\/media\/281682"}],"wp:attachment":[{"href":"https:\/\/shopatoa.com\/ro\/wp-json\/wp\/v2\/media?parent=281681"}],"wp:term":[{"taxonomy":"product_brand","embeddable":true,"href":"https:\/\/shopatoa.com\/ro\/wp-json\/wp\/v2\/product_brand?post=281681"},{"taxonomy":"product_cat","embeddable":true,"href":"https:\/\/shopatoa.com\/ro\/wp-json\/wp\/v2\/product_cat?post=281681"},{"taxonomy":"product_tag","embeddable":true,"href":"https:\/\/shopatoa.com\/ro\/wp-json\/wp\/v2\/product_tag?post=281681"}],"curies":[{"name":"wp","href":"https:\/\/api.w.org\/{rel}","templated":true}]}}