{"id":281819,"date":"2025-04-30T21:11:12","date_gmt":"2025-04-30T19:11:12","guid":{"rendered":"https:\/\/shopatoa.com\/ro\/dsquared%c2%b2-green-wood-edt-miniatura-5-ml\/"},"modified":"2025-09-27T10:11:41","modified_gmt":"2025-09-27T08:11:41","slug":"dsquared%c2%b2-green-wood-edt-miniatura-5-ml","status":"publish","type":"product","link":"https:\/\/shopatoa.com\/ro\/dsquared%c2%b2-green-wood-edt-miniatura-5-ml\/","title":{"rendered":"Dsquared\u00b2 Green Wood &#8211; EDT miniatur\u0103 5 ml"},"content":{"rendered":"<p>Green Wood este o ap\u0103 de toalet\u0103 pentru b\u0103rba\u021bii care vor s\u0103 fie \u00een centrul aten\u021biei. Acest parfum modern este potrivit pentru orice ocazie. Parfumul \u00eencepe cu l\u0103m\u00e2ie, piper \u0219i lemn de santal. Notele de mijloc sunt cedru, vetiver \u0219i r\u0103\u0219in\u0103. Iar spre final, moscul, ambroxanul \u0219i cypriolul \u00ee\u0219i fac sim\u021bit\u0103 prezen\u021ba. Nu rata\u021bi aceast\u0103 ocazie unic\u0103 de a fi irezistibil. Parfumul a fost lansat pe pia\u021b\u0103 \u00een anul 2019. Miniatura nu are pulverizator.<\/p>\n","protected":false},"excerpt":{"rendered":"<p>Green Wood este o ap\u0103 de toalet\u0103 pentru b\u0103rba\u021bii care vor s\u0103 fie \u00een centrul aten\u021biei. Acest parfum modern este potrivit pentru orice ocazie. Parfumul \u00eencepe cu l\u0103m\u00e2ie, piper \u0219i lemn de santal. Notele de mijloc sunt cedru, vetiver \u0219i r\u0103\u0219in\u0103. Iar spre final, moscul, ambroxanul \u0219i cypriolul \u00ee\u0219i fac sim\u021bit\u0103 prezen\u021ba. Nu rata\u021bi aceast\u0103&#8230;<\/p>\n","protected":false},"featured_media":281822,"comment_status":"closed","ping_status":"open","template":"","meta":{"_acf_changed":false,"_kadence_starter_templates_imported_post":false,"_kad_post_transparent":"","_kad_post_title":"","_kad_post_layout":"","_kad_post_sidebar_id":"","_kad_post_content_style":"","_kad_post_vertical_padding":"","_kad_post_feature":"","_kad_post_feature_position":"","_kad_post_header":false,"_kad_post_footer":false,"_kad_post_classname":""},"product_brand":[908],"product_cat":[895,614],"product_tag":[],"class_list":{"0":"post-281819","1":"product","2":"type-product","3":"status-publish","4":"has-post-thumbnail","6":"product_brand-dsquared","7":"product_cat-miniaturi-de-parfumuri","8":"product_cat-parfumuri","10":"first","11":"instock","12":"product-type-external","13":"entry","14":"content-bg","15":"loop-entry"},"acf":[],"yoast_head":"<!-- This site is optimized with the Yoast SEO plugin v27.4 - https:\/\/yoast.com\/product\/yoast-seo-wordpress\/ -->\n<title>Dsquared\u00b2 Green Wood - EDT miniatur\u0103 5 ml - SHOPATOA.COM<\/title>\n<meta name=\"robots\" content=\"index, follow, max-snippet:-1, max-image-preview:large, max-video-preview:-1\" \/>\n<link rel=\"canonical\" href=\"https:\/\/shopatoa.com\/ro\/dsquared\u00b2-green-wood-edt-miniatura-5-ml\/\" \/>\n<meta property=\"og:locale\" content=\"ro_RO\" \/>\n<meta property=\"og:type\" content=\"article\" \/>\n<meta property=\"og:title\" content=\"Dsquared\u00b2 Green Wood - EDT miniatur\u0103 5 ml - SHOPATOA.COM\" \/>\n<meta property=\"og:description\" content=\"Green Wood este o ap\u0103 de toalet\u0103 pentru b\u0103rba\u021bii care vor s\u0103 fie \u00een centrul aten\u021biei. Acest parfum modern este potrivit pentru orice ocazie. Parfumul \u00eencepe cu l\u0103m\u00e2ie, piper \u0219i lemn de santal. Notele de mijloc sunt cedru, vetiver \u0219i r\u0103\u0219in\u0103. Iar spre final, moscul, ambroxanul \u0219i cypriolul \u00ee\u0219i fac sim\u021bit\u0103 prezen\u021ba. Nu rata\u021bi aceast\u0103...\" \/>\n<meta property=\"og:url\" content=\"https:\/\/shopatoa.com\/ro\/dsquared\u00b2-green-wood-edt-miniatura-5-ml\/\" \/>\n<meta property=\"og:site_name\" content=\"SHOPATOA\" \/>\n<meta property=\"article:modified_time\" content=\"2025-09-27T08:11:41+00:00\" \/>\n<meta property=\"og:image\" content=\"https:\/\/storage.googleapis.com\/cz-shopatoa-img\/ro\/2e445ad2-unnamed-file.webp\" \/>\n\t<meta property=\"og:image:width\" content=\"800\" \/>\n\t<meta property=\"og:image:height\" content=\"800\" \/>\n\t<meta property=\"og:image:type\" content=\"image\/webp\" \/>\n<meta name=\"twitter:card\" content=\"summary_large_image\" \/>\n<script type=\"application\/ld+json\" class=\"yoast-schema-graph\">{\"@context\":\"https:\\\/\\\/schema.org\",\"@graph\":[{\"@type\":\"WebPage\",\"@id\":\"https:\\\/\\\/shopatoa.com\\\/ro\\\/dsquared%c2%b2-green-wood-edt-miniatura-5-ml\\\/\",\"url\":\"https:\\\/\\\/shopatoa.com\\\/ro\\\/dsquared%c2%b2-green-wood-edt-miniatura-5-ml\\\/\",\"name\":\"Dsquared\u00b2 Green Wood - EDT miniatur\u0103 5 ml - SHOPATOA.COM\",\"isPartOf\":{\"@id\":\"https:\\\/\\\/shopatoa.com\\\/ro\\\/#website\"},\"primaryImageOfPage\":{\"@id\":\"https:\\\/\\\/shopatoa.com\\\/ro\\\/dsquared%c2%b2-green-wood-edt-miniatura-5-ml\\\/#primaryimage\"},\"image\":{\"@id\":\"https:\\\/\\\/shopatoa.com\\\/ro\\\/dsquared%c2%b2-green-wood-edt-miniatura-5-ml\\\/#primaryimage\"},\"thumbnailUrl\":\"https:\\\/\\\/storage.googleapis.com\\\/cz-shopatoa-img\\\/ro\\\/2e445ad2-unnamed-file.webp\",\"datePublished\":\"2025-04-30T19:11:12+00:00\",\"dateModified\":\"2025-09-27T08:11:41+00:00\",\"breadcrumb\":{\"@id\":\"https:\\\/\\\/shopatoa.com\\\/ro\\\/dsquared%c2%b2-green-wood-edt-miniatura-5-ml\\\/#breadcrumb\"},\"inLanguage\":\"ro-RO\",\"potentialAction\":[{\"@type\":\"ReadAction\",\"target\":[\"https:\\\/\\\/shopatoa.com\\\/ro\\\/dsquared%c2%b2-green-wood-edt-miniatura-5-ml\\\/\"]}]},{\"@type\":\"ImageObject\",\"inLanguage\":\"ro-RO\",\"@id\":\"https:\\\/\\\/shopatoa.com\\\/ro\\\/dsquared%c2%b2-green-wood-edt-miniatura-5-ml\\\/#primaryimage\",\"url\":\"https:\\\/\\\/storage.googleapis.com\\\/cz-shopatoa-img\\\/ro\\\/2e445ad2-unnamed-file.webp\",\"contentUrl\":\"https:\\\/\\\/storage.googleapis.com\\\/cz-shopatoa-img\\\/ro\\\/2e445ad2-unnamed-file.webp\",\"width\":800,\"height\":800},{\"@type\":\"BreadcrumbList\",\"@id\":\"https:\\\/\\\/shopatoa.com\\\/ro\\\/dsquared%c2%b2-green-wood-edt-miniatura-5-ml\\\/#breadcrumb\",\"itemListElement\":[{\"@type\":\"ListItem\",\"position\":1,\"name\":\"Dom\u016f\",\"item\":\"https:\\\/\\\/shopatoa.com\\\/ro\\\/\"},{\"@type\":\"ListItem\",\"position\":2,\"name\":\"Shop\",\"item\":\"https:\\\/\\\/shopatoa.com\\\/ro\\\/shop\\\/\"},{\"@type\":\"ListItem\",\"position\":3,\"name\":\"Parfumuri\",\"item\":\"https:\\\/\\\/shopatoa.com\\\/ro\\\/parfumuri\\\/\"},{\"@type\":\"ListItem\",\"position\":4,\"name\":\"Miniaturi de parfumuri\",\"item\":\"https:\\\/\\\/shopatoa.com\\\/ro\\\/miniaturi-de-parfumuri\\\/\"},{\"@type\":\"ListItem\",\"position\":5,\"name\":\"Dsquared\u00b2 Green Wood &#8211; EDT miniatur\u0103 5 ml\"}]},{\"@type\":\"WebSite\",\"@id\":\"https:\\\/\\\/shopatoa.com\\\/ro\\\/#website\",\"url\":\"https:\\\/\\\/shopatoa.com\\\/ro\\\/\",\"name\":\"SHOPATOA\",\"description\":\"\",\"publisher\":{\"@id\":\"https:\\\/\\\/shopatoa.com\\\/ro\\\/#organization\"},\"potentialAction\":[{\"@type\":\"SearchAction\",\"target\":{\"@type\":\"EntryPoint\",\"urlTemplate\":\"https:\\\/\\\/shopatoa.com\\\/ro\\\/?s={search_term_string}\"},\"query-input\":{\"@type\":\"PropertyValueSpecification\",\"valueRequired\":true,\"valueName\":\"search_term_string\"}}],\"inLanguage\":\"ro-RO\"},{\"@type\":\"Organization\",\"@id\":\"https:\\\/\\\/shopatoa.com\\\/ro\\\/#organization\",\"name\":\"SHOPATOA\",\"url\":\"https:\\\/\\\/shopatoa.com\\\/ro\\\/\",\"logo\":{\"@type\":\"ImageObject\",\"inLanguage\":\"ro-RO\",\"@id\":\"https:\\\/\\\/shopatoa.com\\\/ro\\\/#\\\/schema\\\/logo\\\/image\\\/\",\"url\":\"https:\\\/\\\/storage.googleapis.com\\\/cz-shopatoa-img\\\/ro\\\/b4dac915-shopatoa_logo.png\",\"contentUrl\":\"https:\\\/\\\/storage.googleapis.com\\\/cz-shopatoa-img\\\/ro\\\/b4dac915-shopatoa_logo.png\",\"width\":416,\"height\":63,\"caption\":\"SHOPATOA\"},\"image\":{\"@id\":\"https:\\\/\\\/shopatoa.com\\\/ro\\\/#\\\/schema\\\/logo\\\/image\\\/\"}}]}<\/script>\n<!-- \/ Yoast SEO plugin. -->","yoast_head_json":{"title":"Dsquared\u00b2 Green Wood - EDT miniatur\u0103 5 ml - SHOPATOA.COM","robots":{"index":"index","follow":"follow","max-snippet":"max-snippet:-1","max-image-preview":"max-image-preview:large","max-video-preview":"max-video-preview:-1"},"canonical":"https:\/\/shopatoa.com\/ro\/dsquared\u00b2-green-wood-edt-miniatura-5-ml\/","og_locale":"ro_RO","og_type":"article","og_title":"Dsquared\u00b2 Green Wood - EDT miniatur\u0103 5 ml - SHOPATOA.COM","og_description":"Green Wood este o ap\u0103 de toalet\u0103 pentru b\u0103rba\u021bii care vor s\u0103 fie \u00een centrul aten\u021biei. Acest parfum modern este potrivit pentru orice ocazie. Parfumul \u00eencepe cu l\u0103m\u00e2ie, piper \u0219i lemn de santal. Notele de mijloc sunt cedru, vetiver \u0219i r\u0103\u0219in\u0103. Iar spre final, moscul, ambroxanul \u0219i cypriolul \u00ee\u0219i fac sim\u021bit\u0103 prezen\u021ba. Nu rata\u021bi aceast\u0103...","og_url":"https:\/\/shopatoa.com\/ro\/dsquared\u00b2-green-wood-edt-miniatura-5-ml\/","og_site_name":"SHOPATOA","article_modified_time":"2025-09-27T08:11:41+00:00","og_image":[{"width":800,"height":800,"url":"https:\/\/storage.googleapis.com\/cz-shopatoa-img\/ro\/2e445ad2-unnamed-file.webp","type":"image\/webp"}],"twitter_card":"summary_large_image","schema":{"@context":"https:\/\/schema.org","@graph":[{"@type":"WebPage","@id":"https:\/\/shopatoa.com\/ro\/dsquared%c2%b2-green-wood-edt-miniatura-5-ml\/","url":"https:\/\/shopatoa.com\/ro\/dsquared%c2%b2-green-wood-edt-miniatura-5-ml\/","name":"Dsquared\u00b2 Green Wood - EDT miniatur\u0103 5 ml - SHOPATOA.COM","isPartOf":{"@id":"https:\/\/shopatoa.com\/ro\/#website"},"primaryImageOfPage":{"@id":"https:\/\/shopatoa.com\/ro\/dsquared%c2%b2-green-wood-edt-miniatura-5-ml\/#primaryimage"},"image":{"@id":"https:\/\/shopatoa.com\/ro\/dsquared%c2%b2-green-wood-edt-miniatura-5-ml\/#primaryimage"},"thumbnailUrl":"https:\/\/storage.googleapis.com\/cz-shopatoa-img\/ro\/2e445ad2-unnamed-file.webp","datePublished":"2025-04-30T19:11:12+00:00","dateModified":"2025-09-27T08:11:41+00:00","breadcrumb":{"@id":"https:\/\/shopatoa.com\/ro\/dsquared%c2%b2-green-wood-edt-miniatura-5-ml\/#breadcrumb"},"inLanguage":"ro-RO","potentialAction":[{"@type":"ReadAction","target":["https:\/\/shopatoa.com\/ro\/dsquared%c2%b2-green-wood-edt-miniatura-5-ml\/"]}]},{"@type":"ImageObject","inLanguage":"ro-RO","@id":"https:\/\/shopatoa.com\/ro\/dsquared%c2%b2-green-wood-edt-miniatura-5-ml\/#primaryimage","url":"https:\/\/storage.googleapis.com\/cz-shopatoa-img\/ro\/2e445ad2-unnamed-file.webp","contentUrl":"https:\/\/storage.googleapis.com\/cz-shopatoa-img\/ro\/2e445ad2-unnamed-file.webp","width":800,"height":800},{"@type":"BreadcrumbList","@id":"https:\/\/shopatoa.com\/ro\/dsquared%c2%b2-green-wood-edt-miniatura-5-ml\/#breadcrumb","itemListElement":[{"@type":"ListItem","position":1,"name":"Dom\u016f","item":"https:\/\/shopatoa.com\/ro\/"},{"@type":"ListItem","position":2,"name":"Shop","item":"https:\/\/shopatoa.com\/ro\/shop\/"},{"@type":"ListItem","position":3,"name":"Parfumuri","item":"https:\/\/shopatoa.com\/ro\/parfumuri\/"},{"@type":"ListItem","position":4,"name":"Miniaturi de parfumuri","item":"https:\/\/shopatoa.com\/ro\/miniaturi-de-parfumuri\/"},{"@type":"ListItem","position":5,"name":"Dsquared\u00b2 Green Wood &#8211; EDT miniatur\u0103 5 ml"}]},{"@type":"WebSite","@id":"https:\/\/shopatoa.com\/ro\/#website","url":"https:\/\/shopatoa.com\/ro\/","name":"SHOPATOA","description":"","publisher":{"@id":"https:\/\/shopatoa.com\/ro\/#organization"},"potentialAction":[{"@type":"SearchAction","target":{"@type":"EntryPoint","urlTemplate":"https:\/\/shopatoa.com\/ro\/?s={search_term_string}"},"query-input":{"@type":"PropertyValueSpecification","valueRequired":true,"valueName":"search_term_string"}}],"inLanguage":"ro-RO"},{"@type":"Organization","@id":"https:\/\/shopatoa.com\/ro\/#organization","name":"SHOPATOA","url":"https:\/\/shopatoa.com\/ro\/","logo":{"@type":"ImageObject","inLanguage":"ro-RO","@id":"https:\/\/shopatoa.com\/ro\/#\/schema\/logo\/image\/","url":"https:\/\/storage.googleapis.com\/cz-shopatoa-img\/ro\/b4dac915-shopatoa_logo.png","contentUrl":"https:\/\/storage.googleapis.com\/cz-shopatoa-img\/ro\/b4dac915-shopatoa_logo.png","width":416,"height":63,"caption":"SHOPATOA"},"image":{"@id":"https:\/\/shopatoa.com\/ro\/#\/schema\/logo\/image\/"}}]}},"_links":{"self":[{"href":"https:\/\/shopatoa.com\/ro\/wp-json\/wp\/v2\/product\/281819","targetHints":{"allow":["GET"]}}],"collection":[{"href":"https:\/\/shopatoa.com\/ro\/wp-json\/wp\/v2\/product"}],"about":[{"href":"https:\/\/shopatoa.com\/ro\/wp-json\/wp\/v2\/types\/product"}],"replies":[{"embeddable":true,"href":"https:\/\/shopatoa.com\/ro\/wp-json\/wp\/v2\/comments?post=281819"}],"wp:featuredmedia":[{"embeddable":true,"href":"https:\/\/shopatoa.com\/ro\/wp-json\/wp\/v2\/media\/281822"}],"wp:attachment":[{"href":"https:\/\/shopatoa.com\/ro\/wp-json\/wp\/v2\/media?parent=281819"}],"wp:term":[{"taxonomy":"product_brand","embeddable":true,"href":"https:\/\/shopatoa.com\/ro\/wp-json\/wp\/v2\/product_brand?post=281819"},{"taxonomy":"product_cat","embeddable":true,"href":"https:\/\/shopatoa.com\/ro\/wp-json\/wp\/v2\/product_cat?post=281819"},{"taxonomy":"product_tag","embeddable":true,"href":"https:\/\/shopatoa.com\/ro\/wp-json\/wp\/v2\/product_tag?post=281819"}],"curies":[{"name":"wp","href":"https:\/\/api.w.org\/{rel}","templated":true}]}}