{"id":282034,"date":"2025-04-30T21:35:37","date_gmt":"2025-04-30T19:35:37","guid":{"rendered":"https:\/\/shopatoa.com\/ro\/victorias-secret-coconut-passion-shimmer-lotiune-de-corp-cu-sclipici-236-ml\/"},"modified":"2025-09-27T10:09:44","modified_gmt":"2025-09-27T08:09:44","slug":"victorias-secret-coconut-passion-shimmer-lotiune-de-corp-cu-sclipici-236-ml","status":"publish","type":"product","link":"https:\/\/shopatoa.com\/ro\/victorias-secret-coconut-passion-shimmer-lotiune-de-corp-cu-sclipici-236-ml\/","title":{"rendered":"Victoria&#8217;s Secret Coconut Passion Shimmer &#8211; lo\u021biune de corp cu sclipici 236 ml"},"content":{"rendered":"<p>Coconut Passion Shimmer de la marca Victoria&#8217;s Secret v\u0103 va uimi cu parfumul sau de vanilie \u0219i l\u0103cr\u0103mioare la \u00eenceput. Cocosul este ascuns \u00een inima parfumului, iar \u00een cele din urm\u0103, mu\u0219e\u021belul \u0219i Aloe Vera vin \u00een prim plan. Lo\u021biunea de corp hidrateaz\u0103 pielea, l\u0103s\u00e2nd-o moale, neted\u0103 \u0219i parfumat\u0103.<\/p>\n","protected":false},"excerpt":{"rendered":"<p>Coconut Passion Shimmer de la marca Victoria&#8217;s Secret v\u0103 va uimi cu parfumul sau de vanilie \u0219i l\u0103cr\u0103mioare la \u00eenceput. Cocosul este ascuns \u00een inima parfumului, iar \u00een cele din urm\u0103, mu\u0219e\u021belul \u0219i Aloe Vera vin \u00een prim plan. Lo\u021biunea de corp hidrateaz\u0103 pielea, l\u0103s\u00e2nd-o moale, neted\u0103 \u0219i parfumat\u0103.<\/p>\n","protected":false},"featured_media":282036,"comment_status":"closed","ping_status":"open","template":"","meta":{"_acf_changed":false,"_kadence_starter_templates_imported_post":false,"_kad_post_transparent":"","_kad_post_title":"","_kad_post_layout":"","_kad_post_sidebar_id":"","_kad_post_content_style":"","_kad_post_vertical_padding":"","_kad_post_feature":"","_kad_post_feature_position":"","_kad_post_header":false,"_kad_post_footer":false,"_kad_post_classname":""},"product_brand":[500],"product_cat":[612,246,613,611],"product_tag":[],"class_list":{"0":"post-282034","1":"product","2":"type-product","3":"status-publish","4":"has-post-thumbnail","6":"product_brand-victorias-secret","7":"product_cat-cosmetica-pentru-ingrijirea-corpului","8":"product_cat-cosmetice","9":"product_cat-nutritia-si-hidratarea-pielii","10":"product_cat-produse-cosmetice-pentru-corp","12":"first","13":"instock","14":"product-type-external","15":"entry","16":"content-bg","17":"loop-entry"},"acf":[],"yoast_head":"<!-- This site is optimized with the Yoast SEO plugin v27.4 - https:\/\/yoast.com\/product\/yoast-seo-wordpress\/ -->\n<title>Victoria&#039;s Secret Coconut Passion Shimmer - lo\u021biune de corp cu sclipici 236 ml - SHOPATOA.COM<\/title>\n<meta name=\"robots\" content=\"index, follow, max-snippet:-1, max-image-preview:large, max-video-preview:-1\" \/>\n<link rel=\"canonical\" href=\"https:\/\/shopatoa.com\/ro\/victorias-secret-coconut-passion-shimmer-lotiune-de-corp-cu-sclipici-236-ml\/\" \/>\n<meta property=\"og:locale\" content=\"ro_RO\" \/>\n<meta property=\"og:type\" content=\"article\" \/>\n<meta property=\"og:title\" content=\"Victoria&#039;s Secret Coconut Passion Shimmer - lo\u021biune de corp cu sclipici 236 ml - SHOPATOA.COM\" \/>\n<meta property=\"og:description\" content=\"Coconut Passion Shimmer de la marca Victoria&#8217;s Secret v\u0103 va uimi cu parfumul sau de vanilie \u0219i l\u0103cr\u0103mioare la \u00eenceput. Cocosul este ascuns \u00een inima parfumului, iar \u00een cele din urm\u0103, mu\u0219e\u021belul \u0219i Aloe Vera vin \u00een prim plan. Lo\u021biunea de corp hidrateaz\u0103 pielea, l\u0103s\u00e2nd-o moale, neted\u0103 \u0219i parfumat\u0103.\" \/>\n<meta property=\"og:url\" content=\"https:\/\/shopatoa.com\/ro\/victorias-secret-coconut-passion-shimmer-lotiune-de-corp-cu-sclipici-236-ml\/\" \/>\n<meta property=\"og:site_name\" content=\"SHOPATOA\" \/>\n<meta property=\"article:modified_time\" content=\"2025-09-27T08:09:44+00:00\" \/>\n<meta property=\"og:image\" content=\"https:\/\/storage.googleapis.com\/cz-shopatoa-img\/ro\/9d0ec3cf-unnamed-file-1.webp\" \/>\n\t<meta property=\"og:image:width\" content=\"800\" \/>\n\t<meta property=\"og:image:height\" content=\"800\" \/>\n\t<meta property=\"og:image:type\" content=\"image\/webp\" \/>\n<meta name=\"twitter:card\" content=\"summary_large_image\" \/>\n<script type=\"application\/ld+json\" class=\"yoast-schema-graph\">{\"@context\":\"https:\\\/\\\/schema.org\",\"@graph\":[{\"@type\":\"WebPage\",\"@id\":\"https:\\\/\\\/shopatoa.com\\\/ro\\\/victorias-secret-coconut-passion-shimmer-lotiune-de-corp-cu-sclipici-236-ml\\\/\",\"url\":\"https:\\\/\\\/shopatoa.com\\\/ro\\\/victorias-secret-coconut-passion-shimmer-lotiune-de-corp-cu-sclipici-236-ml\\\/\",\"name\":\"Victoria's Secret Coconut Passion Shimmer - lo\u021biune de corp cu sclipici 236 ml - SHOPATOA.COM\",\"isPartOf\":{\"@id\":\"https:\\\/\\\/shopatoa.com\\\/ro\\\/#website\"},\"primaryImageOfPage\":{\"@id\":\"https:\\\/\\\/shopatoa.com\\\/ro\\\/victorias-secret-coconut-passion-shimmer-lotiune-de-corp-cu-sclipici-236-ml\\\/#primaryimage\"},\"image\":{\"@id\":\"https:\\\/\\\/shopatoa.com\\\/ro\\\/victorias-secret-coconut-passion-shimmer-lotiune-de-corp-cu-sclipici-236-ml\\\/#primaryimage\"},\"thumbnailUrl\":\"https:\\\/\\\/storage.googleapis.com\\\/cz-shopatoa-img\\\/ro\\\/9d0ec3cf-unnamed-file-1.webp\",\"datePublished\":\"2025-04-30T19:35:37+00:00\",\"dateModified\":\"2025-09-27T08:09:44+00:00\",\"breadcrumb\":{\"@id\":\"https:\\\/\\\/shopatoa.com\\\/ro\\\/victorias-secret-coconut-passion-shimmer-lotiune-de-corp-cu-sclipici-236-ml\\\/#breadcrumb\"},\"inLanguage\":\"ro-RO\",\"potentialAction\":[{\"@type\":\"ReadAction\",\"target\":[\"https:\\\/\\\/shopatoa.com\\\/ro\\\/victorias-secret-coconut-passion-shimmer-lotiune-de-corp-cu-sclipici-236-ml\\\/\"]}]},{\"@type\":\"ImageObject\",\"inLanguage\":\"ro-RO\",\"@id\":\"https:\\\/\\\/shopatoa.com\\\/ro\\\/victorias-secret-coconut-passion-shimmer-lotiune-de-corp-cu-sclipici-236-ml\\\/#primaryimage\",\"url\":\"https:\\\/\\\/storage.googleapis.com\\\/cz-shopatoa-img\\\/ro\\\/9d0ec3cf-unnamed-file-1.webp\",\"contentUrl\":\"https:\\\/\\\/storage.googleapis.com\\\/cz-shopatoa-img\\\/ro\\\/9d0ec3cf-unnamed-file-1.webp\",\"width\":800,\"height\":800},{\"@type\":\"BreadcrumbList\",\"@id\":\"https:\\\/\\\/shopatoa.com\\\/ro\\\/victorias-secret-coconut-passion-shimmer-lotiune-de-corp-cu-sclipici-236-ml\\\/#breadcrumb\",\"itemListElement\":[{\"@type\":\"ListItem\",\"position\":1,\"name\":\"Dom\u016f\",\"item\":\"https:\\\/\\\/shopatoa.com\\\/ro\\\/\"},{\"@type\":\"ListItem\",\"position\":2,\"name\":\"Shop\",\"item\":\"https:\\\/\\\/shopatoa.com\\\/ro\\\/shop\\\/\"},{\"@type\":\"ListItem\",\"position\":3,\"name\":\"Cosmetice\",\"item\":\"https:\\\/\\\/shopatoa.com\\\/ro\\\/cosmetice\\\/\"},{\"@type\":\"ListItem\",\"position\":4,\"name\":\"Produse cosmetice pentru corp\",\"item\":\"https:\\\/\\\/shopatoa.com\\\/ro\\\/produse-cosmetice-pentru-corp\\\/\"},{\"@type\":\"ListItem\",\"position\":5,\"name\":\"Cosmetica pentru \u00eengrijirea corpului\",\"item\":\"https:\\\/\\\/shopatoa.com\\\/ro\\\/cosmetica-pentru-ingrijirea-corpului\\\/\"},{\"@type\":\"ListItem\",\"position\":6,\"name\":\"Nutri\u021bia si hidratarea pielii\",\"item\":\"https:\\\/\\\/shopatoa.com\\\/ro\\\/nutritia-si-hidratarea-pielii\\\/\"},{\"@type\":\"ListItem\",\"position\":7,\"name\":\"Victoria&#8217;s Secret Coconut Passion Shimmer &#8211; lo\u021biune de corp cu sclipici 236 ml\"}]},{\"@type\":\"WebSite\",\"@id\":\"https:\\\/\\\/shopatoa.com\\\/ro\\\/#website\",\"url\":\"https:\\\/\\\/shopatoa.com\\\/ro\\\/\",\"name\":\"SHOPATOA\",\"description\":\"\",\"publisher\":{\"@id\":\"https:\\\/\\\/shopatoa.com\\\/ro\\\/#organization\"},\"potentialAction\":[{\"@type\":\"SearchAction\",\"target\":{\"@type\":\"EntryPoint\",\"urlTemplate\":\"https:\\\/\\\/shopatoa.com\\\/ro\\\/?s={search_term_string}\"},\"query-input\":{\"@type\":\"PropertyValueSpecification\",\"valueRequired\":true,\"valueName\":\"search_term_string\"}}],\"inLanguage\":\"ro-RO\"},{\"@type\":\"Organization\",\"@id\":\"https:\\\/\\\/shopatoa.com\\\/ro\\\/#organization\",\"name\":\"SHOPATOA\",\"url\":\"https:\\\/\\\/shopatoa.com\\\/ro\\\/\",\"logo\":{\"@type\":\"ImageObject\",\"inLanguage\":\"ro-RO\",\"@id\":\"https:\\\/\\\/shopatoa.com\\\/ro\\\/#\\\/schema\\\/logo\\\/image\\\/\",\"url\":\"https:\\\/\\\/storage.googleapis.com\\\/cz-shopatoa-img\\\/ro\\\/b4dac915-shopatoa_logo.png\",\"contentUrl\":\"https:\\\/\\\/storage.googleapis.com\\\/cz-shopatoa-img\\\/ro\\\/b4dac915-shopatoa_logo.png\",\"width\":416,\"height\":63,\"caption\":\"SHOPATOA\"},\"image\":{\"@id\":\"https:\\\/\\\/shopatoa.com\\\/ro\\\/#\\\/schema\\\/logo\\\/image\\\/\"}}]}<\/script>\n<!-- \/ Yoast SEO plugin. -->","yoast_head_json":{"title":"Victoria's Secret Coconut Passion Shimmer - lo\u021biune de corp cu sclipici 236 ml - SHOPATOA.COM","robots":{"index":"index","follow":"follow","max-snippet":"max-snippet:-1","max-image-preview":"max-image-preview:large","max-video-preview":"max-video-preview:-1"},"canonical":"https:\/\/shopatoa.com\/ro\/victorias-secret-coconut-passion-shimmer-lotiune-de-corp-cu-sclipici-236-ml\/","og_locale":"ro_RO","og_type":"article","og_title":"Victoria's Secret Coconut Passion Shimmer - lo\u021biune de corp cu sclipici 236 ml - SHOPATOA.COM","og_description":"Coconut Passion Shimmer de la marca Victoria&#8217;s Secret v\u0103 va uimi cu parfumul sau de vanilie \u0219i l\u0103cr\u0103mioare la \u00eenceput. Cocosul este ascuns \u00een inima parfumului, iar \u00een cele din urm\u0103, mu\u0219e\u021belul \u0219i Aloe Vera vin \u00een prim plan. Lo\u021biunea de corp hidrateaz\u0103 pielea, l\u0103s\u00e2nd-o moale, neted\u0103 \u0219i parfumat\u0103.","og_url":"https:\/\/shopatoa.com\/ro\/victorias-secret-coconut-passion-shimmer-lotiune-de-corp-cu-sclipici-236-ml\/","og_site_name":"SHOPATOA","article_modified_time":"2025-09-27T08:09:44+00:00","og_image":[{"width":800,"height":800,"url":"https:\/\/storage.googleapis.com\/cz-shopatoa-img\/ro\/9d0ec3cf-unnamed-file-1.webp","type":"image\/webp"}],"twitter_card":"summary_large_image","schema":{"@context":"https:\/\/schema.org","@graph":[{"@type":"WebPage","@id":"https:\/\/shopatoa.com\/ro\/victorias-secret-coconut-passion-shimmer-lotiune-de-corp-cu-sclipici-236-ml\/","url":"https:\/\/shopatoa.com\/ro\/victorias-secret-coconut-passion-shimmer-lotiune-de-corp-cu-sclipici-236-ml\/","name":"Victoria's Secret Coconut Passion Shimmer - lo\u021biune de corp cu sclipici 236 ml - SHOPATOA.COM","isPartOf":{"@id":"https:\/\/shopatoa.com\/ro\/#website"},"primaryImageOfPage":{"@id":"https:\/\/shopatoa.com\/ro\/victorias-secret-coconut-passion-shimmer-lotiune-de-corp-cu-sclipici-236-ml\/#primaryimage"},"image":{"@id":"https:\/\/shopatoa.com\/ro\/victorias-secret-coconut-passion-shimmer-lotiune-de-corp-cu-sclipici-236-ml\/#primaryimage"},"thumbnailUrl":"https:\/\/storage.googleapis.com\/cz-shopatoa-img\/ro\/9d0ec3cf-unnamed-file-1.webp","datePublished":"2025-04-30T19:35:37+00:00","dateModified":"2025-09-27T08:09:44+00:00","breadcrumb":{"@id":"https:\/\/shopatoa.com\/ro\/victorias-secret-coconut-passion-shimmer-lotiune-de-corp-cu-sclipici-236-ml\/#breadcrumb"},"inLanguage":"ro-RO","potentialAction":[{"@type":"ReadAction","target":["https:\/\/shopatoa.com\/ro\/victorias-secret-coconut-passion-shimmer-lotiune-de-corp-cu-sclipici-236-ml\/"]}]},{"@type":"ImageObject","inLanguage":"ro-RO","@id":"https:\/\/shopatoa.com\/ro\/victorias-secret-coconut-passion-shimmer-lotiune-de-corp-cu-sclipici-236-ml\/#primaryimage","url":"https:\/\/storage.googleapis.com\/cz-shopatoa-img\/ro\/9d0ec3cf-unnamed-file-1.webp","contentUrl":"https:\/\/storage.googleapis.com\/cz-shopatoa-img\/ro\/9d0ec3cf-unnamed-file-1.webp","width":800,"height":800},{"@type":"BreadcrumbList","@id":"https:\/\/shopatoa.com\/ro\/victorias-secret-coconut-passion-shimmer-lotiune-de-corp-cu-sclipici-236-ml\/#breadcrumb","itemListElement":[{"@type":"ListItem","position":1,"name":"Dom\u016f","item":"https:\/\/shopatoa.com\/ro\/"},{"@type":"ListItem","position":2,"name":"Shop","item":"https:\/\/shopatoa.com\/ro\/shop\/"},{"@type":"ListItem","position":3,"name":"Cosmetice","item":"https:\/\/shopatoa.com\/ro\/cosmetice\/"},{"@type":"ListItem","position":4,"name":"Produse cosmetice pentru corp","item":"https:\/\/shopatoa.com\/ro\/produse-cosmetice-pentru-corp\/"},{"@type":"ListItem","position":5,"name":"Cosmetica pentru \u00eengrijirea corpului","item":"https:\/\/shopatoa.com\/ro\/cosmetica-pentru-ingrijirea-corpului\/"},{"@type":"ListItem","position":6,"name":"Nutri\u021bia si hidratarea pielii","item":"https:\/\/shopatoa.com\/ro\/nutritia-si-hidratarea-pielii\/"},{"@type":"ListItem","position":7,"name":"Victoria&#8217;s Secret Coconut Passion Shimmer &#8211; lo\u021biune de corp cu sclipici 236 ml"}]},{"@type":"WebSite","@id":"https:\/\/shopatoa.com\/ro\/#website","url":"https:\/\/shopatoa.com\/ro\/","name":"SHOPATOA","description":"","publisher":{"@id":"https:\/\/shopatoa.com\/ro\/#organization"},"potentialAction":[{"@type":"SearchAction","target":{"@type":"EntryPoint","urlTemplate":"https:\/\/shopatoa.com\/ro\/?s={search_term_string}"},"query-input":{"@type":"PropertyValueSpecification","valueRequired":true,"valueName":"search_term_string"}}],"inLanguage":"ro-RO"},{"@type":"Organization","@id":"https:\/\/shopatoa.com\/ro\/#organization","name":"SHOPATOA","url":"https:\/\/shopatoa.com\/ro\/","logo":{"@type":"ImageObject","inLanguage":"ro-RO","@id":"https:\/\/shopatoa.com\/ro\/#\/schema\/logo\/image\/","url":"https:\/\/storage.googleapis.com\/cz-shopatoa-img\/ro\/b4dac915-shopatoa_logo.png","contentUrl":"https:\/\/storage.googleapis.com\/cz-shopatoa-img\/ro\/b4dac915-shopatoa_logo.png","width":416,"height":63,"caption":"SHOPATOA"},"image":{"@id":"https:\/\/shopatoa.com\/ro\/#\/schema\/logo\/image\/"}}]}},"_links":{"self":[{"href":"https:\/\/shopatoa.com\/ro\/wp-json\/wp\/v2\/product\/282034","targetHints":{"allow":["GET"]}}],"collection":[{"href":"https:\/\/shopatoa.com\/ro\/wp-json\/wp\/v2\/product"}],"about":[{"href":"https:\/\/shopatoa.com\/ro\/wp-json\/wp\/v2\/types\/product"}],"replies":[{"embeddable":true,"href":"https:\/\/shopatoa.com\/ro\/wp-json\/wp\/v2\/comments?post=282034"}],"wp:featuredmedia":[{"embeddable":true,"href":"https:\/\/shopatoa.com\/ro\/wp-json\/wp\/v2\/media\/282036"}],"wp:attachment":[{"href":"https:\/\/shopatoa.com\/ro\/wp-json\/wp\/v2\/media?parent=282034"}],"wp:term":[{"taxonomy":"product_brand","embeddable":true,"href":"https:\/\/shopatoa.com\/ro\/wp-json\/wp\/v2\/product_brand?post=282034"},{"taxonomy":"product_cat","embeddable":true,"href":"https:\/\/shopatoa.com\/ro\/wp-json\/wp\/v2\/product_cat?post=282034"},{"taxonomy":"product_tag","embeddable":true,"href":"https:\/\/shopatoa.com\/ro\/wp-json\/wp\/v2\/product_tag?post=282034"}],"curies":[{"name":"wp","href":"https:\/\/api.w.org\/{rel}","templated":true}]}}