{"id":282434,"date":"2025-04-30T22:20:30","date_gmt":"2025-04-30T20:20:30","guid":{"rendered":"https:\/\/shopatoa.com\/ro\/satisfyer-vibrator-pentru-stimularea-clitorisului-curvy-1-white\/"},"modified":"2025-09-27T09:48:11","modified_gmt":"2025-09-27T07:48:11","slug":"satisfyer-vibrator-pentru-stimularea-clitorisului-curvy-1-white","status":"publish","type":"product","link":"https:\/\/shopatoa.com\/ro\/satisfyer-vibrator-pentru-stimularea-clitorisului-curvy-1-white\/","title":{"rendered":"Satisfyer Vibrator pentru stimularea clitorisului Curvy 1+ White"},"content":{"rendered":"<p>Curvy 1+ stimuleaz\u0103 clitorisul cu o combina\u021bie de unde de presiune \u0219i vibra\u021bii intense, care sunt apreciate de femei ca fiind cele mai pl\u0103cute pentru stimularea clitorisului \u0219i pentru a ajuta la realizarea mai multor orgasmuri. Acest model ofer\u0103 11 intensit\u0103\u021bi ale undelor de presiune \u0219i 11 moduri de vibra\u021bii. Comenzile sunt independente una de cealalt\u0103, deci ve\u021bi alege cu siguran\u021b\u0103 combina\u021bia potrivit\u0103 pentru dvs. Acum juc\u0103riile pot fi controlate prin intermediul aplica\u021biei mobile direct de pe telefonul smartphone. Este disponibil pentru desc\u0103rcare gratuit\u0103 \u00een magazinul Google \u0219i magazinul de aplica\u021bii. De exemplu, aplica\u021bia v\u0103 permite s\u0103 v\u0103 conecta\u021bi dispozitivul la telefonul partenerului dvs. de la distan\u021b\u0103, s\u0103 \u00eel partaja\u021bi cu al\u021bi utilizatori ai aplica\u021biei, s\u0103 utiliza\u021bi controlul vocal sau s\u0103 v\u0103 sincroniza\u021bi cu muzica din lista dvs. de redare.<\/p>\n","protected":false},"excerpt":{"rendered":"<p>Curvy 1+ stimuleaz\u0103 clitorisul cu o combina\u021bie de unde de presiune \u0219i vibra\u021bii intense, care sunt apreciate de femei ca fiind cele mai pl\u0103cute pentru stimularea clitorisului \u0219i pentru a ajuta la realizarea mai multor orgasmuri. Acest model ofer\u0103 11 intensit\u0103\u021bi ale undelor de presiune \u0219i 11 moduri de vibra\u021bii. Comenzile sunt independente una de&#8230;<\/p>\n","protected":false},"featured_media":282435,"comment_status":"closed","ping_status":"open","template":"","meta":{"_acf_changed":false,"_kadence_starter_templates_imported_post":false,"_kad_post_transparent":"","_kad_post_title":"","_kad_post_layout":"","_kad_post_sidebar_id":"","_kad_post_content_style":"","_kad_post_vertical_padding":"","_kad_post_feature":"","_kad_post_feature_position":"","_kad_post_header":false,"_kad_post_footer":false,"_kad_post_classname":""},"product_brand":[224],"product_cat":[246,668,669,611],"product_tag":[],"class_list":{"0":"post-282434","1":"product","2":"type-product","3":"status-publish","4":"has-post-thumbnail","6":"product_brand-satisfyer","7":"product_cat-cosmetice","8":"product_cat-jucarii-sexy","9":"product_cat-jucarii-si-produse-erotice","10":"product_cat-produse-cosmetice-pentru-corp","12":"first","13":"instock","14":"product-type-external","15":"entry","16":"content-bg","17":"loop-entry"},"acf":[],"yoast_head":"<!-- This site is optimized with the Yoast SEO plugin v27.4 - https:\/\/yoast.com\/product\/yoast-seo-wordpress\/ -->\n<title>Satisfyer Vibrator pentru stimularea clitorisului Curvy 1+ White - SHOPATOA.COM<\/title>\n<meta name=\"robots\" content=\"index, follow, max-snippet:-1, max-image-preview:large, max-video-preview:-1\" \/>\n<link rel=\"canonical\" href=\"https:\/\/shopatoa.com\/ro\/satisfyer-vibrator-pentru-stimularea-clitorisului-curvy-1-white\/\" \/>\n<meta property=\"og:locale\" content=\"ro_RO\" \/>\n<meta property=\"og:type\" content=\"article\" \/>\n<meta property=\"og:title\" content=\"Satisfyer Vibrator pentru stimularea clitorisului Curvy 1+ White - SHOPATOA.COM\" \/>\n<meta property=\"og:description\" content=\"Curvy 1+ stimuleaz\u0103 clitorisul cu o combina\u021bie de unde de presiune \u0219i vibra\u021bii intense, care sunt apreciate de femei ca fiind cele mai pl\u0103cute pentru stimularea clitorisului \u0219i pentru a ajuta la realizarea mai multor orgasmuri. Acest model ofer\u0103 11 intensit\u0103\u021bi ale undelor de presiune \u0219i 11 moduri de vibra\u021bii. Comenzile sunt independente una de...\" \/>\n<meta property=\"og:url\" content=\"https:\/\/shopatoa.com\/ro\/satisfyer-vibrator-pentru-stimularea-clitorisului-curvy-1-white\/\" \/>\n<meta property=\"og:site_name\" content=\"SHOPATOA\" \/>\n<meta property=\"article:modified_time\" content=\"2025-09-27T07:48:11+00:00\" \/>\n<meta property=\"og:image\" content=\"https:\/\/storage.googleapis.com\/cz-shopatoa-img\/ro\/0e286e4a-unnamed-file.webp\" \/>\n\t<meta property=\"og:image:width\" content=\"800\" \/>\n\t<meta property=\"og:image:height\" content=\"800\" \/>\n\t<meta property=\"og:image:type\" content=\"image\/webp\" \/>\n<meta name=\"twitter:card\" content=\"summary_large_image\" \/>\n<meta name=\"twitter:label1\" content=\"Timp estimat pentru citire\" \/>\n\t<meta name=\"twitter:data1\" content=\"1 minut\" \/>\n<script type=\"application\/ld+json\" class=\"yoast-schema-graph\">{\"@context\":\"https:\\\/\\\/schema.org\",\"@graph\":[{\"@type\":\"WebPage\",\"@id\":\"https:\\\/\\\/shopatoa.com\\\/ro\\\/satisfyer-vibrator-pentru-stimularea-clitorisului-curvy-1-white\\\/\",\"url\":\"https:\\\/\\\/shopatoa.com\\\/ro\\\/satisfyer-vibrator-pentru-stimularea-clitorisului-curvy-1-white\\\/\",\"name\":\"Satisfyer Vibrator pentru stimularea clitorisului Curvy 1+ White - SHOPATOA.COM\",\"isPartOf\":{\"@id\":\"https:\\\/\\\/shopatoa.com\\\/ro\\\/#website\"},\"primaryImageOfPage\":{\"@id\":\"https:\\\/\\\/shopatoa.com\\\/ro\\\/satisfyer-vibrator-pentru-stimularea-clitorisului-curvy-1-white\\\/#primaryimage\"},\"image\":{\"@id\":\"https:\\\/\\\/shopatoa.com\\\/ro\\\/satisfyer-vibrator-pentru-stimularea-clitorisului-curvy-1-white\\\/#primaryimage\"},\"thumbnailUrl\":\"https:\\\/\\\/storage.googleapis.com\\\/cz-shopatoa-img\\\/ro\\\/0e286e4a-unnamed-file.webp\",\"datePublished\":\"2025-04-30T20:20:30+00:00\",\"dateModified\":\"2025-09-27T07:48:11+00:00\",\"breadcrumb\":{\"@id\":\"https:\\\/\\\/shopatoa.com\\\/ro\\\/satisfyer-vibrator-pentru-stimularea-clitorisului-curvy-1-white\\\/#breadcrumb\"},\"inLanguage\":\"ro-RO\",\"potentialAction\":[{\"@type\":\"ReadAction\",\"target\":[\"https:\\\/\\\/shopatoa.com\\\/ro\\\/satisfyer-vibrator-pentru-stimularea-clitorisului-curvy-1-white\\\/\"]}]},{\"@type\":\"ImageObject\",\"inLanguage\":\"ro-RO\",\"@id\":\"https:\\\/\\\/shopatoa.com\\\/ro\\\/satisfyer-vibrator-pentru-stimularea-clitorisului-curvy-1-white\\\/#primaryimage\",\"url\":\"https:\\\/\\\/storage.googleapis.com\\\/cz-shopatoa-img\\\/ro\\\/0e286e4a-unnamed-file.webp\",\"contentUrl\":\"https:\\\/\\\/storage.googleapis.com\\\/cz-shopatoa-img\\\/ro\\\/0e286e4a-unnamed-file.webp\",\"width\":800,\"height\":800},{\"@type\":\"BreadcrumbList\",\"@id\":\"https:\\\/\\\/shopatoa.com\\\/ro\\\/satisfyer-vibrator-pentru-stimularea-clitorisului-curvy-1-white\\\/#breadcrumb\",\"itemListElement\":[{\"@type\":\"ListItem\",\"position\":1,\"name\":\"Dom\u016f\",\"item\":\"https:\\\/\\\/shopatoa.com\\\/ro\\\/\"},{\"@type\":\"ListItem\",\"position\":2,\"name\":\"Shop\",\"item\":\"https:\\\/\\\/shopatoa.com\\\/ro\\\/shop\\\/\"},{\"@type\":\"ListItem\",\"position\":3,\"name\":\"Cosmetice\",\"item\":\"https:\\\/\\\/shopatoa.com\\\/ro\\\/cosmetice\\\/\"},{\"@type\":\"ListItem\",\"position\":4,\"name\":\"Produse cosmetice pentru corp\",\"item\":\"https:\\\/\\\/shopatoa.com\\\/ro\\\/produse-cosmetice-pentru-corp\\\/\"},{\"@type\":\"ListItem\",\"position\":5,\"name\":\"Juc\u0103rii sexy\",\"item\":\"https:\\\/\\\/shopatoa.com\\\/ro\\\/jucarii-sexy\\\/\"},{\"@type\":\"ListItem\",\"position\":6,\"name\":\"Juc\u0103rii si produse erotice\",\"item\":\"https:\\\/\\\/shopatoa.com\\\/ro\\\/jucarii-si-produse-erotice\\\/\"},{\"@type\":\"ListItem\",\"position\":7,\"name\":\"Satisfyer Vibrator pentru stimularea clitorisului Curvy 1+ White\"}]},{\"@type\":\"WebSite\",\"@id\":\"https:\\\/\\\/shopatoa.com\\\/ro\\\/#website\",\"url\":\"https:\\\/\\\/shopatoa.com\\\/ro\\\/\",\"name\":\"SHOPATOA\",\"description\":\"\",\"publisher\":{\"@id\":\"https:\\\/\\\/shopatoa.com\\\/ro\\\/#organization\"},\"potentialAction\":[{\"@type\":\"SearchAction\",\"target\":{\"@type\":\"EntryPoint\",\"urlTemplate\":\"https:\\\/\\\/shopatoa.com\\\/ro\\\/?s={search_term_string}\"},\"query-input\":{\"@type\":\"PropertyValueSpecification\",\"valueRequired\":true,\"valueName\":\"search_term_string\"}}],\"inLanguage\":\"ro-RO\"},{\"@type\":\"Organization\",\"@id\":\"https:\\\/\\\/shopatoa.com\\\/ro\\\/#organization\",\"name\":\"SHOPATOA\",\"url\":\"https:\\\/\\\/shopatoa.com\\\/ro\\\/\",\"logo\":{\"@type\":\"ImageObject\",\"inLanguage\":\"ro-RO\",\"@id\":\"https:\\\/\\\/shopatoa.com\\\/ro\\\/#\\\/schema\\\/logo\\\/image\\\/\",\"url\":\"https:\\\/\\\/storage.googleapis.com\\\/cz-shopatoa-img\\\/ro\\\/b4dac915-shopatoa_logo.png\",\"contentUrl\":\"https:\\\/\\\/storage.googleapis.com\\\/cz-shopatoa-img\\\/ro\\\/b4dac915-shopatoa_logo.png\",\"width\":416,\"height\":63,\"caption\":\"SHOPATOA\"},\"image\":{\"@id\":\"https:\\\/\\\/shopatoa.com\\\/ro\\\/#\\\/schema\\\/logo\\\/image\\\/\"}}]}<\/script>\n<!-- \/ Yoast SEO plugin. -->","yoast_head_json":{"title":"Satisfyer Vibrator pentru stimularea clitorisului Curvy 1+ White - SHOPATOA.COM","robots":{"index":"index","follow":"follow","max-snippet":"max-snippet:-1","max-image-preview":"max-image-preview:large","max-video-preview":"max-video-preview:-1"},"canonical":"https:\/\/shopatoa.com\/ro\/satisfyer-vibrator-pentru-stimularea-clitorisului-curvy-1-white\/","og_locale":"ro_RO","og_type":"article","og_title":"Satisfyer Vibrator pentru stimularea clitorisului Curvy 1+ White - SHOPATOA.COM","og_description":"Curvy 1+ stimuleaz\u0103 clitorisul cu o combina\u021bie de unde de presiune \u0219i vibra\u021bii intense, care sunt apreciate de femei ca fiind cele mai pl\u0103cute pentru stimularea clitorisului \u0219i pentru a ajuta la realizarea mai multor orgasmuri. Acest model ofer\u0103 11 intensit\u0103\u021bi ale undelor de presiune \u0219i 11 moduri de vibra\u021bii. Comenzile sunt independente una de...","og_url":"https:\/\/shopatoa.com\/ro\/satisfyer-vibrator-pentru-stimularea-clitorisului-curvy-1-white\/","og_site_name":"SHOPATOA","article_modified_time":"2025-09-27T07:48:11+00:00","og_image":[{"width":800,"height":800,"url":"https:\/\/storage.googleapis.com\/cz-shopatoa-img\/ro\/0e286e4a-unnamed-file.webp","type":"image\/webp"}],"twitter_card":"summary_large_image","twitter_misc":{"Timp estimat pentru citire":"1 minut"},"schema":{"@context":"https:\/\/schema.org","@graph":[{"@type":"WebPage","@id":"https:\/\/shopatoa.com\/ro\/satisfyer-vibrator-pentru-stimularea-clitorisului-curvy-1-white\/","url":"https:\/\/shopatoa.com\/ro\/satisfyer-vibrator-pentru-stimularea-clitorisului-curvy-1-white\/","name":"Satisfyer Vibrator pentru stimularea clitorisului Curvy 1+ White - SHOPATOA.COM","isPartOf":{"@id":"https:\/\/shopatoa.com\/ro\/#website"},"primaryImageOfPage":{"@id":"https:\/\/shopatoa.com\/ro\/satisfyer-vibrator-pentru-stimularea-clitorisului-curvy-1-white\/#primaryimage"},"image":{"@id":"https:\/\/shopatoa.com\/ro\/satisfyer-vibrator-pentru-stimularea-clitorisului-curvy-1-white\/#primaryimage"},"thumbnailUrl":"https:\/\/storage.googleapis.com\/cz-shopatoa-img\/ro\/0e286e4a-unnamed-file.webp","datePublished":"2025-04-30T20:20:30+00:00","dateModified":"2025-09-27T07:48:11+00:00","breadcrumb":{"@id":"https:\/\/shopatoa.com\/ro\/satisfyer-vibrator-pentru-stimularea-clitorisului-curvy-1-white\/#breadcrumb"},"inLanguage":"ro-RO","potentialAction":[{"@type":"ReadAction","target":["https:\/\/shopatoa.com\/ro\/satisfyer-vibrator-pentru-stimularea-clitorisului-curvy-1-white\/"]}]},{"@type":"ImageObject","inLanguage":"ro-RO","@id":"https:\/\/shopatoa.com\/ro\/satisfyer-vibrator-pentru-stimularea-clitorisului-curvy-1-white\/#primaryimage","url":"https:\/\/storage.googleapis.com\/cz-shopatoa-img\/ro\/0e286e4a-unnamed-file.webp","contentUrl":"https:\/\/storage.googleapis.com\/cz-shopatoa-img\/ro\/0e286e4a-unnamed-file.webp","width":800,"height":800},{"@type":"BreadcrumbList","@id":"https:\/\/shopatoa.com\/ro\/satisfyer-vibrator-pentru-stimularea-clitorisului-curvy-1-white\/#breadcrumb","itemListElement":[{"@type":"ListItem","position":1,"name":"Dom\u016f","item":"https:\/\/shopatoa.com\/ro\/"},{"@type":"ListItem","position":2,"name":"Shop","item":"https:\/\/shopatoa.com\/ro\/shop\/"},{"@type":"ListItem","position":3,"name":"Cosmetice","item":"https:\/\/shopatoa.com\/ro\/cosmetice\/"},{"@type":"ListItem","position":4,"name":"Produse cosmetice pentru corp","item":"https:\/\/shopatoa.com\/ro\/produse-cosmetice-pentru-corp\/"},{"@type":"ListItem","position":5,"name":"Juc\u0103rii sexy","item":"https:\/\/shopatoa.com\/ro\/jucarii-sexy\/"},{"@type":"ListItem","position":6,"name":"Juc\u0103rii si produse erotice","item":"https:\/\/shopatoa.com\/ro\/jucarii-si-produse-erotice\/"},{"@type":"ListItem","position":7,"name":"Satisfyer Vibrator pentru stimularea clitorisului Curvy 1+ White"}]},{"@type":"WebSite","@id":"https:\/\/shopatoa.com\/ro\/#website","url":"https:\/\/shopatoa.com\/ro\/","name":"SHOPATOA","description":"","publisher":{"@id":"https:\/\/shopatoa.com\/ro\/#organization"},"potentialAction":[{"@type":"SearchAction","target":{"@type":"EntryPoint","urlTemplate":"https:\/\/shopatoa.com\/ro\/?s={search_term_string}"},"query-input":{"@type":"PropertyValueSpecification","valueRequired":true,"valueName":"search_term_string"}}],"inLanguage":"ro-RO"},{"@type":"Organization","@id":"https:\/\/shopatoa.com\/ro\/#organization","name":"SHOPATOA","url":"https:\/\/shopatoa.com\/ro\/","logo":{"@type":"ImageObject","inLanguage":"ro-RO","@id":"https:\/\/shopatoa.com\/ro\/#\/schema\/logo\/image\/","url":"https:\/\/storage.googleapis.com\/cz-shopatoa-img\/ro\/b4dac915-shopatoa_logo.png","contentUrl":"https:\/\/storage.googleapis.com\/cz-shopatoa-img\/ro\/b4dac915-shopatoa_logo.png","width":416,"height":63,"caption":"SHOPATOA"},"image":{"@id":"https:\/\/shopatoa.com\/ro\/#\/schema\/logo\/image\/"}}]}},"_links":{"self":[{"href":"https:\/\/shopatoa.com\/ro\/wp-json\/wp\/v2\/product\/282434","targetHints":{"allow":["GET"]}}],"collection":[{"href":"https:\/\/shopatoa.com\/ro\/wp-json\/wp\/v2\/product"}],"about":[{"href":"https:\/\/shopatoa.com\/ro\/wp-json\/wp\/v2\/types\/product"}],"replies":[{"embeddable":true,"href":"https:\/\/shopatoa.com\/ro\/wp-json\/wp\/v2\/comments?post=282434"}],"wp:featuredmedia":[{"embeddable":true,"href":"https:\/\/shopatoa.com\/ro\/wp-json\/wp\/v2\/media\/282435"}],"wp:attachment":[{"href":"https:\/\/shopatoa.com\/ro\/wp-json\/wp\/v2\/media?parent=282434"}],"wp:term":[{"taxonomy":"product_brand","embeddable":true,"href":"https:\/\/shopatoa.com\/ro\/wp-json\/wp\/v2\/product_brand?post=282434"},{"taxonomy":"product_cat","embeddable":true,"href":"https:\/\/shopatoa.com\/ro\/wp-json\/wp\/v2\/product_cat?post=282434"},{"taxonomy":"product_tag","embeddable":true,"href":"https:\/\/shopatoa.com\/ro\/wp-json\/wp\/v2\/product_tag?post=282434"}],"curies":[{"name":"wp","href":"https:\/\/api.w.org\/{rel}","templated":true}]}}