{"id":282994,"date":"2025-04-30T23:16:55","date_gmt":"2025-04-30T21:16:55","guid":{"rendered":"https:\/\/shopatoa.com\/ro\/bumble-and-bumble-ser-de-ulei-bb-bond-building-repair-oil-serum-48-ml\/"},"modified":"2025-12-11T16:06:26","modified_gmt":"2025-12-11T15:06:26","slug":"bumble-and-bumble-ser-de-ulei-bb-bond-building-repair-oil-serum-48-ml","status":"publish","type":"product","link":"https:\/\/shopatoa.com\/ro\/bumble-and-bumble-ser-de-ulei-bb-bond-building-repair-oil-serum-48-ml\/","title":{"rendered":"Bumble and bumble Ser de ulei Bb. Bond-Building (Repair Oil Serum) 48 ml"},"content":{"rendered":"<p>Ser luxos de ulei sigileaz\u0103 v\u00e2rfurile despicate, u\u0219ureaz\u0103 piept\u0103narea p\u0103rului, reduce electrizarea \u0219i protejeaz\u0103 p\u0103rul \u00eempotriva coaf\u0103rii termice p\u00e2n\u0103 la 232 \u00b0C. Dup\u0103 utilizare, p\u0103rul dumneavostr\u0103 va fi moale \u0219i neted.<\/p>\n","protected":false},"excerpt":{"rendered":"<p>Ser luxos de ulei sigileaz\u0103 v\u00e2rfurile despicate, u\u0219ureaz\u0103 piept\u0103narea p\u0103rului, reduce electrizarea \u0219i protejeaz\u0103 p\u0103rul \u00eempotriva coaf\u0103rii termice p\u00e2n\u0103 la 232 \u00b0C. Dup\u0103 utilizare, p\u0103rul dumneavostr\u0103 va fi moale \u0219i neted.<\/p>\n","protected":false},"featured_media":282995,"comment_status":"closed","ping_status":"open","template":"","meta":{"_acf_changed":false,"_kadence_starter_templates_imported_post":false,"_kad_post_transparent":"","_kad_post_title":"","_kad_post_layout":"","_kad_post_sidebar_id":"","_kad_post_content_style":"","_kad_post_vertical_padding":"","_kad_post_feature":"","_kad_post_feature_position":"","_kad_post_header":false,"_kad_post_footer":false,"_kad_post_classname":""},"product_brand":[857],"product_cat":[246,696,623],"product_tag":[],"class_list":{"0":"post-282994","1":"product","2":"type-product","3":"status-publish","4":"has-post-thumbnail","6":"product_brand-bumble-and-bumble","7":"product_cat-cosmetice","8":"product_cat-ingrijirea-parului-fara-clatire","9":"product_cat-produse-cosmetice-pentru-par","11":"first","12":"instock","13":"sale","14":"product-type-external","15":"entry","16":"content-bg","17":"loop-entry"},"acf":[],"yoast_head":"<!-- This site is optimized with the Yoast SEO plugin v27.4 - https:\/\/yoast.com\/product\/yoast-seo-wordpress\/ -->\n<title>Bumble and bumble Ser de ulei Bb. Bond-Building (Repair Oil Serum) 48 ml - SHOPATOA.COM<\/title>\n<meta name=\"robots\" content=\"index, follow, max-snippet:-1, max-image-preview:large, max-video-preview:-1\" \/>\n<link rel=\"canonical\" href=\"https:\/\/shopatoa.com\/ro\/bumble-and-bumble-ser-de-ulei-bb-bond-building-repair-oil-serum-48-ml\/\" \/>\n<meta property=\"og:locale\" content=\"ro_RO\" \/>\n<meta property=\"og:type\" content=\"article\" \/>\n<meta property=\"og:title\" content=\"Bumble and bumble Ser de ulei Bb. Bond-Building (Repair Oil Serum) 48 ml - SHOPATOA.COM\" \/>\n<meta property=\"og:description\" content=\"Ser luxos de ulei sigileaz\u0103 v\u00e2rfurile despicate, u\u0219ureaz\u0103 piept\u0103narea p\u0103rului, reduce electrizarea \u0219i protejeaz\u0103 p\u0103rul \u00eempotriva coaf\u0103rii termice p\u00e2n\u0103 la 232 \u00b0C. Dup\u0103 utilizare, p\u0103rul dumneavostr\u0103 va fi moale \u0219i neted.\" \/>\n<meta property=\"og:url\" content=\"https:\/\/shopatoa.com\/ro\/bumble-and-bumble-ser-de-ulei-bb-bond-building-repair-oil-serum-48-ml\/\" \/>\n<meta property=\"og:site_name\" content=\"SHOPATOA\" \/>\n<meta property=\"article:modified_time\" content=\"2025-12-11T15:06:26+00:00\" \/>\n<meta property=\"og:image\" content=\"https:\/\/storage.googleapis.com\/cz-shopatoa-img\/ro\/7addab59-unnamed-file.webp\" \/>\n\t<meta property=\"og:image:width\" content=\"800\" \/>\n\t<meta property=\"og:image:height\" content=\"800\" \/>\n\t<meta property=\"og:image:type\" content=\"image\/webp\" \/>\n<meta name=\"twitter:card\" content=\"summary_large_image\" \/>\n<script type=\"application\/ld+json\" class=\"yoast-schema-graph\">{\"@context\":\"https:\\\/\\\/schema.org\",\"@graph\":[{\"@type\":\"WebPage\",\"@id\":\"https:\\\/\\\/shopatoa.com\\\/ro\\\/bumble-and-bumble-ser-de-ulei-bb-bond-building-repair-oil-serum-48-ml\\\/\",\"url\":\"https:\\\/\\\/shopatoa.com\\\/ro\\\/bumble-and-bumble-ser-de-ulei-bb-bond-building-repair-oil-serum-48-ml\\\/\",\"name\":\"Bumble and bumble Ser de ulei Bb. Bond-Building (Repair Oil Serum) 48 ml - SHOPATOA.COM\",\"isPartOf\":{\"@id\":\"https:\\\/\\\/shopatoa.com\\\/ro\\\/#website\"},\"primaryImageOfPage\":{\"@id\":\"https:\\\/\\\/shopatoa.com\\\/ro\\\/bumble-and-bumble-ser-de-ulei-bb-bond-building-repair-oil-serum-48-ml\\\/#primaryimage\"},\"image\":{\"@id\":\"https:\\\/\\\/shopatoa.com\\\/ro\\\/bumble-and-bumble-ser-de-ulei-bb-bond-building-repair-oil-serum-48-ml\\\/#primaryimage\"},\"thumbnailUrl\":\"https:\\\/\\\/storage.googleapis.com\\\/cz-shopatoa-img\\\/ro\\\/7addab59-unnamed-file.webp\",\"datePublished\":\"2025-04-30T21:16:55+00:00\",\"dateModified\":\"2025-12-11T15:06:26+00:00\",\"breadcrumb\":{\"@id\":\"https:\\\/\\\/shopatoa.com\\\/ro\\\/bumble-and-bumble-ser-de-ulei-bb-bond-building-repair-oil-serum-48-ml\\\/#breadcrumb\"},\"inLanguage\":\"ro-RO\",\"potentialAction\":[{\"@type\":\"ReadAction\",\"target\":[\"https:\\\/\\\/shopatoa.com\\\/ro\\\/bumble-and-bumble-ser-de-ulei-bb-bond-building-repair-oil-serum-48-ml\\\/\"]}]},{\"@type\":\"ImageObject\",\"inLanguage\":\"ro-RO\",\"@id\":\"https:\\\/\\\/shopatoa.com\\\/ro\\\/bumble-and-bumble-ser-de-ulei-bb-bond-building-repair-oil-serum-48-ml\\\/#primaryimage\",\"url\":\"https:\\\/\\\/storage.googleapis.com\\\/cz-shopatoa-img\\\/ro\\\/7addab59-unnamed-file.webp\",\"contentUrl\":\"https:\\\/\\\/storage.googleapis.com\\\/cz-shopatoa-img\\\/ro\\\/7addab59-unnamed-file.webp\",\"width\":800,\"height\":800},{\"@type\":\"BreadcrumbList\",\"@id\":\"https:\\\/\\\/shopatoa.com\\\/ro\\\/bumble-and-bumble-ser-de-ulei-bb-bond-building-repair-oil-serum-48-ml\\\/#breadcrumb\",\"itemListElement\":[{\"@type\":\"ListItem\",\"position\":1,\"name\":\"Dom\u016f\",\"item\":\"https:\\\/\\\/shopatoa.com\\\/ro\\\/\"},{\"@type\":\"ListItem\",\"position\":2,\"name\":\"Shop\",\"item\":\"https:\\\/\\\/shopatoa.com\\\/ro\\\/shop\\\/\"},{\"@type\":\"ListItem\",\"position\":3,\"name\":\"Cosmetice\",\"item\":\"https:\\\/\\\/shopatoa.com\\\/ro\\\/cosmetice\\\/\"},{\"@type\":\"ListItem\",\"position\":4,\"name\":\"Produse cosmetice pentru p\u0103r\",\"item\":\"https:\\\/\\\/shopatoa.com\\\/ro\\\/produse-cosmetice-pentru-par\\\/\"},{\"@type\":\"ListItem\",\"position\":5,\"name\":\"\u00cengrijirea p\u0103rului f\u0103r\u0103 cl\u0103tire\",\"item\":\"https:\\\/\\\/shopatoa.com\\\/ro\\\/ingrijirea-parului-fara-clatire\\\/\"},{\"@type\":\"ListItem\",\"position\":6,\"name\":\"Bumble and bumble Ser de ulei Bb. Bond-Building (Repair Oil Serum) 48 ml\"}]},{\"@type\":\"WebSite\",\"@id\":\"https:\\\/\\\/shopatoa.com\\\/ro\\\/#website\",\"url\":\"https:\\\/\\\/shopatoa.com\\\/ro\\\/\",\"name\":\"SHOPATOA\",\"description\":\"\",\"publisher\":{\"@id\":\"https:\\\/\\\/shopatoa.com\\\/ro\\\/#organization\"},\"potentialAction\":[{\"@type\":\"SearchAction\",\"target\":{\"@type\":\"EntryPoint\",\"urlTemplate\":\"https:\\\/\\\/shopatoa.com\\\/ro\\\/?s={search_term_string}\"},\"query-input\":{\"@type\":\"PropertyValueSpecification\",\"valueRequired\":true,\"valueName\":\"search_term_string\"}}],\"inLanguage\":\"ro-RO\"},{\"@type\":\"Organization\",\"@id\":\"https:\\\/\\\/shopatoa.com\\\/ro\\\/#organization\",\"name\":\"SHOPATOA\",\"url\":\"https:\\\/\\\/shopatoa.com\\\/ro\\\/\",\"logo\":{\"@type\":\"ImageObject\",\"inLanguage\":\"ro-RO\",\"@id\":\"https:\\\/\\\/shopatoa.com\\\/ro\\\/#\\\/schema\\\/logo\\\/image\\\/\",\"url\":\"https:\\\/\\\/storage.googleapis.com\\\/cz-shopatoa-img\\\/ro\\\/b4dac915-shopatoa_logo.png\",\"contentUrl\":\"https:\\\/\\\/storage.googleapis.com\\\/cz-shopatoa-img\\\/ro\\\/b4dac915-shopatoa_logo.png\",\"width\":416,\"height\":63,\"caption\":\"SHOPATOA\"},\"image\":{\"@id\":\"https:\\\/\\\/shopatoa.com\\\/ro\\\/#\\\/schema\\\/logo\\\/image\\\/\"}}]}<\/script>\n<!-- \/ Yoast SEO plugin. -->","yoast_head_json":{"title":"Bumble and bumble Ser de ulei Bb. Bond-Building (Repair Oil Serum) 48 ml - SHOPATOA.COM","robots":{"index":"index","follow":"follow","max-snippet":"max-snippet:-1","max-image-preview":"max-image-preview:large","max-video-preview":"max-video-preview:-1"},"canonical":"https:\/\/shopatoa.com\/ro\/bumble-and-bumble-ser-de-ulei-bb-bond-building-repair-oil-serum-48-ml\/","og_locale":"ro_RO","og_type":"article","og_title":"Bumble and bumble Ser de ulei Bb. Bond-Building (Repair Oil Serum) 48 ml - SHOPATOA.COM","og_description":"Ser luxos de ulei sigileaz\u0103 v\u00e2rfurile despicate, u\u0219ureaz\u0103 piept\u0103narea p\u0103rului, reduce electrizarea \u0219i protejeaz\u0103 p\u0103rul \u00eempotriva coaf\u0103rii termice p\u00e2n\u0103 la 232 \u00b0C. Dup\u0103 utilizare, p\u0103rul dumneavostr\u0103 va fi moale \u0219i neted.","og_url":"https:\/\/shopatoa.com\/ro\/bumble-and-bumble-ser-de-ulei-bb-bond-building-repair-oil-serum-48-ml\/","og_site_name":"SHOPATOA","article_modified_time":"2025-12-11T15:06:26+00:00","og_image":[{"width":800,"height":800,"url":"https:\/\/storage.googleapis.com\/cz-shopatoa-img\/ro\/7addab59-unnamed-file.webp","type":"image\/webp"}],"twitter_card":"summary_large_image","schema":{"@context":"https:\/\/schema.org","@graph":[{"@type":"WebPage","@id":"https:\/\/shopatoa.com\/ro\/bumble-and-bumble-ser-de-ulei-bb-bond-building-repair-oil-serum-48-ml\/","url":"https:\/\/shopatoa.com\/ro\/bumble-and-bumble-ser-de-ulei-bb-bond-building-repair-oil-serum-48-ml\/","name":"Bumble and bumble Ser de ulei Bb. Bond-Building (Repair Oil Serum) 48 ml - SHOPATOA.COM","isPartOf":{"@id":"https:\/\/shopatoa.com\/ro\/#website"},"primaryImageOfPage":{"@id":"https:\/\/shopatoa.com\/ro\/bumble-and-bumble-ser-de-ulei-bb-bond-building-repair-oil-serum-48-ml\/#primaryimage"},"image":{"@id":"https:\/\/shopatoa.com\/ro\/bumble-and-bumble-ser-de-ulei-bb-bond-building-repair-oil-serum-48-ml\/#primaryimage"},"thumbnailUrl":"https:\/\/storage.googleapis.com\/cz-shopatoa-img\/ro\/7addab59-unnamed-file.webp","datePublished":"2025-04-30T21:16:55+00:00","dateModified":"2025-12-11T15:06:26+00:00","breadcrumb":{"@id":"https:\/\/shopatoa.com\/ro\/bumble-and-bumble-ser-de-ulei-bb-bond-building-repair-oil-serum-48-ml\/#breadcrumb"},"inLanguage":"ro-RO","potentialAction":[{"@type":"ReadAction","target":["https:\/\/shopatoa.com\/ro\/bumble-and-bumble-ser-de-ulei-bb-bond-building-repair-oil-serum-48-ml\/"]}]},{"@type":"ImageObject","inLanguage":"ro-RO","@id":"https:\/\/shopatoa.com\/ro\/bumble-and-bumble-ser-de-ulei-bb-bond-building-repair-oil-serum-48-ml\/#primaryimage","url":"https:\/\/storage.googleapis.com\/cz-shopatoa-img\/ro\/7addab59-unnamed-file.webp","contentUrl":"https:\/\/storage.googleapis.com\/cz-shopatoa-img\/ro\/7addab59-unnamed-file.webp","width":800,"height":800},{"@type":"BreadcrumbList","@id":"https:\/\/shopatoa.com\/ro\/bumble-and-bumble-ser-de-ulei-bb-bond-building-repair-oil-serum-48-ml\/#breadcrumb","itemListElement":[{"@type":"ListItem","position":1,"name":"Dom\u016f","item":"https:\/\/shopatoa.com\/ro\/"},{"@type":"ListItem","position":2,"name":"Shop","item":"https:\/\/shopatoa.com\/ro\/shop\/"},{"@type":"ListItem","position":3,"name":"Cosmetice","item":"https:\/\/shopatoa.com\/ro\/cosmetice\/"},{"@type":"ListItem","position":4,"name":"Produse cosmetice pentru p\u0103r","item":"https:\/\/shopatoa.com\/ro\/produse-cosmetice-pentru-par\/"},{"@type":"ListItem","position":5,"name":"\u00cengrijirea p\u0103rului f\u0103r\u0103 cl\u0103tire","item":"https:\/\/shopatoa.com\/ro\/ingrijirea-parului-fara-clatire\/"},{"@type":"ListItem","position":6,"name":"Bumble and bumble Ser de ulei Bb. Bond-Building (Repair Oil Serum) 48 ml"}]},{"@type":"WebSite","@id":"https:\/\/shopatoa.com\/ro\/#website","url":"https:\/\/shopatoa.com\/ro\/","name":"SHOPATOA","description":"","publisher":{"@id":"https:\/\/shopatoa.com\/ro\/#organization"},"potentialAction":[{"@type":"SearchAction","target":{"@type":"EntryPoint","urlTemplate":"https:\/\/shopatoa.com\/ro\/?s={search_term_string}"},"query-input":{"@type":"PropertyValueSpecification","valueRequired":true,"valueName":"search_term_string"}}],"inLanguage":"ro-RO"},{"@type":"Organization","@id":"https:\/\/shopatoa.com\/ro\/#organization","name":"SHOPATOA","url":"https:\/\/shopatoa.com\/ro\/","logo":{"@type":"ImageObject","inLanguage":"ro-RO","@id":"https:\/\/shopatoa.com\/ro\/#\/schema\/logo\/image\/","url":"https:\/\/storage.googleapis.com\/cz-shopatoa-img\/ro\/b4dac915-shopatoa_logo.png","contentUrl":"https:\/\/storage.googleapis.com\/cz-shopatoa-img\/ro\/b4dac915-shopatoa_logo.png","width":416,"height":63,"caption":"SHOPATOA"},"image":{"@id":"https:\/\/shopatoa.com\/ro\/#\/schema\/logo\/image\/"}}]}},"_links":{"self":[{"href":"https:\/\/shopatoa.com\/ro\/wp-json\/wp\/v2\/product\/282994","targetHints":{"allow":["GET"]}}],"collection":[{"href":"https:\/\/shopatoa.com\/ro\/wp-json\/wp\/v2\/product"}],"about":[{"href":"https:\/\/shopatoa.com\/ro\/wp-json\/wp\/v2\/types\/product"}],"replies":[{"embeddable":true,"href":"https:\/\/shopatoa.com\/ro\/wp-json\/wp\/v2\/comments?post=282994"}],"wp:featuredmedia":[{"embeddable":true,"href":"https:\/\/shopatoa.com\/ro\/wp-json\/wp\/v2\/media\/282995"}],"wp:attachment":[{"href":"https:\/\/shopatoa.com\/ro\/wp-json\/wp\/v2\/media?parent=282994"}],"wp:term":[{"taxonomy":"product_brand","embeddable":true,"href":"https:\/\/shopatoa.com\/ro\/wp-json\/wp\/v2\/product_brand?post=282994"},{"taxonomy":"product_cat","embeddable":true,"href":"https:\/\/shopatoa.com\/ro\/wp-json\/wp\/v2\/product_cat?post=282994"},{"taxonomy":"product_tag","embeddable":true,"href":"https:\/\/shopatoa.com\/ro\/wp-json\/wp\/v2\/product_tag?post=282994"}],"curies":[{"name":"wp","href":"https:\/\/api.w.org\/{rel}","templated":true}]}}