{"id":283858,"date":"2025-05-01T01:01:06","date_gmt":"2025-04-30T23:01:06","guid":{"rendered":"https:\/\/shopatoa.com\/ro\/magnetifico-power-of-pheromones-lumanare-parfumata-afrodisiaca-tantra-magic-aphrodisiac-candle-200-g\/"},"modified":"2025-12-11T15:16:13","modified_gmt":"2025-12-11T14:16:13","slug":"magnetifico-power-of-pheromones-lumanare-parfumata-afrodisiaca-tantra-magic-aphrodisiac-candle-200-g","status":"publish","type":"product","link":"https:\/\/shopatoa.com\/ro\/magnetifico-power-of-pheromones-lumanare-parfumata-afrodisiaca-tantra-magic-aphrodisiac-candle-200-g\/","title":{"rendered":"Magnetifico Power Of Pheromones Lum\u00e2nare parfumat\u0103 afrodisiac\u0103 Tantra Magic (Aphrodisiac Candle) 200 g"},"content":{"rendered":"<p>Lum\u00e2nare parfumat\u0103 afrodisiac\u0103 din seria Magnetifico \u2013 power of pheromone pentru a crea o atmosfer\u0103 unic\u0103, intim\u0103 \u0219i seduc\u0103toare. Lum\u00e2n\u0103rile afrodisiace Magnetifico power of pheromones sunt concepute astfel \u00eenc\u00e2t parfumul special s\u0103 fie eliberat \u00een mod natural \u00een func\u021bie de temperatura ambiant\u0103 a camerei, chiar \u0219i atunci c\u00e2nd lum\u00e2narea nu arde. Mirosul nu este prea intens, miroase moale, discret \u0219i nu provoac\u0103 dureri de cap. Ac\u021bioneaz\u0103 subcon\u0219tient \u0219i delicat asupra sim\u021burilor tale \u0219i te ajut\u0103 s\u0103 stabile\u0219ti o atmosfer\u0103 de neuitat nu numai \u00een momentele tale intime. Este conceput\u0103 pentru a v\u0103 ajuta s\u0103 crea\u021bi atmosfera afrodisiac\u0103 potrivit\u0103 pentru seduc\u021bie, relaxare \u0219i a face dragoste. Lum\u00e2n\u0103rile Magnetifico \u2013 power of pheromones sunt realizate manual \u00een Republica Ceh\u0103. Datorit\u0103 designului lor luxos, acestea vor deveni un plus elegant pentru interiorul dumneavoastr\u0103. Datorit\u0103 designului lor luxos, acestea vor deveni un plus elegant pentru interiorul dumneavoastr\u0103. Lum\u00e2n\u0103rile Magnetifico \u2013 power of pheromones sunt produse folosind o tehnologie unic\u0103, \u00een care doar hidrocarbura pur\u0103, care nu con\u021bine sulf \u0219i uleiuri, este folosit\u0103 ca materie prim\u0103 de baz\u0103. Aceast\u0103 materie prim\u0103 se transform\u0103 doar \u00een vapori de ap\u0103 \u0219i dioxid de carbon atunci c\u00e2nd este ars\u0103. Colorarea se face \u00eentotdeauna \u00een stratul de suprafa\u021b\u0103 al lum\u00e2n\u0103rii pentru a preveni p\u0103trunderea culorii \u00een corpul lum\u00e2n\u0103rii. Acest lucru asigur\u0103 arderea netoxic\u0103. Componenta aromatic\u0103 a lum\u00e2n\u0103rii este \u00eengrijit\u0103 de parfumuri speciale, care sunt aplicate pe stratul de suprafa\u021b\u0103 al lum\u00e2n\u0103rii cu ajutorul ultrasunetelor. Prin urmare, uleiul aromat clasic nu este utilizat, ceea ce afecteaz\u0103 negativ organismul atunci c\u00e2nd este ars. Se folose\u0219te un fitil inteligent care nu se stinge \u0219i asigur\u0103 o flac\u0103r\u0103 curat\u0103, \u00eenalt\u0103 \u0219i str\u0103lucitoare. Lum\u00e2n\u0103rile sunt destinate celor care doresc s\u0103 creeze o atmosfera afrodisiac\u0103, seduc\u0103toare, pl\u0103cut\u0103, intim\u0103 ori de c\u00e2te ori este nevoie. De asemenea, va servi ca ajutor pentru relaxare dup\u0103 o zi grea. Datorit\u0103 ambalajului luxos \u0219i designului realizat manual, acestea pot servi \u0219i ca un cadou frumos sau un plus elegant pentru interiorul dvs.<\/p>\n","protected":false},"excerpt":{"rendered":"<p>Lum\u00e2nare parfumat\u0103 afrodisiac\u0103 din seria Magnetifico \u2013 power of pheromone pentru a crea o atmosfer\u0103 unic\u0103, intim\u0103 \u0219i seduc\u0103toare. Lum\u00e2n\u0103rile afrodisiace Magnetifico power of pheromones sunt concepute astfel \u00eenc\u00e2t parfumul special s\u0103 fie eliberat \u00een mod natural \u00een func\u021bie de temperatura ambiant\u0103 a camerei, chiar \u0219i atunci c\u00e2nd lum\u00e2narea nu arde. Mirosul nu este prea&#8230;<\/p>\n","protected":false},"featured_media":283860,"comment_status":"closed","ping_status":"open","template":"","meta":{"_acf_changed":false,"_kadence_starter_templates_imported_post":false,"_kad_post_transparent":"","_kad_post_title":"","_kad_post_layout":"","_kad_post_sidebar_id":"","_kad_post_content_style":"","_kad_post_vertical_padding":"","_kad_post_feature":"","_kad_post_feature_position":"","_kad_post_header":false,"_kad_post_footer":false,"_kad_post_classname":""},"product_brand":[978],"product_cat":[246,655,654,760],"product_tag":[],"class_list":{"0":"post-283858","1":"product","2":"type-product","3":"status-publish","4":"has-post-thumbnail","6":"product_brand-magnetifico-power-of-pheromones","7":"product_cat-cosmetice","8":"product_cat-lumanari-parfumate","9":"product_cat-lumanari-parfumate-si-arome","10":"product_cat-lumanari-parfumate-spoilerul","12":"first","13":"instock","14":"sale","15":"product-type-external","16":"entry","17":"content-bg","18":"loop-entry"},"acf":[],"yoast_head":"<!-- This site is optimized with the Yoast SEO plugin v27.4 - https:\/\/yoast.com\/product\/yoast-seo-wordpress\/ -->\n<title>Magnetifico Power Of Pheromones Lum\u00e2nare parfumat\u0103 afrodisiac\u0103 Tantra Magic (Aphrodisiac Candle) 200 g - SHOPATOA.COM<\/title>\n<meta name=\"robots\" content=\"index, follow, max-snippet:-1, max-image-preview:large, max-video-preview:-1\" \/>\n<link rel=\"canonical\" href=\"https:\/\/shopatoa.com\/ro\/magnetifico-power-of-pheromones-lumanare-parfumata-afrodisiaca-tantra-magic-aphrodisiac-candle-200-g\/\" \/>\n<meta property=\"og:locale\" content=\"ro_RO\" \/>\n<meta property=\"og:type\" content=\"article\" \/>\n<meta property=\"og:title\" content=\"Magnetifico Power Of Pheromones Lum\u00e2nare parfumat\u0103 afrodisiac\u0103 Tantra Magic (Aphrodisiac Candle) 200 g - SHOPATOA.COM\" \/>\n<meta property=\"og:description\" content=\"Lum\u00e2nare parfumat\u0103 afrodisiac\u0103 din seria Magnetifico \u2013 power of pheromone pentru a crea o atmosfer\u0103 unic\u0103, intim\u0103 \u0219i seduc\u0103toare. Lum\u00e2n\u0103rile afrodisiace Magnetifico power of pheromones sunt concepute astfel \u00eenc\u00e2t parfumul special s\u0103 fie eliberat \u00een mod natural \u00een func\u021bie de temperatura ambiant\u0103 a camerei, chiar \u0219i atunci c\u00e2nd lum\u00e2narea nu arde. Mirosul nu este prea...\" \/>\n<meta property=\"og:url\" content=\"https:\/\/shopatoa.com\/ro\/magnetifico-power-of-pheromones-lumanare-parfumata-afrodisiaca-tantra-magic-aphrodisiac-candle-200-g\/\" \/>\n<meta property=\"og:site_name\" content=\"SHOPATOA\" \/>\n<meta property=\"article:modified_time\" content=\"2025-12-11T14:16:13+00:00\" \/>\n<meta property=\"og:image\" content=\"https:\/\/storage.googleapis.com\/cz-shopatoa-img\/ro\/241f710d-unnamed-file.webp\" \/>\n\t<meta property=\"og:image:width\" content=\"800\" \/>\n\t<meta property=\"og:image:height\" content=\"800\" \/>\n\t<meta property=\"og:image:type\" content=\"image\/webp\" \/>\n<meta name=\"twitter:card\" content=\"summary_large_image\" \/>\n<meta name=\"twitter:label1\" content=\"Timp estimat pentru citire\" \/>\n\t<meta name=\"twitter:data1\" content=\"2 minute\" \/>\n<script type=\"application\/ld+json\" class=\"yoast-schema-graph\">{\"@context\":\"https:\\\/\\\/schema.org\",\"@graph\":[{\"@type\":\"WebPage\",\"@id\":\"https:\\\/\\\/shopatoa.com\\\/ro\\\/magnetifico-power-of-pheromones-lumanare-parfumata-afrodisiaca-tantra-magic-aphrodisiac-candle-200-g\\\/\",\"url\":\"https:\\\/\\\/shopatoa.com\\\/ro\\\/magnetifico-power-of-pheromones-lumanare-parfumata-afrodisiaca-tantra-magic-aphrodisiac-candle-200-g\\\/\",\"name\":\"Magnetifico Power Of Pheromones Lum\u00e2nare parfumat\u0103 afrodisiac\u0103 Tantra Magic (Aphrodisiac Candle) 200 g - SHOPATOA.COM\",\"isPartOf\":{\"@id\":\"https:\\\/\\\/shopatoa.com\\\/ro\\\/#website\"},\"primaryImageOfPage\":{\"@id\":\"https:\\\/\\\/shopatoa.com\\\/ro\\\/magnetifico-power-of-pheromones-lumanare-parfumata-afrodisiaca-tantra-magic-aphrodisiac-candle-200-g\\\/#primaryimage\"},\"image\":{\"@id\":\"https:\\\/\\\/shopatoa.com\\\/ro\\\/magnetifico-power-of-pheromones-lumanare-parfumata-afrodisiaca-tantra-magic-aphrodisiac-candle-200-g\\\/#primaryimage\"},\"thumbnailUrl\":\"https:\\\/\\\/storage.googleapis.com\\\/cz-shopatoa-img\\\/ro\\\/241f710d-unnamed-file.webp\",\"datePublished\":\"2025-04-30T23:01:06+00:00\",\"dateModified\":\"2025-12-11T14:16:13+00:00\",\"breadcrumb\":{\"@id\":\"https:\\\/\\\/shopatoa.com\\\/ro\\\/magnetifico-power-of-pheromones-lumanare-parfumata-afrodisiaca-tantra-magic-aphrodisiac-candle-200-g\\\/#breadcrumb\"},\"inLanguage\":\"ro-RO\",\"potentialAction\":[{\"@type\":\"ReadAction\",\"target\":[\"https:\\\/\\\/shopatoa.com\\\/ro\\\/magnetifico-power-of-pheromones-lumanare-parfumata-afrodisiaca-tantra-magic-aphrodisiac-candle-200-g\\\/\"]}]},{\"@type\":\"ImageObject\",\"inLanguage\":\"ro-RO\",\"@id\":\"https:\\\/\\\/shopatoa.com\\\/ro\\\/magnetifico-power-of-pheromones-lumanare-parfumata-afrodisiaca-tantra-magic-aphrodisiac-candle-200-g\\\/#primaryimage\",\"url\":\"https:\\\/\\\/storage.googleapis.com\\\/cz-shopatoa-img\\\/ro\\\/241f710d-unnamed-file.webp\",\"contentUrl\":\"https:\\\/\\\/storage.googleapis.com\\\/cz-shopatoa-img\\\/ro\\\/241f710d-unnamed-file.webp\",\"width\":800,\"height\":800},{\"@type\":\"BreadcrumbList\",\"@id\":\"https:\\\/\\\/shopatoa.com\\\/ro\\\/magnetifico-power-of-pheromones-lumanare-parfumata-afrodisiaca-tantra-magic-aphrodisiac-candle-200-g\\\/#breadcrumb\",\"itemListElement\":[{\"@type\":\"ListItem\",\"position\":1,\"name\":\"Dom\u016f\",\"item\":\"https:\\\/\\\/shopatoa.com\\\/ro\\\/\"},{\"@type\":\"ListItem\",\"position\":2,\"name\":\"Shop\",\"item\":\"https:\\\/\\\/shopatoa.com\\\/ro\\\/shop\\\/\"},{\"@type\":\"ListItem\",\"position\":3,\"name\":\"Cosmetice\",\"item\":\"https:\\\/\\\/shopatoa.com\\\/ro\\\/cosmetice\\\/\"},{\"@type\":\"ListItem\",\"position\":4,\"name\":\"Lum\u00e2n\u0103ri parfumate \u0219i arome\",\"item\":\"https:\\\/\\\/shopatoa.com\\\/ro\\\/lumanari-parfumate-si-arome\\\/\"},{\"@type\":\"ListItem\",\"position\":5,\"name\":\"Lum\u00e2n\u0103ri parfumate\",\"item\":\"https:\\\/\\\/shopatoa.com\\\/ro\\\/lumanari-parfumate\\\/\"},{\"@type\":\"ListItem\",\"position\":6,\"name\":\"Lumanari parfumate Spoilerul\",\"item\":\"https:\\\/\\\/shopatoa.com\\\/ro\\\/lumanari-parfumate-spoilerul\\\/\"},{\"@type\":\"ListItem\",\"position\":7,\"name\":\"Magnetifico Power Of Pheromones Lum\u00e2nare parfumat\u0103 afrodisiac\u0103 Tantra Magic (Aphrodisiac Candle) 200 g\"}]},{\"@type\":\"WebSite\",\"@id\":\"https:\\\/\\\/shopatoa.com\\\/ro\\\/#website\",\"url\":\"https:\\\/\\\/shopatoa.com\\\/ro\\\/\",\"name\":\"SHOPATOA\",\"description\":\"\",\"publisher\":{\"@id\":\"https:\\\/\\\/shopatoa.com\\\/ro\\\/#organization\"},\"potentialAction\":[{\"@type\":\"SearchAction\",\"target\":{\"@type\":\"EntryPoint\",\"urlTemplate\":\"https:\\\/\\\/shopatoa.com\\\/ro\\\/?s={search_term_string}\"},\"query-input\":{\"@type\":\"PropertyValueSpecification\",\"valueRequired\":true,\"valueName\":\"search_term_string\"}}],\"inLanguage\":\"ro-RO\"},{\"@type\":\"Organization\",\"@id\":\"https:\\\/\\\/shopatoa.com\\\/ro\\\/#organization\",\"name\":\"SHOPATOA\",\"url\":\"https:\\\/\\\/shopatoa.com\\\/ro\\\/\",\"logo\":{\"@type\":\"ImageObject\",\"inLanguage\":\"ro-RO\",\"@id\":\"https:\\\/\\\/shopatoa.com\\\/ro\\\/#\\\/schema\\\/logo\\\/image\\\/\",\"url\":\"https:\\\/\\\/storage.googleapis.com\\\/cz-shopatoa-img\\\/ro\\\/b4dac915-shopatoa_logo.png\",\"contentUrl\":\"https:\\\/\\\/storage.googleapis.com\\\/cz-shopatoa-img\\\/ro\\\/b4dac915-shopatoa_logo.png\",\"width\":416,\"height\":63,\"caption\":\"SHOPATOA\"},\"image\":{\"@id\":\"https:\\\/\\\/shopatoa.com\\\/ro\\\/#\\\/schema\\\/logo\\\/image\\\/\"}}]}<\/script>\n<!-- \/ Yoast SEO plugin. -->","yoast_head_json":{"title":"Magnetifico Power Of Pheromones Lum\u00e2nare parfumat\u0103 afrodisiac\u0103 Tantra Magic (Aphrodisiac Candle) 200 g - SHOPATOA.COM","robots":{"index":"index","follow":"follow","max-snippet":"max-snippet:-1","max-image-preview":"max-image-preview:large","max-video-preview":"max-video-preview:-1"},"canonical":"https:\/\/shopatoa.com\/ro\/magnetifico-power-of-pheromones-lumanare-parfumata-afrodisiaca-tantra-magic-aphrodisiac-candle-200-g\/","og_locale":"ro_RO","og_type":"article","og_title":"Magnetifico Power Of Pheromones Lum\u00e2nare parfumat\u0103 afrodisiac\u0103 Tantra Magic (Aphrodisiac Candle) 200 g - SHOPATOA.COM","og_description":"Lum\u00e2nare parfumat\u0103 afrodisiac\u0103 din seria Magnetifico \u2013 power of pheromone pentru a crea o atmosfer\u0103 unic\u0103, intim\u0103 \u0219i seduc\u0103toare. Lum\u00e2n\u0103rile afrodisiace Magnetifico power of pheromones sunt concepute astfel \u00eenc\u00e2t parfumul special s\u0103 fie eliberat \u00een mod natural \u00een func\u021bie de temperatura ambiant\u0103 a camerei, chiar \u0219i atunci c\u00e2nd lum\u00e2narea nu arde. Mirosul nu este prea...","og_url":"https:\/\/shopatoa.com\/ro\/magnetifico-power-of-pheromones-lumanare-parfumata-afrodisiaca-tantra-magic-aphrodisiac-candle-200-g\/","og_site_name":"SHOPATOA","article_modified_time":"2025-12-11T14:16:13+00:00","og_image":[{"width":800,"height":800,"url":"https:\/\/storage.googleapis.com\/cz-shopatoa-img\/ro\/241f710d-unnamed-file.webp","type":"image\/webp"}],"twitter_card":"summary_large_image","twitter_misc":{"Timp estimat pentru citire":"2 minute"},"schema":{"@context":"https:\/\/schema.org","@graph":[{"@type":"WebPage","@id":"https:\/\/shopatoa.com\/ro\/magnetifico-power-of-pheromones-lumanare-parfumata-afrodisiaca-tantra-magic-aphrodisiac-candle-200-g\/","url":"https:\/\/shopatoa.com\/ro\/magnetifico-power-of-pheromones-lumanare-parfumata-afrodisiaca-tantra-magic-aphrodisiac-candle-200-g\/","name":"Magnetifico Power Of Pheromones Lum\u00e2nare parfumat\u0103 afrodisiac\u0103 Tantra Magic (Aphrodisiac Candle) 200 g - SHOPATOA.COM","isPartOf":{"@id":"https:\/\/shopatoa.com\/ro\/#website"},"primaryImageOfPage":{"@id":"https:\/\/shopatoa.com\/ro\/magnetifico-power-of-pheromones-lumanare-parfumata-afrodisiaca-tantra-magic-aphrodisiac-candle-200-g\/#primaryimage"},"image":{"@id":"https:\/\/shopatoa.com\/ro\/magnetifico-power-of-pheromones-lumanare-parfumata-afrodisiaca-tantra-magic-aphrodisiac-candle-200-g\/#primaryimage"},"thumbnailUrl":"https:\/\/storage.googleapis.com\/cz-shopatoa-img\/ro\/241f710d-unnamed-file.webp","datePublished":"2025-04-30T23:01:06+00:00","dateModified":"2025-12-11T14:16:13+00:00","breadcrumb":{"@id":"https:\/\/shopatoa.com\/ro\/magnetifico-power-of-pheromones-lumanare-parfumata-afrodisiaca-tantra-magic-aphrodisiac-candle-200-g\/#breadcrumb"},"inLanguage":"ro-RO","potentialAction":[{"@type":"ReadAction","target":["https:\/\/shopatoa.com\/ro\/magnetifico-power-of-pheromones-lumanare-parfumata-afrodisiaca-tantra-magic-aphrodisiac-candle-200-g\/"]}]},{"@type":"ImageObject","inLanguage":"ro-RO","@id":"https:\/\/shopatoa.com\/ro\/magnetifico-power-of-pheromones-lumanare-parfumata-afrodisiaca-tantra-magic-aphrodisiac-candle-200-g\/#primaryimage","url":"https:\/\/storage.googleapis.com\/cz-shopatoa-img\/ro\/241f710d-unnamed-file.webp","contentUrl":"https:\/\/storage.googleapis.com\/cz-shopatoa-img\/ro\/241f710d-unnamed-file.webp","width":800,"height":800},{"@type":"BreadcrumbList","@id":"https:\/\/shopatoa.com\/ro\/magnetifico-power-of-pheromones-lumanare-parfumata-afrodisiaca-tantra-magic-aphrodisiac-candle-200-g\/#breadcrumb","itemListElement":[{"@type":"ListItem","position":1,"name":"Dom\u016f","item":"https:\/\/shopatoa.com\/ro\/"},{"@type":"ListItem","position":2,"name":"Shop","item":"https:\/\/shopatoa.com\/ro\/shop\/"},{"@type":"ListItem","position":3,"name":"Cosmetice","item":"https:\/\/shopatoa.com\/ro\/cosmetice\/"},{"@type":"ListItem","position":4,"name":"Lum\u00e2n\u0103ri parfumate \u0219i arome","item":"https:\/\/shopatoa.com\/ro\/lumanari-parfumate-si-arome\/"},{"@type":"ListItem","position":5,"name":"Lum\u00e2n\u0103ri parfumate","item":"https:\/\/shopatoa.com\/ro\/lumanari-parfumate\/"},{"@type":"ListItem","position":6,"name":"Lumanari parfumate Spoilerul","item":"https:\/\/shopatoa.com\/ro\/lumanari-parfumate-spoilerul\/"},{"@type":"ListItem","position":7,"name":"Magnetifico Power Of Pheromones Lum\u00e2nare parfumat\u0103 afrodisiac\u0103 Tantra Magic (Aphrodisiac Candle) 200 g"}]},{"@type":"WebSite","@id":"https:\/\/shopatoa.com\/ro\/#website","url":"https:\/\/shopatoa.com\/ro\/","name":"SHOPATOA","description":"","publisher":{"@id":"https:\/\/shopatoa.com\/ro\/#organization"},"potentialAction":[{"@type":"SearchAction","target":{"@type":"EntryPoint","urlTemplate":"https:\/\/shopatoa.com\/ro\/?s={search_term_string}"},"query-input":{"@type":"PropertyValueSpecification","valueRequired":true,"valueName":"search_term_string"}}],"inLanguage":"ro-RO"},{"@type":"Organization","@id":"https:\/\/shopatoa.com\/ro\/#organization","name":"SHOPATOA","url":"https:\/\/shopatoa.com\/ro\/","logo":{"@type":"ImageObject","inLanguage":"ro-RO","@id":"https:\/\/shopatoa.com\/ro\/#\/schema\/logo\/image\/","url":"https:\/\/storage.googleapis.com\/cz-shopatoa-img\/ro\/b4dac915-shopatoa_logo.png","contentUrl":"https:\/\/storage.googleapis.com\/cz-shopatoa-img\/ro\/b4dac915-shopatoa_logo.png","width":416,"height":63,"caption":"SHOPATOA"},"image":{"@id":"https:\/\/shopatoa.com\/ro\/#\/schema\/logo\/image\/"}}]}},"_links":{"self":[{"href":"https:\/\/shopatoa.com\/ro\/wp-json\/wp\/v2\/product\/283858","targetHints":{"allow":["GET"]}}],"collection":[{"href":"https:\/\/shopatoa.com\/ro\/wp-json\/wp\/v2\/product"}],"about":[{"href":"https:\/\/shopatoa.com\/ro\/wp-json\/wp\/v2\/types\/product"}],"replies":[{"embeddable":true,"href":"https:\/\/shopatoa.com\/ro\/wp-json\/wp\/v2\/comments?post=283858"}],"wp:featuredmedia":[{"embeddable":true,"href":"https:\/\/shopatoa.com\/ro\/wp-json\/wp\/v2\/media\/283860"}],"wp:attachment":[{"href":"https:\/\/shopatoa.com\/ro\/wp-json\/wp\/v2\/media?parent=283858"}],"wp:term":[{"taxonomy":"product_brand","embeddable":true,"href":"https:\/\/shopatoa.com\/ro\/wp-json\/wp\/v2\/product_brand?post=283858"},{"taxonomy":"product_cat","embeddable":true,"href":"https:\/\/shopatoa.com\/ro\/wp-json\/wp\/v2\/product_cat?post=283858"},{"taxonomy":"product_tag","embeddable":true,"href":"https:\/\/shopatoa.com\/ro\/wp-json\/wp\/v2\/product_tag?post=283858"}],"curies":[{"name":"wp","href":"https:\/\/api.w.org\/{rel}","templated":true}]}}