{"id":283870,"date":"2025-05-01T01:01:38","date_gmt":"2025-04-30T23:01:38","guid":{"rendered":"https:\/\/shopatoa.com\/ro\/magnetifico-power-of-pheromones-lumanare-de-masaj-enjoy-it-blackcurrant-and-kiwi-massage-candle-70-ml\/"},"modified":"2025-12-11T15:16:02","modified_gmt":"2025-12-11T14:16:02","slug":"magnetifico-power-of-pheromones-lumanare-de-masaj-enjoy-it-blackcurrant-and-kiwi-massage-candle-70-ml","status":"publish","type":"product","link":"https:\/\/shopatoa.com\/ro\/magnetifico-power-of-pheromones-lumanare-de-masaj-enjoy-it-blackcurrant-and-kiwi-massage-candle-70-ml\/","title":{"rendered":"Magnetifico Power Of Pheromones Lum\u00e2nare de masaj Enjoy it! Blackcurrant and Kiwi (Massage Candle) 70 ml"},"content":{"rendered":"<p>Tr\u0103i\u021bi momente de neuitat pline de relaxare \u0219i emo\u021bie \u00een acela\u0219i timp. Bucura\u021bi-v\u0103 de lum\u00e2n\u0103rile de masaj din ce \u00een ce mai populare, care combin\u0103 romantismul cu o atmosfer\u0103 relaxant\u0103, dar intim\u0103. Lum\u00e2narea con\u021bine un amestec special format din unt de shea, ulei de nuca de cocos, cear\u0103 de albine \u0219i alte ingrediente, care se dizolv\u0103 \u00eentr-o emulsie de masaj \u00een c\u00e2teva minute dup\u0103 aprinderea lum\u00e2n\u0103rii, pe care apoi o turna\u021bi pe corpul partenerului \u0219i \u00eei oferi un masaj de neuitat. Compozi\u021bie premium pentru lum\u00e2n\u0103ri de masaj Enjoy it! \u00een acela\u0219i timp, hidrateaz\u0103, hr\u0103ne\u0219te \u0219i regenereaz\u0103 pielea, datorit\u0103 c\u0103ruia r\u0103m\u00e2ne moale la atingere, iar parfumul senzual \u00ee\u021bi spore\u0219te experien\u021b\u0103 momentelor petrecute \u00eempreun\u0103.<\/p>\n","protected":false},"excerpt":{"rendered":"<p>Tr\u0103i\u021bi momente de neuitat pline de relaxare \u0219i emo\u021bie \u00een acela\u0219i timp. Bucura\u021bi-v\u0103 de lum\u00e2n\u0103rile de masaj din ce \u00een ce mai populare, care combin\u0103 romantismul cu o atmosfer\u0103 relaxant\u0103, dar intim\u0103. Lum\u00e2narea con\u021bine un amestec special format din unt de shea, ulei de nuca de cocos, cear\u0103 de albine \u0219i alte ingrediente, care se&#8230;<\/p>\n","protected":false},"featured_media":283872,"comment_status":"closed","ping_status":"open","template":"","meta":{"_acf_changed":false,"_kadence_starter_templates_imported_post":false,"_kad_post_transparent":"","_kad_post_title":"","_kad_post_layout":"","_kad_post_sidebar_id":"","_kad_post_content_style":"","_kad_post_vertical_padding":"","_kad_post_feature":"","_kad_post_feature_position":"","_kad_post_header":false,"_kad_post_footer":false,"_kad_post_classname":""},"product_brand":[978],"product_cat":[246,676,677,611],"product_tag":[],"class_list":{"0":"post-283870","1":"product","2":"type-product","3":"status-publish","4":"has-post-thumbnail","6":"product_brand-magnetifico-power-of-pheromones","7":"product_cat-cosmetice","8":"product_cat-dispozitive-si-preparate-pentru-masaj","9":"product_cat-preparate-de-masaj","10":"product_cat-produse-cosmetice-pentru-corp","12":"first","13":"instock","14":"product-type-external","15":"entry","16":"content-bg","17":"loop-entry"},"acf":[],"yoast_head":"<!-- This site is optimized with the Yoast SEO plugin v27.4 - https:\/\/yoast.com\/product\/yoast-seo-wordpress\/ -->\n<title>Magnetifico Power Of Pheromones Lum\u00e2nare de masaj Enjoy it! Blackcurrant and Kiwi (Massage Candle) 70 ml - SHOPATOA.COM<\/title>\n<meta name=\"robots\" content=\"index, follow, max-snippet:-1, max-image-preview:large, max-video-preview:-1\" \/>\n<link rel=\"canonical\" href=\"https:\/\/shopatoa.com\/ro\/magnetifico-power-of-pheromones-lumanare-de-masaj-enjoy-it-blackcurrant-and-kiwi-massage-candle-70-ml\/\" \/>\n<meta property=\"og:locale\" content=\"ro_RO\" \/>\n<meta property=\"og:type\" content=\"article\" \/>\n<meta property=\"og:title\" content=\"Magnetifico Power Of Pheromones Lum\u00e2nare de masaj Enjoy it! Blackcurrant and Kiwi (Massage Candle) 70 ml - SHOPATOA.COM\" \/>\n<meta property=\"og:description\" content=\"Tr\u0103i\u021bi momente de neuitat pline de relaxare \u0219i emo\u021bie \u00een acela\u0219i timp. Bucura\u021bi-v\u0103 de lum\u00e2n\u0103rile de masaj din ce \u00een ce mai populare, care combin\u0103 romantismul cu o atmosfer\u0103 relaxant\u0103, dar intim\u0103. Lum\u00e2narea con\u021bine un amestec special format din unt de shea, ulei de nuca de cocos, cear\u0103 de albine \u0219i alte ingrediente, care se...\" \/>\n<meta property=\"og:url\" content=\"https:\/\/shopatoa.com\/ro\/magnetifico-power-of-pheromones-lumanare-de-masaj-enjoy-it-blackcurrant-and-kiwi-massage-candle-70-ml\/\" \/>\n<meta property=\"og:site_name\" content=\"SHOPATOA\" \/>\n<meta property=\"article:modified_time\" content=\"2025-12-11T14:16:02+00:00\" \/>\n<meta property=\"og:image\" content=\"https:\/\/storage.googleapis.com\/cz-shopatoa-img\/ro\/e8b23b9b-unnamed-file.webp\" \/>\n\t<meta property=\"og:image:width\" content=\"800\" \/>\n\t<meta property=\"og:image:height\" content=\"800\" \/>\n\t<meta property=\"og:image:type\" content=\"image\/webp\" \/>\n<meta name=\"twitter:card\" content=\"summary_large_image\" \/>\n<meta name=\"twitter:label1\" content=\"Timp estimat pentru citire\" \/>\n\t<meta name=\"twitter:data1\" content=\"1 minut\" \/>\n<script type=\"application\/ld+json\" class=\"yoast-schema-graph\">{\"@context\":\"https:\\\/\\\/schema.org\",\"@graph\":[{\"@type\":\"WebPage\",\"@id\":\"https:\\\/\\\/shopatoa.com\\\/ro\\\/magnetifico-power-of-pheromones-lumanare-de-masaj-enjoy-it-blackcurrant-and-kiwi-massage-candle-70-ml\\\/\",\"url\":\"https:\\\/\\\/shopatoa.com\\\/ro\\\/magnetifico-power-of-pheromones-lumanare-de-masaj-enjoy-it-blackcurrant-and-kiwi-massage-candle-70-ml\\\/\",\"name\":\"Magnetifico Power Of Pheromones Lum\u00e2nare de masaj Enjoy it! Blackcurrant and Kiwi (Massage Candle) 70 ml - SHOPATOA.COM\",\"isPartOf\":{\"@id\":\"https:\\\/\\\/shopatoa.com\\\/ro\\\/#website\"},\"primaryImageOfPage\":{\"@id\":\"https:\\\/\\\/shopatoa.com\\\/ro\\\/magnetifico-power-of-pheromones-lumanare-de-masaj-enjoy-it-blackcurrant-and-kiwi-massage-candle-70-ml\\\/#primaryimage\"},\"image\":{\"@id\":\"https:\\\/\\\/shopatoa.com\\\/ro\\\/magnetifico-power-of-pheromones-lumanare-de-masaj-enjoy-it-blackcurrant-and-kiwi-massage-candle-70-ml\\\/#primaryimage\"},\"thumbnailUrl\":\"https:\\\/\\\/storage.googleapis.com\\\/cz-shopatoa-img\\\/ro\\\/e8b23b9b-unnamed-file.webp\",\"datePublished\":\"2025-04-30T23:01:38+00:00\",\"dateModified\":\"2025-12-11T14:16:02+00:00\",\"breadcrumb\":{\"@id\":\"https:\\\/\\\/shopatoa.com\\\/ro\\\/magnetifico-power-of-pheromones-lumanare-de-masaj-enjoy-it-blackcurrant-and-kiwi-massage-candle-70-ml\\\/#breadcrumb\"},\"inLanguage\":\"ro-RO\",\"potentialAction\":[{\"@type\":\"ReadAction\",\"target\":[\"https:\\\/\\\/shopatoa.com\\\/ro\\\/magnetifico-power-of-pheromones-lumanare-de-masaj-enjoy-it-blackcurrant-and-kiwi-massage-candle-70-ml\\\/\"]}]},{\"@type\":\"ImageObject\",\"inLanguage\":\"ro-RO\",\"@id\":\"https:\\\/\\\/shopatoa.com\\\/ro\\\/magnetifico-power-of-pheromones-lumanare-de-masaj-enjoy-it-blackcurrant-and-kiwi-massage-candle-70-ml\\\/#primaryimage\",\"url\":\"https:\\\/\\\/storage.googleapis.com\\\/cz-shopatoa-img\\\/ro\\\/e8b23b9b-unnamed-file.webp\",\"contentUrl\":\"https:\\\/\\\/storage.googleapis.com\\\/cz-shopatoa-img\\\/ro\\\/e8b23b9b-unnamed-file.webp\",\"width\":800,\"height\":800},{\"@type\":\"BreadcrumbList\",\"@id\":\"https:\\\/\\\/shopatoa.com\\\/ro\\\/magnetifico-power-of-pheromones-lumanare-de-masaj-enjoy-it-blackcurrant-and-kiwi-massage-candle-70-ml\\\/#breadcrumb\",\"itemListElement\":[{\"@type\":\"ListItem\",\"position\":1,\"name\":\"Dom\u016f\",\"item\":\"https:\\\/\\\/shopatoa.com\\\/ro\\\/\"},{\"@type\":\"ListItem\",\"position\":2,\"name\":\"Shop\",\"item\":\"https:\\\/\\\/shopatoa.com\\\/ro\\\/shop\\\/\"},{\"@type\":\"ListItem\",\"position\":3,\"name\":\"Cosmetice\",\"item\":\"https:\\\/\\\/shopatoa.com\\\/ro\\\/cosmetice\\\/\"},{\"@type\":\"ListItem\",\"position\":4,\"name\":\"Produse cosmetice pentru corp\",\"item\":\"https:\\\/\\\/shopatoa.com\\\/ro\\\/produse-cosmetice-pentru-corp\\\/\"},{\"@type\":\"ListItem\",\"position\":5,\"name\":\"Dispozitive \u0219i preparate pentru masaj\",\"item\":\"https:\\\/\\\/shopatoa.com\\\/ro\\\/dispozitive-si-preparate-pentru-masaj\\\/\"},{\"@type\":\"ListItem\",\"position\":6,\"name\":\"Preparate de masaj\",\"item\":\"https:\\\/\\\/shopatoa.com\\\/ro\\\/preparate-de-masaj\\\/\"},{\"@type\":\"ListItem\",\"position\":7,\"name\":\"Magnetifico Power Of Pheromones Lum\u00e2nare de masaj Enjoy it! Blackcurrant and Kiwi (Massage Candle) 70 ml\"}]},{\"@type\":\"WebSite\",\"@id\":\"https:\\\/\\\/shopatoa.com\\\/ro\\\/#website\",\"url\":\"https:\\\/\\\/shopatoa.com\\\/ro\\\/\",\"name\":\"SHOPATOA\",\"description\":\"\",\"publisher\":{\"@id\":\"https:\\\/\\\/shopatoa.com\\\/ro\\\/#organization\"},\"potentialAction\":[{\"@type\":\"SearchAction\",\"target\":{\"@type\":\"EntryPoint\",\"urlTemplate\":\"https:\\\/\\\/shopatoa.com\\\/ro\\\/?s={search_term_string}\"},\"query-input\":{\"@type\":\"PropertyValueSpecification\",\"valueRequired\":true,\"valueName\":\"search_term_string\"}}],\"inLanguage\":\"ro-RO\"},{\"@type\":\"Organization\",\"@id\":\"https:\\\/\\\/shopatoa.com\\\/ro\\\/#organization\",\"name\":\"SHOPATOA\",\"url\":\"https:\\\/\\\/shopatoa.com\\\/ro\\\/\",\"logo\":{\"@type\":\"ImageObject\",\"inLanguage\":\"ro-RO\",\"@id\":\"https:\\\/\\\/shopatoa.com\\\/ro\\\/#\\\/schema\\\/logo\\\/image\\\/\",\"url\":\"https:\\\/\\\/storage.googleapis.com\\\/cz-shopatoa-img\\\/ro\\\/b4dac915-shopatoa_logo.png\",\"contentUrl\":\"https:\\\/\\\/storage.googleapis.com\\\/cz-shopatoa-img\\\/ro\\\/b4dac915-shopatoa_logo.png\",\"width\":416,\"height\":63,\"caption\":\"SHOPATOA\"},\"image\":{\"@id\":\"https:\\\/\\\/shopatoa.com\\\/ro\\\/#\\\/schema\\\/logo\\\/image\\\/\"}}]}<\/script>\n<!-- \/ Yoast SEO plugin. -->","yoast_head_json":{"title":"Magnetifico Power Of Pheromones Lum\u00e2nare de masaj Enjoy it! Blackcurrant and Kiwi (Massage Candle) 70 ml - SHOPATOA.COM","robots":{"index":"index","follow":"follow","max-snippet":"max-snippet:-1","max-image-preview":"max-image-preview:large","max-video-preview":"max-video-preview:-1"},"canonical":"https:\/\/shopatoa.com\/ro\/magnetifico-power-of-pheromones-lumanare-de-masaj-enjoy-it-blackcurrant-and-kiwi-massage-candle-70-ml\/","og_locale":"ro_RO","og_type":"article","og_title":"Magnetifico Power Of Pheromones Lum\u00e2nare de masaj Enjoy it! Blackcurrant and Kiwi (Massage Candle) 70 ml - SHOPATOA.COM","og_description":"Tr\u0103i\u021bi momente de neuitat pline de relaxare \u0219i emo\u021bie \u00een acela\u0219i timp. Bucura\u021bi-v\u0103 de lum\u00e2n\u0103rile de masaj din ce \u00een ce mai populare, care combin\u0103 romantismul cu o atmosfer\u0103 relaxant\u0103, dar intim\u0103. Lum\u00e2narea con\u021bine un amestec special format din unt de shea, ulei de nuca de cocos, cear\u0103 de albine \u0219i alte ingrediente, care se...","og_url":"https:\/\/shopatoa.com\/ro\/magnetifico-power-of-pheromones-lumanare-de-masaj-enjoy-it-blackcurrant-and-kiwi-massage-candle-70-ml\/","og_site_name":"SHOPATOA","article_modified_time":"2025-12-11T14:16:02+00:00","og_image":[{"width":800,"height":800,"url":"https:\/\/storage.googleapis.com\/cz-shopatoa-img\/ro\/e8b23b9b-unnamed-file.webp","type":"image\/webp"}],"twitter_card":"summary_large_image","twitter_misc":{"Timp estimat pentru citire":"1 minut"},"schema":{"@context":"https:\/\/schema.org","@graph":[{"@type":"WebPage","@id":"https:\/\/shopatoa.com\/ro\/magnetifico-power-of-pheromones-lumanare-de-masaj-enjoy-it-blackcurrant-and-kiwi-massage-candle-70-ml\/","url":"https:\/\/shopatoa.com\/ro\/magnetifico-power-of-pheromones-lumanare-de-masaj-enjoy-it-blackcurrant-and-kiwi-massage-candle-70-ml\/","name":"Magnetifico Power Of Pheromones Lum\u00e2nare de masaj Enjoy it! Blackcurrant and Kiwi (Massage Candle) 70 ml - SHOPATOA.COM","isPartOf":{"@id":"https:\/\/shopatoa.com\/ro\/#website"},"primaryImageOfPage":{"@id":"https:\/\/shopatoa.com\/ro\/magnetifico-power-of-pheromones-lumanare-de-masaj-enjoy-it-blackcurrant-and-kiwi-massage-candle-70-ml\/#primaryimage"},"image":{"@id":"https:\/\/shopatoa.com\/ro\/magnetifico-power-of-pheromones-lumanare-de-masaj-enjoy-it-blackcurrant-and-kiwi-massage-candle-70-ml\/#primaryimage"},"thumbnailUrl":"https:\/\/storage.googleapis.com\/cz-shopatoa-img\/ro\/e8b23b9b-unnamed-file.webp","datePublished":"2025-04-30T23:01:38+00:00","dateModified":"2025-12-11T14:16:02+00:00","breadcrumb":{"@id":"https:\/\/shopatoa.com\/ro\/magnetifico-power-of-pheromones-lumanare-de-masaj-enjoy-it-blackcurrant-and-kiwi-massage-candle-70-ml\/#breadcrumb"},"inLanguage":"ro-RO","potentialAction":[{"@type":"ReadAction","target":["https:\/\/shopatoa.com\/ro\/magnetifico-power-of-pheromones-lumanare-de-masaj-enjoy-it-blackcurrant-and-kiwi-massage-candle-70-ml\/"]}]},{"@type":"ImageObject","inLanguage":"ro-RO","@id":"https:\/\/shopatoa.com\/ro\/magnetifico-power-of-pheromones-lumanare-de-masaj-enjoy-it-blackcurrant-and-kiwi-massage-candle-70-ml\/#primaryimage","url":"https:\/\/storage.googleapis.com\/cz-shopatoa-img\/ro\/e8b23b9b-unnamed-file.webp","contentUrl":"https:\/\/storage.googleapis.com\/cz-shopatoa-img\/ro\/e8b23b9b-unnamed-file.webp","width":800,"height":800},{"@type":"BreadcrumbList","@id":"https:\/\/shopatoa.com\/ro\/magnetifico-power-of-pheromones-lumanare-de-masaj-enjoy-it-blackcurrant-and-kiwi-massage-candle-70-ml\/#breadcrumb","itemListElement":[{"@type":"ListItem","position":1,"name":"Dom\u016f","item":"https:\/\/shopatoa.com\/ro\/"},{"@type":"ListItem","position":2,"name":"Shop","item":"https:\/\/shopatoa.com\/ro\/shop\/"},{"@type":"ListItem","position":3,"name":"Cosmetice","item":"https:\/\/shopatoa.com\/ro\/cosmetice\/"},{"@type":"ListItem","position":4,"name":"Produse cosmetice pentru corp","item":"https:\/\/shopatoa.com\/ro\/produse-cosmetice-pentru-corp\/"},{"@type":"ListItem","position":5,"name":"Dispozitive \u0219i preparate pentru masaj","item":"https:\/\/shopatoa.com\/ro\/dispozitive-si-preparate-pentru-masaj\/"},{"@type":"ListItem","position":6,"name":"Preparate de masaj","item":"https:\/\/shopatoa.com\/ro\/preparate-de-masaj\/"},{"@type":"ListItem","position":7,"name":"Magnetifico Power Of Pheromones Lum\u00e2nare de masaj Enjoy it! Blackcurrant and Kiwi (Massage Candle) 70 ml"}]},{"@type":"WebSite","@id":"https:\/\/shopatoa.com\/ro\/#website","url":"https:\/\/shopatoa.com\/ro\/","name":"SHOPATOA","description":"","publisher":{"@id":"https:\/\/shopatoa.com\/ro\/#organization"},"potentialAction":[{"@type":"SearchAction","target":{"@type":"EntryPoint","urlTemplate":"https:\/\/shopatoa.com\/ro\/?s={search_term_string}"},"query-input":{"@type":"PropertyValueSpecification","valueRequired":true,"valueName":"search_term_string"}}],"inLanguage":"ro-RO"},{"@type":"Organization","@id":"https:\/\/shopatoa.com\/ro\/#organization","name":"SHOPATOA","url":"https:\/\/shopatoa.com\/ro\/","logo":{"@type":"ImageObject","inLanguage":"ro-RO","@id":"https:\/\/shopatoa.com\/ro\/#\/schema\/logo\/image\/","url":"https:\/\/storage.googleapis.com\/cz-shopatoa-img\/ro\/b4dac915-shopatoa_logo.png","contentUrl":"https:\/\/storage.googleapis.com\/cz-shopatoa-img\/ro\/b4dac915-shopatoa_logo.png","width":416,"height":63,"caption":"SHOPATOA"},"image":{"@id":"https:\/\/shopatoa.com\/ro\/#\/schema\/logo\/image\/"}}]}},"_links":{"self":[{"href":"https:\/\/shopatoa.com\/ro\/wp-json\/wp\/v2\/product\/283870","targetHints":{"allow":["GET"]}}],"collection":[{"href":"https:\/\/shopatoa.com\/ro\/wp-json\/wp\/v2\/product"}],"about":[{"href":"https:\/\/shopatoa.com\/ro\/wp-json\/wp\/v2\/types\/product"}],"replies":[{"embeddable":true,"href":"https:\/\/shopatoa.com\/ro\/wp-json\/wp\/v2\/comments?post=283870"}],"wp:featuredmedia":[{"embeddable":true,"href":"https:\/\/shopatoa.com\/ro\/wp-json\/wp\/v2\/media\/283872"}],"wp:attachment":[{"href":"https:\/\/shopatoa.com\/ro\/wp-json\/wp\/v2\/media?parent=283870"}],"wp:term":[{"taxonomy":"product_brand","embeddable":true,"href":"https:\/\/shopatoa.com\/ro\/wp-json\/wp\/v2\/product_brand?post=283870"},{"taxonomy":"product_cat","embeddable":true,"href":"https:\/\/shopatoa.com\/ro\/wp-json\/wp\/v2\/product_cat?post=283870"},{"taxonomy":"product_tag","embeddable":true,"href":"https:\/\/shopatoa.com\/ro\/wp-json\/wp\/v2\/product_tag?post=283870"}],"curies":[{"name":"wp","href":"https:\/\/api.w.org\/{rel}","templated":true}]}}