{"id":284022,"date":"2025-05-01T01:21:04","date_gmt":"2025-04-30T23:21:04","guid":{"rendered":"https:\/\/shopatoa.com\/ro\/tony-moly-emulsie-pentru-piele-intense-care-gold-24k-snail-emulsion-130-ml\/"},"modified":"2025-12-11T15:13:36","modified_gmt":"2025-12-11T14:13:36","slug":"tony-moly-emulsie-pentru-piele-intense-care-gold-24k-snail-emulsion-130-ml","status":"publish","type":"product","link":"https:\/\/shopatoa.com\/ro\/tony-moly-emulsie-pentru-piele-intense-care-gold-24k-snail-emulsion-130-ml\/","title":{"rendered":"Tony Moly Emulsie pentru piele Intense Care Gold 24K Snail (Emulsion) 130 ml"},"content":{"rendered":"<p>Emulsie cu secre\u021bie de melc fermentat\u0103 \u0219i extract de aur de 24 de carate, care ofer\u0103 fermitate \u0219i elasticitate pielii. Se absoarbe u\u0219or, las\u0103 pielea moale si proasp\u0103t\u0103, regleaz\u0103 echilibrul de sebum \u0219i umiditate \u0219i catifeleaz\u0103 textura pielii. Ideal\u0103 pentru hr\u0103nirea pielii obosite \u0219i aspre.<\/p>\n","protected":false},"excerpt":{"rendered":"<p>Emulsie cu secre\u021bie de melc fermentat\u0103 \u0219i extract de aur de 24 de carate, care ofer\u0103 fermitate \u0219i elasticitate pielii. Se absoarbe u\u0219or, las\u0103 pielea moale si proasp\u0103t\u0103, regleaz\u0103 echilibrul de sebum \u0219i umiditate \u0219i catifeleaz\u0103 textura pielii. Ideal\u0103 pentru hr\u0103nirea pielii obosite \u0219i aspre.<\/p>\n","protected":false},"featured_media":284024,"comment_status":"closed","ping_status":"open","template":"","meta":{"_acf_changed":false,"_kadence_starter_templates_imported_post":false,"_kad_post_transparent":"","_kad_post_title":"","_kad_post_layout":"","_kad_post_sidebar_id":"","_kad_post_content_style":"","_kad_post_vertical_padding":"","_kad_post_feature":"","_kad_post_feature_position":"","_kad_post_header":false,"_kad_post_footer":false,"_kad_post_classname":""},"product_brand":[1228],"product_cat":[246,635,634,633],"product_tag":[],"class_list":{"0":"post-284022","1":"product","2":"type-product","3":"status-publish","4":"has-post-thumbnail","6":"product_brand-tony-moly","7":"product_cat-cosmetice","8":"product_cat-hidratarea-si-nutritia-pielii","9":"product_cat-produse-cosmetice-de-ingrijire-a-pielii","10":"product_cat-produse-cosmetice-pentru-piele","12":"first","13":"instock","14":"product-type-external","15":"entry","16":"content-bg","17":"loop-entry"},"acf":[],"yoast_head":"<!-- This site is optimized with the Yoast SEO plugin v27.3 - https:\/\/yoast.com\/product\/yoast-seo-wordpress\/ -->\n<title>Tony Moly Emulsie pentru piele Intense Care Gold 24K Snail (Emulsion) 130 ml - SHOPATOA.COM<\/title>\n<meta name=\"robots\" content=\"index, follow, max-snippet:-1, max-image-preview:large, max-video-preview:-1\" \/>\n<link rel=\"canonical\" href=\"https:\/\/shopatoa.com\/ro\/tony-moly-emulsie-pentru-piele-intense-care-gold-24k-snail-emulsion-130-ml\/\" \/>\n<meta property=\"og:locale\" content=\"ro_RO\" \/>\n<meta property=\"og:type\" content=\"article\" \/>\n<meta property=\"og:title\" content=\"Tony Moly Emulsie pentru piele Intense Care Gold 24K Snail (Emulsion) 130 ml - SHOPATOA.COM\" \/>\n<meta property=\"og:description\" content=\"Emulsie cu secre\u021bie de melc fermentat\u0103 \u0219i extract de aur de 24 de carate, care ofer\u0103 fermitate \u0219i elasticitate pielii. Se absoarbe u\u0219or, las\u0103 pielea moale si proasp\u0103t\u0103, regleaz\u0103 echilibrul de sebum \u0219i umiditate \u0219i catifeleaz\u0103 textura pielii. Ideal\u0103 pentru hr\u0103nirea pielii obosite \u0219i aspre.\" \/>\n<meta property=\"og:url\" content=\"https:\/\/shopatoa.com\/ro\/tony-moly-emulsie-pentru-piele-intense-care-gold-24k-snail-emulsion-130-ml\/\" \/>\n<meta property=\"og:site_name\" content=\"SHOPATOA\" \/>\n<meta property=\"article:modified_time\" content=\"2025-12-11T14:13:36+00:00\" \/>\n<meta property=\"og:image\" content=\"https:\/\/storage.googleapis.com\/cz-shopatoa-img\/ro\/97578877-unnamed-file.webp\" \/>\n\t<meta property=\"og:image:width\" content=\"800\" \/>\n\t<meta property=\"og:image:height\" content=\"800\" \/>\n\t<meta property=\"og:image:type\" content=\"image\/webp\" \/>\n<meta name=\"twitter:card\" content=\"summary_large_image\" \/>\n<script type=\"application\/ld+json\" class=\"yoast-schema-graph\">{\"@context\":\"https:\\\/\\\/schema.org\",\"@graph\":[{\"@type\":\"WebPage\",\"@id\":\"https:\\\/\\\/shopatoa.com\\\/ro\\\/tony-moly-emulsie-pentru-piele-intense-care-gold-24k-snail-emulsion-130-ml\\\/\",\"url\":\"https:\\\/\\\/shopatoa.com\\\/ro\\\/tony-moly-emulsie-pentru-piele-intense-care-gold-24k-snail-emulsion-130-ml\\\/\",\"name\":\"Tony Moly Emulsie pentru piele Intense Care Gold 24K Snail (Emulsion) 130 ml - SHOPATOA.COM\",\"isPartOf\":{\"@id\":\"https:\\\/\\\/shopatoa.com\\\/ro\\\/#website\"},\"primaryImageOfPage\":{\"@id\":\"https:\\\/\\\/shopatoa.com\\\/ro\\\/tony-moly-emulsie-pentru-piele-intense-care-gold-24k-snail-emulsion-130-ml\\\/#primaryimage\"},\"image\":{\"@id\":\"https:\\\/\\\/shopatoa.com\\\/ro\\\/tony-moly-emulsie-pentru-piele-intense-care-gold-24k-snail-emulsion-130-ml\\\/#primaryimage\"},\"thumbnailUrl\":\"https:\\\/\\\/storage.googleapis.com\\\/cz-shopatoa-img\\\/ro\\\/97578877-unnamed-file.webp\",\"datePublished\":\"2025-04-30T23:21:04+00:00\",\"dateModified\":\"2025-12-11T14:13:36+00:00\",\"breadcrumb\":{\"@id\":\"https:\\\/\\\/shopatoa.com\\\/ro\\\/tony-moly-emulsie-pentru-piele-intense-care-gold-24k-snail-emulsion-130-ml\\\/#breadcrumb\"},\"inLanguage\":\"ro-RO\",\"potentialAction\":[{\"@type\":\"ReadAction\",\"target\":[\"https:\\\/\\\/shopatoa.com\\\/ro\\\/tony-moly-emulsie-pentru-piele-intense-care-gold-24k-snail-emulsion-130-ml\\\/\"]}]},{\"@type\":\"ImageObject\",\"inLanguage\":\"ro-RO\",\"@id\":\"https:\\\/\\\/shopatoa.com\\\/ro\\\/tony-moly-emulsie-pentru-piele-intense-care-gold-24k-snail-emulsion-130-ml\\\/#primaryimage\",\"url\":\"https:\\\/\\\/storage.googleapis.com\\\/cz-shopatoa-img\\\/ro\\\/97578877-unnamed-file.webp\",\"contentUrl\":\"https:\\\/\\\/storage.googleapis.com\\\/cz-shopatoa-img\\\/ro\\\/97578877-unnamed-file.webp\",\"width\":800,\"height\":800},{\"@type\":\"BreadcrumbList\",\"@id\":\"https:\\\/\\\/shopatoa.com\\\/ro\\\/tony-moly-emulsie-pentru-piele-intense-care-gold-24k-snail-emulsion-130-ml\\\/#breadcrumb\",\"itemListElement\":[{\"@type\":\"ListItem\",\"position\":1,\"name\":\"Dom\u016f\",\"item\":\"https:\\\/\\\/shopatoa.com\\\/ro\\\/\"},{\"@type\":\"ListItem\",\"position\":2,\"name\":\"Shop\",\"item\":\"https:\\\/\\\/shopatoa.com\\\/ro\\\/shop\\\/\"},{\"@type\":\"ListItem\",\"position\":3,\"name\":\"Cosmetice\",\"item\":\"https:\\\/\\\/shopatoa.com\\\/ro\\\/cosmetice\\\/\"},{\"@type\":\"ListItem\",\"position\":4,\"name\":\"Produse cosmetice pentru piele\",\"item\":\"https:\\\/\\\/shopatoa.com\\\/ro\\\/produse-cosmetice-pentru-piele\\\/\"},{\"@type\":\"ListItem\",\"position\":5,\"name\":\"Produse cosmetice de \u00eengrijire a pielii\",\"item\":\"https:\\\/\\\/shopatoa.com\\\/ro\\\/produse-cosmetice-de-ingrijire-a-pielii\\\/\"},{\"@type\":\"ListItem\",\"position\":6,\"name\":\"Hidratarea \u0219i nutri\u021bia pielii\",\"item\":\"https:\\\/\\\/shopatoa.com\\\/ro\\\/hidratarea-si-nutritia-pielii\\\/\"},{\"@type\":\"ListItem\",\"position\":7,\"name\":\"Tony Moly Emulsie pentru piele Intense Care Gold 24K Snail (Emulsion) 130 ml\"}]},{\"@type\":\"WebSite\",\"@id\":\"https:\\\/\\\/shopatoa.com\\\/ro\\\/#website\",\"url\":\"https:\\\/\\\/shopatoa.com\\\/ro\\\/\",\"name\":\"SHOPATOA\",\"description\":\"\",\"publisher\":{\"@id\":\"https:\\\/\\\/shopatoa.com\\\/ro\\\/#organization\"},\"potentialAction\":[{\"@type\":\"SearchAction\",\"target\":{\"@type\":\"EntryPoint\",\"urlTemplate\":\"https:\\\/\\\/shopatoa.com\\\/ro\\\/?s={search_term_string}\"},\"query-input\":{\"@type\":\"PropertyValueSpecification\",\"valueRequired\":true,\"valueName\":\"search_term_string\"}}],\"inLanguage\":\"ro-RO\"},{\"@type\":\"Organization\",\"@id\":\"https:\\\/\\\/shopatoa.com\\\/ro\\\/#organization\",\"name\":\"SHOPATOA\",\"url\":\"https:\\\/\\\/shopatoa.com\\\/ro\\\/\",\"logo\":{\"@type\":\"ImageObject\",\"inLanguage\":\"ro-RO\",\"@id\":\"https:\\\/\\\/shopatoa.com\\\/ro\\\/#\\\/schema\\\/logo\\\/image\\\/\",\"url\":\"https:\\\/\\\/storage.googleapis.com\\\/cz-shopatoa-img\\\/ro\\\/b4dac915-shopatoa_logo.png\",\"contentUrl\":\"https:\\\/\\\/storage.googleapis.com\\\/cz-shopatoa-img\\\/ro\\\/b4dac915-shopatoa_logo.png\",\"width\":416,\"height\":63,\"caption\":\"SHOPATOA\"},\"image\":{\"@id\":\"https:\\\/\\\/shopatoa.com\\\/ro\\\/#\\\/schema\\\/logo\\\/image\\\/\"}}]}<\/script>\n<!-- \/ Yoast SEO plugin. -->","yoast_head_json":{"title":"Tony Moly Emulsie pentru piele Intense Care Gold 24K Snail (Emulsion) 130 ml - SHOPATOA.COM","robots":{"index":"index","follow":"follow","max-snippet":"max-snippet:-1","max-image-preview":"max-image-preview:large","max-video-preview":"max-video-preview:-1"},"canonical":"https:\/\/shopatoa.com\/ro\/tony-moly-emulsie-pentru-piele-intense-care-gold-24k-snail-emulsion-130-ml\/","og_locale":"ro_RO","og_type":"article","og_title":"Tony Moly Emulsie pentru piele Intense Care Gold 24K Snail (Emulsion) 130 ml - SHOPATOA.COM","og_description":"Emulsie cu secre\u021bie de melc fermentat\u0103 \u0219i extract de aur de 24 de carate, care ofer\u0103 fermitate \u0219i elasticitate pielii. Se absoarbe u\u0219or, las\u0103 pielea moale si proasp\u0103t\u0103, regleaz\u0103 echilibrul de sebum \u0219i umiditate \u0219i catifeleaz\u0103 textura pielii. Ideal\u0103 pentru hr\u0103nirea pielii obosite \u0219i aspre.","og_url":"https:\/\/shopatoa.com\/ro\/tony-moly-emulsie-pentru-piele-intense-care-gold-24k-snail-emulsion-130-ml\/","og_site_name":"SHOPATOA","article_modified_time":"2025-12-11T14:13:36+00:00","og_image":[{"width":800,"height":800,"url":"https:\/\/storage.googleapis.com\/cz-shopatoa-img\/ro\/97578877-unnamed-file.webp","type":"image\/webp"}],"twitter_card":"summary_large_image","schema":{"@context":"https:\/\/schema.org","@graph":[{"@type":"WebPage","@id":"https:\/\/shopatoa.com\/ro\/tony-moly-emulsie-pentru-piele-intense-care-gold-24k-snail-emulsion-130-ml\/","url":"https:\/\/shopatoa.com\/ro\/tony-moly-emulsie-pentru-piele-intense-care-gold-24k-snail-emulsion-130-ml\/","name":"Tony Moly Emulsie pentru piele Intense Care Gold 24K Snail (Emulsion) 130 ml - SHOPATOA.COM","isPartOf":{"@id":"https:\/\/shopatoa.com\/ro\/#website"},"primaryImageOfPage":{"@id":"https:\/\/shopatoa.com\/ro\/tony-moly-emulsie-pentru-piele-intense-care-gold-24k-snail-emulsion-130-ml\/#primaryimage"},"image":{"@id":"https:\/\/shopatoa.com\/ro\/tony-moly-emulsie-pentru-piele-intense-care-gold-24k-snail-emulsion-130-ml\/#primaryimage"},"thumbnailUrl":"https:\/\/storage.googleapis.com\/cz-shopatoa-img\/ro\/97578877-unnamed-file.webp","datePublished":"2025-04-30T23:21:04+00:00","dateModified":"2025-12-11T14:13:36+00:00","breadcrumb":{"@id":"https:\/\/shopatoa.com\/ro\/tony-moly-emulsie-pentru-piele-intense-care-gold-24k-snail-emulsion-130-ml\/#breadcrumb"},"inLanguage":"ro-RO","potentialAction":[{"@type":"ReadAction","target":["https:\/\/shopatoa.com\/ro\/tony-moly-emulsie-pentru-piele-intense-care-gold-24k-snail-emulsion-130-ml\/"]}]},{"@type":"ImageObject","inLanguage":"ro-RO","@id":"https:\/\/shopatoa.com\/ro\/tony-moly-emulsie-pentru-piele-intense-care-gold-24k-snail-emulsion-130-ml\/#primaryimage","url":"https:\/\/storage.googleapis.com\/cz-shopatoa-img\/ro\/97578877-unnamed-file.webp","contentUrl":"https:\/\/storage.googleapis.com\/cz-shopatoa-img\/ro\/97578877-unnamed-file.webp","width":800,"height":800},{"@type":"BreadcrumbList","@id":"https:\/\/shopatoa.com\/ro\/tony-moly-emulsie-pentru-piele-intense-care-gold-24k-snail-emulsion-130-ml\/#breadcrumb","itemListElement":[{"@type":"ListItem","position":1,"name":"Dom\u016f","item":"https:\/\/shopatoa.com\/ro\/"},{"@type":"ListItem","position":2,"name":"Shop","item":"https:\/\/shopatoa.com\/ro\/shop\/"},{"@type":"ListItem","position":3,"name":"Cosmetice","item":"https:\/\/shopatoa.com\/ro\/cosmetice\/"},{"@type":"ListItem","position":4,"name":"Produse cosmetice pentru piele","item":"https:\/\/shopatoa.com\/ro\/produse-cosmetice-pentru-piele\/"},{"@type":"ListItem","position":5,"name":"Produse cosmetice de \u00eengrijire a pielii","item":"https:\/\/shopatoa.com\/ro\/produse-cosmetice-de-ingrijire-a-pielii\/"},{"@type":"ListItem","position":6,"name":"Hidratarea \u0219i nutri\u021bia pielii","item":"https:\/\/shopatoa.com\/ro\/hidratarea-si-nutritia-pielii\/"},{"@type":"ListItem","position":7,"name":"Tony Moly Emulsie pentru piele Intense Care Gold 24K Snail (Emulsion) 130 ml"}]},{"@type":"WebSite","@id":"https:\/\/shopatoa.com\/ro\/#website","url":"https:\/\/shopatoa.com\/ro\/","name":"SHOPATOA","description":"","publisher":{"@id":"https:\/\/shopatoa.com\/ro\/#organization"},"potentialAction":[{"@type":"SearchAction","target":{"@type":"EntryPoint","urlTemplate":"https:\/\/shopatoa.com\/ro\/?s={search_term_string}"},"query-input":{"@type":"PropertyValueSpecification","valueRequired":true,"valueName":"search_term_string"}}],"inLanguage":"ro-RO"},{"@type":"Organization","@id":"https:\/\/shopatoa.com\/ro\/#organization","name":"SHOPATOA","url":"https:\/\/shopatoa.com\/ro\/","logo":{"@type":"ImageObject","inLanguage":"ro-RO","@id":"https:\/\/shopatoa.com\/ro\/#\/schema\/logo\/image\/","url":"https:\/\/storage.googleapis.com\/cz-shopatoa-img\/ro\/b4dac915-shopatoa_logo.png","contentUrl":"https:\/\/storage.googleapis.com\/cz-shopatoa-img\/ro\/b4dac915-shopatoa_logo.png","width":416,"height":63,"caption":"SHOPATOA"},"image":{"@id":"https:\/\/shopatoa.com\/ro\/#\/schema\/logo\/image\/"}}]}},"_links":{"self":[{"href":"https:\/\/shopatoa.com\/ro\/wp-json\/wp\/v2\/product\/284022","targetHints":{"allow":["GET"]}}],"collection":[{"href":"https:\/\/shopatoa.com\/ro\/wp-json\/wp\/v2\/product"}],"about":[{"href":"https:\/\/shopatoa.com\/ro\/wp-json\/wp\/v2\/types\/product"}],"replies":[{"embeddable":true,"href":"https:\/\/shopatoa.com\/ro\/wp-json\/wp\/v2\/comments?post=284022"}],"wp:featuredmedia":[{"embeddable":true,"href":"https:\/\/shopatoa.com\/ro\/wp-json\/wp\/v2\/media\/284024"}],"wp:attachment":[{"href":"https:\/\/shopatoa.com\/ro\/wp-json\/wp\/v2\/media?parent=284022"}],"wp:term":[{"taxonomy":"product_brand","embeddable":true,"href":"https:\/\/shopatoa.com\/ro\/wp-json\/wp\/v2\/product_brand?post=284022"},{"taxonomy":"product_cat","embeddable":true,"href":"https:\/\/shopatoa.com\/ro\/wp-json\/wp\/v2\/product_cat?post=284022"},{"taxonomy":"product_tag","embeddable":true,"href":"https:\/\/shopatoa.com\/ro\/wp-json\/wp\/v2\/product_tag?post=284022"}],"curies":[{"name":"wp","href":"https:\/\/api.w.org\/{rel}","templated":true}]}}