{"id":284148,"date":"2025-05-01T01:36:21","date_gmt":"2025-04-30T23:36:21","guid":{"rendered":"https:\/\/shopatoa.com\/ro\/magnetifico-power-of-pheromones-parfum-cu-feromoni-pentru-femei-pheromone-selection-50-ml\/"},"modified":"2025-12-11T15:06:04","modified_gmt":"2025-12-11T14:06:04","slug":"magnetifico-power-of-pheromones-parfum-cu-feromoni-pentru-femei-pheromone-selection-50-ml","status":"publish","type":"product","link":"https:\/\/shopatoa.com\/ro\/magnetifico-power-of-pheromones-parfum-cu-feromoni-pentru-femei-pheromone-selection-50-ml\/","title":{"rendered":"Magnetifico Power Of Pheromones Parfum cu feromoni pentru femei Pheromone Selection 50 ml"},"content":{"rendered":"<p>Compozi\u021bia unic\u0103 a liniei Magnetifico power of pheromons pentru femei a fost creat\u0103 pentru a ajuta la cre\u0219terea atractivit\u0103\u021bii sexuale a femeilor din punctul de vedere al b\u0103rba\u021bilor. Con\u021bine ingrediente concepute pentru a cre\u0219te subcon\u0219tient \u201echimia sexual\u0103\u201d. Au fost concepute pentru a v\u0103 ajuta nu numai \u00een cre\u0219terea atractivit\u0103\u021bii sexuale, ci \u0219i la un interviu de angajare, la \u0219coal\u0103 \u00een timpul examenelor sau la o \u00eent\u00e2lnire de afaceri. Acesta v\u0103 poate ajuta, de asemenea, s\u0103 v\u0103 c\u00e2\u0219tiga\u021bi respectul partenerelor dumneavoastr\u0103 \u00een dragoste. Pheromone Seduction, Allure \u0219i Selection sunt adev\u0103rate parfumuri. Aceasta \u00eenseamn\u0103 c\u0103 con\u021bin mai mult de 15% din ingredientele de parfum. Durabilitatea lor este cu adev\u0103rat incredibil\u0103. Selection este o combina\u021bie de acorduri florale proaspete, not\u0103 pur\u0103 de paciuli \u0219i note fructate puternice. \u00cen faza final\u0103, parfumul trece la note lemnoase care completeaz\u0103 \u00eentreaga compozi\u021bie. Este un parfum captivant, plin de fantezie si feminitate. Tip: citrice &#8211; floral &#8211; fructat Cap: m\u0103r, mandarin\u0103, piersici Inima: lemn de cedru, floare de portocal, caramel, iasomie Baza: vanilie, paciuli, zmeur\u0103, lemn de santal<\/p>\n","protected":false},"excerpt":{"rendered":"<p>Compozi\u021bia unic\u0103 a liniei Magnetifico power of pheromons pentru femei a fost creat\u0103 pentru a ajuta la cre\u0219terea atractivit\u0103\u021bii sexuale a femeilor din punctul de vedere al b\u0103rba\u021bilor. Con\u021bine ingrediente concepute pentru a cre\u0219te subcon\u0219tient \u201echimia sexual\u0103\u201d. Au fost concepute pentru a v\u0103 ajuta nu numai \u00een cre\u0219terea atractivit\u0103\u021bii sexuale, ci \u0219i la un interviu&#8230;<\/p>\n","protected":false},"featured_media":284150,"comment_status":"closed","ping_status":"open","template":"","meta":{"_acf_changed":false,"_kadence_starter_templates_imported_post":false,"_kad_post_transparent":"","_kad_post_title":"","_kad_post_layout":"","_kad_post_sidebar_id":"","_kad_post_content_style":"","_kad_post_vertical_padding":"","_kad_post_feature":"","_kad_post_feature_position":"","_kad_post_header":false,"_kad_post_footer":false,"_kad_post_classname":""},"product_brand":[978],"product_cat":[612,246,611],"product_tag":[],"class_list":{"0":"post-284148","1":"product","2":"type-product","3":"status-publish","4":"has-post-thumbnail","6":"product_brand-magnetifico-power-of-pheromones","7":"product_cat-cosmetica-pentru-ingrijirea-corpului","8":"product_cat-cosmetice","9":"product_cat-produse-cosmetice-pentru-corp","11":"first","12":"instock","13":"product-type-external","14":"entry","15":"content-bg","16":"loop-entry"},"acf":[],"yoast_head":"<!-- This site is optimized with the Yoast SEO plugin v27.4 - https:\/\/yoast.com\/product\/yoast-seo-wordpress\/ -->\n<title>Magnetifico Power Of Pheromones Parfum cu feromoni pentru femei Pheromone Selection 50 ml - SHOPATOA.COM<\/title>\n<meta name=\"robots\" content=\"index, follow, max-snippet:-1, max-image-preview:large, max-video-preview:-1\" \/>\n<link rel=\"canonical\" href=\"https:\/\/shopatoa.com\/ro\/magnetifico-power-of-pheromones-parfum-cu-feromoni-pentru-femei-pheromone-selection-50-ml\/\" \/>\n<meta property=\"og:locale\" content=\"ro_RO\" \/>\n<meta property=\"og:type\" content=\"article\" \/>\n<meta property=\"og:title\" content=\"Magnetifico Power Of Pheromones Parfum cu feromoni pentru femei Pheromone Selection 50 ml - SHOPATOA.COM\" \/>\n<meta property=\"og:description\" content=\"Compozi\u021bia unic\u0103 a liniei Magnetifico power of pheromons pentru femei a fost creat\u0103 pentru a ajuta la cre\u0219terea atractivit\u0103\u021bii sexuale a femeilor din punctul de vedere al b\u0103rba\u021bilor. Con\u021bine ingrediente concepute pentru a cre\u0219te subcon\u0219tient \u201echimia sexual\u0103\u201d. Au fost concepute pentru a v\u0103 ajuta nu numai \u00een cre\u0219terea atractivit\u0103\u021bii sexuale, ci \u0219i la un interviu...\" \/>\n<meta property=\"og:url\" content=\"https:\/\/shopatoa.com\/ro\/magnetifico-power-of-pheromones-parfum-cu-feromoni-pentru-femei-pheromone-selection-50-ml\/\" \/>\n<meta property=\"og:site_name\" content=\"SHOPATOA\" \/>\n<meta property=\"article:modified_time\" content=\"2025-12-11T14:06:04+00:00\" \/>\n<meta property=\"og:image\" content=\"https:\/\/storage.googleapis.com\/cz-shopatoa-img\/ro\/92f31a0c-unnamed-file.webp\" \/>\n\t<meta property=\"og:image:width\" content=\"800\" \/>\n\t<meta property=\"og:image:height\" content=\"800\" \/>\n\t<meta property=\"og:image:type\" content=\"image\/webp\" \/>\n<meta name=\"twitter:card\" content=\"summary_large_image\" \/>\n<meta name=\"twitter:label1\" content=\"Timp estimat pentru citire\" \/>\n\t<meta name=\"twitter:data1\" content=\"1 minut\" \/>\n<script type=\"application\/ld+json\" class=\"yoast-schema-graph\">{\"@context\":\"https:\\\/\\\/schema.org\",\"@graph\":[{\"@type\":\"WebPage\",\"@id\":\"https:\\\/\\\/shopatoa.com\\\/ro\\\/magnetifico-power-of-pheromones-parfum-cu-feromoni-pentru-femei-pheromone-selection-50-ml\\\/\",\"url\":\"https:\\\/\\\/shopatoa.com\\\/ro\\\/magnetifico-power-of-pheromones-parfum-cu-feromoni-pentru-femei-pheromone-selection-50-ml\\\/\",\"name\":\"Magnetifico Power Of Pheromones Parfum cu feromoni pentru femei Pheromone Selection 50 ml - SHOPATOA.COM\",\"isPartOf\":{\"@id\":\"https:\\\/\\\/shopatoa.com\\\/ro\\\/#website\"},\"primaryImageOfPage\":{\"@id\":\"https:\\\/\\\/shopatoa.com\\\/ro\\\/magnetifico-power-of-pheromones-parfum-cu-feromoni-pentru-femei-pheromone-selection-50-ml\\\/#primaryimage\"},\"image\":{\"@id\":\"https:\\\/\\\/shopatoa.com\\\/ro\\\/magnetifico-power-of-pheromones-parfum-cu-feromoni-pentru-femei-pheromone-selection-50-ml\\\/#primaryimage\"},\"thumbnailUrl\":\"https:\\\/\\\/storage.googleapis.com\\\/cz-shopatoa-img\\\/ro\\\/92f31a0c-unnamed-file.webp\",\"datePublished\":\"2025-04-30T23:36:21+00:00\",\"dateModified\":\"2025-12-11T14:06:04+00:00\",\"breadcrumb\":{\"@id\":\"https:\\\/\\\/shopatoa.com\\\/ro\\\/magnetifico-power-of-pheromones-parfum-cu-feromoni-pentru-femei-pheromone-selection-50-ml\\\/#breadcrumb\"},\"inLanguage\":\"ro-RO\",\"potentialAction\":[{\"@type\":\"ReadAction\",\"target\":[\"https:\\\/\\\/shopatoa.com\\\/ro\\\/magnetifico-power-of-pheromones-parfum-cu-feromoni-pentru-femei-pheromone-selection-50-ml\\\/\"]}]},{\"@type\":\"ImageObject\",\"inLanguage\":\"ro-RO\",\"@id\":\"https:\\\/\\\/shopatoa.com\\\/ro\\\/magnetifico-power-of-pheromones-parfum-cu-feromoni-pentru-femei-pheromone-selection-50-ml\\\/#primaryimage\",\"url\":\"https:\\\/\\\/storage.googleapis.com\\\/cz-shopatoa-img\\\/ro\\\/92f31a0c-unnamed-file.webp\",\"contentUrl\":\"https:\\\/\\\/storage.googleapis.com\\\/cz-shopatoa-img\\\/ro\\\/92f31a0c-unnamed-file.webp\",\"width\":800,\"height\":800},{\"@type\":\"BreadcrumbList\",\"@id\":\"https:\\\/\\\/shopatoa.com\\\/ro\\\/magnetifico-power-of-pheromones-parfum-cu-feromoni-pentru-femei-pheromone-selection-50-ml\\\/#breadcrumb\",\"itemListElement\":[{\"@type\":\"ListItem\",\"position\":1,\"name\":\"Dom\u016f\",\"item\":\"https:\\\/\\\/shopatoa.com\\\/ro\\\/\"},{\"@type\":\"ListItem\",\"position\":2,\"name\":\"Shop\",\"item\":\"https:\\\/\\\/shopatoa.com\\\/ro\\\/shop\\\/\"},{\"@type\":\"ListItem\",\"position\":3,\"name\":\"Cosmetice\",\"item\":\"https:\\\/\\\/shopatoa.com\\\/ro\\\/cosmetice\\\/\"},{\"@type\":\"ListItem\",\"position\":4,\"name\":\"Produse cosmetice pentru corp\",\"item\":\"https:\\\/\\\/shopatoa.com\\\/ro\\\/produse-cosmetice-pentru-corp\\\/\"},{\"@type\":\"ListItem\",\"position\":5,\"name\":\"Cosmetica pentru \u00eengrijirea corpului\",\"item\":\"https:\\\/\\\/shopatoa.com\\\/ro\\\/cosmetica-pentru-ingrijirea-corpului\\\/\"},{\"@type\":\"ListItem\",\"position\":6,\"name\":\"Magnetifico Power Of Pheromones Parfum cu feromoni pentru femei Pheromone Selection 50 ml\"}]},{\"@type\":\"WebSite\",\"@id\":\"https:\\\/\\\/shopatoa.com\\\/ro\\\/#website\",\"url\":\"https:\\\/\\\/shopatoa.com\\\/ro\\\/\",\"name\":\"SHOPATOA\",\"description\":\"\",\"publisher\":{\"@id\":\"https:\\\/\\\/shopatoa.com\\\/ro\\\/#organization\"},\"potentialAction\":[{\"@type\":\"SearchAction\",\"target\":{\"@type\":\"EntryPoint\",\"urlTemplate\":\"https:\\\/\\\/shopatoa.com\\\/ro\\\/?s={search_term_string}\"},\"query-input\":{\"@type\":\"PropertyValueSpecification\",\"valueRequired\":true,\"valueName\":\"search_term_string\"}}],\"inLanguage\":\"ro-RO\"},{\"@type\":\"Organization\",\"@id\":\"https:\\\/\\\/shopatoa.com\\\/ro\\\/#organization\",\"name\":\"SHOPATOA\",\"url\":\"https:\\\/\\\/shopatoa.com\\\/ro\\\/\",\"logo\":{\"@type\":\"ImageObject\",\"inLanguage\":\"ro-RO\",\"@id\":\"https:\\\/\\\/shopatoa.com\\\/ro\\\/#\\\/schema\\\/logo\\\/image\\\/\",\"url\":\"https:\\\/\\\/storage.googleapis.com\\\/cz-shopatoa-img\\\/ro\\\/b4dac915-shopatoa_logo.png\",\"contentUrl\":\"https:\\\/\\\/storage.googleapis.com\\\/cz-shopatoa-img\\\/ro\\\/b4dac915-shopatoa_logo.png\",\"width\":416,\"height\":63,\"caption\":\"SHOPATOA\"},\"image\":{\"@id\":\"https:\\\/\\\/shopatoa.com\\\/ro\\\/#\\\/schema\\\/logo\\\/image\\\/\"}}]}<\/script>\n<!-- \/ Yoast SEO plugin. -->","yoast_head_json":{"title":"Magnetifico Power Of Pheromones Parfum cu feromoni pentru femei Pheromone Selection 50 ml - SHOPATOA.COM","robots":{"index":"index","follow":"follow","max-snippet":"max-snippet:-1","max-image-preview":"max-image-preview:large","max-video-preview":"max-video-preview:-1"},"canonical":"https:\/\/shopatoa.com\/ro\/magnetifico-power-of-pheromones-parfum-cu-feromoni-pentru-femei-pheromone-selection-50-ml\/","og_locale":"ro_RO","og_type":"article","og_title":"Magnetifico Power Of Pheromones Parfum cu feromoni pentru femei Pheromone Selection 50 ml - SHOPATOA.COM","og_description":"Compozi\u021bia unic\u0103 a liniei Magnetifico power of pheromons pentru femei a fost creat\u0103 pentru a ajuta la cre\u0219terea atractivit\u0103\u021bii sexuale a femeilor din punctul de vedere al b\u0103rba\u021bilor. Con\u021bine ingrediente concepute pentru a cre\u0219te subcon\u0219tient \u201echimia sexual\u0103\u201d. Au fost concepute pentru a v\u0103 ajuta nu numai \u00een cre\u0219terea atractivit\u0103\u021bii sexuale, ci \u0219i la un interviu...","og_url":"https:\/\/shopatoa.com\/ro\/magnetifico-power-of-pheromones-parfum-cu-feromoni-pentru-femei-pheromone-selection-50-ml\/","og_site_name":"SHOPATOA","article_modified_time":"2025-12-11T14:06:04+00:00","og_image":[{"width":800,"height":800,"url":"https:\/\/storage.googleapis.com\/cz-shopatoa-img\/ro\/92f31a0c-unnamed-file.webp","type":"image\/webp"}],"twitter_card":"summary_large_image","twitter_misc":{"Timp estimat pentru citire":"1 minut"},"schema":{"@context":"https:\/\/schema.org","@graph":[{"@type":"WebPage","@id":"https:\/\/shopatoa.com\/ro\/magnetifico-power-of-pheromones-parfum-cu-feromoni-pentru-femei-pheromone-selection-50-ml\/","url":"https:\/\/shopatoa.com\/ro\/magnetifico-power-of-pheromones-parfum-cu-feromoni-pentru-femei-pheromone-selection-50-ml\/","name":"Magnetifico Power Of Pheromones Parfum cu feromoni pentru femei Pheromone Selection 50 ml - SHOPATOA.COM","isPartOf":{"@id":"https:\/\/shopatoa.com\/ro\/#website"},"primaryImageOfPage":{"@id":"https:\/\/shopatoa.com\/ro\/magnetifico-power-of-pheromones-parfum-cu-feromoni-pentru-femei-pheromone-selection-50-ml\/#primaryimage"},"image":{"@id":"https:\/\/shopatoa.com\/ro\/magnetifico-power-of-pheromones-parfum-cu-feromoni-pentru-femei-pheromone-selection-50-ml\/#primaryimage"},"thumbnailUrl":"https:\/\/storage.googleapis.com\/cz-shopatoa-img\/ro\/92f31a0c-unnamed-file.webp","datePublished":"2025-04-30T23:36:21+00:00","dateModified":"2025-12-11T14:06:04+00:00","breadcrumb":{"@id":"https:\/\/shopatoa.com\/ro\/magnetifico-power-of-pheromones-parfum-cu-feromoni-pentru-femei-pheromone-selection-50-ml\/#breadcrumb"},"inLanguage":"ro-RO","potentialAction":[{"@type":"ReadAction","target":["https:\/\/shopatoa.com\/ro\/magnetifico-power-of-pheromones-parfum-cu-feromoni-pentru-femei-pheromone-selection-50-ml\/"]}]},{"@type":"ImageObject","inLanguage":"ro-RO","@id":"https:\/\/shopatoa.com\/ro\/magnetifico-power-of-pheromones-parfum-cu-feromoni-pentru-femei-pheromone-selection-50-ml\/#primaryimage","url":"https:\/\/storage.googleapis.com\/cz-shopatoa-img\/ro\/92f31a0c-unnamed-file.webp","contentUrl":"https:\/\/storage.googleapis.com\/cz-shopatoa-img\/ro\/92f31a0c-unnamed-file.webp","width":800,"height":800},{"@type":"BreadcrumbList","@id":"https:\/\/shopatoa.com\/ro\/magnetifico-power-of-pheromones-parfum-cu-feromoni-pentru-femei-pheromone-selection-50-ml\/#breadcrumb","itemListElement":[{"@type":"ListItem","position":1,"name":"Dom\u016f","item":"https:\/\/shopatoa.com\/ro\/"},{"@type":"ListItem","position":2,"name":"Shop","item":"https:\/\/shopatoa.com\/ro\/shop\/"},{"@type":"ListItem","position":3,"name":"Cosmetice","item":"https:\/\/shopatoa.com\/ro\/cosmetice\/"},{"@type":"ListItem","position":4,"name":"Produse cosmetice pentru corp","item":"https:\/\/shopatoa.com\/ro\/produse-cosmetice-pentru-corp\/"},{"@type":"ListItem","position":5,"name":"Cosmetica pentru \u00eengrijirea corpului","item":"https:\/\/shopatoa.com\/ro\/cosmetica-pentru-ingrijirea-corpului\/"},{"@type":"ListItem","position":6,"name":"Magnetifico Power Of Pheromones Parfum cu feromoni pentru femei Pheromone Selection 50 ml"}]},{"@type":"WebSite","@id":"https:\/\/shopatoa.com\/ro\/#website","url":"https:\/\/shopatoa.com\/ro\/","name":"SHOPATOA","description":"","publisher":{"@id":"https:\/\/shopatoa.com\/ro\/#organization"},"potentialAction":[{"@type":"SearchAction","target":{"@type":"EntryPoint","urlTemplate":"https:\/\/shopatoa.com\/ro\/?s={search_term_string}"},"query-input":{"@type":"PropertyValueSpecification","valueRequired":true,"valueName":"search_term_string"}}],"inLanguage":"ro-RO"},{"@type":"Organization","@id":"https:\/\/shopatoa.com\/ro\/#organization","name":"SHOPATOA","url":"https:\/\/shopatoa.com\/ro\/","logo":{"@type":"ImageObject","inLanguage":"ro-RO","@id":"https:\/\/shopatoa.com\/ro\/#\/schema\/logo\/image\/","url":"https:\/\/storage.googleapis.com\/cz-shopatoa-img\/ro\/b4dac915-shopatoa_logo.png","contentUrl":"https:\/\/storage.googleapis.com\/cz-shopatoa-img\/ro\/b4dac915-shopatoa_logo.png","width":416,"height":63,"caption":"SHOPATOA"},"image":{"@id":"https:\/\/shopatoa.com\/ro\/#\/schema\/logo\/image\/"}}]}},"_links":{"self":[{"href":"https:\/\/shopatoa.com\/ro\/wp-json\/wp\/v2\/product\/284148","targetHints":{"allow":["GET"]}}],"collection":[{"href":"https:\/\/shopatoa.com\/ro\/wp-json\/wp\/v2\/product"}],"about":[{"href":"https:\/\/shopatoa.com\/ro\/wp-json\/wp\/v2\/types\/product"}],"replies":[{"embeddable":true,"href":"https:\/\/shopatoa.com\/ro\/wp-json\/wp\/v2\/comments?post=284148"}],"wp:featuredmedia":[{"embeddable":true,"href":"https:\/\/shopatoa.com\/ro\/wp-json\/wp\/v2\/media\/284150"}],"wp:attachment":[{"href":"https:\/\/shopatoa.com\/ro\/wp-json\/wp\/v2\/media?parent=284148"}],"wp:term":[{"taxonomy":"product_brand","embeddable":true,"href":"https:\/\/shopatoa.com\/ro\/wp-json\/wp\/v2\/product_brand?post=284148"},{"taxonomy":"product_cat","embeddable":true,"href":"https:\/\/shopatoa.com\/ro\/wp-json\/wp\/v2\/product_cat?post=284148"},{"taxonomy":"product_tag","embeddable":true,"href":"https:\/\/shopatoa.com\/ro\/wp-json\/wp\/v2\/product_tag?post=284148"}],"curies":[{"name":"wp","href":"https:\/\/api.w.org\/{rel}","templated":true}]}}