{"id":284251,"date":"2025-05-01T01:47:00","date_gmt":"2025-04-30T23:47:00","guid":{"rendered":"https:\/\/shopatoa.com\/ro\/bionike-ruj-stralucitor-defence-color-nutri-shine-glossy-lipstick-3-ml-209-corail\/"},"modified":"2025-12-11T15:04:00","modified_gmt":"2025-12-11T14:04:00","slug":"bionike-ruj-stralucitor-defence-color-nutri-shine-glossy-lipstick-3-ml-209-corail","status":"publish","type":"product","link":"https:\/\/shopatoa.com\/ro\/bionike-ruj-stralucitor-defence-color-nutri-shine-glossy-lipstick-3-ml-209-corail\/","title":{"rendered":"BioNike Ruj str\u0103lucitor Defence Color Nutri Shine (Glossy Lipstick) 3 ml 209 Corail"},"content":{"rendered":"<p>Rujul Defence Color Nutri Shine este un ruj semi-transparent, str\u0103lucitor, cu efect de balsam, care este u\u0219or de aplicat \u0219i nu se \u00eempr\u0103\u0219tie. \u00cen compozi\u021bia este mult\u0103 cear\u0103 vegetal\u0103, datorit\u0103 c\u0103ruia se dizolv\u0103 u\u0219or pe buze. Microsferele de acid hialuronic asigur\u0103 un efect imediat de hr\u0103nire. Asigura buzele \u00eenchise \u0219i hidratate p\u00e2n\u0103 la 24 de ore.<\/p>\n","protected":false},"excerpt":{"rendered":"<p>Rujul Defence Color Nutri Shine este un ruj semi-transparent, str\u0103lucitor, cu efect de balsam, care este u\u0219or de aplicat \u0219i nu se \u00eempr\u0103\u0219tie. \u00cen compozi\u021bia este mult\u0103 cear\u0103 vegetal\u0103, datorit\u0103 c\u0103ruia se dizolv\u0103 u\u0219or pe buze. Microsferele de acid hialuronic asigur\u0103 un efect imediat de hr\u0103nire. Asigura buzele \u00eenchise \u0219i hidratate p\u00e2n\u0103 la 24 de&#8230;<\/p>\n","protected":false},"featured_media":284252,"comment_status":"closed","ping_status":"open","template":"","meta":{"_acf_changed":false,"_kadence_starter_templates_imported_post":false,"_kad_post_transparent":"","_kad_post_title":"","_kad_post_layout":"","_kad_post_sidebar_id":"","_kad_post_content_style":"","_kad_post_vertical_padding":"","_kad_post_feature":"","_kad_post_feature_position":"","_kad_post_header":false,"_kad_post_footer":false,"_kad_post_classname":""},"product_brand":[1229],"product_cat":[246,609,638,664],"product_tag":[],"class_list":{"0":"post-284251","1":"product","2":"type-product","3":"status-publish","4":"has-post-thumbnail","6":"product_brand-bionike","7":"product_cat-cosmetice","8":"product_cat-cosmetice-decorative","9":"product_cat-machiaj-pentru-buze","10":"product_cat-ruj-de-buze","12":"first","13":"instock","14":"sale","15":"product-type-external","16":"entry","17":"content-bg","18":"loop-entry"},"acf":[],"yoast_head":"<!-- This site is optimized with the Yoast SEO plugin v27.3 - https:\/\/yoast.com\/product\/yoast-seo-wordpress\/ -->\n<title>BioNike Ruj str\u0103lucitor Defence Color Nutri Shine (Glossy Lipstick) 3 ml 209 Corail - SHOPATOA.COM<\/title>\n<meta name=\"robots\" content=\"index, follow, max-snippet:-1, max-image-preview:large, max-video-preview:-1\" \/>\n<link rel=\"canonical\" href=\"https:\/\/shopatoa.com\/ro\/bionike-ruj-stralucitor-defence-color-nutri-shine-glossy-lipstick-3-ml-209-corail\/\" \/>\n<meta property=\"og:locale\" content=\"ro_RO\" \/>\n<meta property=\"og:type\" content=\"article\" \/>\n<meta property=\"og:title\" content=\"BioNike Ruj str\u0103lucitor Defence Color Nutri Shine (Glossy Lipstick) 3 ml 209 Corail - SHOPATOA.COM\" \/>\n<meta property=\"og:description\" content=\"Rujul Defence Color Nutri Shine este un ruj semi-transparent, str\u0103lucitor, cu efect de balsam, care este u\u0219or de aplicat \u0219i nu se \u00eempr\u0103\u0219tie. \u00cen compozi\u021bia este mult\u0103 cear\u0103 vegetal\u0103, datorit\u0103 c\u0103ruia se dizolv\u0103 u\u0219or pe buze. Microsferele de acid hialuronic asigur\u0103 un efect imediat de hr\u0103nire. Asigura buzele \u00eenchise \u0219i hidratate p\u00e2n\u0103 la 24 de...\" \/>\n<meta property=\"og:url\" content=\"https:\/\/shopatoa.com\/ro\/bionike-ruj-stralucitor-defence-color-nutri-shine-glossy-lipstick-3-ml-209-corail\/\" \/>\n<meta property=\"og:site_name\" content=\"SHOPATOA\" \/>\n<meta property=\"article:modified_time\" content=\"2025-12-11T14:04:00+00:00\" \/>\n<meta property=\"og:image\" content=\"https:\/\/storage.googleapis.com\/cz-shopatoa-img\/ro\/4e40907d-unnamed-file.webp\" \/>\n\t<meta property=\"og:image:width\" content=\"800\" \/>\n\t<meta property=\"og:image:height\" content=\"800\" \/>\n\t<meta property=\"og:image:type\" content=\"image\/webp\" \/>\n<meta name=\"twitter:card\" content=\"summary_large_image\" \/>\n<script type=\"application\/ld+json\" class=\"yoast-schema-graph\">{\"@context\":\"https:\\\/\\\/schema.org\",\"@graph\":[{\"@type\":\"WebPage\",\"@id\":\"https:\\\/\\\/shopatoa.com\\\/ro\\\/bionike-ruj-stralucitor-defence-color-nutri-shine-glossy-lipstick-3-ml-209-corail\\\/\",\"url\":\"https:\\\/\\\/shopatoa.com\\\/ro\\\/bionike-ruj-stralucitor-defence-color-nutri-shine-glossy-lipstick-3-ml-209-corail\\\/\",\"name\":\"BioNike Ruj str\u0103lucitor Defence Color Nutri Shine (Glossy Lipstick) 3 ml 209 Corail - SHOPATOA.COM\",\"isPartOf\":{\"@id\":\"https:\\\/\\\/shopatoa.com\\\/ro\\\/#website\"},\"primaryImageOfPage\":{\"@id\":\"https:\\\/\\\/shopatoa.com\\\/ro\\\/bionike-ruj-stralucitor-defence-color-nutri-shine-glossy-lipstick-3-ml-209-corail\\\/#primaryimage\"},\"image\":{\"@id\":\"https:\\\/\\\/shopatoa.com\\\/ro\\\/bionike-ruj-stralucitor-defence-color-nutri-shine-glossy-lipstick-3-ml-209-corail\\\/#primaryimage\"},\"thumbnailUrl\":\"https:\\\/\\\/storage.googleapis.com\\\/cz-shopatoa-img\\\/ro\\\/4e40907d-unnamed-file.webp\",\"datePublished\":\"2025-04-30T23:47:00+00:00\",\"dateModified\":\"2025-12-11T14:04:00+00:00\",\"breadcrumb\":{\"@id\":\"https:\\\/\\\/shopatoa.com\\\/ro\\\/bionike-ruj-stralucitor-defence-color-nutri-shine-glossy-lipstick-3-ml-209-corail\\\/#breadcrumb\"},\"inLanguage\":\"ro-RO\",\"potentialAction\":[{\"@type\":\"ReadAction\",\"target\":[\"https:\\\/\\\/shopatoa.com\\\/ro\\\/bionike-ruj-stralucitor-defence-color-nutri-shine-glossy-lipstick-3-ml-209-corail\\\/\"]}]},{\"@type\":\"ImageObject\",\"inLanguage\":\"ro-RO\",\"@id\":\"https:\\\/\\\/shopatoa.com\\\/ro\\\/bionike-ruj-stralucitor-defence-color-nutri-shine-glossy-lipstick-3-ml-209-corail\\\/#primaryimage\",\"url\":\"https:\\\/\\\/storage.googleapis.com\\\/cz-shopatoa-img\\\/ro\\\/4e40907d-unnamed-file.webp\",\"contentUrl\":\"https:\\\/\\\/storage.googleapis.com\\\/cz-shopatoa-img\\\/ro\\\/4e40907d-unnamed-file.webp\",\"width\":800,\"height\":800},{\"@type\":\"BreadcrumbList\",\"@id\":\"https:\\\/\\\/shopatoa.com\\\/ro\\\/bionike-ruj-stralucitor-defence-color-nutri-shine-glossy-lipstick-3-ml-209-corail\\\/#breadcrumb\",\"itemListElement\":[{\"@type\":\"ListItem\",\"position\":1,\"name\":\"Dom\u016f\",\"item\":\"https:\\\/\\\/shopatoa.com\\\/ro\\\/\"},{\"@type\":\"ListItem\",\"position\":2,\"name\":\"Shop\",\"item\":\"https:\\\/\\\/shopatoa.com\\\/ro\\\/shop\\\/\"},{\"@type\":\"ListItem\",\"position\":3,\"name\":\"Cosmetice\",\"item\":\"https:\\\/\\\/shopatoa.com\\\/ro\\\/cosmetice\\\/\"},{\"@type\":\"ListItem\",\"position\":4,\"name\":\"Cosmetice decorative\",\"item\":\"https:\\\/\\\/shopatoa.com\\\/ro\\\/cosmetice-decorative\\\/\"},{\"@type\":\"ListItem\",\"position\":5,\"name\":\"Machiaj pentru buze\",\"item\":\"https:\\\/\\\/shopatoa.com\\\/ro\\\/machiaj-pentru-buze\\\/\"},{\"@type\":\"ListItem\",\"position\":6,\"name\":\"Ruj de buze\",\"item\":\"https:\\\/\\\/shopatoa.com\\\/ro\\\/ruj-de-buze\\\/\"},{\"@type\":\"ListItem\",\"position\":7,\"name\":\"BioNike Ruj str\u0103lucitor Defence Color Nutri Shine (Glossy Lipstick) 3 ml 209 Corail\"}]},{\"@type\":\"WebSite\",\"@id\":\"https:\\\/\\\/shopatoa.com\\\/ro\\\/#website\",\"url\":\"https:\\\/\\\/shopatoa.com\\\/ro\\\/\",\"name\":\"SHOPATOA\",\"description\":\"\",\"publisher\":{\"@id\":\"https:\\\/\\\/shopatoa.com\\\/ro\\\/#organization\"},\"potentialAction\":[{\"@type\":\"SearchAction\",\"target\":{\"@type\":\"EntryPoint\",\"urlTemplate\":\"https:\\\/\\\/shopatoa.com\\\/ro\\\/?s={search_term_string}\"},\"query-input\":{\"@type\":\"PropertyValueSpecification\",\"valueRequired\":true,\"valueName\":\"search_term_string\"}}],\"inLanguage\":\"ro-RO\"},{\"@type\":\"Organization\",\"@id\":\"https:\\\/\\\/shopatoa.com\\\/ro\\\/#organization\",\"name\":\"SHOPATOA\",\"url\":\"https:\\\/\\\/shopatoa.com\\\/ro\\\/\",\"logo\":{\"@type\":\"ImageObject\",\"inLanguage\":\"ro-RO\",\"@id\":\"https:\\\/\\\/shopatoa.com\\\/ro\\\/#\\\/schema\\\/logo\\\/image\\\/\",\"url\":\"https:\\\/\\\/storage.googleapis.com\\\/cz-shopatoa-img\\\/ro\\\/b4dac915-shopatoa_logo.png\",\"contentUrl\":\"https:\\\/\\\/storage.googleapis.com\\\/cz-shopatoa-img\\\/ro\\\/b4dac915-shopatoa_logo.png\",\"width\":416,\"height\":63,\"caption\":\"SHOPATOA\"},\"image\":{\"@id\":\"https:\\\/\\\/shopatoa.com\\\/ro\\\/#\\\/schema\\\/logo\\\/image\\\/\"}}]}<\/script>\n<!-- \/ Yoast SEO plugin. -->","yoast_head_json":{"title":"BioNike Ruj str\u0103lucitor Defence Color Nutri Shine (Glossy Lipstick) 3 ml 209 Corail - SHOPATOA.COM","robots":{"index":"index","follow":"follow","max-snippet":"max-snippet:-1","max-image-preview":"max-image-preview:large","max-video-preview":"max-video-preview:-1"},"canonical":"https:\/\/shopatoa.com\/ro\/bionike-ruj-stralucitor-defence-color-nutri-shine-glossy-lipstick-3-ml-209-corail\/","og_locale":"ro_RO","og_type":"article","og_title":"BioNike Ruj str\u0103lucitor Defence Color Nutri Shine (Glossy Lipstick) 3 ml 209 Corail - SHOPATOA.COM","og_description":"Rujul Defence Color Nutri Shine este un ruj semi-transparent, str\u0103lucitor, cu efect de balsam, care este u\u0219or de aplicat \u0219i nu se \u00eempr\u0103\u0219tie. \u00cen compozi\u021bia este mult\u0103 cear\u0103 vegetal\u0103, datorit\u0103 c\u0103ruia se dizolv\u0103 u\u0219or pe buze. Microsferele de acid hialuronic asigur\u0103 un efect imediat de hr\u0103nire. Asigura buzele \u00eenchise \u0219i hidratate p\u00e2n\u0103 la 24 de...","og_url":"https:\/\/shopatoa.com\/ro\/bionike-ruj-stralucitor-defence-color-nutri-shine-glossy-lipstick-3-ml-209-corail\/","og_site_name":"SHOPATOA","article_modified_time":"2025-12-11T14:04:00+00:00","og_image":[{"width":800,"height":800,"url":"https:\/\/storage.googleapis.com\/cz-shopatoa-img\/ro\/4e40907d-unnamed-file.webp","type":"image\/webp"}],"twitter_card":"summary_large_image","schema":{"@context":"https:\/\/schema.org","@graph":[{"@type":"WebPage","@id":"https:\/\/shopatoa.com\/ro\/bionike-ruj-stralucitor-defence-color-nutri-shine-glossy-lipstick-3-ml-209-corail\/","url":"https:\/\/shopatoa.com\/ro\/bionike-ruj-stralucitor-defence-color-nutri-shine-glossy-lipstick-3-ml-209-corail\/","name":"BioNike Ruj str\u0103lucitor Defence Color Nutri Shine (Glossy Lipstick) 3 ml 209 Corail - SHOPATOA.COM","isPartOf":{"@id":"https:\/\/shopatoa.com\/ro\/#website"},"primaryImageOfPage":{"@id":"https:\/\/shopatoa.com\/ro\/bionike-ruj-stralucitor-defence-color-nutri-shine-glossy-lipstick-3-ml-209-corail\/#primaryimage"},"image":{"@id":"https:\/\/shopatoa.com\/ro\/bionike-ruj-stralucitor-defence-color-nutri-shine-glossy-lipstick-3-ml-209-corail\/#primaryimage"},"thumbnailUrl":"https:\/\/storage.googleapis.com\/cz-shopatoa-img\/ro\/4e40907d-unnamed-file.webp","datePublished":"2025-04-30T23:47:00+00:00","dateModified":"2025-12-11T14:04:00+00:00","breadcrumb":{"@id":"https:\/\/shopatoa.com\/ro\/bionike-ruj-stralucitor-defence-color-nutri-shine-glossy-lipstick-3-ml-209-corail\/#breadcrumb"},"inLanguage":"ro-RO","potentialAction":[{"@type":"ReadAction","target":["https:\/\/shopatoa.com\/ro\/bionike-ruj-stralucitor-defence-color-nutri-shine-glossy-lipstick-3-ml-209-corail\/"]}]},{"@type":"ImageObject","inLanguage":"ro-RO","@id":"https:\/\/shopatoa.com\/ro\/bionike-ruj-stralucitor-defence-color-nutri-shine-glossy-lipstick-3-ml-209-corail\/#primaryimage","url":"https:\/\/storage.googleapis.com\/cz-shopatoa-img\/ro\/4e40907d-unnamed-file.webp","contentUrl":"https:\/\/storage.googleapis.com\/cz-shopatoa-img\/ro\/4e40907d-unnamed-file.webp","width":800,"height":800},{"@type":"BreadcrumbList","@id":"https:\/\/shopatoa.com\/ro\/bionike-ruj-stralucitor-defence-color-nutri-shine-glossy-lipstick-3-ml-209-corail\/#breadcrumb","itemListElement":[{"@type":"ListItem","position":1,"name":"Dom\u016f","item":"https:\/\/shopatoa.com\/ro\/"},{"@type":"ListItem","position":2,"name":"Shop","item":"https:\/\/shopatoa.com\/ro\/shop\/"},{"@type":"ListItem","position":3,"name":"Cosmetice","item":"https:\/\/shopatoa.com\/ro\/cosmetice\/"},{"@type":"ListItem","position":4,"name":"Cosmetice decorative","item":"https:\/\/shopatoa.com\/ro\/cosmetice-decorative\/"},{"@type":"ListItem","position":5,"name":"Machiaj pentru buze","item":"https:\/\/shopatoa.com\/ro\/machiaj-pentru-buze\/"},{"@type":"ListItem","position":6,"name":"Ruj de buze","item":"https:\/\/shopatoa.com\/ro\/ruj-de-buze\/"},{"@type":"ListItem","position":7,"name":"BioNike Ruj str\u0103lucitor Defence Color Nutri Shine (Glossy Lipstick) 3 ml 209 Corail"}]},{"@type":"WebSite","@id":"https:\/\/shopatoa.com\/ro\/#website","url":"https:\/\/shopatoa.com\/ro\/","name":"SHOPATOA","description":"","publisher":{"@id":"https:\/\/shopatoa.com\/ro\/#organization"},"potentialAction":[{"@type":"SearchAction","target":{"@type":"EntryPoint","urlTemplate":"https:\/\/shopatoa.com\/ro\/?s={search_term_string}"},"query-input":{"@type":"PropertyValueSpecification","valueRequired":true,"valueName":"search_term_string"}}],"inLanguage":"ro-RO"},{"@type":"Organization","@id":"https:\/\/shopatoa.com\/ro\/#organization","name":"SHOPATOA","url":"https:\/\/shopatoa.com\/ro\/","logo":{"@type":"ImageObject","inLanguage":"ro-RO","@id":"https:\/\/shopatoa.com\/ro\/#\/schema\/logo\/image\/","url":"https:\/\/storage.googleapis.com\/cz-shopatoa-img\/ro\/b4dac915-shopatoa_logo.png","contentUrl":"https:\/\/storage.googleapis.com\/cz-shopatoa-img\/ro\/b4dac915-shopatoa_logo.png","width":416,"height":63,"caption":"SHOPATOA"},"image":{"@id":"https:\/\/shopatoa.com\/ro\/#\/schema\/logo\/image\/"}}]}},"_links":{"self":[{"href":"https:\/\/shopatoa.com\/ro\/wp-json\/wp\/v2\/product\/284251","targetHints":{"allow":["GET"]}}],"collection":[{"href":"https:\/\/shopatoa.com\/ro\/wp-json\/wp\/v2\/product"}],"about":[{"href":"https:\/\/shopatoa.com\/ro\/wp-json\/wp\/v2\/types\/product"}],"replies":[{"embeddable":true,"href":"https:\/\/shopatoa.com\/ro\/wp-json\/wp\/v2\/comments?post=284251"}],"wp:featuredmedia":[{"embeddable":true,"href":"https:\/\/shopatoa.com\/ro\/wp-json\/wp\/v2\/media\/284252"}],"wp:attachment":[{"href":"https:\/\/shopatoa.com\/ro\/wp-json\/wp\/v2\/media?parent=284251"}],"wp:term":[{"taxonomy":"product_brand","embeddable":true,"href":"https:\/\/shopatoa.com\/ro\/wp-json\/wp\/v2\/product_brand?post=284251"},{"taxonomy":"product_cat","embeddable":true,"href":"https:\/\/shopatoa.com\/ro\/wp-json\/wp\/v2\/product_cat?post=284251"},{"taxonomy":"product_tag","embeddable":true,"href":"https:\/\/shopatoa.com\/ro\/wp-json\/wp\/v2\/product_tag?post=284251"}],"curies":[{"name":"wp","href":"https:\/\/api.w.org\/{rel}","templated":true}]}}