{"id":284681,"date":"2025-05-01T02:36:22","date_gmt":"2025-05-01T00:36:22","guid":{"rendered":"https:\/\/shopatoa.com\/ro\/dripping-gold-spuma-auto-bronzanta-de-calatorie-medium-mini-mousse-90-ml\/"},"modified":"2025-12-11T14:44:32","modified_gmt":"2025-12-11T13:44:32","slug":"dripping-gold-spuma-auto-bronzanta-de-calatorie-medium-mini-mousse-90-ml","status":"publish","type":"product","link":"https:\/\/shopatoa.com\/ro\/dripping-gold-spuma-auto-bronzanta-de-calatorie-medium-mini-mousse-90-ml\/","title":{"rendered":"Dripping Gold Spum\u0103 auto-bronzant\u0103 de c\u0103l\u0103torie Medium (Mini Mousse) 90 ml"},"content":{"rendered":"<p>Spuma auto-bronzant\u0103 Medium este acum disponibil\u0103 \u00eentr-o dimensiune mini de c\u0103l\u0103torie. Perfect pentru bronzare \u00een c\u0103l\u0103torii. Ob\u021bine\u021bi o culoare bronz. Hidrata\u021bi-v\u0103 pielea cu ingrediente precum vitamina A \u0219i E, acid hialuronic, extracte naturale din boabe de Goji \u0219i mu\u0219e\u021bel.<\/p>\n","protected":false},"excerpt":{"rendered":"<p>Spuma auto-bronzant\u0103 Medium este acum disponibil\u0103 \u00eentr-o dimensiune mini de c\u0103l\u0103torie. Perfect pentru bronzare \u00een c\u0103l\u0103torii. Ob\u021bine\u021bi o culoare bronz. Hidrata\u021bi-v\u0103 pielea cu ingrediente precum vitamina A \u0219i E, acid hialuronic, extracte naturale din boabe de Goji \u0219i mu\u0219e\u021bel.<\/p>\n","protected":false},"featured_media":284683,"comment_status":"closed","ping_status":"open","template":"","meta":{"_acf_changed":false,"_kadence_starter_templates_imported_post":false,"_kad_post_transparent":"","_kad_post_title":"","_kad_post_layout":"","_kad_post_sidebar_id":"","_kad_post_content_style":"","_kad_post_vertical_padding":"","_kad_post_feature":"","_kad_post_feature_position":"","_kad_post_header":false,"_kad_post_footer":false,"_kad_post_classname":""},"product_brand":[921],"product_cat":[246,642,768],"product_tag":[],"class_list":{"0":"post-284681","1":"product","2":"type-product","3":"status-publish","4":"has-post-thumbnail","6":"product_brand-dripping-gold","7":"product_cat-cosmetice","8":"product_cat-cosmetice-de-protectie-solara","9":"product_cat-produse-cosmetice-autobronzante","11":"first","12":"instock","13":"sale","14":"product-type-external","15":"entry","16":"content-bg","17":"loop-entry"},"acf":[],"yoast_head":"<!-- This site is optimized with the Yoast SEO plugin v27.3 - https:\/\/yoast.com\/product\/yoast-seo-wordpress\/ -->\n<title>Dripping Gold Spum\u0103 auto-bronzant\u0103 de c\u0103l\u0103torie Medium (Mini Mousse) 90 ml - SHOPATOA.COM<\/title>\n<meta name=\"robots\" content=\"index, follow, max-snippet:-1, max-image-preview:large, max-video-preview:-1\" \/>\n<link rel=\"canonical\" href=\"https:\/\/shopatoa.com\/ro\/dripping-gold-spuma-auto-bronzanta-de-calatorie-medium-mini-mousse-90-ml\/\" \/>\n<meta property=\"og:locale\" content=\"ro_RO\" \/>\n<meta property=\"og:type\" content=\"article\" \/>\n<meta property=\"og:title\" content=\"Dripping Gold Spum\u0103 auto-bronzant\u0103 de c\u0103l\u0103torie Medium (Mini Mousse) 90 ml - SHOPATOA.COM\" \/>\n<meta property=\"og:description\" content=\"Spuma auto-bronzant\u0103 Medium este acum disponibil\u0103 \u00eentr-o dimensiune mini de c\u0103l\u0103torie. Perfect pentru bronzare \u00een c\u0103l\u0103torii. Ob\u021bine\u021bi o culoare bronz. Hidrata\u021bi-v\u0103 pielea cu ingrediente precum vitamina A \u0219i E, acid hialuronic, extracte naturale din boabe de Goji \u0219i mu\u0219e\u021bel.\" \/>\n<meta property=\"og:url\" content=\"https:\/\/shopatoa.com\/ro\/dripping-gold-spuma-auto-bronzanta-de-calatorie-medium-mini-mousse-90-ml\/\" \/>\n<meta property=\"og:site_name\" content=\"SHOPATOA\" \/>\n<meta property=\"article:modified_time\" content=\"2025-12-11T13:44:32+00:00\" \/>\n<meta property=\"og:image\" content=\"https:\/\/storage.googleapis.com\/cz-shopatoa-img\/ro\/77cb80ee-unnamed-file.webp\" \/>\n\t<meta property=\"og:image:width\" content=\"800\" \/>\n\t<meta property=\"og:image:height\" content=\"800\" \/>\n\t<meta property=\"og:image:type\" content=\"image\/webp\" \/>\n<meta name=\"twitter:card\" content=\"summary_large_image\" \/>\n<script type=\"application\/ld+json\" class=\"yoast-schema-graph\">{\"@context\":\"https:\\\/\\\/schema.org\",\"@graph\":[{\"@type\":\"WebPage\",\"@id\":\"https:\\\/\\\/shopatoa.com\\\/ro\\\/dripping-gold-spuma-auto-bronzanta-de-calatorie-medium-mini-mousse-90-ml\\\/\",\"url\":\"https:\\\/\\\/shopatoa.com\\\/ro\\\/dripping-gold-spuma-auto-bronzanta-de-calatorie-medium-mini-mousse-90-ml\\\/\",\"name\":\"Dripping Gold Spum\u0103 auto-bronzant\u0103 de c\u0103l\u0103torie Medium (Mini Mousse) 90 ml - SHOPATOA.COM\",\"isPartOf\":{\"@id\":\"https:\\\/\\\/shopatoa.com\\\/ro\\\/#website\"},\"primaryImageOfPage\":{\"@id\":\"https:\\\/\\\/shopatoa.com\\\/ro\\\/dripping-gold-spuma-auto-bronzanta-de-calatorie-medium-mini-mousse-90-ml\\\/#primaryimage\"},\"image\":{\"@id\":\"https:\\\/\\\/shopatoa.com\\\/ro\\\/dripping-gold-spuma-auto-bronzanta-de-calatorie-medium-mini-mousse-90-ml\\\/#primaryimage\"},\"thumbnailUrl\":\"https:\\\/\\\/storage.googleapis.com\\\/cz-shopatoa-img\\\/ro\\\/77cb80ee-unnamed-file.webp\",\"datePublished\":\"2025-05-01T00:36:22+00:00\",\"dateModified\":\"2025-12-11T13:44:32+00:00\",\"breadcrumb\":{\"@id\":\"https:\\\/\\\/shopatoa.com\\\/ro\\\/dripping-gold-spuma-auto-bronzanta-de-calatorie-medium-mini-mousse-90-ml\\\/#breadcrumb\"},\"inLanguage\":\"ro-RO\",\"potentialAction\":[{\"@type\":\"ReadAction\",\"target\":[\"https:\\\/\\\/shopatoa.com\\\/ro\\\/dripping-gold-spuma-auto-bronzanta-de-calatorie-medium-mini-mousse-90-ml\\\/\"]}]},{\"@type\":\"ImageObject\",\"inLanguage\":\"ro-RO\",\"@id\":\"https:\\\/\\\/shopatoa.com\\\/ro\\\/dripping-gold-spuma-auto-bronzanta-de-calatorie-medium-mini-mousse-90-ml\\\/#primaryimage\",\"url\":\"https:\\\/\\\/storage.googleapis.com\\\/cz-shopatoa-img\\\/ro\\\/77cb80ee-unnamed-file.webp\",\"contentUrl\":\"https:\\\/\\\/storage.googleapis.com\\\/cz-shopatoa-img\\\/ro\\\/77cb80ee-unnamed-file.webp\",\"width\":800,\"height\":800},{\"@type\":\"BreadcrumbList\",\"@id\":\"https:\\\/\\\/shopatoa.com\\\/ro\\\/dripping-gold-spuma-auto-bronzanta-de-calatorie-medium-mini-mousse-90-ml\\\/#breadcrumb\",\"itemListElement\":[{\"@type\":\"ListItem\",\"position\":1,\"name\":\"Dom\u016f\",\"item\":\"https:\\\/\\\/shopatoa.com\\\/ro\\\/\"},{\"@type\":\"ListItem\",\"position\":2,\"name\":\"Shop\",\"item\":\"https:\\\/\\\/shopatoa.com\\\/ro\\\/shop\\\/\"},{\"@type\":\"ListItem\",\"position\":3,\"name\":\"Cosmetice\",\"item\":\"https:\\\/\\\/shopatoa.com\\\/ro\\\/cosmetice\\\/\"},{\"@type\":\"ListItem\",\"position\":4,\"name\":\"Cosmetice de protec\u021bie solar\u0103\",\"item\":\"https:\\\/\\\/shopatoa.com\\\/ro\\\/cosmetice-de-protectie-solara\\\/\"},{\"@type\":\"ListItem\",\"position\":5,\"name\":\"Produse cosmetice autobronzante\",\"item\":\"https:\\\/\\\/shopatoa.com\\\/ro\\\/produse-cosmetice-autobronzante\\\/\"},{\"@type\":\"ListItem\",\"position\":6,\"name\":\"Dripping Gold Spum\u0103 auto-bronzant\u0103 de c\u0103l\u0103torie Medium (Mini Mousse) 90 ml\"}]},{\"@type\":\"WebSite\",\"@id\":\"https:\\\/\\\/shopatoa.com\\\/ro\\\/#website\",\"url\":\"https:\\\/\\\/shopatoa.com\\\/ro\\\/\",\"name\":\"SHOPATOA\",\"description\":\"\",\"publisher\":{\"@id\":\"https:\\\/\\\/shopatoa.com\\\/ro\\\/#organization\"},\"potentialAction\":[{\"@type\":\"SearchAction\",\"target\":{\"@type\":\"EntryPoint\",\"urlTemplate\":\"https:\\\/\\\/shopatoa.com\\\/ro\\\/?s={search_term_string}\"},\"query-input\":{\"@type\":\"PropertyValueSpecification\",\"valueRequired\":true,\"valueName\":\"search_term_string\"}}],\"inLanguage\":\"ro-RO\"},{\"@type\":\"Organization\",\"@id\":\"https:\\\/\\\/shopatoa.com\\\/ro\\\/#organization\",\"name\":\"SHOPATOA\",\"url\":\"https:\\\/\\\/shopatoa.com\\\/ro\\\/\",\"logo\":{\"@type\":\"ImageObject\",\"inLanguage\":\"ro-RO\",\"@id\":\"https:\\\/\\\/shopatoa.com\\\/ro\\\/#\\\/schema\\\/logo\\\/image\\\/\",\"url\":\"https:\\\/\\\/storage.googleapis.com\\\/cz-shopatoa-img\\\/ro\\\/b4dac915-shopatoa_logo.png\",\"contentUrl\":\"https:\\\/\\\/storage.googleapis.com\\\/cz-shopatoa-img\\\/ro\\\/b4dac915-shopatoa_logo.png\",\"width\":416,\"height\":63,\"caption\":\"SHOPATOA\"},\"image\":{\"@id\":\"https:\\\/\\\/shopatoa.com\\\/ro\\\/#\\\/schema\\\/logo\\\/image\\\/\"}}]}<\/script>\n<!-- \/ Yoast SEO plugin. -->","yoast_head_json":{"title":"Dripping Gold Spum\u0103 auto-bronzant\u0103 de c\u0103l\u0103torie Medium (Mini Mousse) 90 ml - SHOPATOA.COM","robots":{"index":"index","follow":"follow","max-snippet":"max-snippet:-1","max-image-preview":"max-image-preview:large","max-video-preview":"max-video-preview:-1"},"canonical":"https:\/\/shopatoa.com\/ro\/dripping-gold-spuma-auto-bronzanta-de-calatorie-medium-mini-mousse-90-ml\/","og_locale":"ro_RO","og_type":"article","og_title":"Dripping Gold Spum\u0103 auto-bronzant\u0103 de c\u0103l\u0103torie Medium (Mini Mousse) 90 ml - SHOPATOA.COM","og_description":"Spuma auto-bronzant\u0103 Medium este acum disponibil\u0103 \u00eentr-o dimensiune mini de c\u0103l\u0103torie. Perfect pentru bronzare \u00een c\u0103l\u0103torii. Ob\u021bine\u021bi o culoare bronz. Hidrata\u021bi-v\u0103 pielea cu ingrediente precum vitamina A \u0219i E, acid hialuronic, extracte naturale din boabe de Goji \u0219i mu\u0219e\u021bel.","og_url":"https:\/\/shopatoa.com\/ro\/dripping-gold-spuma-auto-bronzanta-de-calatorie-medium-mini-mousse-90-ml\/","og_site_name":"SHOPATOA","article_modified_time":"2025-12-11T13:44:32+00:00","og_image":[{"width":800,"height":800,"url":"https:\/\/storage.googleapis.com\/cz-shopatoa-img\/ro\/77cb80ee-unnamed-file.webp","type":"image\/webp"}],"twitter_card":"summary_large_image","schema":{"@context":"https:\/\/schema.org","@graph":[{"@type":"WebPage","@id":"https:\/\/shopatoa.com\/ro\/dripping-gold-spuma-auto-bronzanta-de-calatorie-medium-mini-mousse-90-ml\/","url":"https:\/\/shopatoa.com\/ro\/dripping-gold-spuma-auto-bronzanta-de-calatorie-medium-mini-mousse-90-ml\/","name":"Dripping Gold Spum\u0103 auto-bronzant\u0103 de c\u0103l\u0103torie Medium (Mini Mousse) 90 ml - SHOPATOA.COM","isPartOf":{"@id":"https:\/\/shopatoa.com\/ro\/#website"},"primaryImageOfPage":{"@id":"https:\/\/shopatoa.com\/ro\/dripping-gold-spuma-auto-bronzanta-de-calatorie-medium-mini-mousse-90-ml\/#primaryimage"},"image":{"@id":"https:\/\/shopatoa.com\/ro\/dripping-gold-spuma-auto-bronzanta-de-calatorie-medium-mini-mousse-90-ml\/#primaryimage"},"thumbnailUrl":"https:\/\/storage.googleapis.com\/cz-shopatoa-img\/ro\/77cb80ee-unnamed-file.webp","datePublished":"2025-05-01T00:36:22+00:00","dateModified":"2025-12-11T13:44:32+00:00","breadcrumb":{"@id":"https:\/\/shopatoa.com\/ro\/dripping-gold-spuma-auto-bronzanta-de-calatorie-medium-mini-mousse-90-ml\/#breadcrumb"},"inLanguage":"ro-RO","potentialAction":[{"@type":"ReadAction","target":["https:\/\/shopatoa.com\/ro\/dripping-gold-spuma-auto-bronzanta-de-calatorie-medium-mini-mousse-90-ml\/"]}]},{"@type":"ImageObject","inLanguage":"ro-RO","@id":"https:\/\/shopatoa.com\/ro\/dripping-gold-spuma-auto-bronzanta-de-calatorie-medium-mini-mousse-90-ml\/#primaryimage","url":"https:\/\/storage.googleapis.com\/cz-shopatoa-img\/ro\/77cb80ee-unnamed-file.webp","contentUrl":"https:\/\/storage.googleapis.com\/cz-shopatoa-img\/ro\/77cb80ee-unnamed-file.webp","width":800,"height":800},{"@type":"BreadcrumbList","@id":"https:\/\/shopatoa.com\/ro\/dripping-gold-spuma-auto-bronzanta-de-calatorie-medium-mini-mousse-90-ml\/#breadcrumb","itemListElement":[{"@type":"ListItem","position":1,"name":"Dom\u016f","item":"https:\/\/shopatoa.com\/ro\/"},{"@type":"ListItem","position":2,"name":"Shop","item":"https:\/\/shopatoa.com\/ro\/shop\/"},{"@type":"ListItem","position":3,"name":"Cosmetice","item":"https:\/\/shopatoa.com\/ro\/cosmetice\/"},{"@type":"ListItem","position":4,"name":"Cosmetice de protec\u021bie solar\u0103","item":"https:\/\/shopatoa.com\/ro\/cosmetice-de-protectie-solara\/"},{"@type":"ListItem","position":5,"name":"Produse cosmetice autobronzante","item":"https:\/\/shopatoa.com\/ro\/produse-cosmetice-autobronzante\/"},{"@type":"ListItem","position":6,"name":"Dripping Gold Spum\u0103 auto-bronzant\u0103 de c\u0103l\u0103torie Medium (Mini Mousse) 90 ml"}]},{"@type":"WebSite","@id":"https:\/\/shopatoa.com\/ro\/#website","url":"https:\/\/shopatoa.com\/ro\/","name":"SHOPATOA","description":"","publisher":{"@id":"https:\/\/shopatoa.com\/ro\/#organization"},"potentialAction":[{"@type":"SearchAction","target":{"@type":"EntryPoint","urlTemplate":"https:\/\/shopatoa.com\/ro\/?s={search_term_string}"},"query-input":{"@type":"PropertyValueSpecification","valueRequired":true,"valueName":"search_term_string"}}],"inLanguage":"ro-RO"},{"@type":"Organization","@id":"https:\/\/shopatoa.com\/ro\/#organization","name":"SHOPATOA","url":"https:\/\/shopatoa.com\/ro\/","logo":{"@type":"ImageObject","inLanguage":"ro-RO","@id":"https:\/\/shopatoa.com\/ro\/#\/schema\/logo\/image\/","url":"https:\/\/storage.googleapis.com\/cz-shopatoa-img\/ro\/b4dac915-shopatoa_logo.png","contentUrl":"https:\/\/storage.googleapis.com\/cz-shopatoa-img\/ro\/b4dac915-shopatoa_logo.png","width":416,"height":63,"caption":"SHOPATOA"},"image":{"@id":"https:\/\/shopatoa.com\/ro\/#\/schema\/logo\/image\/"}}]}},"_links":{"self":[{"href":"https:\/\/shopatoa.com\/ro\/wp-json\/wp\/v2\/product\/284681","targetHints":{"allow":["GET"]}}],"collection":[{"href":"https:\/\/shopatoa.com\/ro\/wp-json\/wp\/v2\/product"}],"about":[{"href":"https:\/\/shopatoa.com\/ro\/wp-json\/wp\/v2\/types\/product"}],"replies":[{"embeddable":true,"href":"https:\/\/shopatoa.com\/ro\/wp-json\/wp\/v2\/comments?post=284681"}],"wp:featuredmedia":[{"embeddable":true,"href":"https:\/\/shopatoa.com\/ro\/wp-json\/wp\/v2\/media\/284683"}],"wp:attachment":[{"href":"https:\/\/shopatoa.com\/ro\/wp-json\/wp\/v2\/media?parent=284681"}],"wp:term":[{"taxonomy":"product_brand","embeddable":true,"href":"https:\/\/shopatoa.com\/ro\/wp-json\/wp\/v2\/product_brand?post=284681"},{"taxonomy":"product_cat","embeddable":true,"href":"https:\/\/shopatoa.com\/ro\/wp-json\/wp\/v2\/product_cat?post=284681"},{"taxonomy":"product_tag","embeddable":true,"href":"https:\/\/shopatoa.com\/ro\/wp-json\/wp\/v2\/product_tag?post=284681"}],"curies":[{"name":"wp","href":"https:\/\/api.w.org\/{rel}","templated":true}]}}