{"id":284721,"date":"2025-05-01T02:41:22","date_gmt":"2025-05-01T00:41:22","guid":{"rendered":"https:\/\/shopatoa.com\/ro\/acm-tonic-pentru-par-impotriva-caderii-parului-novophane-reactional-lotion-100-ml\/"},"modified":"2025-12-13T01:53:41","modified_gmt":"2025-12-13T00:53:41","slug":"acm-tonic-pentru-par-impotriva-caderii-parului-novophane-reactional-lotion-100-ml","status":"publish","type":"product","link":"https:\/\/shopatoa.com\/ro\/acm-tonic-pentru-par-impotriva-caderii-parului-novophane-reactional-lotion-100-ml\/","title":{"rendered":"ACM Tonic pentru p\u0103r \u00eempotriva c\u0103derii p\u0103rului Novophane Reactional (Lotion) 100 ml"},"content":{"rendered":"<p>Tonicul pentru p\u0103r \u00eencetine\u0219te c\u0103derea p\u0103rului, accelereaz\u0103 recre\u0219terea acestuia, red\u0103 puterea \u0219i vitalitatea p\u0103rului obosit. Combina\u021bia de uleiuri esen\u021biale, cheia p\u0103trunderii transepidermice, protejeaz\u0103 \u00eempotriva stresului oxidativ, regleaz\u0103 \u0219i reduce produc\u021bia de sebum, stimuleaz\u0103 microcircula\u021bia, cur\u0103\u021b\u0103 \u0219i calmeaz\u0103 pielea \u0219i stimuleaz\u0103 cre\u0219terea p\u0103rului. Con\u021bine o combina\u021bie de substan\u021be active (uleiuri esen\u021biale, vitaminele C, E, B5, B6, PP, H) pentru a \u00eencetini c\u0103derea p\u0103rului, pentru a promova regenerarea acestuia* \u0219i pentru a \u00eent\u0103ri p\u0103rul obosit. Dup\u0103 doar 6 s\u0103pt\u0103m\u00e2ni de utilizare**, c\u0103derea p\u0103rului este vizibil \u00eencetinit\u0103, cre\u0219terea* este stimulat\u0103 \u0219i p\u0103rul este mai frumos. Potrivit \u00een special pentru c\u0103derea p\u0103rului legat\u0103 de stres, epuizare sau sarcin\u0103. Pachetul de 100 ml este suficient pentru un curs de 3 luni. Potrivit at\u00e2t pentru b\u0103rba\u021bi, c\u00e2t \u0219i pentru femei. *pe p\u0103rul existent \/**Studiu clinic sub control dermatologic pe 28 de b\u0103rba\u021bi \u0219i femei &#8211; aplicare zilnic\u0103 timp de 12 s\u0103pt\u0103m\u00e2ni<\/p>\n","protected":false},"excerpt":{"rendered":"<p>Tonicul pentru p\u0103r \u00eencetine\u0219te c\u0103derea p\u0103rului, accelereaz\u0103 recre\u0219terea acestuia, red\u0103 puterea \u0219i vitalitatea p\u0103rului obosit. Combina\u021bia de uleiuri esen\u021biale, cheia p\u0103trunderii transepidermice, protejeaz\u0103 \u00eempotriva stresului oxidativ, regleaz\u0103 \u0219i reduce produc\u021bia de sebum, stimuleaz\u0103 microcircula\u021bia, cur\u0103\u021b\u0103 \u0219i calmeaz\u0103 pielea \u0219i stimuleaz\u0103 cre\u0219terea p\u0103rului. Con\u021bine o combina\u021bie de substan\u021be active (uleiuri esen\u021biale, vitaminele C, E, B5, B6,&#8230;<\/p>\n","protected":false},"featured_media":284722,"comment_status":"closed","ping_status":"open","template":"","meta":{"_acf_changed":false,"_kadence_starter_templates_imported_post":false,"_kad_post_transparent":"","_kad_post_title":"","_kad_post_layout":"","_kad_post_sidebar_id":"","_kad_post_content_style":"","_kad_post_vertical_padding":"","_kad_post_feature":"","_kad_post_feature_position":"","_kad_post_header":false,"_kad_post_footer":false,"_kad_post_classname":""},"product_brand":[281],"product_cat":[246,696,623],"product_tag":[],"class_list":{"0":"post-284721","1":"product","2":"type-product","3":"status-publish","4":"has-post-thumbnail","6":"product_brand-acm","7":"product_cat-cosmetice","8":"product_cat-ingrijirea-parului-fara-clatire","9":"product_cat-produse-cosmetice-pentru-par","11":"first","12":"instock","13":"sale","14":"product-type-external","15":"entry","16":"content-bg","17":"loop-entry"},"acf":[],"yoast_head":"<!-- This site is optimized with the Yoast SEO plugin v27.4 - https:\/\/yoast.com\/product\/yoast-seo-wordpress\/ -->\n<title>ACM Tonic pentru p\u0103r \u00eempotriva c\u0103derii p\u0103rului Novophane Reactional (Lotion) 100 ml - SHOPATOA.COM<\/title>\n<meta name=\"robots\" content=\"index, follow, max-snippet:-1, max-image-preview:large, max-video-preview:-1\" \/>\n<link rel=\"canonical\" href=\"https:\/\/shopatoa.com\/ro\/acm-tonic-pentru-par-impotriva-caderii-parului-novophane-reactional-lotion-100-ml\/\" \/>\n<meta property=\"og:locale\" content=\"ro_RO\" \/>\n<meta property=\"og:type\" content=\"article\" \/>\n<meta property=\"og:title\" content=\"ACM Tonic pentru p\u0103r \u00eempotriva c\u0103derii p\u0103rului Novophane Reactional (Lotion) 100 ml - SHOPATOA.COM\" \/>\n<meta property=\"og:description\" content=\"Tonicul pentru p\u0103r \u00eencetine\u0219te c\u0103derea p\u0103rului, accelereaz\u0103 recre\u0219terea acestuia, red\u0103 puterea \u0219i vitalitatea p\u0103rului obosit. Combina\u021bia de uleiuri esen\u021biale, cheia p\u0103trunderii transepidermice, protejeaz\u0103 \u00eempotriva stresului oxidativ, regleaz\u0103 \u0219i reduce produc\u021bia de sebum, stimuleaz\u0103 microcircula\u021bia, cur\u0103\u021b\u0103 \u0219i calmeaz\u0103 pielea \u0219i stimuleaz\u0103 cre\u0219terea p\u0103rului. Con\u021bine o combina\u021bie de substan\u021be active (uleiuri esen\u021biale, vitaminele C, E, B5, B6,...\" \/>\n<meta property=\"og:url\" content=\"https:\/\/shopatoa.com\/ro\/acm-tonic-pentru-par-impotriva-caderii-parului-novophane-reactional-lotion-100-ml\/\" \/>\n<meta property=\"og:site_name\" content=\"SHOPATOA\" \/>\n<meta property=\"article:modified_time\" content=\"2025-12-13T00:53:41+00:00\" \/>\n<meta property=\"og:image\" content=\"https:\/\/storage.googleapis.com\/cz-shopatoa-img\/ro\/3a312d23-unnamed-file.webp\" \/>\n\t<meta property=\"og:image:width\" content=\"800\" \/>\n\t<meta property=\"og:image:height\" content=\"800\" \/>\n\t<meta property=\"og:image:type\" content=\"image\/webp\" \/>\n<meta name=\"twitter:card\" content=\"summary_large_image\" \/>\n<meta name=\"twitter:label1\" content=\"Timp estimat pentru citire\" \/>\n\t<meta name=\"twitter:data1\" content=\"1 minut\" \/>\n<script type=\"application\/ld+json\" class=\"yoast-schema-graph\">{\"@context\":\"https:\\\/\\\/schema.org\",\"@graph\":[{\"@type\":\"WebPage\",\"@id\":\"https:\\\/\\\/shopatoa.com\\\/ro\\\/acm-tonic-pentru-par-impotriva-caderii-parului-novophane-reactional-lotion-100-ml\\\/\",\"url\":\"https:\\\/\\\/shopatoa.com\\\/ro\\\/acm-tonic-pentru-par-impotriva-caderii-parului-novophane-reactional-lotion-100-ml\\\/\",\"name\":\"ACM Tonic pentru p\u0103r \u00eempotriva c\u0103derii p\u0103rului Novophane Reactional (Lotion) 100 ml - SHOPATOA.COM\",\"isPartOf\":{\"@id\":\"https:\\\/\\\/shopatoa.com\\\/ro\\\/#website\"},\"primaryImageOfPage\":{\"@id\":\"https:\\\/\\\/shopatoa.com\\\/ro\\\/acm-tonic-pentru-par-impotriva-caderii-parului-novophane-reactional-lotion-100-ml\\\/#primaryimage\"},\"image\":{\"@id\":\"https:\\\/\\\/shopatoa.com\\\/ro\\\/acm-tonic-pentru-par-impotriva-caderii-parului-novophane-reactional-lotion-100-ml\\\/#primaryimage\"},\"thumbnailUrl\":\"https:\\\/\\\/storage.googleapis.com\\\/cz-shopatoa-img\\\/ro\\\/3a312d23-unnamed-file.webp\",\"datePublished\":\"2025-05-01T00:41:22+00:00\",\"dateModified\":\"2025-12-13T00:53:41+00:00\",\"breadcrumb\":{\"@id\":\"https:\\\/\\\/shopatoa.com\\\/ro\\\/acm-tonic-pentru-par-impotriva-caderii-parului-novophane-reactional-lotion-100-ml\\\/#breadcrumb\"},\"inLanguage\":\"ro-RO\",\"potentialAction\":[{\"@type\":\"ReadAction\",\"target\":[\"https:\\\/\\\/shopatoa.com\\\/ro\\\/acm-tonic-pentru-par-impotriva-caderii-parului-novophane-reactional-lotion-100-ml\\\/\"]}]},{\"@type\":\"ImageObject\",\"inLanguage\":\"ro-RO\",\"@id\":\"https:\\\/\\\/shopatoa.com\\\/ro\\\/acm-tonic-pentru-par-impotriva-caderii-parului-novophane-reactional-lotion-100-ml\\\/#primaryimage\",\"url\":\"https:\\\/\\\/storage.googleapis.com\\\/cz-shopatoa-img\\\/ro\\\/3a312d23-unnamed-file.webp\",\"contentUrl\":\"https:\\\/\\\/storage.googleapis.com\\\/cz-shopatoa-img\\\/ro\\\/3a312d23-unnamed-file.webp\",\"width\":800,\"height\":800},{\"@type\":\"BreadcrumbList\",\"@id\":\"https:\\\/\\\/shopatoa.com\\\/ro\\\/acm-tonic-pentru-par-impotriva-caderii-parului-novophane-reactional-lotion-100-ml\\\/#breadcrumb\",\"itemListElement\":[{\"@type\":\"ListItem\",\"position\":1,\"name\":\"Dom\u016f\",\"item\":\"https:\\\/\\\/shopatoa.com\\\/ro\\\/\"},{\"@type\":\"ListItem\",\"position\":2,\"name\":\"Shop\",\"item\":\"https:\\\/\\\/shopatoa.com\\\/ro\\\/shop\\\/\"},{\"@type\":\"ListItem\",\"position\":3,\"name\":\"Cosmetice\",\"item\":\"https:\\\/\\\/shopatoa.com\\\/ro\\\/cosmetice\\\/\"},{\"@type\":\"ListItem\",\"position\":4,\"name\":\"Produse cosmetice pentru p\u0103r\",\"item\":\"https:\\\/\\\/shopatoa.com\\\/ro\\\/produse-cosmetice-pentru-par\\\/\"},{\"@type\":\"ListItem\",\"position\":5,\"name\":\"\u00cengrijirea p\u0103rului f\u0103r\u0103 cl\u0103tire\",\"item\":\"https:\\\/\\\/shopatoa.com\\\/ro\\\/ingrijirea-parului-fara-clatire\\\/\"},{\"@type\":\"ListItem\",\"position\":6,\"name\":\"ACM Tonic pentru p\u0103r \u00eempotriva c\u0103derii p\u0103rului Novophane Reactional (Lotion) 100 ml\"}]},{\"@type\":\"WebSite\",\"@id\":\"https:\\\/\\\/shopatoa.com\\\/ro\\\/#website\",\"url\":\"https:\\\/\\\/shopatoa.com\\\/ro\\\/\",\"name\":\"SHOPATOA\",\"description\":\"\",\"publisher\":{\"@id\":\"https:\\\/\\\/shopatoa.com\\\/ro\\\/#organization\"},\"potentialAction\":[{\"@type\":\"SearchAction\",\"target\":{\"@type\":\"EntryPoint\",\"urlTemplate\":\"https:\\\/\\\/shopatoa.com\\\/ro\\\/?s={search_term_string}\"},\"query-input\":{\"@type\":\"PropertyValueSpecification\",\"valueRequired\":true,\"valueName\":\"search_term_string\"}}],\"inLanguage\":\"ro-RO\"},{\"@type\":\"Organization\",\"@id\":\"https:\\\/\\\/shopatoa.com\\\/ro\\\/#organization\",\"name\":\"SHOPATOA\",\"url\":\"https:\\\/\\\/shopatoa.com\\\/ro\\\/\",\"logo\":{\"@type\":\"ImageObject\",\"inLanguage\":\"ro-RO\",\"@id\":\"https:\\\/\\\/shopatoa.com\\\/ro\\\/#\\\/schema\\\/logo\\\/image\\\/\",\"url\":\"https:\\\/\\\/storage.googleapis.com\\\/cz-shopatoa-img\\\/ro\\\/b4dac915-shopatoa_logo.png\",\"contentUrl\":\"https:\\\/\\\/storage.googleapis.com\\\/cz-shopatoa-img\\\/ro\\\/b4dac915-shopatoa_logo.png\",\"width\":416,\"height\":63,\"caption\":\"SHOPATOA\"},\"image\":{\"@id\":\"https:\\\/\\\/shopatoa.com\\\/ro\\\/#\\\/schema\\\/logo\\\/image\\\/\"}}]}<\/script>\n<!-- \/ Yoast SEO plugin. -->","yoast_head_json":{"title":"ACM Tonic pentru p\u0103r \u00eempotriva c\u0103derii p\u0103rului Novophane Reactional (Lotion) 100 ml - SHOPATOA.COM","robots":{"index":"index","follow":"follow","max-snippet":"max-snippet:-1","max-image-preview":"max-image-preview:large","max-video-preview":"max-video-preview:-1"},"canonical":"https:\/\/shopatoa.com\/ro\/acm-tonic-pentru-par-impotriva-caderii-parului-novophane-reactional-lotion-100-ml\/","og_locale":"ro_RO","og_type":"article","og_title":"ACM Tonic pentru p\u0103r \u00eempotriva c\u0103derii p\u0103rului Novophane Reactional (Lotion) 100 ml - SHOPATOA.COM","og_description":"Tonicul pentru p\u0103r \u00eencetine\u0219te c\u0103derea p\u0103rului, accelereaz\u0103 recre\u0219terea acestuia, red\u0103 puterea \u0219i vitalitatea p\u0103rului obosit. Combina\u021bia de uleiuri esen\u021biale, cheia p\u0103trunderii transepidermice, protejeaz\u0103 \u00eempotriva stresului oxidativ, regleaz\u0103 \u0219i reduce produc\u021bia de sebum, stimuleaz\u0103 microcircula\u021bia, cur\u0103\u021b\u0103 \u0219i calmeaz\u0103 pielea \u0219i stimuleaz\u0103 cre\u0219terea p\u0103rului. Con\u021bine o combina\u021bie de substan\u021be active (uleiuri esen\u021biale, vitaminele C, E, B5, B6,...","og_url":"https:\/\/shopatoa.com\/ro\/acm-tonic-pentru-par-impotriva-caderii-parului-novophane-reactional-lotion-100-ml\/","og_site_name":"SHOPATOA","article_modified_time":"2025-12-13T00:53:41+00:00","og_image":[{"width":800,"height":800,"url":"https:\/\/storage.googleapis.com\/cz-shopatoa-img\/ro\/3a312d23-unnamed-file.webp","type":"image\/webp"}],"twitter_card":"summary_large_image","twitter_misc":{"Timp estimat pentru citire":"1 minut"},"schema":{"@context":"https:\/\/schema.org","@graph":[{"@type":"WebPage","@id":"https:\/\/shopatoa.com\/ro\/acm-tonic-pentru-par-impotriva-caderii-parului-novophane-reactional-lotion-100-ml\/","url":"https:\/\/shopatoa.com\/ro\/acm-tonic-pentru-par-impotriva-caderii-parului-novophane-reactional-lotion-100-ml\/","name":"ACM Tonic pentru p\u0103r \u00eempotriva c\u0103derii p\u0103rului Novophane Reactional (Lotion) 100 ml - SHOPATOA.COM","isPartOf":{"@id":"https:\/\/shopatoa.com\/ro\/#website"},"primaryImageOfPage":{"@id":"https:\/\/shopatoa.com\/ro\/acm-tonic-pentru-par-impotriva-caderii-parului-novophane-reactional-lotion-100-ml\/#primaryimage"},"image":{"@id":"https:\/\/shopatoa.com\/ro\/acm-tonic-pentru-par-impotriva-caderii-parului-novophane-reactional-lotion-100-ml\/#primaryimage"},"thumbnailUrl":"https:\/\/storage.googleapis.com\/cz-shopatoa-img\/ro\/3a312d23-unnamed-file.webp","datePublished":"2025-05-01T00:41:22+00:00","dateModified":"2025-12-13T00:53:41+00:00","breadcrumb":{"@id":"https:\/\/shopatoa.com\/ro\/acm-tonic-pentru-par-impotriva-caderii-parului-novophane-reactional-lotion-100-ml\/#breadcrumb"},"inLanguage":"ro-RO","potentialAction":[{"@type":"ReadAction","target":["https:\/\/shopatoa.com\/ro\/acm-tonic-pentru-par-impotriva-caderii-parului-novophane-reactional-lotion-100-ml\/"]}]},{"@type":"ImageObject","inLanguage":"ro-RO","@id":"https:\/\/shopatoa.com\/ro\/acm-tonic-pentru-par-impotriva-caderii-parului-novophane-reactional-lotion-100-ml\/#primaryimage","url":"https:\/\/storage.googleapis.com\/cz-shopatoa-img\/ro\/3a312d23-unnamed-file.webp","contentUrl":"https:\/\/storage.googleapis.com\/cz-shopatoa-img\/ro\/3a312d23-unnamed-file.webp","width":800,"height":800},{"@type":"BreadcrumbList","@id":"https:\/\/shopatoa.com\/ro\/acm-tonic-pentru-par-impotriva-caderii-parului-novophane-reactional-lotion-100-ml\/#breadcrumb","itemListElement":[{"@type":"ListItem","position":1,"name":"Dom\u016f","item":"https:\/\/shopatoa.com\/ro\/"},{"@type":"ListItem","position":2,"name":"Shop","item":"https:\/\/shopatoa.com\/ro\/shop\/"},{"@type":"ListItem","position":3,"name":"Cosmetice","item":"https:\/\/shopatoa.com\/ro\/cosmetice\/"},{"@type":"ListItem","position":4,"name":"Produse cosmetice pentru p\u0103r","item":"https:\/\/shopatoa.com\/ro\/produse-cosmetice-pentru-par\/"},{"@type":"ListItem","position":5,"name":"\u00cengrijirea p\u0103rului f\u0103r\u0103 cl\u0103tire","item":"https:\/\/shopatoa.com\/ro\/ingrijirea-parului-fara-clatire\/"},{"@type":"ListItem","position":6,"name":"ACM Tonic pentru p\u0103r \u00eempotriva c\u0103derii p\u0103rului Novophane Reactional (Lotion) 100 ml"}]},{"@type":"WebSite","@id":"https:\/\/shopatoa.com\/ro\/#website","url":"https:\/\/shopatoa.com\/ro\/","name":"SHOPATOA","description":"","publisher":{"@id":"https:\/\/shopatoa.com\/ro\/#organization"},"potentialAction":[{"@type":"SearchAction","target":{"@type":"EntryPoint","urlTemplate":"https:\/\/shopatoa.com\/ro\/?s={search_term_string}"},"query-input":{"@type":"PropertyValueSpecification","valueRequired":true,"valueName":"search_term_string"}}],"inLanguage":"ro-RO"},{"@type":"Organization","@id":"https:\/\/shopatoa.com\/ro\/#organization","name":"SHOPATOA","url":"https:\/\/shopatoa.com\/ro\/","logo":{"@type":"ImageObject","inLanguage":"ro-RO","@id":"https:\/\/shopatoa.com\/ro\/#\/schema\/logo\/image\/","url":"https:\/\/storage.googleapis.com\/cz-shopatoa-img\/ro\/b4dac915-shopatoa_logo.png","contentUrl":"https:\/\/storage.googleapis.com\/cz-shopatoa-img\/ro\/b4dac915-shopatoa_logo.png","width":416,"height":63,"caption":"SHOPATOA"},"image":{"@id":"https:\/\/shopatoa.com\/ro\/#\/schema\/logo\/image\/"}}]}},"_links":{"self":[{"href":"https:\/\/shopatoa.com\/ro\/wp-json\/wp\/v2\/product\/284721","targetHints":{"allow":["GET"]}}],"collection":[{"href":"https:\/\/shopatoa.com\/ro\/wp-json\/wp\/v2\/product"}],"about":[{"href":"https:\/\/shopatoa.com\/ro\/wp-json\/wp\/v2\/types\/product"}],"replies":[{"embeddable":true,"href":"https:\/\/shopatoa.com\/ro\/wp-json\/wp\/v2\/comments?post=284721"}],"wp:featuredmedia":[{"embeddable":true,"href":"https:\/\/shopatoa.com\/ro\/wp-json\/wp\/v2\/media\/284722"}],"wp:attachment":[{"href":"https:\/\/shopatoa.com\/ro\/wp-json\/wp\/v2\/media?parent=284721"}],"wp:term":[{"taxonomy":"product_brand","embeddable":true,"href":"https:\/\/shopatoa.com\/ro\/wp-json\/wp\/v2\/product_brand?post=284721"},{"taxonomy":"product_cat","embeddable":true,"href":"https:\/\/shopatoa.com\/ro\/wp-json\/wp\/v2\/product_cat?post=284721"},{"taxonomy":"product_tag","embeddable":true,"href":"https:\/\/shopatoa.com\/ro\/wp-json\/wp\/v2\/product_tag?post=284721"}],"curies":[{"name":"wp","href":"https:\/\/api.w.org\/{rel}","templated":true}]}}