{"id":284868,"date":"2025-05-01T03:00:49","date_gmt":"2025-05-01T01:00:49","guid":{"rendered":"https:\/\/shopatoa.com\/ro\/revolution-fard-de-obraz-si-iluminator-2-in-blush-highlight-stick-86-g-champagne-shine\/"},"modified":"2025-12-11T14:32:28","modified_gmt":"2025-12-11T13:32:28","slug":"revolution-fard-de-obraz-si-iluminator-2-in-blush-highlight-stick-86-g-champagne-shine","status":"publish","type":"product","link":"https:\/\/shopatoa.com\/ro\/revolution-fard-de-obraz-si-iluminator-2-in-blush-highlight-stick-86-g-champagne-shine\/","title":{"rendered":"Revolution Fard de obraz \u0219i iluminator 2 \u00een (Blush &amp; Highlight Stick) 8,6 g Champagne Shine"},"content":{"rendered":"<p>V\u0103 plac produsele multifunc\u021bionale? Atunci acest Blush &amp; Highlight Stick cu dou\u0103 fe\u021be este alegerea potrivit\u0103, permi\u021b\u00e2ndu-v\u0103 s\u0103 v\u0103 eviden\u021bia\u021bi \u0219i s\u0103 v\u0103 lumina\u021bi cu u\u0219urin\u021b\u0103 obrajii oriunde \u00een deplasare. La un cap\u0103t este un fard de obraz mat, foarte pigmentat, care va ad\u0103uga un strop de culoare obrajilor dvs., \u00een timp ce la cel\u0103lalt cap\u0103t ve\u021bi g\u0103si un iluminator super luminos pentru a v\u0103 eviden\u021bia obrajii.<\/p>\n","protected":false},"excerpt":{"rendered":"<p>V\u0103 plac produsele multifunc\u021bionale? Atunci acest Blush &amp; Highlight Stick cu dou\u0103 fe\u021be este alegerea potrivit\u0103, permi\u021b\u00e2ndu-v\u0103 s\u0103 v\u0103 eviden\u021bia\u021bi \u0219i s\u0103 v\u0103 lumina\u021bi cu u\u0219urin\u021b\u0103 obrajii oriunde \u00een deplasare. La un cap\u0103t este un fard de obraz mat, foarte pigmentat, care va ad\u0103uga un strop de culoare obrajilor dvs., \u00een timp ce la cel\u0103lalt&#8230;<\/p>\n","protected":false},"featured_media":284870,"comment_status":"closed","ping_status":"open","template":"","meta":{"_acf_changed":false,"_kadence_starter_templates_imported_post":false,"_kad_post_transparent":"","_kad_post_title":"","_kad_post_layout":"","_kad_post_sidebar_id":"","_kad_post_content_style":"","_kad_post_vertical_padding":"","_kad_post_feature":"","_kad_post_feature_position":"","_kad_post_header":false,"_kad_post_footer":false,"_kad_post_classname":""},"product_brand":[130],"product_cat":[686,246,609,616],"product_tag":[],"class_list":{"0":"post-284868","1":"product","2":"type-product","3":"status-publish","4":"has-post-thumbnail","6":"product_brand-revolution","7":"product_cat-corector-de-ten-set-contur","8":"product_cat-cosmetice","9":"product_cat-cosmetice-decorative","10":"product_cat-machiaj-pentru-fata","12":"first","13":"instock","14":"sale","15":"product-type-external","16":"entry","17":"content-bg","18":"loop-entry"},"acf":[],"yoast_head":"<!-- This site is optimized with the Yoast SEO plugin v27.3 - https:\/\/yoast.com\/product\/yoast-seo-wordpress\/ -->\n<title>Revolution Fard de obraz \u0219i iluminator 2 \u00een (Blush &amp; Highlight Stick) 8,6 g Champagne Shine - SHOPATOA.COM<\/title>\n<meta name=\"robots\" content=\"index, follow, max-snippet:-1, max-image-preview:large, max-video-preview:-1\" \/>\n<link rel=\"canonical\" href=\"https:\/\/shopatoa.com\/ro\/revolution-fard-de-obraz-si-iluminator-2-in-blush-highlight-stick-86-g-champagne-shine\/\" \/>\n<meta property=\"og:locale\" content=\"ro_RO\" \/>\n<meta property=\"og:type\" content=\"article\" \/>\n<meta property=\"og:title\" content=\"Revolution Fard de obraz \u0219i iluminator 2 \u00een (Blush &amp; Highlight Stick) 8,6 g Champagne Shine - SHOPATOA.COM\" \/>\n<meta property=\"og:description\" content=\"V\u0103 plac produsele multifunc\u021bionale? Atunci acest Blush &amp; Highlight Stick cu dou\u0103 fe\u021be este alegerea potrivit\u0103, permi\u021b\u00e2ndu-v\u0103 s\u0103 v\u0103 eviden\u021bia\u021bi \u0219i s\u0103 v\u0103 lumina\u021bi cu u\u0219urin\u021b\u0103 obrajii oriunde \u00een deplasare. La un cap\u0103t este un fard de obraz mat, foarte pigmentat, care va ad\u0103uga un strop de culoare obrajilor dvs., \u00een timp ce la cel\u0103lalt...\" \/>\n<meta property=\"og:url\" content=\"https:\/\/shopatoa.com\/ro\/revolution-fard-de-obraz-si-iluminator-2-in-blush-highlight-stick-86-g-champagne-shine\/\" \/>\n<meta property=\"og:site_name\" content=\"SHOPATOA\" \/>\n<meta property=\"article:modified_time\" content=\"2025-12-11T13:32:28+00:00\" \/>\n<meta property=\"og:image\" content=\"https:\/\/storage.googleapis.com\/cz-shopatoa-img\/ro\/6b38e09b-unnamed-file.webp\" \/>\n\t<meta property=\"og:image:width\" content=\"800\" \/>\n\t<meta property=\"og:image:height\" content=\"800\" \/>\n\t<meta property=\"og:image:type\" content=\"image\/webp\" \/>\n<meta name=\"twitter:card\" content=\"summary_large_image\" \/>\n<script type=\"application\/ld+json\" class=\"yoast-schema-graph\">{\"@context\":\"https:\\\/\\\/schema.org\",\"@graph\":[{\"@type\":\"WebPage\",\"@id\":\"https:\\\/\\\/shopatoa.com\\\/ro\\\/revolution-fard-de-obraz-si-iluminator-2-in-blush-highlight-stick-86-g-champagne-shine\\\/\",\"url\":\"https:\\\/\\\/shopatoa.com\\\/ro\\\/revolution-fard-de-obraz-si-iluminator-2-in-blush-highlight-stick-86-g-champagne-shine\\\/\",\"name\":\"Revolution Fard de obraz \u0219i iluminator 2 \u00een (Blush & Highlight Stick) 8,6 g Champagne Shine - SHOPATOA.COM\",\"isPartOf\":{\"@id\":\"https:\\\/\\\/shopatoa.com\\\/ro\\\/#website\"},\"primaryImageOfPage\":{\"@id\":\"https:\\\/\\\/shopatoa.com\\\/ro\\\/revolution-fard-de-obraz-si-iluminator-2-in-blush-highlight-stick-86-g-champagne-shine\\\/#primaryimage\"},\"image\":{\"@id\":\"https:\\\/\\\/shopatoa.com\\\/ro\\\/revolution-fard-de-obraz-si-iluminator-2-in-blush-highlight-stick-86-g-champagne-shine\\\/#primaryimage\"},\"thumbnailUrl\":\"https:\\\/\\\/storage.googleapis.com\\\/cz-shopatoa-img\\\/ro\\\/6b38e09b-unnamed-file.webp\",\"datePublished\":\"2025-05-01T01:00:49+00:00\",\"dateModified\":\"2025-12-11T13:32:28+00:00\",\"breadcrumb\":{\"@id\":\"https:\\\/\\\/shopatoa.com\\\/ro\\\/revolution-fard-de-obraz-si-iluminator-2-in-blush-highlight-stick-86-g-champagne-shine\\\/#breadcrumb\"},\"inLanguage\":\"ro-RO\",\"potentialAction\":[{\"@type\":\"ReadAction\",\"target\":[\"https:\\\/\\\/shopatoa.com\\\/ro\\\/revolution-fard-de-obraz-si-iluminator-2-in-blush-highlight-stick-86-g-champagne-shine\\\/\"]}]},{\"@type\":\"ImageObject\",\"inLanguage\":\"ro-RO\",\"@id\":\"https:\\\/\\\/shopatoa.com\\\/ro\\\/revolution-fard-de-obraz-si-iluminator-2-in-blush-highlight-stick-86-g-champagne-shine\\\/#primaryimage\",\"url\":\"https:\\\/\\\/storage.googleapis.com\\\/cz-shopatoa-img\\\/ro\\\/6b38e09b-unnamed-file.webp\",\"contentUrl\":\"https:\\\/\\\/storage.googleapis.com\\\/cz-shopatoa-img\\\/ro\\\/6b38e09b-unnamed-file.webp\",\"width\":800,\"height\":800},{\"@type\":\"BreadcrumbList\",\"@id\":\"https:\\\/\\\/shopatoa.com\\\/ro\\\/revolution-fard-de-obraz-si-iluminator-2-in-blush-highlight-stick-86-g-champagne-shine\\\/#breadcrumb\",\"itemListElement\":[{\"@type\":\"ListItem\",\"position\":1,\"name\":\"Dom\u016f\",\"item\":\"https:\\\/\\\/shopatoa.com\\\/ro\\\/\"},{\"@type\":\"ListItem\",\"position\":2,\"name\":\"Shop\",\"item\":\"https:\\\/\\\/shopatoa.com\\\/ro\\\/shop\\\/\"},{\"@type\":\"ListItem\",\"position\":3,\"name\":\"Cosmetice\",\"item\":\"https:\\\/\\\/shopatoa.com\\\/ro\\\/cosmetice\\\/\"},{\"@type\":\"ListItem\",\"position\":4,\"name\":\"Cosmetice decorative\",\"item\":\"https:\\\/\\\/shopatoa.com\\\/ro\\\/cosmetice-decorative\\\/\"},{\"@type\":\"ListItem\",\"position\":5,\"name\":\"Machiaj pentru fa\u021ba\",\"item\":\"https:\\\/\\\/shopatoa.com\\\/ro\\\/machiaj-pentru-fata\\\/\"},{\"@type\":\"ListItem\",\"position\":6,\"name\":\"Corector de ten, set contur\",\"item\":\"https:\\\/\\\/shopatoa.com\\\/ro\\\/corector-de-ten-set-contur\\\/\"},{\"@type\":\"ListItem\",\"position\":7,\"name\":\"Revolution Fard de obraz \u0219i iluminator 2 \u00een (Blush &amp; Highlight Stick) 8,6 g Champagne Shine\"}]},{\"@type\":\"WebSite\",\"@id\":\"https:\\\/\\\/shopatoa.com\\\/ro\\\/#website\",\"url\":\"https:\\\/\\\/shopatoa.com\\\/ro\\\/\",\"name\":\"SHOPATOA\",\"description\":\"\",\"publisher\":{\"@id\":\"https:\\\/\\\/shopatoa.com\\\/ro\\\/#organization\"},\"potentialAction\":[{\"@type\":\"SearchAction\",\"target\":{\"@type\":\"EntryPoint\",\"urlTemplate\":\"https:\\\/\\\/shopatoa.com\\\/ro\\\/?s={search_term_string}\"},\"query-input\":{\"@type\":\"PropertyValueSpecification\",\"valueRequired\":true,\"valueName\":\"search_term_string\"}}],\"inLanguage\":\"ro-RO\"},{\"@type\":\"Organization\",\"@id\":\"https:\\\/\\\/shopatoa.com\\\/ro\\\/#organization\",\"name\":\"SHOPATOA\",\"url\":\"https:\\\/\\\/shopatoa.com\\\/ro\\\/\",\"logo\":{\"@type\":\"ImageObject\",\"inLanguage\":\"ro-RO\",\"@id\":\"https:\\\/\\\/shopatoa.com\\\/ro\\\/#\\\/schema\\\/logo\\\/image\\\/\",\"url\":\"https:\\\/\\\/storage.googleapis.com\\\/cz-shopatoa-img\\\/ro\\\/b4dac915-shopatoa_logo.png\",\"contentUrl\":\"https:\\\/\\\/storage.googleapis.com\\\/cz-shopatoa-img\\\/ro\\\/b4dac915-shopatoa_logo.png\",\"width\":416,\"height\":63,\"caption\":\"SHOPATOA\"},\"image\":{\"@id\":\"https:\\\/\\\/shopatoa.com\\\/ro\\\/#\\\/schema\\\/logo\\\/image\\\/\"}}]}<\/script>\n<!-- \/ Yoast SEO plugin. -->","yoast_head_json":{"title":"Revolution Fard de obraz \u0219i iluminator 2 \u00een (Blush & Highlight Stick) 8,6 g Champagne Shine - SHOPATOA.COM","robots":{"index":"index","follow":"follow","max-snippet":"max-snippet:-1","max-image-preview":"max-image-preview:large","max-video-preview":"max-video-preview:-1"},"canonical":"https:\/\/shopatoa.com\/ro\/revolution-fard-de-obraz-si-iluminator-2-in-blush-highlight-stick-86-g-champagne-shine\/","og_locale":"ro_RO","og_type":"article","og_title":"Revolution Fard de obraz \u0219i iluminator 2 \u00een (Blush & Highlight Stick) 8,6 g Champagne Shine - SHOPATOA.COM","og_description":"V\u0103 plac produsele multifunc\u021bionale? Atunci acest Blush &amp; Highlight Stick cu dou\u0103 fe\u021be este alegerea potrivit\u0103, permi\u021b\u00e2ndu-v\u0103 s\u0103 v\u0103 eviden\u021bia\u021bi \u0219i s\u0103 v\u0103 lumina\u021bi cu u\u0219urin\u021b\u0103 obrajii oriunde \u00een deplasare. La un cap\u0103t este un fard de obraz mat, foarte pigmentat, care va ad\u0103uga un strop de culoare obrajilor dvs., \u00een timp ce la cel\u0103lalt...","og_url":"https:\/\/shopatoa.com\/ro\/revolution-fard-de-obraz-si-iluminator-2-in-blush-highlight-stick-86-g-champagne-shine\/","og_site_name":"SHOPATOA","article_modified_time":"2025-12-11T13:32:28+00:00","og_image":[{"width":800,"height":800,"url":"https:\/\/storage.googleapis.com\/cz-shopatoa-img\/ro\/6b38e09b-unnamed-file.webp","type":"image\/webp"}],"twitter_card":"summary_large_image","schema":{"@context":"https:\/\/schema.org","@graph":[{"@type":"WebPage","@id":"https:\/\/shopatoa.com\/ro\/revolution-fard-de-obraz-si-iluminator-2-in-blush-highlight-stick-86-g-champagne-shine\/","url":"https:\/\/shopatoa.com\/ro\/revolution-fard-de-obraz-si-iluminator-2-in-blush-highlight-stick-86-g-champagne-shine\/","name":"Revolution Fard de obraz \u0219i iluminator 2 \u00een (Blush & Highlight Stick) 8,6 g Champagne Shine - SHOPATOA.COM","isPartOf":{"@id":"https:\/\/shopatoa.com\/ro\/#website"},"primaryImageOfPage":{"@id":"https:\/\/shopatoa.com\/ro\/revolution-fard-de-obraz-si-iluminator-2-in-blush-highlight-stick-86-g-champagne-shine\/#primaryimage"},"image":{"@id":"https:\/\/shopatoa.com\/ro\/revolution-fard-de-obraz-si-iluminator-2-in-blush-highlight-stick-86-g-champagne-shine\/#primaryimage"},"thumbnailUrl":"https:\/\/storage.googleapis.com\/cz-shopatoa-img\/ro\/6b38e09b-unnamed-file.webp","datePublished":"2025-05-01T01:00:49+00:00","dateModified":"2025-12-11T13:32:28+00:00","breadcrumb":{"@id":"https:\/\/shopatoa.com\/ro\/revolution-fard-de-obraz-si-iluminator-2-in-blush-highlight-stick-86-g-champagne-shine\/#breadcrumb"},"inLanguage":"ro-RO","potentialAction":[{"@type":"ReadAction","target":["https:\/\/shopatoa.com\/ro\/revolution-fard-de-obraz-si-iluminator-2-in-blush-highlight-stick-86-g-champagne-shine\/"]}]},{"@type":"ImageObject","inLanguage":"ro-RO","@id":"https:\/\/shopatoa.com\/ro\/revolution-fard-de-obraz-si-iluminator-2-in-blush-highlight-stick-86-g-champagne-shine\/#primaryimage","url":"https:\/\/storage.googleapis.com\/cz-shopatoa-img\/ro\/6b38e09b-unnamed-file.webp","contentUrl":"https:\/\/storage.googleapis.com\/cz-shopatoa-img\/ro\/6b38e09b-unnamed-file.webp","width":800,"height":800},{"@type":"BreadcrumbList","@id":"https:\/\/shopatoa.com\/ro\/revolution-fard-de-obraz-si-iluminator-2-in-blush-highlight-stick-86-g-champagne-shine\/#breadcrumb","itemListElement":[{"@type":"ListItem","position":1,"name":"Dom\u016f","item":"https:\/\/shopatoa.com\/ro\/"},{"@type":"ListItem","position":2,"name":"Shop","item":"https:\/\/shopatoa.com\/ro\/shop\/"},{"@type":"ListItem","position":3,"name":"Cosmetice","item":"https:\/\/shopatoa.com\/ro\/cosmetice\/"},{"@type":"ListItem","position":4,"name":"Cosmetice decorative","item":"https:\/\/shopatoa.com\/ro\/cosmetice-decorative\/"},{"@type":"ListItem","position":5,"name":"Machiaj pentru fa\u021ba","item":"https:\/\/shopatoa.com\/ro\/machiaj-pentru-fata\/"},{"@type":"ListItem","position":6,"name":"Corector de ten, set contur","item":"https:\/\/shopatoa.com\/ro\/corector-de-ten-set-contur\/"},{"@type":"ListItem","position":7,"name":"Revolution Fard de obraz \u0219i iluminator 2 \u00een (Blush &amp; Highlight Stick) 8,6 g Champagne Shine"}]},{"@type":"WebSite","@id":"https:\/\/shopatoa.com\/ro\/#website","url":"https:\/\/shopatoa.com\/ro\/","name":"SHOPATOA","description":"","publisher":{"@id":"https:\/\/shopatoa.com\/ro\/#organization"},"potentialAction":[{"@type":"SearchAction","target":{"@type":"EntryPoint","urlTemplate":"https:\/\/shopatoa.com\/ro\/?s={search_term_string}"},"query-input":{"@type":"PropertyValueSpecification","valueRequired":true,"valueName":"search_term_string"}}],"inLanguage":"ro-RO"},{"@type":"Organization","@id":"https:\/\/shopatoa.com\/ro\/#organization","name":"SHOPATOA","url":"https:\/\/shopatoa.com\/ro\/","logo":{"@type":"ImageObject","inLanguage":"ro-RO","@id":"https:\/\/shopatoa.com\/ro\/#\/schema\/logo\/image\/","url":"https:\/\/storage.googleapis.com\/cz-shopatoa-img\/ro\/b4dac915-shopatoa_logo.png","contentUrl":"https:\/\/storage.googleapis.com\/cz-shopatoa-img\/ro\/b4dac915-shopatoa_logo.png","width":416,"height":63,"caption":"SHOPATOA"},"image":{"@id":"https:\/\/shopatoa.com\/ro\/#\/schema\/logo\/image\/"}}]}},"_links":{"self":[{"href":"https:\/\/shopatoa.com\/ro\/wp-json\/wp\/v2\/product\/284868","targetHints":{"allow":["GET"]}}],"collection":[{"href":"https:\/\/shopatoa.com\/ro\/wp-json\/wp\/v2\/product"}],"about":[{"href":"https:\/\/shopatoa.com\/ro\/wp-json\/wp\/v2\/types\/product"}],"replies":[{"embeddable":true,"href":"https:\/\/shopatoa.com\/ro\/wp-json\/wp\/v2\/comments?post=284868"}],"wp:featuredmedia":[{"embeddable":true,"href":"https:\/\/shopatoa.com\/ro\/wp-json\/wp\/v2\/media\/284870"}],"wp:attachment":[{"href":"https:\/\/shopatoa.com\/ro\/wp-json\/wp\/v2\/media?parent=284868"}],"wp:term":[{"taxonomy":"product_brand","embeddable":true,"href":"https:\/\/shopatoa.com\/ro\/wp-json\/wp\/v2\/product_brand?post=284868"},{"taxonomy":"product_cat","embeddable":true,"href":"https:\/\/shopatoa.com\/ro\/wp-json\/wp\/v2\/product_cat?post=284868"},{"taxonomy":"product_tag","embeddable":true,"href":"https:\/\/shopatoa.com\/ro\/wp-json\/wp\/v2\/product_tag?post=284868"}],"curies":[{"name":"wp","href":"https:\/\/api.w.org\/{rel}","templated":true}]}}