{"id":285046,"date":"2025-05-01T03:25:07","date_gmt":"2025-05-01T01:25:07","guid":{"rendered":"https:\/\/shopatoa.com\/ro\/mont-blanc-explorer-platinum-edp-60-ml-gel-de-dus-100-ml\/"},"modified":"2025-12-11T14:15:38","modified_gmt":"2025-12-11T13:15:38","slug":"mont-blanc-explorer-platinum-edp-60-ml-gel-de-dus-100-ml","status":"publish","type":"product","link":"https:\/\/shopatoa.com\/ro\/mont-blanc-explorer-platinum-edp-60-ml-gel-de-dus-100-ml\/","title":{"rendered":"Mont Blanc Explorer Platinum &#8211; EDP 60 ml + gel de du\u0219 100 ml"},"content":{"rendered":"<p>Descoper\u0103 necunoscutul cu apa de parfum pentru b\u0103rba\u021bi Explorer Platinum de la marca Montblanc. Parfumul este o s\u0103rb\u0103toare a aventurii, a frumuse\u021bii descoperirii, a dorin\u021bei de a descoperi posibilit\u0103\u021bile nesf\u00e2r\u0219ite ale vie\u021bii \u0219i reprezint\u0103 o oportunitate de a descoperi puterea mun\u021bilor \u0219i for\u021ba propriului caracter. Prospe\u021bimea energetic\u0103 a frunzei de violet\u0103 ce se combin\u0103 cu urma plantelor r\u0103coritoare cu salvie de mu\u0219cat\u0103 care la baz\u0103 este fixat\u0103 de c\u0103ldura lemnului de cedru. Un parfum ideal pentru to\u021bi b\u0103rba\u021bii moderni care ac\u021bioneaz\u0103 \u00eentotdeauna cu prevedere. Parfumul a fost lansat \u00een pe pia\u021b\u0103 in anul 2023.<\/p>\n","protected":false},"excerpt":{"rendered":"<p>Descoper\u0103 necunoscutul cu apa de parfum pentru b\u0103rba\u021bi Explorer Platinum de la marca Montblanc. Parfumul este o s\u0103rb\u0103toare a aventurii, a frumuse\u021bii descoperirii, a dorin\u021bei de a descoperi posibilit\u0103\u021bile nesf\u00e2r\u0219ite ale vie\u021bii \u0219i reprezint\u0103 o oportunitate de a descoperi puterea mun\u021bilor \u0219i for\u021ba propriului caracter. Prospe\u021bimea energetic\u0103 a frunzei de violet\u0103 ce se combin\u0103 cu&#8230;<\/p>\n","protected":false},"featured_media":285048,"comment_status":"closed","ping_status":"open","template":"","meta":{"_acf_changed":false,"_kadence_starter_templates_imported_post":false,"_kad_post_transparent":"","_kad_post_title":"","_kad_post_layout":"","_kad_post_sidebar_id":"","_kad_post_content_style":"","_kad_post_vertical_padding":"","_kad_post_feature":"","_kad_post_feature_position":"","_kad_post_header":false,"_kad_post_footer":false,"_kad_post_classname":""},"product_brand":[31],"product_cat":[614,651],"product_tag":[],"class_list":{"0":"post-285046","1":"product","2":"type-product","3":"status-publish","4":"has-post-thumbnail","6":"product_brand-mont-blanc","7":"product_cat-parfumuri","8":"product_cat-seturi-cadou-de-parfumuri","10":"first","11":"instock","12":"sale","13":"product-type-external","14":"entry","15":"content-bg","16":"loop-entry"},"acf":[],"yoast_head":"<!-- This site is optimized with the Yoast SEO plugin v27.4 - https:\/\/yoast.com\/product\/yoast-seo-wordpress\/ -->\n<title>Mont Blanc Explorer Platinum - EDP 60 ml + gel de du\u0219 100 ml - SHOPATOA.COM<\/title>\n<meta name=\"robots\" content=\"index, follow, max-snippet:-1, max-image-preview:large, max-video-preview:-1\" \/>\n<link rel=\"canonical\" href=\"https:\/\/shopatoa.com\/ro\/mont-blanc-explorer-platinum-edp-60-ml-gel-de-dus-100-ml\/\" \/>\n<meta property=\"og:locale\" content=\"ro_RO\" \/>\n<meta property=\"og:type\" content=\"article\" \/>\n<meta property=\"og:title\" content=\"Mont Blanc Explorer Platinum - EDP 60 ml + gel de du\u0219 100 ml - SHOPATOA.COM\" \/>\n<meta property=\"og:description\" content=\"Descoper\u0103 necunoscutul cu apa de parfum pentru b\u0103rba\u021bi Explorer Platinum de la marca Montblanc. Parfumul este o s\u0103rb\u0103toare a aventurii, a frumuse\u021bii descoperirii, a dorin\u021bei de a descoperi posibilit\u0103\u021bile nesf\u00e2r\u0219ite ale vie\u021bii \u0219i reprezint\u0103 o oportunitate de a descoperi puterea mun\u021bilor \u0219i for\u021ba propriului caracter. Prospe\u021bimea energetic\u0103 a frunzei de violet\u0103 ce se combin\u0103 cu...\" \/>\n<meta property=\"og:url\" content=\"https:\/\/shopatoa.com\/ro\/mont-blanc-explorer-platinum-edp-60-ml-gel-de-dus-100-ml\/\" \/>\n<meta property=\"og:site_name\" content=\"SHOPATOA\" \/>\n<meta property=\"article:modified_time\" content=\"2025-12-11T13:15:38+00:00\" \/>\n<meta property=\"og:image\" content=\"https:\/\/storage.googleapis.com\/cz-shopatoa-img\/ro\/fb19e79f-unnamed-file.webp\" \/>\n\t<meta property=\"og:image:width\" content=\"800\" \/>\n\t<meta property=\"og:image:height\" content=\"800\" \/>\n\t<meta property=\"og:image:type\" content=\"image\/webp\" \/>\n<meta name=\"twitter:card\" content=\"summary_large_image\" \/>\n<meta name=\"twitter:label1\" content=\"Timp estimat pentru citire\" \/>\n\t<meta name=\"twitter:data1\" content=\"1 minut\" \/>\n<script type=\"application\/ld+json\" class=\"yoast-schema-graph\">{\"@context\":\"https:\\\/\\\/schema.org\",\"@graph\":[{\"@type\":\"WebPage\",\"@id\":\"https:\\\/\\\/shopatoa.com\\\/ro\\\/mont-blanc-explorer-platinum-edp-60-ml-gel-de-dus-100-ml\\\/\",\"url\":\"https:\\\/\\\/shopatoa.com\\\/ro\\\/mont-blanc-explorer-platinum-edp-60-ml-gel-de-dus-100-ml\\\/\",\"name\":\"Mont Blanc Explorer Platinum - EDP 60 ml + gel de du\u0219 100 ml - SHOPATOA.COM\",\"isPartOf\":{\"@id\":\"https:\\\/\\\/shopatoa.com\\\/ro\\\/#website\"},\"primaryImageOfPage\":{\"@id\":\"https:\\\/\\\/shopatoa.com\\\/ro\\\/mont-blanc-explorer-platinum-edp-60-ml-gel-de-dus-100-ml\\\/#primaryimage\"},\"image\":{\"@id\":\"https:\\\/\\\/shopatoa.com\\\/ro\\\/mont-blanc-explorer-platinum-edp-60-ml-gel-de-dus-100-ml\\\/#primaryimage\"},\"thumbnailUrl\":\"https:\\\/\\\/storage.googleapis.com\\\/cz-shopatoa-img\\\/ro\\\/fb19e79f-unnamed-file.webp\",\"datePublished\":\"2025-05-01T01:25:07+00:00\",\"dateModified\":\"2025-12-11T13:15:38+00:00\",\"breadcrumb\":{\"@id\":\"https:\\\/\\\/shopatoa.com\\\/ro\\\/mont-blanc-explorer-platinum-edp-60-ml-gel-de-dus-100-ml\\\/#breadcrumb\"},\"inLanguage\":\"ro-RO\",\"potentialAction\":[{\"@type\":\"ReadAction\",\"target\":[\"https:\\\/\\\/shopatoa.com\\\/ro\\\/mont-blanc-explorer-platinum-edp-60-ml-gel-de-dus-100-ml\\\/\"]}]},{\"@type\":\"ImageObject\",\"inLanguage\":\"ro-RO\",\"@id\":\"https:\\\/\\\/shopatoa.com\\\/ro\\\/mont-blanc-explorer-platinum-edp-60-ml-gel-de-dus-100-ml\\\/#primaryimage\",\"url\":\"https:\\\/\\\/storage.googleapis.com\\\/cz-shopatoa-img\\\/ro\\\/fb19e79f-unnamed-file.webp\",\"contentUrl\":\"https:\\\/\\\/storage.googleapis.com\\\/cz-shopatoa-img\\\/ro\\\/fb19e79f-unnamed-file.webp\",\"width\":800,\"height\":800},{\"@type\":\"BreadcrumbList\",\"@id\":\"https:\\\/\\\/shopatoa.com\\\/ro\\\/mont-blanc-explorer-platinum-edp-60-ml-gel-de-dus-100-ml\\\/#breadcrumb\",\"itemListElement\":[{\"@type\":\"ListItem\",\"position\":1,\"name\":\"Dom\u016f\",\"item\":\"https:\\\/\\\/shopatoa.com\\\/ro\\\/\"},{\"@type\":\"ListItem\",\"position\":2,\"name\":\"Shop\",\"item\":\"https:\\\/\\\/shopatoa.com\\\/ro\\\/shop\\\/\"},{\"@type\":\"ListItem\",\"position\":3,\"name\":\"Parfumuri\",\"item\":\"https:\\\/\\\/shopatoa.com\\\/ro\\\/parfumuri\\\/\"},{\"@type\":\"ListItem\",\"position\":4,\"name\":\"Seturi cadou de parfumuri\",\"item\":\"https:\\\/\\\/shopatoa.com\\\/ro\\\/seturi-cadou-de-parfumuri\\\/\"},{\"@type\":\"ListItem\",\"position\":5,\"name\":\"Mont Blanc Explorer Platinum &#8211; EDP 60 ml + gel de du\u0219 100 ml\"}]},{\"@type\":\"WebSite\",\"@id\":\"https:\\\/\\\/shopatoa.com\\\/ro\\\/#website\",\"url\":\"https:\\\/\\\/shopatoa.com\\\/ro\\\/\",\"name\":\"SHOPATOA\",\"description\":\"\",\"publisher\":{\"@id\":\"https:\\\/\\\/shopatoa.com\\\/ro\\\/#organization\"},\"potentialAction\":[{\"@type\":\"SearchAction\",\"target\":{\"@type\":\"EntryPoint\",\"urlTemplate\":\"https:\\\/\\\/shopatoa.com\\\/ro\\\/?s={search_term_string}\"},\"query-input\":{\"@type\":\"PropertyValueSpecification\",\"valueRequired\":true,\"valueName\":\"search_term_string\"}}],\"inLanguage\":\"ro-RO\"},{\"@type\":\"Organization\",\"@id\":\"https:\\\/\\\/shopatoa.com\\\/ro\\\/#organization\",\"name\":\"SHOPATOA\",\"url\":\"https:\\\/\\\/shopatoa.com\\\/ro\\\/\",\"logo\":{\"@type\":\"ImageObject\",\"inLanguage\":\"ro-RO\",\"@id\":\"https:\\\/\\\/shopatoa.com\\\/ro\\\/#\\\/schema\\\/logo\\\/image\\\/\",\"url\":\"https:\\\/\\\/storage.googleapis.com\\\/cz-shopatoa-img\\\/ro\\\/b4dac915-shopatoa_logo.png\",\"contentUrl\":\"https:\\\/\\\/storage.googleapis.com\\\/cz-shopatoa-img\\\/ro\\\/b4dac915-shopatoa_logo.png\",\"width\":416,\"height\":63,\"caption\":\"SHOPATOA\"},\"image\":{\"@id\":\"https:\\\/\\\/shopatoa.com\\\/ro\\\/#\\\/schema\\\/logo\\\/image\\\/\"}}]}<\/script>\n<!-- \/ Yoast SEO plugin. -->","yoast_head_json":{"title":"Mont Blanc Explorer Platinum - EDP 60 ml + gel de du\u0219 100 ml - SHOPATOA.COM","robots":{"index":"index","follow":"follow","max-snippet":"max-snippet:-1","max-image-preview":"max-image-preview:large","max-video-preview":"max-video-preview:-1"},"canonical":"https:\/\/shopatoa.com\/ro\/mont-blanc-explorer-platinum-edp-60-ml-gel-de-dus-100-ml\/","og_locale":"ro_RO","og_type":"article","og_title":"Mont Blanc Explorer Platinum - EDP 60 ml + gel de du\u0219 100 ml - SHOPATOA.COM","og_description":"Descoper\u0103 necunoscutul cu apa de parfum pentru b\u0103rba\u021bi Explorer Platinum de la marca Montblanc. Parfumul este o s\u0103rb\u0103toare a aventurii, a frumuse\u021bii descoperirii, a dorin\u021bei de a descoperi posibilit\u0103\u021bile nesf\u00e2r\u0219ite ale vie\u021bii \u0219i reprezint\u0103 o oportunitate de a descoperi puterea mun\u021bilor \u0219i for\u021ba propriului caracter. Prospe\u021bimea energetic\u0103 a frunzei de violet\u0103 ce se combin\u0103 cu...","og_url":"https:\/\/shopatoa.com\/ro\/mont-blanc-explorer-platinum-edp-60-ml-gel-de-dus-100-ml\/","og_site_name":"SHOPATOA","article_modified_time":"2025-12-11T13:15:38+00:00","og_image":[{"width":800,"height":800,"url":"https:\/\/storage.googleapis.com\/cz-shopatoa-img\/ro\/fb19e79f-unnamed-file.webp","type":"image\/webp"}],"twitter_card":"summary_large_image","twitter_misc":{"Timp estimat pentru citire":"1 minut"},"schema":{"@context":"https:\/\/schema.org","@graph":[{"@type":"WebPage","@id":"https:\/\/shopatoa.com\/ro\/mont-blanc-explorer-platinum-edp-60-ml-gel-de-dus-100-ml\/","url":"https:\/\/shopatoa.com\/ro\/mont-blanc-explorer-platinum-edp-60-ml-gel-de-dus-100-ml\/","name":"Mont Blanc Explorer Platinum - EDP 60 ml + gel de du\u0219 100 ml - SHOPATOA.COM","isPartOf":{"@id":"https:\/\/shopatoa.com\/ro\/#website"},"primaryImageOfPage":{"@id":"https:\/\/shopatoa.com\/ro\/mont-blanc-explorer-platinum-edp-60-ml-gel-de-dus-100-ml\/#primaryimage"},"image":{"@id":"https:\/\/shopatoa.com\/ro\/mont-blanc-explorer-platinum-edp-60-ml-gel-de-dus-100-ml\/#primaryimage"},"thumbnailUrl":"https:\/\/storage.googleapis.com\/cz-shopatoa-img\/ro\/fb19e79f-unnamed-file.webp","datePublished":"2025-05-01T01:25:07+00:00","dateModified":"2025-12-11T13:15:38+00:00","breadcrumb":{"@id":"https:\/\/shopatoa.com\/ro\/mont-blanc-explorer-platinum-edp-60-ml-gel-de-dus-100-ml\/#breadcrumb"},"inLanguage":"ro-RO","potentialAction":[{"@type":"ReadAction","target":["https:\/\/shopatoa.com\/ro\/mont-blanc-explorer-platinum-edp-60-ml-gel-de-dus-100-ml\/"]}]},{"@type":"ImageObject","inLanguage":"ro-RO","@id":"https:\/\/shopatoa.com\/ro\/mont-blanc-explorer-platinum-edp-60-ml-gel-de-dus-100-ml\/#primaryimage","url":"https:\/\/storage.googleapis.com\/cz-shopatoa-img\/ro\/fb19e79f-unnamed-file.webp","contentUrl":"https:\/\/storage.googleapis.com\/cz-shopatoa-img\/ro\/fb19e79f-unnamed-file.webp","width":800,"height":800},{"@type":"BreadcrumbList","@id":"https:\/\/shopatoa.com\/ro\/mont-blanc-explorer-platinum-edp-60-ml-gel-de-dus-100-ml\/#breadcrumb","itemListElement":[{"@type":"ListItem","position":1,"name":"Dom\u016f","item":"https:\/\/shopatoa.com\/ro\/"},{"@type":"ListItem","position":2,"name":"Shop","item":"https:\/\/shopatoa.com\/ro\/shop\/"},{"@type":"ListItem","position":3,"name":"Parfumuri","item":"https:\/\/shopatoa.com\/ro\/parfumuri\/"},{"@type":"ListItem","position":4,"name":"Seturi cadou de parfumuri","item":"https:\/\/shopatoa.com\/ro\/seturi-cadou-de-parfumuri\/"},{"@type":"ListItem","position":5,"name":"Mont Blanc Explorer Platinum &#8211; EDP 60 ml + gel de du\u0219 100 ml"}]},{"@type":"WebSite","@id":"https:\/\/shopatoa.com\/ro\/#website","url":"https:\/\/shopatoa.com\/ro\/","name":"SHOPATOA","description":"","publisher":{"@id":"https:\/\/shopatoa.com\/ro\/#organization"},"potentialAction":[{"@type":"SearchAction","target":{"@type":"EntryPoint","urlTemplate":"https:\/\/shopatoa.com\/ro\/?s={search_term_string}"},"query-input":{"@type":"PropertyValueSpecification","valueRequired":true,"valueName":"search_term_string"}}],"inLanguage":"ro-RO"},{"@type":"Organization","@id":"https:\/\/shopatoa.com\/ro\/#organization","name":"SHOPATOA","url":"https:\/\/shopatoa.com\/ro\/","logo":{"@type":"ImageObject","inLanguage":"ro-RO","@id":"https:\/\/shopatoa.com\/ro\/#\/schema\/logo\/image\/","url":"https:\/\/storage.googleapis.com\/cz-shopatoa-img\/ro\/b4dac915-shopatoa_logo.png","contentUrl":"https:\/\/storage.googleapis.com\/cz-shopatoa-img\/ro\/b4dac915-shopatoa_logo.png","width":416,"height":63,"caption":"SHOPATOA"},"image":{"@id":"https:\/\/shopatoa.com\/ro\/#\/schema\/logo\/image\/"}}]}},"_links":{"self":[{"href":"https:\/\/shopatoa.com\/ro\/wp-json\/wp\/v2\/product\/285046","targetHints":{"allow":["GET"]}}],"collection":[{"href":"https:\/\/shopatoa.com\/ro\/wp-json\/wp\/v2\/product"}],"about":[{"href":"https:\/\/shopatoa.com\/ro\/wp-json\/wp\/v2\/types\/product"}],"replies":[{"embeddable":true,"href":"https:\/\/shopatoa.com\/ro\/wp-json\/wp\/v2\/comments?post=285046"}],"wp:featuredmedia":[{"embeddable":true,"href":"https:\/\/shopatoa.com\/ro\/wp-json\/wp\/v2\/media\/285048"}],"wp:attachment":[{"href":"https:\/\/shopatoa.com\/ro\/wp-json\/wp\/v2\/media?parent=285046"}],"wp:term":[{"taxonomy":"product_brand","embeddable":true,"href":"https:\/\/shopatoa.com\/ro\/wp-json\/wp\/v2\/product_brand?post=285046"},{"taxonomy":"product_cat","embeddable":true,"href":"https:\/\/shopatoa.com\/ro\/wp-json\/wp\/v2\/product_cat?post=285046"},{"taxonomy":"product_tag","embeddable":true,"href":"https:\/\/shopatoa.com\/ro\/wp-json\/wp\/v2\/product_tag?post=285046"}],"curies":[{"name":"wp","href":"https:\/\/api.w.org\/{rel}","templated":true}]}}