{"id":285751,"date":"2025-05-01T05:01:51","date_gmt":"2025-05-01T03:01:51","guid":{"rendered":"https:\/\/shopatoa.com\/ro\/yesforlov-gel-lubrifiant-universal-siliconic-ultimate-lubricant-150-ml\/"},"modified":"2025-09-29T04:35:36","modified_gmt":"2025-09-29T02:35:36","slug":"yesforlov-gel-lubrifiant-universal-siliconic-ultimate-lubricant-150-ml","status":"publish","type":"product","link":"https:\/\/shopatoa.com\/ro\/yesforlov-gel-lubrifiant-universal-siliconic-ultimate-lubricant-150-ml\/","title":{"rendered":"YESforLOV Gel lubrifiant universal siliconic (Ultimate Lubricant) 150 ml"},"content":{"rendered":"<p>Gel lubrifiant siliconic de consisten\u021b\u0103 medie. Un lubrifiant versatil care ofer\u0103 o lunecare de lung\u0103 durat\u0103, care va aduce la via\u021b\u0103 toate dorin\u021bele tale secrete. Cu acest gel lubrifiant, v\u0103 pute\u021bi bucura de sexul romantic f\u0103r\u0103 s\u0103 v\u0103 face\u021bi griji cu privire la frecare. Secretul acestui lubrifiant intim const\u0103 \u00een compozi\u021bia sa polivalent\u0103, care v\u0103 permite s\u0103 v\u0103 bucura\u021bi de preludiul erotic \u0219i de toate formele de penetrare. Daca vre\u021bi s\u0103 v\u0103 bucura\u021bi de momente de dragoste senzual\u0103 f\u0103r\u0103 durere \u0219i disconfort, acest lubrifiant va servi drept cheia magic\u0103 pentru a v\u0103 re\u00eenvia sexualitatea visat\u0103. Textura sa transparent\u0103, f\u0103r\u0103 parfum, are un efect de lubrifiere de 7 p\u00e2n\u0103 la 8 ori mai mare dec\u00e2t cel al unui lubrifiant pe baz\u0103 de ap\u0103, l\u0103s\u00e2nd pielea catifelat\u0103, f\u0103r\u0103 a l\u0103sa reziduuri grase. Fabricat f\u0103r\u0103 alergeni, testat sub control ginecologic \u0219i compatibil cu prezervative, acest lubrifiant de lung\u0103 durat\u0103 este potrivit pentru toate tipurile de mucoase, chiar \u0219i pentru cele mai sensibile. Cu formula sa impermeabil\u0103, inert\u0103 \u0219i f\u0103r\u0103 alergeni, \u00eencetine\u0219te cre\u0219terea bacteriilor precum cele care provoac\u0103 micoza.<\/p>\n","protected":false},"excerpt":{"rendered":"<p>Gel lubrifiant siliconic de consisten\u021b\u0103 medie. Un lubrifiant versatil care ofer\u0103 o lunecare de lung\u0103 durat\u0103, care va aduce la via\u021b\u0103 toate dorin\u021bele tale secrete. Cu acest gel lubrifiant, v\u0103 pute\u021bi bucura de sexul romantic f\u0103r\u0103 s\u0103 v\u0103 face\u021bi griji cu privire la frecare. Secretul acestui lubrifiant intim const\u0103 \u00een compozi\u021bia sa polivalent\u0103, care v\u0103&#8230;<\/p>\n","protected":false},"featured_media":285753,"comment_status":"closed","ping_status":"open","template":"","meta":{"_acf_changed":false,"_kadence_starter_templates_imported_post":false,"_kad_post_transparent":"","_kad_post_title":"","_kad_post_layout":"","_kad_post_sidebar_id":"","_kad_post_content_style":"","_kad_post_vertical_padding":"","_kad_post_feature":"","_kad_post_feature_position":"","_kad_post_header":false,"_kad_post_footer":false,"_kad_post_classname":""},"product_brand":[901],"product_cat":[246,902,668,611],"product_tag":[],"class_list":{"0":"post-285751","1":"product","2":"type-product","3":"status-publish","4":"has-post-thumbnail","6":"product_brand-yesforlov","7":"product_cat-cosmetice","8":"product_cat-geluri-lubrifiante","9":"product_cat-jucarii-sexy","10":"product_cat-produse-cosmetice-pentru-corp","12":"first","13":"instock","14":"product-type-external","15":"entry","16":"content-bg","17":"loop-entry"},"acf":[],"yoast_head":"<!-- This site is optimized with the Yoast SEO plugin v27.4 - https:\/\/yoast.com\/product\/yoast-seo-wordpress\/ -->\n<title>YESforLOV Gel lubrifiant universal siliconic (Ultimate Lubricant) 150 ml - SHOPATOA.COM<\/title>\n<meta name=\"robots\" content=\"index, follow, max-snippet:-1, max-image-preview:large, max-video-preview:-1\" \/>\n<link rel=\"canonical\" href=\"https:\/\/shopatoa.com\/ro\/yesforlov-gel-lubrifiant-universal-siliconic-ultimate-lubricant-150-ml\/\" \/>\n<meta property=\"og:locale\" content=\"ro_RO\" \/>\n<meta property=\"og:type\" content=\"article\" \/>\n<meta property=\"og:title\" content=\"YESforLOV Gel lubrifiant universal siliconic (Ultimate Lubricant) 150 ml - SHOPATOA.COM\" \/>\n<meta property=\"og:description\" content=\"Gel lubrifiant siliconic de consisten\u021b\u0103 medie. Un lubrifiant versatil care ofer\u0103 o lunecare de lung\u0103 durat\u0103, care va aduce la via\u021b\u0103 toate dorin\u021bele tale secrete. Cu acest gel lubrifiant, v\u0103 pute\u021bi bucura de sexul romantic f\u0103r\u0103 s\u0103 v\u0103 face\u021bi griji cu privire la frecare. Secretul acestui lubrifiant intim const\u0103 \u00een compozi\u021bia sa polivalent\u0103, care v\u0103...\" \/>\n<meta property=\"og:url\" content=\"https:\/\/shopatoa.com\/ro\/yesforlov-gel-lubrifiant-universal-siliconic-ultimate-lubricant-150-ml\/\" \/>\n<meta property=\"og:site_name\" content=\"SHOPATOA\" \/>\n<meta property=\"article:modified_time\" content=\"2025-09-29T02:35:36+00:00\" \/>\n<meta property=\"og:image\" content=\"https:\/\/storage.googleapis.com\/cz-shopatoa-img\/ro\/5debff59-unnamed-file.webp\" \/>\n\t<meta property=\"og:image:width\" content=\"800\" \/>\n\t<meta property=\"og:image:height\" content=\"800\" \/>\n\t<meta property=\"og:image:type\" content=\"image\/webp\" \/>\n<meta name=\"twitter:card\" content=\"summary_large_image\" \/>\n<meta name=\"twitter:label1\" content=\"Timp estimat pentru citire\" \/>\n\t<meta name=\"twitter:data1\" content=\"1 minut\" \/>\n<script type=\"application\/ld+json\" class=\"yoast-schema-graph\">{\"@context\":\"https:\\\/\\\/schema.org\",\"@graph\":[{\"@type\":\"WebPage\",\"@id\":\"https:\\\/\\\/shopatoa.com\\\/ro\\\/yesforlov-gel-lubrifiant-universal-siliconic-ultimate-lubricant-150-ml\\\/\",\"url\":\"https:\\\/\\\/shopatoa.com\\\/ro\\\/yesforlov-gel-lubrifiant-universal-siliconic-ultimate-lubricant-150-ml\\\/\",\"name\":\"YESforLOV Gel lubrifiant universal siliconic (Ultimate Lubricant) 150 ml - SHOPATOA.COM\",\"isPartOf\":{\"@id\":\"https:\\\/\\\/shopatoa.com\\\/ro\\\/#website\"},\"primaryImageOfPage\":{\"@id\":\"https:\\\/\\\/shopatoa.com\\\/ro\\\/yesforlov-gel-lubrifiant-universal-siliconic-ultimate-lubricant-150-ml\\\/#primaryimage\"},\"image\":{\"@id\":\"https:\\\/\\\/shopatoa.com\\\/ro\\\/yesforlov-gel-lubrifiant-universal-siliconic-ultimate-lubricant-150-ml\\\/#primaryimage\"},\"thumbnailUrl\":\"https:\\\/\\\/storage.googleapis.com\\\/cz-shopatoa-img\\\/ro\\\/5debff59-unnamed-file.webp\",\"datePublished\":\"2025-05-01T03:01:51+00:00\",\"dateModified\":\"2025-09-29T02:35:36+00:00\",\"breadcrumb\":{\"@id\":\"https:\\\/\\\/shopatoa.com\\\/ro\\\/yesforlov-gel-lubrifiant-universal-siliconic-ultimate-lubricant-150-ml\\\/#breadcrumb\"},\"inLanguage\":\"ro-RO\",\"potentialAction\":[{\"@type\":\"ReadAction\",\"target\":[\"https:\\\/\\\/shopatoa.com\\\/ro\\\/yesforlov-gel-lubrifiant-universal-siliconic-ultimate-lubricant-150-ml\\\/\"]}]},{\"@type\":\"ImageObject\",\"inLanguage\":\"ro-RO\",\"@id\":\"https:\\\/\\\/shopatoa.com\\\/ro\\\/yesforlov-gel-lubrifiant-universal-siliconic-ultimate-lubricant-150-ml\\\/#primaryimage\",\"url\":\"https:\\\/\\\/storage.googleapis.com\\\/cz-shopatoa-img\\\/ro\\\/5debff59-unnamed-file.webp\",\"contentUrl\":\"https:\\\/\\\/storage.googleapis.com\\\/cz-shopatoa-img\\\/ro\\\/5debff59-unnamed-file.webp\",\"width\":800,\"height\":800},{\"@type\":\"BreadcrumbList\",\"@id\":\"https:\\\/\\\/shopatoa.com\\\/ro\\\/yesforlov-gel-lubrifiant-universal-siliconic-ultimate-lubricant-150-ml\\\/#breadcrumb\",\"itemListElement\":[{\"@type\":\"ListItem\",\"position\":1,\"name\":\"Dom\u016f\",\"item\":\"https:\\\/\\\/shopatoa.com\\\/ro\\\/\"},{\"@type\":\"ListItem\",\"position\":2,\"name\":\"Shop\",\"item\":\"https:\\\/\\\/shopatoa.com\\\/ro\\\/shop\\\/\"},{\"@type\":\"ListItem\",\"position\":3,\"name\":\"Cosmetice\",\"item\":\"https:\\\/\\\/shopatoa.com\\\/ro\\\/cosmetice\\\/\"},{\"@type\":\"ListItem\",\"position\":4,\"name\":\"Produse cosmetice pentru corp\",\"item\":\"https:\\\/\\\/shopatoa.com\\\/ro\\\/produse-cosmetice-pentru-corp\\\/\"},{\"@type\":\"ListItem\",\"position\":5,\"name\":\"Juc\u0103rii sexy\",\"item\":\"https:\\\/\\\/shopatoa.com\\\/ro\\\/jucarii-sexy\\\/\"},{\"@type\":\"ListItem\",\"position\":6,\"name\":\"Geluri lubrifiante\",\"item\":\"https:\\\/\\\/shopatoa.com\\\/ro\\\/geluri-lubrifiante\\\/\"},{\"@type\":\"ListItem\",\"position\":7,\"name\":\"YESforLOV Gel lubrifiant universal siliconic (Ultimate Lubricant) 150 ml\"}]},{\"@type\":\"WebSite\",\"@id\":\"https:\\\/\\\/shopatoa.com\\\/ro\\\/#website\",\"url\":\"https:\\\/\\\/shopatoa.com\\\/ro\\\/\",\"name\":\"SHOPATOA\",\"description\":\"\",\"publisher\":{\"@id\":\"https:\\\/\\\/shopatoa.com\\\/ro\\\/#organization\"},\"potentialAction\":[{\"@type\":\"SearchAction\",\"target\":{\"@type\":\"EntryPoint\",\"urlTemplate\":\"https:\\\/\\\/shopatoa.com\\\/ro\\\/?s={search_term_string}\"},\"query-input\":{\"@type\":\"PropertyValueSpecification\",\"valueRequired\":true,\"valueName\":\"search_term_string\"}}],\"inLanguage\":\"ro-RO\"},{\"@type\":\"Organization\",\"@id\":\"https:\\\/\\\/shopatoa.com\\\/ro\\\/#organization\",\"name\":\"SHOPATOA\",\"url\":\"https:\\\/\\\/shopatoa.com\\\/ro\\\/\",\"logo\":{\"@type\":\"ImageObject\",\"inLanguage\":\"ro-RO\",\"@id\":\"https:\\\/\\\/shopatoa.com\\\/ro\\\/#\\\/schema\\\/logo\\\/image\\\/\",\"url\":\"https:\\\/\\\/storage.googleapis.com\\\/cz-shopatoa-img\\\/ro\\\/b4dac915-shopatoa_logo.png\",\"contentUrl\":\"https:\\\/\\\/storage.googleapis.com\\\/cz-shopatoa-img\\\/ro\\\/b4dac915-shopatoa_logo.png\",\"width\":416,\"height\":63,\"caption\":\"SHOPATOA\"},\"image\":{\"@id\":\"https:\\\/\\\/shopatoa.com\\\/ro\\\/#\\\/schema\\\/logo\\\/image\\\/\"}}]}<\/script>\n<!-- \/ Yoast SEO plugin. -->","yoast_head_json":{"title":"YESforLOV Gel lubrifiant universal siliconic (Ultimate Lubricant) 150 ml - SHOPATOA.COM","robots":{"index":"index","follow":"follow","max-snippet":"max-snippet:-1","max-image-preview":"max-image-preview:large","max-video-preview":"max-video-preview:-1"},"canonical":"https:\/\/shopatoa.com\/ro\/yesforlov-gel-lubrifiant-universal-siliconic-ultimate-lubricant-150-ml\/","og_locale":"ro_RO","og_type":"article","og_title":"YESforLOV Gel lubrifiant universal siliconic (Ultimate Lubricant) 150 ml - SHOPATOA.COM","og_description":"Gel lubrifiant siliconic de consisten\u021b\u0103 medie. Un lubrifiant versatil care ofer\u0103 o lunecare de lung\u0103 durat\u0103, care va aduce la via\u021b\u0103 toate dorin\u021bele tale secrete. Cu acest gel lubrifiant, v\u0103 pute\u021bi bucura de sexul romantic f\u0103r\u0103 s\u0103 v\u0103 face\u021bi griji cu privire la frecare. Secretul acestui lubrifiant intim const\u0103 \u00een compozi\u021bia sa polivalent\u0103, care v\u0103...","og_url":"https:\/\/shopatoa.com\/ro\/yesforlov-gel-lubrifiant-universal-siliconic-ultimate-lubricant-150-ml\/","og_site_name":"SHOPATOA","article_modified_time":"2025-09-29T02:35:36+00:00","og_image":[{"width":800,"height":800,"url":"https:\/\/storage.googleapis.com\/cz-shopatoa-img\/ro\/5debff59-unnamed-file.webp","type":"image\/webp"}],"twitter_card":"summary_large_image","twitter_misc":{"Timp estimat pentru citire":"1 minut"},"schema":{"@context":"https:\/\/schema.org","@graph":[{"@type":"WebPage","@id":"https:\/\/shopatoa.com\/ro\/yesforlov-gel-lubrifiant-universal-siliconic-ultimate-lubricant-150-ml\/","url":"https:\/\/shopatoa.com\/ro\/yesforlov-gel-lubrifiant-universal-siliconic-ultimate-lubricant-150-ml\/","name":"YESforLOV Gel lubrifiant universal siliconic (Ultimate Lubricant) 150 ml - SHOPATOA.COM","isPartOf":{"@id":"https:\/\/shopatoa.com\/ro\/#website"},"primaryImageOfPage":{"@id":"https:\/\/shopatoa.com\/ro\/yesforlov-gel-lubrifiant-universal-siliconic-ultimate-lubricant-150-ml\/#primaryimage"},"image":{"@id":"https:\/\/shopatoa.com\/ro\/yesforlov-gel-lubrifiant-universal-siliconic-ultimate-lubricant-150-ml\/#primaryimage"},"thumbnailUrl":"https:\/\/storage.googleapis.com\/cz-shopatoa-img\/ro\/5debff59-unnamed-file.webp","datePublished":"2025-05-01T03:01:51+00:00","dateModified":"2025-09-29T02:35:36+00:00","breadcrumb":{"@id":"https:\/\/shopatoa.com\/ro\/yesforlov-gel-lubrifiant-universal-siliconic-ultimate-lubricant-150-ml\/#breadcrumb"},"inLanguage":"ro-RO","potentialAction":[{"@type":"ReadAction","target":["https:\/\/shopatoa.com\/ro\/yesforlov-gel-lubrifiant-universal-siliconic-ultimate-lubricant-150-ml\/"]}]},{"@type":"ImageObject","inLanguage":"ro-RO","@id":"https:\/\/shopatoa.com\/ro\/yesforlov-gel-lubrifiant-universal-siliconic-ultimate-lubricant-150-ml\/#primaryimage","url":"https:\/\/storage.googleapis.com\/cz-shopatoa-img\/ro\/5debff59-unnamed-file.webp","contentUrl":"https:\/\/storage.googleapis.com\/cz-shopatoa-img\/ro\/5debff59-unnamed-file.webp","width":800,"height":800},{"@type":"BreadcrumbList","@id":"https:\/\/shopatoa.com\/ro\/yesforlov-gel-lubrifiant-universal-siliconic-ultimate-lubricant-150-ml\/#breadcrumb","itemListElement":[{"@type":"ListItem","position":1,"name":"Dom\u016f","item":"https:\/\/shopatoa.com\/ro\/"},{"@type":"ListItem","position":2,"name":"Shop","item":"https:\/\/shopatoa.com\/ro\/shop\/"},{"@type":"ListItem","position":3,"name":"Cosmetice","item":"https:\/\/shopatoa.com\/ro\/cosmetice\/"},{"@type":"ListItem","position":4,"name":"Produse cosmetice pentru corp","item":"https:\/\/shopatoa.com\/ro\/produse-cosmetice-pentru-corp\/"},{"@type":"ListItem","position":5,"name":"Juc\u0103rii sexy","item":"https:\/\/shopatoa.com\/ro\/jucarii-sexy\/"},{"@type":"ListItem","position":6,"name":"Geluri lubrifiante","item":"https:\/\/shopatoa.com\/ro\/geluri-lubrifiante\/"},{"@type":"ListItem","position":7,"name":"YESforLOV Gel lubrifiant universal siliconic (Ultimate Lubricant) 150 ml"}]},{"@type":"WebSite","@id":"https:\/\/shopatoa.com\/ro\/#website","url":"https:\/\/shopatoa.com\/ro\/","name":"SHOPATOA","description":"","publisher":{"@id":"https:\/\/shopatoa.com\/ro\/#organization"},"potentialAction":[{"@type":"SearchAction","target":{"@type":"EntryPoint","urlTemplate":"https:\/\/shopatoa.com\/ro\/?s={search_term_string}"},"query-input":{"@type":"PropertyValueSpecification","valueRequired":true,"valueName":"search_term_string"}}],"inLanguage":"ro-RO"},{"@type":"Organization","@id":"https:\/\/shopatoa.com\/ro\/#organization","name":"SHOPATOA","url":"https:\/\/shopatoa.com\/ro\/","logo":{"@type":"ImageObject","inLanguage":"ro-RO","@id":"https:\/\/shopatoa.com\/ro\/#\/schema\/logo\/image\/","url":"https:\/\/storage.googleapis.com\/cz-shopatoa-img\/ro\/b4dac915-shopatoa_logo.png","contentUrl":"https:\/\/storage.googleapis.com\/cz-shopatoa-img\/ro\/b4dac915-shopatoa_logo.png","width":416,"height":63,"caption":"SHOPATOA"},"image":{"@id":"https:\/\/shopatoa.com\/ro\/#\/schema\/logo\/image\/"}}]}},"_links":{"self":[{"href":"https:\/\/shopatoa.com\/ro\/wp-json\/wp\/v2\/product\/285751","targetHints":{"allow":["GET"]}}],"collection":[{"href":"https:\/\/shopatoa.com\/ro\/wp-json\/wp\/v2\/product"}],"about":[{"href":"https:\/\/shopatoa.com\/ro\/wp-json\/wp\/v2\/types\/product"}],"replies":[{"embeddable":true,"href":"https:\/\/shopatoa.com\/ro\/wp-json\/wp\/v2\/comments?post=285751"}],"wp:featuredmedia":[{"embeddable":true,"href":"https:\/\/shopatoa.com\/ro\/wp-json\/wp\/v2\/media\/285753"}],"wp:attachment":[{"href":"https:\/\/shopatoa.com\/ro\/wp-json\/wp\/v2\/media?parent=285751"}],"wp:term":[{"taxonomy":"product_brand","embeddable":true,"href":"https:\/\/shopatoa.com\/ro\/wp-json\/wp\/v2\/product_brand?post=285751"},{"taxonomy":"product_cat","embeddable":true,"href":"https:\/\/shopatoa.com\/ro\/wp-json\/wp\/v2\/product_cat?post=285751"},{"taxonomy":"product_tag","embeddable":true,"href":"https:\/\/shopatoa.com\/ro\/wp-json\/wp\/v2\/product_tag?post=285751"}],"curies":[{"name":"wp","href":"https:\/\/api.w.org\/{rel}","templated":true}]}}