{"id":285776,"date":"2025-05-01T05:06:27","date_gmt":"2025-05-01T03:06:27","guid":{"rendered":"https:\/\/shopatoa.com\/ro\/proficare-termometru-fara-contact-ft-3095\/"},"modified":"2025-12-11T13:34:36","modified_gmt":"2025-12-11T12:34:36","slug":"proficare-termometru-fara-contact-ft-3095","status":"publish","type":"product","link":"https:\/\/shopatoa.com\/ro\/proficare-termometru-fara-contact-ft-3095\/","title":{"rendered":"ProfiCare Termometru f\u0103r\u0103 contact FT 3095"},"content":{"rendered":"<p>Termometru igienic f\u0103r\u0103 contact pentru m\u0103surarea rapid\u0103 a temperaturii bebelu\u0219ilor, copiilor mici \u0219i adul\u021bilor. Este echipat cu un ecran LCD cu iluminare din spate, u\u0219or de citit, deci este ideal \u0219i pentru m\u0103surarea temperaturii pe \u00eentuneric. Display-ul LCD are 3 culori, c\u00e2nd este iluminat verde la o temperatur\u0103 de 34-37,4 \u00b0C, portocaliu la o temperatur\u0103 de 37-5-37,9 \u00b0C \u0219i ro\u0219u la o temperatur\u0103 de 38-43 \u00b0C. Dup\u0103 ce m\u0103surarea este finalizat\u0103, se aude un semnal acustic, dar acesta poate fi dezactivat \u0219i pute\u021bi m\u0103sura f\u0103r\u0103 semnal acustic, ceea ce este apreciat \u00een special pentru bebelu\u0219i sau copii care dorm. Intervalul de m\u0103surare este de 34\u201343 \u00b0C atunci c\u00e2nd este m\u0103surat folosind tehnologia infraro\u0219ie. Termometrul este controlat de un singur buton, deci este simplu de utilizat. Poate fi m\u0103surat fie \u00een \u00b0C, fie \u00een \u00b0F. Rezultatul m\u0103sur\u0103torii va fi afi\u0219at dup\u0103 1 secund\u0103. Dup\u0103 10 secunde, termometrul se opre\u0219te automat, economisind energie electric\u0103. energie. Este alimentat de 2 baterii AAA de 1,5 V, care nu sunt incluse in pachet. Certificat CE 0197\/T\u00dcV Rheiland, MDD\/93\/42\/ECC, ISO 13485.<\/p>\n","protected":false},"excerpt":{"rendered":"<p>Termometru igienic f\u0103r\u0103 contact pentru m\u0103surarea rapid\u0103 a temperaturii bebelu\u0219ilor, copiilor mici \u0219i adul\u021bilor. Este echipat cu un ecran LCD cu iluminare din spate, u\u0219or de citit, deci este ideal \u0219i pentru m\u0103surarea temperaturii pe \u00eentuneric. Display-ul LCD are 3 culori, c\u00e2nd este iluminat verde la o temperatur\u0103 de 34-37,4 \u00b0C, portocaliu la o temperatur\u0103&#8230;<\/p>\n","protected":false},"featured_media":285778,"comment_status":"closed","ping_status":"open","template":"","meta":{"_acf_changed":false,"_kadence_starter_templates_imported_post":false,"_kad_post_transparent":"","_kad_post_title":"","_kad_post_layout":"","_kad_post_sidebar_id":"","_kad_post_content_style":"","_kad_post_vertical_padding":"","_kad_post_feature":"","_kad_post_feature_position":"","_kad_post_header":false,"_kad_post_footer":false,"_kad_post_classname":""},"product_brand":[876],"product_cat":[246,757,611],"product_tag":[],"class_list":{"0":"post-285776","1":"product","2":"type-product","3":"status-publish","4":"has-post-thumbnail","6":"product_brand-proficare","7":"product_cat-cosmetice","8":"product_cat-dispozitive-cosmetice-corpul","9":"product_cat-produse-cosmetice-pentru-corp","11":"first","12":"instock","13":"sale","14":"product-type-external","15":"entry","16":"content-bg","17":"loop-entry"},"acf":[],"yoast_head":"<!-- This site is optimized with the Yoast SEO plugin v27.4 - https:\/\/yoast.com\/product\/yoast-seo-wordpress\/ -->\n<title>ProfiCare Termometru f\u0103r\u0103 contact FT 3095 - SHOPATOA.COM<\/title>\n<meta name=\"robots\" content=\"index, follow, max-snippet:-1, max-image-preview:large, max-video-preview:-1\" \/>\n<link rel=\"canonical\" href=\"https:\/\/shopatoa.com\/ro\/proficare-termometru-fara-contact-ft-3095\/\" \/>\n<meta property=\"og:locale\" content=\"ro_RO\" \/>\n<meta property=\"og:type\" content=\"article\" \/>\n<meta property=\"og:title\" content=\"ProfiCare Termometru f\u0103r\u0103 contact FT 3095 - SHOPATOA.COM\" \/>\n<meta property=\"og:description\" content=\"Termometru igienic f\u0103r\u0103 contact pentru m\u0103surarea rapid\u0103 a temperaturii bebelu\u0219ilor, copiilor mici \u0219i adul\u021bilor. Este echipat cu un ecran LCD cu iluminare din spate, u\u0219or de citit, deci este ideal \u0219i pentru m\u0103surarea temperaturii pe \u00eentuneric. Display-ul LCD are 3 culori, c\u00e2nd este iluminat verde la o temperatur\u0103 de 34-37,4 \u00b0C, portocaliu la o temperatur\u0103...\" \/>\n<meta property=\"og:url\" content=\"https:\/\/shopatoa.com\/ro\/proficare-termometru-fara-contact-ft-3095\/\" \/>\n<meta property=\"og:site_name\" content=\"SHOPATOA\" \/>\n<meta property=\"article:modified_time\" content=\"2025-12-11T12:34:36+00:00\" \/>\n<meta property=\"og:image\" content=\"https:\/\/storage.googleapis.com\/cz-shopatoa-img\/ro\/656904ad-unnamed-file.webp\" \/>\n\t<meta property=\"og:image:width\" content=\"800\" \/>\n\t<meta property=\"og:image:height\" content=\"800\" \/>\n\t<meta property=\"og:image:type\" content=\"image\/webp\" \/>\n<meta name=\"twitter:card\" content=\"summary_large_image\" \/>\n<meta name=\"twitter:label1\" content=\"Timp estimat pentru citire\" \/>\n\t<meta name=\"twitter:data1\" content=\"1 minut\" \/>\n<script type=\"application\/ld+json\" class=\"yoast-schema-graph\">{\"@context\":\"https:\\\/\\\/schema.org\",\"@graph\":[{\"@type\":\"WebPage\",\"@id\":\"https:\\\/\\\/shopatoa.com\\\/ro\\\/proficare-termometru-fara-contact-ft-3095\\\/\",\"url\":\"https:\\\/\\\/shopatoa.com\\\/ro\\\/proficare-termometru-fara-contact-ft-3095\\\/\",\"name\":\"ProfiCare Termometru f\u0103r\u0103 contact FT 3095 - SHOPATOA.COM\",\"isPartOf\":{\"@id\":\"https:\\\/\\\/shopatoa.com\\\/ro\\\/#website\"},\"primaryImageOfPage\":{\"@id\":\"https:\\\/\\\/shopatoa.com\\\/ro\\\/proficare-termometru-fara-contact-ft-3095\\\/#primaryimage\"},\"image\":{\"@id\":\"https:\\\/\\\/shopatoa.com\\\/ro\\\/proficare-termometru-fara-contact-ft-3095\\\/#primaryimage\"},\"thumbnailUrl\":\"https:\\\/\\\/storage.googleapis.com\\\/cz-shopatoa-img\\\/ro\\\/656904ad-unnamed-file.webp\",\"datePublished\":\"2025-05-01T03:06:27+00:00\",\"dateModified\":\"2025-12-11T12:34:36+00:00\",\"breadcrumb\":{\"@id\":\"https:\\\/\\\/shopatoa.com\\\/ro\\\/proficare-termometru-fara-contact-ft-3095\\\/#breadcrumb\"},\"inLanguage\":\"ro-RO\",\"potentialAction\":[{\"@type\":\"ReadAction\",\"target\":[\"https:\\\/\\\/shopatoa.com\\\/ro\\\/proficare-termometru-fara-contact-ft-3095\\\/\"]}]},{\"@type\":\"ImageObject\",\"inLanguage\":\"ro-RO\",\"@id\":\"https:\\\/\\\/shopatoa.com\\\/ro\\\/proficare-termometru-fara-contact-ft-3095\\\/#primaryimage\",\"url\":\"https:\\\/\\\/storage.googleapis.com\\\/cz-shopatoa-img\\\/ro\\\/656904ad-unnamed-file.webp\",\"contentUrl\":\"https:\\\/\\\/storage.googleapis.com\\\/cz-shopatoa-img\\\/ro\\\/656904ad-unnamed-file.webp\",\"width\":800,\"height\":800},{\"@type\":\"BreadcrumbList\",\"@id\":\"https:\\\/\\\/shopatoa.com\\\/ro\\\/proficare-termometru-fara-contact-ft-3095\\\/#breadcrumb\",\"itemListElement\":[{\"@type\":\"ListItem\",\"position\":1,\"name\":\"Dom\u016f\",\"item\":\"https:\\\/\\\/shopatoa.com\\\/ro\\\/\"},{\"@type\":\"ListItem\",\"position\":2,\"name\":\"Shop\",\"item\":\"https:\\\/\\\/shopatoa.com\\\/ro\\\/shop\\\/\"},{\"@type\":\"ListItem\",\"position\":3,\"name\":\"Cosmetice\",\"item\":\"https:\\\/\\\/shopatoa.com\\\/ro\\\/cosmetice\\\/\"},{\"@type\":\"ListItem\",\"position\":4,\"name\":\"Produse cosmetice pentru corp\",\"item\":\"https:\\\/\\\/shopatoa.com\\\/ro\\\/produse-cosmetice-pentru-corp\\\/\"},{\"@type\":\"ListItem\",\"position\":5,\"name\":\"Dispozitive cosmetice corpul\",\"item\":\"https:\\\/\\\/shopatoa.com\\\/ro\\\/dispozitive-cosmetice-corpul\\\/\"},{\"@type\":\"ListItem\",\"position\":6,\"name\":\"ProfiCare Termometru f\u0103r\u0103 contact FT 3095\"}]},{\"@type\":\"WebSite\",\"@id\":\"https:\\\/\\\/shopatoa.com\\\/ro\\\/#website\",\"url\":\"https:\\\/\\\/shopatoa.com\\\/ro\\\/\",\"name\":\"SHOPATOA\",\"description\":\"\",\"publisher\":{\"@id\":\"https:\\\/\\\/shopatoa.com\\\/ro\\\/#organization\"},\"potentialAction\":[{\"@type\":\"SearchAction\",\"target\":{\"@type\":\"EntryPoint\",\"urlTemplate\":\"https:\\\/\\\/shopatoa.com\\\/ro\\\/?s={search_term_string}\"},\"query-input\":{\"@type\":\"PropertyValueSpecification\",\"valueRequired\":true,\"valueName\":\"search_term_string\"}}],\"inLanguage\":\"ro-RO\"},{\"@type\":\"Organization\",\"@id\":\"https:\\\/\\\/shopatoa.com\\\/ro\\\/#organization\",\"name\":\"SHOPATOA\",\"url\":\"https:\\\/\\\/shopatoa.com\\\/ro\\\/\",\"logo\":{\"@type\":\"ImageObject\",\"inLanguage\":\"ro-RO\",\"@id\":\"https:\\\/\\\/shopatoa.com\\\/ro\\\/#\\\/schema\\\/logo\\\/image\\\/\",\"url\":\"https:\\\/\\\/storage.googleapis.com\\\/cz-shopatoa-img\\\/ro\\\/b4dac915-shopatoa_logo.png\",\"contentUrl\":\"https:\\\/\\\/storage.googleapis.com\\\/cz-shopatoa-img\\\/ro\\\/b4dac915-shopatoa_logo.png\",\"width\":416,\"height\":63,\"caption\":\"SHOPATOA\"},\"image\":{\"@id\":\"https:\\\/\\\/shopatoa.com\\\/ro\\\/#\\\/schema\\\/logo\\\/image\\\/\"}}]}<\/script>\n<!-- \/ Yoast SEO plugin. -->","yoast_head_json":{"title":"ProfiCare Termometru f\u0103r\u0103 contact FT 3095 - SHOPATOA.COM","robots":{"index":"index","follow":"follow","max-snippet":"max-snippet:-1","max-image-preview":"max-image-preview:large","max-video-preview":"max-video-preview:-1"},"canonical":"https:\/\/shopatoa.com\/ro\/proficare-termometru-fara-contact-ft-3095\/","og_locale":"ro_RO","og_type":"article","og_title":"ProfiCare Termometru f\u0103r\u0103 contact FT 3095 - SHOPATOA.COM","og_description":"Termometru igienic f\u0103r\u0103 contact pentru m\u0103surarea rapid\u0103 a temperaturii bebelu\u0219ilor, copiilor mici \u0219i adul\u021bilor. Este echipat cu un ecran LCD cu iluminare din spate, u\u0219or de citit, deci este ideal \u0219i pentru m\u0103surarea temperaturii pe \u00eentuneric. Display-ul LCD are 3 culori, c\u00e2nd este iluminat verde la o temperatur\u0103 de 34-37,4 \u00b0C, portocaliu la o temperatur\u0103...","og_url":"https:\/\/shopatoa.com\/ro\/proficare-termometru-fara-contact-ft-3095\/","og_site_name":"SHOPATOA","article_modified_time":"2025-12-11T12:34:36+00:00","og_image":[{"width":800,"height":800,"url":"https:\/\/storage.googleapis.com\/cz-shopatoa-img\/ro\/656904ad-unnamed-file.webp","type":"image\/webp"}],"twitter_card":"summary_large_image","twitter_misc":{"Timp estimat pentru citire":"1 minut"},"schema":{"@context":"https:\/\/schema.org","@graph":[{"@type":"WebPage","@id":"https:\/\/shopatoa.com\/ro\/proficare-termometru-fara-contact-ft-3095\/","url":"https:\/\/shopatoa.com\/ro\/proficare-termometru-fara-contact-ft-3095\/","name":"ProfiCare Termometru f\u0103r\u0103 contact FT 3095 - SHOPATOA.COM","isPartOf":{"@id":"https:\/\/shopatoa.com\/ro\/#website"},"primaryImageOfPage":{"@id":"https:\/\/shopatoa.com\/ro\/proficare-termometru-fara-contact-ft-3095\/#primaryimage"},"image":{"@id":"https:\/\/shopatoa.com\/ro\/proficare-termometru-fara-contact-ft-3095\/#primaryimage"},"thumbnailUrl":"https:\/\/storage.googleapis.com\/cz-shopatoa-img\/ro\/656904ad-unnamed-file.webp","datePublished":"2025-05-01T03:06:27+00:00","dateModified":"2025-12-11T12:34:36+00:00","breadcrumb":{"@id":"https:\/\/shopatoa.com\/ro\/proficare-termometru-fara-contact-ft-3095\/#breadcrumb"},"inLanguage":"ro-RO","potentialAction":[{"@type":"ReadAction","target":["https:\/\/shopatoa.com\/ro\/proficare-termometru-fara-contact-ft-3095\/"]}]},{"@type":"ImageObject","inLanguage":"ro-RO","@id":"https:\/\/shopatoa.com\/ro\/proficare-termometru-fara-contact-ft-3095\/#primaryimage","url":"https:\/\/storage.googleapis.com\/cz-shopatoa-img\/ro\/656904ad-unnamed-file.webp","contentUrl":"https:\/\/storage.googleapis.com\/cz-shopatoa-img\/ro\/656904ad-unnamed-file.webp","width":800,"height":800},{"@type":"BreadcrumbList","@id":"https:\/\/shopatoa.com\/ro\/proficare-termometru-fara-contact-ft-3095\/#breadcrumb","itemListElement":[{"@type":"ListItem","position":1,"name":"Dom\u016f","item":"https:\/\/shopatoa.com\/ro\/"},{"@type":"ListItem","position":2,"name":"Shop","item":"https:\/\/shopatoa.com\/ro\/shop\/"},{"@type":"ListItem","position":3,"name":"Cosmetice","item":"https:\/\/shopatoa.com\/ro\/cosmetice\/"},{"@type":"ListItem","position":4,"name":"Produse cosmetice pentru corp","item":"https:\/\/shopatoa.com\/ro\/produse-cosmetice-pentru-corp\/"},{"@type":"ListItem","position":5,"name":"Dispozitive cosmetice corpul","item":"https:\/\/shopatoa.com\/ro\/dispozitive-cosmetice-corpul\/"},{"@type":"ListItem","position":6,"name":"ProfiCare Termometru f\u0103r\u0103 contact FT 3095"}]},{"@type":"WebSite","@id":"https:\/\/shopatoa.com\/ro\/#website","url":"https:\/\/shopatoa.com\/ro\/","name":"SHOPATOA","description":"","publisher":{"@id":"https:\/\/shopatoa.com\/ro\/#organization"},"potentialAction":[{"@type":"SearchAction","target":{"@type":"EntryPoint","urlTemplate":"https:\/\/shopatoa.com\/ro\/?s={search_term_string}"},"query-input":{"@type":"PropertyValueSpecification","valueRequired":true,"valueName":"search_term_string"}}],"inLanguage":"ro-RO"},{"@type":"Organization","@id":"https:\/\/shopatoa.com\/ro\/#organization","name":"SHOPATOA","url":"https:\/\/shopatoa.com\/ro\/","logo":{"@type":"ImageObject","inLanguage":"ro-RO","@id":"https:\/\/shopatoa.com\/ro\/#\/schema\/logo\/image\/","url":"https:\/\/storage.googleapis.com\/cz-shopatoa-img\/ro\/b4dac915-shopatoa_logo.png","contentUrl":"https:\/\/storage.googleapis.com\/cz-shopatoa-img\/ro\/b4dac915-shopatoa_logo.png","width":416,"height":63,"caption":"SHOPATOA"},"image":{"@id":"https:\/\/shopatoa.com\/ro\/#\/schema\/logo\/image\/"}}]}},"_links":{"self":[{"href":"https:\/\/shopatoa.com\/ro\/wp-json\/wp\/v2\/product\/285776","targetHints":{"allow":["GET"]}}],"collection":[{"href":"https:\/\/shopatoa.com\/ro\/wp-json\/wp\/v2\/product"}],"about":[{"href":"https:\/\/shopatoa.com\/ro\/wp-json\/wp\/v2\/types\/product"}],"replies":[{"embeddable":true,"href":"https:\/\/shopatoa.com\/ro\/wp-json\/wp\/v2\/comments?post=285776"}],"wp:featuredmedia":[{"embeddable":true,"href":"https:\/\/shopatoa.com\/ro\/wp-json\/wp\/v2\/media\/285778"}],"wp:attachment":[{"href":"https:\/\/shopatoa.com\/ro\/wp-json\/wp\/v2\/media?parent=285776"}],"wp:term":[{"taxonomy":"product_brand","embeddable":true,"href":"https:\/\/shopatoa.com\/ro\/wp-json\/wp\/v2\/product_brand?post=285776"},{"taxonomy":"product_cat","embeddable":true,"href":"https:\/\/shopatoa.com\/ro\/wp-json\/wp\/v2\/product_cat?post=285776"},{"taxonomy":"product_tag","embeddable":true,"href":"https:\/\/shopatoa.com\/ro\/wp-json\/wp\/v2\/product_tag?post=285776"}],"curies":[{"name":"wp","href":"https:\/\/api.w.org\/{rel}","templated":true}]}}