{"id":285927,"date":"2025-05-01T05:25:36","date_gmt":"2025-05-01T03:25:36","guid":{"rendered":"https:\/\/shopatoa.com\/ro\/clarins-crema-pentru-modelarea-corpului-masvelt-advanced-body-shaping-cream-200-ml\/"},"modified":"2025-12-11T13:24:00","modified_gmt":"2025-12-11T12:24:00","slug":"clarins-crema-pentru-modelarea-corpului-masvelt-advanced-body-shaping-cream-200-ml","status":"publish","type":"product","link":"https:\/\/shopatoa.com\/ro\/clarins-crema-pentru-modelarea-corpului-masvelt-advanced-body-shaping-cream-200-ml\/","title":{"rendered":"Clarins Crem\u0103 pentru modelarea corpului Masvelt Advanced (Body Shaping Cream) 200 ml"},"content":{"rendered":"<p>Un expert \u00een \u00eengrijirea siluetei care ajut\u0103 la reducerea depozit\u0103rii de gr\u0103sime \u0219i cre\u0219te eliberarea gr\u0103simii. Imperfec\u021biunile sunt mai pu\u021bin vizibile, \u00een timp ce silueta este mai bine sculptat\u0103 \u0219i echilibrat\u0103. Crema este potrivit\u0103 pentru toate femeile sub\/sau peste 50 de ani care doresc s\u0103 lupte cu p\u0103rtile \u00eenc\u0103p\u0103\u021b\u00e2nate \u0219i doresc s\u0103-\u0219i recapete silueta echilibrat\u0103 \u0219i curbele feminine.<\/p>\n","protected":false},"excerpt":{"rendered":"<p>Un expert \u00een \u00eengrijirea siluetei care ajut\u0103 la reducerea depozit\u0103rii de gr\u0103sime \u0219i cre\u0219te eliberarea gr\u0103simii. Imperfec\u021biunile sunt mai pu\u021bin vizibile, \u00een timp ce silueta este mai bine sculptat\u0103 \u0219i echilibrat\u0103. Crema este potrivit\u0103 pentru toate femeile sub\/sau peste 50 de ani care doresc s\u0103 lupte cu p\u0103rtile \u00eenc\u0103p\u0103\u021b\u00e2nate \u0219i doresc s\u0103-\u0219i recapete silueta echilibrat\u0103&#8230;<\/p>\n","protected":false},"featured_media":285929,"comment_status":"closed","ping_status":"open","template":"","meta":{"_acf_changed":false,"_kadence_starter_templates_imported_post":false,"_kad_post_transparent":"","_kad_post_title":"","_kad_post_layout":"","_kad_post_sidebar_id":"","_kad_post_content_style":"","_kad_post_vertical_padding":"","_kad_post_feature":"","_kad_post_feature_position":"","_kad_post_header":false,"_kad_post_footer":false,"_kad_post_classname":""},"product_brand":[120],"product_cat":[612,246,611,661],"product_tag":[],"class_list":{"0":"post-285927","1":"product","2":"type-product","3":"status-publish","4":"has-post-thumbnail","6":"product_brand-clarins","7":"product_cat-cosmetica-pentru-ingrijirea-corpului","8":"product_cat-cosmetice","9":"product_cat-produse-cosmetice-pentru-corp","10":"product_cat-produse-cosmetice-pentru-intarire-si-slabire","12":"first","13":"instock","14":"product-type-external","15":"entry","16":"content-bg","17":"loop-entry"},"acf":[],"yoast_head":"<!-- This site is optimized with the Yoast SEO plugin v27.4 - https:\/\/yoast.com\/product\/yoast-seo-wordpress\/ -->\n<title>Clarins Crem\u0103 pentru modelarea corpului Masvelt Advanced (Body Shaping Cream) 200 ml - SHOPATOA.COM<\/title>\n<meta name=\"robots\" content=\"index, follow, max-snippet:-1, max-image-preview:large, max-video-preview:-1\" \/>\n<link rel=\"canonical\" href=\"https:\/\/shopatoa.com\/ro\/clarins-crema-pentru-modelarea-corpului-masvelt-advanced-body-shaping-cream-200-ml\/\" \/>\n<meta property=\"og:locale\" content=\"ro_RO\" \/>\n<meta property=\"og:type\" content=\"article\" \/>\n<meta property=\"og:title\" content=\"Clarins Crem\u0103 pentru modelarea corpului Masvelt Advanced (Body Shaping Cream) 200 ml - SHOPATOA.COM\" \/>\n<meta property=\"og:description\" content=\"Un expert \u00een \u00eengrijirea siluetei care ajut\u0103 la reducerea depozit\u0103rii de gr\u0103sime \u0219i cre\u0219te eliberarea gr\u0103simii. Imperfec\u021biunile sunt mai pu\u021bin vizibile, \u00een timp ce silueta este mai bine sculptat\u0103 \u0219i echilibrat\u0103. Crema este potrivit\u0103 pentru toate femeile sub\/sau peste 50 de ani care doresc s\u0103 lupte cu p\u0103rtile \u00eenc\u0103p\u0103\u021b\u00e2nate \u0219i doresc s\u0103-\u0219i recapete silueta echilibrat\u0103...\" \/>\n<meta property=\"og:url\" content=\"https:\/\/shopatoa.com\/ro\/clarins-crema-pentru-modelarea-corpului-masvelt-advanced-body-shaping-cream-200-ml\/\" \/>\n<meta property=\"og:site_name\" content=\"SHOPATOA\" \/>\n<meta property=\"article:modified_time\" content=\"2025-12-11T12:24:00+00:00\" \/>\n<meta property=\"og:image\" content=\"https:\/\/storage.googleapis.com\/cz-shopatoa-img\/ro\/ef200f4c-unnamed-file.webp\" \/>\n\t<meta property=\"og:image:width\" content=\"800\" \/>\n\t<meta property=\"og:image:height\" content=\"800\" \/>\n\t<meta property=\"og:image:type\" content=\"image\/webp\" \/>\n<meta name=\"twitter:card\" content=\"summary_large_image\" \/>\n<script type=\"application\/ld+json\" class=\"yoast-schema-graph\">{\"@context\":\"https:\\\/\\\/schema.org\",\"@graph\":[{\"@type\":\"WebPage\",\"@id\":\"https:\\\/\\\/shopatoa.com\\\/ro\\\/clarins-crema-pentru-modelarea-corpului-masvelt-advanced-body-shaping-cream-200-ml\\\/\",\"url\":\"https:\\\/\\\/shopatoa.com\\\/ro\\\/clarins-crema-pentru-modelarea-corpului-masvelt-advanced-body-shaping-cream-200-ml\\\/\",\"name\":\"Clarins Crem\u0103 pentru modelarea corpului Masvelt Advanced (Body Shaping Cream) 200 ml - SHOPATOA.COM\",\"isPartOf\":{\"@id\":\"https:\\\/\\\/shopatoa.com\\\/ro\\\/#website\"},\"primaryImageOfPage\":{\"@id\":\"https:\\\/\\\/shopatoa.com\\\/ro\\\/clarins-crema-pentru-modelarea-corpului-masvelt-advanced-body-shaping-cream-200-ml\\\/#primaryimage\"},\"image\":{\"@id\":\"https:\\\/\\\/shopatoa.com\\\/ro\\\/clarins-crema-pentru-modelarea-corpului-masvelt-advanced-body-shaping-cream-200-ml\\\/#primaryimage\"},\"thumbnailUrl\":\"https:\\\/\\\/storage.googleapis.com\\\/cz-shopatoa-img\\\/ro\\\/ef200f4c-unnamed-file.webp\",\"datePublished\":\"2025-05-01T03:25:36+00:00\",\"dateModified\":\"2025-12-11T12:24:00+00:00\",\"breadcrumb\":{\"@id\":\"https:\\\/\\\/shopatoa.com\\\/ro\\\/clarins-crema-pentru-modelarea-corpului-masvelt-advanced-body-shaping-cream-200-ml\\\/#breadcrumb\"},\"inLanguage\":\"ro-RO\",\"potentialAction\":[{\"@type\":\"ReadAction\",\"target\":[\"https:\\\/\\\/shopatoa.com\\\/ro\\\/clarins-crema-pentru-modelarea-corpului-masvelt-advanced-body-shaping-cream-200-ml\\\/\"]}]},{\"@type\":\"ImageObject\",\"inLanguage\":\"ro-RO\",\"@id\":\"https:\\\/\\\/shopatoa.com\\\/ro\\\/clarins-crema-pentru-modelarea-corpului-masvelt-advanced-body-shaping-cream-200-ml\\\/#primaryimage\",\"url\":\"https:\\\/\\\/storage.googleapis.com\\\/cz-shopatoa-img\\\/ro\\\/ef200f4c-unnamed-file.webp\",\"contentUrl\":\"https:\\\/\\\/storage.googleapis.com\\\/cz-shopatoa-img\\\/ro\\\/ef200f4c-unnamed-file.webp\",\"width\":800,\"height\":800},{\"@type\":\"BreadcrumbList\",\"@id\":\"https:\\\/\\\/shopatoa.com\\\/ro\\\/clarins-crema-pentru-modelarea-corpului-masvelt-advanced-body-shaping-cream-200-ml\\\/#breadcrumb\",\"itemListElement\":[{\"@type\":\"ListItem\",\"position\":1,\"name\":\"Dom\u016f\",\"item\":\"https:\\\/\\\/shopatoa.com\\\/ro\\\/\"},{\"@type\":\"ListItem\",\"position\":2,\"name\":\"Shop\",\"item\":\"https:\\\/\\\/shopatoa.com\\\/ro\\\/shop\\\/\"},{\"@type\":\"ListItem\",\"position\":3,\"name\":\"Cosmetice\",\"item\":\"https:\\\/\\\/shopatoa.com\\\/ro\\\/cosmetice\\\/\"},{\"@type\":\"ListItem\",\"position\":4,\"name\":\"Produse cosmetice pentru corp\",\"item\":\"https:\\\/\\\/shopatoa.com\\\/ro\\\/produse-cosmetice-pentru-corp\\\/\"},{\"@type\":\"ListItem\",\"position\":5,\"name\":\"Cosmetica pentru \u00eengrijirea corpului\",\"item\":\"https:\\\/\\\/shopatoa.com\\\/ro\\\/cosmetica-pentru-ingrijirea-corpului\\\/\"},{\"@type\":\"ListItem\",\"position\":6,\"name\":\"Produse cosmetice pentru \u00eent\u0103rire \u0219i sl\u0103bire\",\"item\":\"https:\\\/\\\/shopatoa.com\\\/ro\\\/produse-cosmetice-pentru-intarire-si-slabire\\\/\"},{\"@type\":\"ListItem\",\"position\":7,\"name\":\"Clarins Crem\u0103 pentru modelarea corpului Masvelt Advanced (Body Shaping Cream) 200 ml\"}]},{\"@type\":\"WebSite\",\"@id\":\"https:\\\/\\\/shopatoa.com\\\/ro\\\/#website\",\"url\":\"https:\\\/\\\/shopatoa.com\\\/ro\\\/\",\"name\":\"SHOPATOA\",\"description\":\"\",\"publisher\":{\"@id\":\"https:\\\/\\\/shopatoa.com\\\/ro\\\/#organization\"},\"potentialAction\":[{\"@type\":\"SearchAction\",\"target\":{\"@type\":\"EntryPoint\",\"urlTemplate\":\"https:\\\/\\\/shopatoa.com\\\/ro\\\/?s={search_term_string}\"},\"query-input\":{\"@type\":\"PropertyValueSpecification\",\"valueRequired\":true,\"valueName\":\"search_term_string\"}}],\"inLanguage\":\"ro-RO\"},{\"@type\":\"Organization\",\"@id\":\"https:\\\/\\\/shopatoa.com\\\/ro\\\/#organization\",\"name\":\"SHOPATOA\",\"url\":\"https:\\\/\\\/shopatoa.com\\\/ro\\\/\",\"logo\":{\"@type\":\"ImageObject\",\"inLanguage\":\"ro-RO\",\"@id\":\"https:\\\/\\\/shopatoa.com\\\/ro\\\/#\\\/schema\\\/logo\\\/image\\\/\",\"url\":\"https:\\\/\\\/storage.googleapis.com\\\/cz-shopatoa-img\\\/ro\\\/b4dac915-shopatoa_logo.png\",\"contentUrl\":\"https:\\\/\\\/storage.googleapis.com\\\/cz-shopatoa-img\\\/ro\\\/b4dac915-shopatoa_logo.png\",\"width\":416,\"height\":63,\"caption\":\"SHOPATOA\"},\"image\":{\"@id\":\"https:\\\/\\\/shopatoa.com\\\/ro\\\/#\\\/schema\\\/logo\\\/image\\\/\"}}]}<\/script>\n<!-- \/ Yoast SEO plugin. -->","yoast_head_json":{"title":"Clarins Crem\u0103 pentru modelarea corpului Masvelt Advanced (Body Shaping Cream) 200 ml - SHOPATOA.COM","robots":{"index":"index","follow":"follow","max-snippet":"max-snippet:-1","max-image-preview":"max-image-preview:large","max-video-preview":"max-video-preview:-1"},"canonical":"https:\/\/shopatoa.com\/ro\/clarins-crema-pentru-modelarea-corpului-masvelt-advanced-body-shaping-cream-200-ml\/","og_locale":"ro_RO","og_type":"article","og_title":"Clarins Crem\u0103 pentru modelarea corpului Masvelt Advanced (Body Shaping Cream) 200 ml - SHOPATOA.COM","og_description":"Un expert \u00een \u00eengrijirea siluetei care ajut\u0103 la reducerea depozit\u0103rii de gr\u0103sime \u0219i cre\u0219te eliberarea gr\u0103simii. Imperfec\u021biunile sunt mai pu\u021bin vizibile, \u00een timp ce silueta este mai bine sculptat\u0103 \u0219i echilibrat\u0103. Crema este potrivit\u0103 pentru toate femeile sub\/sau peste 50 de ani care doresc s\u0103 lupte cu p\u0103rtile \u00eenc\u0103p\u0103\u021b\u00e2nate \u0219i doresc s\u0103-\u0219i recapete silueta echilibrat\u0103...","og_url":"https:\/\/shopatoa.com\/ro\/clarins-crema-pentru-modelarea-corpului-masvelt-advanced-body-shaping-cream-200-ml\/","og_site_name":"SHOPATOA","article_modified_time":"2025-12-11T12:24:00+00:00","og_image":[{"width":800,"height":800,"url":"https:\/\/storage.googleapis.com\/cz-shopatoa-img\/ro\/ef200f4c-unnamed-file.webp","type":"image\/webp"}],"twitter_card":"summary_large_image","schema":{"@context":"https:\/\/schema.org","@graph":[{"@type":"WebPage","@id":"https:\/\/shopatoa.com\/ro\/clarins-crema-pentru-modelarea-corpului-masvelt-advanced-body-shaping-cream-200-ml\/","url":"https:\/\/shopatoa.com\/ro\/clarins-crema-pentru-modelarea-corpului-masvelt-advanced-body-shaping-cream-200-ml\/","name":"Clarins Crem\u0103 pentru modelarea corpului Masvelt Advanced (Body Shaping Cream) 200 ml - SHOPATOA.COM","isPartOf":{"@id":"https:\/\/shopatoa.com\/ro\/#website"},"primaryImageOfPage":{"@id":"https:\/\/shopatoa.com\/ro\/clarins-crema-pentru-modelarea-corpului-masvelt-advanced-body-shaping-cream-200-ml\/#primaryimage"},"image":{"@id":"https:\/\/shopatoa.com\/ro\/clarins-crema-pentru-modelarea-corpului-masvelt-advanced-body-shaping-cream-200-ml\/#primaryimage"},"thumbnailUrl":"https:\/\/storage.googleapis.com\/cz-shopatoa-img\/ro\/ef200f4c-unnamed-file.webp","datePublished":"2025-05-01T03:25:36+00:00","dateModified":"2025-12-11T12:24:00+00:00","breadcrumb":{"@id":"https:\/\/shopatoa.com\/ro\/clarins-crema-pentru-modelarea-corpului-masvelt-advanced-body-shaping-cream-200-ml\/#breadcrumb"},"inLanguage":"ro-RO","potentialAction":[{"@type":"ReadAction","target":["https:\/\/shopatoa.com\/ro\/clarins-crema-pentru-modelarea-corpului-masvelt-advanced-body-shaping-cream-200-ml\/"]}]},{"@type":"ImageObject","inLanguage":"ro-RO","@id":"https:\/\/shopatoa.com\/ro\/clarins-crema-pentru-modelarea-corpului-masvelt-advanced-body-shaping-cream-200-ml\/#primaryimage","url":"https:\/\/storage.googleapis.com\/cz-shopatoa-img\/ro\/ef200f4c-unnamed-file.webp","contentUrl":"https:\/\/storage.googleapis.com\/cz-shopatoa-img\/ro\/ef200f4c-unnamed-file.webp","width":800,"height":800},{"@type":"BreadcrumbList","@id":"https:\/\/shopatoa.com\/ro\/clarins-crema-pentru-modelarea-corpului-masvelt-advanced-body-shaping-cream-200-ml\/#breadcrumb","itemListElement":[{"@type":"ListItem","position":1,"name":"Dom\u016f","item":"https:\/\/shopatoa.com\/ro\/"},{"@type":"ListItem","position":2,"name":"Shop","item":"https:\/\/shopatoa.com\/ro\/shop\/"},{"@type":"ListItem","position":3,"name":"Cosmetice","item":"https:\/\/shopatoa.com\/ro\/cosmetice\/"},{"@type":"ListItem","position":4,"name":"Produse cosmetice pentru corp","item":"https:\/\/shopatoa.com\/ro\/produse-cosmetice-pentru-corp\/"},{"@type":"ListItem","position":5,"name":"Cosmetica pentru \u00eengrijirea corpului","item":"https:\/\/shopatoa.com\/ro\/cosmetica-pentru-ingrijirea-corpului\/"},{"@type":"ListItem","position":6,"name":"Produse cosmetice pentru \u00eent\u0103rire \u0219i sl\u0103bire","item":"https:\/\/shopatoa.com\/ro\/produse-cosmetice-pentru-intarire-si-slabire\/"},{"@type":"ListItem","position":7,"name":"Clarins Crem\u0103 pentru modelarea corpului Masvelt Advanced (Body Shaping Cream) 200 ml"}]},{"@type":"WebSite","@id":"https:\/\/shopatoa.com\/ro\/#website","url":"https:\/\/shopatoa.com\/ro\/","name":"SHOPATOA","description":"","publisher":{"@id":"https:\/\/shopatoa.com\/ro\/#organization"},"potentialAction":[{"@type":"SearchAction","target":{"@type":"EntryPoint","urlTemplate":"https:\/\/shopatoa.com\/ro\/?s={search_term_string}"},"query-input":{"@type":"PropertyValueSpecification","valueRequired":true,"valueName":"search_term_string"}}],"inLanguage":"ro-RO"},{"@type":"Organization","@id":"https:\/\/shopatoa.com\/ro\/#organization","name":"SHOPATOA","url":"https:\/\/shopatoa.com\/ro\/","logo":{"@type":"ImageObject","inLanguage":"ro-RO","@id":"https:\/\/shopatoa.com\/ro\/#\/schema\/logo\/image\/","url":"https:\/\/storage.googleapis.com\/cz-shopatoa-img\/ro\/b4dac915-shopatoa_logo.png","contentUrl":"https:\/\/storage.googleapis.com\/cz-shopatoa-img\/ro\/b4dac915-shopatoa_logo.png","width":416,"height":63,"caption":"SHOPATOA"},"image":{"@id":"https:\/\/shopatoa.com\/ro\/#\/schema\/logo\/image\/"}}]}},"_links":{"self":[{"href":"https:\/\/shopatoa.com\/ro\/wp-json\/wp\/v2\/product\/285927","targetHints":{"allow":["GET"]}}],"collection":[{"href":"https:\/\/shopatoa.com\/ro\/wp-json\/wp\/v2\/product"}],"about":[{"href":"https:\/\/shopatoa.com\/ro\/wp-json\/wp\/v2\/types\/product"}],"replies":[{"embeddable":true,"href":"https:\/\/shopatoa.com\/ro\/wp-json\/wp\/v2\/comments?post=285927"}],"wp:featuredmedia":[{"embeddable":true,"href":"https:\/\/shopatoa.com\/ro\/wp-json\/wp\/v2\/media\/285929"}],"wp:attachment":[{"href":"https:\/\/shopatoa.com\/ro\/wp-json\/wp\/v2\/media?parent=285927"}],"wp:term":[{"taxonomy":"product_brand","embeddable":true,"href":"https:\/\/shopatoa.com\/ro\/wp-json\/wp\/v2\/product_brand?post=285927"},{"taxonomy":"product_cat","embeddable":true,"href":"https:\/\/shopatoa.com\/ro\/wp-json\/wp\/v2\/product_cat?post=285927"},{"taxonomy":"product_tag","embeddable":true,"href":"https:\/\/shopatoa.com\/ro\/wp-json\/wp\/v2\/product_tag?post=285927"}],"curies":[{"name":"wp","href":"https:\/\/api.w.org\/{rel}","templated":true}]}}