{"id":286526,"date":"2025-05-01T06:36:55","date_gmt":"2025-05-01T04:36:55","guid":{"rendered":"https:\/\/shopatoa.com\/ro\/baylis-harding-set-cadou-pentru-ingrijirea-picioarelor-mandarina-grapefruit-2-buc\/"},"modified":"2025-09-26T21:20:24","modified_gmt":"2025-09-26T19:20:24","slug":"baylis-harding-set-cadou-pentru-ingrijirea-picioarelor-mandarina-grapefruit-2-buc","status":"publish","type":"product","link":"https:\/\/shopatoa.com\/ro\/baylis-harding-set-cadou-pentru-ingrijirea-picioarelor-mandarina-grapefruit-2-buc\/","title":{"rendered":"Baylis &amp; Harding Set cadou pentru \u00eengrijirea picioarelor Mandarina &amp; Grapefruit 2 buc"},"content":{"rendered":"<p>Setul con\u021bine: Crem\u0103 de picioare 125 ml \u0218osete \u00een m\u0103rime universal\u0103 1 pereche Picioarele obosite \u0219i dureroase au nevoie de \u00eengrijire \u0219i confort. Setul cadou frumos este perfect pentru cei ale c\u0103ror picioare au mult\u0103 munc\u0103 \u00een timpul zilei. Crem\u0103 de picioare Crema hr\u0103nitoare pentru picioare hidrateaz\u0103 \u0219i ofer\u0103 o u\u0219urare a pielii uscate \u0219i \u00eent\u0103rite. \u00cen plus, las\u0103 un miros pl\u0103cut r\u0103coritor. Utilizare: Aplica\u021bi pe picioarele uscate \u0219i curate. \u0218osete \u0218osetele moi \u0219i fine vor oferi picioarelor obosite c\u0103ldura \u0219i confortul de care au nevoie. Mandarin\u0103 &amp; Grapefruit Un duet iconic, atemporal, inspirat de curbele moderne. Formele rotunde, contururile moi \u0219i valuri ofer\u0103 colec\u021biei o not\u0103 de feminitate \u0219i elegan\u021b\u0103. Combina\u021bia clasic\u0103 de negru \u0219i filde\u0219 este iluminat\u0103 cu folie de aur de lux. Modelele \u00eenvolburate \u00eensufle\u021besc aceast\u0103 colec\u021bie, care impresioneaz\u0103 la prima vedere prin designul s\u0103u distinctiv, dar de bun gust. Datorit\u0103 panglicilor cu inscrip\u021bia \u201eWith Love\u201d &#8211; vor deveni un cadou grozav \u0219i personal pentru cei dragi. Nu consuma\u021bi produsul. Evita\u021bi contactul cu ochii, evita\u021bi zona ochilor. \u00centrerupe\u021bi utilizarea la orice semn de iritare. F\u0103r\u0103 parabeni, siliconi \u0219i ftala\u021bi Vegan \u0219i Cruelty free<\/p>\n","protected":false},"excerpt":{"rendered":"<p>Setul con\u021bine: Crem\u0103 de picioare 125 ml \u0218osete \u00een m\u0103rime universal\u0103 1 pereche Picioarele obosite \u0219i dureroase au nevoie de \u00eengrijire \u0219i confort. Setul cadou frumos este perfect pentru cei ale c\u0103ror picioare au mult\u0103 munc\u0103 \u00een timpul zilei. Crem\u0103 de picioare Crema hr\u0103nitoare pentru picioare hidrateaz\u0103 \u0219i ofer\u0103 o u\u0219urare a pielii uscate \u0219i&#8230;<\/p>\n","protected":false},"featured_media":286528,"comment_status":"closed","ping_status":"open","template":"","meta":{"_acf_changed":false,"_kadence_starter_templates_imported_post":false,"_kad_post_transparent":"","_kad_post_title":"","_kad_post_layout":"","_kad_post_sidebar_id":"","_kad_post_content_style":"","_kad_post_vertical_padding":"","_kad_post_feature":"","_kad_post_feature_position":"","_kad_post_header":false,"_kad_post_footer":false,"_kad_post_classname":""},"product_brand":[871],"product_cat":[246,851,611,730],"product_tag":[],"class_list":{"0":"post-286526","1":"product","2":"type-product","3":"status-publish","4":"has-post-thumbnail","6":"product_brand-baylis-harding","7":"product_cat-cosmetice","8":"product_cat-cosmetice-pentru-picioare","9":"product_cat-produse-cosmetice-pentru-corp","10":"product_cat-produse-cosmetice-pentru-ingrijirea-picioarelor","12":"first","13":"instock","14":"product-type-external","15":"entry","16":"content-bg","17":"loop-entry"},"acf":[],"yoast_head":"<!-- This site is optimized with the Yoast SEO plugin v27.4 - https:\/\/yoast.com\/product\/yoast-seo-wordpress\/ -->\n<title>Baylis &amp; Harding Set cadou pentru \u00eengrijirea picioarelor Mandarina &amp; Grapefruit 2 buc - SHOPATOA.COM<\/title>\n<meta name=\"robots\" content=\"index, follow, max-snippet:-1, max-image-preview:large, max-video-preview:-1\" \/>\n<link rel=\"canonical\" href=\"https:\/\/shopatoa.com\/ro\/baylis-harding-set-cadou-pentru-ingrijirea-picioarelor-mandarina-grapefruit-2-buc\/\" \/>\n<meta property=\"og:locale\" content=\"ro_RO\" \/>\n<meta property=\"og:type\" content=\"article\" \/>\n<meta property=\"og:title\" content=\"Baylis &amp; Harding Set cadou pentru \u00eengrijirea picioarelor Mandarina &amp; Grapefruit 2 buc - SHOPATOA.COM\" \/>\n<meta property=\"og:description\" content=\"Setul con\u021bine: Crem\u0103 de picioare 125 ml \u0218osete \u00een m\u0103rime universal\u0103 1 pereche Picioarele obosite \u0219i dureroase au nevoie de \u00eengrijire \u0219i confort. Setul cadou frumos este perfect pentru cei ale c\u0103ror picioare au mult\u0103 munc\u0103 \u00een timpul zilei. Crem\u0103 de picioare Crema hr\u0103nitoare pentru picioare hidrateaz\u0103 \u0219i ofer\u0103 o u\u0219urare a pielii uscate \u0219i...\" \/>\n<meta property=\"og:url\" content=\"https:\/\/shopatoa.com\/ro\/baylis-harding-set-cadou-pentru-ingrijirea-picioarelor-mandarina-grapefruit-2-buc\/\" \/>\n<meta property=\"og:site_name\" content=\"SHOPATOA\" \/>\n<meta property=\"article:modified_time\" content=\"2025-09-26T19:20:24+00:00\" \/>\n<meta property=\"og:image\" content=\"https:\/\/storage.googleapis.com\/cz-shopatoa-img\/ro\/1c9d7b49-unnamed-file.webp\" \/>\n\t<meta property=\"og:image:width\" content=\"800\" \/>\n\t<meta property=\"og:image:height\" content=\"800\" \/>\n\t<meta property=\"og:image:type\" content=\"image\/webp\" \/>\n<meta name=\"twitter:card\" content=\"summary_large_image\" \/>\n<meta name=\"twitter:label1\" content=\"Timp estimat pentru citire\" \/>\n\t<meta name=\"twitter:data1\" content=\"1 minut\" \/>\n<script type=\"application\/ld+json\" class=\"yoast-schema-graph\">{\"@context\":\"https:\\\/\\\/schema.org\",\"@graph\":[{\"@type\":\"WebPage\",\"@id\":\"https:\\\/\\\/shopatoa.com\\\/ro\\\/baylis-harding-set-cadou-pentru-ingrijirea-picioarelor-mandarina-grapefruit-2-buc\\\/\",\"url\":\"https:\\\/\\\/shopatoa.com\\\/ro\\\/baylis-harding-set-cadou-pentru-ingrijirea-picioarelor-mandarina-grapefruit-2-buc\\\/\",\"name\":\"Baylis & Harding Set cadou pentru \u00eengrijirea picioarelor Mandarina & Grapefruit 2 buc - SHOPATOA.COM\",\"isPartOf\":{\"@id\":\"https:\\\/\\\/shopatoa.com\\\/ro\\\/#website\"},\"primaryImageOfPage\":{\"@id\":\"https:\\\/\\\/shopatoa.com\\\/ro\\\/baylis-harding-set-cadou-pentru-ingrijirea-picioarelor-mandarina-grapefruit-2-buc\\\/#primaryimage\"},\"image\":{\"@id\":\"https:\\\/\\\/shopatoa.com\\\/ro\\\/baylis-harding-set-cadou-pentru-ingrijirea-picioarelor-mandarina-grapefruit-2-buc\\\/#primaryimage\"},\"thumbnailUrl\":\"https:\\\/\\\/storage.googleapis.com\\\/cz-shopatoa-img\\\/ro\\\/1c9d7b49-unnamed-file.webp\",\"datePublished\":\"2025-05-01T04:36:55+00:00\",\"dateModified\":\"2025-09-26T19:20:24+00:00\",\"breadcrumb\":{\"@id\":\"https:\\\/\\\/shopatoa.com\\\/ro\\\/baylis-harding-set-cadou-pentru-ingrijirea-picioarelor-mandarina-grapefruit-2-buc\\\/#breadcrumb\"},\"inLanguage\":\"ro-RO\",\"potentialAction\":[{\"@type\":\"ReadAction\",\"target\":[\"https:\\\/\\\/shopatoa.com\\\/ro\\\/baylis-harding-set-cadou-pentru-ingrijirea-picioarelor-mandarina-grapefruit-2-buc\\\/\"]}]},{\"@type\":\"ImageObject\",\"inLanguage\":\"ro-RO\",\"@id\":\"https:\\\/\\\/shopatoa.com\\\/ro\\\/baylis-harding-set-cadou-pentru-ingrijirea-picioarelor-mandarina-grapefruit-2-buc\\\/#primaryimage\",\"url\":\"https:\\\/\\\/storage.googleapis.com\\\/cz-shopatoa-img\\\/ro\\\/1c9d7b49-unnamed-file.webp\",\"contentUrl\":\"https:\\\/\\\/storage.googleapis.com\\\/cz-shopatoa-img\\\/ro\\\/1c9d7b49-unnamed-file.webp\",\"width\":800,\"height\":800},{\"@type\":\"BreadcrumbList\",\"@id\":\"https:\\\/\\\/shopatoa.com\\\/ro\\\/baylis-harding-set-cadou-pentru-ingrijirea-picioarelor-mandarina-grapefruit-2-buc\\\/#breadcrumb\",\"itemListElement\":[{\"@type\":\"ListItem\",\"position\":1,\"name\":\"Dom\u016f\",\"item\":\"https:\\\/\\\/shopatoa.com\\\/ro\\\/\"},{\"@type\":\"ListItem\",\"position\":2,\"name\":\"Shop\",\"item\":\"https:\\\/\\\/shopatoa.com\\\/ro\\\/shop\\\/\"},{\"@type\":\"ListItem\",\"position\":3,\"name\":\"Cosmetice\",\"item\":\"https:\\\/\\\/shopatoa.com\\\/ro\\\/cosmetice\\\/\"},{\"@type\":\"ListItem\",\"position\":4,\"name\":\"Produse cosmetice pentru corp\",\"item\":\"https:\\\/\\\/shopatoa.com\\\/ro\\\/produse-cosmetice-pentru-corp\\\/\"},{\"@type\":\"ListItem\",\"position\":5,\"name\":\"Produse cosmetice pentru \u00eengrijirea picioarelor\",\"item\":\"https:\\\/\\\/shopatoa.com\\\/ro\\\/produse-cosmetice-pentru-ingrijirea-picioarelor\\\/\"},{\"@type\":\"ListItem\",\"position\":6,\"name\":\"Cosmetice pentru picioare\",\"item\":\"https:\\\/\\\/shopatoa.com\\\/ro\\\/cosmetice-pentru-picioare\\\/\"},{\"@type\":\"ListItem\",\"position\":7,\"name\":\"Baylis &amp; Harding Set cadou pentru \u00eengrijirea picioarelor Mandarina &amp; Grapefruit 2 buc\"}]},{\"@type\":\"WebSite\",\"@id\":\"https:\\\/\\\/shopatoa.com\\\/ro\\\/#website\",\"url\":\"https:\\\/\\\/shopatoa.com\\\/ro\\\/\",\"name\":\"SHOPATOA\",\"description\":\"\",\"publisher\":{\"@id\":\"https:\\\/\\\/shopatoa.com\\\/ro\\\/#organization\"},\"potentialAction\":[{\"@type\":\"SearchAction\",\"target\":{\"@type\":\"EntryPoint\",\"urlTemplate\":\"https:\\\/\\\/shopatoa.com\\\/ro\\\/?s={search_term_string}\"},\"query-input\":{\"@type\":\"PropertyValueSpecification\",\"valueRequired\":true,\"valueName\":\"search_term_string\"}}],\"inLanguage\":\"ro-RO\"},{\"@type\":\"Organization\",\"@id\":\"https:\\\/\\\/shopatoa.com\\\/ro\\\/#organization\",\"name\":\"SHOPATOA\",\"url\":\"https:\\\/\\\/shopatoa.com\\\/ro\\\/\",\"logo\":{\"@type\":\"ImageObject\",\"inLanguage\":\"ro-RO\",\"@id\":\"https:\\\/\\\/shopatoa.com\\\/ro\\\/#\\\/schema\\\/logo\\\/image\\\/\",\"url\":\"https:\\\/\\\/storage.googleapis.com\\\/cz-shopatoa-img\\\/ro\\\/b4dac915-shopatoa_logo.png\",\"contentUrl\":\"https:\\\/\\\/storage.googleapis.com\\\/cz-shopatoa-img\\\/ro\\\/b4dac915-shopatoa_logo.png\",\"width\":416,\"height\":63,\"caption\":\"SHOPATOA\"},\"image\":{\"@id\":\"https:\\\/\\\/shopatoa.com\\\/ro\\\/#\\\/schema\\\/logo\\\/image\\\/\"}}]}<\/script>\n<!-- \/ Yoast SEO plugin. -->","yoast_head_json":{"title":"Baylis & Harding Set cadou pentru \u00eengrijirea picioarelor Mandarina & Grapefruit 2 buc - SHOPATOA.COM","robots":{"index":"index","follow":"follow","max-snippet":"max-snippet:-1","max-image-preview":"max-image-preview:large","max-video-preview":"max-video-preview:-1"},"canonical":"https:\/\/shopatoa.com\/ro\/baylis-harding-set-cadou-pentru-ingrijirea-picioarelor-mandarina-grapefruit-2-buc\/","og_locale":"ro_RO","og_type":"article","og_title":"Baylis & Harding Set cadou pentru \u00eengrijirea picioarelor Mandarina & Grapefruit 2 buc - SHOPATOA.COM","og_description":"Setul con\u021bine: Crem\u0103 de picioare 125 ml \u0218osete \u00een m\u0103rime universal\u0103 1 pereche Picioarele obosite \u0219i dureroase au nevoie de \u00eengrijire \u0219i confort. Setul cadou frumos este perfect pentru cei ale c\u0103ror picioare au mult\u0103 munc\u0103 \u00een timpul zilei. Crem\u0103 de picioare Crema hr\u0103nitoare pentru picioare hidrateaz\u0103 \u0219i ofer\u0103 o u\u0219urare a pielii uscate \u0219i...","og_url":"https:\/\/shopatoa.com\/ro\/baylis-harding-set-cadou-pentru-ingrijirea-picioarelor-mandarina-grapefruit-2-buc\/","og_site_name":"SHOPATOA","article_modified_time":"2025-09-26T19:20:24+00:00","og_image":[{"width":800,"height":800,"url":"https:\/\/storage.googleapis.com\/cz-shopatoa-img\/ro\/1c9d7b49-unnamed-file.webp","type":"image\/webp"}],"twitter_card":"summary_large_image","twitter_misc":{"Timp estimat pentru citire":"1 minut"},"schema":{"@context":"https:\/\/schema.org","@graph":[{"@type":"WebPage","@id":"https:\/\/shopatoa.com\/ro\/baylis-harding-set-cadou-pentru-ingrijirea-picioarelor-mandarina-grapefruit-2-buc\/","url":"https:\/\/shopatoa.com\/ro\/baylis-harding-set-cadou-pentru-ingrijirea-picioarelor-mandarina-grapefruit-2-buc\/","name":"Baylis & Harding Set cadou pentru \u00eengrijirea picioarelor Mandarina & Grapefruit 2 buc - SHOPATOA.COM","isPartOf":{"@id":"https:\/\/shopatoa.com\/ro\/#website"},"primaryImageOfPage":{"@id":"https:\/\/shopatoa.com\/ro\/baylis-harding-set-cadou-pentru-ingrijirea-picioarelor-mandarina-grapefruit-2-buc\/#primaryimage"},"image":{"@id":"https:\/\/shopatoa.com\/ro\/baylis-harding-set-cadou-pentru-ingrijirea-picioarelor-mandarina-grapefruit-2-buc\/#primaryimage"},"thumbnailUrl":"https:\/\/storage.googleapis.com\/cz-shopatoa-img\/ro\/1c9d7b49-unnamed-file.webp","datePublished":"2025-05-01T04:36:55+00:00","dateModified":"2025-09-26T19:20:24+00:00","breadcrumb":{"@id":"https:\/\/shopatoa.com\/ro\/baylis-harding-set-cadou-pentru-ingrijirea-picioarelor-mandarina-grapefruit-2-buc\/#breadcrumb"},"inLanguage":"ro-RO","potentialAction":[{"@type":"ReadAction","target":["https:\/\/shopatoa.com\/ro\/baylis-harding-set-cadou-pentru-ingrijirea-picioarelor-mandarina-grapefruit-2-buc\/"]}]},{"@type":"ImageObject","inLanguage":"ro-RO","@id":"https:\/\/shopatoa.com\/ro\/baylis-harding-set-cadou-pentru-ingrijirea-picioarelor-mandarina-grapefruit-2-buc\/#primaryimage","url":"https:\/\/storage.googleapis.com\/cz-shopatoa-img\/ro\/1c9d7b49-unnamed-file.webp","contentUrl":"https:\/\/storage.googleapis.com\/cz-shopatoa-img\/ro\/1c9d7b49-unnamed-file.webp","width":800,"height":800},{"@type":"BreadcrumbList","@id":"https:\/\/shopatoa.com\/ro\/baylis-harding-set-cadou-pentru-ingrijirea-picioarelor-mandarina-grapefruit-2-buc\/#breadcrumb","itemListElement":[{"@type":"ListItem","position":1,"name":"Dom\u016f","item":"https:\/\/shopatoa.com\/ro\/"},{"@type":"ListItem","position":2,"name":"Shop","item":"https:\/\/shopatoa.com\/ro\/shop\/"},{"@type":"ListItem","position":3,"name":"Cosmetice","item":"https:\/\/shopatoa.com\/ro\/cosmetice\/"},{"@type":"ListItem","position":4,"name":"Produse cosmetice pentru corp","item":"https:\/\/shopatoa.com\/ro\/produse-cosmetice-pentru-corp\/"},{"@type":"ListItem","position":5,"name":"Produse cosmetice pentru \u00eengrijirea picioarelor","item":"https:\/\/shopatoa.com\/ro\/produse-cosmetice-pentru-ingrijirea-picioarelor\/"},{"@type":"ListItem","position":6,"name":"Cosmetice pentru picioare","item":"https:\/\/shopatoa.com\/ro\/cosmetice-pentru-picioare\/"},{"@type":"ListItem","position":7,"name":"Baylis &amp; Harding Set cadou pentru \u00eengrijirea picioarelor Mandarina &amp; Grapefruit 2 buc"}]},{"@type":"WebSite","@id":"https:\/\/shopatoa.com\/ro\/#website","url":"https:\/\/shopatoa.com\/ro\/","name":"SHOPATOA","description":"","publisher":{"@id":"https:\/\/shopatoa.com\/ro\/#organization"},"potentialAction":[{"@type":"SearchAction","target":{"@type":"EntryPoint","urlTemplate":"https:\/\/shopatoa.com\/ro\/?s={search_term_string}"},"query-input":{"@type":"PropertyValueSpecification","valueRequired":true,"valueName":"search_term_string"}}],"inLanguage":"ro-RO"},{"@type":"Organization","@id":"https:\/\/shopatoa.com\/ro\/#organization","name":"SHOPATOA","url":"https:\/\/shopatoa.com\/ro\/","logo":{"@type":"ImageObject","inLanguage":"ro-RO","@id":"https:\/\/shopatoa.com\/ro\/#\/schema\/logo\/image\/","url":"https:\/\/storage.googleapis.com\/cz-shopatoa-img\/ro\/b4dac915-shopatoa_logo.png","contentUrl":"https:\/\/storage.googleapis.com\/cz-shopatoa-img\/ro\/b4dac915-shopatoa_logo.png","width":416,"height":63,"caption":"SHOPATOA"},"image":{"@id":"https:\/\/shopatoa.com\/ro\/#\/schema\/logo\/image\/"}}]}},"_links":{"self":[{"href":"https:\/\/shopatoa.com\/ro\/wp-json\/wp\/v2\/product\/286526","targetHints":{"allow":["GET"]}}],"collection":[{"href":"https:\/\/shopatoa.com\/ro\/wp-json\/wp\/v2\/product"}],"about":[{"href":"https:\/\/shopatoa.com\/ro\/wp-json\/wp\/v2\/types\/product"}],"replies":[{"embeddable":true,"href":"https:\/\/shopatoa.com\/ro\/wp-json\/wp\/v2\/comments?post=286526"}],"wp:featuredmedia":[{"embeddable":true,"href":"https:\/\/shopatoa.com\/ro\/wp-json\/wp\/v2\/media\/286528"}],"wp:attachment":[{"href":"https:\/\/shopatoa.com\/ro\/wp-json\/wp\/v2\/media?parent=286526"}],"wp:term":[{"taxonomy":"product_brand","embeddable":true,"href":"https:\/\/shopatoa.com\/ro\/wp-json\/wp\/v2\/product_brand?post=286526"},{"taxonomy":"product_cat","embeddable":true,"href":"https:\/\/shopatoa.com\/ro\/wp-json\/wp\/v2\/product_cat?post=286526"},{"taxonomy":"product_tag","embeddable":true,"href":"https:\/\/shopatoa.com\/ro\/wp-json\/wp\/v2\/product_tag?post=286526"}],"curies":[{"name":"wp","href":"https:\/\/api.w.org\/{rel}","templated":true}]}}