{"id":286558,"date":"2025-05-01T06:41:28","date_gmt":"2025-05-01T04:41:28","guid":{"rendered":"https:\/\/shopatoa.com\/ro\/baylis-harding-set-cadou-jojoba-vanilie-2-bucati\/"},"modified":"2025-09-26T19:39:39","modified_gmt":"2025-09-26T17:39:39","slug":"baylis-harding-set-cadou-jojoba-vanilie-2-bucati","status":"publish","type":"product","link":"https:\/\/shopatoa.com\/ro\/baylis-harding-set-cadou-jojoba-vanilie-2-bucati\/","title":{"rendered":"Baylis &amp; Harding Set cadou Jojoba &amp; Vanilie 2 buc\u0103\u021bi"},"content":{"rendered":"<p>Setul con\u021bine: Crem\u0103 de picioare 125 ml \u0218osete \u00een m\u0103rime universal\u0103 1 pereche Picioarele obosite \u0219i dureroase au nevoie de \u00eengrijire \u0219i confort. Setul cadou frumos este perfect pentru cei ale c\u0103ror picioare au mult\u0103 munc\u0103 \u00een timpul zilei. Crem\u0103 de picioare Crema hr\u0103nitoare pentru picioare hidrateaz\u0103 \u0219i ofer\u0103 o u\u0219urare a pielii uscate \u0219i \u00eent\u0103rite. \u00cen plus, las\u0103 un miros pl\u0103cut r\u0103coritor. Utilizare: Aplica\u021bi pe picioarele uscate \u0219i curate. \u0218osete \u0218osetele moi \u0219i fine vor oferi picioarelor obosite c\u0103ldura \u0219i confortul de care au nevoie. Jojoba, vanilie &amp; ulei de migdale Colec\u021bie feminin\u0103, distractiv\u0103 \u0219i pentru Instagram, a primit o hain\u0103 modern\u0103 care combin\u0103 lavand\u0103 pastelat\u0103 \u0219i roz moale, \u00eempreun\u0103 cu lumini \u0219i sclipici. Datorit\u0103 acestui fapt, ea a ob\u021binut aspectul cosmic futurist, care este at\u00e2t de popular pe re\u021belele sociale. Formele geometrice Rose Gold ofer\u0103 colec\u021biei un aspect feminin, juc\u0103u\u0219 \u0219i contemporan. Frumoasa colec\u021bie este r\u0103spunsul la tendin\u021bele de ast\u0103zi \u0219i va ar\u0103ta grozav \u00een baia fiec\u0103rei fete tinere. Nu consuma\u021bi produsul. Evita\u021bi contactul cu ochii, evita\u021bi zona ochilor. \u00centrerupe\u021bi utilizarea la orice semn de iritare. F\u0103r\u0103 parabeni, siliconi \u0219i ftala\u021bi Vegan \u0219i Cruelty free<\/p>\n","protected":false},"excerpt":{"rendered":"<p>Setul con\u021bine: Crem\u0103 de picioare 125 ml \u0218osete \u00een m\u0103rime universal\u0103 1 pereche Picioarele obosite \u0219i dureroase au nevoie de \u00eengrijire \u0219i confort. Setul cadou frumos este perfect pentru cei ale c\u0103ror picioare au mult\u0103 munc\u0103 \u00een timpul zilei. Crem\u0103 de picioare Crema hr\u0103nitoare pentru picioare hidrateaz\u0103 \u0219i ofer\u0103 o u\u0219urare a pielii uscate \u0219i&#8230;<\/p>\n","protected":false},"featured_media":286559,"comment_status":"closed","ping_status":"open","template":"","meta":{"_acf_changed":false,"_kadence_starter_templates_imported_post":false,"_kad_post_transparent":"","_kad_post_title":"","_kad_post_layout":"","_kad_post_sidebar_id":"","_kad_post_content_style":"","_kad_post_vertical_padding":"","_kad_post_feature":"","_kad_post_feature_position":"","_kad_post_header":false,"_kad_post_footer":false,"_kad_post_classname":""},"product_brand":[871],"product_cat":[246,851,611,730],"product_tag":[],"class_list":{"0":"post-286558","1":"product","2":"type-product","3":"status-publish","4":"has-post-thumbnail","6":"product_brand-baylis-harding","7":"product_cat-cosmetice","8":"product_cat-cosmetice-pentru-picioare","9":"product_cat-produse-cosmetice-pentru-corp","10":"product_cat-produse-cosmetice-pentru-ingrijirea-picioarelor","12":"first","13":"instock","14":"product-type-external","15":"entry","16":"content-bg","17":"loop-entry"},"acf":[],"yoast_head":"<!-- This site is optimized with the Yoast SEO plugin v27.4 - https:\/\/yoast.com\/product\/yoast-seo-wordpress\/ -->\n<title>Baylis &amp; Harding Set cadou Jojoba &amp; Vanilie 2 buc\u0103\u021bi - SHOPATOA.COM<\/title>\n<meta name=\"robots\" content=\"index, follow, max-snippet:-1, max-image-preview:large, max-video-preview:-1\" \/>\n<link rel=\"canonical\" href=\"https:\/\/shopatoa.com\/ro\/baylis-harding-set-cadou-jojoba-vanilie-2-bucati\/\" \/>\n<meta property=\"og:locale\" content=\"ro_RO\" \/>\n<meta property=\"og:type\" content=\"article\" \/>\n<meta property=\"og:title\" content=\"Baylis &amp; Harding Set cadou Jojoba &amp; Vanilie 2 buc\u0103\u021bi - SHOPATOA.COM\" \/>\n<meta property=\"og:description\" content=\"Setul con\u021bine: Crem\u0103 de picioare 125 ml \u0218osete \u00een m\u0103rime universal\u0103 1 pereche Picioarele obosite \u0219i dureroase au nevoie de \u00eengrijire \u0219i confort. Setul cadou frumos este perfect pentru cei ale c\u0103ror picioare au mult\u0103 munc\u0103 \u00een timpul zilei. Crem\u0103 de picioare Crema hr\u0103nitoare pentru picioare hidrateaz\u0103 \u0219i ofer\u0103 o u\u0219urare a pielii uscate \u0219i...\" \/>\n<meta property=\"og:url\" content=\"https:\/\/shopatoa.com\/ro\/baylis-harding-set-cadou-jojoba-vanilie-2-bucati\/\" \/>\n<meta property=\"og:site_name\" content=\"SHOPATOA\" \/>\n<meta property=\"article:modified_time\" content=\"2025-09-26T17:39:39+00:00\" \/>\n<meta property=\"og:image\" content=\"https:\/\/storage.googleapis.com\/cz-shopatoa-img\/ro\/1c5b0c0b-unnamed-file.webp\" \/>\n\t<meta property=\"og:image:width\" content=\"800\" \/>\n\t<meta property=\"og:image:height\" content=\"800\" \/>\n\t<meta property=\"og:image:type\" content=\"image\/webp\" \/>\n<meta name=\"twitter:card\" content=\"summary_large_image\" \/>\n<meta name=\"twitter:label1\" content=\"Timp estimat pentru citire\" \/>\n\t<meta name=\"twitter:data1\" content=\"1 minut\" \/>\n<script type=\"application\/ld+json\" class=\"yoast-schema-graph\">{\"@context\":\"https:\\\/\\\/schema.org\",\"@graph\":[{\"@type\":\"WebPage\",\"@id\":\"https:\\\/\\\/shopatoa.com\\\/ro\\\/baylis-harding-set-cadou-jojoba-vanilie-2-bucati\\\/\",\"url\":\"https:\\\/\\\/shopatoa.com\\\/ro\\\/baylis-harding-set-cadou-jojoba-vanilie-2-bucati\\\/\",\"name\":\"Baylis & Harding Set cadou Jojoba & Vanilie 2 buc\u0103\u021bi - SHOPATOA.COM\",\"isPartOf\":{\"@id\":\"https:\\\/\\\/shopatoa.com\\\/ro\\\/#website\"},\"primaryImageOfPage\":{\"@id\":\"https:\\\/\\\/shopatoa.com\\\/ro\\\/baylis-harding-set-cadou-jojoba-vanilie-2-bucati\\\/#primaryimage\"},\"image\":{\"@id\":\"https:\\\/\\\/shopatoa.com\\\/ro\\\/baylis-harding-set-cadou-jojoba-vanilie-2-bucati\\\/#primaryimage\"},\"thumbnailUrl\":\"https:\\\/\\\/storage.googleapis.com\\\/cz-shopatoa-img\\\/ro\\\/1c5b0c0b-unnamed-file.webp\",\"datePublished\":\"2025-05-01T04:41:28+00:00\",\"dateModified\":\"2025-09-26T17:39:39+00:00\",\"breadcrumb\":{\"@id\":\"https:\\\/\\\/shopatoa.com\\\/ro\\\/baylis-harding-set-cadou-jojoba-vanilie-2-bucati\\\/#breadcrumb\"},\"inLanguage\":\"ro-RO\",\"potentialAction\":[{\"@type\":\"ReadAction\",\"target\":[\"https:\\\/\\\/shopatoa.com\\\/ro\\\/baylis-harding-set-cadou-jojoba-vanilie-2-bucati\\\/\"]}]},{\"@type\":\"ImageObject\",\"inLanguage\":\"ro-RO\",\"@id\":\"https:\\\/\\\/shopatoa.com\\\/ro\\\/baylis-harding-set-cadou-jojoba-vanilie-2-bucati\\\/#primaryimage\",\"url\":\"https:\\\/\\\/storage.googleapis.com\\\/cz-shopatoa-img\\\/ro\\\/1c5b0c0b-unnamed-file.webp\",\"contentUrl\":\"https:\\\/\\\/storage.googleapis.com\\\/cz-shopatoa-img\\\/ro\\\/1c5b0c0b-unnamed-file.webp\",\"width\":800,\"height\":800},{\"@type\":\"BreadcrumbList\",\"@id\":\"https:\\\/\\\/shopatoa.com\\\/ro\\\/baylis-harding-set-cadou-jojoba-vanilie-2-bucati\\\/#breadcrumb\",\"itemListElement\":[{\"@type\":\"ListItem\",\"position\":1,\"name\":\"Dom\u016f\",\"item\":\"https:\\\/\\\/shopatoa.com\\\/ro\\\/\"},{\"@type\":\"ListItem\",\"position\":2,\"name\":\"Shop\",\"item\":\"https:\\\/\\\/shopatoa.com\\\/ro\\\/shop\\\/\"},{\"@type\":\"ListItem\",\"position\":3,\"name\":\"Cosmetice\",\"item\":\"https:\\\/\\\/shopatoa.com\\\/ro\\\/cosmetice\\\/\"},{\"@type\":\"ListItem\",\"position\":4,\"name\":\"Produse cosmetice pentru corp\",\"item\":\"https:\\\/\\\/shopatoa.com\\\/ro\\\/produse-cosmetice-pentru-corp\\\/\"},{\"@type\":\"ListItem\",\"position\":5,\"name\":\"Produse cosmetice pentru \u00eengrijirea picioarelor\",\"item\":\"https:\\\/\\\/shopatoa.com\\\/ro\\\/produse-cosmetice-pentru-ingrijirea-picioarelor\\\/\"},{\"@type\":\"ListItem\",\"position\":6,\"name\":\"Cosmetice pentru picioare\",\"item\":\"https:\\\/\\\/shopatoa.com\\\/ro\\\/cosmetice-pentru-picioare\\\/\"},{\"@type\":\"ListItem\",\"position\":7,\"name\":\"Baylis &amp; Harding Set cadou Jojoba &amp; Vanilie 2 buc\u0103\u021bi\"}]},{\"@type\":\"WebSite\",\"@id\":\"https:\\\/\\\/shopatoa.com\\\/ro\\\/#website\",\"url\":\"https:\\\/\\\/shopatoa.com\\\/ro\\\/\",\"name\":\"SHOPATOA\",\"description\":\"\",\"publisher\":{\"@id\":\"https:\\\/\\\/shopatoa.com\\\/ro\\\/#organization\"},\"potentialAction\":[{\"@type\":\"SearchAction\",\"target\":{\"@type\":\"EntryPoint\",\"urlTemplate\":\"https:\\\/\\\/shopatoa.com\\\/ro\\\/?s={search_term_string}\"},\"query-input\":{\"@type\":\"PropertyValueSpecification\",\"valueRequired\":true,\"valueName\":\"search_term_string\"}}],\"inLanguage\":\"ro-RO\"},{\"@type\":\"Organization\",\"@id\":\"https:\\\/\\\/shopatoa.com\\\/ro\\\/#organization\",\"name\":\"SHOPATOA\",\"url\":\"https:\\\/\\\/shopatoa.com\\\/ro\\\/\",\"logo\":{\"@type\":\"ImageObject\",\"inLanguage\":\"ro-RO\",\"@id\":\"https:\\\/\\\/shopatoa.com\\\/ro\\\/#\\\/schema\\\/logo\\\/image\\\/\",\"url\":\"https:\\\/\\\/storage.googleapis.com\\\/cz-shopatoa-img\\\/ro\\\/b4dac915-shopatoa_logo.png\",\"contentUrl\":\"https:\\\/\\\/storage.googleapis.com\\\/cz-shopatoa-img\\\/ro\\\/b4dac915-shopatoa_logo.png\",\"width\":416,\"height\":63,\"caption\":\"SHOPATOA\"},\"image\":{\"@id\":\"https:\\\/\\\/shopatoa.com\\\/ro\\\/#\\\/schema\\\/logo\\\/image\\\/\"}}]}<\/script>\n<!-- \/ Yoast SEO plugin. -->","yoast_head_json":{"title":"Baylis & Harding Set cadou Jojoba & Vanilie 2 buc\u0103\u021bi - SHOPATOA.COM","robots":{"index":"index","follow":"follow","max-snippet":"max-snippet:-1","max-image-preview":"max-image-preview:large","max-video-preview":"max-video-preview:-1"},"canonical":"https:\/\/shopatoa.com\/ro\/baylis-harding-set-cadou-jojoba-vanilie-2-bucati\/","og_locale":"ro_RO","og_type":"article","og_title":"Baylis & Harding Set cadou Jojoba & Vanilie 2 buc\u0103\u021bi - SHOPATOA.COM","og_description":"Setul con\u021bine: Crem\u0103 de picioare 125 ml \u0218osete \u00een m\u0103rime universal\u0103 1 pereche Picioarele obosite \u0219i dureroase au nevoie de \u00eengrijire \u0219i confort. Setul cadou frumos este perfect pentru cei ale c\u0103ror picioare au mult\u0103 munc\u0103 \u00een timpul zilei. Crem\u0103 de picioare Crema hr\u0103nitoare pentru picioare hidrateaz\u0103 \u0219i ofer\u0103 o u\u0219urare a pielii uscate \u0219i...","og_url":"https:\/\/shopatoa.com\/ro\/baylis-harding-set-cadou-jojoba-vanilie-2-bucati\/","og_site_name":"SHOPATOA","article_modified_time":"2025-09-26T17:39:39+00:00","og_image":[{"width":800,"height":800,"url":"https:\/\/storage.googleapis.com\/cz-shopatoa-img\/ro\/1c5b0c0b-unnamed-file.webp","type":"image\/webp"}],"twitter_card":"summary_large_image","twitter_misc":{"Timp estimat pentru citire":"1 minut"},"schema":{"@context":"https:\/\/schema.org","@graph":[{"@type":"WebPage","@id":"https:\/\/shopatoa.com\/ro\/baylis-harding-set-cadou-jojoba-vanilie-2-bucati\/","url":"https:\/\/shopatoa.com\/ro\/baylis-harding-set-cadou-jojoba-vanilie-2-bucati\/","name":"Baylis & Harding Set cadou Jojoba & Vanilie 2 buc\u0103\u021bi - SHOPATOA.COM","isPartOf":{"@id":"https:\/\/shopatoa.com\/ro\/#website"},"primaryImageOfPage":{"@id":"https:\/\/shopatoa.com\/ro\/baylis-harding-set-cadou-jojoba-vanilie-2-bucati\/#primaryimage"},"image":{"@id":"https:\/\/shopatoa.com\/ro\/baylis-harding-set-cadou-jojoba-vanilie-2-bucati\/#primaryimage"},"thumbnailUrl":"https:\/\/storage.googleapis.com\/cz-shopatoa-img\/ro\/1c5b0c0b-unnamed-file.webp","datePublished":"2025-05-01T04:41:28+00:00","dateModified":"2025-09-26T17:39:39+00:00","breadcrumb":{"@id":"https:\/\/shopatoa.com\/ro\/baylis-harding-set-cadou-jojoba-vanilie-2-bucati\/#breadcrumb"},"inLanguage":"ro-RO","potentialAction":[{"@type":"ReadAction","target":["https:\/\/shopatoa.com\/ro\/baylis-harding-set-cadou-jojoba-vanilie-2-bucati\/"]}]},{"@type":"ImageObject","inLanguage":"ro-RO","@id":"https:\/\/shopatoa.com\/ro\/baylis-harding-set-cadou-jojoba-vanilie-2-bucati\/#primaryimage","url":"https:\/\/storage.googleapis.com\/cz-shopatoa-img\/ro\/1c5b0c0b-unnamed-file.webp","contentUrl":"https:\/\/storage.googleapis.com\/cz-shopatoa-img\/ro\/1c5b0c0b-unnamed-file.webp","width":800,"height":800},{"@type":"BreadcrumbList","@id":"https:\/\/shopatoa.com\/ro\/baylis-harding-set-cadou-jojoba-vanilie-2-bucati\/#breadcrumb","itemListElement":[{"@type":"ListItem","position":1,"name":"Dom\u016f","item":"https:\/\/shopatoa.com\/ro\/"},{"@type":"ListItem","position":2,"name":"Shop","item":"https:\/\/shopatoa.com\/ro\/shop\/"},{"@type":"ListItem","position":3,"name":"Cosmetice","item":"https:\/\/shopatoa.com\/ro\/cosmetice\/"},{"@type":"ListItem","position":4,"name":"Produse cosmetice pentru corp","item":"https:\/\/shopatoa.com\/ro\/produse-cosmetice-pentru-corp\/"},{"@type":"ListItem","position":5,"name":"Produse cosmetice pentru \u00eengrijirea picioarelor","item":"https:\/\/shopatoa.com\/ro\/produse-cosmetice-pentru-ingrijirea-picioarelor\/"},{"@type":"ListItem","position":6,"name":"Cosmetice pentru picioare","item":"https:\/\/shopatoa.com\/ro\/cosmetice-pentru-picioare\/"},{"@type":"ListItem","position":7,"name":"Baylis &amp; Harding Set cadou Jojoba &amp; Vanilie 2 buc\u0103\u021bi"}]},{"@type":"WebSite","@id":"https:\/\/shopatoa.com\/ro\/#website","url":"https:\/\/shopatoa.com\/ro\/","name":"SHOPATOA","description":"","publisher":{"@id":"https:\/\/shopatoa.com\/ro\/#organization"},"potentialAction":[{"@type":"SearchAction","target":{"@type":"EntryPoint","urlTemplate":"https:\/\/shopatoa.com\/ro\/?s={search_term_string}"},"query-input":{"@type":"PropertyValueSpecification","valueRequired":true,"valueName":"search_term_string"}}],"inLanguage":"ro-RO"},{"@type":"Organization","@id":"https:\/\/shopatoa.com\/ro\/#organization","name":"SHOPATOA","url":"https:\/\/shopatoa.com\/ro\/","logo":{"@type":"ImageObject","inLanguage":"ro-RO","@id":"https:\/\/shopatoa.com\/ro\/#\/schema\/logo\/image\/","url":"https:\/\/storage.googleapis.com\/cz-shopatoa-img\/ro\/b4dac915-shopatoa_logo.png","contentUrl":"https:\/\/storage.googleapis.com\/cz-shopatoa-img\/ro\/b4dac915-shopatoa_logo.png","width":416,"height":63,"caption":"SHOPATOA"},"image":{"@id":"https:\/\/shopatoa.com\/ro\/#\/schema\/logo\/image\/"}}]}},"_links":{"self":[{"href":"https:\/\/shopatoa.com\/ro\/wp-json\/wp\/v2\/product\/286558","targetHints":{"allow":["GET"]}}],"collection":[{"href":"https:\/\/shopatoa.com\/ro\/wp-json\/wp\/v2\/product"}],"about":[{"href":"https:\/\/shopatoa.com\/ro\/wp-json\/wp\/v2\/types\/product"}],"replies":[{"embeddable":true,"href":"https:\/\/shopatoa.com\/ro\/wp-json\/wp\/v2\/comments?post=286558"}],"wp:featuredmedia":[{"embeddable":true,"href":"https:\/\/shopatoa.com\/ro\/wp-json\/wp\/v2\/media\/286559"}],"wp:attachment":[{"href":"https:\/\/shopatoa.com\/ro\/wp-json\/wp\/v2\/media?parent=286558"}],"wp:term":[{"taxonomy":"product_brand","embeddable":true,"href":"https:\/\/shopatoa.com\/ro\/wp-json\/wp\/v2\/product_brand?post=286558"},{"taxonomy":"product_cat","embeddable":true,"href":"https:\/\/shopatoa.com\/ro\/wp-json\/wp\/v2\/product_cat?post=286558"},{"taxonomy":"product_tag","embeddable":true,"href":"https:\/\/shopatoa.com\/ro\/wp-json\/wp\/v2\/product_tag?post=286558"}],"curies":[{"name":"wp","href":"https:\/\/api.w.org\/{rel}","templated":true}]}}