{"id":286620,"date":"2025-05-01T06:50:29","date_gmt":"2025-05-01T04:50:29","guid":{"rendered":"https:\/\/shopatoa.com\/ro\/tesori-doriente-white-musk-difuzor-cu-betisoare-parfumate-250-ml-lumanare-109-g\/"},"modified":"2025-11-17T06:43:25","modified_gmt":"2025-11-17T05:43:25","slug":"tesori-doriente-white-musk-difuzor-cu-betisoare-parfumate-250-ml-lumanare-109-g","status":"publish","type":"product","link":"https:\/\/shopatoa.com\/ro\/tesori-doriente-white-musk-difuzor-cu-betisoare-parfumate-250-ml-lumanare-109-g\/","title":{"rendered":"Tesori d&#8217;Oriente White Musk &#8211; difuzor cu be\u021bi\u0219oare parfumate 250 ml + lum\u00e2nare 109 g"},"content":{"rendered":"<p>Parfumul Tesori d&#8217;Oriente White Musk este realizat din cele mai bune \u0219i valoroase esen\u021be. Acest parfum v\u0103 va parfuma casa cu parfumul senzual de mosc \u0219i chihlimbar \u0219i va crea o atmosfer\u0103 pl\u0103cut\u0103 \u0219i armonioas\u0103, plin\u0103 de bun\u0103stare \u0219i bun\u0103 dispozi\u021bie \u00een fiecare interior. Parte a setului este: difuzor White Musk 250 ml Introduce\u021bi be\u021bi\u0219oarele \u00een difuzor. Pute\u021bi regla intensitatea esen\u021bei de parfum \u00een func\u021bie de num\u0103rul de be\u021bi\u0219oare. Pentru a ob\u021bine un efect de difuzor mai bun, este recomandabil s\u0103 \u00eentoarce\u021bi be\u021bi\u0219oarele aproximativ o dat\u0103 pe s\u0103pt\u0103m\u00e2n\u0103. Proteja\u021bi difuzorul de temperaturi ridicate \u0219i umiditate. lum\u00e2nare White Musk 109 g Lum\u00e2narea \u00een cutie metalic\u0103 con\u021bine cear\u0103 natural\u0103 de calitate \u0219i uleiuri esen\u021biale. Lum\u00e2narea cu dou\u0103 fitiluri asigur\u0103 o ardere mai uniform\u0103 \u0219i o difuzare mai u\u0219oar\u0103 a aromei.<\/p>\n","protected":false},"excerpt":{"rendered":"<p>Parfumul Tesori d&#8217;Oriente White Musk este realizat din cele mai bune \u0219i valoroase esen\u021be. Acest parfum v\u0103 va parfuma casa cu parfumul senzual de mosc \u0219i chihlimbar \u0219i va crea o atmosfer\u0103 pl\u0103cut\u0103 \u0219i armonioas\u0103, plin\u0103 de bun\u0103stare \u0219i bun\u0103 dispozi\u021bie \u00een fiecare interior. Parte a setului este: difuzor White Musk 250 ml Introduce\u021bi be\u021bi\u0219oarele&#8230;<\/p>\n","protected":false},"featured_media":286622,"comment_status":"closed","ping_status":"open","template":"","meta":{"_acf_changed":false,"_kadence_starter_templates_imported_post":false,"_kad_post_transparent":"","_kad_post_title":"","_kad_post_layout":"","_kad_post_sidebar_id":"","_kad_post_content_style":"","_kad_post_vertical_padding":"","_kad_post_feature":"","_kad_post_feature_position":"","_kad_post_header":false,"_kad_post_footer":false,"_kad_post_classname":""},"product_brand":[244],"product_cat":[246,692,693,654],"product_tag":[],"class_list":{"0":"post-286620","1":"product","2":"type-product","3":"status-publish","4":"has-post-thumbnail","6":"product_brand-tesori-doriente","7":"product_cat-cosmetice","8":"product_cat-difuzoare-de-parfum","9":"product_cat-difuzor-de-aroma-tije","10":"product_cat-lumanari-parfumate-si-arome","12":"first","13":"instock","14":"product-type-external","15":"entry","16":"content-bg","17":"loop-entry"},"acf":[],"yoast_head":"<!-- This site is optimized with the Yoast SEO plugin v27.4 - https:\/\/yoast.com\/product\/yoast-seo-wordpress\/ -->\n<title>Tesori d&#039;Oriente White Musk - difuzor cu be\u021bi\u0219oare parfumate 250 ml + lum\u00e2nare 109 g - SHOPATOA.COM<\/title>\n<meta name=\"robots\" content=\"index, follow, max-snippet:-1, max-image-preview:large, max-video-preview:-1\" \/>\n<link rel=\"canonical\" href=\"https:\/\/shopatoa.com\/ro\/tesori-doriente-white-musk-difuzor-cu-betisoare-parfumate-250-ml-lumanare-109-g\/\" \/>\n<meta property=\"og:locale\" content=\"ro_RO\" \/>\n<meta property=\"og:type\" content=\"article\" \/>\n<meta property=\"og:title\" content=\"Tesori d&#039;Oriente White Musk - difuzor cu be\u021bi\u0219oare parfumate 250 ml + lum\u00e2nare 109 g - SHOPATOA.COM\" \/>\n<meta property=\"og:description\" content=\"Parfumul Tesori d&#8217;Oriente White Musk este realizat din cele mai bune \u0219i valoroase esen\u021be. Acest parfum v\u0103 va parfuma casa cu parfumul senzual de mosc \u0219i chihlimbar \u0219i va crea o atmosfer\u0103 pl\u0103cut\u0103 \u0219i armonioas\u0103, plin\u0103 de bun\u0103stare \u0219i bun\u0103 dispozi\u021bie \u00een fiecare interior. Parte a setului este: difuzor White Musk 250 ml Introduce\u021bi be\u021bi\u0219oarele...\" \/>\n<meta property=\"og:url\" content=\"https:\/\/shopatoa.com\/ro\/tesori-doriente-white-musk-difuzor-cu-betisoare-parfumate-250-ml-lumanare-109-g\/\" \/>\n<meta property=\"og:site_name\" content=\"SHOPATOA\" \/>\n<meta property=\"article:modified_time\" content=\"2025-11-17T05:43:25+00:00\" \/>\n<meta property=\"og:image\" content=\"https:\/\/storage.googleapis.com\/cz-shopatoa-img\/ro\/db02e170-unnamed-file.webp\" \/>\n\t<meta property=\"og:image:width\" content=\"800\" \/>\n\t<meta property=\"og:image:height\" content=\"800\" \/>\n\t<meta property=\"og:image:type\" content=\"image\/webp\" \/>\n<meta name=\"twitter:card\" content=\"summary_large_image\" \/>\n<meta name=\"twitter:label1\" content=\"Timp estimat pentru citire\" \/>\n\t<meta name=\"twitter:data1\" content=\"1 minut\" \/>\n<script type=\"application\/ld+json\" class=\"yoast-schema-graph\">{\"@context\":\"https:\\\/\\\/schema.org\",\"@graph\":[{\"@type\":\"WebPage\",\"@id\":\"https:\\\/\\\/shopatoa.com\\\/ro\\\/tesori-doriente-white-musk-difuzor-cu-betisoare-parfumate-250-ml-lumanare-109-g\\\/\",\"url\":\"https:\\\/\\\/shopatoa.com\\\/ro\\\/tesori-doriente-white-musk-difuzor-cu-betisoare-parfumate-250-ml-lumanare-109-g\\\/\",\"name\":\"Tesori d'Oriente White Musk - difuzor cu be\u021bi\u0219oare parfumate 250 ml + lum\u00e2nare 109 g - SHOPATOA.COM\",\"isPartOf\":{\"@id\":\"https:\\\/\\\/shopatoa.com\\\/ro\\\/#website\"},\"primaryImageOfPage\":{\"@id\":\"https:\\\/\\\/shopatoa.com\\\/ro\\\/tesori-doriente-white-musk-difuzor-cu-betisoare-parfumate-250-ml-lumanare-109-g\\\/#primaryimage\"},\"image\":{\"@id\":\"https:\\\/\\\/shopatoa.com\\\/ro\\\/tesori-doriente-white-musk-difuzor-cu-betisoare-parfumate-250-ml-lumanare-109-g\\\/#primaryimage\"},\"thumbnailUrl\":\"https:\\\/\\\/storage.googleapis.com\\\/cz-shopatoa-img\\\/ro\\\/db02e170-unnamed-file.webp\",\"datePublished\":\"2025-05-01T04:50:29+00:00\",\"dateModified\":\"2025-11-17T05:43:25+00:00\",\"breadcrumb\":{\"@id\":\"https:\\\/\\\/shopatoa.com\\\/ro\\\/tesori-doriente-white-musk-difuzor-cu-betisoare-parfumate-250-ml-lumanare-109-g\\\/#breadcrumb\"},\"inLanguage\":\"ro-RO\",\"potentialAction\":[{\"@type\":\"ReadAction\",\"target\":[\"https:\\\/\\\/shopatoa.com\\\/ro\\\/tesori-doriente-white-musk-difuzor-cu-betisoare-parfumate-250-ml-lumanare-109-g\\\/\"]}]},{\"@type\":\"ImageObject\",\"inLanguage\":\"ro-RO\",\"@id\":\"https:\\\/\\\/shopatoa.com\\\/ro\\\/tesori-doriente-white-musk-difuzor-cu-betisoare-parfumate-250-ml-lumanare-109-g\\\/#primaryimage\",\"url\":\"https:\\\/\\\/storage.googleapis.com\\\/cz-shopatoa-img\\\/ro\\\/db02e170-unnamed-file.webp\",\"contentUrl\":\"https:\\\/\\\/storage.googleapis.com\\\/cz-shopatoa-img\\\/ro\\\/db02e170-unnamed-file.webp\",\"width\":800,\"height\":800},{\"@type\":\"BreadcrumbList\",\"@id\":\"https:\\\/\\\/shopatoa.com\\\/ro\\\/tesori-doriente-white-musk-difuzor-cu-betisoare-parfumate-250-ml-lumanare-109-g\\\/#breadcrumb\",\"itemListElement\":[{\"@type\":\"ListItem\",\"position\":1,\"name\":\"Dom\u016f\",\"item\":\"https:\\\/\\\/shopatoa.com\\\/ro\\\/\"},{\"@type\":\"ListItem\",\"position\":2,\"name\":\"Shop\",\"item\":\"https:\\\/\\\/shopatoa.com\\\/ro\\\/shop\\\/\"},{\"@type\":\"ListItem\",\"position\":3,\"name\":\"Cosmetice\",\"item\":\"https:\\\/\\\/shopatoa.com\\\/ro\\\/cosmetice\\\/\"},{\"@type\":\"ListItem\",\"position\":4,\"name\":\"Lum\u00e2n\u0103ri parfumate \u0219i arome\",\"item\":\"https:\\\/\\\/shopatoa.com\\\/ro\\\/lumanari-parfumate-si-arome\\\/\"},{\"@type\":\"ListItem\",\"position\":5,\"name\":\"Difuzoare de parfum\",\"item\":\"https:\\\/\\\/shopatoa.com\\\/ro\\\/difuzoare-de-parfum\\\/\"},{\"@type\":\"ListItem\",\"position\":6,\"name\":\"Difuzor de aroma Tije\",\"item\":\"https:\\\/\\\/shopatoa.com\\\/ro\\\/difuzor-de-aroma-tije\\\/\"},{\"@type\":\"ListItem\",\"position\":7,\"name\":\"Tesori d&#8217;Oriente White Musk &#8211; difuzor cu be\u021bi\u0219oare parfumate 250 ml + lum\u00e2nare 109 g\"}]},{\"@type\":\"WebSite\",\"@id\":\"https:\\\/\\\/shopatoa.com\\\/ro\\\/#website\",\"url\":\"https:\\\/\\\/shopatoa.com\\\/ro\\\/\",\"name\":\"SHOPATOA\",\"description\":\"\",\"publisher\":{\"@id\":\"https:\\\/\\\/shopatoa.com\\\/ro\\\/#organization\"},\"potentialAction\":[{\"@type\":\"SearchAction\",\"target\":{\"@type\":\"EntryPoint\",\"urlTemplate\":\"https:\\\/\\\/shopatoa.com\\\/ro\\\/?s={search_term_string}\"},\"query-input\":{\"@type\":\"PropertyValueSpecification\",\"valueRequired\":true,\"valueName\":\"search_term_string\"}}],\"inLanguage\":\"ro-RO\"},{\"@type\":\"Organization\",\"@id\":\"https:\\\/\\\/shopatoa.com\\\/ro\\\/#organization\",\"name\":\"SHOPATOA\",\"url\":\"https:\\\/\\\/shopatoa.com\\\/ro\\\/\",\"logo\":{\"@type\":\"ImageObject\",\"inLanguage\":\"ro-RO\",\"@id\":\"https:\\\/\\\/shopatoa.com\\\/ro\\\/#\\\/schema\\\/logo\\\/image\\\/\",\"url\":\"https:\\\/\\\/storage.googleapis.com\\\/cz-shopatoa-img\\\/ro\\\/b4dac915-shopatoa_logo.png\",\"contentUrl\":\"https:\\\/\\\/storage.googleapis.com\\\/cz-shopatoa-img\\\/ro\\\/b4dac915-shopatoa_logo.png\",\"width\":416,\"height\":63,\"caption\":\"SHOPATOA\"},\"image\":{\"@id\":\"https:\\\/\\\/shopatoa.com\\\/ro\\\/#\\\/schema\\\/logo\\\/image\\\/\"}}]}<\/script>\n<!-- \/ Yoast SEO plugin. -->","yoast_head_json":{"title":"Tesori d'Oriente White Musk - difuzor cu be\u021bi\u0219oare parfumate 250 ml + lum\u00e2nare 109 g - SHOPATOA.COM","robots":{"index":"index","follow":"follow","max-snippet":"max-snippet:-1","max-image-preview":"max-image-preview:large","max-video-preview":"max-video-preview:-1"},"canonical":"https:\/\/shopatoa.com\/ro\/tesori-doriente-white-musk-difuzor-cu-betisoare-parfumate-250-ml-lumanare-109-g\/","og_locale":"ro_RO","og_type":"article","og_title":"Tesori d'Oriente White Musk - difuzor cu be\u021bi\u0219oare parfumate 250 ml + lum\u00e2nare 109 g - SHOPATOA.COM","og_description":"Parfumul Tesori d&#8217;Oriente White Musk este realizat din cele mai bune \u0219i valoroase esen\u021be. Acest parfum v\u0103 va parfuma casa cu parfumul senzual de mosc \u0219i chihlimbar \u0219i va crea o atmosfer\u0103 pl\u0103cut\u0103 \u0219i armonioas\u0103, plin\u0103 de bun\u0103stare \u0219i bun\u0103 dispozi\u021bie \u00een fiecare interior. Parte a setului este: difuzor White Musk 250 ml Introduce\u021bi be\u021bi\u0219oarele...","og_url":"https:\/\/shopatoa.com\/ro\/tesori-doriente-white-musk-difuzor-cu-betisoare-parfumate-250-ml-lumanare-109-g\/","og_site_name":"SHOPATOA","article_modified_time":"2025-11-17T05:43:25+00:00","og_image":[{"width":800,"height":800,"url":"https:\/\/storage.googleapis.com\/cz-shopatoa-img\/ro\/db02e170-unnamed-file.webp","type":"image\/webp"}],"twitter_card":"summary_large_image","twitter_misc":{"Timp estimat pentru citire":"1 minut"},"schema":{"@context":"https:\/\/schema.org","@graph":[{"@type":"WebPage","@id":"https:\/\/shopatoa.com\/ro\/tesori-doriente-white-musk-difuzor-cu-betisoare-parfumate-250-ml-lumanare-109-g\/","url":"https:\/\/shopatoa.com\/ro\/tesori-doriente-white-musk-difuzor-cu-betisoare-parfumate-250-ml-lumanare-109-g\/","name":"Tesori d'Oriente White Musk - difuzor cu be\u021bi\u0219oare parfumate 250 ml + lum\u00e2nare 109 g - SHOPATOA.COM","isPartOf":{"@id":"https:\/\/shopatoa.com\/ro\/#website"},"primaryImageOfPage":{"@id":"https:\/\/shopatoa.com\/ro\/tesori-doriente-white-musk-difuzor-cu-betisoare-parfumate-250-ml-lumanare-109-g\/#primaryimage"},"image":{"@id":"https:\/\/shopatoa.com\/ro\/tesori-doriente-white-musk-difuzor-cu-betisoare-parfumate-250-ml-lumanare-109-g\/#primaryimage"},"thumbnailUrl":"https:\/\/storage.googleapis.com\/cz-shopatoa-img\/ro\/db02e170-unnamed-file.webp","datePublished":"2025-05-01T04:50:29+00:00","dateModified":"2025-11-17T05:43:25+00:00","breadcrumb":{"@id":"https:\/\/shopatoa.com\/ro\/tesori-doriente-white-musk-difuzor-cu-betisoare-parfumate-250-ml-lumanare-109-g\/#breadcrumb"},"inLanguage":"ro-RO","potentialAction":[{"@type":"ReadAction","target":["https:\/\/shopatoa.com\/ro\/tesori-doriente-white-musk-difuzor-cu-betisoare-parfumate-250-ml-lumanare-109-g\/"]}]},{"@type":"ImageObject","inLanguage":"ro-RO","@id":"https:\/\/shopatoa.com\/ro\/tesori-doriente-white-musk-difuzor-cu-betisoare-parfumate-250-ml-lumanare-109-g\/#primaryimage","url":"https:\/\/storage.googleapis.com\/cz-shopatoa-img\/ro\/db02e170-unnamed-file.webp","contentUrl":"https:\/\/storage.googleapis.com\/cz-shopatoa-img\/ro\/db02e170-unnamed-file.webp","width":800,"height":800},{"@type":"BreadcrumbList","@id":"https:\/\/shopatoa.com\/ro\/tesori-doriente-white-musk-difuzor-cu-betisoare-parfumate-250-ml-lumanare-109-g\/#breadcrumb","itemListElement":[{"@type":"ListItem","position":1,"name":"Dom\u016f","item":"https:\/\/shopatoa.com\/ro\/"},{"@type":"ListItem","position":2,"name":"Shop","item":"https:\/\/shopatoa.com\/ro\/shop\/"},{"@type":"ListItem","position":3,"name":"Cosmetice","item":"https:\/\/shopatoa.com\/ro\/cosmetice\/"},{"@type":"ListItem","position":4,"name":"Lum\u00e2n\u0103ri parfumate \u0219i arome","item":"https:\/\/shopatoa.com\/ro\/lumanari-parfumate-si-arome\/"},{"@type":"ListItem","position":5,"name":"Difuzoare de parfum","item":"https:\/\/shopatoa.com\/ro\/difuzoare-de-parfum\/"},{"@type":"ListItem","position":6,"name":"Difuzor de aroma Tije","item":"https:\/\/shopatoa.com\/ro\/difuzor-de-aroma-tije\/"},{"@type":"ListItem","position":7,"name":"Tesori d&#8217;Oriente White Musk &#8211; difuzor cu be\u021bi\u0219oare parfumate 250 ml + lum\u00e2nare 109 g"}]},{"@type":"WebSite","@id":"https:\/\/shopatoa.com\/ro\/#website","url":"https:\/\/shopatoa.com\/ro\/","name":"SHOPATOA","description":"","publisher":{"@id":"https:\/\/shopatoa.com\/ro\/#organization"},"potentialAction":[{"@type":"SearchAction","target":{"@type":"EntryPoint","urlTemplate":"https:\/\/shopatoa.com\/ro\/?s={search_term_string}"},"query-input":{"@type":"PropertyValueSpecification","valueRequired":true,"valueName":"search_term_string"}}],"inLanguage":"ro-RO"},{"@type":"Organization","@id":"https:\/\/shopatoa.com\/ro\/#organization","name":"SHOPATOA","url":"https:\/\/shopatoa.com\/ro\/","logo":{"@type":"ImageObject","inLanguage":"ro-RO","@id":"https:\/\/shopatoa.com\/ro\/#\/schema\/logo\/image\/","url":"https:\/\/storage.googleapis.com\/cz-shopatoa-img\/ro\/b4dac915-shopatoa_logo.png","contentUrl":"https:\/\/storage.googleapis.com\/cz-shopatoa-img\/ro\/b4dac915-shopatoa_logo.png","width":416,"height":63,"caption":"SHOPATOA"},"image":{"@id":"https:\/\/shopatoa.com\/ro\/#\/schema\/logo\/image\/"}}]}},"_links":{"self":[{"href":"https:\/\/shopatoa.com\/ro\/wp-json\/wp\/v2\/product\/286620","targetHints":{"allow":["GET"]}}],"collection":[{"href":"https:\/\/shopatoa.com\/ro\/wp-json\/wp\/v2\/product"}],"about":[{"href":"https:\/\/shopatoa.com\/ro\/wp-json\/wp\/v2\/types\/product"}],"replies":[{"embeddable":true,"href":"https:\/\/shopatoa.com\/ro\/wp-json\/wp\/v2\/comments?post=286620"}],"wp:featuredmedia":[{"embeddable":true,"href":"https:\/\/shopatoa.com\/ro\/wp-json\/wp\/v2\/media\/286622"}],"wp:attachment":[{"href":"https:\/\/shopatoa.com\/ro\/wp-json\/wp\/v2\/media?parent=286620"}],"wp:term":[{"taxonomy":"product_brand","embeddable":true,"href":"https:\/\/shopatoa.com\/ro\/wp-json\/wp\/v2\/product_brand?post=286620"},{"taxonomy":"product_cat","embeddable":true,"href":"https:\/\/shopatoa.com\/ro\/wp-json\/wp\/v2\/product_cat?post=286620"},{"taxonomy":"product_tag","embeddable":true,"href":"https:\/\/shopatoa.com\/ro\/wp-json\/wp\/v2\/product_tag?post=286620"}],"curies":[{"name":"wp","href":"https:\/\/api.w.org\/{rel}","templated":true}]}}