{"id":286862,"date":"2025-05-01T07:16:22","date_gmt":"2025-05-01T05:16:22","guid":{"rendered":"https:\/\/shopatoa.com\/ro\/annemarie-borlind-crema-regeneranta-de-noapte-de-la-35-de-ani-zz-sensitive-system-anti-stress-regenerative-day-cream-50-ml\/"},"modified":"2025-12-11T12:03:39","modified_gmt":"2025-12-11T11:03:39","slug":"annemarie-borlind-crema-regeneranta-de-noapte-de-la-35-de-ani-zz-sensitive-system-anti-stress-regenerative-day-cream-50-ml","status":"publish","type":"product","link":"https:\/\/shopatoa.com\/ro\/annemarie-borlind-crema-regeneranta-de-noapte-de-la-35-de-ani-zz-sensitive-system-anti-stress-regenerative-day-cream-50-ml\/","title":{"rendered":"ANNEMARIE BORLIND Crem\u0103 regenerant\u0103 de noapte de la 35 de ani ZZ SENSITIVE System Anti-Stress (Regenerative Day Cream) 50 ml"},"content":{"rendered":"<p>REGENEREAZ\u0102. CALMEAZ\u0102. PROTEJEAZ\u0102. Crema de zi anti-\u00eemb\u0103tr\u00e2nire regenerant\u0103 natural\u0103 ZZ SENSITIVE System Anti-Stress din produse cosmetice naturale certificate ANNEMARIE B\u00d6RLIND este potrivit\u0103 ca a treia etap\u0103 a \u00eengrijirii zilnice a pielii pentru pielea sensibil\u0103 matur\u0103 de la v\u00e2rsta de 35 de ani, care necesit\u0103 regenerare. Ofer\u0103 pielii mature sensibile o \u00eengrijire anti-\u00eemb\u0103tr\u00e2nire bl\u00e2nd\u0103, dar eficient\u0103, care neteze\u0219te \u0219i regenereaz\u0103 pielea, dar \u00een acela\u0219i timp nu provoac\u0103 irita\u021bii. Con\u021bine un complex inovator prebiotic \u0219i probiotic, care normalizeaz\u0103 pielea \u0219i spore\u0219te efectele unei alte substan\u021be active naturale din acest produs &#8211; lupinul alb. Stimuleaz\u0103 celulele pielii s\u0103 produc\u0103 colagen \u0219i, de asemenea, \u00eei \u00eembun\u0103t\u0103\u021be\u0219te calitatea. Ajut\u0103 la \u00eent\u0103rirea contururilor fe\u021bei, \u00eent\u0103re\u0219te \u021besutul epidermic \u0219i reduce liniile fine \u0219i ridurile. \u00cen plus, stimuleaz\u0103 re\u00eennoirea celulelor pielii. stimuleaz\u0103 re\u00eennoirea celulelor pielii \u0219i \u00eent\u0103re\u0219te \u021besutul epidermic neteze\u0219te ridurile, \u00eent\u0103re\u0219te conturul fe\u021bei protejeaz\u0103 pielea matur\u0103 sensibil\u0103 \u00een timpul zilei Rezultatul este o piele neted\u0103, cu contururi faciale mai ferme \u0219i riduri pline.<\/p>\n","protected":false},"excerpt":{"rendered":"<p>REGENEREAZ\u0102. CALMEAZ\u0102. PROTEJEAZ\u0102. Crema de zi anti-\u00eemb\u0103tr\u00e2nire regenerant\u0103 natural\u0103 ZZ SENSITIVE System Anti-Stress din produse cosmetice naturale certificate ANNEMARIE B\u00d6RLIND este potrivit\u0103 ca a treia etap\u0103 a \u00eengrijirii zilnice a pielii pentru pielea sensibil\u0103 matur\u0103 de la v\u00e2rsta de 35 de ani, care necesit\u0103 regenerare. Ofer\u0103 pielii mature sensibile o \u00eengrijire anti-\u00eemb\u0103tr\u00e2nire bl\u00e2nd\u0103, dar eficient\u0103,&#8230;<\/p>\n","protected":false},"featured_media":286864,"comment_status":"closed","ping_status":"open","template":"","meta":{"_acf_changed":false,"_kadence_starter_templates_imported_post":false,"_kad_post_transparent":"","_kad_post_title":"","_kad_post_layout":"","_kad_post_sidebar_id":"","_kad_post_content_style":"","_kad_post_vertical_padding":"","_kad_post_feature":"","_kad_post_feature_position":"","_kad_post_header":false,"_kad_post_footer":false,"_kad_post_classname":""},"product_brand":[112],"product_cat":[246,634,633,665],"product_tag":[],"class_list":{"0":"post-286862","1":"product","2":"type-product","3":"status-publish","4":"has-post-thumbnail","6":"product_brand-annemarie-borlind","7":"product_cat-cosmetice","8":"product_cat-produse-cosmetice-de-ingrijire-a-pielii","9":"product_cat-produse-cosmetice-pentru-piele","10":"product_cat-produse-cosmetice-pentru-riduri-si-anti-imbatranire","12":"first","13":"instock","14":"sale","15":"product-type-external","16":"entry","17":"content-bg","18":"loop-entry"},"acf":[],"yoast_head":"<!-- This site is optimized with the Yoast SEO plugin v27.3 - https:\/\/yoast.com\/product\/yoast-seo-wordpress\/ -->\n<title>ANNEMARIE BORLIND Crem\u0103 regenerant\u0103 de noapte de la 35 de ani ZZ SENSITIVE System Anti-Stress (Regenerative Day Cream) 50 ml - SHOPATOA.COM<\/title>\n<meta name=\"robots\" content=\"index, follow, max-snippet:-1, max-image-preview:large, max-video-preview:-1\" \/>\n<link rel=\"canonical\" href=\"https:\/\/shopatoa.com\/ro\/annemarie-borlind-crema-regeneranta-de-noapte-de-la-35-de-ani-zz-sensitive-system-anti-stress-regenerative-day-cream-50-ml\/\" \/>\n<meta property=\"og:locale\" content=\"ro_RO\" \/>\n<meta property=\"og:type\" content=\"article\" \/>\n<meta property=\"og:title\" content=\"ANNEMARIE BORLIND Crem\u0103 regenerant\u0103 de noapte de la 35 de ani ZZ SENSITIVE System Anti-Stress (Regenerative Day Cream) 50 ml - SHOPATOA.COM\" \/>\n<meta property=\"og:description\" content=\"REGENEREAZ\u0102. CALMEAZ\u0102. PROTEJEAZ\u0102. Crema de zi anti-\u00eemb\u0103tr\u00e2nire regenerant\u0103 natural\u0103 ZZ SENSITIVE System Anti-Stress din produse cosmetice naturale certificate ANNEMARIE B\u00d6RLIND este potrivit\u0103 ca a treia etap\u0103 a \u00eengrijirii zilnice a pielii pentru pielea sensibil\u0103 matur\u0103 de la v\u00e2rsta de 35 de ani, care necesit\u0103 regenerare. Ofer\u0103 pielii mature sensibile o \u00eengrijire anti-\u00eemb\u0103tr\u00e2nire bl\u00e2nd\u0103, dar eficient\u0103,...\" \/>\n<meta property=\"og:url\" content=\"https:\/\/shopatoa.com\/ro\/annemarie-borlind-crema-regeneranta-de-noapte-de-la-35-de-ani-zz-sensitive-system-anti-stress-regenerative-day-cream-50-ml\/\" \/>\n<meta property=\"og:site_name\" content=\"SHOPATOA\" \/>\n<meta property=\"article:modified_time\" content=\"2025-12-11T11:03:39+00:00\" \/>\n<meta property=\"og:image\" content=\"https:\/\/shopatoa.com\/ro\/wp-content\/uploads\/4d229d33-unnamed-file.webp\" \/>\n\t<meta property=\"og:image:width\" content=\"800\" \/>\n\t<meta property=\"og:image:height\" content=\"800\" \/>\n\t<meta property=\"og:image:type\" content=\"image\/webp\" \/>\n<meta name=\"twitter:card\" content=\"summary_large_image\" \/>\n<meta name=\"twitter:label1\" content=\"Timp estimat pentru citire\" \/>\n\t<meta name=\"twitter:data1\" content=\"1 minut\" \/>\n<script type=\"application\/ld+json\" class=\"yoast-schema-graph\">{\"@context\":\"https:\\\/\\\/schema.org\",\"@graph\":[{\"@type\":\"WebPage\",\"@id\":\"https:\\\/\\\/shopatoa.com\\\/ro\\\/annemarie-borlind-crema-regeneranta-de-noapte-de-la-35-de-ani-zz-sensitive-system-anti-stress-regenerative-day-cream-50-ml\\\/\",\"url\":\"https:\\\/\\\/shopatoa.com\\\/ro\\\/annemarie-borlind-crema-regeneranta-de-noapte-de-la-35-de-ani-zz-sensitive-system-anti-stress-regenerative-day-cream-50-ml\\\/\",\"name\":\"ANNEMARIE BORLIND Crem\u0103 regenerant\u0103 de noapte de la 35 de ani ZZ SENSITIVE System Anti-Stress (Regenerative Day Cream) 50 ml - SHOPATOA.COM\",\"isPartOf\":{\"@id\":\"https:\\\/\\\/shopatoa.com\\\/ro\\\/#website\"},\"primaryImageOfPage\":{\"@id\":\"https:\\\/\\\/shopatoa.com\\\/ro\\\/annemarie-borlind-crema-regeneranta-de-noapte-de-la-35-de-ani-zz-sensitive-system-anti-stress-regenerative-day-cream-50-ml\\\/#primaryimage\"},\"image\":{\"@id\":\"https:\\\/\\\/shopatoa.com\\\/ro\\\/annemarie-borlind-crema-regeneranta-de-noapte-de-la-35-de-ani-zz-sensitive-system-anti-stress-regenerative-day-cream-50-ml\\\/#primaryimage\"},\"thumbnailUrl\":\"https:\\\/\\\/shopatoa.com\\\/ro\\\/wp-content\\\/uploads\\\/4d229d33-unnamed-file.webp\",\"datePublished\":\"2025-05-01T05:16:22+00:00\",\"dateModified\":\"2025-12-11T11:03:39+00:00\",\"breadcrumb\":{\"@id\":\"https:\\\/\\\/shopatoa.com\\\/ro\\\/annemarie-borlind-crema-regeneranta-de-noapte-de-la-35-de-ani-zz-sensitive-system-anti-stress-regenerative-day-cream-50-ml\\\/#breadcrumb\"},\"inLanguage\":\"ro-RO\",\"potentialAction\":[{\"@type\":\"ReadAction\",\"target\":[\"https:\\\/\\\/shopatoa.com\\\/ro\\\/annemarie-borlind-crema-regeneranta-de-noapte-de-la-35-de-ani-zz-sensitive-system-anti-stress-regenerative-day-cream-50-ml\\\/\"]}]},{\"@type\":\"ImageObject\",\"inLanguage\":\"ro-RO\",\"@id\":\"https:\\\/\\\/shopatoa.com\\\/ro\\\/annemarie-borlind-crema-regeneranta-de-noapte-de-la-35-de-ani-zz-sensitive-system-anti-stress-regenerative-day-cream-50-ml\\\/#primaryimage\",\"url\":\"https:\\\/\\\/shopatoa.com\\\/ro\\\/wp-content\\\/uploads\\\/4d229d33-unnamed-file.webp\",\"contentUrl\":\"https:\\\/\\\/shopatoa.com\\\/ro\\\/wp-content\\\/uploads\\\/4d229d33-unnamed-file.webp\",\"width\":800,\"height\":800},{\"@type\":\"BreadcrumbList\",\"@id\":\"https:\\\/\\\/shopatoa.com\\\/ro\\\/annemarie-borlind-crema-regeneranta-de-noapte-de-la-35-de-ani-zz-sensitive-system-anti-stress-regenerative-day-cream-50-ml\\\/#breadcrumb\",\"itemListElement\":[{\"@type\":\"ListItem\",\"position\":1,\"name\":\"Dom\u016f\",\"item\":\"https:\\\/\\\/shopatoa.com\\\/ro\\\/\"},{\"@type\":\"ListItem\",\"position\":2,\"name\":\"Shop\",\"item\":\"https:\\\/\\\/shopatoa.com\\\/ro\\\/shop\\\/\"},{\"@type\":\"ListItem\",\"position\":3,\"name\":\"Cosmetice\",\"item\":\"https:\\\/\\\/shopatoa.com\\\/ro\\\/cosmetice\\\/\"},{\"@type\":\"ListItem\",\"position\":4,\"name\":\"Produse cosmetice pentru piele\",\"item\":\"https:\\\/\\\/shopatoa.com\\\/ro\\\/produse-cosmetice-pentru-piele\\\/\"},{\"@type\":\"ListItem\",\"position\":5,\"name\":\"Produse cosmetice de \u00eengrijire a pielii\",\"item\":\"https:\\\/\\\/shopatoa.com\\\/ro\\\/produse-cosmetice-de-ingrijire-a-pielii\\\/\"},{\"@type\":\"ListItem\",\"position\":6,\"name\":\"Produse cosmetice pentru riduri \u0219i anti-\u00eemb\u0103tr\u00e2nire\",\"item\":\"https:\\\/\\\/shopatoa.com\\\/ro\\\/produse-cosmetice-pentru-riduri-si-anti-imbatranire\\\/\"},{\"@type\":\"ListItem\",\"position\":7,\"name\":\"ANNEMARIE BORLIND Crem\u0103 regenerant\u0103 de noapte de la 35 de ani ZZ SENSITIVE System Anti-Stress (Regenerative Day Cream) 50 ml\"}]},{\"@type\":\"WebSite\",\"@id\":\"https:\\\/\\\/shopatoa.com\\\/ro\\\/#website\",\"url\":\"https:\\\/\\\/shopatoa.com\\\/ro\\\/\",\"name\":\"SHOPATOA\",\"description\":\"\",\"publisher\":{\"@id\":\"https:\\\/\\\/shopatoa.com\\\/ro\\\/#organization\"},\"potentialAction\":[{\"@type\":\"SearchAction\",\"target\":{\"@type\":\"EntryPoint\",\"urlTemplate\":\"https:\\\/\\\/shopatoa.com\\\/ro\\\/?s={search_term_string}\"},\"query-input\":{\"@type\":\"PropertyValueSpecification\",\"valueRequired\":true,\"valueName\":\"search_term_string\"}}],\"inLanguage\":\"ro-RO\"},{\"@type\":\"Organization\",\"@id\":\"https:\\\/\\\/shopatoa.com\\\/ro\\\/#organization\",\"name\":\"SHOPATOA\",\"url\":\"https:\\\/\\\/shopatoa.com\\\/ro\\\/\",\"logo\":{\"@type\":\"ImageObject\",\"inLanguage\":\"ro-RO\",\"@id\":\"https:\\\/\\\/shopatoa.com\\\/ro\\\/#\\\/schema\\\/logo\\\/image\\\/\",\"url\":\"https:\\\/\\\/storage.googleapis.com\\\/cz-shopatoa-img\\\/ro\\\/b4dac915-shopatoa_logo.png\",\"contentUrl\":\"https:\\\/\\\/storage.googleapis.com\\\/cz-shopatoa-img\\\/ro\\\/b4dac915-shopatoa_logo.png\",\"width\":416,\"height\":63,\"caption\":\"SHOPATOA\"},\"image\":{\"@id\":\"https:\\\/\\\/shopatoa.com\\\/ro\\\/#\\\/schema\\\/logo\\\/image\\\/\"}}]}<\/script>\n<!-- \/ Yoast SEO plugin. -->","yoast_head_json":{"title":"ANNEMARIE BORLIND Crem\u0103 regenerant\u0103 de noapte de la 35 de ani ZZ SENSITIVE System Anti-Stress (Regenerative Day Cream) 50 ml - SHOPATOA.COM","robots":{"index":"index","follow":"follow","max-snippet":"max-snippet:-1","max-image-preview":"max-image-preview:large","max-video-preview":"max-video-preview:-1"},"canonical":"https:\/\/shopatoa.com\/ro\/annemarie-borlind-crema-regeneranta-de-noapte-de-la-35-de-ani-zz-sensitive-system-anti-stress-regenerative-day-cream-50-ml\/","og_locale":"ro_RO","og_type":"article","og_title":"ANNEMARIE BORLIND Crem\u0103 regenerant\u0103 de noapte de la 35 de ani ZZ SENSITIVE System Anti-Stress (Regenerative Day Cream) 50 ml - SHOPATOA.COM","og_description":"REGENEREAZ\u0102. CALMEAZ\u0102. PROTEJEAZ\u0102. Crema de zi anti-\u00eemb\u0103tr\u00e2nire regenerant\u0103 natural\u0103 ZZ SENSITIVE System Anti-Stress din produse cosmetice naturale certificate ANNEMARIE B\u00d6RLIND este potrivit\u0103 ca a treia etap\u0103 a \u00eengrijirii zilnice a pielii pentru pielea sensibil\u0103 matur\u0103 de la v\u00e2rsta de 35 de ani, care necesit\u0103 regenerare. Ofer\u0103 pielii mature sensibile o \u00eengrijire anti-\u00eemb\u0103tr\u00e2nire bl\u00e2nd\u0103, dar eficient\u0103,...","og_url":"https:\/\/shopatoa.com\/ro\/annemarie-borlind-crema-regeneranta-de-noapte-de-la-35-de-ani-zz-sensitive-system-anti-stress-regenerative-day-cream-50-ml\/","og_site_name":"SHOPATOA","article_modified_time":"2025-12-11T11:03:39+00:00","og_image":[{"width":800,"height":800,"url":"https:\/\/shopatoa.com\/ro\/wp-content\/uploads\/4d229d33-unnamed-file.webp","type":"image\/webp"}],"twitter_card":"summary_large_image","twitter_misc":{"Timp estimat pentru citire":"1 minut"},"schema":{"@context":"https:\/\/schema.org","@graph":[{"@type":"WebPage","@id":"https:\/\/shopatoa.com\/ro\/annemarie-borlind-crema-regeneranta-de-noapte-de-la-35-de-ani-zz-sensitive-system-anti-stress-regenerative-day-cream-50-ml\/","url":"https:\/\/shopatoa.com\/ro\/annemarie-borlind-crema-regeneranta-de-noapte-de-la-35-de-ani-zz-sensitive-system-anti-stress-regenerative-day-cream-50-ml\/","name":"ANNEMARIE BORLIND Crem\u0103 regenerant\u0103 de noapte de la 35 de ani ZZ SENSITIVE System Anti-Stress (Regenerative Day Cream) 50 ml - SHOPATOA.COM","isPartOf":{"@id":"https:\/\/shopatoa.com\/ro\/#website"},"primaryImageOfPage":{"@id":"https:\/\/shopatoa.com\/ro\/annemarie-borlind-crema-regeneranta-de-noapte-de-la-35-de-ani-zz-sensitive-system-anti-stress-regenerative-day-cream-50-ml\/#primaryimage"},"image":{"@id":"https:\/\/shopatoa.com\/ro\/annemarie-borlind-crema-regeneranta-de-noapte-de-la-35-de-ani-zz-sensitive-system-anti-stress-regenerative-day-cream-50-ml\/#primaryimage"},"thumbnailUrl":"https:\/\/shopatoa.com\/ro\/wp-content\/uploads\/4d229d33-unnamed-file.webp","datePublished":"2025-05-01T05:16:22+00:00","dateModified":"2025-12-11T11:03:39+00:00","breadcrumb":{"@id":"https:\/\/shopatoa.com\/ro\/annemarie-borlind-crema-regeneranta-de-noapte-de-la-35-de-ani-zz-sensitive-system-anti-stress-regenerative-day-cream-50-ml\/#breadcrumb"},"inLanguage":"ro-RO","potentialAction":[{"@type":"ReadAction","target":["https:\/\/shopatoa.com\/ro\/annemarie-borlind-crema-regeneranta-de-noapte-de-la-35-de-ani-zz-sensitive-system-anti-stress-regenerative-day-cream-50-ml\/"]}]},{"@type":"ImageObject","inLanguage":"ro-RO","@id":"https:\/\/shopatoa.com\/ro\/annemarie-borlind-crema-regeneranta-de-noapte-de-la-35-de-ani-zz-sensitive-system-anti-stress-regenerative-day-cream-50-ml\/#primaryimage","url":"https:\/\/shopatoa.com\/ro\/wp-content\/uploads\/4d229d33-unnamed-file.webp","contentUrl":"https:\/\/shopatoa.com\/ro\/wp-content\/uploads\/4d229d33-unnamed-file.webp","width":800,"height":800},{"@type":"BreadcrumbList","@id":"https:\/\/shopatoa.com\/ro\/annemarie-borlind-crema-regeneranta-de-noapte-de-la-35-de-ani-zz-sensitive-system-anti-stress-regenerative-day-cream-50-ml\/#breadcrumb","itemListElement":[{"@type":"ListItem","position":1,"name":"Dom\u016f","item":"https:\/\/shopatoa.com\/ro\/"},{"@type":"ListItem","position":2,"name":"Shop","item":"https:\/\/shopatoa.com\/ro\/shop\/"},{"@type":"ListItem","position":3,"name":"Cosmetice","item":"https:\/\/shopatoa.com\/ro\/cosmetice\/"},{"@type":"ListItem","position":4,"name":"Produse cosmetice pentru piele","item":"https:\/\/shopatoa.com\/ro\/produse-cosmetice-pentru-piele\/"},{"@type":"ListItem","position":5,"name":"Produse cosmetice de \u00eengrijire a pielii","item":"https:\/\/shopatoa.com\/ro\/produse-cosmetice-de-ingrijire-a-pielii\/"},{"@type":"ListItem","position":6,"name":"Produse cosmetice pentru riduri \u0219i anti-\u00eemb\u0103tr\u00e2nire","item":"https:\/\/shopatoa.com\/ro\/produse-cosmetice-pentru-riduri-si-anti-imbatranire\/"},{"@type":"ListItem","position":7,"name":"ANNEMARIE BORLIND Crem\u0103 regenerant\u0103 de noapte de la 35 de ani ZZ SENSITIVE System Anti-Stress (Regenerative Day Cream) 50 ml"}]},{"@type":"WebSite","@id":"https:\/\/shopatoa.com\/ro\/#website","url":"https:\/\/shopatoa.com\/ro\/","name":"SHOPATOA","description":"","publisher":{"@id":"https:\/\/shopatoa.com\/ro\/#organization"},"potentialAction":[{"@type":"SearchAction","target":{"@type":"EntryPoint","urlTemplate":"https:\/\/shopatoa.com\/ro\/?s={search_term_string}"},"query-input":{"@type":"PropertyValueSpecification","valueRequired":true,"valueName":"search_term_string"}}],"inLanguage":"ro-RO"},{"@type":"Organization","@id":"https:\/\/shopatoa.com\/ro\/#organization","name":"SHOPATOA","url":"https:\/\/shopatoa.com\/ro\/","logo":{"@type":"ImageObject","inLanguage":"ro-RO","@id":"https:\/\/shopatoa.com\/ro\/#\/schema\/logo\/image\/","url":"https:\/\/storage.googleapis.com\/cz-shopatoa-img\/ro\/b4dac915-shopatoa_logo.png","contentUrl":"https:\/\/storage.googleapis.com\/cz-shopatoa-img\/ro\/b4dac915-shopatoa_logo.png","width":416,"height":63,"caption":"SHOPATOA"},"image":{"@id":"https:\/\/shopatoa.com\/ro\/#\/schema\/logo\/image\/"}}]}},"_links":{"self":[{"href":"https:\/\/shopatoa.com\/ro\/wp-json\/wp\/v2\/product\/286862","targetHints":{"allow":["GET"]}}],"collection":[{"href":"https:\/\/shopatoa.com\/ro\/wp-json\/wp\/v2\/product"}],"about":[{"href":"https:\/\/shopatoa.com\/ro\/wp-json\/wp\/v2\/types\/product"}],"replies":[{"embeddable":true,"href":"https:\/\/shopatoa.com\/ro\/wp-json\/wp\/v2\/comments?post=286862"}],"wp:featuredmedia":[{"embeddable":true,"href":"https:\/\/shopatoa.com\/ro\/wp-json\/wp\/v2\/media\/286864"}],"wp:attachment":[{"href":"https:\/\/shopatoa.com\/ro\/wp-json\/wp\/v2\/media?parent=286862"}],"wp:term":[{"taxonomy":"product_brand","embeddable":true,"href":"https:\/\/shopatoa.com\/ro\/wp-json\/wp\/v2\/product_brand?post=286862"},{"taxonomy":"product_cat","embeddable":true,"href":"https:\/\/shopatoa.com\/ro\/wp-json\/wp\/v2\/product_cat?post=286862"},{"taxonomy":"product_tag","embeddable":true,"href":"https:\/\/shopatoa.com\/ro\/wp-json\/wp\/v2\/product_tag?post=286862"}],"curies":[{"name":"wp","href":"https:\/\/api.w.org\/{rel}","templated":true}]}}