{"id":286870,"date":"2025-05-01T07:16:43","date_gmt":"2025-05-01T05:16:43","guid":{"rendered":"https:\/\/shopatoa.com\/ro\/annemarie-borlind-ulei-bifazic-pentru-barba-barbatilor-men-system-energy-boost-2-phase-beard-oil-30-ml\/"},"modified":"2025-12-11T12:03:30","modified_gmt":"2025-12-11T11:03:30","slug":"annemarie-borlind-ulei-bifazic-pentru-barba-barbatilor-men-system-energy-boost-2-phase-beard-oil-30-ml","status":"publish","type":"product","link":"https:\/\/shopatoa.com\/ro\/annemarie-borlind-ulei-bifazic-pentru-barba-barbatilor-men-system-energy-boost-2-phase-beard-oil-30-ml\/","title":{"rendered":"ANNEMARIE BORLIND Ulei bifazic pentru barba b\u0103rba\u021bilor MEN System Energy Boost (2-Phase Beard Oil) 30 ml"},"content":{"rendered":"<p>ENERGIZEAZ\u0102. INMOAIE. HR\u0102NE\u0218TE. Ser popular \u00een 2 faze pentru b\u0103rba\u021bi din produse cosmetice naturale certificate ANNEMARIE B\u00d6RLIND. Uleiul nostru v\u0103 va \u00eent\u0103ri barba \u0219i o va face supl\u0103. Pielea absoarbe rapid textura u\u0219oar\u0103 de ulei. Con\u021bine un complex energetic inovator creat din taurin\u0103 botanic\u0103 \u0219i ingrediente active precum extractul de ienup\u0103r organic, gin \u0219i cafein\u0103 organic\u0103. Uleiul de jojoba ofer\u0103 pielii nutri\u021bie, hidratare \u0219i netezire. men\u021bine barba s\u0103n\u0103toas\u0103 \u0219i str\u0103lucitoare \u00eenmoaie p\u0103rul bomb\u0103 energetic\u0103 care hidrateaz\u0103 pielea miros picant captivant<\/p>\n","protected":false},"excerpt":{"rendered":"<p>ENERGIZEAZ\u0102. INMOAIE. HR\u0102NE\u0218TE. Ser popular \u00een 2 faze pentru b\u0103rba\u021bi din produse cosmetice naturale certificate ANNEMARIE B\u00d6RLIND. Uleiul nostru v\u0103 va \u00eent\u0103ri barba \u0219i o va face supl\u0103. Pielea absoarbe rapid textura u\u0219oar\u0103 de ulei. Con\u021bine un complex energetic inovator creat din taurin\u0103 botanic\u0103 \u0219i ingrediente active precum extractul de ienup\u0103r organic, gin \u0219i cafein\u0103&#8230;<\/p>\n","protected":false},"featured_media":286871,"comment_status":"closed","ping_status":"open","template":"","meta":{"_acf_changed":false,"_kadence_starter_templates_imported_post":false,"_kad_post_transparent":"","_kad_post_title":"","_kad_post_layout":"","_kad_post_sidebar_id":"","_kad_post_content_style":"","_kad_post_vertical_padding":"","_kad_post_feature":"","_kad_post_feature_position":"","_kad_post_header":false,"_kad_post_footer":false,"_kad_post_classname":""},"product_brand":[112],"product_cat":[670,721,246],"product_tag":[],"class_list":{"0":"post-286870","1":"product","2":"type-product","3":"status-publish","4":"has-post-thumbnail","6":"product_brand-annemarie-borlind","7":"product_cat-barber-shop","8":"product_cat-barber-shop-ingrijirea-barbilor","9":"product_cat-cosmetice","11":"first","12":"instock","13":"product-type-external","14":"entry","15":"content-bg","16":"loop-entry"},"acf":[],"yoast_head":"<!-- This site is optimized with the Yoast SEO plugin v27.4 - https:\/\/yoast.com\/product\/yoast-seo-wordpress\/ -->\n<title>ANNEMARIE BORLIND Ulei bifazic pentru barba b\u0103rba\u021bilor MEN System Energy Boost (2-Phase Beard Oil) 30 ml - SHOPATOA.COM<\/title>\n<meta name=\"robots\" content=\"index, follow, max-snippet:-1, max-image-preview:large, max-video-preview:-1\" \/>\n<link rel=\"canonical\" href=\"https:\/\/shopatoa.com\/ro\/annemarie-borlind-ulei-bifazic-pentru-barba-barbatilor-men-system-energy-boost-2-phase-beard-oil-30-ml\/\" \/>\n<meta property=\"og:locale\" content=\"ro_RO\" \/>\n<meta property=\"og:type\" content=\"article\" \/>\n<meta property=\"og:title\" content=\"ANNEMARIE BORLIND Ulei bifazic pentru barba b\u0103rba\u021bilor MEN System Energy Boost (2-Phase Beard Oil) 30 ml - SHOPATOA.COM\" \/>\n<meta property=\"og:description\" content=\"ENERGIZEAZ\u0102. INMOAIE. HR\u0102NE\u0218TE. Ser popular \u00een 2 faze pentru b\u0103rba\u021bi din produse cosmetice naturale certificate ANNEMARIE B\u00d6RLIND. Uleiul nostru v\u0103 va \u00eent\u0103ri barba \u0219i o va face supl\u0103. Pielea absoarbe rapid textura u\u0219oar\u0103 de ulei. Con\u021bine un complex energetic inovator creat din taurin\u0103 botanic\u0103 \u0219i ingrediente active precum extractul de ienup\u0103r organic, gin \u0219i cafein\u0103...\" \/>\n<meta property=\"og:url\" content=\"https:\/\/shopatoa.com\/ro\/annemarie-borlind-ulei-bifazic-pentru-barba-barbatilor-men-system-energy-boost-2-phase-beard-oil-30-ml\/\" \/>\n<meta property=\"og:site_name\" content=\"SHOPATOA\" \/>\n<meta property=\"article:modified_time\" content=\"2025-12-11T11:03:30+00:00\" \/>\n<meta property=\"og:image\" content=\"https:\/\/storage.googleapis.com\/cz-shopatoa-img\/ro\/dc0cb552-unnamed-file.webp\" \/>\n\t<meta property=\"og:image:width\" content=\"800\" \/>\n\t<meta property=\"og:image:height\" content=\"800\" \/>\n\t<meta property=\"og:image:type\" content=\"image\/webp\" \/>\n<meta name=\"twitter:card\" content=\"summary_large_image\" \/>\n<script type=\"application\/ld+json\" class=\"yoast-schema-graph\">{\"@context\":\"https:\\\/\\\/schema.org\",\"@graph\":[{\"@type\":\"WebPage\",\"@id\":\"https:\\\/\\\/shopatoa.com\\\/ro\\\/annemarie-borlind-ulei-bifazic-pentru-barba-barbatilor-men-system-energy-boost-2-phase-beard-oil-30-ml\\\/\",\"url\":\"https:\\\/\\\/shopatoa.com\\\/ro\\\/annemarie-borlind-ulei-bifazic-pentru-barba-barbatilor-men-system-energy-boost-2-phase-beard-oil-30-ml\\\/\",\"name\":\"ANNEMARIE BORLIND Ulei bifazic pentru barba b\u0103rba\u021bilor MEN System Energy Boost (2-Phase Beard Oil) 30 ml - SHOPATOA.COM\",\"isPartOf\":{\"@id\":\"https:\\\/\\\/shopatoa.com\\\/ro\\\/#website\"},\"primaryImageOfPage\":{\"@id\":\"https:\\\/\\\/shopatoa.com\\\/ro\\\/annemarie-borlind-ulei-bifazic-pentru-barba-barbatilor-men-system-energy-boost-2-phase-beard-oil-30-ml\\\/#primaryimage\"},\"image\":{\"@id\":\"https:\\\/\\\/shopatoa.com\\\/ro\\\/annemarie-borlind-ulei-bifazic-pentru-barba-barbatilor-men-system-energy-boost-2-phase-beard-oil-30-ml\\\/#primaryimage\"},\"thumbnailUrl\":\"https:\\\/\\\/storage.googleapis.com\\\/cz-shopatoa-img\\\/ro\\\/dc0cb552-unnamed-file.webp\",\"datePublished\":\"2025-05-01T05:16:43+00:00\",\"dateModified\":\"2025-12-11T11:03:30+00:00\",\"breadcrumb\":{\"@id\":\"https:\\\/\\\/shopatoa.com\\\/ro\\\/annemarie-borlind-ulei-bifazic-pentru-barba-barbatilor-men-system-energy-boost-2-phase-beard-oil-30-ml\\\/#breadcrumb\"},\"inLanguage\":\"ro-RO\",\"potentialAction\":[{\"@type\":\"ReadAction\",\"target\":[\"https:\\\/\\\/shopatoa.com\\\/ro\\\/annemarie-borlind-ulei-bifazic-pentru-barba-barbatilor-men-system-energy-boost-2-phase-beard-oil-30-ml\\\/\"]}]},{\"@type\":\"ImageObject\",\"inLanguage\":\"ro-RO\",\"@id\":\"https:\\\/\\\/shopatoa.com\\\/ro\\\/annemarie-borlind-ulei-bifazic-pentru-barba-barbatilor-men-system-energy-boost-2-phase-beard-oil-30-ml\\\/#primaryimage\",\"url\":\"https:\\\/\\\/storage.googleapis.com\\\/cz-shopatoa-img\\\/ro\\\/dc0cb552-unnamed-file.webp\",\"contentUrl\":\"https:\\\/\\\/storage.googleapis.com\\\/cz-shopatoa-img\\\/ro\\\/dc0cb552-unnamed-file.webp\",\"width\":800,\"height\":800},{\"@type\":\"BreadcrumbList\",\"@id\":\"https:\\\/\\\/shopatoa.com\\\/ro\\\/annemarie-borlind-ulei-bifazic-pentru-barba-barbatilor-men-system-energy-boost-2-phase-beard-oil-30-ml\\\/#breadcrumb\",\"itemListElement\":[{\"@type\":\"ListItem\",\"position\":1,\"name\":\"Dom\u016f\",\"item\":\"https:\\\/\\\/shopatoa.com\\\/ro\\\/\"},{\"@type\":\"ListItem\",\"position\":2,\"name\":\"Shop\",\"item\":\"https:\\\/\\\/shopatoa.com\\\/ro\\\/shop\\\/\"},{\"@type\":\"ListItem\",\"position\":3,\"name\":\"Cosmetice\",\"item\":\"https:\\\/\\\/shopatoa.com\\\/ro\\\/cosmetice\\\/\"},{\"@type\":\"ListItem\",\"position\":4,\"name\":\"Barber Shop\",\"item\":\"https:\\\/\\\/shopatoa.com\\\/ro\\\/barber-shop\\\/\"},{\"@type\":\"ListItem\",\"position\":5,\"name\":\"Barber Shop \u2013 ingrijirea barbilor\",\"item\":\"https:\\\/\\\/shopatoa.com\\\/ro\\\/barber-shop-ingrijirea-barbilor\\\/\"},{\"@type\":\"ListItem\",\"position\":6,\"name\":\"ANNEMARIE BORLIND Ulei bifazic pentru barba b\u0103rba\u021bilor MEN System Energy Boost (2-Phase Beard Oil) 30 ml\"}]},{\"@type\":\"WebSite\",\"@id\":\"https:\\\/\\\/shopatoa.com\\\/ro\\\/#website\",\"url\":\"https:\\\/\\\/shopatoa.com\\\/ro\\\/\",\"name\":\"SHOPATOA\",\"description\":\"\",\"publisher\":{\"@id\":\"https:\\\/\\\/shopatoa.com\\\/ro\\\/#organization\"},\"potentialAction\":[{\"@type\":\"SearchAction\",\"target\":{\"@type\":\"EntryPoint\",\"urlTemplate\":\"https:\\\/\\\/shopatoa.com\\\/ro\\\/?s={search_term_string}\"},\"query-input\":{\"@type\":\"PropertyValueSpecification\",\"valueRequired\":true,\"valueName\":\"search_term_string\"}}],\"inLanguage\":\"ro-RO\"},{\"@type\":\"Organization\",\"@id\":\"https:\\\/\\\/shopatoa.com\\\/ro\\\/#organization\",\"name\":\"SHOPATOA\",\"url\":\"https:\\\/\\\/shopatoa.com\\\/ro\\\/\",\"logo\":{\"@type\":\"ImageObject\",\"inLanguage\":\"ro-RO\",\"@id\":\"https:\\\/\\\/shopatoa.com\\\/ro\\\/#\\\/schema\\\/logo\\\/image\\\/\",\"url\":\"https:\\\/\\\/storage.googleapis.com\\\/cz-shopatoa-img\\\/ro\\\/b4dac915-shopatoa_logo.png\",\"contentUrl\":\"https:\\\/\\\/storage.googleapis.com\\\/cz-shopatoa-img\\\/ro\\\/b4dac915-shopatoa_logo.png\",\"width\":416,\"height\":63,\"caption\":\"SHOPATOA\"},\"image\":{\"@id\":\"https:\\\/\\\/shopatoa.com\\\/ro\\\/#\\\/schema\\\/logo\\\/image\\\/\"}}]}<\/script>\n<!-- \/ Yoast SEO plugin. -->","yoast_head_json":{"title":"ANNEMARIE BORLIND Ulei bifazic pentru barba b\u0103rba\u021bilor MEN System Energy Boost (2-Phase Beard Oil) 30 ml - SHOPATOA.COM","robots":{"index":"index","follow":"follow","max-snippet":"max-snippet:-1","max-image-preview":"max-image-preview:large","max-video-preview":"max-video-preview:-1"},"canonical":"https:\/\/shopatoa.com\/ro\/annemarie-borlind-ulei-bifazic-pentru-barba-barbatilor-men-system-energy-boost-2-phase-beard-oil-30-ml\/","og_locale":"ro_RO","og_type":"article","og_title":"ANNEMARIE BORLIND Ulei bifazic pentru barba b\u0103rba\u021bilor MEN System Energy Boost (2-Phase Beard Oil) 30 ml - SHOPATOA.COM","og_description":"ENERGIZEAZ\u0102. INMOAIE. HR\u0102NE\u0218TE. Ser popular \u00een 2 faze pentru b\u0103rba\u021bi din produse cosmetice naturale certificate ANNEMARIE B\u00d6RLIND. Uleiul nostru v\u0103 va \u00eent\u0103ri barba \u0219i o va face supl\u0103. Pielea absoarbe rapid textura u\u0219oar\u0103 de ulei. Con\u021bine un complex energetic inovator creat din taurin\u0103 botanic\u0103 \u0219i ingrediente active precum extractul de ienup\u0103r organic, gin \u0219i cafein\u0103...","og_url":"https:\/\/shopatoa.com\/ro\/annemarie-borlind-ulei-bifazic-pentru-barba-barbatilor-men-system-energy-boost-2-phase-beard-oil-30-ml\/","og_site_name":"SHOPATOA","article_modified_time":"2025-12-11T11:03:30+00:00","og_image":[{"width":800,"height":800,"url":"https:\/\/storage.googleapis.com\/cz-shopatoa-img\/ro\/dc0cb552-unnamed-file.webp","type":"image\/webp"}],"twitter_card":"summary_large_image","schema":{"@context":"https:\/\/schema.org","@graph":[{"@type":"WebPage","@id":"https:\/\/shopatoa.com\/ro\/annemarie-borlind-ulei-bifazic-pentru-barba-barbatilor-men-system-energy-boost-2-phase-beard-oil-30-ml\/","url":"https:\/\/shopatoa.com\/ro\/annemarie-borlind-ulei-bifazic-pentru-barba-barbatilor-men-system-energy-boost-2-phase-beard-oil-30-ml\/","name":"ANNEMARIE BORLIND Ulei bifazic pentru barba b\u0103rba\u021bilor MEN System Energy Boost (2-Phase Beard Oil) 30 ml - SHOPATOA.COM","isPartOf":{"@id":"https:\/\/shopatoa.com\/ro\/#website"},"primaryImageOfPage":{"@id":"https:\/\/shopatoa.com\/ro\/annemarie-borlind-ulei-bifazic-pentru-barba-barbatilor-men-system-energy-boost-2-phase-beard-oil-30-ml\/#primaryimage"},"image":{"@id":"https:\/\/shopatoa.com\/ro\/annemarie-borlind-ulei-bifazic-pentru-barba-barbatilor-men-system-energy-boost-2-phase-beard-oil-30-ml\/#primaryimage"},"thumbnailUrl":"https:\/\/storage.googleapis.com\/cz-shopatoa-img\/ro\/dc0cb552-unnamed-file.webp","datePublished":"2025-05-01T05:16:43+00:00","dateModified":"2025-12-11T11:03:30+00:00","breadcrumb":{"@id":"https:\/\/shopatoa.com\/ro\/annemarie-borlind-ulei-bifazic-pentru-barba-barbatilor-men-system-energy-boost-2-phase-beard-oil-30-ml\/#breadcrumb"},"inLanguage":"ro-RO","potentialAction":[{"@type":"ReadAction","target":["https:\/\/shopatoa.com\/ro\/annemarie-borlind-ulei-bifazic-pentru-barba-barbatilor-men-system-energy-boost-2-phase-beard-oil-30-ml\/"]}]},{"@type":"ImageObject","inLanguage":"ro-RO","@id":"https:\/\/shopatoa.com\/ro\/annemarie-borlind-ulei-bifazic-pentru-barba-barbatilor-men-system-energy-boost-2-phase-beard-oil-30-ml\/#primaryimage","url":"https:\/\/storage.googleapis.com\/cz-shopatoa-img\/ro\/dc0cb552-unnamed-file.webp","contentUrl":"https:\/\/storage.googleapis.com\/cz-shopatoa-img\/ro\/dc0cb552-unnamed-file.webp","width":800,"height":800},{"@type":"BreadcrumbList","@id":"https:\/\/shopatoa.com\/ro\/annemarie-borlind-ulei-bifazic-pentru-barba-barbatilor-men-system-energy-boost-2-phase-beard-oil-30-ml\/#breadcrumb","itemListElement":[{"@type":"ListItem","position":1,"name":"Dom\u016f","item":"https:\/\/shopatoa.com\/ro\/"},{"@type":"ListItem","position":2,"name":"Shop","item":"https:\/\/shopatoa.com\/ro\/shop\/"},{"@type":"ListItem","position":3,"name":"Cosmetice","item":"https:\/\/shopatoa.com\/ro\/cosmetice\/"},{"@type":"ListItem","position":4,"name":"Barber Shop","item":"https:\/\/shopatoa.com\/ro\/barber-shop\/"},{"@type":"ListItem","position":5,"name":"Barber Shop \u2013 ingrijirea barbilor","item":"https:\/\/shopatoa.com\/ro\/barber-shop-ingrijirea-barbilor\/"},{"@type":"ListItem","position":6,"name":"ANNEMARIE BORLIND Ulei bifazic pentru barba b\u0103rba\u021bilor MEN System Energy Boost (2-Phase Beard Oil) 30 ml"}]},{"@type":"WebSite","@id":"https:\/\/shopatoa.com\/ro\/#website","url":"https:\/\/shopatoa.com\/ro\/","name":"SHOPATOA","description":"","publisher":{"@id":"https:\/\/shopatoa.com\/ro\/#organization"},"potentialAction":[{"@type":"SearchAction","target":{"@type":"EntryPoint","urlTemplate":"https:\/\/shopatoa.com\/ro\/?s={search_term_string}"},"query-input":{"@type":"PropertyValueSpecification","valueRequired":true,"valueName":"search_term_string"}}],"inLanguage":"ro-RO"},{"@type":"Organization","@id":"https:\/\/shopatoa.com\/ro\/#organization","name":"SHOPATOA","url":"https:\/\/shopatoa.com\/ro\/","logo":{"@type":"ImageObject","inLanguage":"ro-RO","@id":"https:\/\/shopatoa.com\/ro\/#\/schema\/logo\/image\/","url":"https:\/\/storage.googleapis.com\/cz-shopatoa-img\/ro\/b4dac915-shopatoa_logo.png","contentUrl":"https:\/\/storage.googleapis.com\/cz-shopatoa-img\/ro\/b4dac915-shopatoa_logo.png","width":416,"height":63,"caption":"SHOPATOA"},"image":{"@id":"https:\/\/shopatoa.com\/ro\/#\/schema\/logo\/image\/"}}]}},"_links":{"self":[{"href":"https:\/\/shopatoa.com\/ro\/wp-json\/wp\/v2\/product\/286870","targetHints":{"allow":["GET"]}}],"collection":[{"href":"https:\/\/shopatoa.com\/ro\/wp-json\/wp\/v2\/product"}],"about":[{"href":"https:\/\/shopatoa.com\/ro\/wp-json\/wp\/v2\/types\/product"}],"replies":[{"embeddable":true,"href":"https:\/\/shopatoa.com\/ro\/wp-json\/wp\/v2\/comments?post=286870"}],"wp:featuredmedia":[{"embeddable":true,"href":"https:\/\/shopatoa.com\/ro\/wp-json\/wp\/v2\/media\/286871"}],"wp:attachment":[{"href":"https:\/\/shopatoa.com\/ro\/wp-json\/wp\/v2\/media?parent=286870"}],"wp:term":[{"taxonomy":"product_brand","embeddable":true,"href":"https:\/\/shopatoa.com\/ro\/wp-json\/wp\/v2\/product_brand?post=286870"},{"taxonomy":"product_cat","embeddable":true,"href":"https:\/\/shopatoa.com\/ro\/wp-json\/wp\/v2\/product_cat?post=286870"},{"taxonomy":"product_tag","embeddable":true,"href":"https:\/\/shopatoa.com\/ro\/wp-json\/wp\/v2\/product_tag?post=286870"}],"curies":[{"name":"wp","href":"https:\/\/api.w.org\/{rel}","templated":true}]}}