{"id":286878,"date":"2025-05-01T07:20:08","date_gmt":"2025-05-01T05:20:08","guid":{"rendered":"https:\/\/shopatoa.com\/ro\/annemarie-borlind-ser-regenerator-perlat-anti-pollution-regeneration-serum-30-ml\/"},"modified":"2025-12-11T12:03:22","modified_gmt":"2025-12-11T11:03:22","slug":"annemarie-borlind-ser-regenerator-perlat-anti-pollution-regeneration-serum-30-ml","status":"publish","type":"product","link":"https:\/\/shopatoa.com\/ro\/annemarie-borlind-ser-regenerator-perlat-anti-pollution-regeneration-serum-30-ml\/","title":{"rendered":"ANNEMARIE BORLIND Ser regenerator perlat (Anti-pollution &amp; Regeneration Serum) 30 ml"},"content":{"rendered":"<p>Serul natural de perle regenerant excep\u021bional de eficient din produse cosmetice naturale certificate ANNEMARIE B\u00d6RLIND este o \u00eengrijire complementar\u0103 pentru pielea solicitant\u0103 care necesit\u0103 regenerare, care tinde s\u0103 formeze riduri \u0219i s\u0103-\u0219i piard\u0103 elasticitatea. Con\u021bine un complex inovator de substan\u021be active din plante care protejeaz\u0103 pielea de \u00eemb\u0103tr\u00e2nirea prematur\u0103 cauzat\u0103 de poluarea mediului, cum ar fi carbonul, particulele fine de praf, radicalii liberi etc. Principalul ingredient activ este caviarul botanic, care este cunoscut pentru beneficiile sale pentru s\u0103n\u0103tatea uman\u0103. Con\u021bine o cantitate mare de minerale, vitamina A, C \u0219i diver\u0219i acizi gra\u0219i nesatura\u021bi. \u00centinere\u0219te \u0219i repar\u0103 structura pielii. Combina\u021bia de polizaharide biotehnologice \u0219i caviar botanic din acest produs cosmetic creeaz\u0103 un scut protector natural asupra pielii, blocheaz\u0103 p\u0103trunderea radicalilor liberi \u0219i astfel lupt\u0103 \u00eempotriva \u00eemb\u0103tr\u00e2nirii premature a pielii. Caviarul botanic si algele verzi, care reduc vizibil ridurile, redau elasticitatea pielii si catifeleaz\u0103 liniile si ridurile. Protejeaz\u0103 pielea de \u00eemb\u0103tr\u00e2nirea prematur\u0103 restabile\u0219te elasticitatea pielii, \u00eenmoaie liniile \u0219i ridurile<\/p>\n","protected":false},"excerpt":{"rendered":"<p>Serul natural de perle regenerant excep\u021bional de eficient din produse cosmetice naturale certificate ANNEMARIE B\u00d6RLIND este o \u00eengrijire complementar\u0103 pentru pielea solicitant\u0103 care necesit\u0103 regenerare, care tinde s\u0103 formeze riduri \u0219i s\u0103-\u0219i piard\u0103 elasticitatea. Con\u021bine un complex inovator de substan\u021be active din plante care protejeaz\u0103 pielea de \u00eemb\u0103tr\u00e2nirea prematur\u0103 cauzat\u0103 de poluarea mediului, cum ar&#8230;<\/p>\n","protected":false},"featured_media":286880,"comment_status":"closed","ping_status":"open","template":"","meta":{"_acf_changed":false,"_kadence_starter_templates_imported_post":false,"_kad_post_transparent":"","_kad_post_title":"","_kad_post_layout":"","_kad_post_sidebar_id":"","_kad_post_content_style":"","_kad_post_vertical_padding":"","_kad_post_feature":"","_kad_post_feature_position":"","_kad_post_header":false,"_kad_post_footer":false,"_kad_post_classname":""},"product_brand":[112],"product_cat":[246,634,633,665],"product_tag":[],"class_list":{"0":"post-286878","1":"product","2":"type-product","3":"status-publish","4":"has-post-thumbnail","6":"product_brand-annemarie-borlind","7":"product_cat-cosmetice","8":"product_cat-produse-cosmetice-de-ingrijire-a-pielii","9":"product_cat-produse-cosmetice-pentru-piele","10":"product_cat-produse-cosmetice-pentru-riduri-si-anti-imbatranire","12":"first","13":"instock","14":"sale","15":"product-type-external","16":"entry","17":"content-bg","18":"loop-entry"},"acf":[],"yoast_head":"<!-- This site is optimized with the Yoast SEO plugin v27.3 - https:\/\/yoast.com\/product\/yoast-seo-wordpress\/ -->\n<title>ANNEMARIE BORLIND Ser regenerator perlat (Anti-pollution &amp; Regeneration Serum) 30 ml - SHOPATOA.COM<\/title>\n<meta name=\"robots\" content=\"index, follow, max-snippet:-1, max-image-preview:large, max-video-preview:-1\" \/>\n<link rel=\"canonical\" href=\"https:\/\/shopatoa.com\/ro\/annemarie-borlind-ser-regenerator-perlat-anti-pollution-regeneration-serum-30-ml\/\" \/>\n<meta property=\"og:locale\" content=\"ro_RO\" \/>\n<meta property=\"og:type\" content=\"article\" \/>\n<meta property=\"og:title\" content=\"ANNEMARIE BORLIND Ser regenerator perlat (Anti-pollution &amp; Regeneration Serum) 30 ml - SHOPATOA.COM\" \/>\n<meta property=\"og:description\" content=\"Serul natural de perle regenerant excep\u021bional de eficient din produse cosmetice naturale certificate ANNEMARIE B\u00d6RLIND este o \u00eengrijire complementar\u0103 pentru pielea solicitant\u0103 care necesit\u0103 regenerare, care tinde s\u0103 formeze riduri \u0219i s\u0103-\u0219i piard\u0103 elasticitatea. Con\u021bine un complex inovator de substan\u021be active din plante care protejeaz\u0103 pielea de \u00eemb\u0103tr\u00e2nirea prematur\u0103 cauzat\u0103 de poluarea mediului, cum ar...\" \/>\n<meta property=\"og:url\" content=\"https:\/\/shopatoa.com\/ro\/annemarie-borlind-ser-regenerator-perlat-anti-pollution-regeneration-serum-30-ml\/\" \/>\n<meta property=\"og:site_name\" content=\"SHOPATOA\" \/>\n<meta property=\"article:modified_time\" content=\"2025-12-11T11:03:22+00:00\" \/>\n<meta property=\"og:image\" content=\"https:\/\/storage.googleapis.com\/cz-shopatoa-img\/ro\/e4de3eb1-unnamed-file.webp\" \/>\n\t<meta property=\"og:image:width\" content=\"800\" \/>\n\t<meta property=\"og:image:height\" content=\"800\" \/>\n\t<meta property=\"og:image:type\" content=\"image\/webp\" \/>\n<meta name=\"twitter:card\" content=\"summary_large_image\" \/>\n<meta name=\"twitter:label1\" content=\"Timp estimat pentru citire\" \/>\n\t<meta name=\"twitter:data1\" content=\"1 minut\" \/>\n<script type=\"application\/ld+json\" class=\"yoast-schema-graph\">{\"@context\":\"https:\\\/\\\/schema.org\",\"@graph\":[{\"@type\":\"WebPage\",\"@id\":\"https:\\\/\\\/shopatoa.com\\\/ro\\\/annemarie-borlind-ser-regenerator-perlat-anti-pollution-regeneration-serum-30-ml\\\/\",\"url\":\"https:\\\/\\\/shopatoa.com\\\/ro\\\/annemarie-borlind-ser-regenerator-perlat-anti-pollution-regeneration-serum-30-ml\\\/\",\"name\":\"ANNEMARIE BORLIND Ser regenerator perlat (Anti-pollution & Regeneration Serum) 30 ml - SHOPATOA.COM\",\"isPartOf\":{\"@id\":\"https:\\\/\\\/shopatoa.com\\\/ro\\\/#website\"},\"primaryImageOfPage\":{\"@id\":\"https:\\\/\\\/shopatoa.com\\\/ro\\\/annemarie-borlind-ser-regenerator-perlat-anti-pollution-regeneration-serum-30-ml\\\/#primaryimage\"},\"image\":{\"@id\":\"https:\\\/\\\/shopatoa.com\\\/ro\\\/annemarie-borlind-ser-regenerator-perlat-anti-pollution-regeneration-serum-30-ml\\\/#primaryimage\"},\"thumbnailUrl\":\"https:\\\/\\\/storage.googleapis.com\\\/cz-shopatoa-img\\\/ro\\\/e4de3eb1-unnamed-file.webp\",\"datePublished\":\"2025-05-01T05:20:08+00:00\",\"dateModified\":\"2025-12-11T11:03:22+00:00\",\"breadcrumb\":{\"@id\":\"https:\\\/\\\/shopatoa.com\\\/ro\\\/annemarie-borlind-ser-regenerator-perlat-anti-pollution-regeneration-serum-30-ml\\\/#breadcrumb\"},\"inLanguage\":\"ro-RO\",\"potentialAction\":[{\"@type\":\"ReadAction\",\"target\":[\"https:\\\/\\\/shopatoa.com\\\/ro\\\/annemarie-borlind-ser-regenerator-perlat-anti-pollution-regeneration-serum-30-ml\\\/\"]}]},{\"@type\":\"ImageObject\",\"inLanguage\":\"ro-RO\",\"@id\":\"https:\\\/\\\/shopatoa.com\\\/ro\\\/annemarie-borlind-ser-regenerator-perlat-anti-pollution-regeneration-serum-30-ml\\\/#primaryimage\",\"url\":\"https:\\\/\\\/storage.googleapis.com\\\/cz-shopatoa-img\\\/ro\\\/e4de3eb1-unnamed-file.webp\",\"contentUrl\":\"https:\\\/\\\/storage.googleapis.com\\\/cz-shopatoa-img\\\/ro\\\/e4de3eb1-unnamed-file.webp\",\"width\":800,\"height\":800},{\"@type\":\"BreadcrumbList\",\"@id\":\"https:\\\/\\\/shopatoa.com\\\/ro\\\/annemarie-borlind-ser-regenerator-perlat-anti-pollution-regeneration-serum-30-ml\\\/#breadcrumb\",\"itemListElement\":[{\"@type\":\"ListItem\",\"position\":1,\"name\":\"Dom\u016f\",\"item\":\"https:\\\/\\\/shopatoa.com\\\/ro\\\/\"},{\"@type\":\"ListItem\",\"position\":2,\"name\":\"Shop\",\"item\":\"https:\\\/\\\/shopatoa.com\\\/ro\\\/shop\\\/\"},{\"@type\":\"ListItem\",\"position\":3,\"name\":\"Cosmetice\",\"item\":\"https:\\\/\\\/shopatoa.com\\\/ro\\\/cosmetice\\\/\"},{\"@type\":\"ListItem\",\"position\":4,\"name\":\"Produse cosmetice pentru piele\",\"item\":\"https:\\\/\\\/shopatoa.com\\\/ro\\\/produse-cosmetice-pentru-piele\\\/\"},{\"@type\":\"ListItem\",\"position\":5,\"name\":\"Produse cosmetice de \u00eengrijire a pielii\",\"item\":\"https:\\\/\\\/shopatoa.com\\\/ro\\\/produse-cosmetice-de-ingrijire-a-pielii\\\/\"},{\"@type\":\"ListItem\",\"position\":6,\"name\":\"Produse cosmetice pentru riduri \u0219i anti-\u00eemb\u0103tr\u00e2nire\",\"item\":\"https:\\\/\\\/shopatoa.com\\\/ro\\\/produse-cosmetice-pentru-riduri-si-anti-imbatranire\\\/\"},{\"@type\":\"ListItem\",\"position\":7,\"name\":\"ANNEMARIE BORLIND Ser regenerator perlat (Anti-pollution &amp; Regeneration Serum) 30 ml\"}]},{\"@type\":\"WebSite\",\"@id\":\"https:\\\/\\\/shopatoa.com\\\/ro\\\/#website\",\"url\":\"https:\\\/\\\/shopatoa.com\\\/ro\\\/\",\"name\":\"SHOPATOA\",\"description\":\"\",\"publisher\":{\"@id\":\"https:\\\/\\\/shopatoa.com\\\/ro\\\/#organization\"},\"potentialAction\":[{\"@type\":\"SearchAction\",\"target\":{\"@type\":\"EntryPoint\",\"urlTemplate\":\"https:\\\/\\\/shopatoa.com\\\/ro\\\/?s={search_term_string}\"},\"query-input\":{\"@type\":\"PropertyValueSpecification\",\"valueRequired\":true,\"valueName\":\"search_term_string\"}}],\"inLanguage\":\"ro-RO\"},{\"@type\":\"Organization\",\"@id\":\"https:\\\/\\\/shopatoa.com\\\/ro\\\/#organization\",\"name\":\"SHOPATOA\",\"url\":\"https:\\\/\\\/shopatoa.com\\\/ro\\\/\",\"logo\":{\"@type\":\"ImageObject\",\"inLanguage\":\"ro-RO\",\"@id\":\"https:\\\/\\\/shopatoa.com\\\/ro\\\/#\\\/schema\\\/logo\\\/image\\\/\",\"url\":\"https:\\\/\\\/storage.googleapis.com\\\/cz-shopatoa-img\\\/ro\\\/b4dac915-shopatoa_logo.png\",\"contentUrl\":\"https:\\\/\\\/storage.googleapis.com\\\/cz-shopatoa-img\\\/ro\\\/b4dac915-shopatoa_logo.png\",\"width\":416,\"height\":63,\"caption\":\"SHOPATOA\"},\"image\":{\"@id\":\"https:\\\/\\\/shopatoa.com\\\/ro\\\/#\\\/schema\\\/logo\\\/image\\\/\"}}]}<\/script>\n<!-- \/ Yoast SEO plugin. -->","yoast_head_json":{"title":"ANNEMARIE BORLIND Ser regenerator perlat (Anti-pollution & Regeneration Serum) 30 ml - SHOPATOA.COM","robots":{"index":"index","follow":"follow","max-snippet":"max-snippet:-1","max-image-preview":"max-image-preview:large","max-video-preview":"max-video-preview:-1"},"canonical":"https:\/\/shopatoa.com\/ro\/annemarie-borlind-ser-regenerator-perlat-anti-pollution-regeneration-serum-30-ml\/","og_locale":"ro_RO","og_type":"article","og_title":"ANNEMARIE BORLIND Ser regenerator perlat (Anti-pollution & Regeneration Serum) 30 ml - SHOPATOA.COM","og_description":"Serul natural de perle regenerant excep\u021bional de eficient din produse cosmetice naturale certificate ANNEMARIE B\u00d6RLIND este o \u00eengrijire complementar\u0103 pentru pielea solicitant\u0103 care necesit\u0103 regenerare, care tinde s\u0103 formeze riduri \u0219i s\u0103-\u0219i piard\u0103 elasticitatea. Con\u021bine un complex inovator de substan\u021be active din plante care protejeaz\u0103 pielea de \u00eemb\u0103tr\u00e2nirea prematur\u0103 cauzat\u0103 de poluarea mediului, cum ar...","og_url":"https:\/\/shopatoa.com\/ro\/annemarie-borlind-ser-regenerator-perlat-anti-pollution-regeneration-serum-30-ml\/","og_site_name":"SHOPATOA","article_modified_time":"2025-12-11T11:03:22+00:00","og_image":[{"width":800,"height":800,"url":"https:\/\/storage.googleapis.com\/cz-shopatoa-img\/ro\/e4de3eb1-unnamed-file.webp","type":"image\/webp"}],"twitter_card":"summary_large_image","twitter_misc":{"Timp estimat pentru citire":"1 minut"},"schema":{"@context":"https:\/\/schema.org","@graph":[{"@type":"WebPage","@id":"https:\/\/shopatoa.com\/ro\/annemarie-borlind-ser-regenerator-perlat-anti-pollution-regeneration-serum-30-ml\/","url":"https:\/\/shopatoa.com\/ro\/annemarie-borlind-ser-regenerator-perlat-anti-pollution-regeneration-serum-30-ml\/","name":"ANNEMARIE BORLIND Ser regenerator perlat (Anti-pollution & Regeneration Serum) 30 ml - SHOPATOA.COM","isPartOf":{"@id":"https:\/\/shopatoa.com\/ro\/#website"},"primaryImageOfPage":{"@id":"https:\/\/shopatoa.com\/ro\/annemarie-borlind-ser-regenerator-perlat-anti-pollution-regeneration-serum-30-ml\/#primaryimage"},"image":{"@id":"https:\/\/shopatoa.com\/ro\/annemarie-borlind-ser-regenerator-perlat-anti-pollution-regeneration-serum-30-ml\/#primaryimage"},"thumbnailUrl":"https:\/\/storage.googleapis.com\/cz-shopatoa-img\/ro\/e4de3eb1-unnamed-file.webp","datePublished":"2025-05-01T05:20:08+00:00","dateModified":"2025-12-11T11:03:22+00:00","breadcrumb":{"@id":"https:\/\/shopatoa.com\/ro\/annemarie-borlind-ser-regenerator-perlat-anti-pollution-regeneration-serum-30-ml\/#breadcrumb"},"inLanguage":"ro-RO","potentialAction":[{"@type":"ReadAction","target":["https:\/\/shopatoa.com\/ro\/annemarie-borlind-ser-regenerator-perlat-anti-pollution-regeneration-serum-30-ml\/"]}]},{"@type":"ImageObject","inLanguage":"ro-RO","@id":"https:\/\/shopatoa.com\/ro\/annemarie-borlind-ser-regenerator-perlat-anti-pollution-regeneration-serum-30-ml\/#primaryimage","url":"https:\/\/storage.googleapis.com\/cz-shopatoa-img\/ro\/e4de3eb1-unnamed-file.webp","contentUrl":"https:\/\/storage.googleapis.com\/cz-shopatoa-img\/ro\/e4de3eb1-unnamed-file.webp","width":800,"height":800},{"@type":"BreadcrumbList","@id":"https:\/\/shopatoa.com\/ro\/annemarie-borlind-ser-regenerator-perlat-anti-pollution-regeneration-serum-30-ml\/#breadcrumb","itemListElement":[{"@type":"ListItem","position":1,"name":"Dom\u016f","item":"https:\/\/shopatoa.com\/ro\/"},{"@type":"ListItem","position":2,"name":"Shop","item":"https:\/\/shopatoa.com\/ro\/shop\/"},{"@type":"ListItem","position":3,"name":"Cosmetice","item":"https:\/\/shopatoa.com\/ro\/cosmetice\/"},{"@type":"ListItem","position":4,"name":"Produse cosmetice pentru piele","item":"https:\/\/shopatoa.com\/ro\/produse-cosmetice-pentru-piele\/"},{"@type":"ListItem","position":5,"name":"Produse cosmetice de \u00eengrijire a pielii","item":"https:\/\/shopatoa.com\/ro\/produse-cosmetice-de-ingrijire-a-pielii\/"},{"@type":"ListItem","position":6,"name":"Produse cosmetice pentru riduri \u0219i anti-\u00eemb\u0103tr\u00e2nire","item":"https:\/\/shopatoa.com\/ro\/produse-cosmetice-pentru-riduri-si-anti-imbatranire\/"},{"@type":"ListItem","position":7,"name":"ANNEMARIE BORLIND Ser regenerator perlat (Anti-pollution &amp; Regeneration Serum) 30 ml"}]},{"@type":"WebSite","@id":"https:\/\/shopatoa.com\/ro\/#website","url":"https:\/\/shopatoa.com\/ro\/","name":"SHOPATOA","description":"","publisher":{"@id":"https:\/\/shopatoa.com\/ro\/#organization"},"potentialAction":[{"@type":"SearchAction","target":{"@type":"EntryPoint","urlTemplate":"https:\/\/shopatoa.com\/ro\/?s={search_term_string}"},"query-input":{"@type":"PropertyValueSpecification","valueRequired":true,"valueName":"search_term_string"}}],"inLanguage":"ro-RO"},{"@type":"Organization","@id":"https:\/\/shopatoa.com\/ro\/#organization","name":"SHOPATOA","url":"https:\/\/shopatoa.com\/ro\/","logo":{"@type":"ImageObject","inLanguage":"ro-RO","@id":"https:\/\/shopatoa.com\/ro\/#\/schema\/logo\/image\/","url":"https:\/\/storage.googleapis.com\/cz-shopatoa-img\/ro\/b4dac915-shopatoa_logo.png","contentUrl":"https:\/\/storage.googleapis.com\/cz-shopatoa-img\/ro\/b4dac915-shopatoa_logo.png","width":416,"height":63,"caption":"SHOPATOA"},"image":{"@id":"https:\/\/shopatoa.com\/ro\/#\/schema\/logo\/image\/"}}]}},"_links":{"self":[{"href":"https:\/\/shopatoa.com\/ro\/wp-json\/wp\/v2\/product\/286878","targetHints":{"allow":["GET"]}}],"collection":[{"href":"https:\/\/shopatoa.com\/ro\/wp-json\/wp\/v2\/product"}],"about":[{"href":"https:\/\/shopatoa.com\/ro\/wp-json\/wp\/v2\/types\/product"}],"replies":[{"embeddable":true,"href":"https:\/\/shopatoa.com\/ro\/wp-json\/wp\/v2\/comments?post=286878"}],"wp:featuredmedia":[{"embeddable":true,"href":"https:\/\/shopatoa.com\/ro\/wp-json\/wp\/v2\/media\/286880"}],"wp:attachment":[{"href":"https:\/\/shopatoa.com\/ro\/wp-json\/wp\/v2\/media?parent=286878"}],"wp:term":[{"taxonomy":"product_brand","embeddable":true,"href":"https:\/\/shopatoa.com\/ro\/wp-json\/wp\/v2\/product_brand?post=286878"},{"taxonomy":"product_cat","embeddable":true,"href":"https:\/\/shopatoa.com\/ro\/wp-json\/wp\/v2\/product_cat?post=286878"},{"taxonomy":"product_tag","embeddable":true,"href":"https:\/\/shopatoa.com\/ro\/wp-json\/wp\/v2\/product_tag?post=286878"}],"curies":[{"name":"wp","href":"https:\/\/api.w.org\/{rel}","templated":true}]}}