{"id":286938,"date":"2025-05-01T07:25:38","date_gmt":"2025-05-01T05:25:38","guid":{"rendered":"https:\/\/shopatoa.com\/ro\/omron-tensiometru-omron-m4-intelli-it-adaptor\/"},"modified":"2025-12-11T11:55:15","modified_gmt":"2025-12-11T10:55:15","slug":"omron-tensiometru-omron-m4-intelli-it-adaptor","status":"publish","type":"product","link":"https:\/\/shopatoa.com\/ro\/omron-tensiometru-omron-m4-intelli-it-adaptor\/","title":{"rendered":"Omron Tensiometru OMRON M4 INTELLI IT+ adaptor"},"content":{"rendered":"<p>OMRON M4 Intelli IT este un model \u00eembun\u0103t\u0103\u021bit cu un nou design intuitiv care simplific\u0103 monitorizarea tensiunii arteriale \u00een timp \u0219i transmite toate rezultatele m\u0103surate c\u0103tre aplica\u021bia OMRON connect de pe smartphone. Acesta este un tensiometru pentru bra\u021b cu un afi\u0219aj mare, clar \u0219i lizibil, o extensie universal\u0103 a man\u0219etei Intelli (elimin\u0103 erorile atunci c\u00e2nd este pozi\u021bionat\u0103 incorect), conectivitate Bluetooth pentru dispozitive Android sau iOS \u0219i o serie de caracteristici suplimentare (indicator de presiune ridicat\u0103, verificare a str\u00e2ngerii man\u0219etei, indicator de mi\u0219care \u00een timpul m\u0103sur\u0103rii, detectarea aritmiei, memorie divizat\u0103 pentru 2 utilizatori + mod de oaspe\u021bi). Acum \u00eentr-un pachet avantajos cu un adaptor Omron original.<\/p>\n","protected":false},"excerpt":{"rendered":"<p>OMRON M4 Intelli IT este un model \u00eembun\u0103t\u0103\u021bit cu un nou design intuitiv care simplific\u0103 monitorizarea tensiunii arteriale \u00een timp \u0219i transmite toate rezultatele m\u0103surate c\u0103tre aplica\u021bia OMRON connect de pe smartphone. Acesta este un tensiometru pentru bra\u021b cu un afi\u0219aj mare, clar \u0219i lizibil, o extensie universal\u0103 a man\u0219etei Intelli (elimin\u0103 erorile atunci c\u00e2nd&#8230;<\/p>\n","protected":false},"featured_media":286940,"comment_status":"closed","ping_status":"open","template":"","meta":{"_acf_changed":false,"_kadence_starter_templates_imported_post":false,"_kad_post_transparent":"","_kad_post_title":"","_kad_post_layout":"","_kad_post_sidebar_id":"","_kad_post_content_style":"","_kad_post_vertical_padding":"","_kad_post_feature":"","_kad_post_feature_position":"","_kad_post_header":false,"_kad_post_footer":false,"_kad_post_classname":""},"product_brand":[392],"product_cat":[733,734,353],"product_tag":[],"class_list":{"0":"post-286938","1":"product","2":"type-product","3":"status-publish","4":"has-post-thumbnail","6":"product_brand-omron","7":"product_cat-aparate-si-ajutoare-de-sanatate","8":"product_cat-manometre-de-tensiune-arteriala","9":"product_cat-sanatate","11":"first","12":"instock","13":"product-type-external","14":"entry","15":"content-bg","16":"loop-entry"},"acf":[],"yoast_head":"<!-- This site is optimized with the Yoast SEO plugin v27.4 - https:\/\/yoast.com\/product\/yoast-seo-wordpress\/ -->\n<title>Omron Tensiometru OMRON M4 INTELLI IT+ adaptor - SHOPATOA.COM<\/title>\n<meta name=\"robots\" content=\"index, follow, max-snippet:-1, max-image-preview:large, max-video-preview:-1\" \/>\n<link rel=\"canonical\" href=\"https:\/\/shopatoa.com\/ro\/omron-tensiometru-omron-m4-intelli-it-adaptor\/\" \/>\n<meta property=\"og:locale\" content=\"ro_RO\" \/>\n<meta property=\"og:type\" content=\"article\" \/>\n<meta property=\"og:title\" content=\"Omron Tensiometru OMRON M4 INTELLI IT+ adaptor - SHOPATOA.COM\" \/>\n<meta property=\"og:description\" content=\"OMRON M4 Intelli IT este un model \u00eembun\u0103t\u0103\u021bit cu un nou design intuitiv care simplific\u0103 monitorizarea tensiunii arteriale \u00een timp \u0219i transmite toate rezultatele m\u0103surate c\u0103tre aplica\u021bia OMRON connect de pe smartphone. Acesta este un tensiometru pentru bra\u021b cu un afi\u0219aj mare, clar \u0219i lizibil, o extensie universal\u0103 a man\u0219etei Intelli (elimin\u0103 erorile atunci c\u00e2nd...\" \/>\n<meta property=\"og:url\" content=\"https:\/\/shopatoa.com\/ro\/omron-tensiometru-omron-m4-intelli-it-adaptor\/\" \/>\n<meta property=\"og:site_name\" content=\"SHOPATOA\" \/>\n<meta property=\"article:modified_time\" content=\"2025-12-11T10:55:15+00:00\" \/>\n<meta property=\"og:image\" content=\"https:\/\/storage.googleapis.com\/cz-shopatoa-img\/ro\/9e14abe6-unnamed-file.webp\" \/>\n\t<meta property=\"og:image:width\" content=\"800\" \/>\n\t<meta property=\"og:image:height\" content=\"800\" \/>\n\t<meta property=\"og:image:type\" content=\"image\/webp\" \/>\n<meta name=\"twitter:card\" content=\"summary_large_image\" \/>\n<meta name=\"twitter:label1\" content=\"Timp estimat pentru citire\" \/>\n\t<meta name=\"twitter:data1\" content=\"1 minut\" \/>\n<script type=\"application\/ld+json\" class=\"yoast-schema-graph\">{\"@context\":\"https:\\\/\\\/schema.org\",\"@graph\":[{\"@type\":\"WebPage\",\"@id\":\"https:\\\/\\\/shopatoa.com\\\/ro\\\/omron-tensiometru-omron-m4-intelli-it-adaptor\\\/\",\"url\":\"https:\\\/\\\/shopatoa.com\\\/ro\\\/omron-tensiometru-omron-m4-intelli-it-adaptor\\\/\",\"name\":\"Omron Tensiometru OMRON M4 INTELLI IT+ adaptor - SHOPATOA.COM\",\"isPartOf\":{\"@id\":\"https:\\\/\\\/shopatoa.com\\\/ro\\\/#website\"},\"primaryImageOfPage\":{\"@id\":\"https:\\\/\\\/shopatoa.com\\\/ro\\\/omron-tensiometru-omron-m4-intelli-it-adaptor\\\/#primaryimage\"},\"image\":{\"@id\":\"https:\\\/\\\/shopatoa.com\\\/ro\\\/omron-tensiometru-omron-m4-intelli-it-adaptor\\\/#primaryimage\"},\"thumbnailUrl\":\"https:\\\/\\\/storage.googleapis.com\\\/cz-shopatoa-img\\\/ro\\\/9e14abe6-unnamed-file.webp\",\"datePublished\":\"2025-05-01T05:25:38+00:00\",\"dateModified\":\"2025-12-11T10:55:15+00:00\",\"breadcrumb\":{\"@id\":\"https:\\\/\\\/shopatoa.com\\\/ro\\\/omron-tensiometru-omron-m4-intelli-it-adaptor\\\/#breadcrumb\"},\"inLanguage\":\"ro-RO\",\"potentialAction\":[{\"@type\":\"ReadAction\",\"target\":[\"https:\\\/\\\/shopatoa.com\\\/ro\\\/omron-tensiometru-omron-m4-intelli-it-adaptor\\\/\"]}]},{\"@type\":\"ImageObject\",\"inLanguage\":\"ro-RO\",\"@id\":\"https:\\\/\\\/shopatoa.com\\\/ro\\\/omron-tensiometru-omron-m4-intelli-it-adaptor\\\/#primaryimage\",\"url\":\"https:\\\/\\\/storage.googleapis.com\\\/cz-shopatoa-img\\\/ro\\\/9e14abe6-unnamed-file.webp\",\"contentUrl\":\"https:\\\/\\\/storage.googleapis.com\\\/cz-shopatoa-img\\\/ro\\\/9e14abe6-unnamed-file.webp\",\"width\":800,\"height\":800},{\"@type\":\"BreadcrumbList\",\"@id\":\"https:\\\/\\\/shopatoa.com\\\/ro\\\/omron-tensiometru-omron-m4-intelli-it-adaptor\\\/#breadcrumb\",\"itemListElement\":[{\"@type\":\"ListItem\",\"position\":1,\"name\":\"Dom\u016f\",\"item\":\"https:\\\/\\\/shopatoa.com\\\/ro\\\/\"},{\"@type\":\"ListItem\",\"position\":2,\"name\":\"Shop\",\"item\":\"https:\\\/\\\/shopatoa.com\\\/ro\\\/shop\\\/\"},{\"@type\":\"ListItem\",\"position\":3,\"name\":\"S\u0103n\u0103tate\",\"item\":\"https:\\\/\\\/shopatoa.com\\\/ro\\\/sanatate\\\/\"},{\"@type\":\"ListItem\",\"position\":4,\"name\":\"Aparate \u0219i ajutoare de s\u0103n\u0103tate\",\"item\":\"https:\\\/\\\/shopatoa.com\\\/ro\\\/aparate-si-ajutoare-de-sanatate\\\/\"},{\"@type\":\"ListItem\",\"position\":5,\"name\":\"Manometre de tensiune arterial\u0103\",\"item\":\"https:\\\/\\\/shopatoa.com\\\/ro\\\/manometre-de-tensiune-arteriala\\\/\"},{\"@type\":\"ListItem\",\"position\":6,\"name\":\"Omron Tensiometru OMRON M4 INTELLI IT+ adaptor\"}]},{\"@type\":\"WebSite\",\"@id\":\"https:\\\/\\\/shopatoa.com\\\/ro\\\/#website\",\"url\":\"https:\\\/\\\/shopatoa.com\\\/ro\\\/\",\"name\":\"SHOPATOA\",\"description\":\"\",\"publisher\":{\"@id\":\"https:\\\/\\\/shopatoa.com\\\/ro\\\/#organization\"},\"potentialAction\":[{\"@type\":\"SearchAction\",\"target\":{\"@type\":\"EntryPoint\",\"urlTemplate\":\"https:\\\/\\\/shopatoa.com\\\/ro\\\/?s={search_term_string}\"},\"query-input\":{\"@type\":\"PropertyValueSpecification\",\"valueRequired\":true,\"valueName\":\"search_term_string\"}}],\"inLanguage\":\"ro-RO\"},{\"@type\":\"Organization\",\"@id\":\"https:\\\/\\\/shopatoa.com\\\/ro\\\/#organization\",\"name\":\"SHOPATOA\",\"url\":\"https:\\\/\\\/shopatoa.com\\\/ro\\\/\",\"logo\":{\"@type\":\"ImageObject\",\"inLanguage\":\"ro-RO\",\"@id\":\"https:\\\/\\\/shopatoa.com\\\/ro\\\/#\\\/schema\\\/logo\\\/image\\\/\",\"url\":\"https:\\\/\\\/storage.googleapis.com\\\/cz-shopatoa-img\\\/ro\\\/b4dac915-shopatoa_logo.png\",\"contentUrl\":\"https:\\\/\\\/storage.googleapis.com\\\/cz-shopatoa-img\\\/ro\\\/b4dac915-shopatoa_logo.png\",\"width\":416,\"height\":63,\"caption\":\"SHOPATOA\"},\"image\":{\"@id\":\"https:\\\/\\\/shopatoa.com\\\/ro\\\/#\\\/schema\\\/logo\\\/image\\\/\"}}]}<\/script>\n<!-- \/ Yoast SEO plugin. -->","yoast_head_json":{"title":"Omron Tensiometru OMRON M4 INTELLI IT+ adaptor - SHOPATOA.COM","robots":{"index":"index","follow":"follow","max-snippet":"max-snippet:-1","max-image-preview":"max-image-preview:large","max-video-preview":"max-video-preview:-1"},"canonical":"https:\/\/shopatoa.com\/ro\/omron-tensiometru-omron-m4-intelli-it-adaptor\/","og_locale":"ro_RO","og_type":"article","og_title":"Omron Tensiometru OMRON M4 INTELLI IT+ adaptor - SHOPATOA.COM","og_description":"OMRON M4 Intelli IT este un model \u00eembun\u0103t\u0103\u021bit cu un nou design intuitiv care simplific\u0103 monitorizarea tensiunii arteriale \u00een timp \u0219i transmite toate rezultatele m\u0103surate c\u0103tre aplica\u021bia OMRON connect de pe smartphone. Acesta este un tensiometru pentru bra\u021b cu un afi\u0219aj mare, clar \u0219i lizibil, o extensie universal\u0103 a man\u0219etei Intelli (elimin\u0103 erorile atunci c\u00e2nd...","og_url":"https:\/\/shopatoa.com\/ro\/omron-tensiometru-omron-m4-intelli-it-adaptor\/","og_site_name":"SHOPATOA","article_modified_time":"2025-12-11T10:55:15+00:00","og_image":[{"width":800,"height":800,"url":"https:\/\/storage.googleapis.com\/cz-shopatoa-img\/ro\/9e14abe6-unnamed-file.webp","type":"image\/webp"}],"twitter_card":"summary_large_image","twitter_misc":{"Timp estimat pentru citire":"1 minut"},"schema":{"@context":"https:\/\/schema.org","@graph":[{"@type":"WebPage","@id":"https:\/\/shopatoa.com\/ro\/omron-tensiometru-omron-m4-intelli-it-adaptor\/","url":"https:\/\/shopatoa.com\/ro\/omron-tensiometru-omron-m4-intelli-it-adaptor\/","name":"Omron Tensiometru OMRON M4 INTELLI IT+ adaptor - SHOPATOA.COM","isPartOf":{"@id":"https:\/\/shopatoa.com\/ro\/#website"},"primaryImageOfPage":{"@id":"https:\/\/shopatoa.com\/ro\/omron-tensiometru-omron-m4-intelli-it-adaptor\/#primaryimage"},"image":{"@id":"https:\/\/shopatoa.com\/ro\/omron-tensiometru-omron-m4-intelli-it-adaptor\/#primaryimage"},"thumbnailUrl":"https:\/\/storage.googleapis.com\/cz-shopatoa-img\/ro\/9e14abe6-unnamed-file.webp","datePublished":"2025-05-01T05:25:38+00:00","dateModified":"2025-12-11T10:55:15+00:00","breadcrumb":{"@id":"https:\/\/shopatoa.com\/ro\/omron-tensiometru-omron-m4-intelli-it-adaptor\/#breadcrumb"},"inLanguage":"ro-RO","potentialAction":[{"@type":"ReadAction","target":["https:\/\/shopatoa.com\/ro\/omron-tensiometru-omron-m4-intelli-it-adaptor\/"]}]},{"@type":"ImageObject","inLanguage":"ro-RO","@id":"https:\/\/shopatoa.com\/ro\/omron-tensiometru-omron-m4-intelli-it-adaptor\/#primaryimage","url":"https:\/\/storage.googleapis.com\/cz-shopatoa-img\/ro\/9e14abe6-unnamed-file.webp","contentUrl":"https:\/\/storage.googleapis.com\/cz-shopatoa-img\/ro\/9e14abe6-unnamed-file.webp","width":800,"height":800},{"@type":"BreadcrumbList","@id":"https:\/\/shopatoa.com\/ro\/omron-tensiometru-omron-m4-intelli-it-adaptor\/#breadcrumb","itemListElement":[{"@type":"ListItem","position":1,"name":"Dom\u016f","item":"https:\/\/shopatoa.com\/ro\/"},{"@type":"ListItem","position":2,"name":"Shop","item":"https:\/\/shopatoa.com\/ro\/shop\/"},{"@type":"ListItem","position":3,"name":"S\u0103n\u0103tate","item":"https:\/\/shopatoa.com\/ro\/sanatate\/"},{"@type":"ListItem","position":4,"name":"Aparate \u0219i ajutoare de s\u0103n\u0103tate","item":"https:\/\/shopatoa.com\/ro\/aparate-si-ajutoare-de-sanatate\/"},{"@type":"ListItem","position":5,"name":"Manometre de tensiune arterial\u0103","item":"https:\/\/shopatoa.com\/ro\/manometre-de-tensiune-arteriala\/"},{"@type":"ListItem","position":6,"name":"Omron Tensiometru OMRON M4 INTELLI IT+ adaptor"}]},{"@type":"WebSite","@id":"https:\/\/shopatoa.com\/ro\/#website","url":"https:\/\/shopatoa.com\/ro\/","name":"SHOPATOA","description":"","publisher":{"@id":"https:\/\/shopatoa.com\/ro\/#organization"},"potentialAction":[{"@type":"SearchAction","target":{"@type":"EntryPoint","urlTemplate":"https:\/\/shopatoa.com\/ro\/?s={search_term_string}"},"query-input":{"@type":"PropertyValueSpecification","valueRequired":true,"valueName":"search_term_string"}}],"inLanguage":"ro-RO"},{"@type":"Organization","@id":"https:\/\/shopatoa.com\/ro\/#organization","name":"SHOPATOA","url":"https:\/\/shopatoa.com\/ro\/","logo":{"@type":"ImageObject","inLanguage":"ro-RO","@id":"https:\/\/shopatoa.com\/ro\/#\/schema\/logo\/image\/","url":"https:\/\/storage.googleapis.com\/cz-shopatoa-img\/ro\/b4dac915-shopatoa_logo.png","contentUrl":"https:\/\/storage.googleapis.com\/cz-shopatoa-img\/ro\/b4dac915-shopatoa_logo.png","width":416,"height":63,"caption":"SHOPATOA"},"image":{"@id":"https:\/\/shopatoa.com\/ro\/#\/schema\/logo\/image\/"}}]}},"_links":{"self":[{"href":"https:\/\/shopatoa.com\/ro\/wp-json\/wp\/v2\/product\/286938","targetHints":{"allow":["GET"]}}],"collection":[{"href":"https:\/\/shopatoa.com\/ro\/wp-json\/wp\/v2\/product"}],"about":[{"href":"https:\/\/shopatoa.com\/ro\/wp-json\/wp\/v2\/types\/product"}],"replies":[{"embeddable":true,"href":"https:\/\/shopatoa.com\/ro\/wp-json\/wp\/v2\/comments?post=286938"}],"wp:featuredmedia":[{"embeddable":true,"href":"https:\/\/shopatoa.com\/ro\/wp-json\/wp\/v2\/media\/286940"}],"wp:attachment":[{"href":"https:\/\/shopatoa.com\/ro\/wp-json\/wp\/v2\/media?parent=286938"}],"wp:term":[{"taxonomy":"product_brand","embeddable":true,"href":"https:\/\/shopatoa.com\/ro\/wp-json\/wp\/v2\/product_brand?post=286938"},{"taxonomy":"product_cat","embeddable":true,"href":"https:\/\/shopatoa.com\/ro\/wp-json\/wp\/v2\/product_cat?post=286938"},{"taxonomy":"product_tag","embeddable":true,"href":"https:\/\/shopatoa.com\/ro\/wp-json\/wp\/v2\/product_tag?post=286938"}],"curies":[{"name":"wp","href":"https:\/\/api.w.org\/{rel}","templated":true}]}}