{"id":286996,"date":"2025-05-01T07:31:32","date_gmt":"2025-05-01T05:31:32","guid":{"rendered":"https:\/\/shopatoa.com\/ro\/sisley-dark-corrector-pentru-inele-eclat-cernes-eclat-eye-concealer-15-ml-03\/"},"modified":"2025-12-11T11:45:31","modified_gmt":"2025-12-11T10:45:31","slug":"sisley-dark-corrector-pentru-inele-eclat-cernes-eclat-eye-concealer-15-ml-03","status":"publish","type":"product","link":"https:\/\/shopatoa.com\/ro\/sisley-dark-corrector-pentru-inele-eclat-cernes-eclat-eye-concealer-15-ml-03\/","title":{"rendered":"Sisley Dark Corrector pentru inele \u00c9clat Cernes \u00c9clat (Eye Concealer) 15 ml 03"},"content":{"rendered":"<p>Concealerul din cerc \u00eenchis sub ochii Phyto Cernes \u00c9clat acoper\u0103 cercuri \u00eentunecate sub ochi, reduce umflarea \u0219i semne de oboseal\u0103. Vizibil sm\u0103l\u021be\u0219te ridurile \u0219i liniile fine, textura cremoas\u0103 asigur\u0103 aplicarea u\u0219oar\u0103, aspectul natural \u0219i efectul de lung\u0103 durat\u0103.<\/p>\n","protected":false},"excerpt":{"rendered":"<p>Concealerul din cerc \u00eenchis sub ochii Phyto Cernes \u00c9clat acoper\u0103 cercuri \u00eentunecate sub ochi, reduce umflarea \u0219i semne de oboseal\u0103. Vizibil sm\u0103l\u021be\u0219te ridurile \u0219i liniile fine, textura cremoas\u0103 asigur\u0103 aplicarea u\u0219oar\u0103, aspectul natural \u0219i efectul de lung\u0103 durat\u0103.<\/p>\n","protected":false},"featured_media":286998,"comment_status":"closed","ping_status":"open","template":"","meta":{"_acf_changed":false,"_kadence_starter_templates_imported_post":false,"_kad_post_transparent":"","_kad_post_title":"","_kad_post_layout":"","_kad_post_sidebar_id":"","_kad_post_content_style":"","_kad_post_vertical_padding":"","_kad_post_feature":"","_kad_post_feature_position":"","_kad_post_header":false,"_kad_post_footer":false,"_kad_post_classname":""},"product_brand":[337],"product_cat":[704,246,609,616],"product_tag":[],"class_list":{"0":"post-286996","1":"product","2":"type-product","3":"status-publish","4":"has-post-thumbnail","6":"product_brand-sisley","7":"product_cat-corector-pentru-zona-fetei-si-a-ochilor","8":"product_cat-cosmetice","9":"product_cat-cosmetice-decorative","10":"product_cat-machiaj-pentru-fata","12":"first","13":"instock","14":"product-type-external","15":"entry","16":"content-bg","17":"loop-entry"},"acf":[],"yoast_head":"<!-- This site is optimized with the Yoast SEO plugin v27.3 - https:\/\/yoast.com\/product\/yoast-seo-wordpress\/ -->\n<title>Sisley Dark Corrector pentru inele \u00c9clat Cernes \u00c9clat (Eye Concealer) 15 ml 03 - SHOPATOA.COM<\/title>\n<meta name=\"robots\" content=\"index, follow, max-snippet:-1, max-image-preview:large, max-video-preview:-1\" \/>\n<link rel=\"canonical\" href=\"https:\/\/shopatoa.com\/ro\/sisley-dark-corrector-pentru-inele-eclat-cernes-eclat-eye-concealer-15-ml-03\/\" \/>\n<meta property=\"og:locale\" content=\"ro_RO\" \/>\n<meta property=\"og:type\" content=\"article\" \/>\n<meta property=\"og:title\" content=\"Sisley Dark Corrector pentru inele \u00c9clat Cernes \u00c9clat (Eye Concealer) 15 ml 03 - SHOPATOA.COM\" \/>\n<meta property=\"og:description\" content=\"Concealerul din cerc \u00eenchis sub ochii Phyto Cernes \u00c9clat acoper\u0103 cercuri \u00eentunecate sub ochi, reduce umflarea \u0219i semne de oboseal\u0103. Vizibil sm\u0103l\u021be\u0219te ridurile \u0219i liniile fine, textura cremoas\u0103 asigur\u0103 aplicarea u\u0219oar\u0103, aspectul natural \u0219i efectul de lung\u0103 durat\u0103.\" \/>\n<meta property=\"og:url\" content=\"https:\/\/shopatoa.com\/ro\/sisley-dark-corrector-pentru-inele-eclat-cernes-eclat-eye-concealer-15-ml-03\/\" \/>\n<meta property=\"og:site_name\" content=\"SHOPATOA\" \/>\n<meta property=\"article:modified_time\" content=\"2025-12-11T10:45:31+00:00\" \/>\n<meta property=\"og:image\" content=\"https:\/\/storage.googleapis.com\/cz-shopatoa-img\/ro\/94e27cf8-unnamed-file.webp\" \/>\n\t<meta property=\"og:image:width\" content=\"800\" \/>\n\t<meta property=\"og:image:height\" content=\"800\" \/>\n\t<meta property=\"og:image:type\" content=\"image\/webp\" \/>\n<meta name=\"twitter:card\" content=\"summary_large_image\" \/>\n<script type=\"application\/ld+json\" class=\"yoast-schema-graph\">{\"@context\":\"https:\\\/\\\/schema.org\",\"@graph\":[{\"@type\":\"WebPage\",\"@id\":\"https:\\\/\\\/shopatoa.com\\\/ro\\\/sisley-dark-corrector-pentru-inele-eclat-cernes-eclat-eye-concealer-15-ml-03\\\/\",\"url\":\"https:\\\/\\\/shopatoa.com\\\/ro\\\/sisley-dark-corrector-pentru-inele-eclat-cernes-eclat-eye-concealer-15-ml-03\\\/\",\"name\":\"Sisley Dark Corrector pentru inele \u00c9clat Cernes \u00c9clat (Eye Concealer) 15 ml 03 - SHOPATOA.COM\",\"isPartOf\":{\"@id\":\"https:\\\/\\\/shopatoa.com\\\/ro\\\/#website\"},\"primaryImageOfPage\":{\"@id\":\"https:\\\/\\\/shopatoa.com\\\/ro\\\/sisley-dark-corrector-pentru-inele-eclat-cernes-eclat-eye-concealer-15-ml-03\\\/#primaryimage\"},\"image\":{\"@id\":\"https:\\\/\\\/shopatoa.com\\\/ro\\\/sisley-dark-corrector-pentru-inele-eclat-cernes-eclat-eye-concealer-15-ml-03\\\/#primaryimage\"},\"thumbnailUrl\":\"https:\\\/\\\/storage.googleapis.com\\\/cz-shopatoa-img\\\/ro\\\/94e27cf8-unnamed-file.webp\",\"datePublished\":\"2025-05-01T05:31:32+00:00\",\"dateModified\":\"2025-12-11T10:45:31+00:00\",\"breadcrumb\":{\"@id\":\"https:\\\/\\\/shopatoa.com\\\/ro\\\/sisley-dark-corrector-pentru-inele-eclat-cernes-eclat-eye-concealer-15-ml-03\\\/#breadcrumb\"},\"inLanguage\":\"ro-RO\",\"potentialAction\":[{\"@type\":\"ReadAction\",\"target\":[\"https:\\\/\\\/shopatoa.com\\\/ro\\\/sisley-dark-corrector-pentru-inele-eclat-cernes-eclat-eye-concealer-15-ml-03\\\/\"]}]},{\"@type\":\"ImageObject\",\"inLanguage\":\"ro-RO\",\"@id\":\"https:\\\/\\\/shopatoa.com\\\/ro\\\/sisley-dark-corrector-pentru-inele-eclat-cernes-eclat-eye-concealer-15-ml-03\\\/#primaryimage\",\"url\":\"https:\\\/\\\/storage.googleapis.com\\\/cz-shopatoa-img\\\/ro\\\/94e27cf8-unnamed-file.webp\",\"contentUrl\":\"https:\\\/\\\/storage.googleapis.com\\\/cz-shopatoa-img\\\/ro\\\/94e27cf8-unnamed-file.webp\",\"width\":800,\"height\":800},{\"@type\":\"BreadcrumbList\",\"@id\":\"https:\\\/\\\/shopatoa.com\\\/ro\\\/sisley-dark-corrector-pentru-inele-eclat-cernes-eclat-eye-concealer-15-ml-03\\\/#breadcrumb\",\"itemListElement\":[{\"@type\":\"ListItem\",\"position\":1,\"name\":\"Dom\u016f\",\"item\":\"https:\\\/\\\/shopatoa.com\\\/ro\\\/\"},{\"@type\":\"ListItem\",\"position\":2,\"name\":\"Shop\",\"item\":\"https:\\\/\\\/shopatoa.com\\\/ro\\\/shop\\\/\"},{\"@type\":\"ListItem\",\"position\":3,\"name\":\"Cosmetice\",\"item\":\"https:\\\/\\\/shopatoa.com\\\/ro\\\/cosmetice\\\/\"},{\"@type\":\"ListItem\",\"position\":4,\"name\":\"Cosmetice decorative\",\"item\":\"https:\\\/\\\/shopatoa.com\\\/ro\\\/cosmetice-decorative\\\/\"},{\"@type\":\"ListItem\",\"position\":5,\"name\":\"Machiaj pentru fa\u021ba\",\"item\":\"https:\\\/\\\/shopatoa.com\\\/ro\\\/machiaj-pentru-fata\\\/\"},{\"@type\":\"ListItem\",\"position\":6,\"name\":\"Corector pentru zona fe\u021bei \u0219i a ochilor\",\"item\":\"https:\\\/\\\/shopatoa.com\\\/ro\\\/corector-pentru-zona-fetei-si-a-ochilor\\\/\"},{\"@type\":\"ListItem\",\"position\":7,\"name\":\"Sisley Dark Corrector pentru inele \u00c9clat Cernes \u00c9clat (Eye Concealer) 15 ml 03\"}]},{\"@type\":\"WebSite\",\"@id\":\"https:\\\/\\\/shopatoa.com\\\/ro\\\/#website\",\"url\":\"https:\\\/\\\/shopatoa.com\\\/ro\\\/\",\"name\":\"SHOPATOA\",\"description\":\"\",\"publisher\":{\"@id\":\"https:\\\/\\\/shopatoa.com\\\/ro\\\/#organization\"},\"potentialAction\":[{\"@type\":\"SearchAction\",\"target\":{\"@type\":\"EntryPoint\",\"urlTemplate\":\"https:\\\/\\\/shopatoa.com\\\/ro\\\/?s={search_term_string}\"},\"query-input\":{\"@type\":\"PropertyValueSpecification\",\"valueRequired\":true,\"valueName\":\"search_term_string\"}}],\"inLanguage\":\"ro-RO\"},{\"@type\":\"Organization\",\"@id\":\"https:\\\/\\\/shopatoa.com\\\/ro\\\/#organization\",\"name\":\"SHOPATOA\",\"url\":\"https:\\\/\\\/shopatoa.com\\\/ro\\\/\",\"logo\":{\"@type\":\"ImageObject\",\"inLanguage\":\"ro-RO\",\"@id\":\"https:\\\/\\\/shopatoa.com\\\/ro\\\/#\\\/schema\\\/logo\\\/image\\\/\",\"url\":\"https:\\\/\\\/storage.googleapis.com\\\/cz-shopatoa-img\\\/ro\\\/b4dac915-shopatoa_logo.png\",\"contentUrl\":\"https:\\\/\\\/storage.googleapis.com\\\/cz-shopatoa-img\\\/ro\\\/b4dac915-shopatoa_logo.png\",\"width\":416,\"height\":63,\"caption\":\"SHOPATOA\"},\"image\":{\"@id\":\"https:\\\/\\\/shopatoa.com\\\/ro\\\/#\\\/schema\\\/logo\\\/image\\\/\"}}]}<\/script>\n<!-- \/ Yoast SEO plugin. -->","yoast_head_json":{"title":"Sisley Dark Corrector pentru inele \u00c9clat Cernes \u00c9clat (Eye Concealer) 15 ml 03 - SHOPATOA.COM","robots":{"index":"index","follow":"follow","max-snippet":"max-snippet:-1","max-image-preview":"max-image-preview:large","max-video-preview":"max-video-preview:-1"},"canonical":"https:\/\/shopatoa.com\/ro\/sisley-dark-corrector-pentru-inele-eclat-cernes-eclat-eye-concealer-15-ml-03\/","og_locale":"ro_RO","og_type":"article","og_title":"Sisley Dark Corrector pentru inele \u00c9clat Cernes \u00c9clat (Eye Concealer) 15 ml 03 - SHOPATOA.COM","og_description":"Concealerul din cerc \u00eenchis sub ochii Phyto Cernes \u00c9clat acoper\u0103 cercuri \u00eentunecate sub ochi, reduce umflarea \u0219i semne de oboseal\u0103. Vizibil sm\u0103l\u021be\u0219te ridurile \u0219i liniile fine, textura cremoas\u0103 asigur\u0103 aplicarea u\u0219oar\u0103, aspectul natural \u0219i efectul de lung\u0103 durat\u0103.","og_url":"https:\/\/shopatoa.com\/ro\/sisley-dark-corrector-pentru-inele-eclat-cernes-eclat-eye-concealer-15-ml-03\/","og_site_name":"SHOPATOA","article_modified_time":"2025-12-11T10:45:31+00:00","og_image":[{"width":800,"height":800,"url":"https:\/\/storage.googleapis.com\/cz-shopatoa-img\/ro\/94e27cf8-unnamed-file.webp","type":"image\/webp"}],"twitter_card":"summary_large_image","schema":{"@context":"https:\/\/schema.org","@graph":[{"@type":"WebPage","@id":"https:\/\/shopatoa.com\/ro\/sisley-dark-corrector-pentru-inele-eclat-cernes-eclat-eye-concealer-15-ml-03\/","url":"https:\/\/shopatoa.com\/ro\/sisley-dark-corrector-pentru-inele-eclat-cernes-eclat-eye-concealer-15-ml-03\/","name":"Sisley Dark Corrector pentru inele \u00c9clat Cernes \u00c9clat (Eye Concealer) 15 ml 03 - SHOPATOA.COM","isPartOf":{"@id":"https:\/\/shopatoa.com\/ro\/#website"},"primaryImageOfPage":{"@id":"https:\/\/shopatoa.com\/ro\/sisley-dark-corrector-pentru-inele-eclat-cernes-eclat-eye-concealer-15-ml-03\/#primaryimage"},"image":{"@id":"https:\/\/shopatoa.com\/ro\/sisley-dark-corrector-pentru-inele-eclat-cernes-eclat-eye-concealer-15-ml-03\/#primaryimage"},"thumbnailUrl":"https:\/\/storage.googleapis.com\/cz-shopatoa-img\/ro\/94e27cf8-unnamed-file.webp","datePublished":"2025-05-01T05:31:32+00:00","dateModified":"2025-12-11T10:45:31+00:00","breadcrumb":{"@id":"https:\/\/shopatoa.com\/ro\/sisley-dark-corrector-pentru-inele-eclat-cernes-eclat-eye-concealer-15-ml-03\/#breadcrumb"},"inLanguage":"ro-RO","potentialAction":[{"@type":"ReadAction","target":["https:\/\/shopatoa.com\/ro\/sisley-dark-corrector-pentru-inele-eclat-cernes-eclat-eye-concealer-15-ml-03\/"]}]},{"@type":"ImageObject","inLanguage":"ro-RO","@id":"https:\/\/shopatoa.com\/ro\/sisley-dark-corrector-pentru-inele-eclat-cernes-eclat-eye-concealer-15-ml-03\/#primaryimage","url":"https:\/\/storage.googleapis.com\/cz-shopatoa-img\/ro\/94e27cf8-unnamed-file.webp","contentUrl":"https:\/\/storage.googleapis.com\/cz-shopatoa-img\/ro\/94e27cf8-unnamed-file.webp","width":800,"height":800},{"@type":"BreadcrumbList","@id":"https:\/\/shopatoa.com\/ro\/sisley-dark-corrector-pentru-inele-eclat-cernes-eclat-eye-concealer-15-ml-03\/#breadcrumb","itemListElement":[{"@type":"ListItem","position":1,"name":"Dom\u016f","item":"https:\/\/shopatoa.com\/ro\/"},{"@type":"ListItem","position":2,"name":"Shop","item":"https:\/\/shopatoa.com\/ro\/shop\/"},{"@type":"ListItem","position":3,"name":"Cosmetice","item":"https:\/\/shopatoa.com\/ro\/cosmetice\/"},{"@type":"ListItem","position":4,"name":"Cosmetice decorative","item":"https:\/\/shopatoa.com\/ro\/cosmetice-decorative\/"},{"@type":"ListItem","position":5,"name":"Machiaj pentru fa\u021ba","item":"https:\/\/shopatoa.com\/ro\/machiaj-pentru-fata\/"},{"@type":"ListItem","position":6,"name":"Corector pentru zona fe\u021bei \u0219i a ochilor","item":"https:\/\/shopatoa.com\/ro\/corector-pentru-zona-fetei-si-a-ochilor\/"},{"@type":"ListItem","position":7,"name":"Sisley Dark Corrector pentru inele \u00c9clat Cernes \u00c9clat (Eye Concealer) 15 ml 03"}]},{"@type":"WebSite","@id":"https:\/\/shopatoa.com\/ro\/#website","url":"https:\/\/shopatoa.com\/ro\/","name":"SHOPATOA","description":"","publisher":{"@id":"https:\/\/shopatoa.com\/ro\/#organization"},"potentialAction":[{"@type":"SearchAction","target":{"@type":"EntryPoint","urlTemplate":"https:\/\/shopatoa.com\/ro\/?s={search_term_string}"},"query-input":{"@type":"PropertyValueSpecification","valueRequired":true,"valueName":"search_term_string"}}],"inLanguage":"ro-RO"},{"@type":"Organization","@id":"https:\/\/shopatoa.com\/ro\/#organization","name":"SHOPATOA","url":"https:\/\/shopatoa.com\/ro\/","logo":{"@type":"ImageObject","inLanguage":"ro-RO","@id":"https:\/\/shopatoa.com\/ro\/#\/schema\/logo\/image\/","url":"https:\/\/storage.googleapis.com\/cz-shopatoa-img\/ro\/b4dac915-shopatoa_logo.png","contentUrl":"https:\/\/storage.googleapis.com\/cz-shopatoa-img\/ro\/b4dac915-shopatoa_logo.png","width":416,"height":63,"caption":"SHOPATOA"},"image":{"@id":"https:\/\/shopatoa.com\/ro\/#\/schema\/logo\/image\/"}}]}},"_links":{"self":[{"href":"https:\/\/shopatoa.com\/ro\/wp-json\/wp\/v2\/product\/286996","targetHints":{"allow":["GET"]}}],"collection":[{"href":"https:\/\/shopatoa.com\/ro\/wp-json\/wp\/v2\/product"}],"about":[{"href":"https:\/\/shopatoa.com\/ro\/wp-json\/wp\/v2\/types\/product"}],"replies":[{"embeddable":true,"href":"https:\/\/shopatoa.com\/ro\/wp-json\/wp\/v2\/comments?post=286996"}],"wp:featuredmedia":[{"embeddable":true,"href":"https:\/\/shopatoa.com\/ro\/wp-json\/wp\/v2\/media\/286998"}],"wp:attachment":[{"href":"https:\/\/shopatoa.com\/ro\/wp-json\/wp\/v2\/media?parent=286996"}],"wp:term":[{"taxonomy":"product_brand","embeddable":true,"href":"https:\/\/shopatoa.com\/ro\/wp-json\/wp\/v2\/product_brand?post=286996"},{"taxonomy":"product_cat","embeddable":true,"href":"https:\/\/shopatoa.com\/ro\/wp-json\/wp\/v2\/product_cat?post=286996"},{"taxonomy":"product_tag","embeddable":true,"href":"https:\/\/shopatoa.com\/ro\/wp-json\/wp\/v2\/product_tag?post=286996"}],"curies":[{"name":"wp","href":"https:\/\/api.w.org\/{rel}","templated":true}]}}