{"id":287070,"date":"2025-05-01T07:40:49","date_gmt":"2025-05-01T05:40:49","guid":{"rendered":"https:\/\/shopatoa.com\/ro\/rene-furterer-gel-de-dus-pentru-par-si-corpsolairenourish-ing-shower-gel-200-ml\/"},"modified":"2025-12-13T01:25:06","modified_gmt":"2025-12-13T00:25:06","slug":"rene-furterer-gel-de-dus-pentru-par-si-corpsolairenourish-ing-shower-gel-200-ml","status":"publish","type":"product","link":"https:\/\/shopatoa.com\/ro\/rene-furterer-gel-de-dus-pentru-par-si-corpsolairenourish-ing-shower-gel-200-ml\/","title":{"rendered":"Ren\u00e9 Furterer Gel de du\u0219 pentru p\u0103r \u0219i corpSolaire(Nourish ing Shower Gel) 200 ml"},"content":{"rendered":"<p>Gel de du\u0219 pentru p\u0103r \u0219i corp Solaire cu siguran\u021b\u0103 nu ve\u021bi uita s\u0103 \u00eel lua\u021bi cu voi la mare sau la piscin\u0103. \u00cemprosp\u0103teaz\u0103 perfect, cur\u0103\u021b\u0103 pielea \u0219i corpul \u0219i contracareaz\u0103 efectele de uscare ale soarelui, s\u0103rii \u0219i clorului. Las\u0103 pielea catifelat\u0103 moale \u0219i radiant\u0103.<\/p>\n","protected":false},"excerpt":{"rendered":"<p>Gel de du\u0219 pentru p\u0103r \u0219i corp Solaire cu siguran\u021b\u0103 nu ve\u021bi uita s\u0103 \u00eel lua\u021bi cu voi la mare sau la piscin\u0103. \u00cemprosp\u0103teaz\u0103 perfect, cur\u0103\u021b\u0103 pielea \u0219i corpul \u0219i contracareaz\u0103 efectele de uscare ale soarelui, s\u0103rii \u0219i clorului. Las\u0103 pielea catifelat\u0103 moale \u0219i radiant\u0103.<\/p>\n","protected":false},"featured_media":287072,"comment_status":"closed","ping_status":"open","template":"","meta":{"_acf_changed":false,"_kadence_starter_templates_imported_post":false,"_kad_post_transparent":"","_kad_post_title":"","_kad_post_layout":"","_kad_post_sidebar_id":"","_kad_post_content_style":"","_kad_post_vertical_padding":"","_kad_post_feature":"","_kad_post_feature_position":"","_kad_post_header":false,"_kad_post_footer":false,"_kad_post_classname":""},"product_brand":[926],"product_cat":[246,641,611],"product_tag":[],"class_list":{"0":"post-287070","1":"product","2":"type-product","3":"status-publish","4":"has-post-thumbnail","6":"product_brand-rene-furterer","7":"product_cat-cosmetice","8":"product_cat-cosmetice-pentru-dus-si-baie","9":"product_cat-produse-cosmetice-pentru-corp","11":"first","12":"instock","13":"sale","14":"product-type-external","15":"entry","16":"content-bg","17":"loop-entry"},"acf":[],"yoast_head":"<!-- This site is optimized with the Yoast SEO plugin v27.4 - https:\/\/yoast.com\/product\/yoast-seo-wordpress\/ -->\n<title>Ren\u00e9 Furterer Gel de du\u0219 pentru p\u0103r \u0219i corpSolaire(Nourish ing Shower Gel) 200 ml - SHOPATOA.COM<\/title>\n<meta name=\"robots\" content=\"index, follow, max-snippet:-1, max-image-preview:large, max-video-preview:-1\" \/>\n<link rel=\"canonical\" href=\"https:\/\/shopatoa.com\/ro\/rene-furterer-gel-de-dus-pentru-par-si-corpsolairenourish-ing-shower-gel-200-ml\/\" \/>\n<meta property=\"og:locale\" content=\"ro_RO\" \/>\n<meta property=\"og:type\" content=\"article\" \/>\n<meta property=\"og:title\" content=\"Ren\u00e9 Furterer Gel de du\u0219 pentru p\u0103r \u0219i corpSolaire(Nourish ing Shower Gel) 200 ml - SHOPATOA.COM\" \/>\n<meta property=\"og:description\" content=\"Gel de du\u0219 pentru p\u0103r \u0219i corp Solaire cu siguran\u021b\u0103 nu ve\u021bi uita s\u0103 \u00eel lua\u021bi cu voi la mare sau la piscin\u0103. \u00cemprosp\u0103teaz\u0103 perfect, cur\u0103\u021b\u0103 pielea \u0219i corpul \u0219i contracareaz\u0103 efectele de uscare ale soarelui, s\u0103rii \u0219i clorului. Las\u0103 pielea catifelat\u0103 moale \u0219i radiant\u0103.\" \/>\n<meta property=\"og:url\" content=\"https:\/\/shopatoa.com\/ro\/rene-furterer-gel-de-dus-pentru-par-si-corpsolairenourish-ing-shower-gel-200-ml\/\" \/>\n<meta property=\"og:site_name\" content=\"SHOPATOA\" \/>\n<meta property=\"article:modified_time\" content=\"2025-12-13T00:25:06+00:00\" \/>\n<meta property=\"og:image\" content=\"https:\/\/storage.googleapis.com\/cz-shopatoa-img\/ro\/79736266-unnamed-file.webp\" \/>\n\t<meta property=\"og:image:width\" content=\"800\" \/>\n\t<meta property=\"og:image:height\" content=\"800\" \/>\n\t<meta property=\"og:image:type\" content=\"image\/webp\" \/>\n<meta name=\"twitter:card\" content=\"summary_large_image\" \/>\n<script type=\"application\/ld+json\" class=\"yoast-schema-graph\">{\"@context\":\"https:\\\/\\\/schema.org\",\"@graph\":[{\"@type\":\"WebPage\",\"@id\":\"https:\\\/\\\/shopatoa.com\\\/ro\\\/rene-furterer-gel-de-dus-pentru-par-si-corpsolairenourish-ing-shower-gel-200-ml\\\/\",\"url\":\"https:\\\/\\\/shopatoa.com\\\/ro\\\/rene-furterer-gel-de-dus-pentru-par-si-corpsolairenourish-ing-shower-gel-200-ml\\\/\",\"name\":\"Ren\u00e9 Furterer Gel de du\u0219 pentru p\u0103r \u0219i corpSolaire(Nourish ing Shower Gel) 200 ml - SHOPATOA.COM\",\"isPartOf\":{\"@id\":\"https:\\\/\\\/shopatoa.com\\\/ro\\\/#website\"},\"primaryImageOfPage\":{\"@id\":\"https:\\\/\\\/shopatoa.com\\\/ro\\\/rene-furterer-gel-de-dus-pentru-par-si-corpsolairenourish-ing-shower-gel-200-ml\\\/#primaryimage\"},\"image\":{\"@id\":\"https:\\\/\\\/shopatoa.com\\\/ro\\\/rene-furterer-gel-de-dus-pentru-par-si-corpsolairenourish-ing-shower-gel-200-ml\\\/#primaryimage\"},\"thumbnailUrl\":\"https:\\\/\\\/storage.googleapis.com\\\/cz-shopatoa-img\\\/ro\\\/79736266-unnamed-file.webp\",\"datePublished\":\"2025-05-01T05:40:49+00:00\",\"dateModified\":\"2025-12-13T00:25:06+00:00\",\"breadcrumb\":{\"@id\":\"https:\\\/\\\/shopatoa.com\\\/ro\\\/rene-furterer-gel-de-dus-pentru-par-si-corpsolairenourish-ing-shower-gel-200-ml\\\/#breadcrumb\"},\"inLanguage\":\"ro-RO\",\"potentialAction\":[{\"@type\":\"ReadAction\",\"target\":[\"https:\\\/\\\/shopatoa.com\\\/ro\\\/rene-furterer-gel-de-dus-pentru-par-si-corpsolairenourish-ing-shower-gel-200-ml\\\/\"]}]},{\"@type\":\"ImageObject\",\"inLanguage\":\"ro-RO\",\"@id\":\"https:\\\/\\\/shopatoa.com\\\/ro\\\/rene-furterer-gel-de-dus-pentru-par-si-corpsolairenourish-ing-shower-gel-200-ml\\\/#primaryimage\",\"url\":\"https:\\\/\\\/storage.googleapis.com\\\/cz-shopatoa-img\\\/ro\\\/79736266-unnamed-file.webp\",\"contentUrl\":\"https:\\\/\\\/storage.googleapis.com\\\/cz-shopatoa-img\\\/ro\\\/79736266-unnamed-file.webp\",\"width\":800,\"height\":800},{\"@type\":\"BreadcrumbList\",\"@id\":\"https:\\\/\\\/shopatoa.com\\\/ro\\\/rene-furterer-gel-de-dus-pentru-par-si-corpsolairenourish-ing-shower-gel-200-ml\\\/#breadcrumb\",\"itemListElement\":[{\"@type\":\"ListItem\",\"position\":1,\"name\":\"Dom\u016f\",\"item\":\"https:\\\/\\\/shopatoa.com\\\/ro\\\/\"},{\"@type\":\"ListItem\",\"position\":2,\"name\":\"Shop\",\"item\":\"https:\\\/\\\/shopatoa.com\\\/ro\\\/shop\\\/\"},{\"@type\":\"ListItem\",\"position\":3,\"name\":\"Cosmetice\",\"item\":\"https:\\\/\\\/shopatoa.com\\\/ro\\\/cosmetice\\\/\"},{\"@type\":\"ListItem\",\"position\":4,\"name\":\"Produse cosmetice pentru corp\",\"item\":\"https:\\\/\\\/shopatoa.com\\\/ro\\\/produse-cosmetice-pentru-corp\\\/\"},{\"@type\":\"ListItem\",\"position\":5,\"name\":\"Cosmetice pentru du\u0219 \u0219i baie\",\"item\":\"https:\\\/\\\/shopatoa.com\\\/ro\\\/cosmetice-pentru-dus-si-baie\\\/\"},{\"@type\":\"ListItem\",\"position\":6,\"name\":\"Ren\u00e9 Furterer Gel de du\u0219 pentru p\u0103r \u0219i corpSolaire(Nourish ing Shower Gel) 200 ml\"}]},{\"@type\":\"WebSite\",\"@id\":\"https:\\\/\\\/shopatoa.com\\\/ro\\\/#website\",\"url\":\"https:\\\/\\\/shopatoa.com\\\/ro\\\/\",\"name\":\"SHOPATOA\",\"description\":\"\",\"publisher\":{\"@id\":\"https:\\\/\\\/shopatoa.com\\\/ro\\\/#organization\"},\"potentialAction\":[{\"@type\":\"SearchAction\",\"target\":{\"@type\":\"EntryPoint\",\"urlTemplate\":\"https:\\\/\\\/shopatoa.com\\\/ro\\\/?s={search_term_string}\"},\"query-input\":{\"@type\":\"PropertyValueSpecification\",\"valueRequired\":true,\"valueName\":\"search_term_string\"}}],\"inLanguage\":\"ro-RO\"},{\"@type\":\"Organization\",\"@id\":\"https:\\\/\\\/shopatoa.com\\\/ro\\\/#organization\",\"name\":\"SHOPATOA\",\"url\":\"https:\\\/\\\/shopatoa.com\\\/ro\\\/\",\"logo\":{\"@type\":\"ImageObject\",\"inLanguage\":\"ro-RO\",\"@id\":\"https:\\\/\\\/shopatoa.com\\\/ro\\\/#\\\/schema\\\/logo\\\/image\\\/\",\"url\":\"https:\\\/\\\/storage.googleapis.com\\\/cz-shopatoa-img\\\/ro\\\/b4dac915-shopatoa_logo.png\",\"contentUrl\":\"https:\\\/\\\/storage.googleapis.com\\\/cz-shopatoa-img\\\/ro\\\/b4dac915-shopatoa_logo.png\",\"width\":416,\"height\":63,\"caption\":\"SHOPATOA\"},\"image\":{\"@id\":\"https:\\\/\\\/shopatoa.com\\\/ro\\\/#\\\/schema\\\/logo\\\/image\\\/\"}}]}<\/script>\n<!-- \/ Yoast SEO plugin. -->","yoast_head_json":{"title":"Ren\u00e9 Furterer Gel de du\u0219 pentru p\u0103r \u0219i corpSolaire(Nourish ing Shower Gel) 200 ml - SHOPATOA.COM","robots":{"index":"index","follow":"follow","max-snippet":"max-snippet:-1","max-image-preview":"max-image-preview:large","max-video-preview":"max-video-preview:-1"},"canonical":"https:\/\/shopatoa.com\/ro\/rene-furterer-gel-de-dus-pentru-par-si-corpsolairenourish-ing-shower-gel-200-ml\/","og_locale":"ro_RO","og_type":"article","og_title":"Ren\u00e9 Furterer Gel de du\u0219 pentru p\u0103r \u0219i corpSolaire(Nourish ing Shower Gel) 200 ml - SHOPATOA.COM","og_description":"Gel de du\u0219 pentru p\u0103r \u0219i corp Solaire cu siguran\u021b\u0103 nu ve\u021bi uita s\u0103 \u00eel lua\u021bi cu voi la mare sau la piscin\u0103. \u00cemprosp\u0103teaz\u0103 perfect, cur\u0103\u021b\u0103 pielea \u0219i corpul \u0219i contracareaz\u0103 efectele de uscare ale soarelui, s\u0103rii \u0219i clorului. Las\u0103 pielea catifelat\u0103 moale \u0219i radiant\u0103.","og_url":"https:\/\/shopatoa.com\/ro\/rene-furterer-gel-de-dus-pentru-par-si-corpsolairenourish-ing-shower-gel-200-ml\/","og_site_name":"SHOPATOA","article_modified_time":"2025-12-13T00:25:06+00:00","og_image":[{"width":800,"height":800,"url":"https:\/\/storage.googleapis.com\/cz-shopatoa-img\/ro\/79736266-unnamed-file.webp","type":"image\/webp"}],"twitter_card":"summary_large_image","schema":{"@context":"https:\/\/schema.org","@graph":[{"@type":"WebPage","@id":"https:\/\/shopatoa.com\/ro\/rene-furterer-gel-de-dus-pentru-par-si-corpsolairenourish-ing-shower-gel-200-ml\/","url":"https:\/\/shopatoa.com\/ro\/rene-furterer-gel-de-dus-pentru-par-si-corpsolairenourish-ing-shower-gel-200-ml\/","name":"Ren\u00e9 Furterer Gel de du\u0219 pentru p\u0103r \u0219i corpSolaire(Nourish ing Shower Gel) 200 ml - SHOPATOA.COM","isPartOf":{"@id":"https:\/\/shopatoa.com\/ro\/#website"},"primaryImageOfPage":{"@id":"https:\/\/shopatoa.com\/ro\/rene-furterer-gel-de-dus-pentru-par-si-corpsolairenourish-ing-shower-gel-200-ml\/#primaryimage"},"image":{"@id":"https:\/\/shopatoa.com\/ro\/rene-furterer-gel-de-dus-pentru-par-si-corpsolairenourish-ing-shower-gel-200-ml\/#primaryimage"},"thumbnailUrl":"https:\/\/storage.googleapis.com\/cz-shopatoa-img\/ro\/79736266-unnamed-file.webp","datePublished":"2025-05-01T05:40:49+00:00","dateModified":"2025-12-13T00:25:06+00:00","breadcrumb":{"@id":"https:\/\/shopatoa.com\/ro\/rene-furterer-gel-de-dus-pentru-par-si-corpsolairenourish-ing-shower-gel-200-ml\/#breadcrumb"},"inLanguage":"ro-RO","potentialAction":[{"@type":"ReadAction","target":["https:\/\/shopatoa.com\/ro\/rene-furterer-gel-de-dus-pentru-par-si-corpsolairenourish-ing-shower-gel-200-ml\/"]}]},{"@type":"ImageObject","inLanguage":"ro-RO","@id":"https:\/\/shopatoa.com\/ro\/rene-furterer-gel-de-dus-pentru-par-si-corpsolairenourish-ing-shower-gel-200-ml\/#primaryimage","url":"https:\/\/storage.googleapis.com\/cz-shopatoa-img\/ro\/79736266-unnamed-file.webp","contentUrl":"https:\/\/storage.googleapis.com\/cz-shopatoa-img\/ro\/79736266-unnamed-file.webp","width":800,"height":800},{"@type":"BreadcrumbList","@id":"https:\/\/shopatoa.com\/ro\/rene-furterer-gel-de-dus-pentru-par-si-corpsolairenourish-ing-shower-gel-200-ml\/#breadcrumb","itemListElement":[{"@type":"ListItem","position":1,"name":"Dom\u016f","item":"https:\/\/shopatoa.com\/ro\/"},{"@type":"ListItem","position":2,"name":"Shop","item":"https:\/\/shopatoa.com\/ro\/shop\/"},{"@type":"ListItem","position":3,"name":"Cosmetice","item":"https:\/\/shopatoa.com\/ro\/cosmetice\/"},{"@type":"ListItem","position":4,"name":"Produse cosmetice pentru corp","item":"https:\/\/shopatoa.com\/ro\/produse-cosmetice-pentru-corp\/"},{"@type":"ListItem","position":5,"name":"Cosmetice pentru du\u0219 \u0219i baie","item":"https:\/\/shopatoa.com\/ro\/cosmetice-pentru-dus-si-baie\/"},{"@type":"ListItem","position":6,"name":"Ren\u00e9 Furterer Gel de du\u0219 pentru p\u0103r \u0219i corpSolaire(Nourish ing Shower Gel) 200 ml"}]},{"@type":"WebSite","@id":"https:\/\/shopatoa.com\/ro\/#website","url":"https:\/\/shopatoa.com\/ro\/","name":"SHOPATOA","description":"","publisher":{"@id":"https:\/\/shopatoa.com\/ro\/#organization"},"potentialAction":[{"@type":"SearchAction","target":{"@type":"EntryPoint","urlTemplate":"https:\/\/shopatoa.com\/ro\/?s={search_term_string}"},"query-input":{"@type":"PropertyValueSpecification","valueRequired":true,"valueName":"search_term_string"}}],"inLanguage":"ro-RO"},{"@type":"Organization","@id":"https:\/\/shopatoa.com\/ro\/#organization","name":"SHOPATOA","url":"https:\/\/shopatoa.com\/ro\/","logo":{"@type":"ImageObject","inLanguage":"ro-RO","@id":"https:\/\/shopatoa.com\/ro\/#\/schema\/logo\/image\/","url":"https:\/\/storage.googleapis.com\/cz-shopatoa-img\/ro\/b4dac915-shopatoa_logo.png","contentUrl":"https:\/\/storage.googleapis.com\/cz-shopatoa-img\/ro\/b4dac915-shopatoa_logo.png","width":416,"height":63,"caption":"SHOPATOA"},"image":{"@id":"https:\/\/shopatoa.com\/ro\/#\/schema\/logo\/image\/"}}]}},"_links":{"self":[{"href":"https:\/\/shopatoa.com\/ro\/wp-json\/wp\/v2\/product\/287070","targetHints":{"allow":["GET"]}}],"collection":[{"href":"https:\/\/shopatoa.com\/ro\/wp-json\/wp\/v2\/product"}],"about":[{"href":"https:\/\/shopatoa.com\/ro\/wp-json\/wp\/v2\/types\/product"}],"replies":[{"embeddable":true,"href":"https:\/\/shopatoa.com\/ro\/wp-json\/wp\/v2\/comments?post=287070"}],"wp:featuredmedia":[{"embeddable":true,"href":"https:\/\/shopatoa.com\/ro\/wp-json\/wp\/v2\/media\/287072"}],"wp:attachment":[{"href":"https:\/\/shopatoa.com\/ro\/wp-json\/wp\/v2\/media?parent=287070"}],"wp:term":[{"taxonomy":"product_brand","embeddable":true,"href":"https:\/\/shopatoa.com\/ro\/wp-json\/wp\/v2\/product_brand?post=287070"},{"taxonomy":"product_cat","embeddable":true,"href":"https:\/\/shopatoa.com\/ro\/wp-json\/wp\/v2\/product_cat?post=287070"},{"taxonomy":"product_tag","embeddable":true,"href":"https:\/\/shopatoa.com\/ro\/wp-json\/wp\/v2\/product_tag?post=287070"}],"curies":[{"name":"wp","href":"https:\/\/api.w.org\/{rel}","templated":true}]}}