{"id":287269,"date":"2025-05-01T08:01:12","date_gmt":"2025-05-01T06:01:12","guid":{"rendered":"https:\/\/shopatoa.com\/ro\/bulldog-sampon-si-balsam-2in1-de-barba-pentru-ten-normal-original-beard-shampoo-conditioner-200-ml\/"},"modified":"2025-12-11T11:33:32","modified_gmt":"2025-12-11T10:33:32","slug":"bulldog-sampon-si-balsam-2in1-de-barba-pentru-ten-normal-original-beard-shampoo-conditioner-200-ml","status":"publish","type":"product","link":"https:\/\/shopatoa.com\/ro\/bulldog-sampon-si-balsam-2in1-de-barba-pentru-ten-normal-original-beard-shampoo-conditioner-200-ml\/","title":{"rendered":"Bulldog \u0218ampon \u0219i balsam 2\u00een1 de barb\u0103 pentru ten normal Original (Beard Shampoo &amp; Conditioner) 200 ml"},"content":{"rendered":"<p>Acest \u0219ampon \u0219i balsam pentru barb\u0103 con\u021bine aloe vera, ulei de camelin\u0103 \u0219i ceai verde. Special conceput pentru cur\u0103\u021barea b\u0103rbii, l\u0103s\u00e2nd-o moale, hr\u0103nit\u0103 \u0219i condi\u021bionat\u0103. Produsele noastre sunt destinate exclusiv b\u0103rba\u021bilor \u0219i con\u021bin ingrediente naturale uimitoare. Fi\u021bi bl\u00e2nd cu pielea dumneavoastr\u0103. Produsele noastre nu con\u021bin coloran\u021bi artificiali, parfumuri sintetice sau aditivi din surse animale. Toate produsele Bulldog sunt potrivite pentru vegetarieni \u0219i vegani. Toate produsele Bulldog sunt aprobate de Societatea Vegetarian\u0103. Toate produsele noastre sunt certificate de Cruelty Free International.<\/p>\n","protected":false},"excerpt":{"rendered":"<p>Acest \u0219ampon \u0219i balsam pentru barb\u0103 con\u021bine aloe vera, ulei de camelin\u0103 \u0219i ceai verde. Special conceput pentru cur\u0103\u021barea b\u0103rbii, l\u0103s\u00e2nd-o moale, hr\u0103nit\u0103 \u0219i condi\u021bionat\u0103. Produsele noastre sunt destinate exclusiv b\u0103rba\u021bilor \u0219i con\u021bin ingrediente naturale uimitoare. Fi\u021bi bl\u00e2nd cu pielea dumneavoastr\u0103. Produsele noastre nu con\u021bin coloran\u021bi artificiali, parfumuri sintetice sau aditivi din surse animale. Toate&#8230;<\/p>\n","protected":false},"featured_media":287271,"comment_status":"closed","ping_status":"open","template":"","meta":{"_acf_changed":false,"_kadence_starter_templates_imported_post":false,"_kad_post_transparent":"","_kad_post_title":"","_kad_post_layout":"","_kad_post_sidebar_id":"","_kad_post_content_style":"","_kad_post_vertical_padding":"","_kad_post_feature":"","_kad_post_feature_position":"","_kad_post_header":false,"_kad_post_footer":false,"_kad_post_classname":""},"product_brand":[899],"product_cat":[670,721,246],"product_tag":[],"class_list":{"0":"post-287269","1":"product","2":"type-product","3":"status-publish","4":"has-post-thumbnail","6":"product_brand-bulldog","7":"product_cat-barber-shop","8":"product_cat-barber-shop-ingrijirea-barbilor","9":"product_cat-cosmetice","11":"first","12":"instock","13":"product-type-external","14":"entry","15":"content-bg","16":"loop-entry"},"acf":[],"yoast_head":"<!-- This site is optimized with the Yoast SEO plugin v27.4 - https:\/\/yoast.com\/product\/yoast-seo-wordpress\/ -->\n<title>Bulldog \u0218ampon \u0219i balsam 2\u00een1 de barb\u0103 pentru ten normal Original (Beard Shampoo &amp; Conditioner) 200 ml - SHOPATOA.COM<\/title>\n<meta name=\"robots\" content=\"index, follow, max-snippet:-1, max-image-preview:large, max-video-preview:-1\" \/>\n<link rel=\"canonical\" href=\"https:\/\/shopatoa.com\/ro\/bulldog-sampon-si-balsam-2in1-de-barba-pentru-ten-normal-original-beard-shampoo-conditioner-200-ml\/\" \/>\n<meta property=\"og:locale\" content=\"ro_RO\" \/>\n<meta property=\"og:type\" content=\"article\" \/>\n<meta property=\"og:title\" content=\"Bulldog \u0218ampon \u0219i balsam 2\u00een1 de barb\u0103 pentru ten normal Original (Beard Shampoo &amp; Conditioner) 200 ml - SHOPATOA.COM\" \/>\n<meta property=\"og:description\" content=\"Acest \u0219ampon \u0219i balsam pentru barb\u0103 con\u021bine aloe vera, ulei de camelin\u0103 \u0219i ceai verde. Special conceput pentru cur\u0103\u021barea b\u0103rbii, l\u0103s\u00e2nd-o moale, hr\u0103nit\u0103 \u0219i condi\u021bionat\u0103. Produsele noastre sunt destinate exclusiv b\u0103rba\u021bilor \u0219i con\u021bin ingrediente naturale uimitoare. Fi\u021bi bl\u00e2nd cu pielea dumneavoastr\u0103. Produsele noastre nu con\u021bin coloran\u021bi artificiali, parfumuri sintetice sau aditivi din surse animale. Toate...\" \/>\n<meta property=\"og:url\" content=\"https:\/\/shopatoa.com\/ro\/bulldog-sampon-si-balsam-2in1-de-barba-pentru-ten-normal-original-beard-shampoo-conditioner-200-ml\/\" \/>\n<meta property=\"og:site_name\" content=\"SHOPATOA\" \/>\n<meta property=\"article:modified_time\" content=\"2025-12-11T10:33:32+00:00\" \/>\n<meta property=\"og:image\" content=\"https:\/\/storage.googleapis.com\/cz-shopatoa-img\/ro\/d3bc8f32-unnamed-file.webp\" \/>\n\t<meta property=\"og:image:width\" content=\"800\" \/>\n\t<meta property=\"og:image:height\" content=\"800\" \/>\n\t<meta property=\"og:image:type\" content=\"image\/webp\" \/>\n<meta name=\"twitter:card\" content=\"summary_large_image\" \/>\n<script type=\"application\/ld+json\" class=\"yoast-schema-graph\">{\"@context\":\"https:\\\/\\\/schema.org\",\"@graph\":[{\"@type\":\"WebPage\",\"@id\":\"https:\\\/\\\/shopatoa.com\\\/ro\\\/bulldog-sampon-si-balsam-2in1-de-barba-pentru-ten-normal-original-beard-shampoo-conditioner-200-ml\\\/\",\"url\":\"https:\\\/\\\/shopatoa.com\\\/ro\\\/bulldog-sampon-si-balsam-2in1-de-barba-pentru-ten-normal-original-beard-shampoo-conditioner-200-ml\\\/\",\"name\":\"Bulldog \u0218ampon \u0219i balsam 2\u00een1 de barb\u0103 pentru ten normal Original (Beard Shampoo & Conditioner) 200 ml - SHOPATOA.COM\",\"isPartOf\":{\"@id\":\"https:\\\/\\\/shopatoa.com\\\/ro\\\/#website\"},\"primaryImageOfPage\":{\"@id\":\"https:\\\/\\\/shopatoa.com\\\/ro\\\/bulldog-sampon-si-balsam-2in1-de-barba-pentru-ten-normal-original-beard-shampoo-conditioner-200-ml\\\/#primaryimage\"},\"image\":{\"@id\":\"https:\\\/\\\/shopatoa.com\\\/ro\\\/bulldog-sampon-si-balsam-2in1-de-barba-pentru-ten-normal-original-beard-shampoo-conditioner-200-ml\\\/#primaryimage\"},\"thumbnailUrl\":\"https:\\\/\\\/storage.googleapis.com\\\/cz-shopatoa-img\\\/ro\\\/d3bc8f32-unnamed-file.webp\",\"datePublished\":\"2025-05-01T06:01:12+00:00\",\"dateModified\":\"2025-12-11T10:33:32+00:00\",\"breadcrumb\":{\"@id\":\"https:\\\/\\\/shopatoa.com\\\/ro\\\/bulldog-sampon-si-balsam-2in1-de-barba-pentru-ten-normal-original-beard-shampoo-conditioner-200-ml\\\/#breadcrumb\"},\"inLanguage\":\"ro-RO\",\"potentialAction\":[{\"@type\":\"ReadAction\",\"target\":[\"https:\\\/\\\/shopatoa.com\\\/ro\\\/bulldog-sampon-si-balsam-2in1-de-barba-pentru-ten-normal-original-beard-shampoo-conditioner-200-ml\\\/\"]}]},{\"@type\":\"ImageObject\",\"inLanguage\":\"ro-RO\",\"@id\":\"https:\\\/\\\/shopatoa.com\\\/ro\\\/bulldog-sampon-si-balsam-2in1-de-barba-pentru-ten-normal-original-beard-shampoo-conditioner-200-ml\\\/#primaryimage\",\"url\":\"https:\\\/\\\/storage.googleapis.com\\\/cz-shopatoa-img\\\/ro\\\/d3bc8f32-unnamed-file.webp\",\"contentUrl\":\"https:\\\/\\\/storage.googleapis.com\\\/cz-shopatoa-img\\\/ro\\\/d3bc8f32-unnamed-file.webp\",\"width\":800,\"height\":800},{\"@type\":\"BreadcrumbList\",\"@id\":\"https:\\\/\\\/shopatoa.com\\\/ro\\\/bulldog-sampon-si-balsam-2in1-de-barba-pentru-ten-normal-original-beard-shampoo-conditioner-200-ml\\\/#breadcrumb\",\"itemListElement\":[{\"@type\":\"ListItem\",\"position\":1,\"name\":\"Dom\u016f\",\"item\":\"https:\\\/\\\/shopatoa.com\\\/ro\\\/\"},{\"@type\":\"ListItem\",\"position\":2,\"name\":\"Shop\",\"item\":\"https:\\\/\\\/shopatoa.com\\\/ro\\\/shop\\\/\"},{\"@type\":\"ListItem\",\"position\":3,\"name\":\"Cosmetice\",\"item\":\"https:\\\/\\\/shopatoa.com\\\/ro\\\/cosmetice\\\/\"},{\"@type\":\"ListItem\",\"position\":4,\"name\":\"Barber Shop\",\"item\":\"https:\\\/\\\/shopatoa.com\\\/ro\\\/barber-shop\\\/\"},{\"@type\":\"ListItem\",\"position\":5,\"name\":\"Barber Shop \u2013 ingrijirea barbilor\",\"item\":\"https:\\\/\\\/shopatoa.com\\\/ro\\\/barber-shop-ingrijirea-barbilor\\\/\"},{\"@type\":\"ListItem\",\"position\":6,\"name\":\"Bulldog \u0218ampon \u0219i balsam 2\u00een1 de barb\u0103 pentru ten normal Original (Beard Shampoo &amp; Conditioner) 200 ml\"}]},{\"@type\":\"WebSite\",\"@id\":\"https:\\\/\\\/shopatoa.com\\\/ro\\\/#website\",\"url\":\"https:\\\/\\\/shopatoa.com\\\/ro\\\/\",\"name\":\"SHOPATOA\",\"description\":\"\",\"publisher\":{\"@id\":\"https:\\\/\\\/shopatoa.com\\\/ro\\\/#organization\"},\"potentialAction\":[{\"@type\":\"SearchAction\",\"target\":{\"@type\":\"EntryPoint\",\"urlTemplate\":\"https:\\\/\\\/shopatoa.com\\\/ro\\\/?s={search_term_string}\"},\"query-input\":{\"@type\":\"PropertyValueSpecification\",\"valueRequired\":true,\"valueName\":\"search_term_string\"}}],\"inLanguage\":\"ro-RO\"},{\"@type\":\"Organization\",\"@id\":\"https:\\\/\\\/shopatoa.com\\\/ro\\\/#organization\",\"name\":\"SHOPATOA\",\"url\":\"https:\\\/\\\/shopatoa.com\\\/ro\\\/\",\"logo\":{\"@type\":\"ImageObject\",\"inLanguage\":\"ro-RO\",\"@id\":\"https:\\\/\\\/shopatoa.com\\\/ro\\\/#\\\/schema\\\/logo\\\/image\\\/\",\"url\":\"https:\\\/\\\/storage.googleapis.com\\\/cz-shopatoa-img\\\/ro\\\/b4dac915-shopatoa_logo.png\",\"contentUrl\":\"https:\\\/\\\/storage.googleapis.com\\\/cz-shopatoa-img\\\/ro\\\/b4dac915-shopatoa_logo.png\",\"width\":416,\"height\":63,\"caption\":\"SHOPATOA\"},\"image\":{\"@id\":\"https:\\\/\\\/shopatoa.com\\\/ro\\\/#\\\/schema\\\/logo\\\/image\\\/\"}}]}<\/script>\n<!-- \/ Yoast SEO plugin. -->","yoast_head_json":{"title":"Bulldog \u0218ampon \u0219i balsam 2\u00een1 de barb\u0103 pentru ten normal Original (Beard Shampoo & Conditioner) 200 ml - SHOPATOA.COM","robots":{"index":"index","follow":"follow","max-snippet":"max-snippet:-1","max-image-preview":"max-image-preview:large","max-video-preview":"max-video-preview:-1"},"canonical":"https:\/\/shopatoa.com\/ro\/bulldog-sampon-si-balsam-2in1-de-barba-pentru-ten-normal-original-beard-shampoo-conditioner-200-ml\/","og_locale":"ro_RO","og_type":"article","og_title":"Bulldog \u0218ampon \u0219i balsam 2\u00een1 de barb\u0103 pentru ten normal Original (Beard Shampoo & Conditioner) 200 ml - SHOPATOA.COM","og_description":"Acest \u0219ampon \u0219i balsam pentru barb\u0103 con\u021bine aloe vera, ulei de camelin\u0103 \u0219i ceai verde. Special conceput pentru cur\u0103\u021barea b\u0103rbii, l\u0103s\u00e2nd-o moale, hr\u0103nit\u0103 \u0219i condi\u021bionat\u0103. Produsele noastre sunt destinate exclusiv b\u0103rba\u021bilor \u0219i con\u021bin ingrediente naturale uimitoare. Fi\u021bi bl\u00e2nd cu pielea dumneavoastr\u0103. Produsele noastre nu con\u021bin coloran\u021bi artificiali, parfumuri sintetice sau aditivi din surse animale. Toate...","og_url":"https:\/\/shopatoa.com\/ro\/bulldog-sampon-si-balsam-2in1-de-barba-pentru-ten-normal-original-beard-shampoo-conditioner-200-ml\/","og_site_name":"SHOPATOA","article_modified_time":"2025-12-11T10:33:32+00:00","og_image":[{"width":800,"height":800,"url":"https:\/\/storage.googleapis.com\/cz-shopatoa-img\/ro\/d3bc8f32-unnamed-file.webp","type":"image\/webp"}],"twitter_card":"summary_large_image","schema":{"@context":"https:\/\/schema.org","@graph":[{"@type":"WebPage","@id":"https:\/\/shopatoa.com\/ro\/bulldog-sampon-si-balsam-2in1-de-barba-pentru-ten-normal-original-beard-shampoo-conditioner-200-ml\/","url":"https:\/\/shopatoa.com\/ro\/bulldog-sampon-si-balsam-2in1-de-barba-pentru-ten-normal-original-beard-shampoo-conditioner-200-ml\/","name":"Bulldog \u0218ampon \u0219i balsam 2\u00een1 de barb\u0103 pentru ten normal Original (Beard Shampoo & Conditioner) 200 ml - SHOPATOA.COM","isPartOf":{"@id":"https:\/\/shopatoa.com\/ro\/#website"},"primaryImageOfPage":{"@id":"https:\/\/shopatoa.com\/ro\/bulldog-sampon-si-balsam-2in1-de-barba-pentru-ten-normal-original-beard-shampoo-conditioner-200-ml\/#primaryimage"},"image":{"@id":"https:\/\/shopatoa.com\/ro\/bulldog-sampon-si-balsam-2in1-de-barba-pentru-ten-normal-original-beard-shampoo-conditioner-200-ml\/#primaryimage"},"thumbnailUrl":"https:\/\/storage.googleapis.com\/cz-shopatoa-img\/ro\/d3bc8f32-unnamed-file.webp","datePublished":"2025-05-01T06:01:12+00:00","dateModified":"2025-12-11T10:33:32+00:00","breadcrumb":{"@id":"https:\/\/shopatoa.com\/ro\/bulldog-sampon-si-balsam-2in1-de-barba-pentru-ten-normal-original-beard-shampoo-conditioner-200-ml\/#breadcrumb"},"inLanguage":"ro-RO","potentialAction":[{"@type":"ReadAction","target":["https:\/\/shopatoa.com\/ro\/bulldog-sampon-si-balsam-2in1-de-barba-pentru-ten-normal-original-beard-shampoo-conditioner-200-ml\/"]}]},{"@type":"ImageObject","inLanguage":"ro-RO","@id":"https:\/\/shopatoa.com\/ro\/bulldog-sampon-si-balsam-2in1-de-barba-pentru-ten-normal-original-beard-shampoo-conditioner-200-ml\/#primaryimage","url":"https:\/\/storage.googleapis.com\/cz-shopatoa-img\/ro\/d3bc8f32-unnamed-file.webp","contentUrl":"https:\/\/storage.googleapis.com\/cz-shopatoa-img\/ro\/d3bc8f32-unnamed-file.webp","width":800,"height":800},{"@type":"BreadcrumbList","@id":"https:\/\/shopatoa.com\/ro\/bulldog-sampon-si-balsam-2in1-de-barba-pentru-ten-normal-original-beard-shampoo-conditioner-200-ml\/#breadcrumb","itemListElement":[{"@type":"ListItem","position":1,"name":"Dom\u016f","item":"https:\/\/shopatoa.com\/ro\/"},{"@type":"ListItem","position":2,"name":"Shop","item":"https:\/\/shopatoa.com\/ro\/shop\/"},{"@type":"ListItem","position":3,"name":"Cosmetice","item":"https:\/\/shopatoa.com\/ro\/cosmetice\/"},{"@type":"ListItem","position":4,"name":"Barber Shop","item":"https:\/\/shopatoa.com\/ro\/barber-shop\/"},{"@type":"ListItem","position":5,"name":"Barber Shop \u2013 ingrijirea barbilor","item":"https:\/\/shopatoa.com\/ro\/barber-shop-ingrijirea-barbilor\/"},{"@type":"ListItem","position":6,"name":"Bulldog \u0218ampon \u0219i balsam 2\u00een1 de barb\u0103 pentru ten normal Original (Beard Shampoo &amp; Conditioner) 200 ml"}]},{"@type":"WebSite","@id":"https:\/\/shopatoa.com\/ro\/#website","url":"https:\/\/shopatoa.com\/ro\/","name":"SHOPATOA","description":"","publisher":{"@id":"https:\/\/shopatoa.com\/ro\/#organization"},"potentialAction":[{"@type":"SearchAction","target":{"@type":"EntryPoint","urlTemplate":"https:\/\/shopatoa.com\/ro\/?s={search_term_string}"},"query-input":{"@type":"PropertyValueSpecification","valueRequired":true,"valueName":"search_term_string"}}],"inLanguage":"ro-RO"},{"@type":"Organization","@id":"https:\/\/shopatoa.com\/ro\/#organization","name":"SHOPATOA","url":"https:\/\/shopatoa.com\/ro\/","logo":{"@type":"ImageObject","inLanguage":"ro-RO","@id":"https:\/\/shopatoa.com\/ro\/#\/schema\/logo\/image\/","url":"https:\/\/storage.googleapis.com\/cz-shopatoa-img\/ro\/b4dac915-shopatoa_logo.png","contentUrl":"https:\/\/storage.googleapis.com\/cz-shopatoa-img\/ro\/b4dac915-shopatoa_logo.png","width":416,"height":63,"caption":"SHOPATOA"},"image":{"@id":"https:\/\/shopatoa.com\/ro\/#\/schema\/logo\/image\/"}}]}},"_links":{"self":[{"href":"https:\/\/shopatoa.com\/ro\/wp-json\/wp\/v2\/product\/287269","targetHints":{"allow":["GET"]}}],"collection":[{"href":"https:\/\/shopatoa.com\/ro\/wp-json\/wp\/v2\/product"}],"about":[{"href":"https:\/\/shopatoa.com\/ro\/wp-json\/wp\/v2\/types\/product"}],"replies":[{"embeddable":true,"href":"https:\/\/shopatoa.com\/ro\/wp-json\/wp\/v2\/comments?post=287269"}],"wp:featuredmedia":[{"embeddable":true,"href":"https:\/\/shopatoa.com\/ro\/wp-json\/wp\/v2\/media\/287271"}],"wp:attachment":[{"href":"https:\/\/shopatoa.com\/ro\/wp-json\/wp\/v2\/media?parent=287269"}],"wp:term":[{"taxonomy":"product_brand","embeddable":true,"href":"https:\/\/shopatoa.com\/ro\/wp-json\/wp\/v2\/product_brand?post=287269"},{"taxonomy":"product_cat","embeddable":true,"href":"https:\/\/shopatoa.com\/ro\/wp-json\/wp\/v2\/product_cat?post=287269"},{"taxonomy":"product_tag","embeddable":true,"href":"https:\/\/shopatoa.com\/ro\/wp-json\/wp\/v2\/product_tag?post=287269"}],"curies":[{"name":"wp","href":"https:\/\/api.w.org\/{rel}","templated":true}]}}