{"id":287576,"date":"2025-05-01T08:31:13","date_gmt":"2025-05-01T06:31:13","guid":{"rendered":"https:\/\/shopatoa.com\/ro\/proficare-cantar-personal-ecologic-cinetic-alb-fara-baterii-pw-3112\/"},"modified":"2025-12-11T11:14:08","modified_gmt":"2025-12-11T10:14:08","slug":"proficare-cantar-personal-ecologic-cinetic-alb-fara-baterii-pw-3112","status":"publish","type":"product","link":"https:\/\/shopatoa.com\/ro\/proficare-cantar-personal-ecologic-cinetic-alb-fara-baterii-pw-3112\/","title":{"rendered":"ProfiCare C\u00e2ntar personal ecologic cinetic alb (f\u0103r\u0103 baterii) PW 3112"},"content":{"rendered":"<p>C\u00e2ntarul personal cinetic ProfiCare\u00ae ofer\u0103 m\u0103sur\u0103ri precise f\u0103r\u0103 utilizarea bateriilor prin generarea propriei puteri printr-o ap\u0103sare scurt\u0103 a butonului de pornire. Acest c\u00e2ntar personal f\u0103r\u0103 baterie este ecologic \u0219i durabil datorit\u0103 energiei care se autogenereaz\u0103. Suprafa\u021ba de sticl\u0103 foarte mare, de \u00eenalt\u0103 calitate (aprox. 31 x 31 cm) nu este doar elegant\u0103, ci \u0219i rezistent\u0103 la zg\u00e2rieturi \u0219i u\u0219or de cur\u0103\u021bat, asigur\u00e2nd o durat\u0103 de via\u021b\u0103 lung\u0103 pentru c\u00e2ntarul dumneavoastr\u0103. Ecranul LCD foarte mare asigur\u0103 o lizibilitate optim\u0103. Pute\u021bi alege \u00eentre unit\u0103\u021bi de m\u0103sur\u0103 kg sau lb \u0219i utiliza\u021bi un interval de m\u0103surare de 5-180 kg \u00een trepte de 100 g. Oprirea automat\u0103, indicatoarele de putere redus\u0103 \u0219i de suprasarcin\u0103 \u0219i picioarele anti-alunecare asigur\u0103 o utilizare sigur\u0103 \u0219i u\u0219oar\u0103 a c\u00e2ntarului. Intervalul de m\u0103surare este de 5-180 kg, c\u00e2nd m\u0103soar\u0103 \u00een trepte de 100 g. Suprafa\u021ba sa (igienic\u0103, rezistent\u0103 la zg\u00e2rieturi) necesit\u0103 doar o \u00eengrijire minim\u0103 \u0219i este suficient s\u0103 o \u0219tergi de praf din c\u00e2nd \u00een c\u00e2nd. Dimensiuni suprafa\u021b\u0103: aproximativ 31 x 31 cm. Partea sa inferioar\u0103 este echipat\u0103 cu picioare antiderapante, care \u00eempiedic\u0103 mi\u0219c\u0103rile nedorite pe podea. Oprirea automat\u0103 dup\u0103 m\u0103surare economise\u0219te energie.<\/p>\n","protected":false},"excerpt":{"rendered":"<p>C\u00e2ntarul personal cinetic ProfiCare\u00ae ofer\u0103 m\u0103sur\u0103ri precise f\u0103r\u0103 utilizarea bateriilor prin generarea propriei puteri printr-o ap\u0103sare scurt\u0103 a butonului de pornire. Acest c\u00e2ntar personal f\u0103r\u0103 baterie este ecologic \u0219i durabil datorit\u0103 energiei care se autogenereaz\u0103. Suprafa\u021ba de sticl\u0103 foarte mare, de \u00eenalt\u0103 calitate (aprox. 31 x 31 cm) nu este doar elegant\u0103, ci \u0219i rezistent\u0103&#8230;<\/p>\n","protected":false},"featured_media":287578,"comment_status":"closed","ping_status":"open","template":"","meta":{"_acf_changed":false,"_kadence_starter_templates_imported_post":false,"_kad_post_transparent":"","_kad_post_title":"","_kad_post_layout":"","_kad_post_sidebar_id":"","_kad_post_content_style":"","_kad_post_vertical_padding":"","_kad_post_feature":"","_kad_post_feature_position":"","_kad_post_header":false,"_kad_post_footer":false,"_kad_post_classname":""},"product_brand":[876],"product_cat":[733,758,353],"product_tag":[],"class_list":{"0":"post-287576","1":"product","2":"type-product","3":"status-publish","4":"has-post-thumbnail","6":"product_brand-proficare","7":"product_cat-aparate-si-ajutoare-de-sanatate","8":"product_cat-cantare-si-analizoare-de-grasime","9":"product_cat-sanatate","11":"first","12":"instock","13":"product-type-external","14":"entry","15":"content-bg","16":"loop-entry"},"acf":[],"yoast_head":"<!-- This site is optimized with the Yoast SEO plugin v27.4 - https:\/\/yoast.com\/product\/yoast-seo-wordpress\/ -->\n<title>ProfiCare C\u00e2ntar personal ecologic cinetic alb (f\u0103r\u0103 baterii) PW 3112 - SHOPATOA.COM<\/title>\n<meta name=\"robots\" content=\"index, follow, max-snippet:-1, max-image-preview:large, max-video-preview:-1\" \/>\n<link rel=\"canonical\" href=\"https:\/\/shopatoa.com\/ro\/proficare-cantar-personal-ecologic-cinetic-alb-fara-baterii-pw-3112\/\" \/>\n<meta property=\"og:locale\" content=\"ro_RO\" \/>\n<meta property=\"og:type\" content=\"article\" \/>\n<meta property=\"og:title\" content=\"ProfiCare C\u00e2ntar personal ecologic cinetic alb (f\u0103r\u0103 baterii) PW 3112 - SHOPATOA.COM\" \/>\n<meta property=\"og:description\" content=\"C\u00e2ntarul personal cinetic ProfiCare\u00ae ofer\u0103 m\u0103sur\u0103ri precise f\u0103r\u0103 utilizarea bateriilor prin generarea propriei puteri printr-o ap\u0103sare scurt\u0103 a butonului de pornire. Acest c\u00e2ntar personal f\u0103r\u0103 baterie este ecologic \u0219i durabil datorit\u0103 energiei care se autogenereaz\u0103. Suprafa\u021ba de sticl\u0103 foarte mare, de \u00eenalt\u0103 calitate (aprox. 31 x 31 cm) nu este doar elegant\u0103, ci \u0219i rezistent\u0103...\" \/>\n<meta property=\"og:url\" content=\"https:\/\/shopatoa.com\/ro\/proficare-cantar-personal-ecologic-cinetic-alb-fara-baterii-pw-3112\/\" \/>\n<meta property=\"og:site_name\" content=\"SHOPATOA\" \/>\n<meta property=\"article:modified_time\" content=\"2025-12-11T10:14:08+00:00\" \/>\n<meta property=\"og:image\" content=\"https:\/\/storage.googleapis.com\/cz-shopatoa-img\/ro\/8152e4a8-unnamed-file.webp\" \/>\n\t<meta property=\"og:image:width\" content=\"800\" \/>\n\t<meta property=\"og:image:height\" content=\"800\" \/>\n\t<meta property=\"og:image:type\" content=\"image\/webp\" \/>\n<meta name=\"twitter:card\" content=\"summary_large_image\" \/>\n<meta name=\"twitter:label1\" content=\"Timp estimat pentru citire\" \/>\n\t<meta name=\"twitter:data1\" content=\"1 minut\" \/>\n<script type=\"application\/ld+json\" class=\"yoast-schema-graph\">{\"@context\":\"https:\\\/\\\/schema.org\",\"@graph\":[{\"@type\":\"WebPage\",\"@id\":\"https:\\\/\\\/shopatoa.com\\\/ro\\\/proficare-cantar-personal-ecologic-cinetic-alb-fara-baterii-pw-3112\\\/\",\"url\":\"https:\\\/\\\/shopatoa.com\\\/ro\\\/proficare-cantar-personal-ecologic-cinetic-alb-fara-baterii-pw-3112\\\/\",\"name\":\"ProfiCare C\u00e2ntar personal ecologic cinetic alb (f\u0103r\u0103 baterii) PW 3112 - SHOPATOA.COM\",\"isPartOf\":{\"@id\":\"https:\\\/\\\/shopatoa.com\\\/ro\\\/#website\"},\"primaryImageOfPage\":{\"@id\":\"https:\\\/\\\/shopatoa.com\\\/ro\\\/proficare-cantar-personal-ecologic-cinetic-alb-fara-baterii-pw-3112\\\/#primaryimage\"},\"image\":{\"@id\":\"https:\\\/\\\/shopatoa.com\\\/ro\\\/proficare-cantar-personal-ecologic-cinetic-alb-fara-baterii-pw-3112\\\/#primaryimage\"},\"thumbnailUrl\":\"https:\\\/\\\/storage.googleapis.com\\\/cz-shopatoa-img\\\/ro\\\/8152e4a8-unnamed-file.webp\",\"datePublished\":\"2025-05-01T06:31:13+00:00\",\"dateModified\":\"2025-12-11T10:14:08+00:00\",\"breadcrumb\":{\"@id\":\"https:\\\/\\\/shopatoa.com\\\/ro\\\/proficare-cantar-personal-ecologic-cinetic-alb-fara-baterii-pw-3112\\\/#breadcrumb\"},\"inLanguage\":\"ro-RO\",\"potentialAction\":[{\"@type\":\"ReadAction\",\"target\":[\"https:\\\/\\\/shopatoa.com\\\/ro\\\/proficare-cantar-personal-ecologic-cinetic-alb-fara-baterii-pw-3112\\\/\"]}]},{\"@type\":\"ImageObject\",\"inLanguage\":\"ro-RO\",\"@id\":\"https:\\\/\\\/shopatoa.com\\\/ro\\\/proficare-cantar-personal-ecologic-cinetic-alb-fara-baterii-pw-3112\\\/#primaryimage\",\"url\":\"https:\\\/\\\/storage.googleapis.com\\\/cz-shopatoa-img\\\/ro\\\/8152e4a8-unnamed-file.webp\",\"contentUrl\":\"https:\\\/\\\/storage.googleapis.com\\\/cz-shopatoa-img\\\/ro\\\/8152e4a8-unnamed-file.webp\",\"width\":800,\"height\":800},{\"@type\":\"BreadcrumbList\",\"@id\":\"https:\\\/\\\/shopatoa.com\\\/ro\\\/proficare-cantar-personal-ecologic-cinetic-alb-fara-baterii-pw-3112\\\/#breadcrumb\",\"itemListElement\":[{\"@type\":\"ListItem\",\"position\":1,\"name\":\"Dom\u016f\",\"item\":\"https:\\\/\\\/shopatoa.com\\\/ro\\\/\"},{\"@type\":\"ListItem\",\"position\":2,\"name\":\"Shop\",\"item\":\"https:\\\/\\\/shopatoa.com\\\/ro\\\/shop\\\/\"},{\"@type\":\"ListItem\",\"position\":3,\"name\":\"S\u0103n\u0103tate\",\"item\":\"https:\\\/\\\/shopatoa.com\\\/ro\\\/sanatate\\\/\"},{\"@type\":\"ListItem\",\"position\":4,\"name\":\"Aparate \u0219i ajutoare de s\u0103n\u0103tate\",\"item\":\"https:\\\/\\\/shopatoa.com\\\/ro\\\/aparate-si-ajutoare-de-sanatate\\\/\"},{\"@type\":\"ListItem\",\"position\":5,\"name\":\"C\u00e2ntare \u0219i analizoare de gr\u0103sime\",\"item\":\"https:\\\/\\\/shopatoa.com\\\/ro\\\/cantare-si-analizoare-de-grasime\\\/\"},{\"@type\":\"ListItem\",\"position\":6,\"name\":\"ProfiCare C\u00e2ntar personal ecologic cinetic alb (f\u0103r\u0103 baterii) PW 3112\"}]},{\"@type\":\"WebSite\",\"@id\":\"https:\\\/\\\/shopatoa.com\\\/ro\\\/#website\",\"url\":\"https:\\\/\\\/shopatoa.com\\\/ro\\\/\",\"name\":\"SHOPATOA\",\"description\":\"\",\"publisher\":{\"@id\":\"https:\\\/\\\/shopatoa.com\\\/ro\\\/#organization\"},\"potentialAction\":[{\"@type\":\"SearchAction\",\"target\":{\"@type\":\"EntryPoint\",\"urlTemplate\":\"https:\\\/\\\/shopatoa.com\\\/ro\\\/?s={search_term_string}\"},\"query-input\":{\"@type\":\"PropertyValueSpecification\",\"valueRequired\":true,\"valueName\":\"search_term_string\"}}],\"inLanguage\":\"ro-RO\"},{\"@type\":\"Organization\",\"@id\":\"https:\\\/\\\/shopatoa.com\\\/ro\\\/#organization\",\"name\":\"SHOPATOA\",\"url\":\"https:\\\/\\\/shopatoa.com\\\/ro\\\/\",\"logo\":{\"@type\":\"ImageObject\",\"inLanguage\":\"ro-RO\",\"@id\":\"https:\\\/\\\/shopatoa.com\\\/ro\\\/#\\\/schema\\\/logo\\\/image\\\/\",\"url\":\"https:\\\/\\\/storage.googleapis.com\\\/cz-shopatoa-img\\\/ro\\\/b4dac915-shopatoa_logo.png\",\"contentUrl\":\"https:\\\/\\\/storage.googleapis.com\\\/cz-shopatoa-img\\\/ro\\\/b4dac915-shopatoa_logo.png\",\"width\":416,\"height\":63,\"caption\":\"SHOPATOA\"},\"image\":{\"@id\":\"https:\\\/\\\/shopatoa.com\\\/ro\\\/#\\\/schema\\\/logo\\\/image\\\/\"}}]}<\/script>\n<!-- \/ Yoast SEO plugin. -->","yoast_head_json":{"title":"ProfiCare C\u00e2ntar personal ecologic cinetic alb (f\u0103r\u0103 baterii) PW 3112 - SHOPATOA.COM","robots":{"index":"index","follow":"follow","max-snippet":"max-snippet:-1","max-image-preview":"max-image-preview:large","max-video-preview":"max-video-preview:-1"},"canonical":"https:\/\/shopatoa.com\/ro\/proficare-cantar-personal-ecologic-cinetic-alb-fara-baterii-pw-3112\/","og_locale":"ro_RO","og_type":"article","og_title":"ProfiCare C\u00e2ntar personal ecologic cinetic alb (f\u0103r\u0103 baterii) PW 3112 - SHOPATOA.COM","og_description":"C\u00e2ntarul personal cinetic ProfiCare\u00ae ofer\u0103 m\u0103sur\u0103ri precise f\u0103r\u0103 utilizarea bateriilor prin generarea propriei puteri printr-o ap\u0103sare scurt\u0103 a butonului de pornire. Acest c\u00e2ntar personal f\u0103r\u0103 baterie este ecologic \u0219i durabil datorit\u0103 energiei care se autogenereaz\u0103. Suprafa\u021ba de sticl\u0103 foarte mare, de \u00eenalt\u0103 calitate (aprox. 31 x 31 cm) nu este doar elegant\u0103, ci \u0219i rezistent\u0103...","og_url":"https:\/\/shopatoa.com\/ro\/proficare-cantar-personal-ecologic-cinetic-alb-fara-baterii-pw-3112\/","og_site_name":"SHOPATOA","article_modified_time":"2025-12-11T10:14:08+00:00","og_image":[{"width":800,"height":800,"url":"https:\/\/storage.googleapis.com\/cz-shopatoa-img\/ro\/8152e4a8-unnamed-file.webp","type":"image\/webp"}],"twitter_card":"summary_large_image","twitter_misc":{"Timp estimat pentru citire":"1 minut"},"schema":{"@context":"https:\/\/schema.org","@graph":[{"@type":"WebPage","@id":"https:\/\/shopatoa.com\/ro\/proficare-cantar-personal-ecologic-cinetic-alb-fara-baterii-pw-3112\/","url":"https:\/\/shopatoa.com\/ro\/proficare-cantar-personal-ecologic-cinetic-alb-fara-baterii-pw-3112\/","name":"ProfiCare C\u00e2ntar personal ecologic cinetic alb (f\u0103r\u0103 baterii) PW 3112 - SHOPATOA.COM","isPartOf":{"@id":"https:\/\/shopatoa.com\/ro\/#website"},"primaryImageOfPage":{"@id":"https:\/\/shopatoa.com\/ro\/proficare-cantar-personal-ecologic-cinetic-alb-fara-baterii-pw-3112\/#primaryimage"},"image":{"@id":"https:\/\/shopatoa.com\/ro\/proficare-cantar-personal-ecologic-cinetic-alb-fara-baterii-pw-3112\/#primaryimage"},"thumbnailUrl":"https:\/\/storage.googleapis.com\/cz-shopatoa-img\/ro\/8152e4a8-unnamed-file.webp","datePublished":"2025-05-01T06:31:13+00:00","dateModified":"2025-12-11T10:14:08+00:00","breadcrumb":{"@id":"https:\/\/shopatoa.com\/ro\/proficare-cantar-personal-ecologic-cinetic-alb-fara-baterii-pw-3112\/#breadcrumb"},"inLanguage":"ro-RO","potentialAction":[{"@type":"ReadAction","target":["https:\/\/shopatoa.com\/ro\/proficare-cantar-personal-ecologic-cinetic-alb-fara-baterii-pw-3112\/"]}]},{"@type":"ImageObject","inLanguage":"ro-RO","@id":"https:\/\/shopatoa.com\/ro\/proficare-cantar-personal-ecologic-cinetic-alb-fara-baterii-pw-3112\/#primaryimage","url":"https:\/\/storage.googleapis.com\/cz-shopatoa-img\/ro\/8152e4a8-unnamed-file.webp","contentUrl":"https:\/\/storage.googleapis.com\/cz-shopatoa-img\/ro\/8152e4a8-unnamed-file.webp","width":800,"height":800},{"@type":"BreadcrumbList","@id":"https:\/\/shopatoa.com\/ro\/proficare-cantar-personal-ecologic-cinetic-alb-fara-baterii-pw-3112\/#breadcrumb","itemListElement":[{"@type":"ListItem","position":1,"name":"Dom\u016f","item":"https:\/\/shopatoa.com\/ro\/"},{"@type":"ListItem","position":2,"name":"Shop","item":"https:\/\/shopatoa.com\/ro\/shop\/"},{"@type":"ListItem","position":3,"name":"S\u0103n\u0103tate","item":"https:\/\/shopatoa.com\/ro\/sanatate\/"},{"@type":"ListItem","position":4,"name":"Aparate \u0219i ajutoare de s\u0103n\u0103tate","item":"https:\/\/shopatoa.com\/ro\/aparate-si-ajutoare-de-sanatate\/"},{"@type":"ListItem","position":5,"name":"C\u00e2ntare \u0219i analizoare de gr\u0103sime","item":"https:\/\/shopatoa.com\/ro\/cantare-si-analizoare-de-grasime\/"},{"@type":"ListItem","position":6,"name":"ProfiCare C\u00e2ntar personal ecologic cinetic alb (f\u0103r\u0103 baterii) PW 3112"}]},{"@type":"WebSite","@id":"https:\/\/shopatoa.com\/ro\/#website","url":"https:\/\/shopatoa.com\/ro\/","name":"SHOPATOA","description":"","publisher":{"@id":"https:\/\/shopatoa.com\/ro\/#organization"},"potentialAction":[{"@type":"SearchAction","target":{"@type":"EntryPoint","urlTemplate":"https:\/\/shopatoa.com\/ro\/?s={search_term_string}"},"query-input":{"@type":"PropertyValueSpecification","valueRequired":true,"valueName":"search_term_string"}}],"inLanguage":"ro-RO"},{"@type":"Organization","@id":"https:\/\/shopatoa.com\/ro\/#organization","name":"SHOPATOA","url":"https:\/\/shopatoa.com\/ro\/","logo":{"@type":"ImageObject","inLanguage":"ro-RO","@id":"https:\/\/shopatoa.com\/ro\/#\/schema\/logo\/image\/","url":"https:\/\/storage.googleapis.com\/cz-shopatoa-img\/ro\/b4dac915-shopatoa_logo.png","contentUrl":"https:\/\/storage.googleapis.com\/cz-shopatoa-img\/ro\/b4dac915-shopatoa_logo.png","width":416,"height":63,"caption":"SHOPATOA"},"image":{"@id":"https:\/\/shopatoa.com\/ro\/#\/schema\/logo\/image\/"}}]}},"_links":{"self":[{"href":"https:\/\/shopatoa.com\/ro\/wp-json\/wp\/v2\/product\/287576","targetHints":{"allow":["GET"]}}],"collection":[{"href":"https:\/\/shopatoa.com\/ro\/wp-json\/wp\/v2\/product"}],"about":[{"href":"https:\/\/shopatoa.com\/ro\/wp-json\/wp\/v2\/types\/product"}],"replies":[{"embeddable":true,"href":"https:\/\/shopatoa.com\/ro\/wp-json\/wp\/v2\/comments?post=287576"}],"wp:featuredmedia":[{"embeddable":true,"href":"https:\/\/shopatoa.com\/ro\/wp-json\/wp\/v2\/media\/287578"}],"wp:attachment":[{"href":"https:\/\/shopatoa.com\/ro\/wp-json\/wp\/v2\/media?parent=287576"}],"wp:term":[{"taxonomy":"product_brand","embeddable":true,"href":"https:\/\/shopatoa.com\/ro\/wp-json\/wp\/v2\/product_brand?post=287576"},{"taxonomy":"product_cat","embeddable":true,"href":"https:\/\/shopatoa.com\/ro\/wp-json\/wp\/v2\/product_cat?post=287576"},{"taxonomy":"product_tag","embeddable":true,"href":"https:\/\/shopatoa.com\/ro\/wp-json\/wp\/v2\/product_tag?post=287576"}],"curies":[{"name":"wp","href":"https:\/\/api.w.org\/{rel}","templated":true}]}}