{"id":287914,"date":"2025-05-01T09:06:24","date_gmt":"2025-05-01T07:06:24","guid":{"rendered":"https:\/\/shopatoa.com\/ro\/yankee-candle-cartus-de-rezerva-pentru-difuzorul-electric-bayside-cedar-2-x-185-ml\/"},"modified":"2025-12-11T10:43:19","modified_gmt":"2025-12-11T09:43:19","slug":"yankee-candle-cartus-de-rezerva-pentru-difuzorul-electric-bayside-cedar-2-x-185-ml","status":"publish","type":"product","link":"https:\/\/shopatoa.com\/ro\/yankee-candle-cartus-de-rezerva-pentru-difuzorul-electric-bayside-cedar-2-x-185-ml\/","title":{"rendered":"Yankee Candle Cartu\u0219 de rezerv\u0103 pentru difuzorul electric Bayside Cedar 2 x 18,5 ml"},"content":{"rendered":"<p>Cartu\u0219ul de \u00eenlocuire pentru difuzorul electric Bayside Cedar v\u0103 duce la o plimbare \u00een p\u0103dure dup\u0103 ploaie. Aerul este umplut cu note r\u0103coritoare de grapefruit, flori de mandarine \u0219i ambragris cald \u0219i senzual. Pute\u021bi regla intensitatea parfumului direct de pe unitatea de baz\u0103, \u00een 3 trepte. Las\u0103 casa parfumat\u0103 p\u00e2n\u0103 la 30 de zile. Compozi\u021bia parfumului: cap: bergamota, par\u0103 verde, grapefruit, inima: floare de mandarin\u0103, nuf\u0103r, baz\u0103: chihlimbar, lemn de cedru, mosc.<\/p>\n","protected":false},"excerpt":{"rendered":"<p>Cartu\u0219ul de \u00eenlocuire pentru difuzorul electric Bayside Cedar v\u0103 duce la o plimbare \u00een p\u0103dure dup\u0103 ploaie. Aerul este umplut cu note r\u0103coritoare de grapefruit, flori de mandarine \u0219i ambragris cald \u0219i senzual. Pute\u021bi regla intensitatea parfumului direct de pe unitatea de baz\u0103, \u00een 3 trepte. Las\u0103 casa parfumat\u0103 p\u00e2n\u0103 la 30 de zile. Compozi\u021bia&#8230;<\/p>\n","protected":false},"featured_media":287916,"comment_status":"closed","ping_status":"open","template":"","meta":{"_acf_changed":false,"_kadence_starter_templates_imported_post":false,"_kad_post_transparent":"","_kad_post_title":"","_kad_post_layout":"","_kad_post_sidebar_id":"","_kad_post_content_style":"","_kad_post_vertical_padding":"","_kad_post_feature":"","_kad_post_feature_position":"","_kad_post_header":false,"_kad_post_footer":false,"_kad_post_classname":""},"product_brand":[149],"product_cat":[246,759,692,654],"product_tag":[],"class_list":{"0":"post-287914","1":"product","2":"type-product","3":"status-publish","4":"has-post-thumbnail","6":"product_brand-yankee-candle","7":"product_cat-cosmetice","8":"product_cat-difuzoare-de-aroma-electrice","9":"product_cat-difuzoare-de-parfum","10":"product_cat-lumanari-parfumate-si-arome","12":"first","13":"instock","14":"sale","15":"product-type-external","16":"entry","17":"content-bg","18":"loop-entry"},"acf":[],"yoast_head":"<!-- This site is optimized with the Yoast SEO plugin v27.4 - https:\/\/yoast.com\/product\/yoast-seo-wordpress\/ -->\n<title>Yankee Candle Cartu\u0219 de rezerv\u0103 pentru difuzorul electric Bayside Cedar 2 x 18,5 ml - SHOPATOA.COM<\/title>\n<meta name=\"robots\" content=\"index, follow, max-snippet:-1, max-image-preview:large, max-video-preview:-1\" \/>\n<link rel=\"canonical\" href=\"https:\/\/shopatoa.com\/ro\/yankee-candle-cartus-de-rezerva-pentru-difuzorul-electric-bayside-cedar-2-x-185-ml\/\" \/>\n<meta property=\"og:locale\" content=\"ro_RO\" \/>\n<meta property=\"og:type\" content=\"article\" \/>\n<meta property=\"og:title\" content=\"Yankee Candle Cartu\u0219 de rezerv\u0103 pentru difuzorul electric Bayside Cedar 2 x 18,5 ml - SHOPATOA.COM\" \/>\n<meta property=\"og:description\" content=\"Cartu\u0219ul de \u00eenlocuire pentru difuzorul electric Bayside Cedar v\u0103 duce la o plimbare \u00een p\u0103dure dup\u0103 ploaie. Aerul este umplut cu note r\u0103coritoare de grapefruit, flori de mandarine \u0219i ambragris cald \u0219i senzual. Pute\u021bi regla intensitatea parfumului direct de pe unitatea de baz\u0103, \u00een 3 trepte. Las\u0103 casa parfumat\u0103 p\u00e2n\u0103 la 30 de zile. Compozi\u021bia...\" \/>\n<meta property=\"og:url\" content=\"https:\/\/shopatoa.com\/ro\/yankee-candle-cartus-de-rezerva-pentru-difuzorul-electric-bayside-cedar-2-x-185-ml\/\" \/>\n<meta property=\"og:site_name\" content=\"SHOPATOA\" \/>\n<meta property=\"article:modified_time\" content=\"2025-12-11T09:43:19+00:00\" \/>\n<meta property=\"og:image\" content=\"https:\/\/storage.googleapis.com\/cz-shopatoa-img\/ro\/5c09bb7c-unnamed-file.webp\" \/>\n\t<meta property=\"og:image:width\" content=\"800\" \/>\n\t<meta property=\"og:image:height\" content=\"800\" \/>\n\t<meta property=\"og:image:type\" content=\"image\/webp\" \/>\n<meta name=\"twitter:card\" content=\"summary_large_image\" \/>\n<script type=\"application\/ld+json\" class=\"yoast-schema-graph\">{\"@context\":\"https:\\\/\\\/schema.org\",\"@graph\":[{\"@type\":\"WebPage\",\"@id\":\"https:\\\/\\\/shopatoa.com\\\/ro\\\/yankee-candle-cartus-de-rezerva-pentru-difuzorul-electric-bayside-cedar-2-x-185-ml\\\/\",\"url\":\"https:\\\/\\\/shopatoa.com\\\/ro\\\/yankee-candle-cartus-de-rezerva-pentru-difuzorul-electric-bayside-cedar-2-x-185-ml\\\/\",\"name\":\"Yankee Candle Cartu\u0219 de rezerv\u0103 pentru difuzorul electric Bayside Cedar 2 x 18,5 ml - SHOPATOA.COM\",\"isPartOf\":{\"@id\":\"https:\\\/\\\/shopatoa.com\\\/ro\\\/#website\"},\"primaryImageOfPage\":{\"@id\":\"https:\\\/\\\/shopatoa.com\\\/ro\\\/yankee-candle-cartus-de-rezerva-pentru-difuzorul-electric-bayside-cedar-2-x-185-ml\\\/#primaryimage\"},\"image\":{\"@id\":\"https:\\\/\\\/shopatoa.com\\\/ro\\\/yankee-candle-cartus-de-rezerva-pentru-difuzorul-electric-bayside-cedar-2-x-185-ml\\\/#primaryimage\"},\"thumbnailUrl\":\"https:\\\/\\\/storage.googleapis.com\\\/cz-shopatoa-img\\\/ro\\\/5c09bb7c-unnamed-file.webp\",\"datePublished\":\"2025-05-01T07:06:24+00:00\",\"dateModified\":\"2025-12-11T09:43:19+00:00\",\"breadcrumb\":{\"@id\":\"https:\\\/\\\/shopatoa.com\\\/ro\\\/yankee-candle-cartus-de-rezerva-pentru-difuzorul-electric-bayside-cedar-2-x-185-ml\\\/#breadcrumb\"},\"inLanguage\":\"ro-RO\",\"potentialAction\":[{\"@type\":\"ReadAction\",\"target\":[\"https:\\\/\\\/shopatoa.com\\\/ro\\\/yankee-candle-cartus-de-rezerva-pentru-difuzorul-electric-bayside-cedar-2-x-185-ml\\\/\"]}]},{\"@type\":\"ImageObject\",\"inLanguage\":\"ro-RO\",\"@id\":\"https:\\\/\\\/shopatoa.com\\\/ro\\\/yankee-candle-cartus-de-rezerva-pentru-difuzorul-electric-bayside-cedar-2-x-185-ml\\\/#primaryimage\",\"url\":\"https:\\\/\\\/storage.googleapis.com\\\/cz-shopatoa-img\\\/ro\\\/5c09bb7c-unnamed-file.webp\",\"contentUrl\":\"https:\\\/\\\/storage.googleapis.com\\\/cz-shopatoa-img\\\/ro\\\/5c09bb7c-unnamed-file.webp\",\"width\":800,\"height\":800},{\"@type\":\"BreadcrumbList\",\"@id\":\"https:\\\/\\\/shopatoa.com\\\/ro\\\/yankee-candle-cartus-de-rezerva-pentru-difuzorul-electric-bayside-cedar-2-x-185-ml\\\/#breadcrumb\",\"itemListElement\":[{\"@type\":\"ListItem\",\"position\":1,\"name\":\"Dom\u016f\",\"item\":\"https:\\\/\\\/shopatoa.com\\\/ro\\\/\"},{\"@type\":\"ListItem\",\"position\":2,\"name\":\"Shop\",\"item\":\"https:\\\/\\\/shopatoa.com\\\/ro\\\/shop\\\/\"},{\"@type\":\"ListItem\",\"position\":3,\"name\":\"Cosmetice\",\"item\":\"https:\\\/\\\/shopatoa.com\\\/ro\\\/cosmetice\\\/\"},{\"@type\":\"ListItem\",\"position\":4,\"name\":\"Lum\u00e2n\u0103ri parfumate \u0219i arome\",\"item\":\"https:\\\/\\\/shopatoa.com\\\/ro\\\/lumanari-parfumate-si-arome\\\/\"},{\"@type\":\"ListItem\",\"position\":5,\"name\":\"Difuzoare de parfum\",\"item\":\"https:\\\/\\\/shopatoa.com\\\/ro\\\/difuzoare-de-parfum\\\/\"},{\"@type\":\"ListItem\",\"position\":6,\"name\":\"Difuzoare de aroma electrice\",\"item\":\"https:\\\/\\\/shopatoa.com\\\/ro\\\/difuzoare-de-aroma-electrice\\\/\"},{\"@type\":\"ListItem\",\"position\":7,\"name\":\"Yankee Candle Cartu\u0219 de rezerv\u0103 pentru difuzorul electric Bayside Cedar 2 x 18,5 ml\"}]},{\"@type\":\"WebSite\",\"@id\":\"https:\\\/\\\/shopatoa.com\\\/ro\\\/#website\",\"url\":\"https:\\\/\\\/shopatoa.com\\\/ro\\\/\",\"name\":\"SHOPATOA\",\"description\":\"\",\"publisher\":{\"@id\":\"https:\\\/\\\/shopatoa.com\\\/ro\\\/#organization\"},\"potentialAction\":[{\"@type\":\"SearchAction\",\"target\":{\"@type\":\"EntryPoint\",\"urlTemplate\":\"https:\\\/\\\/shopatoa.com\\\/ro\\\/?s={search_term_string}\"},\"query-input\":{\"@type\":\"PropertyValueSpecification\",\"valueRequired\":true,\"valueName\":\"search_term_string\"}}],\"inLanguage\":\"ro-RO\"},{\"@type\":\"Organization\",\"@id\":\"https:\\\/\\\/shopatoa.com\\\/ro\\\/#organization\",\"name\":\"SHOPATOA\",\"url\":\"https:\\\/\\\/shopatoa.com\\\/ro\\\/\",\"logo\":{\"@type\":\"ImageObject\",\"inLanguage\":\"ro-RO\",\"@id\":\"https:\\\/\\\/shopatoa.com\\\/ro\\\/#\\\/schema\\\/logo\\\/image\\\/\",\"url\":\"https:\\\/\\\/storage.googleapis.com\\\/cz-shopatoa-img\\\/ro\\\/b4dac915-shopatoa_logo.png\",\"contentUrl\":\"https:\\\/\\\/storage.googleapis.com\\\/cz-shopatoa-img\\\/ro\\\/b4dac915-shopatoa_logo.png\",\"width\":416,\"height\":63,\"caption\":\"SHOPATOA\"},\"image\":{\"@id\":\"https:\\\/\\\/shopatoa.com\\\/ro\\\/#\\\/schema\\\/logo\\\/image\\\/\"}}]}<\/script>\n<!-- \/ Yoast SEO plugin. -->","yoast_head_json":{"title":"Yankee Candle Cartu\u0219 de rezerv\u0103 pentru difuzorul electric Bayside Cedar 2 x 18,5 ml - SHOPATOA.COM","robots":{"index":"index","follow":"follow","max-snippet":"max-snippet:-1","max-image-preview":"max-image-preview:large","max-video-preview":"max-video-preview:-1"},"canonical":"https:\/\/shopatoa.com\/ro\/yankee-candle-cartus-de-rezerva-pentru-difuzorul-electric-bayside-cedar-2-x-185-ml\/","og_locale":"ro_RO","og_type":"article","og_title":"Yankee Candle Cartu\u0219 de rezerv\u0103 pentru difuzorul electric Bayside Cedar 2 x 18,5 ml - SHOPATOA.COM","og_description":"Cartu\u0219ul de \u00eenlocuire pentru difuzorul electric Bayside Cedar v\u0103 duce la o plimbare \u00een p\u0103dure dup\u0103 ploaie. Aerul este umplut cu note r\u0103coritoare de grapefruit, flori de mandarine \u0219i ambragris cald \u0219i senzual. Pute\u021bi regla intensitatea parfumului direct de pe unitatea de baz\u0103, \u00een 3 trepte. Las\u0103 casa parfumat\u0103 p\u00e2n\u0103 la 30 de zile. Compozi\u021bia...","og_url":"https:\/\/shopatoa.com\/ro\/yankee-candle-cartus-de-rezerva-pentru-difuzorul-electric-bayside-cedar-2-x-185-ml\/","og_site_name":"SHOPATOA","article_modified_time":"2025-12-11T09:43:19+00:00","og_image":[{"width":800,"height":800,"url":"https:\/\/storage.googleapis.com\/cz-shopatoa-img\/ro\/5c09bb7c-unnamed-file.webp","type":"image\/webp"}],"twitter_card":"summary_large_image","schema":{"@context":"https:\/\/schema.org","@graph":[{"@type":"WebPage","@id":"https:\/\/shopatoa.com\/ro\/yankee-candle-cartus-de-rezerva-pentru-difuzorul-electric-bayside-cedar-2-x-185-ml\/","url":"https:\/\/shopatoa.com\/ro\/yankee-candle-cartus-de-rezerva-pentru-difuzorul-electric-bayside-cedar-2-x-185-ml\/","name":"Yankee Candle Cartu\u0219 de rezerv\u0103 pentru difuzorul electric Bayside Cedar 2 x 18,5 ml - SHOPATOA.COM","isPartOf":{"@id":"https:\/\/shopatoa.com\/ro\/#website"},"primaryImageOfPage":{"@id":"https:\/\/shopatoa.com\/ro\/yankee-candle-cartus-de-rezerva-pentru-difuzorul-electric-bayside-cedar-2-x-185-ml\/#primaryimage"},"image":{"@id":"https:\/\/shopatoa.com\/ro\/yankee-candle-cartus-de-rezerva-pentru-difuzorul-electric-bayside-cedar-2-x-185-ml\/#primaryimage"},"thumbnailUrl":"https:\/\/storage.googleapis.com\/cz-shopatoa-img\/ro\/5c09bb7c-unnamed-file.webp","datePublished":"2025-05-01T07:06:24+00:00","dateModified":"2025-12-11T09:43:19+00:00","breadcrumb":{"@id":"https:\/\/shopatoa.com\/ro\/yankee-candle-cartus-de-rezerva-pentru-difuzorul-electric-bayside-cedar-2-x-185-ml\/#breadcrumb"},"inLanguage":"ro-RO","potentialAction":[{"@type":"ReadAction","target":["https:\/\/shopatoa.com\/ro\/yankee-candle-cartus-de-rezerva-pentru-difuzorul-electric-bayside-cedar-2-x-185-ml\/"]}]},{"@type":"ImageObject","inLanguage":"ro-RO","@id":"https:\/\/shopatoa.com\/ro\/yankee-candle-cartus-de-rezerva-pentru-difuzorul-electric-bayside-cedar-2-x-185-ml\/#primaryimage","url":"https:\/\/storage.googleapis.com\/cz-shopatoa-img\/ro\/5c09bb7c-unnamed-file.webp","contentUrl":"https:\/\/storage.googleapis.com\/cz-shopatoa-img\/ro\/5c09bb7c-unnamed-file.webp","width":800,"height":800},{"@type":"BreadcrumbList","@id":"https:\/\/shopatoa.com\/ro\/yankee-candle-cartus-de-rezerva-pentru-difuzorul-electric-bayside-cedar-2-x-185-ml\/#breadcrumb","itemListElement":[{"@type":"ListItem","position":1,"name":"Dom\u016f","item":"https:\/\/shopatoa.com\/ro\/"},{"@type":"ListItem","position":2,"name":"Shop","item":"https:\/\/shopatoa.com\/ro\/shop\/"},{"@type":"ListItem","position":3,"name":"Cosmetice","item":"https:\/\/shopatoa.com\/ro\/cosmetice\/"},{"@type":"ListItem","position":4,"name":"Lum\u00e2n\u0103ri parfumate \u0219i arome","item":"https:\/\/shopatoa.com\/ro\/lumanari-parfumate-si-arome\/"},{"@type":"ListItem","position":5,"name":"Difuzoare de parfum","item":"https:\/\/shopatoa.com\/ro\/difuzoare-de-parfum\/"},{"@type":"ListItem","position":6,"name":"Difuzoare de aroma electrice","item":"https:\/\/shopatoa.com\/ro\/difuzoare-de-aroma-electrice\/"},{"@type":"ListItem","position":7,"name":"Yankee Candle Cartu\u0219 de rezerv\u0103 pentru difuzorul electric Bayside Cedar 2 x 18,5 ml"}]},{"@type":"WebSite","@id":"https:\/\/shopatoa.com\/ro\/#website","url":"https:\/\/shopatoa.com\/ro\/","name":"SHOPATOA","description":"","publisher":{"@id":"https:\/\/shopatoa.com\/ro\/#organization"},"potentialAction":[{"@type":"SearchAction","target":{"@type":"EntryPoint","urlTemplate":"https:\/\/shopatoa.com\/ro\/?s={search_term_string}"},"query-input":{"@type":"PropertyValueSpecification","valueRequired":true,"valueName":"search_term_string"}}],"inLanguage":"ro-RO"},{"@type":"Organization","@id":"https:\/\/shopatoa.com\/ro\/#organization","name":"SHOPATOA","url":"https:\/\/shopatoa.com\/ro\/","logo":{"@type":"ImageObject","inLanguage":"ro-RO","@id":"https:\/\/shopatoa.com\/ro\/#\/schema\/logo\/image\/","url":"https:\/\/storage.googleapis.com\/cz-shopatoa-img\/ro\/b4dac915-shopatoa_logo.png","contentUrl":"https:\/\/storage.googleapis.com\/cz-shopatoa-img\/ro\/b4dac915-shopatoa_logo.png","width":416,"height":63,"caption":"SHOPATOA"},"image":{"@id":"https:\/\/shopatoa.com\/ro\/#\/schema\/logo\/image\/"}}]}},"_links":{"self":[{"href":"https:\/\/shopatoa.com\/ro\/wp-json\/wp\/v2\/product\/287914","targetHints":{"allow":["GET"]}}],"collection":[{"href":"https:\/\/shopatoa.com\/ro\/wp-json\/wp\/v2\/product"}],"about":[{"href":"https:\/\/shopatoa.com\/ro\/wp-json\/wp\/v2\/types\/product"}],"replies":[{"embeddable":true,"href":"https:\/\/shopatoa.com\/ro\/wp-json\/wp\/v2\/comments?post=287914"}],"wp:featuredmedia":[{"embeddable":true,"href":"https:\/\/shopatoa.com\/ro\/wp-json\/wp\/v2\/media\/287916"}],"wp:attachment":[{"href":"https:\/\/shopatoa.com\/ro\/wp-json\/wp\/v2\/media?parent=287914"}],"wp:term":[{"taxonomy":"product_brand","embeddable":true,"href":"https:\/\/shopatoa.com\/ro\/wp-json\/wp\/v2\/product_brand?post=287914"},{"taxonomy":"product_cat","embeddable":true,"href":"https:\/\/shopatoa.com\/ro\/wp-json\/wp\/v2\/product_cat?post=287914"},{"taxonomy":"product_tag","embeddable":true,"href":"https:\/\/shopatoa.com\/ro\/wp-json\/wp\/v2\/product_tag?post=287914"}],"curies":[{"name":"wp","href":"https:\/\/api.w.org\/{rel}","templated":true}]}}