{"id":288018,"date":"2025-05-01T09:16:40","date_gmt":"2025-05-01T07:16:40","guid":{"rendered":"https:\/\/shopatoa.com\/ro\/acqua-di-parma-osmanthus-crema-de-maini-30-ml\/"},"modified":"2025-12-11T10:33:10","modified_gmt":"2025-12-11T09:33:10","slug":"acqua-di-parma-osmanthus-crema-de-maini-30-ml","status":"publish","type":"product","link":"https:\/\/shopatoa.com\/ro\/acqua-di-parma-osmanthus-crema-de-maini-30-ml\/","title":{"rendered":"Acqua di Parma Osmanthus &#8211; crem\u0103 de m\u00e2ini 30 ml"},"content":{"rendered":"<p>Crema de m\u00e2ini Osmanthus de la marca Acqua Di Parma v\u0103 va captiva cu o arom\u0103 unic\u0103 \u0219i vibrant\u0103. Aceast\u0103 emulsie u\u0219oar\u0103 v\u0103 va l\u0103sa m\u00e2inile parfumate, moi \u0219i suple. Crema creeaz\u0103 o pelicul\u0103 invizibil\u0103 pe piele \u0219i o protejeaz\u0103 de condi\u021biile de mediu nefavorabile. Compozi\u021bia este \u00eembog\u0103\u021bit\u0103 cu un amestec echilibrat de substan\u021be hidratante precum acidul hialuronic, vitamina E \u0219i uleiul de jojoba. Parfumul rar \u0219i puternic al florii de Osmanthus \u00eent\u00e2lne\u0219te tonurile deschise ale citricelor \u00eentr-un parfum intens \u0219i viu. Osmanthus este o interpretare plin\u0103 de soare a tonurilor profunde \u0219i senzuale ale florilor. Parfumul intens \u0219i viu combin\u0103 bog\u0103\u021bia florii de osmanthus cu mandarin\u0103 verde \u0219i neroli. O combina\u021bie artistic\u0103 care v\u0103 va duce \u00een p\u0103durile st\u00e2ncoase din Asia de Sud-Est, unde floarea evaziv\u0103 \u00eenflore\u0219te cu un miros bogat \u0219i puternic.<\/p>\n","protected":false},"excerpt":{"rendered":"<p>Crema de m\u00e2ini Osmanthus de la marca Acqua Di Parma v\u0103 va captiva cu o arom\u0103 unic\u0103 \u0219i vibrant\u0103. Aceast\u0103 emulsie u\u0219oar\u0103 v\u0103 va l\u0103sa m\u00e2inile parfumate, moi \u0219i suple. Crema creeaz\u0103 o pelicul\u0103 invizibil\u0103 pe piele \u0219i o protejeaz\u0103 de condi\u021biile de mediu nefavorabile. Compozi\u021bia este \u00eembog\u0103\u021bit\u0103 cu un amestec echilibrat de substan\u021be hidratante&#8230;<\/p>\n","protected":false},"featured_media":288020,"comment_status":"closed","ping_status":"open","template":"","meta":{"_acf_changed":false,"_kadence_starter_templates_imported_post":false,"_kad_post_transparent":"","_kad_post_title":"","_kad_post_layout":"","_kad_post_sidebar_id":"","_kad_post_content_style":"","_kad_post_vertical_padding":"","_kad_post_feature":"","_kad_post_feature_position":"","_kad_post_header":false,"_kad_post_footer":false,"_kad_post_classname":""},"product_brand":[261],"product_cat":[246,679,725,611],"product_tag":[],"class_list":{"0":"post-288018","1":"product","2":"type-product","3":"status-publish","4":"has-post-thumbnail","6":"product_brand-acqua-di-parma","7":"product_cat-cosmetice","8":"product_cat-cosmetice-pentru-ingrijirea-mainilor","9":"product_cat-nutritia-si-hidratarea-mainilor","10":"product_cat-produse-cosmetice-pentru-corp","12":"first","13":"instock","14":"sale","15":"product-type-external","16":"entry","17":"content-bg","18":"loop-entry"},"acf":[],"yoast_head":"<!-- This site is optimized with the Yoast SEO plugin v27.3 - https:\/\/yoast.com\/product\/yoast-seo-wordpress\/ -->\n<title>Acqua di Parma Osmanthus - crem\u0103 de m\u00e2ini 30 ml - SHOPATOA.COM<\/title>\n<meta name=\"robots\" content=\"index, follow, max-snippet:-1, max-image-preview:large, max-video-preview:-1\" \/>\n<link rel=\"canonical\" href=\"https:\/\/shopatoa.com\/ro\/acqua-di-parma-osmanthus-crema-de-maini-30-ml\/\" \/>\n<meta property=\"og:locale\" content=\"ro_RO\" \/>\n<meta property=\"og:type\" content=\"article\" \/>\n<meta property=\"og:title\" content=\"Acqua di Parma Osmanthus - crem\u0103 de m\u00e2ini 30 ml - SHOPATOA.COM\" \/>\n<meta property=\"og:description\" content=\"Crema de m\u00e2ini Osmanthus de la marca Acqua Di Parma v\u0103 va captiva cu o arom\u0103 unic\u0103 \u0219i vibrant\u0103. Aceast\u0103 emulsie u\u0219oar\u0103 v\u0103 va l\u0103sa m\u00e2inile parfumate, moi \u0219i suple. Crema creeaz\u0103 o pelicul\u0103 invizibil\u0103 pe piele \u0219i o protejeaz\u0103 de condi\u021biile de mediu nefavorabile. Compozi\u021bia este \u00eembog\u0103\u021bit\u0103 cu un amestec echilibrat de substan\u021be hidratante...\" \/>\n<meta property=\"og:url\" content=\"https:\/\/shopatoa.com\/ro\/acqua-di-parma-osmanthus-crema-de-maini-30-ml\/\" \/>\n<meta property=\"og:site_name\" content=\"SHOPATOA\" \/>\n<meta property=\"article:modified_time\" content=\"2025-12-11T09:33:10+00:00\" \/>\n<meta property=\"og:image\" content=\"https:\/\/storage.googleapis.com\/cz-shopatoa-img\/ro\/4e6ed3cb-unnamed-file.webp\" \/>\n\t<meta property=\"og:image:width\" content=\"800\" \/>\n\t<meta property=\"og:image:height\" content=\"800\" \/>\n\t<meta property=\"og:image:type\" content=\"image\/webp\" \/>\n<meta name=\"twitter:card\" content=\"summary_large_image\" \/>\n<meta name=\"twitter:label1\" content=\"Timp estimat pentru citire\" \/>\n\t<meta name=\"twitter:data1\" content=\"1 minut\" \/>\n<script type=\"application\/ld+json\" class=\"yoast-schema-graph\">{\"@context\":\"https:\\\/\\\/schema.org\",\"@graph\":[{\"@type\":\"WebPage\",\"@id\":\"https:\\\/\\\/shopatoa.com\\\/ro\\\/acqua-di-parma-osmanthus-crema-de-maini-30-ml\\\/\",\"url\":\"https:\\\/\\\/shopatoa.com\\\/ro\\\/acqua-di-parma-osmanthus-crema-de-maini-30-ml\\\/\",\"name\":\"Acqua di Parma Osmanthus - crem\u0103 de m\u00e2ini 30 ml - SHOPATOA.COM\",\"isPartOf\":{\"@id\":\"https:\\\/\\\/shopatoa.com\\\/ro\\\/#website\"},\"primaryImageOfPage\":{\"@id\":\"https:\\\/\\\/shopatoa.com\\\/ro\\\/acqua-di-parma-osmanthus-crema-de-maini-30-ml\\\/#primaryimage\"},\"image\":{\"@id\":\"https:\\\/\\\/shopatoa.com\\\/ro\\\/acqua-di-parma-osmanthus-crema-de-maini-30-ml\\\/#primaryimage\"},\"thumbnailUrl\":\"https:\\\/\\\/storage.googleapis.com\\\/cz-shopatoa-img\\\/ro\\\/4e6ed3cb-unnamed-file.webp\",\"datePublished\":\"2025-05-01T07:16:40+00:00\",\"dateModified\":\"2025-12-11T09:33:10+00:00\",\"breadcrumb\":{\"@id\":\"https:\\\/\\\/shopatoa.com\\\/ro\\\/acqua-di-parma-osmanthus-crema-de-maini-30-ml\\\/#breadcrumb\"},\"inLanguage\":\"ro-RO\",\"potentialAction\":[{\"@type\":\"ReadAction\",\"target\":[\"https:\\\/\\\/shopatoa.com\\\/ro\\\/acqua-di-parma-osmanthus-crema-de-maini-30-ml\\\/\"]}]},{\"@type\":\"ImageObject\",\"inLanguage\":\"ro-RO\",\"@id\":\"https:\\\/\\\/shopatoa.com\\\/ro\\\/acqua-di-parma-osmanthus-crema-de-maini-30-ml\\\/#primaryimage\",\"url\":\"https:\\\/\\\/storage.googleapis.com\\\/cz-shopatoa-img\\\/ro\\\/4e6ed3cb-unnamed-file.webp\",\"contentUrl\":\"https:\\\/\\\/storage.googleapis.com\\\/cz-shopatoa-img\\\/ro\\\/4e6ed3cb-unnamed-file.webp\",\"width\":800,\"height\":800},{\"@type\":\"BreadcrumbList\",\"@id\":\"https:\\\/\\\/shopatoa.com\\\/ro\\\/acqua-di-parma-osmanthus-crema-de-maini-30-ml\\\/#breadcrumb\",\"itemListElement\":[{\"@type\":\"ListItem\",\"position\":1,\"name\":\"Dom\u016f\",\"item\":\"https:\\\/\\\/shopatoa.com\\\/ro\\\/\"},{\"@type\":\"ListItem\",\"position\":2,\"name\":\"Shop\",\"item\":\"https:\\\/\\\/shopatoa.com\\\/ro\\\/shop\\\/\"},{\"@type\":\"ListItem\",\"position\":3,\"name\":\"Cosmetice\",\"item\":\"https:\\\/\\\/shopatoa.com\\\/ro\\\/cosmetice\\\/\"},{\"@type\":\"ListItem\",\"position\":4,\"name\":\"Produse cosmetice pentru corp\",\"item\":\"https:\\\/\\\/shopatoa.com\\\/ro\\\/produse-cosmetice-pentru-corp\\\/\"},{\"@type\":\"ListItem\",\"position\":5,\"name\":\"Cosmetice pentru \u00eengrijirea m\u00e2inilor\",\"item\":\"https:\\\/\\\/shopatoa.com\\\/ro\\\/cosmetice-pentru-ingrijirea-mainilor\\\/\"},{\"@type\":\"ListItem\",\"position\":6,\"name\":\"Nutri\u021bia \u0219i hidratarea m\u00e2inilor\",\"item\":\"https:\\\/\\\/shopatoa.com\\\/ro\\\/nutritia-si-hidratarea-mainilor\\\/\"},{\"@type\":\"ListItem\",\"position\":7,\"name\":\"Acqua di Parma Osmanthus &#8211; crem\u0103 de m\u00e2ini 30 ml\"}]},{\"@type\":\"WebSite\",\"@id\":\"https:\\\/\\\/shopatoa.com\\\/ro\\\/#website\",\"url\":\"https:\\\/\\\/shopatoa.com\\\/ro\\\/\",\"name\":\"SHOPATOA\",\"description\":\"\",\"publisher\":{\"@id\":\"https:\\\/\\\/shopatoa.com\\\/ro\\\/#organization\"},\"potentialAction\":[{\"@type\":\"SearchAction\",\"target\":{\"@type\":\"EntryPoint\",\"urlTemplate\":\"https:\\\/\\\/shopatoa.com\\\/ro\\\/?s={search_term_string}\"},\"query-input\":{\"@type\":\"PropertyValueSpecification\",\"valueRequired\":true,\"valueName\":\"search_term_string\"}}],\"inLanguage\":\"ro-RO\"},{\"@type\":\"Organization\",\"@id\":\"https:\\\/\\\/shopatoa.com\\\/ro\\\/#organization\",\"name\":\"SHOPATOA\",\"url\":\"https:\\\/\\\/shopatoa.com\\\/ro\\\/\",\"logo\":{\"@type\":\"ImageObject\",\"inLanguage\":\"ro-RO\",\"@id\":\"https:\\\/\\\/shopatoa.com\\\/ro\\\/#\\\/schema\\\/logo\\\/image\\\/\",\"url\":\"https:\\\/\\\/storage.googleapis.com\\\/cz-shopatoa-img\\\/ro\\\/b4dac915-shopatoa_logo.png\",\"contentUrl\":\"https:\\\/\\\/storage.googleapis.com\\\/cz-shopatoa-img\\\/ro\\\/b4dac915-shopatoa_logo.png\",\"width\":416,\"height\":63,\"caption\":\"SHOPATOA\"},\"image\":{\"@id\":\"https:\\\/\\\/shopatoa.com\\\/ro\\\/#\\\/schema\\\/logo\\\/image\\\/\"}}]}<\/script>\n<!-- \/ Yoast SEO plugin. -->","yoast_head_json":{"title":"Acqua di Parma Osmanthus - crem\u0103 de m\u00e2ini 30 ml - SHOPATOA.COM","robots":{"index":"index","follow":"follow","max-snippet":"max-snippet:-1","max-image-preview":"max-image-preview:large","max-video-preview":"max-video-preview:-1"},"canonical":"https:\/\/shopatoa.com\/ro\/acqua-di-parma-osmanthus-crema-de-maini-30-ml\/","og_locale":"ro_RO","og_type":"article","og_title":"Acqua di Parma Osmanthus - crem\u0103 de m\u00e2ini 30 ml - SHOPATOA.COM","og_description":"Crema de m\u00e2ini Osmanthus de la marca Acqua Di Parma v\u0103 va captiva cu o arom\u0103 unic\u0103 \u0219i vibrant\u0103. Aceast\u0103 emulsie u\u0219oar\u0103 v\u0103 va l\u0103sa m\u00e2inile parfumate, moi \u0219i suple. Crema creeaz\u0103 o pelicul\u0103 invizibil\u0103 pe piele \u0219i o protejeaz\u0103 de condi\u021biile de mediu nefavorabile. Compozi\u021bia este \u00eembog\u0103\u021bit\u0103 cu un amestec echilibrat de substan\u021be hidratante...","og_url":"https:\/\/shopatoa.com\/ro\/acqua-di-parma-osmanthus-crema-de-maini-30-ml\/","og_site_name":"SHOPATOA","article_modified_time":"2025-12-11T09:33:10+00:00","og_image":[{"width":800,"height":800,"url":"https:\/\/storage.googleapis.com\/cz-shopatoa-img\/ro\/4e6ed3cb-unnamed-file.webp","type":"image\/webp"}],"twitter_card":"summary_large_image","twitter_misc":{"Timp estimat pentru citire":"1 minut"},"schema":{"@context":"https:\/\/schema.org","@graph":[{"@type":"WebPage","@id":"https:\/\/shopatoa.com\/ro\/acqua-di-parma-osmanthus-crema-de-maini-30-ml\/","url":"https:\/\/shopatoa.com\/ro\/acqua-di-parma-osmanthus-crema-de-maini-30-ml\/","name":"Acqua di Parma Osmanthus - crem\u0103 de m\u00e2ini 30 ml - SHOPATOA.COM","isPartOf":{"@id":"https:\/\/shopatoa.com\/ro\/#website"},"primaryImageOfPage":{"@id":"https:\/\/shopatoa.com\/ro\/acqua-di-parma-osmanthus-crema-de-maini-30-ml\/#primaryimage"},"image":{"@id":"https:\/\/shopatoa.com\/ro\/acqua-di-parma-osmanthus-crema-de-maini-30-ml\/#primaryimage"},"thumbnailUrl":"https:\/\/storage.googleapis.com\/cz-shopatoa-img\/ro\/4e6ed3cb-unnamed-file.webp","datePublished":"2025-05-01T07:16:40+00:00","dateModified":"2025-12-11T09:33:10+00:00","breadcrumb":{"@id":"https:\/\/shopatoa.com\/ro\/acqua-di-parma-osmanthus-crema-de-maini-30-ml\/#breadcrumb"},"inLanguage":"ro-RO","potentialAction":[{"@type":"ReadAction","target":["https:\/\/shopatoa.com\/ro\/acqua-di-parma-osmanthus-crema-de-maini-30-ml\/"]}]},{"@type":"ImageObject","inLanguage":"ro-RO","@id":"https:\/\/shopatoa.com\/ro\/acqua-di-parma-osmanthus-crema-de-maini-30-ml\/#primaryimage","url":"https:\/\/storage.googleapis.com\/cz-shopatoa-img\/ro\/4e6ed3cb-unnamed-file.webp","contentUrl":"https:\/\/storage.googleapis.com\/cz-shopatoa-img\/ro\/4e6ed3cb-unnamed-file.webp","width":800,"height":800},{"@type":"BreadcrumbList","@id":"https:\/\/shopatoa.com\/ro\/acqua-di-parma-osmanthus-crema-de-maini-30-ml\/#breadcrumb","itemListElement":[{"@type":"ListItem","position":1,"name":"Dom\u016f","item":"https:\/\/shopatoa.com\/ro\/"},{"@type":"ListItem","position":2,"name":"Shop","item":"https:\/\/shopatoa.com\/ro\/shop\/"},{"@type":"ListItem","position":3,"name":"Cosmetice","item":"https:\/\/shopatoa.com\/ro\/cosmetice\/"},{"@type":"ListItem","position":4,"name":"Produse cosmetice pentru corp","item":"https:\/\/shopatoa.com\/ro\/produse-cosmetice-pentru-corp\/"},{"@type":"ListItem","position":5,"name":"Cosmetice pentru \u00eengrijirea m\u00e2inilor","item":"https:\/\/shopatoa.com\/ro\/cosmetice-pentru-ingrijirea-mainilor\/"},{"@type":"ListItem","position":6,"name":"Nutri\u021bia \u0219i hidratarea m\u00e2inilor","item":"https:\/\/shopatoa.com\/ro\/nutritia-si-hidratarea-mainilor\/"},{"@type":"ListItem","position":7,"name":"Acqua di Parma Osmanthus &#8211; crem\u0103 de m\u00e2ini 30 ml"}]},{"@type":"WebSite","@id":"https:\/\/shopatoa.com\/ro\/#website","url":"https:\/\/shopatoa.com\/ro\/","name":"SHOPATOA","description":"","publisher":{"@id":"https:\/\/shopatoa.com\/ro\/#organization"},"potentialAction":[{"@type":"SearchAction","target":{"@type":"EntryPoint","urlTemplate":"https:\/\/shopatoa.com\/ro\/?s={search_term_string}"},"query-input":{"@type":"PropertyValueSpecification","valueRequired":true,"valueName":"search_term_string"}}],"inLanguage":"ro-RO"},{"@type":"Organization","@id":"https:\/\/shopatoa.com\/ro\/#organization","name":"SHOPATOA","url":"https:\/\/shopatoa.com\/ro\/","logo":{"@type":"ImageObject","inLanguage":"ro-RO","@id":"https:\/\/shopatoa.com\/ro\/#\/schema\/logo\/image\/","url":"https:\/\/storage.googleapis.com\/cz-shopatoa-img\/ro\/b4dac915-shopatoa_logo.png","contentUrl":"https:\/\/storage.googleapis.com\/cz-shopatoa-img\/ro\/b4dac915-shopatoa_logo.png","width":416,"height":63,"caption":"SHOPATOA"},"image":{"@id":"https:\/\/shopatoa.com\/ro\/#\/schema\/logo\/image\/"}}]}},"_links":{"self":[{"href":"https:\/\/shopatoa.com\/ro\/wp-json\/wp\/v2\/product\/288018","targetHints":{"allow":["GET"]}}],"collection":[{"href":"https:\/\/shopatoa.com\/ro\/wp-json\/wp\/v2\/product"}],"about":[{"href":"https:\/\/shopatoa.com\/ro\/wp-json\/wp\/v2\/types\/product"}],"replies":[{"embeddable":true,"href":"https:\/\/shopatoa.com\/ro\/wp-json\/wp\/v2\/comments?post=288018"}],"wp:featuredmedia":[{"embeddable":true,"href":"https:\/\/shopatoa.com\/ro\/wp-json\/wp\/v2\/media\/288020"}],"wp:attachment":[{"href":"https:\/\/shopatoa.com\/ro\/wp-json\/wp\/v2\/media?parent=288018"}],"wp:term":[{"taxonomy":"product_brand","embeddable":true,"href":"https:\/\/shopatoa.com\/ro\/wp-json\/wp\/v2\/product_brand?post=288018"},{"taxonomy":"product_cat","embeddable":true,"href":"https:\/\/shopatoa.com\/ro\/wp-json\/wp\/v2\/product_cat?post=288018"},{"taxonomy":"product_tag","embeddable":true,"href":"https:\/\/shopatoa.com\/ro\/wp-json\/wp\/v2\/product_tag?post=288018"}],"curies":[{"name":"wp","href":"https:\/\/api.w.org\/{rel}","templated":true}]}}