{"id":288092,"date":"2025-05-01T09:25:42","date_gmt":"2025-05-01T07:25:42","guid":{"rendered":"https:\/\/shopatoa.com\/ro\/proficare-termometru-cu-infrarosu-fara-contact-ft-3094\/"},"modified":"2025-12-11T10:25:41","modified_gmt":"2025-12-11T09:25:41","slug":"proficare-termometru-cu-infrarosu-fara-contact-ft-3094","status":"publish","type":"product","link":"https:\/\/shopatoa.com\/ro\/proficare-termometru-cu-infrarosu-fara-contact-ft-3094\/","title":{"rendered":"ProfiCare Termometru cu infraro\u0219u f\u0103r\u0103 contact FT 3094"},"content":{"rendered":"<p>Termometrul igienic f\u0103r\u0103 contact pentru m\u0103surarea rapid\u0103 a temperaturii bebelu\u0219ilor, copiilor mici, adul\u021bilor, dar \u0219i a suprafe\u021belor. Este echipat cu un sistem dual f\u0103r\u0103 contact, care poate fi comutat, pentru m\u0103surarea temperaturii corpului, dar \u0219i a temperaturii suprafe\u021belor (temperatura apei din baie, temperatura alimentelor pentru bebelu\u0219i). Temperatura m\u0103surat\u0103 este afi\u0219at\u0103 pe afi\u0219ajul LCD u\u0219or de citit, care este iluminat din spate \u0219i astfel faciliteaz\u0103 m\u0103surarea \u00een \u00eentuneric. Rezultatul m\u0103sur\u0103torii va fi afi\u0219at \u00een aproximativ 1 secund\u0103. La sf\u00e2r\u0219itul m\u0103sur\u0103torii va suna \u0219i un semnal acustic, care poate fi dezactivat. Dup\u0103 10 secunde, termometrul se va opri automat pentru a economisi bateria. Afi\u0219ajul LCD, inclusiv temperatura m\u0103surat\u0103, va afi\u0219a \u0219i culoarea \u00een func\u021bie de temperatura m\u0103surat\u0103. O temperatur\u0103 de p\u00e2n\u0103 la 37,5 \u00b0C va afi\u0219a o culoare verde, o temperatur\u0103 de 37,6-37,9 \u00b0C va afi\u0219a o culoare portocalie, iar o temperatur\u0103 de 38-42,5 \u00b0C va afi\u0219a o culoare ro\u0219ie. Intervalul de temperatur\u0103 pentru m\u0103surarea suprafe\u021bei este de 0\u2013100 \u00b0C. Poate fi m\u0103surat \u00een \u00b0C \u0219i \u00b0F. \u00cen termometru pot fi stocate p\u00e2n\u0103 la 32 de m\u0103sur\u0103tori \u0219i, de asemenea, avertizeaz\u0103 asupra necesit\u0103\u021bii \u00eenlocuirii bateriilor. Alimentarea este de 2 baterii AA de 1,5 V, care nu sunt incluse \u00een pachet. CE 0197\/T\u00dcV Rheiland, MDD\/93\/42\/ECC, certificat ISO 13485.<\/p>\n","protected":false},"excerpt":{"rendered":"<p>Termometrul igienic f\u0103r\u0103 contact pentru m\u0103surarea rapid\u0103 a temperaturii bebelu\u0219ilor, copiilor mici, adul\u021bilor, dar \u0219i a suprafe\u021belor. Este echipat cu un sistem dual f\u0103r\u0103 contact, care poate fi comutat, pentru m\u0103surarea temperaturii corpului, dar \u0219i a temperaturii suprafe\u021belor (temperatura apei din baie, temperatura alimentelor pentru bebelu\u0219i). Temperatura m\u0103surat\u0103 este afi\u0219at\u0103 pe afi\u0219ajul LCD u\u0219or de&#8230;<\/p>\n","protected":false},"featured_media":288093,"comment_status":"closed","ping_status":"open","template":"","meta":{"_acf_changed":false,"_kadence_starter_templates_imported_post":false,"_kad_post_transparent":"","_kad_post_title":"","_kad_post_layout":"","_kad_post_sidebar_id":"","_kad_post_content_style":"","_kad_post_vertical_padding":"","_kad_post_feature":"","_kad_post_feature_position":"","_kad_post_header":false,"_kad_post_footer":false,"_kad_post_classname":""},"product_brand":[876],"product_cat":[246,757,611],"product_tag":[],"class_list":{"0":"post-288092","1":"product","2":"type-product","3":"status-publish","4":"has-post-thumbnail","6":"product_brand-proficare","7":"product_cat-cosmetice","8":"product_cat-dispozitive-cosmetice-corpul","9":"product_cat-produse-cosmetice-pentru-corp","11":"first","12":"instock","13":"product-type-external","14":"entry","15":"content-bg","16":"loop-entry"},"acf":[],"yoast_head":"<!-- This site is optimized with the Yoast SEO plugin v27.4 - https:\/\/yoast.com\/product\/yoast-seo-wordpress\/ -->\n<title>ProfiCare Termometru cu infraro\u0219u f\u0103r\u0103 contact FT 3094 - SHOPATOA.COM<\/title>\n<meta name=\"robots\" content=\"index, follow, max-snippet:-1, max-image-preview:large, max-video-preview:-1\" \/>\n<link rel=\"canonical\" href=\"https:\/\/shopatoa.com\/ro\/proficare-termometru-cu-infrarosu-fara-contact-ft-3094\/\" \/>\n<meta property=\"og:locale\" content=\"ro_RO\" \/>\n<meta property=\"og:type\" content=\"article\" \/>\n<meta property=\"og:title\" content=\"ProfiCare Termometru cu infraro\u0219u f\u0103r\u0103 contact FT 3094 - SHOPATOA.COM\" \/>\n<meta property=\"og:description\" content=\"Termometrul igienic f\u0103r\u0103 contact pentru m\u0103surarea rapid\u0103 a temperaturii bebelu\u0219ilor, copiilor mici, adul\u021bilor, dar \u0219i a suprafe\u021belor. Este echipat cu un sistem dual f\u0103r\u0103 contact, care poate fi comutat, pentru m\u0103surarea temperaturii corpului, dar \u0219i a temperaturii suprafe\u021belor (temperatura apei din baie, temperatura alimentelor pentru bebelu\u0219i). Temperatura m\u0103surat\u0103 este afi\u0219at\u0103 pe afi\u0219ajul LCD u\u0219or de...\" \/>\n<meta property=\"og:url\" content=\"https:\/\/shopatoa.com\/ro\/proficare-termometru-cu-infrarosu-fara-contact-ft-3094\/\" \/>\n<meta property=\"og:site_name\" content=\"SHOPATOA\" \/>\n<meta property=\"article:modified_time\" content=\"2025-12-11T09:25:41+00:00\" \/>\n<meta property=\"og:image\" content=\"https:\/\/storage.googleapis.com\/cz-shopatoa-img\/ro\/2816ecd0-unnamed-file.webp\" \/>\n\t<meta property=\"og:image:width\" content=\"800\" \/>\n\t<meta property=\"og:image:height\" content=\"800\" \/>\n\t<meta property=\"og:image:type\" content=\"image\/webp\" \/>\n<meta name=\"twitter:card\" content=\"summary_large_image\" \/>\n<meta name=\"twitter:label1\" content=\"Timp estimat pentru citire\" \/>\n\t<meta name=\"twitter:data1\" content=\"1 minut\" \/>\n<script type=\"application\/ld+json\" class=\"yoast-schema-graph\">{\"@context\":\"https:\\\/\\\/schema.org\",\"@graph\":[{\"@type\":\"WebPage\",\"@id\":\"https:\\\/\\\/shopatoa.com\\\/ro\\\/proficare-termometru-cu-infrarosu-fara-contact-ft-3094\\\/\",\"url\":\"https:\\\/\\\/shopatoa.com\\\/ro\\\/proficare-termometru-cu-infrarosu-fara-contact-ft-3094\\\/\",\"name\":\"ProfiCare Termometru cu infraro\u0219u f\u0103r\u0103 contact FT 3094 - SHOPATOA.COM\",\"isPartOf\":{\"@id\":\"https:\\\/\\\/shopatoa.com\\\/ro\\\/#website\"},\"primaryImageOfPage\":{\"@id\":\"https:\\\/\\\/shopatoa.com\\\/ro\\\/proficare-termometru-cu-infrarosu-fara-contact-ft-3094\\\/#primaryimage\"},\"image\":{\"@id\":\"https:\\\/\\\/shopatoa.com\\\/ro\\\/proficare-termometru-cu-infrarosu-fara-contact-ft-3094\\\/#primaryimage\"},\"thumbnailUrl\":\"https:\\\/\\\/storage.googleapis.com\\\/cz-shopatoa-img\\\/ro\\\/2816ecd0-unnamed-file.webp\",\"datePublished\":\"2025-05-01T07:25:42+00:00\",\"dateModified\":\"2025-12-11T09:25:41+00:00\",\"breadcrumb\":{\"@id\":\"https:\\\/\\\/shopatoa.com\\\/ro\\\/proficare-termometru-cu-infrarosu-fara-contact-ft-3094\\\/#breadcrumb\"},\"inLanguage\":\"ro-RO\",\"potentialAction\":[{\"@type\":\"ReadAction\",\"target\":[\"https:\\\/\\\/shopatoa.com\\\/ro\\\/proficare-termometru-cu-infrarosu-fara-contact-ft-3094\\\/\"]}]},{\"@type\":\"ImageObject\",\"inLanguage\":\"ro-RO\",\"@id\":\"https:\\\/\\\/shopatoa.com\\\/ro\\\/proficare-termometru-cu-infrarosu-fara-contact-ft-3094\\\/#primaryimage\",\"url\":\"https:\\\/\\\/storage.googleapis.com\\\/cz-shopatoa-img\\\/ro\\\/2816ecd0-unnamed-file.webp\",\"contentUrl\":\"https:\\\/\\\/storage.googleapis.com\\\/cz-shopatoa-img\\\/ro\\\/2816ecd0-unnamed-file.webp\",\"width\":800,\"height\":800},{\"@type\":\"BreadcrumbList\",\"@id\":\"https:\\\/\\\/shopatoa.com\\\/ro\\\/proficare-termometru-cu-infrarosu-fara-contact-ft-3094\\\/#breadcrumb\",\"itemListElement\":[{\"@type\":\"ListItem\",\"position\":1,\"name\":\"Dom\u016f\",\"item\":\"https:\\\/\\\/shopatoa.com\\\/ro\\\/\"},{\"@type\":\"ListItem\",\"position\":2,\"name\":\"Shop\",\"item\":\"https:\\\/\\\/shopatoa.com\\\/ro\\\/shop\\\/\"},{\"@type\":\"ListItem\",\"position\":3,\"name\":\"Cosmetice\",\"item\":\"https:\\\/\\\/shopatoa.com\\\/ro\\\/cosmetice\\\/\"},{\"@type\":\"ListItem\",\"position\":4,\"name\":\"Produse cosmetice pentru corp\",\"item\":\"https:\\\/\\\/shopatoa.com\\\/ro\\\/produse-cosmetice-pentru-corp\\\/\"},{\"@type\":\"ListItem\",\"position\":5,\"name\":\"Dispozitive cosmetice corpul\",\"item\":\"https:\\\/\\\/shopatoa.com\\\/ro\\\/dispozitive-cosmetice-corpul\\\/\"},{\"@type\":\"ListItem\",\"position\":6,\"name\":\"ProfiCare Termometru cu infraro\u0219u f\u0103r\u0103 contact FT 3094\"}]},{\"@type\":\"WebSite\",\"@id\":\"https:\\\/\\\/shopatoa.com\\\/ro\\\/#website\",\"url\":\"https:\\\/\\\/shopatoa.com\\\/ro\\\/\",\"name\":\"SHOPATOA\",\"description\":\"\",\"publisher\":{\"@id\":\"https:\\\/\\\/shopatoa.com\\\/ro\\\/#organization\"},\"potentialAction\":[{\"@type\":\"SearchAction\",\"target\":{\"@type\":\"EntryPoint\",\"urlTemplate\":\"https:\\\/\\\/shopatoa.com\\\/ro\\\/?s={search_term_string}\"},\"query-input\":{\"@type\":\"PropertyValueSpecification\",\"valueRequired\":true,\"valueName\":\"search_term_string\"}}],\"inLanguage\":\"ro-RO\"},{\"@type\":\"Organization\",\"@id\":\"https:\\\/\\\/shopatoa.com\\\/ro\\\/#organization\",\"name\":\"SHOPATOA\",\"url\":\"https:\\\/\\\/shopatoa.com\\\/ro\\\/\",\"logo\":{\"@type\":\"ImageObject\",\"inLanguage\":\"ro-RO\",\"@id\":\"https:\\\/\\\/shopatoa.com\\\/ro\\\/#\\\/schema\\\/logo\\\/image\\\/\",\"url\":\"https:\\\/\\\/storage.googleapis.com\\\/cz-shopatoa-img\\\/ro\\\/b4dac915-shopatoa_logo.png\",\"contentUrl\":\"https:\\\/\\\/storage.googleapis.com\\\/cz-shopatoa-img\\\/ro\\\/b4dac915-shopatoa_logo.png\",\"width\":416,\"height\":63,\"caption\":\"SHOPATOA\"},\"image\":{\"@id\":\"https:\\\/\\\/shopatoa.com\\\/ro\\\/#\\\/schema\\\/logo\\\/image\\\/\"}}]}<\/script>\n<!-- \/ Yoast SEO plugin. -->","yoast_head_json":{"title":"ProfiCare Termometru cu infraro\u0219u f\u0103r\u0103 contact FT 3094 - SHOPATOA.COM","robots":{"index":"index","follow":"follow","max-snippet":"max-snippet:-1","max-image-preview":"max-image-preview:large","max-video-preview":"max-video-preview:-1"},"canonical":"https:\/\/shopatoa.com\/ro\/proficare-termometru-cu-infrarosu-fara-contact-ft-3094\/","og_locale":"ro_RO","og_type":"article","og_title":"ProfiCare Termometru cu infraro\u0219u f\u0103r\u0103 contact FT 3094 - SHOPATOA.COM","og_description":"Termometrul igienic f\u0103r\u0103 contact pentru m\u0103surarea rapid\u0103 a temperaturii bebelu\u0219ilor, copiilor mici, adul\u021bilor, dar \u0219i a suprafe\u021belor. Este echipat cu un sistem dual f\u0103r\u0103 contact, care poate fi comutat, pentru m\u0103surarea temperaturii corpului, dar \u0219i a temperaturii suprafe\u021belor (temperatura apei din baie, temperatura alimentelor pentru bebelu\u0219i). Temperatura m\u0103surat\u0103 este afi\u0219at\u0103 pe afi\u0219ajul LCD u\u0219or de...","og_url":"https:\/\/shopatoa.com\/ro\/proficare-termometru-cu-infrarosu-fara-contact-ft-3094\/","og_site_name":"SHOPATOA","article_modified_time":"2025-12-11T09:25:41+00:00","og_image":[{"width":800,"height":800,"url":"https:\/\/storage.googleapis.com\/cz-shopatoa-img\/ro\/2816ecd0-unnamed-file.webp","type":"image\/webp"}],"twitter_card":"summary_large_image","twitter_misc":{"Timp estimat pentru citire":"1 minut"},"schema":{"@context":"https:\/\/schema.org","@graph":[{"@type":"WebPage","@id":"https:\/\/shopatoa.com\/ro\/proficare-termometru-cu-infrarosu-fara-contact-ft-3094\/","url":"https:\/\/shopatoa.com\/ro\/proficare-termometru-cu-infrarosu-fara-contact-ft-3094\/","name":"ProfiCare Termometru cu infraro\u0219u f\u0103r\u0103 contact FT 3094 - SHOPATOA.COM","isPartOf":{"@id":"https:\/\/shopatoa.com\/ro\/#website"},"primaryImageOfPage":{"@id":"https:\/\/shopatoa.com\/ro\/proficare-termometru-cu-infrarosu-fara-contact-ft-3094\/#primaryimage"},"image":{"@id":"https:\/\/shopatoa.com\/ro\/proficare-termometru-cu-infrarosu-fara-contact-ft-3094\/#primaryimage"},"thumbnailUrl":"https:\/\/storage.googleapis.com\/cz-shopatoa-img\/ro\/2816ecd0-unnamed-file.webp","datePublished":"2025-05-01T07:25:42+00:00","dateModified":"2025-12-11T09:25:41+00:00","breadcrumb":{"@id":"https:\/\/shopatoa.com\/ro\/proficare-termometru-cu-infrarosu-fara-contact-ft-3094\/#breadcrumb"},"inLanguage":"ro-RO","potentialAction":[{"@type":"ReadAction","target":["https:\/\/shopatoa.com\/ro\/proficare-termometru-cu-infrarosu-fara-contact-ft-3094\/"]}]},{"@type":"ImageObject","inLanguage":"ro-RO","@id":"https:\/\/shopatoa.com\/ro\/proficare-termometru-cu-infrarosu-fara-contact-ft-3094\/#primaryimage","url":"https:\/\/storage.googleapis.com\/cz-shopatoa-img\/ro\/2816ecd0-unnamed-file.webp","contentUrl":"https:\/\/storage.googleapis.com\/cz-shopatoa-img\/ro\/2816ecd0-unnamed-file.webp","width":800,"height":800},{"@type":"BreadcrumbList","@id":"https:\/\/shopatoa.com\/ro\/proficare-termometru-cu-infrarosu-fara-contact-ft-3094\/#breadcrumb","itemListElement":[{"@type":"ListItem","position":1,"name":"Dom\u016f","item":"https:\/\/shopatoa.com\/ro\/"},{"@type":"ListItem","position":2,"name":"Shop","item":"https:\/\/shopatoa.com\/ro\/shop\/"},{"@type":"ListItem","position":3,"name":"Cosmetice","item":"https:\/\/shopatoa.com\/ro\/cosmetice\/"},{"@type":"ListItem","position":4,"name":"Produse cosmetice pentru corp","item":"https:\/\/shopatoa.com\/ro\/produse-cosmetice-pentru-corp\/"},{"@type":"ListItem","position":5,"name":"Dispozitive cosmetice corpul","item":"https:\/\/shopatoa.com\/ro\/dispozitive-cosmetice-corpul\/"},{"@type":"ListItem","position":6,"name":"ProfiCare Termometru cu infraro\u0219u f\u0103r\u0103 contact FT 3094"}]},{"@type":"WebSite","@id":"https:\/\/shopatoa.com\/ro\/#website","url":"https:\/\/shopatoa.com\/ro\/","name":"SHOPATOA","description":"","publisher":{"@id":"https:\/\/shopatoa.com\/ro\/#organization"},"potentialAction":[{"@type":"SearchAction","target":{"@type":"EntryPoint","urlTemplate":"https:\/\/shopatoa.com\/ro\/?s={search_term_string}"},"query-input":{"@type":"PropertyValueSpecification","valueRequired":true,"valueName":"search_term_string"}}],"inLanguage":"ro-RO"},{"@type":"Organization","@id":"https:\/\/shopatoa.com\/ro\/#organization","name":"SHOPATOA","url":"https:\/\/shopatoa.com\/ro\/","logo":{"@type":"ImageObject","inLanguage":"ro-RO","@id":"https:\/\/shopatoa.com\/ro\/#\/schema\/logo\/image\/","url":"https:\/\/storage.googleapis.com\/cz-shopatoa-img\/ro\/b4dac915-shopatoa_logo.png","contentUrl":"https:\/\/storage.googleapis.com\/cz-shopatoa-img\/ro\/b4dac915-shopatoa_logo.png","width":416,"height":63,"caption":"SHOPATOA"},"image":{"@id":"https:\/\/shopatoa.com\/ro\/#\/schema\/logo\/image\/"}}]}},"_links":{"self":[{"href":"https:\/\/shopatoa.com\/ro\/wp-json\/wp\/v2\/product\/288092","targetHints":{"allow":["GET"]}}],"collection":[{"href":"https:\/\/shopatoa.com\/ro\/wp-json\/wp\/v2\/product"}],"about":[{"href":"https:\/\/shopatoa.com\/ro\/wp-json\/wp\/v2\/types\/product"}],"replies":[{"embeddable":true,"href":"https:\/\/shopatoa.com\/ro\/wp-json\/wp\/v2\/comments?post=288092"}],"wp:featuredmedia":[{"embeddable":true,"href":"https:\/\/shopatoa.com\/ro\/wp-json\/wp\/v2\/media\/288093"}],"wp:attachment":[{"href":"https:\/\/shopatoa.com\/ro\/wp-json\/wp\/v2\/media?parent=288092"}],"wp:term":[{"taxonomy":"product_brand","embeddable":true,"href":"https:\/\/shopatoa.com\/ro\/wp-json\/wp\/v2\/product_brand?post=288092"},{"taxonomy":"product_cat","embeddable":true,"href":"https:\/\/shopatoa.com\/ro\/wp-json\/wp\/v2\/product_cat?post=288092"},{"taxonomy":"product_tag","embeddable":true,"href":"https:\/\/shopatoa.com\/ro\/wp-json\/wp\/v2\/product_tag?post=288092"}],"curies":[{"name":"wp","href":"https:\/\/api.w.org\/{rel}","templated":true}]}}