{"id":288175,"date":"2025-05-01T09:35:04","date_gmt":"2025-05-01T07:35:04","guid":{"rendered":"https:\/\/shopatoa.com\/ro\/steves-pasta-de-matifiere-pentru-par-cu-fixare-puternica-lemn-de-santal-100-g\/"},"modified":"2025-12-04T02:44:17","modified_gmt":"2025-12-04T01:44:17","slug":"steves-pasta-de-matifiere-pentru-par-cu-fixare-puternica-lemn-de-santal-100-g","status":"publish","type":"product","link":"https:\/\/shopatoa.com\/ro\/steves-pasta-de-matifiere-pentru-par-cu-fixare-puternica-lemn-de-santal-100-g\/","title":{"rendered":"Steve&#8217;s Past\u0103 de matifiere pentru p\u0103r cu fixare puternic\u0103 Lemn de santal 100 g"},"content":{"rendered":"<p>P\u0103rul dvs. va adora aceast\u0103 past\u0103 matifiant\u0103 suprem\u0103. Pasta Steve are la baz\u0103 maltodextrin\u0103, nu lipe\u0219te, nu se \u00eentinde \u0219i se modeleaz\u0103 u\u0219or cu ea. Pasta este pe baz\u0103 de ap\u0103, a\u0219a c\u0103 o pute\u021bi cl\u0103ti cu u\u0219urin\u021b\u0103 sub du\u0219. Rezultatul este o coafura MATA cu aspect natural. For\u021ba de fixare: 7\/10 Str\u0103lucire : 1\/10 Pentru a ob\u021bine un aspect natural, eviden\u021bia\u021bi firele individuale.<\/p>\n","protected":false},"excerpt":{"rendered":"<p>P\u0103rul dvs. va adora aceast\u0103 past\u0103 matifiant\u0103 suprem\u0103. Pasta Steve are la baz\u0103 maltodextrin\u0103, nu lipe\u0219te, nu se \u00eentinde \u0219i se modeleaz\u0103 u\u0219or cu ea. Pasta este pe baz\u0103 de ap\u0103, a\u0219a c\u0103 o pute\u021bi cl\u0103ti cu u\u0219urin\u021b\u0103 sub du\u0219. Rezultatul este o coafura MATA cu aspect natural. For\u021ba de fixare: 7\/10 Str\u0103lucire : 1\/10&#8230;<\/p>\n","protected":false},"featured_media":288177,"comment_status":"closed","ping_status":"open","template":"","meta":{"_acf_changed":false,"_kadence_starter_templates_imported_post":false,"_kad_post_transparent":"","_kad_post_title":"","_kad_post_layout":"","_kad_post_sidebar_id":"","_kad_post_content_style":"","_kad_post_vertical_padding":"","_kad_post_feature":"","_kad_post_feature_position":"","_kad_post_header":false,"_kad_post_footer":false,"_kad_post_classname":""},"product_brand":[826],"product_cat":[670,969,246],"product_tag":[],"class_list":{"0":"post-288175","1":"product","2":"type-product","3":"status-publish","4":"has-post-thumbnail","6":"product_brand-steves","7":"product_cat-barber-shop","8":"product_cat-barber-shop-ingrijirea-parului","9":"product_cat-cosmetice","11":"first","12":"instock","13":"sale","14":"product-type-external","15":"entry","16":"content-bg","17":"loop-entry"},"acf":[],"yoast_head":"<!-- This site is optimized with the Yoast SEO plugin v27.4 - https:\/\/yoast.com\/product\/yoast-seo-wordpress\/ -->\n<title>Steve&#039;s Past\u0103 de matifiere pentru p\u0103r cu fixare puternic\u0103 Lemn de santal 100 g - SHOPATOA.COM<\/title>\n<meta name=\"robots\" content=\"index, follow, max-snippet:-1, max-image-preview:large, max-video-preview:-1\" \/>\n<link rel=\"canonical\" href=\"https:\/\/shopatoa.com\/ro\/steves-pasta-de-matifiere-pentru-par-cu-fixare-puternica-lemn-de-santal-100-g\/\" \/>\n<meta property=\"og:locale\" content=\"ro_RO\" \/>\n<meta property=\"og:type\" content=\"article\" \/>\n<meta property=\"og:title\" content=\"Steve&#039;s Past\u0103 de matifiere pentru p\u0103r cu fixare puternic\u0103 Lemn de santal 100 g - SHOPATOA.COM\" \/>\n<meta property=\"og:description\" content=\"P\u0103rul dvs. va adora aceast\u0103 past\u0103 matifiant\u0103 suprem\u0103. Pasta Steve are la baz\u0103 maltodextrin\u0103, nu lipe\u0219te, nu se \u00eentinde \u0219i se modeleaz\u0103 u\u0219or cu ea. Pasta este pe baz\u0103 de ap\u0103, a\u0219a c\u0103 o pute\u021bi cl\u0103ti cu u\u0219urin\u021b\u0103 sub du\u0219. Rezultatul este o coafura MATA cu aspect natural. For\u021ba de fixare: 7\/10 Str\u0103lucire : 1\/10...\" \/>\n<meta property=\"og:url\" content=\"https:\/\/shopatoa.com\/ro\/steves-pasta-de-matifiere-pentru-par-cu-fixare-puternica-lemn-de-santal-100-g\/\" \/>\n<meta property=\"og:site_name\" content=\"SHOPATOA\" \/>\n<meta property=\"article:modified_time\" content=\"2025-12-04T01:44:17+00:00\" \/>\n<meta property=\"og:image\" content=\"https:\/\/storage.googleapis.com\/cz-shopatoa-img\/ro\/d5821f4e-unnamed-file.webp\" \/>\n\t<meta property=\"og:image:width\" content=\"800\" \/>\n\t<meta property=\"og:image:height\" content=\"800\" \/>\n\t<meta property=\"og:image:type\" content=\"image\/webp\" \/>\n<meta name=\"twitter:card\" content=\"summary_large_image\" \/>\n<script type=\"application\/ld+json\" class=\"yoast-schema-graph\">{\"@context\":\"https:\\\/\\\/schema.org\",\"@graph\":[{\"@type\":\"WebPage\",\"@id\":\"https:\\\/\\\/shopatoa.com\\\/ro\\\/steves-pasta-de-matifiere-pentru-par-cu-fixare-puternica-lemn-de-santal-100-g\\\/\",\"url\":\"https:\\\/\\\/shopatoa.com\\\/ro\\\/steves-pasta-de-matifiere-pentru-par-cu-fixare-puternica-lemn-de-santal-100-g\\\/\",\"name\":\"Steve's Past\u0103 de matifiere pentru p\u0103r cu fixare puternic\u0103 Lemn de santal 100 g - SHOPATOA.COM\",\"isPartOf\":{\"@id\":\"https:\\\/\\\/shopatoa.com\\\/ro\\\/#website\"},\"primaryImageOfPage\":{\"@id\":\"https:\\\/\\\/shopatoa.com\\\/ro\\\/steves-pasta-de-matifiere-pentru-par-cu-fixare-puternica-lemn-de-santal-100-g\\\/#primaryimage\"},\"image\":{\"@id\":\"https:\\\/\\\/shopatoa.com\\\/ro\\\/steves-pasta-de-matifiere-pentru-par-cu-fixare-puternica-lemn-de-santal-100-g\\\/#primaryimage\"},\"thumbnailUrl\":\"https:\\\/\\\/storage.googleapis.com\\\/cz-shopatoa-img\\\/ro\\\/d5821f4e-unnamed-file.webp\",\"datePublished\":\"2025-05-01T07:35:04+00:00\",\"dateModified\":\"2025-12-04T01:44:17+00:00\",\"breadcrumb\":{\"@id\":\"https:\\\/\\\/shopatoa.com\\\/ro\\\/steves-pasta-de-matifiere-pentru-par-cu-fixare-puternica-lemn-de-santal-100-g\\\/#breadcrumb\"},\"inLanguage\":\"ro-RO\",\"potentialAction\":[{\"@type\":\"ReadAction\",\"target\":[\"https:\\\/\\\/shopatoa.com\\\/ro\\\/steves-pasta-de-matifiere-pentru-par-cu-fixare-puternica-lemn-de-santal-100-g\\\/\"]}]},{\"@type\":\"ImageObject\",\"inLanguage\":\"ro-RO\",\"@id\":\"https:\\\/\\\/shopatoa.com\\\/ro\\\/steves-pasta-de-matifiere-pentru-par-cu-fixare-puternica-lemn-de-santal-100-g\\\/#primaryimage\",\"url\":\"https:\\\/\\\/storage.googleapis.com\\\/cz-shopatoa-img\\\/ro\\\/d5821f4e-unnamed-file.webp\",\"contentUrl\":\"https:\\\/\\\/storage.googleapis.com\\\/cz-shopatoa-img\\\/ro\\\/d5821f4e-unnamed-file.webp\",\"width\":800,\"height\":800},{\"@type\":\"BreadcrumbList\",\"@id\":\"https:\\\/\\\/shopatoa.com\\\/ro\\\/steves-pasta-de-matifiere-pentru-par-cu-fixare-puternica-lemn-de-santal-100-g\\\/#breadcrumb\",\"itemListElement\":[{\"@type\":\"ListItem\",\"position\":1,\"name\":\"Dom\u016f\",\"item\":\"https:\\\/\\\/shopatoa.com\\\/ro\\\/\"},{\"@type\":\"ListItem\",\"position\":2,\"name\":\"Shop\",\"item\":\"https:\\\/\\\/shopatoa.com\\\/ro\\\/shop\\\/\"},{\"@type\":\"ListItem\",\"position\":3,\"name\":\"Cosmetice\",\"item\":\"https:\\\/\\\/shopatoa.com\\\/ro\\\/cosmetice\\\/\"},{\"@type\":\"ListItem\",\"position\":4,\"name\":\"Barber Shop\",\"item\":\"https:\\\/\\\/shopatoa.com\\\/ro\\\/barber-shop\\\/\"},{\"@type\":\"ListItem\",\"position\":5,\"name\":\"Barber Shop \u2013 ingrijirea p\u0103rului\",\"item\":\"https:\\\/\\\/shopatoa.com\\\/ro\\\/barber-shop-ingrijirea-parului\\\/\"},{\"@type\":\"ListItem\",\"position\":6,\"name\":\"Steve&#8217;s Past\u0103 de matifiere pentru p\u0103r cu fixare puternic\u0103 Lemn de santal 100 g\"}]},{\"@type\":\"WebSite\",\"@id\":\"https:\\\/\\\/shopatoa.com\\\/ro\\\/#website\",\"url\":\"https:\\\/\\\/shopatoa.com\\\/ro\\\/\",\"name\":\"SHOPATOA\",\"description\":\"\",\"publisher\":{\"@id\":\"https:\\\/\\\/shopatoa.com\\\/ro\\\/#organization\"},\"potentialAction\":[{\"@type\":\"SearchAction\",\"target\":{\"@type\":\"EntryPoint\",\"urlTemplate\":\"https:\\\/\\\/shopatoa.com\\\/ro\\\/?s={search_term_string}\"},\"query-input\":{\"@type\":\"PropertyValueSpecification\",\"valueRequired\":true,\"valueName\":\"search_term_string\"}}],\"inLanguage\":\"ro-RO\"},{\"@type\":\"Organization\",\"@id\":\"https:\\\/\\\/shopatoa.com\\\/ro\\\/#organization\",\"name\":\"SHOPATOA\",\"url\":\"https:\\\/\\\/shopatoa.com\\\/ro\\\/\",\"logo\":{\"@type\":\"ImageObject\",\"inLanguage\":\"ro-RO\",\"@id\":\"https:\\\/\\\/shopatoa.com\\\/ro\\\/#\\\/schema\\\/logo\\\/image\\\/\",\"url\":\"https:\\\/\\\/storage.googleapis.com\\\/cz-shopatoa-img\\\/ro\\\/b4dac915-shopatoa_logo.png\",\"contentUrl\":\"https:\\\/\\\/storage.googleapis.com\\\/cz-shopatoa-img\\\/ro\\\/b4dac915-shopatoa_logo.png\",\"width\":416,\"height\":63,\"caption\":\"SHOPATOA\"},\"image\":{\"@id\":\"https:\\\/\\\/shopatoa.com\\\/ro\\\/#\\\/schema\\\/logo\\\/image\\\/\"}}]}<\/script>\n<!-- \/ Yoast SEO plugin. -->","yoast_head_json":{"title":"Steve's Past\u0103 de matifiere pentru p\u0103r cu fixare puternic\u0103 Lemn de santal 100 g - SHOPATOA.COM","robots":{"index":"index","follow":"follow","max-snippet":"max-snippet:-1","max-image-preview":"max-image-preview:large","max-video-preview":"max-video-preview:-1"},"canonical":"https:\/\/shopatoa.com\/ro\/steves-pasta-de-matifiere-pentru-par-cu-fixare-puternica-lemn-de-santal-100-g\/","og_locale":"ro_RO","og_type":"article","og_title":"Steve's Past\u0103 de matifiere pentru p\u0103r cu fixare puternic\u0103 Lemn de santal 100 g - SHOPATOA.COM","og_description":"P\u0103rul dvs. va adora aceast\u0103 past\u0103 matifiant\u0103 suprem\u0103. Pasta Steve are la baz\u0103 maltodextrin\u0103, nu lipe\u0219te, nu se \u00eentinde \u0219i se modeleaz\u0103 u\u0219or cu ea. Pasta este pe baz\u0103 de ap\u0103, a\u0219a c\u0103 o pute\u021bi cl\u0103ti cu u\u0219urin\u021b\u0103 sub du\u0219. Rezultatul este o coafura MATA cu aspect natural. For\u021ba de fixare: 7\/10 Str\u0103lucire : 1\/10...","og_url":"https:\/\/shopatoa.com\/ro\/steves-pasta-de-matifiere-pentru-par-cu-fixare-puternica-lemn-de-santal-100-g\/","og_site_name":"SHOPATOA","article_modified_time":"2025-12-04T01:44:17+00:00","og_image":[{"width":800,"height":800,"url":"https:\/\/storage.googleapis.com\/cz-shopatoa-img\/ro\/d5821f4e-unnamed-file.webp","type":"image\/webp"}],"twitter_card":"summary_large_image","schema":{"@context":"https:\/\/schema.org","@graph":[{"@type":"WebPage","@id":"https:\/\/shopatoa.com\/ro\/steves-pasta-de-matifiere-pentru-par-cu-fixare-puternica-lemn-de-santal-100-g\/","url":"https:\/\/shopatoa.com\/ro\/steves-pasta-de-matifiere-pentru-par-cu-fixare-puternica-lemn-de-santal-100-g\/","name":"Steve's Past\u0103 de matifiere pentru p\u0103r cu fixare puternic\u0103 Lemn de santal 100 g - SHOPATOA.COM","isPartOf":{"@id":"https:\/\/shopatoa.com\/ro\/#website"},"primaryImageOfPage":{"@id":"https:\/\/shopatoa.com\/ro\/steves-pasta-de-matifiere-pentru-par-cu-fixare-puternica-lemn-de-santal-100-g\/#primaryimage"},"image":{"@id":"https:\/\/shopatoa.com\/ro\/steves-pasta-de-matifiere-pentru-par-cu-fixare-puternica-lemn-de-santal-100-g\/#primaryimage"},"thumbnailUrl":"https:\/\/storage.googleapis.com\/cz-shopatoa-img\/ro\/d5821f4e-unnamed-file.webp","datePublished":"2025-05-01T07:35:04+00:00","dateModified":"2025-12-04T01:44:17+00:00","breadcrumb":{"@id":"https:\/\/shopatoa.com\/ro\/steves-pasta-de-matifiere-pentru-par-cu-fixare-puternica-lemn-de-santal-100-g\/#breadcrumb"},"inLanguage":"ro-RO","potentialAction":[{"@type":"ReadAction","target":["https:\/\/shopatoa.com\/ro\/steves-pasta-de-matifiere-pentru-par-cu-fixare-puternica-lemn-de-santal-100-g\/"]}]},{"@type":"ImageObject","inLanguage":"ro-RO","@id":"https:\/\/shopatoa.com\/ro\/steves-pasta-de-matifiere-pentru-par-cu-fixare-puternica-lemn-de-santal-100-g\/#primaryimage","url":"https:\/\/storage.googleapis.com\/cz-shopatoa-img\/ro\/d5821f4e-unnamed-file.webp","contentUrl":"https:\/\/storage.googleapis.com\/cz-shopatoa-img\/ro\/d5821f4e-unnamed-file.webp","width":800,"height":800},{"@type":"BreadcrumbList","@id":"https:\/\/shopatoa.com\/ro\/steves-pasta-de-matifiere-pentru-par-cu-fixare-puternica-lemn-de-santal-100-g\/#breadcrumb","itemListElement":[{"@type":"ListItem","position":1,"name":"Dom\u016f","item":"https:\/\/shopatoa.com\/ro\/"},{"@type":"ListItem","position":2,"name":"Shop","item":"https:\/\/shopatoa.com\/ro\/shop\/"},{"@type":"ListItem","position":3,"name":"Cosmetice","item":"https:\/\/shopatoa.com\/ro\/cosmetice\/"},{"@type":"ListItem","position":4,"name":"Barber Shop","item":"https:\/\/shopatoa.com\/ro\/barber-shop\/"},{"@type":"ListItem","position":5,"name":"Barber Shop \u2013 ingrijirea p\u0103rului","item":"https:\/\/shopatoa.com\/ro\/barber-shop-ingrijirea-parului\/"},{"@type":"ListItem","position":6,"name":"Steve&#8217;s Past\u0103 de matifiere pentru p\u0103r cu fixare puternic\u0103 Lemn de santal 100 g"}]},{"@type":"WebSite","@id":"https:\/\/shopatoa.com\/ro\/#website","url":"https:\/\/shopatoa.com\/ro\/","name":"SHOPATOA","description":"","publisher":{"@id":"https:\/\/shopatoa.com\/ro\/#organization"},"potentialAction":[{"@type":"SearchAction","target":{"@type":"EntryPoint","urlTemplate":"https:\/\/shopatoa.com\/ro\/?s={search_term_string}"},"query-input":{"@type":"PropertyValueSpecification","valueRequired":true,"valueName":"search_term_string"}}],"inLanguage":"ro-RO"},{"@type":"Organization","@id":"https:\/\/shopatoa.com\/ro\/#organization","name":"SHOPATOA","url":"https:\/\/shopatoa.com\/ro\/","logo":{"@type":"ImageObject","inLanguage":"ro-RO","@id":"https:\/\/shopatoa.com\/ro\/#\/schema\/logo\/image\/","url":"https:\/\/storage.googleapis.com\/cz-shopatoa-img\/ro\/b4dac915-shopatoa_logo.png","contentUrl":"https:\/\/storage.googleapis.com\/cz-shopatoa-img\/ro\/b4dac915-shopatoa_logo.png","width":416,"height":63,"caption":"SHOPATOA"},"image":{"@id":"https:\/\/shopatoa.com\/ro\/#\/schema\/logo\/image\/"}}]}},"_links":{"self":[{"href":"https:\/\/shopatoa.com\/ro\/wp-json\/wp\/v2\/product\/288175","targetHints":{"allow":["GET"]}}],"collection":[{"href":"https:\/\/shopatoa.com\/ro\/wp-json\/wp\/v2\/product"}],"about":[{"href":"https:\/\/shopatoa.com\/ro\/wp-json\/wp\/v2\/types\/product"}],"replies":[{"embeddable":true,"href":"https:\/\/shopatoa.com\/ro\/wp-json\/wp\/v2\/comments?post=288175"}],"wp:featuredmedia":[{"embeddable":true,"href":"https:\/\/shopatoa.com\/ro\/wp-json\/wp\/v2\/media\/288177"}],"wp:attachment":[{"href":"https:\/\/shopatoa.com\/ro\/wp-json\/wp\/v2\/media?parent=288175"}],"wp:term":[{"taxonomy":"product_brand","embeddable":true,"href":"https:\/\/shopatoa.com\/ro\/wp-json\/wp\/v2\/product_brand?post=288175"},{"taxonomy":"product_cat","embeddable":true,"href":"https:\/\/shopatoa.com\/ro\/wp-json\/wp\/v2\/product_cat?post=288175"},{"taxonomy":"product_tag","embeddable":true,"href":"https:\/\/shopatoa.com\/ro\/wp-json\/wp\/v2\/product_tag?post=288175"}],"curies":[{"name":"wp","href":"https:\/\/api.w.org\/{rel}","templated":true}]}}