{"id":288308,"date":"2025-05-01T09:50:39","date_gmt":"2025-05-01T07:50:39","guid":{"rendered":"https:\/\/shopatoa.com\/ro\/abercrombie-fitch-authentic-moment-man-edt-50-ml\/"},"modified":"2025-12-11T10:06:44","modified_gmt":"2025-12-11T09:06:44","slug":"abercrombie-fitch-authentic-moment-man-edt-50-ml","status":"publish","type":"product","link":"https:\/\/shopatoa.com\/ro\/abercrombie-fitch-authentic-moment-man-edt-50-ml\/","title":{"rendered":"Abercrombie &amp; Fitch Authentic Moment Man &#8211; EDT 50 ml"},"content":{"rendered":"<p>Authentic Moment Man este o ap\u0103 de toalet\u0103 masculin\u0103 irezistibil\u0103. Notele de deschidere de bergamot\u0103, scor\u021bi\u0219oar\u0103 \u0219i chiparos subliniaz\u0103 perfec\u021biunea \u0219i unicitatea momentului. Fiecare secund\u0103 este intensificat\u0103 de neroli, un parfum luxos de lemn de santal, vanilie \u0219i mosc. Pentru c\u0103 exist\u0103 frumuse\u021be \u00een simplitate \u0219i fiecare moment ofer\u0103 posibilit\u0103\u021bi infinite de schimbare, bucurie \u0219i via\u021b\u0103! Parfumul a fost lansat \u00een anul 2022.<\/p>\n","protected":false},"excerpt":{"rendered":"<p>Authentic Moment Man este o ap\u0103 de toalet\u0103 masculin\u0103 irezistibil\u0103. Notele de deschidere de bergamot\u0103, scor\u021bi\u0219oar\u0103 \u0219i chiparos subliniaz\u0103 perfec\u021biunea \u0219i unicitatea momentului. Fiecare secund\u0103 este intensificat\u0103 de neroli, un parfum luxos de lemn de santal, vanilie \u0219i mosc. Pentru c\u0103 exist\u0103 frumuse\u021be \u00een simplitate \u0219i fiecare moment ofer\u0103 posibilit\u0103\u021bi infinite de schimbare, bucurie \u0219i&#8230;<\/p>\n","protected":false},"featured_media":288310,"comment_status":"closed","ping_status":"open","template":"","meta":{"_acf_changed":false,"_kadence_starter_templates_imported_post":false,"_kad_post_transparent":"","_kad_post_title":"","_kad_post_layout":"","_kad_post_sidebar_id":"","_kad_post_content_style":"","_kad_post_vertical_padding":"","_kad_post_feature":"","_kad_post_feature_position":"","_kad_post_header":false,"_kad_post_footer":false,"_kad_post_classname":""},"product_brand":[312],"product_cat":[615,614],"product_tag":[],"class_list":{"0":"post-288308","1":"product","2":"type-product","3":"status-publish","4":"has-post-thumbnail","6":"product_brand-abercrombie-fitch","7":"product_cat-ape-de-toaleta-edt","8":"product_cat-parfumuri","10":"first","11":"instock","12":"sale","13":"product-type-external","14":"entry","15":"content-bg","16":"loop-entry"},"acf":[],"yoast_head":"<!-- This site is optimized with the Yoast SEO plugin v27.3 - https:\/\/yoast.com\/product\/yoast-seo-wordpress\/ -->\n<title>Abercrombie &amp; Fitch Authentic Moment Man - EDT 50 ml - SHOPATOA.COM<\/title>\n<meta name=\"robots\" content=\"index, follow, max-snippet:-1, max-image-preview:large, max-video-preview:-1\" \/>\n<link rel=\"canonical\" href=\"https:\/\/shopatoa.com\/ro\/abercrombie-fitch-authentic-moment-man-edt-50-ml\/\" \/>\n<meta property=\"og:locale\" content=\"ro_RO\" \/>\n<meta property=\"og:type\" content=\"article\" \/>\n<meta property=\"og:title\" content=\"Abercrombie &amp; Fitch Authentic Moment Man - EDT 50 ml - SHOPATOA.COM\" \/>\n<meta property=\"og:description\" content=\"Authentic Moment Man este o ap\u0103 de toalet\u0103 masculin\u0103 irezistibil\u0103. Notele de deschidere de bergamot\u0103, scor\u021bi\u0219oar\u0103 \u0219i chiparos subliniaz\u0103 perfec\u021biunea \u0219i unicitatea momentului. Fiecare secund\u0103 este intensificat\u0103 de neroli, un parfum luxos de lemn de santal, vanilie \u0219i mosc. Pentru c\u0103 exist\u0103 frumuse\u021be \u00een simplitate \u0219i fiecare moment ofer\u0103 posibilit\u0103\u021bi infinite de schimbare, bucurie \u0219i...\" \/>\n<meta property=\"og:url\" content=\"https:\/\/shopatoa.com\/ro\/abercrombie-fitch-authentic-moment-man-edt-50-ml\/\" \/>\n<meta property=\"og:site_name\" content=\"SHOPATOA\" \/>\n<meta property=\"article:modified_time\" content=\"2025-12-11T09:06:44+00:00\" \/>\n<meta property=\"og:image\" content=\"https:\/\/storage.googleapis.com\/cz-shopatoa-img\/ro\/2873df28-unnamed-file.webp\" \/>\n\t<meta property=\"og:image:width\" content=\"800\" \/>\n\t<meta property=\"og:image:height\" content=\"800\" \/>\n\t<meta property=\"og:image:type\" content=\"image\/webp\" \/>\n<meta name=\"twitter:card\" content=\"summary_large_image\" \/>\n<script type=\"application\/ld+json\" class=\"yoast-schema-graph\">{\"@context\":\"https:\\\/\\\/schema.org\",\"@graph\":[{\"@type\":\"WebPage\",\"@id\":\"https:\\\/\\\/shopatoa.com\\\/ro\\\/abercrombie-fitch-authentic-moment-man-edt-50-ml\\\/\",\"url\":\"https:\\\/\\\/shopatoa.com\\\/ro\\\/abercrombie-fitch-authentic-moment-man-edt-50-ml\\\/\",\"name\":\"Abercrombie & Fitch Authentic Moment Man - EDT 50 ml - SHOPATOA.COM\",\"isPartOf\":{\"@id\":\"https:\\\/\\\/shopatoa.com\\\/ro\\\/#website\"},\"primaryImageOfPage\":{\"@id\":\"https:\\\/\\\/shopatoa.com\\\/ro\\\/abercrombie-fitch-authentic-moment-man-edt-50-ml\\\/#primaryimage\"},\"image\":{\"@id\":\"https:\\\/\\\/shopatoa.com\\\/ro\\\/abercrombie-fitch-authentic-moment-man-edt-50-ml\\\/#primaryimage\"},\"thumbnailUrl\":\"https:\\\/\\\/storage.googleapis.com\\\/cz-shopatoa-img\\\/ro\\\/2873df28-unnamed-file.webp\",\"datePublished\":\"2025-05-01T07:50:39+00:00\",\"dateModified\":\"2025-12-11T09:06:44+00:00\",\"breadcrumb\":{\"@id\":\"https:\\\/\\\/shopatoa.com\\\/ro\\\/abercrombie-fitch-authentic-moment-man-edt-50-ml\\\/#breadcrumb\"},\"inLanguage\":\"ro-RO\",\"potentialAction\":[{\"@type\":\"ReadAction\",\"target\":[\"https:\\\/\\\/shopatoa.com\\\/ro\\\/abercrombie-fitch-authentic-moment-man-edt-50-ml\\\/\"]}]},{\"@type\":\"ImageObject\",\"inLanguage\":\"ro-RO\",\"@id\":\"https:\\\/\\\/shopatoa.com\\\/ro\\\/abercrombie-fitch-authentic-moment-man-edt-50-ml\\\/#primaryimage\",\"url\":\"https:\\\/\\\/storage.googleapis.com\\\/cz-shopatoa-img\\\/ro\\\/2873df28-unnamed-file.webp\",\"contentUrl\":\"https:\\\/\\\/storage.googleapis.com\\\/cz-shopatoa-img\\\/ro\\\/2873df28-unnamed-file.webp\",\"width\":800,\"height\":800},{\"@type\":\"BreadcrumbList\",\"@id\":\"https:\\\/\\\/shopatoa.com\\\/ro\\\/abercrombie-fitch-authentic-moment-man-edt-50-ml\\\/#breadcrumb\",\"itemListElement\":[{\"@type\":\"ListItem\",\"position\":1,\"name\":\"Dom\u016f\",\"item\":\"https:\\\/\\\/shopatoa.com\\\/ro\\\/\"},{\"@type\":\"ListItem\",\"position\":2,\"name\":\"Shop\",\"item\":\"https:\\\/\\\/shopatoa.com\\\/ro\\\/shop\\\/\"},{\"@type\":\"ListItem\",\"position\":3,\"name\":\"Parfumuri\",\"item\":\"https:\\\/\\\/shopatoa.com\\\/ro\\\/parfumuri\\\/\"},{\"@type\":\"ListItem\",\"position\":4,\"name\":\"Ape de toalet\u0103 (EDT)\",\"item\":\"https:\\\/\\\/shopatoa.com\\\/ro\\\/ape-de-toaleta-edt\\\/\"},{\"@type\":\"ListItem\",\"position\":5,\"name\":\"Abercrombie &amp; Fitch Authentic Moment Man &#8211; EDT 50 ml\"}]},{\"@type\":\"WebSite\",\"@id\":\"https:\\\/\\\/shopatoa.com\\\/ro\\\/#website\",\"url\":\"https:\\\/\\\/shopatoa.com\\\/ro\\\/\",\"name\":\"SHOPATOA\",\"description\":\"\",\"publisher\":{\"@id\":\"https:\\\/\\\/shopatoa.com\\\/ro\\\/#organization\"},\"potentialAction\":[{\"@type\":\"SearchAction\",\"target\":{\"@type\":\"EntryPoint\",\"urlTemplate\":\"https:\\\/\\\/shopatoa.com\\\/ro\\\/?s={search_term_string}\"},\"query-input\":{\"@type\":\"PropertyValueSpecification\",\"valueRequired\":true,\"valueName\":\"search_term_string\"}}],\"inLanguage\":\"ro-RO\"},{\"@type\":\"Organization\",\"@id\":\"https:\\\/\\\/shopatoa.com\\\/ro\\\/#organization\",\"name\":\"SHOPATOA\",\"url\":\"https:\\\/\\\/shopatoa.com\\\/ro\\\/\",\"logo\":{\"@type\":\"ImageObject\",\"inLanguage\":\"ro-RO\",\"@id\":\"https:\\\/\\\/shopatoa.com\\\/ro\\\/#\\\/schema\\\/logo\\\/image\\\/\",\"url\":\"https:\\\/\\\/storage.googleapis.com\\\/cz-shopatoa-img\\\/ro\\\/b4dac915-shopatoa_logo.png\",\"contentUrl\":\"https:\\\/\\\/storage.googleapis.com\\\/cz-shopatoa-img\\\/ro\\\/b4dac915-shopatoa_logo.png\",\"width\":416,\"height\":63,\"caption\":\"SHOPATOA\"},\"image\":{\"@id\":\"https:\\\/\\\/shopatoa.com\\\/ro\\\/#\\\/schema\\\/logo\\\/image\\\/\"}}]}<\/script>\n<!-- \/ Yoast SEO plugin. -->","yoast_head_json":{"title":"Abercrombie & Fitch Authentic Moment Man - EDT 50 ml - SHOPATOA.COM","robots":{"index":"index","follow":"follow","max-snippet":"max-snippet:-1","max-image-preview":"max-image-preview:large","max-video-preview":"max-video-preview:-1"},"canonical":"https:\/\/shopatoa.com\/ro\/abercrombie-fitch-authentic-moment-man-edt-50-ml\/","og_locale":"ro_RO","og_type":"article","og_title":"Abercrombie & Fitch Authentic Moment Man - EDT 50 ml - SHOPATOA.COM","og_description":"Authentic Moment Man este o ap\u0103 de toalet\u0103 masculin\u0103 irezistibil\u0103. Notele de deschidere de bergamot\u0103, scor\u021bi\u0219oar\u0103 \u0219i chiparos subliniaz\u0103 perfec\u021biunea \u0219i unicitatea momentului. Fiecare secund\u0103 este intensificat\u0103 de neroli, un parfum luxos de lemn de santal, vanilie \u0219i mosc. Pentru c\u0103 exist\u0103 frumuse\u021be \u00een simplitate \u0219i fiecare moment ofer\u0103 posibilit\u0103\u021bi infinite de schimbare, bucurie \u0219i...","og_url":"https:\/\/shopatoa.com\/ro\/abercrombie-fitch-authentic-moment-man-edt-50-ml\/","og_site_name":"SHOPATOA","article_modified_time":"2025-12-11T09:06:44+00:00","og_image":[{"width":800,"height":800,"url":"https:\/\/storage.googleapis.com\/cz-shopatoa-img\/ro\/2873df28-unnamed-file.webp","type":"image\/webp"}],"twitter_card":"summary_large_image","schema":{"@context":"https:\/\/schema.org","@graph":[{"@type":"WebPage","@id":"https:\/\/shopatoa.com\/ro\/abercrombie-fitch-authentic-moment-man-edt-50-ml\/","url":"https:\/\/shopatoa.com\/ro\/abercrombie-fitch-authentic-moment-man-edt-50-ml\/","name":"Abercrombie & Fitch Authentic Moment Man - EDT 50 ml - SHOPATOA.COM","isPartOf":{"@id":"https:\/\/shopatoa.com\/ro\/#website"},"primaryImageOfPage":{"@id":"https:\/\/shopatoa.com\/ro\/abercrombie-fitch-authentic-moment-man-edt-50-ml\/#primaryimage"},"image":{"@id":"https:\/\/shopatoa.com\/ro\/abercrombie-fitch-authentic-moment-man-edt-50-ml\/#primaryimage"},"thumbnailUrl":"https:\/\/storage.googleapis.com\/cz-shopatoa-img\/ro\/2873df28-unnamed-file.webp","datePublished":"2025-05-01T07:50:39+00:00","dateModified":"2025-12-11T09:06:44+00:00","breadcrumb":{"@id":"https:\/\/shopatoa.com\/ro\/abercrombie-fitch-authentic-moment-man-edt-50-ml\/#breadcrumb"},"inLanguage":"ro-RO","potentialAction":[{"@type":"ReadAction","target":["https:\/\/shopatoa.com\/ro\/abercrombie-fitch-authentic-moment-man-edt-50-ml\/"]}]},{"@type":"ImageObject","inLanguage":"ro-RO","@id":"https:\/\/shopatoa.com\/ro\/abercrombie-fitch-authentic-moment-man-edt-50-ml\/#primaryimage","url":"https:\/\/storage.googleapis.com\/cz-shopatoa-img\/ro\/2873df28-unnamed-file.webp","contentUrl":"https:\/\/storage.googleapis.com\/cz-shopatoa-img\/ro\/2873df28-unnamed-file.webp","width":800,"height":800},{"@type":"BreadcrumbList","@id":"https:\/\/shopatoa.com\/ro\/abercrombie-fitch-authentic-moment-man-edt-50-ml\/#breadcrumb","itemListElement":[{"@type":"ListItem","position":1,"name":"Dom\u016f","item":"https:\/\/shopatoa.com\/ro\/"},{"@type":"ListItem","position":2,"name":"Shop","item":"https:\/\/shopatoa.com\/ro\/shop\/"},{"@type":"ListItem","position":3,"name":"Parfumuri","item":"https:\/\/shopatoa.com\/ro\/parfumuri\/"},{"@type":"ListItem","position":4,"name":"Ape de toalet\u0103 (EDT)","item":"https:\/\/shopatoa.com\/ro\/ape-de-toaleta-edt\/"},{"@type":"ListItem","position":5,"name":"Abercrombie &amp; Fitch Authentic Moment Man &#8211; EDT 50 ml"}]},{"@type":"WebSite","@id":"https:\/\/shopatoa.com\/ro\/#website","url":"https:\/\/shopatoa.com\/ro\/","name":"SHOPATOA","description":"","publisher":{"@id":"https:\/\/shopatoa.com\/ro\/#organization"},"potentialAction":[{"@type":"SearchAction","target":{"@type":"EntryPoint","urlTemplate":"https:\/\/shopatoa.com\/ro\/?s={search_term_string}"},"query-input":{"@type":"PropertyValueSpecification","valueRequired":true,"valueName":"search_term_string"}}],"inLanguage":"ro-RO"},{"@type":"Organization","@id":"https:\/\/shopatoa.com\/ro\/#organization","name":"SHOPATOA","url":"https:\/\/shopatoa.com\/ro\/","logo":{"@type":"ImageObject","inLanguage":"ro-RO","@id":"https:\/\/shopatoa.com\/ro\/#\/schema\/logo\/image\/","url":"https:\/\/storage.googleapis.com\/cz-shopatoa-img\/ro\/b4dac915-shopatoa_logo.png","contentUrl":"https:\/\/storage.googleapis.com\/cz-shopatoa-img\/ro\/b4dac915-shopatoa_logo.png","width":416,"height":63,"caption":"SHOPATOA"},"image":{"@id":"https:\/\/shopatoa.com\/ro\/#\/schema\/logo\/image\/"}}]}},"_links":{"self":[{"href":"https:\/\/shopatoa.com\/ro\/wp-json\/wp\/v2\/product\/288308","targetHints":{"allow":["GET"]}}],"collection":[{"href":"https:\/\/shopatoa.com\/ro\/wp-json\/wp\/v2\/product"}],"about":[{"href":"https:\/\/shopatoa.com\/ro\/wp-json\/wp\/v2\/types\/product"}],"replies":[{"embeddable":true,"href":"https:\/\/shopatoa.com\/ro\/wp-json\/wp\/v2\/comments?post=288308"}],"wp:featuredmedia":[{"embeddable":true,"href":"https:\/\/shopatoa.com\/ro\/wp-json\/wp\/v2\/media\/288310"}],"wp:attachment":[{"href":"https:\/\/shopatoa.com\/ro\/wp-json\/wp\/v2\/media?parent=288308"}],"wp:term":[{"taxonomy":"product_brand","embeddable":true,"href":"https:\/\/shopatoa.com\/ro\/wp-json\/wp\/v2\/product_brand?post=288308"},{"taxonomy":"product_cat","embeddable":true,"href":"https:\/\/shopatoa.com\/ro\/wp-json\/wp\/v2\/product_cat?post=288308"},{"taxonomy":"product_tag","embeddable":true,"href":"https:\/\/shopatoa.com\/ro\/wp-json\/wp\/v2\/product_tag?post=288308"}],"curies":[{"name":"wp","href":"https:\/\/api.w.org\/{rel}","templated":true}]}}