{"id":288448,"date":"2025-05-01T10:06:20","date_gmt":"2025-05-01T08:06:20","guid":{"rendered":"https:\/\/shopatoa.com\/ro\/sosu-cosmetics-corector-wake-up-wand-correcting-concealer-4-ml-04-light\/"},"modified":"2025-09-16T19:41:50","modified_gmt":"2025-09-16T17:41:50","slug":"sosu-cosmetics-corector-wake-up-wand-correcting-concealer-4-ml-04-light","status":"publish","type":"product","link":"https:\/\/shopatoa.com\/ro\/sosu-cosmetics-corector-wake-up-wand-correcting-concealer-4-ml-04-light\/","title":{"rendered":"SOSU Cosmetics Corector Wake-Up Wand (Correcting Concealer) 4 ml 04 Light"},"content":{"rendered":"<p>Acest corector lichid ofer\u0103 o acoperire medie. Textura u\u0219oar\u0103, catifelat\u0103 se aplic\u0103 \u0219i se \u00eentinde f\u0103r\u0103 probleme. Permite o aplicare impecabil\u0103 \u0219i o acoperire de lung\u0103 durat\u0103. Con\u021bine extract de m\u0103tase Albizia, care ajut\u0103 la luminozitatea \u0219i revitalizarea pielii cu aspect obosit. De asemenea, con\u021bine vitamina E, care ajut\u0103 la hidratarea, hr\u0103nirea \u0219i protejarea pielii. Tri-peptidele ajut\u0103 la cre\u0219terea fermit\u0103\u021bii pielii \u0219i la reducerea aspectului liniilor fine \u0219i al ridurilor. Ajut\u0103 la reducerea aspectului petelor \u00eentunecate.<\/p>\n","protected":false},"excerpt":{"rendered":"<p>Acest corector lichid ofer\u0103 o acoperire medie. Textura u\u0219oar\u0103, catifelat\u0103 se aplic\u0103 \u0219i se \u00eentinde f\u0103r\u0103 probleme. Permite o aplicare impecabil\u0103 \u0219i o acoperire de lung\u0103 durat\u0103. Con\u021bine extract de m\u0103tase Albizia, care ajut\u0103 la luminozitatea \u0219i revitalizarea pielii cu aspect obosit. De asemenea, con\u021bine vitamina E, care ajut\u0103 la hidratarea, hr\u0103nirea \u0219i protejarea pielii&#8230;.<\/p>\n","protected":false},"featured_media":288450,"comment_status":"closed","ping_status":"open","template":"","meta":{"_acf_changed":false,"_kadence_starter_templates_imported_post":false,"_kad_post_transparent":"","_kad_post_title":"","_kad_post_layout":"","_kad_post_sidebar_id":"","_kad_post_content_style":"","_kad_post_vertical_padding":"","_kad_post_feature":"","_kad_post_feature_position":"","_kad_post_header":false,"_kad_post_footer":false,"_kad_post_classname":""},"product_brand":[896],"product_cat":[704,246,609,616],"product_tag":[],"class_list":{"0":"post-288448","1":"product","2":"type-product","3":"status-publish","4":"has-post-thumbnail","6":"product_brand-sosu-cosmetics","7":"product_cat-corector-pentru-zona-fetei-si-a-ochilor","8":"product_cat-cosmetice","9":"product_cat-cosmetice-decorative","10":"product_cat-machiaj-pentru-fata","12":"first","13":"instock","14":"product-type-external","15":"entry","16":"content-bg","17":"loop-entry"},"acf":[],"yoast_head":"<!-- This site is optimized with the Yoast SEO plugin v27.3 - https:\/\/yoast.com\/product\/yoast-seo-wordpress\/ -->\n<title>SOSU Cosmetics Corector Wake-Up Wand (Correcting Concealer) 4 ml 04 Light - SHOPATOA.COM<\/title>\n<meta name=\"robots\" content=\"index, follow, max-snippet:-1, max-image-preview:large, max-video-preview:-1\" \/>\n<link rel=\"canonical\" href=\"https:\/\/shopatoa.com\/ro\/sosu-cosmetics-corector-wake-up-wand-correcting-concealer-4-ml-04-light\/\" \/>\n<meta property=\"og:locale\" content=\"ro_RO\" \/>\n<meta property=\"og:type\" content=\"article\" \/>\n<meta property=\"og:title\" content=\"SOSU Cosmetics Corector Wake-Up Wand (Correcting Concealer) 4 ml 04 Light - SHOPATOA.COM\" \/>\n<meta property=\"og:description\" content=\"Acest corector lichid ofer\u0103 o acoperire medie. Textura u\u0219oar\u0103, catifelat\u0103 se aplic\u0103 \u0219i se \u00eentinde f\u0103r\u0103 probleme. Permite o aplicare impecabil\u0103 \u0219i o acoperire de lung\u0103 durat\u0103. Con\u021bine extract de m\u0103tase Albizia, care ajut\u0103 la luminozitatea \u0219i revitalizarea pielii cu aspect obosit. De asemenea, con\u021bine vitamina E, care ajut\u0103 la hidratarea, hr\u0103nirea \u0219i protejarea pielii....\" \/>\n<meta property=\"og:url\" content=\"https:\/\/shopatoa.com\/ro\/sosu-cosmetics-corector-wake-up-wand-correcting-concealer-4-ml-04-light\/\" \/>\n<meta property=\"og:site_name\" content=\"SHOPATOA\" \/>\n<meta property=\"article:modified_time\" content=\"2025-09-16T17:41:50+00:00\" \/>\n<meta property=\"og:image\" content=\"https:\/\/storage.googleapis.com\/cz-shopatoa-img\/ro\/089279f8-unnamed-file.webp\" \/>\n\t<meta property=\"og:image:width\" content=\"800\" \/>\n\t<meta property=\"og:image:height\" content=\"800\" \/>\n\t<meta property=\"og:image:type\" content=\"image\/webp\" \/>\n<meta name=\"twitter:card\" content=\"summary_large_image\" \/>\n<script type=\"application\/ld+json\" class=\"yoast-schema-graph\">{\"@context\":\"https:\\\/\\\/schema.org\",\"@graph\":[{\"@type\":\"WebPage\",\"@id\":\"https:\\\/\\\/shopatoa.com\\\/ro\\\/sosu-cosmetics-corector-wake-up-wand-correcting-concealer-4-ml-04-light\\\/\",\"url\":\"https:\\\/\\\/shopatoa.com\\\/ro\\\/sosu-cosmetics-corector-wake-up-wand-correcting-concealer-4-ml-04-light\\\/\",\"name\":\"SOSU Cosmetics Corector Wake-Up Wand (Correcting Concealer) 4 ml 04 Light - SHOPATOA.COM\",\"isPartOf\":{\"@id\":\"https:\\\/\\\/shopatoa.com\\\/ro\\\/#website\"},\"primaryImageOfPage\":{\"@id\":\"https:\\\/\\\/shopatoa.com\\\/ro\\\/sosu-cosmetics-corector-wake-up-wand-correcting-concealer-4-ml-04-light\\\/#primaryimage\"},\"image\":{\"@id\":\"https:\\\/\\\/shopatoa.com\\\/ro\\\/sosu-cosmetics-corector-wake-up-wand-correcting-concealer-4-ml-04-light\\\/#primaryimage\"},\"thumbnailUrl\":\"https:\\\/\\\/storage.googleapis.com\\\/cz-shopatoa-img\\\/ro\\\/089279f8-unnamed-file.webp\",\"datePublished\":\"2025-05-01T08:06:20+00:00\",\"dateModified\":\"2025-09-16T17:41:50+00:00\",\"breadcrumb\":{\"@id\":\"https:\\\/\\\/shopatoa.com\\\/ro\\\/sosu-cosmetics-corector-wake-up-wand-correcting-concealer-4-ml-04-light\\\/#breadcrumb\"},\"inLanguage\":\"ro-RO\",\"potentialAction\":[{\"@type\":\"ReadAction\",\"target\":[\"https:\\\/\\\/shopatoa.com\\\/ro\\\/sosu-cosmetics-corector-wake-up-wand-correcting-concealer-4-ml-04-light\\\/\"]}]},{\"@type\":\"ImageObject\",\"inLanguage\":\"ro-RO\",\"@id\":\"https:\\\/\\\/shopatoa.com\\\/ro\\\/sosu-cosmetics-corector-wake-up-wand-correcting-concealer-4-ml-04-light\\\/#primaryimage\",\"url\":\"https:\\\/\\\/storage.googleapis.com\\\/cz-shopatoa-img\\\/ro\\\/089279f8-unnamed-file.webp\",\"contentUrl\":\"https:\\\/\\\/storage.googleapis.com\\\/cz-shopatoa-img\\\/ro\\\/089279f8-unnamed-file.webp\",\"width\":800,\"height\":800},{\"@type\":\"BreadcrumbList\",\"@id\":\"https:\\\/\\\/shopatoa.com\\\/ro\\\/sosu-cosmetics-corector-wake-up-wand-correcting-concealer-4-ml-04-light\\\/#breadcrumb\",\"itemListElement\":[{\"@type\":\"ListItem\",\"position\":1,\"name\":\"Dom\u016f\",\"item\":\"https:\\\/\\\/shopatoa.com\\\/ro\\\/\"},{\"@type\":\"ListItem\",\"position\":2,\"name\":\"Shop\",\"item\":\"https:\\\/\\\/shopatoa.com\\\/ro\\\/shop\\\/\"},{\"@type\":\"ListItem\",\"position\":3,\"name\":\"Cosmetice\",\"item\":\"https:\\\/\\\/shopatoa.com\\\/ro\\\/cosmetice\\\/\"},{\"@type\":\"ListItem\",\"position\":4,\"name\":\"Cosmetice decorative\",\"item\":\"https:\\\/\\\/shopatoa.com\\\/ro\\\/cosmetice-decorative\\\/\"},{\"@type\":\"ListItem\",\"position\":5,\"name\":\"Machiaj pentru fa\u021ba\",\"item\":\"https:\\\/\\\/shopatoa.com\\\/ro\\\/machiaj-pentru-fata\\\/\"},{\"@type\":\"ListItem\",\"position\":6,\"name\":\"Corector pentru zona fe\u021bei \u0219i a ochilor\",\"item\":\"https:\\\/\\\/shopatoa.com\\\/ro\\\/corector-pentru-zona-fetei-si-a-ochilor\\\/\"},{\"@type\":\"ListItem\",\"position\":7,\"name\":\"SOSU Cosmetics Corector Wake-Up Wand (Correcting Concealer) 4 ml 04 Light\"}]},{\"@type\":\"WebSite\",\"@id\":\"https:\\\/\\\/shopatoa.com\\\/ro\\\/#website\",\"url\":\"https:\\\/\\\/shopatoa.com\\\/ro\\\/\",\"name\":\"SHOPATOA\",\"description\":\"\",\"publisher\":{\"@id\":\"https:\\\/\\\/shopatoa.com\\\/ro\\\/#organization\"},\"potentialAction\":[{\"@type\":\"SearchAction\",\"target\":{\"@type\":\"EntryPoint\",\"urlTemplate\":\"https:\\\/\\\/shopatoa.com\\\/ro\\\/?s={search_term_string}\"},\"query-input\":{\"@type\":\"PropertyValueSpecification\",\"valueRequired\":true,\"valueName\":\"search_term_string\"}}],\"inLanguage\":\"ro-RO\"},{\"@type\":\"Organization\",\"@id\":\"https:\\\/\\\/shopatoa.com\\\/ro\\\/#organization\",\"name\":\"SHOPATOA\",\"url\":\"https:\\\/\\\/shopatoa.com\\\/ro\\\/\",\"logo\":{\"@type\":\"ImageObject\",\"inLanguage\":\"ro-RO\",\"@id\":\"https:\\\/\\\/shopatoa.com\\\/ro\\\/#\\\/schema\\\/logo\\\/image\\\/\",\"url\":\"https:\\\/\\\/storage.googleapis.com\\\/cz-shopatoa-img\\\/ro\\\/b4dac915-shopatoa_logo.png\",\"contentUrl\":\"https:\\\/\\\/storage.googleapis.com\\\/cz-shopatoa-img\\\/ro\\\/b4dac915-shopatoa_logo.png\",\"width\":416,\"height\":63,\"caption\":\"SHOPATOA\"},\"image\":{\"@id\":\"https:\\\/\\\/shopatoa.com\\\/ro\\\/#\\\/schema\\\/logo\\\/image\\\/\"}}]}<\/script>\n<!-- \/ Yoast SEO plugin. -->","yoast_head_json":{"title":"SOSU Cosmetics Corector Wake-Up Wand (Correcting Concealer) 4 ml 04 Light - SHOPATOA.COM","robots":{"index":"index","follow":"follow","max-snippet":"max-snippet:-1","max-image-preview":"max-image-preview:large","max-video-preview":"max-video-preview:-1"},"canonical":"https:\/\/shopatoa.com\/ro\/sosu-cosmetics-corector-wake-up-wand-correcting-concealer-4-ml-04-light\/","og_locale":"ro_RO","og_type":"article","og_title":"SOSU Cosmetics Corector Wake-Up Wand (Correcting Concealer) 4 ml 04 Light - SHOPATOA.COM","og_description":"Acest corector lichid ofer\u0103 o acoperire medie. Textura u\u0219oar\u0103, catifelat\u0103 se aplic\u0103 \u0219i se \u00eentinde f\u0103r\u0103 probleme. Permite o aplicare impecabil\u0103 \u0219i o acoperire de lung\u0103 durat\u0103. Con\u021bine extract de m\u0103tase Albizia, care ajut\u0103 la luminozitatea \u0219i revitalizarea pielii cu aspect obosit. De asemenea, con\u021bine vitamina E, care ajut\u0103 la hidratarea, hr\u0103nirea \u0219i protejarea pielii....","og_url":"https:\/\/shopatoa.com\/ro\/sosu-cosmetics-corector-wake-up-wand-correcting-concealer-4-ml-04-light\/","og_site_name":"SHOPATOA","article_modified_time":"2025-09-16T17:41:50+00:00","og_image":[{"width":800,"height":800,"url":"https:\/\/storage.googleapis.com\/cz-shopatoa-img\/ro\/089279f8-unnamed-file.webp","type":"image\/webp"}],"twitter_card":"summary_large_image","schema":{"@context":"https:\/\/schema.org","@graph":[{"@type":"WebPage","@id":"https:\/\/shopatoa.com\/ro\/sosu-cosmetics-corector-wake-up-wand-correcting-concealer-4-ml-04-light\/","url":"https:\/\/shopatoa.com\/ro\/sosu-cosmetics-corector-wake-up-wand-correcting-concealer-4-ml-04-light\/","name":"SOSU Cosmetics Corector Wake-Up Wand (Correcting Concealer) 4 ml 04 Light - SHOPATOA.COM","isPartOf":{"@id":"https:\/\/shopatoa.com\/ro\/#website"},"primaryImageOfPage":{"@id":"https:\/\/shopatoa.com\/ro\/sosu-cosmetics-corector-wake-up-wand-correcting-concealer-4-ml-04-light\/#primaryimage"},"image":{"@id":"https:\/\/shopatoa.com\/ro\/sosu-cosmetics-corector-wake-up-wand-correcting-concealer-4-ml-04-light\/#primaryimage"},"thumbnailUrl":"https:\/\/storage.googleapis.com\/cz-shopatoa-img\/ro\/089279f8-unnamed-file.webp","datePublished":"2025-05-01T08:06:20+00:00","dateModified":"2025-09-16T17:41:50+00:00","breadcrumb":{"@id":"https:\/\/shopatoa.com\/ro\/sosu-cosmetics-corector-wake-up-wand-correcting-concealer-4-ml-04-light\/#breadcrumb"},"inLanguage":"ro-RO","potentialAction":[{"@type":"ReadAction","target":["https:\/\/shopatoa.com\/ro\/sosu-cosmetics-corector-wake-up-wand-correcting-concealer-4-ml-04-light\/"]}]},{"@type":"ImageObject","inLanguage":"ro-RO","@id":"https:\/\/shopatoa.com\/ro\/sosu-cosmetics-corector-wake-up-wand-correcting-concealer-4-ml-04-light\/#primaryimage","url":"https:\/\/storage.googleapis.com\/cz-shopatoa-img\/ro\/089279f8-unnamed-file.webp","contentUrl":"https:\/\/storage.googleapis.com\/cz-shopatoa-img\/ro\/089279f8-unnamed-file.webp","width":800,"height":800},{"@type":"BreadcrumbList","@id":"https:\/\/shopatoa.com\/ro\/sosu-cosmetics-corector-wake-up-wand-correcting-concealer-4-ml-04-light\/#breadcrumb","itemListElement":[{"@type":"ListItem","position":1,"name":"Dom\u016f","item":"https:\/\/shopatoa.com\/ro\/"},{"@type":"ListItem","position":2,"name":"Shop","item":"https:\/\/shopatoa.com\/ro\/shop\/"},{"@type":"ListItem","position":3,"name":"Cosmetice","item":"https:\/\/shopatoa.com\/ro\/cosmetice\/"},{"@type":"ListItem","position":4,"name":"Cosmetice decorative","item":"https:\/\/shopatoa.com\/ro\/cosmetice-decorative\/"},{"@type":"ListItem","position":5,"name":"Machiaj pentru fa\u021ba","item":"https:\/\/shopatoa.com\/ro\/machiaj-pentru-fata\/"},{"@type":"ListItem","position":6,"name":"Corector pentru zona fe\u021bei \u0219i a ochilor","item":"https:\/\/shopatoa.com\/ro\/corector-pentru-zona-fetei-si-a-ochilor\/"},{"@type":"ListItem","position":7,"name":"SOSU Cosmetics Corector Wake-Up Wand (Correcting Concealer) 4 ml 04 Light"}]},{"@type":"WebSite","@id":"https:\/\/shopatoa.com\/ro\/#website","url":"https:\/\/shopatoa.com\/ro\/","name":"SHOPATOA","description":"","publisher":{"@id":"https:\/\/shopatoa.com\/ro\/#organization"},"potentialAction":[{"@type":"SearchAction","target":{"@type":"EntryPoint","urlTemplate":"https:\/\/shopatoa.com\/ro\/?s={search_term_string}"},"query-input":{"@type":"PropertyValueSpecification","valueRequired":true,"valueName":"search_term_string"}}],"inLanguage":"ro-RO"},{"@type":"Organization","@id":"https:\/\/shopatoa.com\/ro\/#organization","name":"SHOPATOA","url":"https:\/\/shopatoa.com\/ro\/","logo":{"@type":"ImageObject","inLanguage":"ro-RO","@id":"https:\/\/shopatoa.com\/ro\/#\/schema\/logo\/image\/","url":"https:\/\/storage.googleapis.com\/cz-shopatoa-img\/ro\/b4dac915-shopatoa_logo.png","contentUrl":"https:\/\/storage.googleapis.com\/cz-shopatoa-img\/ro\/b4dac915-shopatoa_logo.png","width":416,"height":63,"caption":"SHOPATOA"},"image":{"@id":"https:\/\/shopatoa.com\/ro\/#\/schema\/logo\/image\/"}}]}},"_links":{"self":[{"href":"https:\/\/shopatoa.com\/ro\/wp-json\/wp\/v2\/product\/288448","targetHints":{"allow":["GET"]}}],"collection":[{"href":"https:\/\/shopatoa.com\/ro\/wp-json\/wp\/v2\/product"}],"about":[{"href":"https:\/\/shopatoa.com\/ro\/wp-json\/wp\/v2\/types\/product"}],"replies":[{"embeddable":true,"href":"https:\/\/shopatoa.com\/ro\/wp-json\/wp\/v2\/comments?post=288448"}],"wp:featuredmedia":[{"embeddable":true,"href":"https:\/\/shopatoa.com\/ro\/wp-json\/wp\/v2\/media\/288450"}],"wp:attachment":[{"href":"https:\/\/shopatoa.com\/ro\/wp-json\/wp\/v2\/media?parent=288448"}],"wp:term":[{"taxonomy":"product_brand","embeddable":true,"href":"https:\/\/shopatoa.com\/ro\/wp-json\/wp\/v2\/product_brand?post=288448"},{"taxonomy":"product_cat","embeddable":true,"href":"https:\/\/shopatoa.com\/ro\/wp-json\/wp\/v2\/product_cat?post=288448"},{"taxonomy":"product_tag","embeddable":true,"href":"https:\/\/shopatoa.com\/ro\/wp-json\/wp\/v2\/product_tag?post=288448"}],"curies":[{"name":"wp","href":"https:\/\/api.w.org\/{rel}","templated":true}]}}