{"id":288915,"date":"2025-05-01T10:56:08","date_gmt":"2025-05-01T08:56:08","guid":{"rendered":"https:\/\/shopatoa.com\/ro\/village-candle-lumanare-parfumata-in-sticla-salted-caramel-latte-389-g\/"},"modified":"2025-09-26T12:18:45","modified_gmt":"2025-09-26T10:18:45","slug":"village-candle-lumanare-parfumata-in-sticla-salted-caramel-latte-389-g","status":"publish","type":"product","link":"https:\/\/shopatoa.com\/ro\/village-candle-lumanare-parfumata-in-sticla-salted-caramel-latte-389-g\/","title":{"rendered":"Village Candle Lum\u00e2nare parfumat\u0103 \u00een sticl\u0103 Salted Caramel Latte 389 g"},"content":{"rendered":"<p>Lum\u00e2nare decorativ\u0103 parfumat\u0103 \u00eentr-un vas de sticl\u0103 cu capac \u0219i dou\u0103 fitiluri, cu parfum de caramel latte cu o not\u0103 de vanilie. \u00cen loc de agita\u021bia dimine\u021bii, bucura\u021bi-v\u0103 de momente de lini\u0219te cu micul dejun \u00een pat. Produsul de patiserie tocmai scos din cuptor \u00eenmiresmeaz\u0103 toat\u0103 \u00eenc\u0103perea \u0219i poate fi completat doar de populara cafea cu lapte condensat, decorat\u0103 cu fri\u0219c\u0103 \u0219i acoperit\u0103 cu un topping de caramel. Cum s\u0103 asigura\u021bi o flac\u0103r\u0103 suficient\u0103 a lum\u00e2n\u0103rii: principala cauz\u0103 a unei fl\u0103c\u0103ri mici este nivelul sc\u0103zut de oxigen din interiorul lum\u00e2n\u0103rii. Prin urmare, este posibil ca lum\u00e2narea s\u0103 nu ard\u0103 corect. Asigura\u021bi-v\u0103 c\u0103 ceara se \u00eenc\u0103lze\u0219te \u00eentotdeauna p\u00e2n\u0103 la margini. Nu elimina\u021bi ceara \u0219i nu t\u0103ia\u021bi fitilurile. Dac\u0103 aceast\u0103 recomandare este respectat\u0103 o perioad\u0103 suficient de lung\u0103, nivelul de oxigen va reveni treptat \u0219i flac\u0103ra va arde din nou puternic.<\/p>\n","protected":false},"excerpt":{"rendered":"<p>Lum\u00e2nare decorativ\u0103 parfumat\u0103 \u00eentr-un vas de sticl\u0103 cu capac \u0219i dou\u0103 fitiluri, cu parfum de caramel latte cu o not\u0103 de vanilie. \u00cen loc de agita\u021bia dimine\u021bii, bucura\u021bi-v\u0103 de momente de lini\u0219te cu micul dejun \u00een pat. Produsul de patiserie tocmai scos din cuptor \u00eenmiresmeaz\u0103 toat\u0103 \u00eenc\u0103perea \u0219i poate fi completat doar de populara cafea&#8230;<\/p>\n","protected":false},"featured_media":288916,"comment_status":"closed","ping_status":"open","template":"","meta":{"_acf_changed":false,"_kadence_starter_templates_imported_post":false,"_kad_post_transparent":"","_kad_post_title":"","_kad_post_layout":"","_kad_post_sidebar_id":"","_kad_post_content_style":"","_kad_post_vertical_padding":"","_kad_post_feature":"","_kad_post_feature_position":"","_kad_post_header":false,"_kad_post_footer":false,"_kad_post_classname":""},"product_brand":[843],"product_cat":[246,806,655,654],"product_tag":[],"class_list":{"0":"post-288915","1":"product","2":"type-product","3":"status-publish","4":"has-post-thumbnail","6":"product_brand-village-candle","7":"product_cat-cosmetice","8":"product_cat-lumanari-mari-parfumate","9":"product_cat-lumanari-parfumate","10":"product_cat-lumanari-parfumate-si-arome","12":"first","13":"instock","14":"product-type-external","15":"entry","16":"content-bg","17":"loop-entry"},"acf":[],"yoast_head":"<!-- This site is optimized with the Yoast SEO plugin v27.4 - https:\/\/yoast.com\/product\/yoast-seo-wordpress\/ -->\n<title>Village Candle Lum\u00e2nare parfumat\u0103 \u00een sticl\u0103 Salted Caramel Latte 389 g - SHOPATOA.COM<\/title>\n<meta name=\"robots\" content=\"index, follow, max-snippet:-1, max-image-preview:large, max-video-preview:-1\" \/>\n<link rel=\"canonical\" href=\"https:\/\/shopatoa.com\/ro\/village-candle-lumanare-parfumata-in-sticla-salted-caramel-latte-389-g\/\" \/>\n<meta property=\"og:locale\" content=\"ro_RO\" \/>\n<meta property=\"og:type\" content=\"article\" \/>\n<meta property=\"og:title\" content=\"Village Candle Lum\u00e2nare parfumat\u0103 \u00een sticl\u0103 Salted Caramel Latte 389 g - SHOPATOA.COM\" \/>\n<meta property=\"og:description\" content=\"Lum\u00e2nare decorativ\u0103 parfumat\u0103 \u00eentr-un vas de sticl\u0103 cu capac \u0219i dou\u0103 fitiluri, cu parfum de caramel latte cu o not\u0103 de vanilie. \u00cen loc de agita\u021bia dimine\u021bii, bucura\u021bi-v\u0103 de momente de lini\u0219te cu micul dejun \u00een pat. Produsul de patiserie tocmai scos din cuptor \u00eenmiresmeaz\u0103 toat\u0103 \u00eenc\u0103perea \u0219i poate fi completat doar de populara cafea...\" \/>\n<meta property=\"og:url\" content=\"https:\/\/shopatoa.com\/ro\/village-candle-lumanare-parfumata-in-sticla-salted-caramel-latte-389-g\/\" \/>\n<meta property=\"og:site_name\" content=\"SHOPATOA\" \/>\n<meta property=\"article:modified_time\" content=\"2025-09-26T10:18:45+00:00\" \/>\n<meta property=\"og:image\" content=\"https:\/\/storage.googleapis.com\/cz-shopatoa-img\/ro\/f7b250ba-unnamed-file.webp\" \/>\n\t<meta property=\"og:image:width\" content=\"800\" \/>\n\t<meta property=\"og:image:height\" content=\"800\" \/>\n\t<meta property=\"og:image:type\" content=\"image\/webp\" \/>\n<meta name=\"twitter:card\" content=\"summary_large_image\" \/>\n<meta name=\"twitter:label1\" content=\"Timp estimat pentru citire\" \/>\n\t<meta name=\"twitter:data1\" content=\"1 minut\" \/>\n<script type=\"application\/ld+json\" class=\"yoast-schema-graph\">{\"@context\":\"https:\\\/\\\/schema.org\",\"@graph\":[{\"@type\":\"WebPage\",\"@id\":\"https:\\\/\\\/shopatoa.com\\\/ro\\\/village-candle-lumanare-parfumata-in-sticla-salted-caramel-latte-389-g\\\/\",\"url\":\"https:\\\/\\\/shopatoa.com\\\/ro\\\/village-candle-lumanare-parfumata-in-sticla-salted-caramel-latte-389-g\\\/\",\"name\":\"Village Candle Lum\u00e2nare parfumat\u0103 \u00een sticl\u0103 Salted Caramel Latte 389 g - SHOPATOA.COM\",\"isPartOf\":{\"@id\":\"https:\\\/\\\/shopatoa.com\\\/ro\\\/#website\"},\"primaryImageOfPage\":{\"@id\":\"https:\\\/\\\/shopatoa.com\\\/ro\\\/village-candle-lumanare-parfumata-in-sticla-salted-caramel-latte-389-g\\\/#primaryimage\"},\"image\":{\"@id\":\"https:\\\/\\\/shopatoa.com\\\/ro\\\/village-candle-lumanare-parfumata-in-sticla-salted-caramel-latte-389-g\\\/#primaryimage\"},\"thumbnailUrl\":\"https:\\\/\\\/storage.googleapis.com\\\/cz-shopatoa-img\\\/ro\\\/f7b250ba-unnamed-file.webp\",\"datePublished\":\"2025-05-01T08:56:08+00:00\",\"dateModified\":\"2025-09-26T10:18:45+00:00\",\"breadcrumb\":{\"@id\":\"https:\\\/\\\/shopatoa.com\\\/ro\\\/village-candle-lumanare-parfumata-in-sticla-salted-caramel-latte-389-g\\\/#breadcrumb\"},\"inLanguage\":\"ro-RO\",\"potentialAction\":[{\"@type\":\"ReadAction\",\"target\":[\"https:\\\/\\\/shopatoa.com\\\/ro\\\/village-candle-lumanare-parfumata-in-sticla-salted-caramel-latte-389-g\\\/\"]}]},{\"@type\":\"ImageObject\",\"inLanguage\":\"ro-RO\",\"@id\":\"https:\\\/\\\/shopatoa.com\\\/ro\\\/village-candle-lumanare-parfumata-in-sticla-salted-caramel-latte-389-g\\\/#primaryimage\",\"url\":\"https:\\\/\\\/storage.googleapis.com\\\/cz-shopatoa-img\\\/ro\\\/f7b250ba-unnamed-file.webp\",\"contentUrl\":\"https:\\\/\\\/storage.googleapis.com\\\/cz-shopatoa-img\\\/ro\\\/f7b250ba-unnamed-file.webp\",\"width\":800,\"height\":800},{\"@type\":\"BreadcrumbList\",\"@id\":\"https:\\\/\\\/shopatoa.com\\\/ro\\\/village-candle-lumanare-parfumata-in-sticla-salted-caramel-latte-389-g\\\/#breadcrumb\",\"itemListElement\":[{\"@type\":\"ListItem\",\"position\":1,\"name\":\"Dom\u016f\",\"item\":\"https:\\\/\\\/shopatoa.com\\\/ro\\\/\"},{\"@type\":\"ListItem\",\"position\":2,\"name\":\"Shop\",\"item\":\"https:\\\/\\\/shopatoa.com\\\/ro\\\/shop\\\/\"},{\"@type\":\"ListItem\",\"position\":3,\"name\":\"Cosmetice\",\"item\":\"https:\\\/\\\/shopatoa.com\\\/ro\\\/cosmetice\\\/\"},{\"@type\":\"ListItem\",\"position\":4,\"name\":\"Lum\u00e2n\u0103ri parfumate \u0219i arome\",\"item\":\"https:\\\/\\\/shopatoa.com\\\/ro\\\/lumanari-parfumate-si-arome\\\/\"},{\"@type\":\"ListItem\",\"position\":5,\"name\":\"Lum\u00e2n\u0103ri parfumate\",\"item\":\"https:\\\/\\\/shopatoa.com\\\/ro\\\/lumanari-parfumate\\\/\"},{\"@type\":\"ListItem\",\"position\":6,\"name\":\"Lumanari mari parfumate\",\"item\":\"https:\\\/\\\/shopatoa.com\\\/ro\\\/lumanari-mari-parfumate\\\/\"},{\"@type\":\"ListItem\",\"position\":7,\"name\":\"Village Candle Lum\u00e2nare parfumat\u0103 \u00een sticl\u0103 Salted Caramel Latte 389 g\"}]},{\"@type\":\"WebSite\",\"@id\":\"https:\\\/\\\/shopatoa.com\\\/ro\\\/#website\",\"url\":\"https:\\\/\\\/shopatoa.com\\\/ro\\\/\",\"name\":\"SHOPATOA\",\"description\":\"\",\"publisher\":{\"@id\":\"https:\\\/\\\/shopatoa.com\\\/ro\\\/#organization\"},\"potentialAction\":[{\"@type\":\"SearchAction\",\"target\":{\"@type\":\"EntryPoint\",\"urlTemplate\":\"https:\\\/\\\/shopatoa.com\\\/ro\\\/?s={search_term_string}\"},\"query-input\":{\"@type\":\"PropertyValueSpecification\",\"valueRequired\":true,\"valueName\":\"search_term_string\"}}],\"inLanguage\":\"ro-RO\"},{\"@type\":\"Organization\",\"@id\":\"https:\\\/\\\/shopatoa.com\\\/ro\\\/#organization\",\"name\":\"SHOPATOA\",\"url\":\"https:\\\/\\\/shopatoa.com\\\/ro\\\/\",\"logo\":{\"@type\":\"ImageObject\",\"inLanguage\":\"ro-RO\",\"@id\":\"https:\\\/\\\/shopatoa.com\\\/ro\\\/#\\\/schema\\\/logo\\\/image\\\/\",\"url\":\"https:\\\/\\\/storage.googleapis.com\\\/cz-shopatoa-img\\\/ro\\\/b4dac915-shopatoa_logo.png\",\"contentUrl\":\"https:\\\/\\\/storage.googleapis.com\\\/cz-shopatoa-img\\\/ro\\\/b4dac915-shopatoa_logo.png\",\"width\":416,\"height\":63,\"caption\":\"SHOPATOA\"},\"image\":{\"@id\":\"https:\\\/\\\/shopatoa.com\\\/ro\\\/#\\\/schema\\\/logo\\\/image\\\/\"}}]}<\/script>\n<!-- \/ Yoast SEO plugin. -->","yoast_head_json":{"title":"Village Candle Lum\u00e2nare parfumat\u0103 \u00een sticl\u0103 Salted Caramel Latte 389 g - SHOPATOA.COM","robots":{"index":"index","follow":"follow","max-snippet":"max-snippet:-1","max-image-preview":"max-image-preview:large","max-video-preview":"max-video-preview:-1"},"canonical":"https:\/\/shopatoa.com\/ro\/village-candle-lumanare-parfumata-in-sticla-salted-caramel-latte-389-g\/","og_locale":"ro_RO","og_type":"article","og_title":"Village Candle Lum\u00e2nare parfumat\u0103 \u00een sticl\u0103 Salted Caramel Latte 389 g - SHOPATOA.COM","og_description":"Lum\u00e2nare decorativ\u0103 parfumat\u0103 \u00eentr-un vas de sticl\u0103 cu capac \u0219i dou\u0103 fitiluri, cu parfum de caramel latte cu o not\u0103 de vanilie. \u00cen loc de agita\u021bia dimine\u021bii, bucura\u021bi-v\u0103 de momente de lini\u0219te cu micul dejun \u00een pat. Produsul de patiserie tocmai scos din cuptor \u00eenmiresmeaz\u0103 toat\u0103 \u00eenc\u0103perea \u0219i poate fi completat doar de populara cafea...","og_url":"https:\/\/shopatoa.com\/ro\/village-candle-lumanare-parfumata-in-sticla-salted-caramel-latte-389-g\/","og_site_name":"SHOPATOA","article_modified_time":"2025-09-26T10:18:45+00:00","og_image":[{"width":800,"height":800,"url":"https:\/\/storage.googleapis.com\/cz-shopatoa-img\/ro\/f7b250ba-unnamed-file.webp","type":"image\/webp"}],"twitter_card":"summary_large_image","twitter_misc":{"Timp estimat pentru citire":"1 minut"},"schema":{"@context":"https:\/\/schema.org","@graph":[{"@type":"WebPage","@id":"https:\/\/shopatoa.com\/ro\/village-candle-lumanare-parfumata-in-sticla-salted-caramel-latte-389-g\/","url":"https:\/\/shopatoa.com\/ro\/village-candle-lumanare-parfumata-in-sticla-salted-caramel-latte-389-g\/","name":"Village Candle Lum\u00e2nare parfumat\u0103 \u00een sticl\u0103 Salted Caramel Latte 389 g - SHOPATOA.COM","isPartOf":{"@id":"https:\/\/shopatoa.com\/ro\/#website"},"primaryImageOfPage":{"@id":"https:\/\/shopatoa.com\/ro\/village-candle-lumanare-parfumata-in-sticla-salted-caramel-latte-389-g\/#primaryimage"},"image":{"@id":"https:\/\/shopatoa.com\/ro\/village-candle-lumanare-parfumata-in-sticla-salted-caramel-latte-389-g\/#primaryimage"},"thumbnailUrl":"https:\/\/storage.googleapis.com\/cz-shopatoa-img\/ro\/f7b250ba-unnamed-file.webp","datePublished":"2025-05-01T08:56:08+00:00","dateModified":"2025-09-26T10:18:45+00:00","breadcrumb":{"@id":"https:\/\/shopatoa.com\/ro\/village-candle-lumanare-parfumata-in-sticla-salted-caramel-latte-389-g\/#breadcrumb"},"inLanguage":"ro-RO","potentialAction":[{"@type":"ReadAction","target":["https:\/\/shopatoa.com\/ro\/village-candle-lumanare-parfumata-in-sticla-salted-caramel-latte-389-g\/"]}]},{"@type":"ImageObject","inLanguage":"ro-RO","@id":"https:\/\/shopatoa.com\/ro\/village-candle-lumanare-parfumata-in-sticla-salted-caramel-latte-389-g\/#primaryimage","url":"https:\/\/storage.googleapis.com\/cz-shopatoa-img\/ro\/f7b250ba-unnamed-file.webp","contentUrl":"https:\/\/storage.googleapis.com\/cz-shopatoa-img\/ro\/f7b250ba-unnamed-file.webp","width":800,"height":800},{"@type":"BreadcrumbList","@id":"https:\/\/shopatoa.com\/ro\/village-candle-lumanare-parfumata-in-sticla-salted-caramel-latte-389-g\/#breadcrumb","itemListElement":[{"@type":"ListItem","position":1,"name":"Dom\u016f","item":"https:\/\/shopatoa.com\/ro\/"},{"@type":"ListItem","position":2,"name":"Shop","item":"https:\/\/shopatoa.com\/ro\/shop\/"},{"@type":"ListItem","position":3,"name":"Cosmetice","item":"https:\/\/shopatoa.com\/ro\/cosmetice\/"},{"@type":"ListItem","position":4,"name":"Lum\u00e2n\u0103ri parfumate \u0219i arome","item":"https:\/\/shopatoa.com\/ro\/lumanari-parfumate-si-arome\/"},{"@type":"ListItem","position":5,"name":"Lum\u00e2n\u0103ri parfumate","item":"https:\/\/shopatoa.com\/ro\/lumanari-parfumate\/"},{"@type":"ListItem","position":6,"name":"Lumanari mari parfumate","item":"https:\/\/shopatoa.com\/ro\/lumanari-mari-parfumate\/"},{"@type":"ListItem","position":7,"name":"Village Candle Lum\u00e2nare parfumat\u0103 \u00een sticl\u0103 Salted Caramel Latte 389 g"}]},{"@type":"WebSite","@id":"https:\/\/shopatoa.com\/ro\/#website","url":"https:\/\/shopatoa.com\/ro\/","name":"SHOPATOA","description":"","publisher":{"@id":"https:\/\/shopatoa.com\/ro\/#organization"},"potentialAction":[{"@type":"SearchAction","target":{"@type":"EntryPoint","urlTemplate":"https:\/\/shopatoa.com\/ro\/?s={search_term_string}"},"query-input":{"@type":"PropertyValueSpecification","valueRequired":true,"valueName":"search_term_string"}}],"inLanguage":"ro-RO"},{"@type":"Organization","@id":"https:\/\/shopatoa.com\/ro\/#organization","name":"SHOPATOA","url":"https:\/\/shopatoa.com\/ro\/","logo":{"@type":"ImageObject","inLanguage":"ro-RO","@id":"https:\/\/shopatoa.com\/ro\/#\/schema\/logo\/image\/","url":"https:\/\/storage.googleapis.com\/cz-shopatoa-img\/ro\/b4dac915-shopatoa_logo.png","contentUrl":"https:\/\/storage.googleapis.com\/cz-shopatoa-img\/ro\/b4dac915-shopatoa_logo.png","width":416,"height":63,"caption":"SHOPATOA"},"image":{"@id":"https:\/\/shopatoa.com\/ro\/#\/schema\/logo\/image\/"}}]}},"_links":{"self":[{"href":"https:\/\/shopatoa.com\/ro\/wp-json\/wp\/v2\/product\/288915","targetHints":{"allow":["GET"]}}],"collection":[{"href":"https:\/\/shopatoa.com\/ro\/wp-json\/wp\/v2\/product"}],"about":[{"href":"https:\/\/shopatoa.com\/ro\/wp-json\/wp\/v2\/types\/product"}],"replies":[{"embeddable":true,"href":"https:\/\/shopatoa.com\/ro\/wp-json\/wp\/v2\/comments?post=288915"}],"wp:featuredmedia":[{"embeddable":true,"href":"https:\/\/shopatoa.com\/ro\/wp-json\/wp\/v2\/media\/288916"}],"wp:attachment":[{"href":"https:\/\/shopatoa.com\/ro\/wp-json\/wp\/v2\/media?parent=288915"}],"wp:term":[{"taxonomy":"product_brand","embeddable":true,"href":"https:\/\/shopatoa.com\/ro\/wp-json\/wp\/v2\/product_brand?post=288915"},{"taxonomy":"product_cat","embeddable":true,"href":"https:\/\/shopatoa.com\/ro\/wp-json\/wp\/v2\/product_cat?post=288915"},{"taxonomy":"product_tag","embeddable":true,"href":"https:\/\/shopatoa.com\/ro\/wp-json\/wp\/v2\/product_tag?post=288915"}],"curies":[{"name":"wp","href":"https:\/\/api.w.org\/{rel}","templated":true}]}}