{"id":291310,"date":"2025-05-01T15:16:45","date_gmt":"2025-05-01T13:16:45","guid":{"rendered":"https:\/\/shopatoa.com\/ro\/alcina-lac-de-unghii-nail-colour-5-ml-100-sydney\/"},"modified":"2025-05-15T11:31:52","modified_gmt":"2025-05-15T09:31:52","slug":"alcina-lac-de-unghii-nail-colour-5-ml-100-sydney","status":"publish","type":"product","link":"https:\/\/shopatoa.com\/ro\/alcina-lac-de-unghii-nail-colour-5-ml-100-sydney\/","title":{"rendered":"Alcina Lac de unghii (Nail Colour) 5 ml 100 Sydney"},"content":{"rendered":"<p>Alcina Nail Color evoc\u0103 culori intense acoperitoare \u0219i de lung\u0103 durat\u0103 pe unghii. Pensula cu form\u0103 special\u0103 se adapteaz\u0103 cu u\u0219urin\u021b\u0103 la forma unghiilor \u0219i u\u0219ureaz\u0103 vopsirea acestora. Pentru un rezultat profesional dup\u0103 o singur\u0103 aplicare a culorii.<\/p>\n","protected":false},"excerpt":{"rendered":"<p>Alcina Nail Color evoc\u0103 culori intense acoperitoare \u0219i de lung\u0103 durat\u0103 pe unghii. Pensula cu form\u0103 special\u0103 se adapteaz\u0103 cu u\u0219urin\u021b\u0103 la forma unghiilor \u0219i u\u0219ureaz\u0103 vopsirea acestora. Pentru un rezultat profesional dup\u0103 o singur\u0103 aplicare a culorii.<\/p>\n","protected":false},"featured_media":291311,"comment_status":"closed","ping_status":"open","template":"","meta":{"_acf_changed":false,"_kadence_starter_templates_imported_post":false,"_kad_post_transparent":"","_kad_post_title":"","_kad_post_layout":"","_kad_post_sidebar_id":"","_kad_post_content_style":"","_kad_post_vertical_padding":"","_kad_post_feature":"","_kad_post_feature_position":"","_kad_post_header":false,"_kad_post_footer":false,"_kad_post_classname":""},"product_brand":[485],"product_cat":[731,246,609,732],"product_tag":[],"class_list":{"0":"post-291310","1":"product","2":"type-product","3":"status-publish","4":"has-post-thumbnail","6":"product_brand-alcina","7":"product_cat-cosmetica-decorativa-pentru-unghii","8":"product_cat-cosmetice","9":"product_cat-cosmetice-decorative","10":"product_cat-oje-de-unghii","12":"first","13":"instock","14":"product-type-external","15":"entry","16":"content-bg","17":"loop-entry"},"acf":[],"yoast_head":"<!-- This site is optimized with the Yoast SEO plugin v27.3 - https:\/\/yoast.com\/product\/yoast-seo-wordpress\/ -->\n<title>Alcina Lac de unghii (Nail Colour) 5 ml 100 Sydney - SHOPATOA.COM<\/title>\n<meta name=\"robots\" content=\"index, follow, max-snippet:-1, max-image-preview:large, max-video-preview:-1\" \/>\n<link rel=\"canonical\" href=\"https:\/\/shopatoa.com\/ro\/alcina-lac-de-unghii-nail-colour-5-ml-100-sydney\/\" \/>\n<meta property=\"og:locale\" content=\"ro_RO\" \/>\n<meta property=\"og:type\" content=\"article\" \/>\n<meta property=\"og:title\" content=\"Alcina Lac de unghii (Nail Colour) 5 ml 100 Sydney - SHOPATOA.COM\" \/>\n<meta property=\"og:description\" content=\"Alcina Nail Color evoc\u0103 culori intense acoperitoare \u0219i de lung\u0103 durat\u0103 pe unghii. Pensula cu form\u0103 special\u0103 se adapteaz\u0103 cu u\u0219urin\u021b\u0103 la forma unghiilor \u0219i u\u0219ureaz\u0103 vopsirea acestora. Pentru un rezultat profesional dup\u0103 o singur\u0103 aplicare a culorii.\" \/>\n<meta property=\"og:url\" content=\"https:\/\/shopatoa.com\/ro\/alcina-lac-de-unghii-nail-colour-5-ml-100-sydney\/\" \/>\n<meta property=\"og:site_name\" content=\"SHOPATOA\" \/>\n<meta property=\"article:modified_time\" content=\"2025-05-15T09:31:52+00:00\" \/>\n<meta property=\"og:image\" content=\"https:\/\/storage.googleapis.com\/cz-shopatoa-img\/ro\/3426e928-unnamed-file.webp\" \/>\n\t<meta property=\"og:image:width\" content=\"800\" \/>\n\t<meta property=\"og:image:height\" content=\"800\" \/>\n\t<meta property=\"og:image:type\" content=\"image\/webp\" \/>\n<meta name=\"twitter:card\" content=\"summary_large_image\" \/>\n<script type=\"application\/ld+json\" class=\"yoast-schema-graph\">{\"@context\":\"https:\\\/\\\/schema.org\",\"@graph\":[{\"@type\":\"WebPage\",\"@id\":\"https:\\\/\\\/shopatoa.com\\\/ro\\\/alcina-lac-de-unghii-nail-colour-5-ml-100-sydney\\\/\",\"url\":\"https:\\\/\\\/shopatoa.com\\\/ro\\\/alcina-lac-de-unghii-nail-colour-5-ml-100-sydney\\\/\",\"name\":\"Alcina Lac de unghii (Nail Colour) 5 ml 100 Sydney - SHOPATOA.COM\",\"isPartOf\":{\"@id\":\"https:\\\/\\\/shopatoa.com\\\/ro\\\/#website\"},\"primaryImageOfPage\":{\"@id\":\"https:\\\/\\\/shopatoa.com\\\/ro\\\/alcina-lac-de-unghii-nail-colour-5-ml-100-sydney\\\/#primaryimage\"},\"image\":{\"@id\":\"https:\\\/\\\/shopatoa.com\\\/ro\\\/alcina-lac-de-unghii-nail-colour-5-ml-100-sydney\\\/#primaryimage\"},\"thumbnailUrl\":\"https:\\\/\\\/storage.googleapis.com\\\/cz-shopatoa-img\\\/ro\\\/3426e928-unnamed-file.webp\",\"datePublished\":\"2025-05-01T13:16:45+00:00\",\"dateModified\":\"2025-05-15T09:31:52+00:00\",\"breadcrumb\":{\"@id\":\"https:\\\/\\\/shopatoa.com\\\/ro\\\/alcina-lac-de-unghii-nail-colour-5-ml-100-sydney\\\/#breadcrumb\"},\"inLanguage\":\"ro-RO\",\"potentialAction\":[{\"@type\":\"ReadAction\",\"target\":[\"https:\\\/\\\/shopatoa.com\\\/ro\\\/alcina-lac-de-unghii-nail-colour-5-ml-100-sydney\\\/\"]}]},{\"@type\":\"ImageObject\",\"inLanguage\":\"ro-RO\",\"@id\":\"https:\\\/\\\/shopatoa.com\\\/ro\\\/alcina-lac-de-unghii-nail-colour-5-ml-100-sydney\\\/#primaryimage\",\"url\":\"https:\\\/\\\/storage.googleapis.com\\\/cz-shopatoa-img\\\/ro\\\/3426e928-unnamed-file.webp\",\"contentUrl\":\"https:\\\/\\\/storage.googleapis.com\\\/cz-shopatoa-img\\\/ro\\\/3426e928-unnamed-file.webp\",\"width\":800,\"height\":800},{\"@type\":\"BreadcrumbList\",\"@id\":\"https:\\\/\\\/shopatoa.com\\\/ro\\\/alcina-lac-de-unghii-nail-colour-5-ml-100-sydney\\\/#breadcrumb\",\"itemListElement\":[{\"@type\":\"ListItem\",\"position\":1,\"name\":\"Dom\u016f\",\"item\":\"https:\\\/\\\/shopatoa.com\\\/ro\\\/\"},{\"@type\":\"ListItem\",\"position\":2,\"name\":\"Shop\",\"item\":\"https:\\\/\\\/shopatoa.com\\\/ro\\\/shop\\\/\"},{\"@type\":\"ListItem\",\"position\":3,\"name\":\"Cosmetice\",\"item\":\"https:\\\/\\\/shopatoa.com\\\/ro\\\/cosmetice\\\/\"},{\"@type\":\"ListItem\",\"position\":4,\"name\":\"Cosmetice decorative\",\"item\":\"https:\\\/\\\/shopatoa.com\\\/ro\\\/cosmetice-decorative\\\/\"},{\"@type\":\"ListItem\",\"position\":5,\"name\":\"Cosmetica decorativa pentru unghii\",\"item\":\"https:\\\/\\\/shopatoa.com\\\/ro\\\/cosmetica-decorativa-pentru-unghii\\\/\"},{\"@type\":\"ListItem\",\"position\":6,\"name\":\"Oje de unghii\",\"item\":\"https:\\\/\\\/shopatoa.com\\\/ro\\\/oje-de-unghii\\\/\"},{\"@type\":\"ListItem\",\"position\":7,\"name\":\"Alcina Lac de unghii (Nail Colour) 5 ml 100 Sydney\"}]},{\"@type\":\"WebSite\",\"@id\":\"https:\\\/\\\/shopatoa.com\\\/ro\\\/#website\",\"url\":\"https:\\\/\\\/shopatoa.com\\\/ro\\\/\",\"name\":\"SHOPATOA\",\"description\":\"\",\"publisher\":{\"@id\":\"https:\\\/\\\/shopatoa.com\\\/ro\\\/#organization\"},\"potentialAction\":[{\"@type\":\"SearchAction\",\"target\":{\"@type\":\"EntryPoint\",\"urlTemplate\":\"https:\\\/\\\/shopatoa.com\\\/ro\\\/?s={search_term_string}\"},\"query-input\":{\"@type\":\"PropertyValueSpecification\",\"valueRequired\":true,\"valueName\":\"search_term_string\"}}],\"inLanguage\":\"ro-RO\"},{\"@type\":\"Organization\",\"@id\":\"https:\\\/\\\/shopatoa.com\\\/ro\\\/#organization\",\"name\":\"SHOPATOA\",\"url\":\"https:\\\/\\\/shopatoa.com\\\/ro\\\/\",\"logo\":{\"@type\":\"ImageObject\",\"inLanguage\":\"ro-RO\",\"@id\":\"https:\\\/\\\/shopatoa.com\\\/ro\\\/#\\\/schema\\\/logo\\\/image\\\/\",\"url\":\"https:\\\/\\\/storage.googleapis.com\\\/cz-shopatoa-img\\\/ro\\\/b4dac915-shopatoa_logo.png\",\"contentUrl\":\"https:\\\/\\\/storage.googleapis.com\\\/cz-shopatoa-img\\\/ro\\\/b4dac915-shopatoa_logo.png\",\"width\":416,\"height\":63,\"caption\":\"SHOPATOA\"},\"image\":{\"@id\":\"https:\\\/\\\/shopatoa.com\\\/ro\\\/#\\\/schema\\\/logo\\\/image\\\/\"}}]}<\/script>\n<!-- \/ Yoast SEO plugin. -->","yoast_head_json":{"title":"Alcina Lac de unghii (Nail Colour) 5 ml 100 Sydney - SHOPATOA.COM","robots":{"index":"index","follow":"follow","max-snippet":"max-snippet:-1","max-image-preview":"max-image-preview:large","max-video-preview":"max-video-preview:-1"},"canonical":"https:\/\/shopatoa.com\/ro\/alcina-lac-de-unghii-nail-colour-5-ml-100-sydney\/","og_locale":"ro_RO","og_type":"article","og_title":"Alcina Lac de unghii (Nail Colour) 5 ml 100 Sydney - SHOPATOA.COM","og_description":"Alcina Nail Color evoc\u0103 culori intense acoperitoare \u0219i de lung\u0103 durat\u0103 pe unghii. Pensula cu form\u0103 special\u0103 se adapteaz\u0103 cu u\u0219urin\u021b\u0103 la forma unghiilor \u0219i u\u0219ureaz\u0103 vopsirea acestora. Pentru un rezultat profesional dup\u0103 o singur\u0103 aplicare a culorii.","og_url":"https:\/\/shopatoa.com\/ro\/alcina-lac-de-unghii-nail-colour-5-ml-100-sydney\/","og_site_name":"SHOPATOA","article_modified_time":"2025-05-15T09:31:52+00:00","og_image":[{"width":800,"height":800,"url":"https:\/\/storage.googleapis.com\/cz-shopatoa-img\/ro\/3426e928-unnamed-file.webp","type":"image\/webp"}],"twitter_card":"summary_large_image","schema":{"@context":"https:\/\/schema.org","@graph":[{"@type":"WebPage","@id":"https:\/\/shopatoa.com\/ro\/alcina-lac-de-unghii-nail-colour-5-ml-100-sydney\/","url":"https:\/\/shopatoa.com\/ro\/alcina-lac-de-unghii-nail-colour-5-ml-100-sydney\/","name":"Alcina Lac de unghii (Nail Colour) 5 ml 100 Sydney - SHOPATOA.COM","isPartOf":{"@id":"https:\/\/shopatoa.com\/ro\/#website"},"primaryImageOfPage":{"@id":"https:\/\/shopatoa.com\/ro\/alcina-lac-de-unghii-nail-colour-5-ml-100-sydney\/#primaryimage"},"image":{"@id":"https:\/\/shopatoa.com\/ro\/alcina-lac-de-unghii-nail-colour-5-ml-100-sydney\/#primaryimage"},"thumbnailUrl":"https:\/\/storage.googleapis.com\/cz-shopatoa-img\/ro\/3426e928-unnamed-file.webp","datePublished":"2025-05-01T13:16:45+00:00","dateModified":"2025-05-15T09:31:52+00:00","breadcrumb":{"@id":"https:\/\/shopatoa.com\/ro\/alcina-lac-de-unghii-nail-colour-5-ml-100-sydney\/#breadcrumb"},"inLanguage":"ro-RO","potentialAction":[{"@type":"ReadAction","target":["https:\/\/shopatoa.com\/ro\/alcina-lac-de-unghii-nail-colour-5-ml-100-sydney\/"]}]},{"@type":"ImageObject","inLanguage":"ro-RO","@id":"https:\/\/shopatoa.com\/ro\/alcina-lac-de-unghii-nail-colour-5-ml-100-sydney\/#primaryimage","url":"https:\/\/storage.googleapis.com\/cz-shopatoa-img\/ro\/3426e928-unnamed-file.webp","contentUrl":"https:\/\/storage.googleapis.com\/cz-shopatoa-img\/ro\/3426e928-unnamed-file.webp","width":800,"height":800},{"@type":"BreadcrumbList","@id":"https:\/\/shopatoa.com\/ro\/alcina-lac-de-unghii-nail-colour-5-ml-100-sydney\/#breadcrumb","itemListElement":[{"@type":"ListItem","position":1,"name":"Dom\u016f","item":"https:\/\/shopatoa.com\/ro\/"},{"@type":"ListItem","position":2,"name":"Shop","item":"https:\/\/shopatoa.com\/ro\/shop\/"},{"@type":"ListItem","position":3,"name":"Cosmetice","item":"https:\/\/shopatoa.com\/ro\/cosmetice\/"},{"@type":"ListItem","position":4,"name":"Cosmetice decorative","item":"https:\/\/shopatoa.com\/ro\/cosmetice-decorative\/"},{"@type":"ListItem","position":5,"name":"Cosmetica decorativa pentru unghii","item":"https:\/\/shopatoa.com\/ro\/cosmetica-decorativa-pentru-unghii\/"},{"@type":"ListItem","position":6,"name":"Oje de unghii","item":"https:\/\/shopatoa.com\/ro\/oje-de-unghii\/"},{"@type":"ListItem","position":7,"name":"Alcina Lac de unghii (Nail Colour) 5 ml 100 Sydney"}]},{"@type":"WebSite","@id":"https:\/\/shopatoa.com\/ro\/#website","url":"https:\/\/shopatoa.com\/ro\/","name":"SHOPATOA","description":"","publisher":{"@id":"https:\/\/shopatoa.com\/ro\/#organization"},"potentialAction":[{"@type":"SearchAction","target":{"@type":"EntryPoint","urlTemplate":"https:\/\/shopatoa.com\/ro\/?s={search_term_string}"},"query-input":{"@type":"PropertyValueSpecification","valueRequired":true,"valueName":"search_term_string"}}],"inLanguage":"ro-RO"},{"@type":"Organization","@id":"https:\/\/shopatoa.com\/ro\/#organization","name":"SHOPATOA","url":"https:\/\/shopatoa.com\/ro\/","logo":{"@type":"ImageObject","inLanguage":"ro-RO","@id":"https:\/\/shopatoa.com\/ro\/#\/schema\/logo\/image\/","url":"https:\/\/storage.googleapis.com\/cz-shopatoa-img\/ro\/b4dac915-shopatoa_logo.png","contentUrl":"https:\/\/storage.googleapis.com\/cz-shopatoa-img\/ro\/b4dac915-shopatoa_logo.png","width":416,"height":63,"caption":"SHOPATOA"},"image":{"@id":"https:\/\/shopatoa.com\/ro\/#\/schema\/logo\/image\/"}}]}},"_links":{"self":[{"href":"https:\/\/shopatoa.com\/ro\/wp-json\/wp\/v2\/product\/291310","targetHints":{"allow":["GET"]}}],"collection":[{"href":"https:\/\/shopatoa.com\/ro\/wp-json\/wp\/v2\/product"}],"about":[{"href":"https:\/\/shopatoa.com\/ro\/wp-json\/wp\/v2\/types\/product"}],"replies":[{"embeddable":true,"href":"https:\/\/shopatoa.com\/ro\/wp-json\/wp\/v2\/comments?post=291310"}],"wp:featuredmedia":[{"embeddable":true,"href":"https:\/\/shopatoa.com\/ro\/wp-json\/wp\/v2\/media\/291311"}],"wp:attachment":[{"href":"https:\/\/shopatoa.com\/ro\/wp-json\/wp\/v2\/media?parent=291310"}],"wp:term":[{"taxonomy":"product_brand","embeddable":true,"href":"https:\/\/shopatoa.com\/ro\/wp-json\/wp\/v2\/product_brand?post=291310"},{"taxonomy":"product_cat","embeddable":true,"href":"https:\/\/shopatoa.com\/ro\/wp-json\/wp\/v2\/product_cat?post=291310"},{"taxonomy":"product_tag","embeddable":true,"href":"https:\/\/shopatoa.com\/ro\/wp-json\/wp\/v2\/product_tag?post=291310"}],"curies":[{"name":"wp","href":"https:\/\/api.w.org\/{rel}","templated":true}]}}