{"id":291719,"date":"2025-05-01T16:05:04","date_gmt":"2025-05-01T14:05:04","guid":{"rendered":"https:\/\/shopatoa.com\/ro\/britney-spears-curios-spray-de-corp-236-ml\/"},"modified":"2025-12-11T05:35:40","modified_gmt":"2025-12-11T04:35:40","slug":"britney-spears-curios-spray-de-corp-236-ml","status":"publish","type":"product","link":"https:\/\/shopatoa.com\/ro\/britney-spears-curios-spray-de-corp-236-ml\/","title":{"rendered":"Britney Spears Curios &#8211; spray de corp 236 ml"},"content":{"rendered":"<p>Parfumul mai dulce \u0219i floral Curious sub form\u0103 de voal de corp este destinat femeilor tinere c\u0103rora le place s\u0103 provoace \u0219i s\u0103 iubeasc\u0103 ispita. Cu note de v\u00e2rf str\u0103lucitoare de magnolie \u0219i par\u0103 aurie \u0219i o inim\u0103 de flori albe, floare de lotus \u0219i tuberoz\u0103, parfumul creeaz\u0103 o esen\u021b\u0103 atr\u0103g\u0103toare \u0219i inconfundabil\u0103. Impresia magica este sporita de o baza sublima formata din iasomie, vanilie, lemn de santal si lemn deschis.<\/p>\n","protected":false},"excerpt":{"rendered":"<p>Parfumul mai dulce \u0219i floral Curious sub form\u0103 de voal de corp este destinat femeilor tinere c\u0103rora le place s\u0103 provoace \u0219i s\u0103 iubeasc\u0103 ispita. Cu note de v\u00e2rf str\u0103lucitoare de magnolie \u0219i par\u0103 aurie \u0219i o inim\u0103 de flori albe, floare de lotus \u0219i tuberoz\u0103, parfumul creeaz\u0103 o esen\u021b\u0103 atr\u0103g\u0103toare \u0219i inconfundabil\u0103. Impresia magica&#8230;<\/p>\n","protected":false},"featured_media":291720,"comment_status":"closed","ping_status":"open","template":"","meta":{"_acf_changed":false,"_kadence_starter_templates_imported_post":false,"_kad_post_transparent":"","_kad_post_title":"","_kad_post_layout":"","_kad_post_sidebar_id":"","_kad_post_content_style":"","_kad_post_vertical_padding":"","_kad_post_feature":"","_kad_post_feature_position":"","_kad_post_header":false,"_kad_post_footer":false,"_kad_post_classname":""},"product_brand":[550],"product_cat":[614,682],"product_tag":[],"class_list":{"0":"post-291719","1":"product","2":"type-product","3":"status-publish","4":"has-post-thumbnail","6":"product_brand-britney-spears","7":"product_cat-parfumuri","8":"product_cat-spray-uri-de-corp","10":"first","11":"instock","12":"product-type-external","13":"entry","14":"content-bg","15":"loop-entry"},"acf":[],"yoast_head":"<!-- This site is optimized with the Yoast SEO plugin v27.4 - https:\/\/yoast.com\/product\/yoast-seo-wordpress\/ -->\n<title>Britney Spears Curios - spray de corp 236 ml - SHOPATOA.COM<\/title>\n<meta name=\"robots\" content=\"index, follow, max-snippet:-1, max-image-preview:large, max-video-preview:-1\" \/>\n<link rel=\"canonical\" href=\"https:\/\/shopatoa.com\/ro\/britney-spears-curios-spray-de-corp-236-ml\/\" \/>\n<meta property=\"og:locale\" content=\"ro_RO\" \/>\n<meta property=\"og:type\" content=\"article\" \/>\n<meta property=\"og:title\" content=\"Britney Spears Curios - spray de corp 236 ml - SHOPATOA.COM\" \/>\n<meta property=\"og:description\" content=\"Parfumul mai dulce \u0219i floral Curious sub form\u0103 de voal de corp este destinat femeilor tinere c\u0103rora le place s\u0103 provoace \u0219i s\u0103 iubeasc\u0103 ispita. Cu note de v\u00e2rf str\u0103lucitoare de magnolie \u0219i par\u0103 aurie \u0219i o inim\u0103 de flori albe, floare de lotus \u0219i tuberoz\u0103, parfumul creeaz\u0103 o esen\u021b\u0103 atr\u0103g\u0103toare \u0219i inconfundabil\u0103. Impresia magica...\" \/>\n<meta property=\"og:url\" content=\"https:\/\/shopatoa.com\/ro\/britney-spears-curios-spray-de-corp-236-ml\/\" \/>\n<meta property=\"og:site_name\" content=\"SHOPATOA\" \/>\n<meta property=\"article:modified_time\" content=\"2025-12-11T04:35:40+00:00\" \/>\n<meta property=\"og:image\" content=\"https:\/\/storage.googleapis.com\/cz-shopatoa-img\/ro\/70ea4dd0-unnamed-file.webp\" \/>\n\t<meta property=\"og:image:width\" content=\"800\" \/>\n\t<meta property=\"og:image:height\" content=\"800\" \/>\n\t<meta property=\"og:image:type\" content=\"image\/webp\" \/>\n<meta name=\"twitter:card\" content=\"summary_large_image\" \/>\n<script type=\"application\/ld+json\" class=\"yoast-schema-graph\">{\"@context\":\"https:\\\/\\\/schema.org\",\"@graph\":[{\"@type\":\"WebPage\",\"@id\":\"https:\\\/\\\/shopatoa.com\\\/ro\\\/britney-spears-curios-spray-de-corp-236-ml\\\/\",\"url\":\"https:\\\/\\\/shopatoa.com\\\/ro\\\/britney-spears-curios-spray-de-corp-236-ml\\\/\",\"name\":\"Britney Spears Curios - spray de corp 236 ml - SHOPATOA.COM\",\"isPartOf\":{\"@id\":\"https:\\\/\\\/shopatoa.com\\\/ro\\\/#website\"},\"primaryImageOfPage\":{\"@id\":\"https:\\\/\\\/shopatoa.com\\\/ro\\\/britney-spears-curios-spray-de-corp-236-ml\\\/#primaryimage\"},\"image\":{\"@id\":\"https:\\\/\\\/shopatoa.com\\\/ro\\\/britney-spears-curios-spray-de-corp-236-ml\\\/#primaryimage\"},\"thumbnailUrl\":\"https:\\\/\\\/storage.googleapis.com\\\/cz-shopatoa-img\\\/ro\\\/70ea4dd0-unnamed-file.webp\",\"datePublished\":\"2025-05-01T14:05:04+00:00\",\"dateModified\":\"2025-12-11T04:35:40+00:00\",\"breadcrumb\":{\"@id\":\"https:\\\/\\\/shopatoa.com\\\/ro\\\/britney-spears-curios-spray-de-corp-236-ml\\\/#breadcrumb\"},\"inLanguage\":\"ro-RO\",\"potentialAction\":[{\"@type\":\"ReadAction\",\"target\":[\"https:\\\/\\\/shopatoa.com\\\/ro\\\/britney-spears-curios-spray-de-corp-236-ml\\\/\"]}]},{\"@type\":\"ImageObject\",\"inLanguage\":\"ro-RO\",\"@id\":\"https:\\\/\\\/shopatoa.com\\\/ro\\\/britney-spears-curios-spray-de-corp-236-ml\\\/#primaryimage\",\"url\":\"https:\\\/\\\/storage.googleapis.com\\\/cz-shopatoa-img\\\/ro\\\/70ea4dd0-unnamed-file.webp\",\"contentUrl\":\"https:\\\/\\\/storage.googleapis.com\\\/cz-shopatoa-img\\\/ro\\\/70ea4dd0-unnamed-file.webp\",\"width\":800,\"height\":800},{\"@type\":\"BreadcrumbList\",\"@id\":\"https:\\\/\\\/shopatoa.com\\\/ro\\\/britney-spears-curios-spray-de-corp-236-ml\\\/#breadcrumb\",\"itemListElement\":[{\"@type\":\"ListItem\",\"position\":1,\"name\":\"Dom\u016f\",\"item\":\"https:\\\/\\\/shopatoa.com\\\/ro\\\/\"},{\"@type\":\"ListItem\",\"position\":2,\"name\":\"Shop\",\"item\":\"https:\\\/\\\/shopatoa.com\\\/ro\\\/shop\\\/\"},{\"@type\":\"ListItem\",\"position\":3,\"name\":\"Parfumuri\",\"item\":\"https:\\\/\\\/shopatoa.com\\\/ro\\\/parfumuri\\\/\"},{\"@type\":\"ListItem\",\"position\":4,\"name\":\"Spray-uri de corp\",\"item\":\"https:\\\/\\\/shopatoa.com\\\/ro\\\/spray-uri-de-corp\\\/\"},{\"@type\":\"ListItem\",\"position\":5,\"name\":\"Britney Spears Curios &#8211; spray de corp 236 ml\"}]},{\"@type\":\"WebSite\",\"@id\":\"https:\\\/\\\/shopatoa.com\\\/ro\\\/#website\",\"url\":\"https:\\\/\\\/shopatoa.com\\\/ro\\\/\",\"name\":\"SHOPATOA\",\"description\":\"\",\"publisher\":{\"@id\":\"https:\\\/\\\/shopatoa.com\\\/ro\\\/#organization\"},\"potentialAction\":[{\"@type\":\"SearchAction\",\"target\":{\"@type\":\"EntryPoint\",\"urlTemplate\":\"https:\\\/\\\/shopatoa.com\\\/ro\\\/?s={search_term_string}\"},\"query-input\":{\"@type\":\"PropertyValueSpecification\",\"valueRequired\":true,\"valueName\":\"search_term_string\"}}],\"inLanguage\":\"ro-RO\"},{\"@type\":\"Organization\",\"@id\":\"https:\\\/\\\/shopatoa.com\\\/ro\\\/#organization\",\"name\":\"SHOPATOA\",\"url\":\"https:\\\/\\\/shopatoa.com\\\/ro\\\/\",\"logo\":{\"@type\":\"ImageObject\",\"inLanguage\":\"ro-RO\",\"@id\":\"https:\\\/\\\/shopatoa.com\\\/ro\\\/#\\\/schema\\\/logo\\\/image\\\/\",\"url\":\"https:\\\/\\\/storage.googleapis.com\\\/cz-shopatoa-img\\\/ro\\\/b4dac915-shopatoa_logo.png\",\"contentUrl\":\"https:\\\/\\\/storage.googleapis.com\\\/cz-shopatoa-img\\\/ro\\\/b4dac915-shopatoa_logo.png\",\"width\":416,\"height\":63,\"caption\":\"SHOPATOA\"},\"image\":{\"@id\":\"https:\\\/\\\/shopatoa.com\\\/ro\\\/#\\\/schema\\\/logo\\\/image\\\/\"}}]}<\/script>\n<!-- \/ Yoast SEO plugin. -->","yoast_head_json":{"title":"Britney Spears Curios - spray de corp 236 ml - SHOPATOA.COM","robots":{"index":"index","follow":"follow","max-snippet":"max-snippet:-1","max-image-preview":"max-image-preview:large","max-video-preview":"max-video-preview:-1"},"canonical":"https:\/\/shopatoa.com\/ro\/britney-spears-curios-spray-de-corp-236-ml\/","og_locale":"ro_RO","og_type":"article","og_title":"Britney Spears Curios - spray de corp 236 ml - SHOPATOA.COM","og_description":"Parfumul mai dulce \u0219i floral Curious sub form\u0103 de voal de corp este destinat femeilor tinere c\u0103rora le place s\u0103 provoace \u0219i s\u0103 iubeasc\u0103 ispita. Cu note de v\u00e2rf str\u0103lucitoare de magnolie \u0219i par\u0103 aurie \u0219i o inim\u0103 de flori albe, floare de lotus \u0219i tuberoz\u0103, parfumul creeaz\u0103 o esen\u021b\u0103 atr\u0103g\u0103toare \u0219i inconfundabil\u0103. Impresia magica...","og_url":"https:\/\/shopatoa.com\/ro\/britney-spears-curios-spray-de-corp-236-ml\/","og_site_name":"SHOPATOA","article_modified_time":"2025-12-11T04:35:40+00:00","og_image":[{"width":800,"height":800,"url":"https:\/\/storage.googleapis.com\/cz-shopatoa-img\/ro\/70ea4dd0-unnamed-file.webp","type":"image\/webp"}],"twitter_card":"summary_large_image","schema":{"@context":"https:\/\/schema.org","@graph":[{"@type":"WebPage","@id":"https:\/\/shopatoa.com\/ro\/britney-spears-curios-spray-de-corp-236-ml\/","url":"https:\/\/shopatoa.com\/ro\/britney-spears-curios-spray-de-corp-236-ml\/","name":"Britney Spears Curios - spray de corp 236 ml - SHOPATOA.COM","isPartOf":{"@id":"https:\/\/shopatoa.com\/ro\/#website"},"primaryImageOfPage":{"@id":"https:\/\/shopatoa.com\/ro\/britney-spears-curios-spray-de-corp-236-ml\/#primaryimage"},"image":{"@id":"https:\/\/shopatoa.com\/ro\/britney-spears-curios-spray-de-corp-236-ml\/#primaryimage"},"thumbnailUrl":"https:\/\/storage.googleapis.com\/cz-shopatoa-img\/ro\/70ea4dd0-unnamed-file.webp","datePublished":"2025-05-01T14:05:04+00:00","dateModified":"2025-12-11T04:35:40+00:00","breadcrumb":{"@id":"https:\/\/shopatoa.com\/ro\/britney-spears-curios-spray-de-corp-236-ml\/#breadcrumb"},"inLanguage":"ro-RO","potentialAction":[{"@type":"ReadAction","target":["https:\/\/shopatoa.com\/ro\/britney-spears-curios-spray-de-corp-236-ml\/"]}]},{"@type":"ImageObject","inLanguage":"ro-RO","@id":"https:\/\/shopatoa.com\/ro\/britney-spears-curios-spray-de-corp-236-ml\/#primaryimage","url":"https:\/\/storage.googleapis.com\/cz-shopatoa-img\/ro\/70ea4dd0-unnamed-file.webp","contentUrl":"https:\/\/storage.googleapis.com\/cz-shopatoa-img\/ro\/70ea4dd0-unnamed-file.webp","width":800,"height":800},{"@type":"BreadcrumbList","@id":"https:\/\/shopatoa.com\/ro\/britney-spears-curios-spray-de-corp-236-ml\/#breadcrumb","itemListElement":[{"@type":"ListItem","position":1,"name":"Dom\u016f","item":"https:\/\/shopatoa.com\/ro\/"},{"@type":"ListItem","position":2,"name":"Shop","item":"https:\/\/shopatoa.com\/ro\/shop\/"},{"@type":"ListItem","position":3,"name":"Parfumuri","item":"https:\/\/shopatoa.com\/ro\/parfumuri\/"},{"@type":"ListItem","position":4,"name":"Spray-uri de corp","item":"https:\/\/shopatoa.com\/ro\/spray-uri-de-corp\/"},{"@type":"ListItem","position":5,"name":"Britney Spears Curios &#8211; spray de corp 236 ml"}]},{"@type":"WebSite","@id":"https:\/\/shopatoa.com\/ro\/#website","url":"https:\/\/shopatoa.com\/ro\/","name":"SHOPATOA","description":"","publisher":{"@id":"https:\/\/shopatoa.com\/ro\/#organization"},"potentialAction":[{"@type":"SearchAction","target":{"@type":"EntryPoint","urlTemplate":"https:\/\/shopatoa.com\/ro\/?s={search_term_string}"},"query-input":{"@type":"PropertyValueSpecification","valueRequired":true,"valueName":"search_term_string"}}],"inLanguage":"ro-RO"},{"@type":"Organization","@id":"https:\/\/shopatoa.com\/ro\/#organization","name":"SHOPATOA","url":"https:\/\/shopatoa.com\/ro\/","logo":{"@type":"ImageObject","inLanguage":"ro-RO","@id":"https:\/\/shopatoa.com\/ro\/#\/schema\/logo\/image\/","url":"https:\/\/storage.googleapis.com\/cz-shopatoa-img\/ro\/b4dac915-shopatoa_logo.png","contentUrl":"https:\/\/storage.googleapis.com\/cz-shopatoa-img\/ro\/b4dac915-shopatoa_logo.png","width":416,"height":63,"caption":"SHOPATOA"},"image":{"@id":"https:\/\/shopatoa.com\/ro\/#\/schema\/logo\/image\/"}}]}},"_links":{"self":[{"href":"https:\/\/shopatoa.com\/ro\/wp-json\/wp\/v2\/product\/291719","targetHints":{"allow":["GET"]}}],"collection":[{"href":"https:\/\/shopatoa.com\/ro\/wp-json\/wp\/v2\/product"}],"about":[{"href":"https:\/\/shopatoa.com\/ro\/wp-json\/wp\/v2\/types\/product"}],"replies":[{"embeddable":true,"href":"https:\/\/shopatoa.com\/ro\/wp-json\/wp\/v2\/comments?post=291719"}],"wp:featuredmedia":[{"embeddable":true,"href":"https:\/\/shopatoa.com\/ro\/wp-json\/wp\/v2\/media\/291720"}],"wp:attachment":[{"href":"https:\/\/shopatoa.com\/ro\/wp-json\/wp\/v2\/media?parent=291719"}],"wp:term":[{"taxonomy":"product_brand","embeddable":true,"href":"https:\/\/shopatoa.com\/ro\/wp-json\/wp\/v2\/product_brand?post=291719"},{"taxonomy":"product_cat","embeddable":true,"href":"https:\/\/shopatoa.com\/ro\/wp-json\/wp\/v2\/product_cat?post=291719"},{"taxonomy":"product_tag","embeddable":true,"href":"https:\/\/shopatoa.com\/ro\/wp-json\/wp\/v2\/product_tag?post=291719"}],"curies":[{"name":"wp","href":"https:\/\/api.w.org\/{rel}","templated":true}]}}