{"id":291722,"date":"2025-05-01T16:05:16","date_gmt":"2025-05-01T14:05:16","guid":{"rendered":"https:\/\/shopatoa.com\/ro\/britney-spears-fantasy-voal-de-corp-236-ml\/"},"modified":"2025-12-11T05:35:37","modified_gmt":"2025-12-11T04:35:37","slug":"britney-spears-fantasy-voal-de-corp-236-ml","status":"publish","type":"product","link":"https:\/\/shopatoa.com\/ro\/britney-spears-fantasy-voal-de-corp-236-ml\/","title":{"rendered":"Britney Spears Fantasy &#8211; voal de corp 236 ml"},"content":{"rendered":"<p>Fiecare viseaz\u0103 la ceva. Prin\u021besa pop Britney Spears nu face excep\u021bie, \u0219i ea are o imagina\u021bie bogat\u0103. Fantasy este plin\u0103 de magie \u0219i bogat\u0103 \u00een fiorul v\u00e2n\u0103torii. Povestea fanteziei se desf\u0103\u0219oar\u0103 datorit\u0103 bog\u0103\u021biei de prune ro\u0219ii din China, gutui aurii \u0219i kiwi. Continu\u0103 cu mirosul de fursecuri, orhidee alb\u0103, ciocolat\u0103 \u0219i petale de iasomie. \u00centregul basm se \u00eenchide cu lemn senzual \u0219i mosc. Cufunda\u021bi-v\u0103 \u00een lumea fanteziei datorit\u0103 voalului de corp Fantasy \u0219i nu ve\u021bi regreta.<\/p>\n","protected":false},"excerpt":{"rendered":"<p>Fiecare viseaz\u0103 la ceva. Prin\u021besa pop Britney Spears nu face excep\u021bie, \u0219i ea are o imagina\u021bie bogat\u0103. Fantasy este plin\u0103 de magie \u0219i bogat\u0103 \u00een fiorul v\u00e2n\u0103torii. Povestea fanteziei se desf\u0103\u0219oar\u0103 datorit\u0103 bog\u0103\u021biei de prune ro\u0219ii din China, gutui aurii \u0219i kiwi. Continu\u0103 cu mirosul de fursecuri, orhidee alb\u0103, ciocolat\u0103 \u0219i petale de iasomie. \u00centregul&#8230;<\/p>\n","protected":false},"featured_media":291723,"comment_status":"closed","ping_status":"open","template":"","meta":{"_acf_changed":false,"_kadence_starter_templates_imported_post":false,"_kad_post_transparent":"","_kad_post_title":"","_kad_post_layout":"","_kad_post_sidebar_id":"","_kad_post_content_style":"","_kad_post_vertical_padding":"","_kad_post_feature":"","_kad_post_feature_position":"","_kad_post_header":false,"_kad_post_footer":false,"_kad_post_classname":""},"product_brand":[550],"product_cat":[614,682],"product_tag":[],"class_list":{"0":"post-291722","1":"product","2":"type-product","3":"status-publish","4":"has-post-thumbnail","6":"product_brand-britney-spears","7":"product_cat-parfumuri","8":"product_cat-spray-uri-de-corp","10":"first","11":"instock","12":"product-type-external","13":"entry","14":"content-bg","15":"loop-entry"},"acf":[],"yoast_head":"<!-- This site is optimized with the Yoast SEO plugin v27.4 - https:\/\/yoast.com\/product\/yoast-seo-wordpress\/ -->\n<title>Britney Spears Fantasy - voal de corp 236 ml - SHOPATOA.COM<\/title>\n<meta name=\"robots\" content=\"index, follow, max-snippet:-1, max-image-preview:large, max-video-preview:-1\" \/>\n<link rel=\"canonical\" href=\"https:\/\/shopatoa.com\/ro\/britney-spears-fantasy-voal-de-corp-236-ml\/\" \/>\n<meta property=\"og:locale\" content=\"ro_RO\" \/>\n<meta property=\"og:type\" content=\"article\" \/>\n<meta property=\"og:title\" content=\"Britney Spears Fantasy - voal de corp 236 ml - SHOPATOA.COM\" \/>\n<meta property=\"og:description\" content=\"Fiecare viseaz\u0103 la ceva. Prin\u021besa pop Britney Spears nu face excep\u021bie, \u0219i ea are o imagina\u021bie bogat\u0103. Fantasy este plin\u0103 de magie \u0219i bogat\u0103 \u00een fiorul v\u00e2n\u0103torii. Povestea fanteziei se desf\u0103\u0219oar\u0103 datorit\u0103 bog\u0103\u021biei de prune ro\u0219ii din China, gutui aurii \u0219i kiwi. Continu\u0103 cu mirosul de fursecuri, orhidee alb\u0103, ciocolat\u0103 \u0219i petale de iasomie. \u00centregul...\" \/>\n<meta property=\"og:url\" content=\"https:\/\/shopatoa.com\/ro\/britney-spears-fantasy-voal-de-corp-236-ml\/\" \/>\n<meta property=\"og:site_name\" content=\"SHOPATOA\" \/>\n<meta property=\"article:modified_time\" content=\"2025-12-11T04:35:37+00:00\" \/>\n<meta property=\"og:image\" content=\"https:\/\/storage.googleapis.com\/cz-shopatoa-img\/ro\/4e60fc01-unnamed-file.webp\" \/>\n\t<meta property=\"og:image:width\" content=\"800\" \/>\n\t<meta property=\"og:image:height\" content=\"800\" \/>\n\t<meta property=\"og:image:type\" content=\"image\/webp\" \/>\n<meta name=\"twitter:card\" content=\"summary_large_image\" \/>\n<script type=\"application\/ld+json\" class=\"yoast-schema-graph\">{\"@context\":\"https:\\\/\\\/schema.org\",\"@graph\":[{\"@type\":\"WebPage\",\"@id\":\"https:\\\/\\\/shopatoa.com\\\/ro\\\/britney-spears-fantasy-voal-de-corp-236-ml\\\/\",\"url\":\"https:\\\/\\\/shopatoa.com\\\/ro\\\/britney-spears-fantasy-voal-de-corp-236-ml\\\/\",\"name\":\"Britney Spears Fantasy - voal de corp 236 ml - SHOPATOA.COM\",\"isPartOf\":{\"@id\":\"https:\\\/\\\/shopatoa.com\\\/ro\\\/#website\"},\"primaryImageOfPage\":{\"@id\":\"https:\\\/\\\/shopatoa.com\\\/ro\\\/britney-spears-fantasy-voal-de-corp-236-ml\\\/#primaryimage\"},\"image\":{\"@id\":\"https:\\\/\\\/shopatoa.com\\\/ro\\\/britney-spears-fantasy-voal-de-corp-236-ml\\\/#primaryimage\"},\"thumbnailUrl\":\"https:\\\/\\\/storage.googleapis.com\\\/cz-shopatoa-img\\\/ro\\\/4e60fc01-unnamed-file.webp\",\"datePublished\":\"2025-05-01T14:05:16+00:00\",\"dateModified\":\"2025-12-11T04:35:37+00:00\",\"breadcrumb\":{\"@id\":\"https:\\\/\\\/shopatoa.com\\\/ro\\\/britney-spears-fantasy-voal-de-corp-236-ml\\\/#breadcrumb\"},\"inLanguage\":\"ro-RO\",\"potentialAction\":[{\"@type\":\"ReadAction\",\"target\":[\"https:\\\/\\\/shopatoa.com\\\/ro\\\/britney-spears-fantasy-voal-de-corp-236-ml\\\/\"]}]},{\"@type\":\"ImageObject\",\"inLanguage\":\"ro-RO\",\"@id\":\"https:\\\/\\\/shopatoa.com\\\/ro\\\/britney-spears-fantasy-voal-de-corp-236-ml\\\/#primaryimage\",\"url\":\"https:\\\/\\\/storage.googleapis.com\\\/cz-shopatoa-img\\\/ro\\\/4e60fc01-unnamed-file.webp\",\"contentUrl\":\"https:\\\/\\\/storage.googleapis.com\\\/cz-shopatoa-img\\\/ro\\\/4e60fc01-unnamed-file.webp\",\"width\":800,\"height\":800},{\"@type\":\"BreadcrumbList\",\"@id\":\"https:\\\/\\\/shopatoa.com\\\/ro\\\/britney-spears-fantasy-voal-de-corp-236-ml\\\/#breadcrumb\",\"itemListElement\":[{\"@type\":\"ListItem\",\"position\":1,\"name\":\"Dom\u016f\",\"item\":\"https:\\\/\\\/shopatoa.com\\\/ro\\\/\"},{\"@type\":\"ListItem\",\"position\":2,\"name\":\"Shop\",\"item\":\"https:\\\/\\\/shopatoa.com\\\/ro\\\/shop\\\/\"},{\"@type\":\"ListItem\",\"position\":3,\"name\":\"Parfumuri\",\"item\":\"https:\\\/\\\/shopatoa.com\\\/ro\\\/parfumuri\\\/\"},{\"@type\":\"ListItem\",\"position\":4,\"name\":\"Spray-uri de corp\",\"item\":\"https:\\\/\\\/shopatoa.com\\\/ro\\\/spray-uri-de-corp\\\/\"},{\"@type\":\"ListItem\",\"position\":5,\"name\":\"Britney Spears Fantasy &#8211; voal de corp 236 ml\"}]},{\"@type\":\"WebSite\",\"@id\":\"https:\\\/\\\/shopatoa.com\\\/ro\\\/#website\",\"url\":\"https:\\\/\\\/shopatoa.com\\\/ro\\\/\",\"name\":\"SHOPATOA\",\"description\":\"\",\"publisher\":{\"@id\":\"https:\\\/\\\/shopatoa.com\\\/ro\\\/#organization\"},\"potentialAction\":[{\"@type\":\"SearchAction\",\"target\":{\"@type\":\"EntryPoint\",\"urlTemplate\":\"https:\\\/\\\/shopatoa.com\\\/ro\\\/?s={search_term_string}\"},\"query-input\":{\"@type\":\"PropertyValueSpecification\",\"valueRequired\":true,\"valueName\":\"search_term_string\"}}],\"inLanguage\":\"ro-RO\"},{\"@type\":\"Organization\",\"@id\":\"https:\\\/\\\/shopatoa.com\\\/ro\\\/#organization\",\"name\":\"SHOPATOA\",\"url\":\"https:\\\/\\\/shopatoa.com\\\/ro\\\/\",\"logo\":{\"@type\":\"ImageObject\",\"inLanguage\":\"ro-RO\",\"@id\":\"https:\\\/\\\/shopatoa.com\\\/ro\\\/#\\\/schema\\\/logo\\\/image\\\/\",\"url\":\"https:\\\/\\\/storage.googleapis.com\\\/cz-shopatoa-img\\\/ro\\\/b4dac915-shopatoa_logo.png\",\"contentUrl\":\"https:\\\/\\\/storage.googleapis.com\\\/cz-shopatoa-img\\\/ro\\\/b4dac915-shopatoa_logo.png\",\"width\":416,\"height\":63,\"caption\":\"SHOPATOA\"},\"image\":{\"@id\":\"https:\\\/\\\/shopatoa.com\\\/ro\\\/#\\\/schema\\\/logo\\\/image\\\/\"}}]}<\/script>\n<!-- \/ Yoast SEO plugin. -->","yoast_head_json":{"title":"Britney Spears Fantasy - voal de corp 236 ml - SHOPATOA.COM","robots":{"index":"index","follow":"follow","max-snippet":"max-snippet:-1","max-image-preview":"max-image-preview:large","max-video-preview":"max-video-preview:-1"},"canonical":"https:\/\/shopatoa.com\/ro\/britney-spears-fantasy-voal-de-corp-236-ml\/","og_locale":"ro_RO","og_type":"article","og_title":"Britney Spears Fantasy - voal de corp 236 ml - SHOPATOA.COM","og_description":"Fiecare viseaz\u0103 la ceva. Prin\u021besa pop Britney Spears nu face excep\u021bie, \u0219i ea are o imagina\u021bie bogat\u0103. Fantasy este plin\u0103 de magie \u0219i bogat\u0103 \u00een fiorul v\u00e2n\u0103torii. Povestea fanteziei se desf\u0103\u0219oar\u0103 datorit\u0103 bog\u0103\u021biei de prune ro\u0219ii din China, gutui aurii \u0219i kiwi. Continu\u0103 cu mirosul de fursecuri, orhidee alb\u0103, ciocolat\u0103 \u0219i petale de iasomie. \u00centregul...","og_url":"https:\/\/shopatoa.com\/ro\/britney-spears-fantasy-voal-de-corp-236-ml\/","og_site_name":"SHOPATOA","article_modified_time":"2025-12-11T04:35:37+00:00","og_image":[{"width":800,"height":800,"url":"https:\/\/storage.googleapis.com\/cz-shopatoa-img\/ro\/4e60fc01-unnamed-file.webp","type":"image\/webp"}],"twitter_card":"summary_large_image","schema":{"@context":"https:\/\/schema.org","@graph":[{"@type":"WebPage","@id":"https:\/\/shopatoa.com\/ro\/britney-spears-fantasy-voal-de-corp-236-ml\/","url":"https:\/\/shopatoa.com\/ro\/britney-spears-fantasy-voal-de-corp-236-ml\/","name":"Britney Spears Fantasy - voal de corp 236 ml - SHOPATOA.COM","isPartOf":{"@id":"https:\/\/shopatoa.com\/ro\/#website"},"primaryImageOfPage":{"@id":"https:\/\/shopatoa.com\/ro\/britney-spears-fantasy-voal-de-corp-236-ml\/#primaryimage"},"image":{"@id":"https:\/\/shopatoa.com\/ro\/britney-spears-fantasy-voal-de-corp-236-ml\/#primaryimage"},"thumbnailUrl":"https:\/\/storage.googleapis.com\/cz-shopatoa-img\/ro\/4e60fc01-unnamed-file.webp","datePublished":"2025-05-01T14:05:16+00:00","dateModified":"2025-12-11T04:35:37+00:00","breadcrumb":{"@id":"https:\/\/shopatoa.com\/ro\/britney-spears-fantasy-voal-de-corp-236-ml\/#breadcrumb"},"inLanguage":"ro-RO","potentialAction":[{"@type":"ReadAction","target":["https:\/\/shopatoa.com\/ro\/britney-spears-fantasy-voal-de-corp-236-ml\/"]}]},{"@type":"ImageObject","inLanguage":"ro-RO","@id":"https:\/\/shopatoa.com\/ro\/britney-spears-fantasy-voal-de-corp-236-ml\/#primaryimage","url":"https:\/\/storage.googleapis.com\/cz-shopatoa-img\/ro\/4e60fc01-unnamed-file.webp","contentUrl":"https:\/\/storage.googleapis.com\/cz-shopatoa-img\/ro\/4e60fc01-unnamed-file.webp","width":800,"height":800},{"@type":"BreadcrumbList","@id":"https:\/\/shopatoa.com\/ro\/britney-spears-fantasy-voal-de-corp-236-ml\/#breadcrumb","itemListElement":[{"@type":"ListItem","position":1,"name":"Dom\u016f","item":"https:\/\/shopatoa.com\/ro\/"},{"@type":"ListItem","position":2,"name":"Shop","item":"https:\/\/shopatoa.com\/ro\/shop\/"},{"@type":"ListItem","position":3,"name":"Parfumuri","item":"https:\/\/shopatoa.com\/ro\/parfumuri\/"},{"@type":"ListItem","position":4,"name":"Spray-uri de corp","item":"https:\/\/shopatoa.com\/ro\/spray-uri-de-corp\/"},{"@type":"ListItem","position":5,"name":"Britney Spears Fantasy &#8211; voal de corp 236 ml"}]},{"@type":"WebSite","@id":"https:\/\/shopatoa.com\/ro\/#website","url":"https:\/\/shopatoa.com\/ro\/","name":"SHOPATOA","description":"","publisher":{"@id":"https:\/\/shopatoa.com\/ro\/#organization"},"potentialAction":[{"@type":"SearchAction","target":{"@type":"EntryPoint","urlTemplate":"https:\/\/shopatoa.com\/ro\/?s={search_term_string}"},"query-input":{"@type":"PropertyValueSpecification","valueRequired":true,"valueName":"search_term_string"}}],"inLanguage":"ro-RO"},{"@type":"Organization","@id":"https:\/\/shopatoa.com\/ro\/#organization","name":"SHOPATOA","url":"https:\/\/shopatoa.com\/ro\/","logo":{"@type":"ImageObject","inLanguage":"ro-RO","@id":"https:\/\/shopatoa.com\/ro\/#\/schema\/logo\/image\/","url":"https:\/\/storage.googleapis.com\/cz-shopatoa-img\/ro\/b4dac915-shopatoa_logo.png","contentUrl":"https:\/\/storage.googleapis.com\/cz-shopatoa-img\/ro\/b4dac915-shopatoa_logo.png","width":416,"height":63,"caption":"SHOPATOA"},"image":{"@id":"https:\/\/shopatoa.com\/ro\/#\/schema\/logo\/image\/"}}]}},"_links":{"self":[{"href":"https:\/\/shopatoa.com\/ro\/wp-json\/wp\/v2\/product\/291722","targetHints":{"allow":["GET"]}}],"collection":[{"href":"https:\/\/shopatoa.com\/ro\/wp-json\/wp\/v2\/product"}],"about":[{"href":"https:\/\/shopatoa.com\/ro\/wp-json\/wp\/v2\/types\/product"}],"replies":[{"embeddable":true,"href":"https:\/\/shopatoa.com\/ro\/wp-json\/wp\/v2\/comments?post=291722"}],"wp:featuredmedia":[{"embeddable":true,"href":"https:\/\/shopatoa.com\/ro\/wp-json\/wp\/v2\/media\/291723"}],"wp:attachment":[{"href":"https:\/\/shopatoa.com\/ro\/wp-json\/wp\/v2\/media?parent=291722"}],"wp:term":[{"taxonomy":"product_brand","embeddable":true,"href":"https:\/\/shopatoa.com\/ro\/wp-json\/wp\/v2\/product_brand?post=291722"},{"taxonomy":"product_cat","embeddable":true,"href":"https:\/\/shopatoa.com\/ro\/wp-json\/wp\/v2\/product_cat?post=291722"},{"taxonomy":"product_tag","embeddable":true,"href":"https:\/\/shopatoa.com\/ro\/wp-json\/wp\/v2\/product_tag?post=291722"}],"curies":[{"name":"wp","href":"https:\/\/api.w.org\/{rel}","templated":true}]}}