{"id":291820,"date":"2025-05-01T16:15:41","date_gmt":"2025-05-01T14:15:41","guid":{"rendered":"https:\/\/shopatoa.com\/ro\/rabanne-invictus-parfum-parfum-100-ml\/"},"modified":"2025-12-11T05:34:01","modified_gmt":"2025-12-11T04:34:01","slug":"rabanne-invictus-parfum-parfum-100-ml","status":"publish","type":"product","link":"https:\/\/shopatoa.com\/ro\/rabanne-invictus-parfum-parfum-100-ml\/","title":{"rendered":"Rabanne Invictus Parfum &#8211; parfum 100 ml"},"content":{"rendered":"<p>Rabanne prezint\u0103 Invictus Parfum \u2013 parfumul popular pentru b\u0103rba\u021bi \u00een forma sa cea mai intens\u0103 \u0219i concentrat\u0103 v\u0103 \u00eenv\u0103luie \u00eentr-o aur\u0103 de mosc intens\u0103. Mirosul epic al victoriei este ascuns \u00een sticla emblematic\u0103 Invictus, care seam\u0103n\u0103 cu un trofeu. V\u0103 place s\u0103 dep\u0103\u0219i\u021bi provoc\u0103rile \u0219i s\u0103 urm\u0103ri\u021bi succesul sub orice form\u0103? Atunci Invictus Parfum este exclusiv pentru dvs! Deveni\u021bi o legend\u0103 \u0219i urca\u021bi spre \u00een\u0103l\u021bimi divine! Lavanda, care este pentru Invictus tipic\u0103 se \u00eembin\u0103 cu note marine dinamice \u0219i piper roz picant \u00een deschidere. Acordul r\u0103coritor de frunze de violet\u0103 se combin\u0103 cu note curate de s\u0103pun \u0219i mirt senzual, \u00een timp ce in baz\u0103 se combin\u0103 un miros extrem de dependent de lemn de santal cu mosc \u0219i ca\u0219mir. Parfumul, care este o s\u0103rb\u0103toare a puterii, a masculinit\u0103\u021bii \u0219i a victoriei \u00een via\u021b\u0103, a fost lansat \u00een anul 2024 \u0219i a fost creat de parfumierii de renume mondial Anne Flipo \u0219i Caroline Dumur.<\/p>\n","protected":false},"excerpt":{"rendered":"<p>Rabanne prezint\u0103 Invictus Parfum \u2013 parfumul popular pentru b\u0103rba\u021bi \u00een forma sa cea mai intens\u0103 \u0219i concentrat\u0103 v\u0103 \u00eenv\u0103luie \u00eentr-o aur\u0103 de mosc intens\u0103. Mirosul epic al victoriei este ascuns \u00een sticla emblematic\u0103 Invictus, care seam\u0103n\u0103 cu un trofeu. V\u0103 place s\u0103 dep\u0103\u0219i\u021bi provoc\u0103rile \u0219i s\u0103 urm\u0103ri\u021bi succesul sub orice form\u0103? Atunci Invictus Parfum este&#8230;<\/p>\n","protected":false},"featured_media":291822,"comment_status":"closed","ping_status":"open","template":"","meta":{"_acf_changed":false,"_kadence_starter_templates_imported_post":false,"_kad_post_transparent":"","_kad_post_title":"","_kad_post_layout":"","_kad_post_sidebar_id":"","_kad_post_content_style":"","_kad_post_vertical_padding":"","_kad_post_feature":"","_kad_post_feature_position":"","_kad_post_header":false,"_kad_post_footer":false,"_kad_post_classname":""},"product_brand":[33],"product_cat":[614,652],"product_tag":[],"class_list":{"0":"post-291820","1":"product","2":"type-product","3":"status-publish","4":"has-post-thumbnail","6":"product_brand-rabanne","7":"product_cat-parfumuri","8":"product_cat-parfumuri-p","10":"first","11":"instock","12":"sale","13":"product-type-external","14":"entry","15":"content-bg","16":"loop-entry"},"acf":[],"yoast_head":"<!-- This site is optimized with the Yoast SEO plugin v27.4 - https:\/\/yoast.com\/product\/yoast-seo-wordpress\/ -->\n<title>Rabanne Invictus Parfum - parfum 100 ml - SHOPATOA.COM<\/title>\n<meta name=\"robots\" content=\"index, follow, max-snippet:-1, max-image-preview:large, max-video-preview:-1\" \/>\n<link rel=\"canonical\" href=\"https:\/\/shopatoa.com\/ro\/rabanne-invictus-parfum-parfum-100-ml\/\" \/>\n<meta property=\"og:locale\" content=\"ro_RO\" \/>\n<meta property=\"og:type\" content=\"article\" \/>\n<meta property=\"og:title\" content=\"Rabanne Invictus Parfum - parfum 100 ml - SHOPATOA.COM\" \/>\n<meta property=\"og:description\" content=\"Rabanne prezint\u0103 Invictus Parfum \u2013 parfumul popular pentru b\u0103rba\u021bi \u00een forma sa cea mai intens\u0103 \u0219i concentrat\u0103 v\u0103 \u00eenv\u0103luie \u00eentr-o aur\u0103 de mosc intens\u0103. Mirosul epic al victoriei este ascuns \u00een sticla emblematic\u0103 Invictus, care seam\u0103n\u0103 cu un trofeu. V\u0103 place s\u0103 dep\u0103\u0219i\u021bi provoc\u0103rile \u0219i s\u0103 urm\u0103ri\u021bi succesul sub orice form\u0103? Atunci Invictus Parfum este...\" \/>\n<meta property=\"og:url\" content=\"https:\/\/shopatoa.com\/ro\/rabanne-invictus-parfum-parfum-100-ml\/\" \/>\n<meta property=\"og:site_name\" content=\"SHOPATOA\" \/>\n<meta property=\"article:modified_time\" content=\"2025-12-11T04:34:01+00:00\" \/>\n<meta property=\"og:image\" content=\"https:\/\/storage.googleapis.com\/cz-shopatoa-img\/ro\/ffe11a16-unnamed-file.webp\" \/>\n\t<meta property=\"og:image:width\" content=\"800\" \/>\n\t<meta property=\"og:image:height\" content=\"800\" \/>\n\t<meta property=\"og:image:type\" content=\"image\/webp\" \/>\n<meta name=\"twitter:card\" content=\"summary_large_image\" \/>\n<meta name=\"twitter:label1\" content=\"Timp estimat pentru citire\" \/>\n\t<meta name=\"twitter:data1\" content=\"1 minut\" \/>\n<script type=\"application\/ld+json\" class=\"yoast-schema-graph\">{\"@context\":\"https:\\\/\\\/schema.org\",\"@graph\":[{\"@type\":\"WebPage\",\"@id\":\"https:\\\/\\\/shopatoa.com\\\/ro\\\/rabanne-invictus-parfum-parfum-100-ml\\\/\",\"url\":\"https:\\\/\\\/shopatoa.com\\\/ro\\\/rabanne-invictus-parfum-parfum-100-ml\\\/\",\"name\":\"Rabanne Invictus Parfum - parfum 100 ml - SHOPATOA.COM\",\"isPartOf\":{\"@id\":\"https:\\\/\\\/shopatoa.com\\\/ro\\\/#website\"},\"primaryImageOfPage\":{\"@id\":\"https:\\\/\\\/shopatoa.com\\\/ro\\\/rabanne-invictus-parfum-parfum-100-ml\\\/#primaryimage\"},\"image\":{\"@id\":\"https:\\\/\\\/shopatoa.com\\\/ro\\\/rabanne-invictus-parfum-parfum-100-ml\\\/#primaryimage\"},\"thumbnailUrl\":\"https:\\\/\\\/storage.googleapis.com\\\/cz-shopatoa-img\\\/ro\\\/ffe11a16-unnamed-file.webp\",\"datePublished\":\"2025-05-01T14:15:41+00:00\",\"dateModified\":\"2025-12-11T04:34:01+00:00\",\"breadcrumb\":{\"@id\":\"https:\\\/\\\/shopatoa.com\\\/ro\\\/rabanne-invictus-parfum-parfum-100-ml\\\/#breadcrumb\"},\"inLanguage\":\"ro-RO\",\"potentialAction\":[{\"@type\":\"ReadAction\",\"target\":[\"https:\\\/\\\/shopatoa.com\\\/ro\\\/rabanne-invictus-parfum-parfum-100-ml\\\/\"]}]},{\"@type\":\"ImageObject\",\"inLanguage\":\"ro-RO\",\"@id\":\"https:\\\/\\\/shopatoa.com\\\/ro\\\/rabanne-invictus-parfum-parfum-100-ml\\\/#primaryimage\",\"url\":\"https:\\\/\\\/storage.googleapis.com\\\/cz-shopatoa-img\\\/ro\\\/ffe11a16-unnamed-file.webp\",\"contentUrl\":\"https:\\\/\\\/storage.googleapis.com\\\/cz-shopatoa-img\\\/ro\\\/ffe11a16-unnamed-file.webp\",\"width\":800,\"height\":800},{\"@type\":\"BreadcrumbList\",\"@id\":\"https:\\\/\\\/shopatoa.com\\\/ro\\\/rabanne-invictus-parfum-parfum-100-ml\\\/#breadcrumb\",\"itemListElement\":[{\"@type\":\"ListItem\",\"position\":1,\"name\":\"Dom\u016f\",\"item\":\"https:\\\/\\\/shopatoa.com\\\/ro\\\/\"},{\"@type\":\"ListItem\",\"position\":2,\"name\":\"Shop\",\"item\":\"https:\\\/\\\/shopatoa.com\\\/ro\\\/shop\\\/\"},{\"@type\":\"ListItem\",\"position\":3,\"name\":\"Parfumuri\",\"item\":\"https:\\\/\\\/shopatoa.com\\\/ro\\\/parfumuri\\\/\"},{\"@type\":\"ListItem\",\"position\":4,\"name\":\"Parfumuri (P)\",\"item\":\"https:\\\/\\\/shopatoa.com\\\/ro\\\/parfumuri-p\\\/\"},{\"@type\":\"ListItem\",\"position\":5,\"name\":\"Rabanne Invictus Parfum &#8211; parfum 100 ml\"}]},{\"@type\":\"WebSite\",\"@id\":\"https:\\\/\\\/shopatoa.com\\\/ro\\\/#website\",\"url\":\"https:\\\/\\\/shopatoa.com\\\/ro\\\/\",\"name\":\"SHOPATOA\",\"description\":\"\",\"publisher\":{\"@id\":\"https:\\\/\\\/shopatoa.com\\\/ro\\\/#organization\"},\"potentialAction\":[{\"@type\":\"SearchAction\",\"target\":{\"@type\":\"EntryPoint\",\"urlTemplate\":\"https:\\\/\\\/shopatoa.com\\\/ro\\\/?s={search_term_string}\"},\"query-input\":{\"@type\":\"PropertyValueSpecification\",\"valueRequired\":true,\"valueName\":\"search_term_string\"}}],\"inLanguage\":\"ro-RO\"},{\"@type\":\"Organization\",\"@id\":\"https:\\\/\\\/shopatoa.com\\\/ro\\\/#organization\",\"name\":\"SHOPATOA\",\"url\":\"https:\\\/\\\/shopatoa.com\\\/ro\\\/\",\"logo\":{\"@type\":\"ImageObject\",\"inLanguage\":\"ro-RO\",\"@id\":\"https:\\\/\\\/shopatoa.com\\\/ro\\\/#\\\/schema\\\/logo\\\/image\\\/\",\"url\":\"https:\\\/\\\/storage.googleapis.com\\\/cz-shopatoa-img\\\/ro\\\/b4dac915-shopatoa_logo.png\",\"contentUrl\":\"https:\\\/\\\/storage.googleapis.com\\\/cz-shopatoa-img\\\/ro\\\/b4dac915-shopatoa_logo.png\",\"width\":416,\"height\":63,\"caption\":\"SHOPATOA\"},\"image\":{\"@id\":\"https:\\\/\\\/shopatoa.com\\\/ro\\\/#\\\/schema\\\/logo\\\/image\\\/\"}}]}<\/script>\n<!-- \/ Yoast SEO plugin. -->","yoast_head_json":{"title":"Rabanne Invictus Parfum - parfum 100 ml - SHOPATOA.COM","robots":{"index":"index","follow":"follow","max-snippet":"max-snippet:-1","max-image-preview":"max-image-preview:large","max-video-preview":"max-video-preview:-1"},"canonical":"https:\/\/shopatoa.com\/ro\/rabanne-invictus-parfum-parfum-100-ml\/","og_locale":"ro_RO","og_type":"article","og_title":"Rabanne Invictus Parfum - parfum 100 ml - SHOPATOA.COM","og_description":"Rabanne prezint\u0103 Invictus Parfum \u2013 parfumul popular pentru b\u0103rba\u021bi \u00een forma sa cea mai intens\u0103 \u0219i concentrat\u0103 v\u0103 \u00eenv\u0103luie \u00eentr-o aur\u0103 de mosc intens\u0103. Mirosul epic al victoriei este ascuns \u00een sticla emblematic\u0103 Invictus, care seam\u0103n\u0103 cu un trofeu. V\u0103 place s\u0103 dep\u0103\u0219i\u021bi provoc\u0103rile \u0219i s\u0103 urm\u0103ri\u021bi succesul sub orice form\u0103? Atunci Invictus Parfum este...","og_url":"https:\/\/shopatoa.com\/ro\/rabanne-invictus-parfum-parfum-100-ml\/","og_site_name":"SHOPATOA","article_modified_time":"2025-12-11T04:34:01+00:00","og_image":[{"width":800,"height":800,"url":"https:\/\/storage.googleapis.com\/cz-shopatoa-img\/ro\/ffe11a16-unnamed-file.webp","type":"image\/webp"}],"twitter_card":"summary_large_image","twitter_misc":{"Timp estimat pentru citire":"1 minut"},"schema":{"@context":"https:\/\/schema.org","@graph":[{"@type":"WebPage","@id":"https:\/\/shopatoa.com\/ro\/rabanne-invictus-parfum-parfum-100-ml\/","url":"https:\/\/shopatoa.com\/ro\/rabanne-invictus-parfum-parfum-100-ml\/","name":"Rabanne Invictus Parfum - parfum 100 ml - SHOPATOA.COM","isPartOf":{"@id":"https:\/\/shopatoa.com\/ro\/#website"},"primaryImageOfPage":{"@id":"https:\/\/shopatoa.com\/ro\/rabanne-invictus-parfum-parfum-100-ml\/#primaryimage"},"image":{"@id":"https:\/\/shopatoa.com\/ro\/rabanne-invictus-parfum-parfum-100-ml\/#primaryimage"},"thumbnailUrl":"https:\/\/storage.googleapis.com\/cz-shopatoa-img\/ro\/ffe11a16-unnamed-file.webp","datePublished":"2025-05-01T14:15:41+00:00","dateModified":"2025-12-11T04:34:01+00:00","breadcrumb":{"@id":"https:\/\/shopatoa.com\/ro\/rabanne-invictus-parfum-parfum-100-ml\/#breadcrumb"},"inLanguage":"ro-RO","potentialAction":[{"@type":"ReadAction","target":["https:\/\/shopatoa.com\/ro\/rabanne-invictus-parfum-parfum-100-ml\/"]}]},{"@type":"ImageObject","inLanguage":"ro-RO","@id":"https:\/\/shopatoa.com\/ro\/rabanne-invictus-parfum-parfum-100-ml\/#primaryimage","url":"https:\/\/storage.googleapis.com\/cz-shopatoa-img\/ro\/ffe11a16-unnamed-file.webp","contentUrl":"https:\/\/storage.googleapis.com\/cz-shopatoa-img\/ro\/ffe11a16-unnamed-file.webp","width":800,"height":800},{"@type":"BreadcrumbList","@id":"https:\/\/shopatoa.com\/ro\/rabanne-invictus-parfum-parfum-100-ml\/#breadcrumb","itemListElement":[{"@type":"ListItem","position":1,"name":"Dom\u016f","item":"https:\/\/shopatoa.com\/ro\/"},{"@type":"ListItem","position":2,"name":"Shop","item":"https:\/\/shopatoa.com\/ro\/shop\/"},{"@type":"ListItem","position":3,"name":"Parfumuri","item":"https:\/\/shopatoa.com\/ro\/parfumuri\/"},{"@type":"ListItem","position":4,"name":"Parfumuri (P)","item":"https:\/\/shopatoa.com\/ro\/parfumuri-p\/"},{"@type":"ListItem","position":5,"name":"Rabanne Invictus Parfum &#8211; parfum 100 ml"}]},{"@type":"WebSite","@id":"https:\/\/shopatoa.com\/ro\/#website","url":"https:\/\/shopatoa.com\/ro\/","name":"SHOPATOA","description":"","publisher":{"@id":"https:\/\/shopatoa.com\/ro\/#organization"},"potentialAction":[{"@type":"SearchAction","target":{"@type":"EntryPoint","urlTemplate":"https:\/\/shopatoa.com\/ro\/?s={search_term_string}"},"query-input":{"@type":"PropertyValueSpecification","valueRequired":true,"valueName":"search_term_string"}}],"inLanguage":"ro-RO"},{"@type":"Organization","@id":"https:\/\/shopatoa.com\/ro\/#organization","name":"SHOPATOA","url":"https:\/\/shopatoa.com\/ro\/","logo":{"@type":"ImageObject","inLanguage":"ro-RO","@id":"https:\/\/shopatoa.com\/ro\/#\/schema\/logo\/image\/","url":"https:\/\/storage.googleapis.com\/cz-shopatoa-img\/ro\/b4dac915-shopatoa_logo.png","contentUrl":"https:\/\/storage.googleapis.com\/cz-shopatoa-img\/ro\/b4dac915-shopatoa_logo.png","width":416,"height":63,"caption":"SHOPATOA"},"image":{"@id":"https:\/\/shopatoa.com\/ro\/#\/schema\/logo\/image\/"}}]}},"_links":{"self":[{"href":"https:\/\/shopatoa.com\/ro\/wp-json\/wp\/v2\/product\/291820","targetHints":{"allow":["GET"]}}],"collection":[{"href":"https:\/\/shopatoa.com\/ro\/wp-json\/wp\/v2\/product"}],"about":[{"href":"https:\/\/shopatoa.com\/ro\/wp-json\/wp\/v2\/types\/product"}],"replies":[{"embeddable":true,"href":"https:\/\/shopatoa.com\/ro\/wp-json\/wp\/v2\/comments?post=291820"}],"wp:featuredmedia":[{"embeddable":true,"href":"https:\/\/shopatoa.com\/ro\/wp-json\/wp\/v2\/media\/291822"}],"wp:attachment":[{"href":"https:\/\/shopatoa.com\/ro\/wp-json\/wp\/v2\/media?parent=291820"}],"wp:term":[{"taxonomy":"product_brand","embeddable":true,"href":"https:\/\/shopatoa.com\/ro\/wp-json\/wp\/v2\/product_brand?post=291820"},{"taxonomy":"product_cat","embeddable":true,"href":"https:\/\/shopatoa.com\/ro\/wp-json\/wp\/v2\/product_cat?post=291820"},{"taxonomy":"product_tag","embeddable":true,"href":"https:\/\/shopatoa.com\/ro\/wp-json\/wp\/v2\/product_tag?post=291820"}],"curies":[{"name":"wp","href":"https:\/\/api.w.org\/{rel}","templated":true}]}}