{"id":292016,"date":"2025-05-01T16:35:51","date_gmt":"2025-05-01T14:35:51","guid":{"rendered":"https:\/\/shopatoa.com\/ro\/macadamia-masca-de-par-hranitoare-cu-efect-hidratant-nourishing-repair-masque-500-ml\/"},"modified":"2025-09-26T02:21:22","modified_gmt":"2025-09-26T00:21:22","slug":"macadamia-masca-de-par-hranitoare-cu-efect-hidratant-nourishing-repair-masque-500-ml","status":"publish","type":"product","link":"https:\/\/shopatoa.com\/ro\/macadamia-masca-de-par-hranitoare-cu-efect-hidratant-nourishing-repair-masque-500-ml\/","title":{"rendered":"Macadamia Masc\u0103 de p\u0103r hr\u0103nitoare cu efect hidratant Nourishing Repair (Masque) 500 ml"},"content":{"rendered":"<p>Masca nutritiv\u0103 pentru p\u0103rul uscat, deteriorat \u0219i vopsit regenereaz\u0103 temeinic structura p\u0103rului. P\u0103trunde p\u00e2n\u0103 la cap\u0103t \u00een interiorul p\u0103rului, unde se vindec\u0103 datorit\u0103 compozi\u021biei sale \u00eengrijitoare. Previne \u00eencre\u021birea \u0219i las\u0103 p\u0103rul piept\u0103nat u\u0219or.<\/p>\n","protected":false},"excerpt":{"rendered":"<p>Masca nutritiv\u0103 pentru p\u0103rul uscat, deteriorat \u0219i vopsit regenereaz\u0103 temeinic structura p\u0103rului. P\u0103trunde p\u00e2n\u0103 la cap\u0103t \u00een interiorul p\u0103rului, unde se vindec\u0103 datorit\u0103 compozi\u021biei sale \u00eengrijitoare. Previne \u00eencre\u021birea \u0219i las\u0103 p\u0103rul piept\u0103nat u\u0219or.<\/p>\n","protected":false},"featured_media":292018,"comment_status":"closed","ping_status":"open","template":"","meta":{"_acf_changed":false,"_kadence_starter_templates_imported_post":false,"_kad_post_transparent":"","_kad_post_title":"","_kad_post_layout":"","_kad_post_sidebar_id":"","_kad_post_content_style":"","_kad_post_vertical_padding":"","_kad_post_feature":"","_kad_post_feature_position":"","_kad_post_header":false,"_kad_post_footer":false,"_kad_post_classname":""},"product_brand":[904],"product_cat":[680,246,623],"product_tag":[],"class_list":{"0":"post-292016","1":"product","2":"type-product","3":"status-publish","4":"has-post-thumbnail","6":"product_brand-macadamia","7":"product_cat-cosmetica-pentru-regenerarea-parului","8":"product_cat-cosmetice","9":"product_cat-produse-cosmetice-pentru-par","11":"first","12":"instock","13":"product-type-external","14":"entry","15":"content-bg","16":"loop-entry"},"acf":[],"yoast_head":"<!-- This site is optimized with the Yoast SEO plugin v27.4 - https:\/\/yoast.com\/product\/yoast-seo-wordpress\/ -->\n<title>Macadamia Masc\u0103 de p\u0103r hr\u0103nitoare cu efect hidratant Nourishing Repair (Masque) 500 ml - SHOPATOA.COM<\/title>\n<meta name=\"robots\" content=\"index, follow, max-snippet:-1, max-image-preview:large, max-video-preview:-1\" \/>\n<link rel=\"canonical\" href=\"https:\/\/shopatoa.com\/ro\/macadamia-masca-de-par-hranitoare-cu-efect-hidratant-nourishing-repair-masque-500-ml\/\" \/>\n<meta property=\"og:locale\" content=\"ro_RO\" \/>\n<meta property=\"og:type\" content=\"article\" \/>\n<meta property=\"og:title\" content=\"Macadamia Masc\u0103 de p\u0103r hr\u0103nitoare cu efect hidratant Nourishing Repair (Masque) 500 ml - SHOPATOA.COM\" \/>\n<meta property=\"og:description\" content=\"Masca nutritiv\u0103 pentru p\u0103rul uscat, deteriorat \u0219i vopsit regenereaz\u0103 temeinic structura p\u0103rului. P\u0103trunde p\u00e2n\u0103 la cap\u0103t \u00een interiorul p\u0103rului, unde se vindec\u0103 datorit\u0103 compozi\u021biei sale \u00eengrijitoare. Previne \u00eencre\u021birea \u0219i las\u0103 p\u0103rul piept\u0103nat u\u0219or.\" \/>\n<meta property=\"og:url\" content=\"https:\/\/shopatoa.com\/ro\/macadamia-masca-de-par-hranitoare-cu-efect-hidratant-nourishing-repair-masque-500-ml\/\" \/>\n<meta property=\"og:site_name\" content=\"SHOPATOA\" \/>\n<meta property=\"article:modified_time\" content=\"2025-09-26T00:21:22+00:00\" \/>\n<meta property=\"og:image\" content=\"https:\/\/storage.googleapis.com\/cz-shopatoa-img\/ro\/b59d08ba-unnamed-file.webp\" \/>\n\t<meta property=\"og:image:width\" content=\"800\" \/>\n\t<meta property=\"og:image:height\" content=\"800\" \/>\n\t<meta property=\"og:image:type\" content=\"image\/webp\" \/>\n<meta name=\"twitter:card\" content=\"summary_large_image\" \/>\n<script type=\"application\/ld+json\" class=\"yoast-schema-graph\">{\"@context\":\"https:\\\/\\\/schema.org\",\"@graph\":[{\"@type\":\"WebPage\",\"@id\":\"https:\\\/\\\/shopatoa.com\\\/ro\\\/macadamia-masca-de-par-hranitoare-cu-efect-hidratant-nourishing-repair-masque-500-ml\\\/\",\"url\":\"https:\\\/\\\/shopatoa.com\\\/ro\\\/macadamia-masca-de-par-hranitoare-cu-efect-hidratant-nourishing-repair-masque-500-ml\\\/\",\"name\":\"Macadamia Masc\u0103 de p\u0103r hr\u0103nitoare cu efect hidratant Nourishing Repair (Masque) 500 ml - SHOPATOA.COM\",\"isPartOf\":{\"@id\":\"https:\\\/\\\/shopatoa.com\\\/ro\\\/#website\"},\"primaryImageOfPage\":{\"@id\":\"https:\\\/\\\/shopatoa.com\\\/ro\\\/macadamia-masca-de-par-hranitoare-cu-efect-hidratant-nourishing-repair-masque-500-ml\\\/#primaryimage\"},\"image\":{\"@id\":\"https:\\\/\\\/shopatoa.com\\\/ro\\\/macadamia-masca-de-par-hranitoare-cu-efect-hidratant-nourishing-repair-masque-500-ml\\\/#primaryimage\"},\"thumbnailUrl\":\"https:\\\/\\\/storage.googleapis.com\\\/cz-shopatoa-img\\\/ro\\\/b59d08ba-unnamed-file.webp\",\"datePublished\":\"2025-05-01T14:35:51+00:00\",\"dateModified\":\"2025-09-26T00:21:22+00:00\",\"breadcrumb\":{\"@id\":\"https:\\\/\\\/shopatoa.com\\\/ro\\\/macadamia-masca-de-par-hranitoare-cu-efect-hidratant-nourishing-repair-masque-500-ml\\\/#breadcrumb\"},\"inLanguage\":\"ro-RO\",\"potentialAction\":[{\"@type\":\"ReadAction\",\"target\":[\"https:\\\/\\\/shopatoa.com\\\/ro\\\/macadamia-masca-de-par-hranitoare-cu-efect-hidratant-nourishing-repair-masque-500-ml\\\/\"]}]},{\"@type\":\"ImageObject\",\"inLanguage\":\"ro-RO\",\"@id\":\"https:\\\/\\\/shopatoa.com\\\/ro\\\/macadamia-masca-de-par-hranitoare-cu-efect-hidratant-nourishing-repair-masque-500-ml\\\/#primaryimage\",\"url\":\"https:\\\/\\\/storage.googleapis.com\\\/cz-shopatoa-img\\\/ro\\\/b59d08ba-unnamed-file.webp\",\"contentUrl\":\"https:\\\/\\\/storage.googleapis.com\\\/cz-shopatoa-img\\\/ro\\\/b59d08ba-unnamed-file.webp\",\"width\":800,\"height\":800},{\"@type\":\"BreadcrumbList\",\"@id\":\"https:\\\/\\\/shopatoa.com\\\/ro\\\/macadamia-masca-de-par-hranitoare-cu-efect-hidratant-nourishing-repair-masque-500-ml\\\/#breadcrumb\",\"itemListElement\":[{\"@type\":\"ListItem\",\"position\":1,\"name\":\"Dom\u016f\",\"item\":\"https:\\\/\\\/shopatoa.com\\\/ro\\\/\"},{\"@type\":\"ListItem\",\"position\":2,\"name\":\"Shop\",\"item\":\"https:\\\/\\\/shopatoa.com\\\/ro\\\/shop\\\/\"},{\"@type\":\"ListItem\",\"position\":3,\"name\":\"Cosmetice\",\"item\":\"https:\\\/\\\/shopatoa.com\\\/ro\\\/cosmetice\\\/\"},{\"@type\":\"ListItem\",\"position\":4,\"name\":\"Produse cosmetice pentru p\u0103r\",\"item\":\"https:\\\/\\\/shopatoa.com\\\/ro\\\/produse-cosmetice-pentru-par\\\/\"},{\"@type\":\"ListItem\",\"position\":5,\"name\":\"Cosmetica pentru regenerarea parului\",\"item\":\"https:\\\/\\\/shopatoa.com\\\/ro\\\/cosmetica-pentru-regenerarea-parului\\\/\"},{\"@type\":\"ListItem\",\"position\":6,\"name\":\"Macadamia Masc\u0103 de p\u0103r hr\u0103nitoare cu efect hidratant Nourishing Repair (Masque) 500 ml\"}]},{\"@type\":\"WebSite\",\"@id\":\"https:\\\/\\\/shopatoa.com\\\/ro\\\/#website\",\"url\":\"https:\\\/\\\/shopatoa.com\\\/ro\\\/\",\"name\":\"SHOPATOA\",\"description\":\"\",\"publisher\":{\"@id\":\"https:\\\/\\\/shopatoa.com\\\/ro\\\/#organization\"},\"potentialAction\":[{\"@type\":\"SearchAction\",\"target\":{\"@type\":\"EntryPoint\",\"urlTemplate\":\"https:\\\/\\\/shopatoa.com\\\/ro\\\/?s={search_term_string}\"},\"query-input\":{\"@type\":\"PropertyValueSpecification\",\"valueRequired\":true,\"valueName\":\"search_term_string\"}}],\"inLanguage\":\"ro-RO\"},{\"@type\":\"Organization\",\"@id\":\"https:\\\/\\\/shopatoa.com\\\/ro\\\/#organization\",\"name\":\"SHOPATOA\",\"url\":\"https:\\\/\\\/shopatoa.com\\\/ro\\\/\",\"logo\":{\"@type\":\"ImageObject\",\"inLanguage\":\"ro-RO\",\"@id\":\"https:\\\/\\\/shopatoa.com\\\/ro\\\/#\\\/schema\\\/logo\\\/image\\\/\",\"url\":\"https:\\\/\\\/storage.googleapis.com\\\/cz-shopatoa-img\\\/ro\\\/b4dac915-shopatoa_logo.png\",\"contentUrl\":\"https:\\\/\\\/storage.googleapis.com\\\/cz-shopatoa-img\\\/ro\\\/b4dac915-shopatoa_logo.png\",\"width\":416,\"height\":63,\"caption\":\"SHOPATOA\"},\"image\":{\"@id\":\"https:\\\/\\\/shopatoa.com\\\/ro\\\/#\\\/schema\\\/logo\\\/image\\\/\"}}]}<\/script>\n<!-- \/ Yoast SEO plugin. -->","yoast_head_json":{"title":"Macadamia Masc\u0103 de p\u0103r hr\u0103nitoare cu efect hidratant Nourishing Repair (Masque) 500 ml - SHOPATOA.COM","robots":{"index":"index","follow":"follow","max-snippet":"max-snippet:-1","max-image-preview":"max-image-preview:large","max-video-preview":"max-video-preview:-1"},"canonical":"https:\/\/shopatoa.com\/ro\/macadamia-masca-de-par-hranitoare-cu-efect-hidratant-nourishing-repair-masque-500-ml\/","og_locale":"ro_RO","og_type":"article","og_title":"Macadamia Masc\u0103 de p\u0103r hr\u0103nitoare cu efect hidratant Nourishing Repair (Masque) 500 ml - SHOPATOA.COM","og_description":"Masca nutritiv\u0103 pentru p\u0103rul uscat, deteriorat \u0219i vopsit regenereaz\u0103 temeinic structura p\u0103rului. P\u0103trunde p\u00e2n\u0103 la cap\u0103t \u00een interiorul p\u0103rului, unde se vindec\u0103 datorit\u0103 compozi\u021biei sale \u00eengrijitoare. Previne \u00eencre\u021birea \u0219i las\u0103 p\u0103rul piept\u0103nat u\u0219or.","og_url":"https:\/\/shopatoa.com\/ro\/macadamia-masca-de-par-hranitoare-cu-efect-hidratant-nourishing-repair-masque-500-ml\/","og_site_name":"SHOPATOA","article_modified_time":"2025-09-26T00:21:22+00:00","og_image":[{"width":800,"height":800,"url":"https:\/\/storage.googleapis.com\/cz-shopatoa-img\/ro\/b59d08ba-unnamed-file.webp","type":"image\/webp"}],"twitter_card":"summary_large_image","schema":{"@context":"https:\/\/schema.org","@graph":[{"@type":"WebPage","@id":"https:\/\/shopatoa.com\/ro\/macadamia-masca-de-par-hranitoare-cu-efect-hidratant-nourishing-repair-masque-500-ml\/","url":"https:\/\/shopatoa.com\/ro\/macadamia-masca-de-par-hranitoare-cu-efect-hidratant-nourishing-repair-masque-500-ml\/","name":"Macadamia Masc\u0103 de p\u0103r hr\u0103nitoare cu efect hidratant Nourishing Repair (Masque) 500 ml - SHOPATOA.COM","isPartOf":{"@id":"https:\/\/shopatoa.com\/ro\/#website"},"primaryImageOfPage":{"@id":"https:\/\/shopatoa.com\/ro\/macadamia-masca-de-par-hranitoare-cu-efect-hidratant-nourishing-repair-masque-500-ml\/#primaryimage"},"image":{"@id":"https:\/\/shopatoa.com\/ro\/macadamia-masca-de-par-hranitoare-cu-efect-hidratant-nourishing-repair-masque-500-ml\/#primaryimage"},"thumbnailUrl":"https:\/\/storage.googleapis.com\/cz-shopatoa-img\/ro\/b59d08ba-unnamed-file.webp","datePublished":"2025-05-01T14:35:51+00:00","dateModified":"2025-09-26T00:21:22+00:00","breadcrumb":{"@id":"https:\/\/shopatoa.com\/ro\/macadamia-masca-de-par-hranitoare-cu-efect-hidratant-nourishing-repair-masque-500-ml\/#breadcrumb"},"inLanguage":"ro-RO","potentialAction":[{"@type":"ReadAction","target":["https:\/\/shopatoa.com\/ro\/macadamia-masca-de-par-hranitoare-cu-efect-hidratant-nourishing-repair-masque-500-ml\/"]}]},{"@type":"ImageObject","inLanguage":"ro-RO","@id":"https:\/\/shopatoa.com\/ro\/macadamia-masca-de-par-hranitoare-cu-efect-hidratant-nourishing-repair-masque-500-ml\/#primaryimage","url":"https:\/\/storage.googleapis.com\/cz-shopatoa-img\/ro\/b59d08ba-unnamed-file.webp","contentUrl":"https:\/\/storage.googleapis.com\/cz-shopatoa-img\/ro\/b59d08ba-unnamed-file.webp","width":800,"height":800},{"@type":"BreadcrumbList","@id":"https:\/\/shopatoa.com\/ro\/macadamia-masca-de-par-hranitoare-cu-efect-hidratant-nourishing-repair-masque-500-ml\/#breadcrumb","itemListElement":[{"@type":"ListItem","position":1,"name":"Dom\u016f","item":"https:\/\/shopatoa.com\/ro\/"},{"@type":"ListItem","position":2,"name":"Shop","item":"https:\/\/shopatoa.com\/ro\/shop\/"},{"@type":"ListItem","position":3,"name":"Cosmetice","item":"https:\/\/shopatoa.com\/ro\/cosmetice\/"},{"@type":"ListItem","position":4,"name":"Produse cosmetice pentru p\u0103r","item":"https:\/\/shopatoa.com\/ro\/produse-cosmetice-pentru-par\/"},{"@type":"ListItem","position":5,"name":"Cosmetica pentru regenerarea parului","item":"https:\/\/shopatoa.com\/ro\/cosmetica-pentru-regenerarea-parului\/"},{"@type":"ListItem","position":6,"name":"Macadamia Masc\u0103 de p\u0103r hr\u0103nitoare cu efect hidratant Nourishing Repair (Masque) 500 ml"}]},{"@type":"WebSite","@id":"https:\/\/shopatoa.com\/ro\/#website","url":"https:\/\/shopatoa.com\/ro\/","name":"SHOPATOA","description":"","publisher":{"@id":"https:\/\/shopatoa.com\/ro\/#organization"},"potentialAction":[{"@type":"SearchAction","target":{"@type":"EntryPoint","urlTemplate":"https:\/\/shopatoa.com\/ro\/?s={search_term_string}"},"query-input":{"@type":"PropertyValueSpecification","valueRequired":true,"valueName":"search_term_string"}}],"inLanguage":"ro-RO"},{"@type":"Organization","@id":"https:\/\/shopatoa.com\/ro\/#organization","name":"SHOPATOA","url":"https:\/\/shopatoa.com\/ro\/","logo":{"@type":"ImageObject","inLanguage":"ro-RO","@id":"https:\/\/shopatoa.com\/ro\/#\/schema\/logo\/image\/","url":"https:\/\/storage.googleapis.com\/cz-shopatoa-img\/ro\/b4dac915-shopatoa_logo.png","contentUrl":"https:\/\/storage.googleapis.com\/cz-shopatoa-img\/ro\/b4dac915-shopatoa_logo.png","width":416,"height":63,"caption":"SHOPATOA"},"image":{"@id":"https:\/\/shopatoa.com\/ro\/#\/schema\/logo\/image\/"}}]}},"_links":{"self":[{"href":"https:\/\/shopatoa.com\/ro\/wp-json\/wp\/v2\/product\/292016","targetHints":{"allow":["GET"]}}],"collection":[{"href":"https:\/\/shopatoa.com\/ro\/wp-json\/wp\/v2\/product"}],"about":[{"href":"https:\/\/shopatoa.com\/ro\/wp-json\/wp\/v2\/types\/product"}],"replies":[{"embeddable":true,"href":"https:\/\/shopatoa.com\/ro\/wp-json\/wp\/v2\/comments?post=292016"}],"wp:featuredmedia":[{"embeddable":true,"href":"https:\/\/shopatoa.com\/ro\/wp-json\/wp\/v2\/media\/292018"}],"wp:attachment":[{"href":"https:\/\/shopatoa.com\/ro\/wp-json\/wp\/v2\/media?parent=292016"}],"wp:term":[{"taxonomy":"product_brand","embeddable":true,"href":"https:\/\/shopatoa.com\/ro\/wp-json\/wp\/v2\/product_brand?post=292016"},{"taxonomy":"product_cat","embeddable":true,"href":"https:\/\/shopatoa.com\/ro\/wp-json\/wp\/v2\/product_cat?post=292016"},{"taxonomy":"product_tag","embeddable":true,"href":"https:\/\/shopatoa.com\/ro\/wp-json\/wp\/v2\/product_tag?post=292016"}],"curies":[{"name":"wp","href":"https:\/\/api.w.org\/{rel}","templated":true}]}}