{"id":293429,"date":"2025-05-01T19:10:51","date_gmt":"2025-05-01T17:10:51","guid":{"rendered":"https:\/\/shopatoa.com\/ro\/bobbi-brown-balsam-tonifiant-de-buze-extra-lip-tint-23-g-bare-punch\/"},"modified":"2025-12-11T10:55:04","modified_gmt":"2025-12-11T09:55:04","slug":"bobbi-brown-balsam-tonifiant-de-buze-extra-lip-tint-23-g-bare-punch","status":"publish","type":"product","link":"https:\/\/shopatoa.com\/ro\/bobbi-brown-balsam-tonifiant-de-buze-extra-lip-tint-23-g-bare-punch\/","title":{"rendered":"Bobbi Brown Balsam tonifiant de buze (Extra Lip Tint) 2,3 g Bare Punch"},"content":{"rendered":"<p>Balsamul de buze colorat con\u021bine \u0219ase uleiuri vegetale, inclusiv uleiuri de m\u0103sline, jojoba \u0219i avocado. Adaug\u0103 culoare buzelor \u00een timp ce le \u00eengrije\u0219te. Dup\u0103 utilizare, buzele dvs. vor fi hidratate \u0219i suple.<\/p>\n","protected":false},"excerpt":{"rendered":"<p>Balsamul de buze colorat con\u021bine \u0219ase uleiuri vegetale, inclusiv uleiuri de m\u0103sline, jojoba \u0219i avocado. Adaug\u0103 culoare buzelor \u00een timp ce le \u00eengrije\u0219te. Dup\u0103 utilizare, buzele dvs. vor fi hidratate \u0219i suple.<\/p>\n","protected":false},"featured_media":293431,"comment_status":"closed","ping_status":"open","template":"","meta":{"_acf_changed":false,"_kadence_starter_templates_imported_post":false,"_kad_post_transparent":"","_kad_post_title":"","_kad_post_layout":"","_kad_post_sidebar_id":"","_kad_post_content_style":"","_kad_post_vertical_padding":"","_kad_post_feature":"","_kad_post_feature_position":"","_kad_post_header":false,"_kad_post_footer":false,"_kad_post_classname":""},"product_brand":[947],"product_cat":[639,246,609,638],"product_tag":[],"class_list":{"0":"post-293429","1":"product","2":"type-product","3":"status-publish","4":"has-post-thumbnail","6":"product_brand-bobbi-brown","7":"product_cat-balsamuri-de-buze","8":"product_cat-cosmetice","9":"product_cat-cosmetice-decorative","10":"product_cat-machiaj-pentru-buze","12":"first","13":"instock","14":"product-type-external","15":"entry","16":"content-bg","17":"loop-entry"},"acf":[],"yoast_head":"<!-- This site is optimized with the Yoast SEO plugin v27.3 - https:\/\/yoast.com\/product\/yoast-seo-wordpress\/ -->\n<title>Bobbi Brown Balsam tonifiant de buze (Extra Lip Tint) 2,3 g Bare Punch - SHOPATOA.COM<\/title>\n<meta name=\"robots\" content=\"index, follow, max-snippet:-1, max-image-preview:large, max-video-preview:-1\" \/>\n<link rel=\"canonical\" href=\"https:\/\/shopatoa.com\/ro\/bobbi-brown-balsam-tonifiant-de-buze-extra-lip-tint-23-g-bare-punch\/\" \/>\n<meta property=\"og:locale\" content=\"ro_RO\" \/>\n<meta property=\"og:type\" content=\"article\" \/>\n<meta property=\"og:title\" content=\"Bobbi Brown Balsam tonifiant de buze (Extra Lip Tint) 2,3 g Bare Punch - SHOPATOA.COM\" \/>\n<meta property=\"og:description\" content=\"Balsamul de buze colorat con\u021bine \u0219ase uleiuri vegetale, inclusiv uleiuri de m\u0103sline, jojoba \u0219i avocado. Adaug\u0103 culoare buzelor \u00een timp ce le \u00eengrije\u0219te. Dup\u0103 utilizare, buzele dvs. vor fi hidratate \u0219i suple.\" \/>\n<meta property=\"og:url\" content=\"https:\/\/shopatoa.com\/ro\/bobbi-brown-balsam-tonifiant-de-buze-extra-lip-tint-23-g-bare-punch\/\" \/>\n<meta property=\"og:site_name\" content=\"SHOPATOA\" \/>\n<meta property=\"article:modified_time\" content=\"2025-12-11T09:55:04+00:00\" \/>\n<meta property=\"og:image\" content=\"https:\/\/storage.googleapis.com\/cz-shopatoa-img\/ro\/c7dfbc4a-unnamed-file.webp\" \/>\n\t<meta property=\"og:image:width\" content=\"800\" \/>\n\t<meta property=\"og:image:height\" content=\"800\" \/>\n\t<meta property=\"og:image:type\" content=\"image\/webp\" \/>\n<meta name=\"twitter:card\" content=\"summary_large_image\" \/>\n<script type=\"application\/ld+json\" class=\"yoast-schema-graph\">{\"@context\":\"https:\\\/\\\/schema.org\",\"@graph\":[{\"@type\":\"WebPage\",\"@id\":\"https:\\\/\\\/shopatoa.com\\\/ro\\\/bobbi-brown-balsam-tonifiant-de-buze-extra-lip-tint-23-g-bare-punch\\\/\",\"url\":\"https:\\\/\\\/shopatoa.com\\\/ro\\\/bobbi-brown-balsam-tonifiant-de-buze-extra-lip-tint-23-g-bare-punch\\\/\",\"name\":\"Bobbi Brown Balsam tonifiant de buze (Extra Lip Tint) 2,3 g Bare Punch - SHOPATOA.COM\",\"isPartOf\":{\"@id\":\"https:\\\/\\\/shopatoa.com\\\/ro\\\/#website\"},\"primaryImageOfPage\":{\"@id\":\"https:\\\/\\\/shopatoa.com\\\/ro\\\/bobbi-brown-balsam-tonifiant-de-buze-extra-lip-tint-23-g-bare-punch\\\/#primaryimage\"},\"image\":{\"@id\":\"https:\\\/\\\/shopatoa.com\\\/ro\\\/bobbi-brown-balsam-tonifiant-de-buze-extra-lip-tint-23-g-bare-punch\\\/#primaryimage\"},\"thumbnailUrl\":\"https:\\\/\\\/storage.googleapis.com\\\/cz-shopatoa-img\\\/ro\\\/c7dfbc4a-unnamed-file.webp\",\"datePublished\":\"2025-05-01T17:10:51+00:00\",\"dateModified\":\"2025-12-11T09:55:04+00:00\",\"breadcrumb\":{\"@id\":\"https:\\\/\\\/shopatoa.com\\\/ro\\\/bobbi-brown-balsam-tonifiant-de-buze-extra-lip-tint-23-g-bare-punch\\\/#breadcrumb\"},\"inLanguage\":\"ro-RO\",\"potentialAction\":[{\"@type\":\"ReadAction\",\"target\":[\"https:\\\/\\\/shopatoa.com\\\/ro\\\/bobbi-brown-balsam-tonifiant-de-buze-extra-lip-tint-23-g-bare-punch\\\/\"]}]},{\"@type\":\"ImageObject\",\"inLanguage\":\"ro-RO\",\"@id\":\"https:\\\/\\\/shopatoa.com\\\/ro\\\/bobbi-brown-balsam-tonifiant-de-buze-extra-lip-tint-23-g-bare-punch\\\/#primaryimage\",\"url\":\"https:\\\/\\\/storage.googleapis.com\\\/cz-shopatoa-img\\\/ro\\\/c7dfbc4a-unnamed-file.webp\",\"contentUrl\":\"https:\\\/\\\/storage.googleapis.com\\\/cz-shopatoa-img\\\/ro\\\/c7dfbc4a-unnamed-file.webp\",\"width\":800,\"height\":800},{\"@type\":\"BreadcrumbList\",\"@id\":\"https:\\\/\\\/shopatoa.com\\\/ro\\\/bobbi-brown-balsam-tonifiant-de-buze-extra-lip-tint-23-g-bare-punch\\\/#breadcrumb\",\"itemListElement\":[{\"@type\":\"ListItem\",\"position\":1,\"name\":\"Dom\u016f\",\"item\":\"https:\\\/\\\/shopatoa.com\\\/ro\\\/\"},{\"@type\":\"ListItem\",\"position\":2,\"name\":\"Shop\",\"item\":\"https:\\\/\\\/shopatoa.com\\\/ro\\\/shop\\\/\"},{\"@type\":\"ListItem\",\"position\":3,\"name\":\"Cosmetice\",\"item\":\"https:\\\/\\\/shopatoa.com\\\/ro\\\/cosmetice\\\/\"},{\"@type\":\"ListItem\",\"position\":4,\"name\":\"Cosmetice decorative\",\"item\":\"https:\\\/\\\/shopatoa.com\\\/ro\\\/cosmetice-decorative\\\/\"},{\"@type\":\"ListItem\",\"position\":5,\"name\":\"Machiaj pentru buze\",\"item\":\"https:\\\/\\\/shopatoa.com\\\/ro\\\/machiaj-pentru-buze\\\/\"},{\"@type\":\"ListItem\",\"position\":6,\"name\":\"Balsamuri de buze\",\"item\":\"https:\\\/\\\/shopatoa.com\\\/ro\\\/balsamuri-de-buze\\\/\"},{\"@type\":\"ListItem\",\"position\":7,\"name\":\"Bobbi Brown Balsam tonifiant de buze (Extra Lip Tint) 2,3 g Bare Punch\"}]},{\"@type\":\"WebSite\",\"@id\":\"https:\\\/\\\/shopatoa.com\\\/ro\\\/#website\",\"url\":\"https:\\\/\\\/shopatoa.com\\\/ro\\\/\",\"name\":\"SHOPATOA\",\"description\":\"\",\"publisher\":{\"@id\":\"https:\\\/\\\/shopatoa.com\\\/ro\\\/#organization\"},\"potentialAction\":[{\"@type\":\"SearchAction\",\"target\":{\"@type\":\"EntryPoint\",\"urlTemplate\":\"https:\\\/\\\/shopatoa.com\\\/ro\\\/?s={search_term_string}\"},\"query-input\":{\"@type\":\"PropertyValueSpecification\",\"valueRequired\":true,\"valueName\":\"search_term_string\"}}],\"inLanguage\":\"ro-RO\"},{\"@type\":\"Organization\",\"@id\":\"https:\\\/\\\/shopatoa.com\\\/ro\\\/#organization\",\"name\":\"SHOPATOA\",\"url\":\"https:\\\/\\\/shopatoa.com\\\/ro\\\/\",\"logo\":{\"@type\":\"ImageObject\",\"inLanguage\":\"ro-RO\",\"@id\":\"https:\\\/\\\/shopatoa.com\\\/ro\\\/#\\\/schema\\\/logo\\\/image\\\/\",\"url\":\"https:\\\/\\\/storage.googleapis.com\\\/cz-shopatoa-img\\\/ro\\\/b4dac915-shopatoa_logo.png\",\"contentUrl\":\"https:\\\/\\\/storage.googleapis.com\\\/cz-shopatoa-img\\\/ro\\\/b4dac915-shopatoa_logo.png\",\"width\":416,\"height\":63,\"caption\":\"SHOPATOA\"},\"image\":{\"@id\":\"https:\\\/\\\/shopatoa.com\\\/ro\\\/#\\\/schema\\\/logo\\\/image\\\/\"}}]}<\/script>\n<!-- \/ Yoast SEO plugin. -->","yoast_head_json":{"title":"Bobbi Brown Balsam tonifiant de buze (Extra Lip Tint) 2,3 g Bare Punch - SHOPATOA.COM","robots":{"index":"index","follow":"follow","max-snippet":"max-snippet:-1","max-image-preview":"max-image-preview:large","max-video-preview":"max-video-preview:-1"},"canonical":"https:\/\/shopatoa.com\/ro\/bobbi-brown-balsam-tonifiant-de-buze-extra-lip-tint-23-g-bare-punch\/","og_locale":"ro_RO","og_type":"article","og_title":"Bobbi Brown Balsam tonifiant de buze (Extra Lip Tint) 2,3 g Bare Punch - SHOPATOA.COM","og_description":"Balsamul de buze colorat con\u021bine \u0219ase uleiuri vegetale, inclusiv uleiuri de m\u0103sline, jojoba \u0219i avocado. Adaug\u0103 culoare buzelor \u00een timp ce le \u00eengrije\u0219te. Dup\u0103 utilizare, buzele dvs. vor fi hidratate \u0219i suple.","og_url":"https:\/\/shopatoa.com\/ro\/bobbi-brown-balsam-tonifiant-de-buze-extra-lip-tint-23-g-bare-punch\/","og_site_name":"SHOPATOA","article_modified_time":"2025-12-11T09:55:04+00:00","og_image":[{"width":800,"height":800,"url":"https:\/\/storage.googleapis.com\/cz-shopatoa-img\/ro\/c7dfbc4a-unnamed-file.webp","type":"image\/webp"}],"twitter_card":"summary_large_image","schema":{"@context":"https:\/\/schema.org","@graph":[{"@type":"WebPage","@id":"https:\/\/shopatoa.com\/ro\/bobbi-brown-balsam-tonifiant-de-buze-extra-lip-tint-23-g-bare-punch\/","url":"https:\/\/shopatoa.com\/ro\/bobbi-brown-balsam-tonifiant-de-buze-extra-lip-tint-23-g-bare-punch\/","name":"Bobbi Brown Balsam tonifiant de buze (Extra Lip Tint) 2,3 g Bare Punch - SHOPATOA.COM","isPartOf":{"@id":"https:\/\/shopatoa.com\/ro\/#website"},"primaryImageOfPage":{"@id":"https:\/\/shopatoa.com\/ro\/bobbi-brown-balsam-tonifiant-de-buze-extra-lip-tint-23-g-bare-punch\/#primaryimage"},"image":{"@id":"https:\/\/shopatoa.com\/ro\/bobbi-brown-balsam-tonifiant-de-buze-extra-lip-tint-23-g-bare-punch\/#primaryimage"},"thumbnailUrl":"https:\/\/storage.googleapis.com\/cz-shopatoa-img\/ro\/c7dfbc4a-unnamed-file.webp","datePublished":"2025-05-01T17:10:51+00:00","dateModified":"2025-12-11T09:55:04+00:00","breadcrumb":{"@id":"https:\/\/shopatoa.com\/ro\/bobbi-brown-balsam-tonifiant-de-buze-extra-lip-tint-23-g-bare-punch\/#breadcrumb"},"inLanguage":"ro-RO","potentialAction":[{"@type":"ReadAction","target":["https:\/\/shopatoa.com\/ro\/bobbi-brown-balsam-tonifiant-de-buze-extra-lip-tint-23-g-bare-punch\/"]}]},{"@type":"ImageObject","inLanguage":"ro-RO","@id":"https:\/\/shopatoa.com\/ro\/bobbi-brown-balsam-tonifiant-de-buze-extra-lip-tint-23-g-bare-punch\/#primaryimage","url":"https:\/\/storage.googleapis.com\/cz-shopatoa-img\/ro\/c7dfbc4a-unnamed-file.webp","contentUrl":"https:\/\/storage.googleapis.com\/cz-shopatoa-img\/ro\/c7dfbc4a-unnamed-file.webp","width":800,"height":800},{"@type":"BreadcrumbList","@id":"https:\/\/shopatoa.com\/ro\/bobbi-brown-balsam-tonifiant-de-buze-extra-lip-tint-23-g-bare-punch\/#breadcrumb","itemListElement":[{"@type":"ListItem","position":1,"name":"Dom\u016f","item":"https:\/\/shopatoa.com\/ro\/"},{"@type":"ListItem","position":2,"name":"Shop","item":"https:\/\/shopatoa.com\/ro\/shop\/"},{"@type":"ListItem","position":3,"name":"Cosmetice","item":"https:\/\/shopatoa.com\/ro\/cosmetice\/"},{"@type":"ListItem","position":4,"name":"Cosmetice decorative","item":"https:\/\/shopatoa.com\/ro\/cosmetice-decorative\/"},{"@type":"ListItem","position":5,"name":"Machiaj pentru buze","item":"https:\/\/shopatoa.com\/ro\/machiaj-pentru-buze\/"},{"@type":"ListItem","position":6,"name":"Balsamuri de buze","item":"https:\/\/shopatoa.com\/ro\/balsamuri-de-buze\/"},{"@type":"ListItem","position":7,"name":"Bobbi Brown Balsam tonifiant de buze (Extra Lip Tint) 2,3 g Bare Punch"}]},{"@type":"WebSite","@id":"https:\/\/shopatoa.com\/ro\/#website","url":"https:\/\/shopatoa.com\/ro\/","name":"SHOPATOA","description":"","publisher":{"@id":"https:\/\/shopatoa.com\/ro\/#organization"},"potentialAction":[{"@type":"SearchAction","target":{"@type":"EntryPoint","urlTemplate":"https:\/\/shopatoa.com\/ro\/?s={search_term_string}"},"query-input":{"@type":"PropertyValueSpecification","valueRequired":true,"valueName":"search_term_string"}}],"inLanguage":"ro-RO"},{"@type":"Organization","@id":"https:\/\/shopatoa.com\/ro\/#organization","name":"SHOPATOA","url":"https:\/\/shopatoa.com\/ro\/","logo":{"@type":"ImageObject","inLanguage":"ro-RO","@id":"https:\/\/shopatoa.com\/ro\/#\/schema\/logo\/image\/","url":"https:\/\/storage.googleapis.com\/cz-shopatoa-img\/ro\/b4dac915-shopatoa_logo.png","contentUrl":"https:\/\/storage.googleapis.com\/cz-shopatoa-img\/ro\/b4dac915-shopatoa_logo.png","width":416,"height":63,"caption":"SHOPATOA"},"image":{"@id":"https:\/\/shopatoa.com\/ro\/#\/schema\/logo\/image\/"}}]}},"_links":{"self":[{"href":"https:\/\/shopatoa.com\/ro\/wp-json\/wp\/v2\/product\/293429","targetHints":{"allow":["GET"]}}],"collection":[{"href":"https:\/\/shopatoa.com\/ro\/wp-json\/wp\/v2\/product"}],"about":[{"href":"https:\/\/shopatoa.com\/ro\/wp-json\/wp\/v2\/types\/product"}],"replies":[{"embeddable":true,"href":"https:\/\/shopatoa.com\/ro\/wp-json\/wp\/v2\/comments?post=293429"}],"wp:featuredmedia":[{"embeddable":true,"href":"https:\/\/shopatoa.com\/ro\/wp-json\/wp\/v2\/media\/293431"}],"wp:attachment":[{"href":"https:\/\/shopatoa.com\/ro\/wp-json\/wp\/v2\/media?parent=293429"}],"wp:term":[{"taxonomy":"product_brand","embeddable":true,"href":"https:\/\/shopatoa.com\/ro\/wp-json\/wp\/v2\/product_brand?post=293429"},{"taxonomy":"product_cat","embeddable":true,"href":"https:\/\/shopatoa.com\/ro\/wp-json\/wp\/v2\/product_cat?post=293429"},{"taxonomy":"product_tag","embeddable":true,"href":"https:\/\/shopatoa.com\/ro\/wp-json\/wp\/v2\/product_tag?post=293429"}],"curies":[{"name":"wp","href":"https:\/\/api.w.org\/{rel}","templated":true}]}}