{"id":295088,"date":"2025-05-01T22:15:32","date_gmt":"2025-05-01T20:15:32","guid":{"rendered":"https:\/\/shopatoa.com\/ro\/bobbi-brown-machiaj-intensiv-si-ser-spf-40-intensive-skin-serum-foundation-spf-40-30-ml-warm-almond\/"},"modified":"2025-12-11T06:24:04","modified_gmt":"2025-12-11T05:24:04","slug":"bobbi-brown-machiaj-intensiv-si-ser-spf-40-intensive-skin-serum-foundation-spf-40-30-ml-warm-almond","status":"publish","type":"product","link":"https:\/\/shopatoa.com\/ro\/bobbi-brown-machiaj-intensiv-si-ser-spf-40-intensive-skin-serum-foundation-spf-40-30-ml-warm-almond\/","title":{"rendered":"Bobbi Brown Machiaj intensiv \u0219i ser SPF 40 (Intensive Skin Serum Foundation SPF 40) 30 ml Warm Almond"},"content":{"rendered":"<p>Fondul de ten \u0219i serul intensiv SPF 40 Intensive Skin Serum Foundation SPF 40 de la Bobbi Brown combin\u0103 \u00eengrijirea tenului cu machiajul \u00eentr-un singur produs. Acest produs este potrivit pentru tenul normal spre uscat, emulsia foarte m\u0103t\u0103soas\u0103 se \u00eentinde uniform pe toat\u0103 suprafa\u021b\u0103 tenului \u0219i \u00eei confer\u0103 un aspect perfect \u0219i natural. Prin urmare, este potrivit pentru oricine dore\u0219te s\u0103 combine beneficiile terapeutice ale serului cu o suprafa\u021b\u0103 \u0219i un ton impecabil al pielii. Substan\u021be active: extracte de litci, extracte de iarb\u0103 de bambus, extract de Cordyceps &#8211; ajut\u0103 pielea s\u0103-\u0219i recapete energia pierdut\u0103 \u0219i s\u0103 arate proasp\u0103t\u0103 \u0219i mai t\u00e2n\u0103r\u0103.<\/p>\n","protected":false},"excerpt":{"rendered":"<p>Fondul de ten \u0219i serul intensiv SPF 40 Intensive Skin Serum Foundation SPF 40 de la Bobbi Brown combin\u0103 \u00eengrijirea tenului cu machiajul \u00eentr-un singur produs. Acest produs este potrivit pentru tenul normal spre uscat, emulsia foarte m\u0103t\u0103soas\u0103 se \u00eentinde uniform pe toat\u0103 suprafa\u021b\u0103 tenului \u0219i \u00eei confer\u0103 un aspect perfect \u0219i natural. Prin urmare,&#8230;<\/p>\n","protected":false},"featured_media":295090,"comment_status":"closed","ping_status":"open","template":"","meta":{"_acf_changed":false,"_kadence_starter_templates_imported_post":false,"_kad_post_transparent":"","_kad_post_title":"","_kad_post_layout":"","_kad_post_sidebar_id":"","_kad_post_content_style":"","_kad_post_vertical_padding":"","_kad_post_feature":"","_kad_post_feature_position":"","_kad_post_header":false,"_kad_post_footer":false,"_kad_post_classname":""},"product_brand":[947],"product_cat":[246,609,616,705],"product_tag":[],"class_list":{"0":"post-295088","1":"product","2":"type-product","3":"status-publish","4":"has-post-thumbnail","6":"product_brand-bobbi-brown","7":"product_cat-cosmetice","8":"product_cat-cosmetice-decorative","9":"product_cat-machiaj-pentru-fata","10":"product_cat-make-ups","12":"first","13":"instock","14":"product-type-external","15":"entry","16":"content-bg","17":"loop-entry"},"acf":[],"yoast_head":"<!-- This site is optimized with the Yoast SEO plugin v27.3 - https:\/\/yoast.com\/product\/yoast-seo-wordpress\/ -->\n<title>Bobbi Brown Machiaj intensiv \u0219i ser SPF 40 (Intensive Skin Serum Foundation SPF 40) 30 ml Warm Almond - SHOPATOA.COM<\/title>\n<meta name=\"robots\" content=\"index, follow, max-snippet:-1, max-image-preview:large, max-video-preview:-1\" \/>\n<link rel=\"canonical\" href=\"https:\/\/shopatoa.com\/ro\/bobbi-brown-machiaj-intensiv-si-ser-spf-40-intensive-skin-serum-foundation-spf-40-30-ml-warm-almond\/\" \/>\n<meta property=\"og:locale\" content=\"ro_RO\" \/>\n<meta property=\"og:type\" content=\"article\" \/>\n<meta property=\"og:title\" content=\"Bobbi Brown Machiaj intensiv \u0219i ser SPF 40 (Intensive Skin Serum Foundation SPF 40) 30 ml Warm Almond - SHOPATOA.COM\" \/>\n<meta property=\"og:description\" content=\"Fondul de ten \u0219i serul intensiv SPF 40 Intensive Skin Serum Foundation SPF 40 de la Bobbi Brown combin\u0103 \u00eengrijirea tenului cu machiajul \u00eentr-un singur produs. Acest produs este potrivit pentru tenul normal spre uscat, emulsia foarte m\u0103t\u0103soas\u0103 se \u00eentinde uniform pe toat\u0103 suprafa\u021b\u0103 tenului \u0219i \u00eei confer\u0103 un aspect perfect \u0219i natural. Prin urmare,...\" \/>\n<meta property=\"og:url\" content=\"https:\/\/shopatoa.com\/ro\/bobbi-brown-machiaj-intensiv-si-ser-spf-40-intensive-skin-serum-foundation-spf-40-30-ml-warm-almond\/\" \/>\n<meta property=\"og:site_name\" content=\"SHOPATOA\" \/>\n<meta property=\"article:modified_time\" content=\"2025-12-11T05:24:04+00:00\" \/>\n<meta property=\"og:image\" content=\"https:\/\/storage.googleapis.com\/cz-shopatoa-img\/ro\/bcd8ad97-unnamed-file.webp\" \/>\n\t<meta property=\"og:image:width\" content=\"800\" \/>\n\t<meta property=\"og:image:height\" content=\"800\" \/>\n\t<meta property=\"og:image:type\" content=\"image\/webp\" \/>\n<meta name=\"twitter:card\" content=\"summary_large_image\" \/>\n<meta name=\"twitter:label1\" content=\"Timp estimat pentru citire\" \/>\n\t<meta name=\"twitter:data1\" content=\"1 minut\" \/>\n<script type=\"application\/ld+json\" class=\"yoast-schema-graph\">{\"@context\":\"https:\\\/\\\/schema.org\",\"@graph\":[{\"@type\":\"WebPage\",\"@id\":\"https:\\\/\\\/shopatoa.com\\\/ro\\\/bobbi-brown-machiaj-intensiv-si-ser-spf-40-intensive-skin-serum-foundation-spf-40-30-ml-warm-almond\\\/\",\"url\":\"https:\\\/\\\/shopatoa.com\\\/ro\\\/bobbi-brown-machiaj-intensiv-si-ser-spf-40-intensive-skin-serum-foundation-spf-40-30-ml-warm-almond\\\/\",\"name\":\"Bobbi Brown Machiaj intensiv \u0219i ser SPF 40 (Intensive Skin Serum Foundation SPF 40) 30 ml Warm Almond - SHOPATOA.COM\",\"isPartOf\":{\"@id\":\"https:\\\/\\\/shopatoa.com\\\/ro\\\/#website\"},\"primaryImageOfPage\":{\"@id\":\"https:\\\/\\\/shopatoa.com\\\/ro\\\/bobbi-brown-machiaj-intensiv-si-ser-spf-40-intensive-skin-serum-foundation-spf-40-30-ml-warm-almond\\\/#primaryimage\"},\"image\":{\"@id\":\"https:\\\/\\\/shopatoa.com\\\/ro\\\/bobbi-brown-machiaj-intensiv-si-ser-spf-40-intensive-skin-serum-foundation-spf-40-30-ml-warm-almond\\\/#primaryimage\"},\"thumbnailUrl\":\"https:\\\/\\\/storage.googleapis.com\\\/cz-shopatoa-img\\\/ro\\\/bcd8ad97-unnamed-file.webp\",\"datePublished\":\"2025-05-01T20:15:32+00:00\",\"dateModified\":\"2025-12-11T05:24:04+00:00\",\"breadcrumb\":{\"@id\":\"https:\\\/\\\/shopatoa.com\\\/ro\\\/bobbi-brown-machiaj-intensiv-si-ser-spf-40-intensive-skin-serum-foundation-spf-40-30-ml-warm-almond\\\/#breadcrumb\"},\"inLanguage\":\"ro-RO\",\"potentialAction\":[{\"@type\":\"ReadAction\",\"target\":[\"https:\\\/\\\/shopatoa.com\\\/ro\\\/bobbi-brown-machiaj-intensiv-si-ser-spf-40-intensive-skin-serum-foundation-spf-40-30-ml-warm-almond\\\/\"]}]},{\"@type\":\"ImageObject\",\"inLanguage\":\"ro-RO\",\"@id\":\"https:\\\/\\\/shopatoa.com\\\/ro\\\/bobbi-brown-machiaj-intensiv-si-ser-spf-40-intensive-skin-serum-foundation-spf-40-30-ml-warm-almond\\\/#primaryimage\",\"url\":\"https:\\\/\\\/storage.googleapis.com\\\/cz-shopatoa-img\\\/ro\\\/bcd8ad97-unnamed-file.webp\",\"contentUrl\":\"https:\\\/\\\/storage.googleapis.com\\\/cz-shopatoa-img\\\/ro\\\/bcd8ad97-unnamed-file.webp\",\"width\":800,\"height\":800},{\"@type\":\"BreadcrumbList\",\"@id\":\"https:\\\/\\\/shopatoa.com\\\/ro\\\/bobbi-brown-machiaj-intensiv-si-ser-spf-40-intensive-skin-serum-foundation-spf-40-30-ml-warm-almond\\\/#breadcrumb\",\"itemListElement\":[{\"@type\":\"ListItem\",\"position\":1,\"name\":\"Dom\u016f\",\"item\":\"https:\\\/\\\/shopatoa.com\\\/ro\\\/\"},{\"@type\":\"ListItem\",\"position\":2,\"name\":\"Shop\",\"item\":\"https:\\\/\\\/shopatoa.com\\\/ro\\\/shop\\\/\"},{\"@type\":\"ListItem\",\"position\":3,\"name\":\"Cosmetice\",\"item\":\"https:\\\/\\\/shopatoa.com\\\/ro\\\/cosmetice\\\/\"},{\"@type\":\"ListItem\",\"position\":4,\"name\":\"Cosmetice decorative\",\"item\":\"https:\\\/\\\/shopatoa.com\\\/ro\\\/cosmetice-decorative\\\/\"},{\"@type\":\"ListItem\",\"position\":5,\"name\":\"Machiaj pentru fa\u021ba\",\"item\":\"https:\\\/\\\/shopatoa.com\\\/ro\\\/machiaj-pentru-fata\\\/\"},{\"@type\":\"ListItem\",\"position\":6,\"name\":\"Make-ups\",\"item\":\"https:\\\/\\\/shopatoa.com\\\/ro\\\/make-ups\\\/\"},{\"@type\":\"ListItem\",\"position\":7,\"name\":\"Bobbi Brown Machiaj intensiv \u0219i ser SPF 40 (Intensive Skin Serum Foundation SPF 40) 30 ml Warm Almond\"}]},{\"@type\":\"WebSite\",\"@id\":\"https:\\\/\\\/shopatoa.com\\\/ro\\\/#website\",\"url\":\"https:\\\/\\\/shopatoa.com\\\/ro\\\/\",\"name\":\"SHOPATOA\",\"description\":\"\",\"publisher\":{\"@id\":\"https:\\\/\\\/shopatoa.com\\\/ro\\\/#organization\"},\"potentialAction\":[{\"@type\":\"SearchAction\",\"target\":{\"@type\":\"EntryPoint\",\"urlTemplate\":\"https:\\\/\\\/shopatoa.com\\\/ro\\\/?s={search_term_string}\"},\"query-input\":{\"@type\":\"PropertyValueSpecification\",\"valueRequired\":true,\"valueName\":\"search_term_string\"}}],\"inLanguage\":\"ro-RO\"},{\"@type\":\"Organization\",\"@id\":\"https:\\\/\\\/shopatoa.com\\\/ro\\\/#organization\",\"name\":\"SHOPATOA\",\"url\":\"https:\\\/\\\/shopatoa.com\\\/ro\\\/\",\"logo\":{\"@type\":\"ImageObject\",\"inLanguage\":\"ro-RO\",\"@id\":\"https:\\\/\\\/shopatoa.com\\\/ro\\\/#\\\/schema\\\/logo\\\/image\\\/\",\"url\":\"https:\\\/\\\/storage.googleapis.com\\\/cz-shopatoa-img\\\/ro\\\/b4dac915-shopatoa_logo.png\",\"contentUrl\":\"https:\\\/\\\/storage.googleapis.com\\\/cz-shopatoa-img\\\/ro\\\/b4dac915-shopatoa_logo.png\",\"width\":416,\"height\":63,\"caption\":\"SHOPATOA\"},\"image\":{\"@id\":\"https:\\\/\\\/shopatoa.com\\\/ro\\\/#\\\/schema\\\/logo\\\/image\\\/\"}}]}<\/script>\n<!-- \/ Yoast SEO plugin. -->","yoast_head_json":{"title":"Bobbi Brown Machiaj intensiv \u0219i ser SPF 40 (Intensive Skin Serum Foundation SPF 40) 30 ml Warm Almond - SHOPATOA.COM","robots":{"index":"index","follow":"follow","max-snippet":"max-snippet:-1","max-image-preview":"max-image-preview:large","max-video-preview":"max-video-preview:-1"},"canonical":"https:\/\/shopatoa.com\/ro\/bobbi-brown-machiaj-intensiv-si-ser-spf-40-intensive-skin-serum-foundation-spf-40-30-ml-warm-almond\/","og_locale":"ro_RO","og_type":"article","og_title":"Bobbi Brown Machiaj intensiv \u0219i ser SPF 40 (Intensive Skin Serum Foundation SPF 40) 30 ml Warm Almond - SHOPATOA.COM","og_description":"Fondul de ten \u0219i serul intensiv SPF 40 Intensive Skin Serum Foundation SPF 40 de la Bobbi Brown combin\u0103 \u00eengrijirea tenului cu machiajul \u00eentr-un singur produs. Acest produs este potrivit pentru tenul normal spre uscat, emulsia foarte m\u0103t\u0103soas\u0103 se \u00eentinde uniform pe toat\u0103 suprafa\u021b\u0103 tenului \u0219i \u00eei confer\u0103 un aspect perfect \u0219i natural. Prin urmare,...","og_url":"https:\/\/shopatoa.com\/ro\/bobbi-brown-machiaj-intensiv-si-ser-spf-40-intensive-skin-serum-foundation-spf-40-30-ml-warm-almond\/","og_site_name":"SHOPATOA","article_modified_time":"2025-12-11T05:24:04+00:00","og_image":[{"width":800,"height":800,"url":"https:\/\/storage.googleapis.com\/cz-shopatoa-img\/ro\/bcd8ad97-unnamed-file.webp","type":"image\/webp"}],"twitter_card":"summary_large_image","twitter_misc":{"Timp estimat pentru citire":"1 minut"},"schema":{"@context":"https:\/\/schema.org","@graph":[{"@type":"WebPage","@id":"https:\/\/shopatoa.com\/ro\/bobbi-brown-machiaj-intensiv-si-ser-spf-40-intensive-skin-serum-foundation-spf-40-30-ml-warm-almond\/","url":"https:\/\/shopatoa.com\/ro\/bobbi-brown-machiaj-intensiv-si-ser-spf-40-intensive-skin-serum-foundation-spf-40-30-ml-warm-almond\/","name":"Bobbi Brown Machiaj intensiv \u0219i ser SPF 40 (Intensive Skin Serum Foundation SPF 40) 30 ml Warm Almond - SHOPATOA.COM","isPartOf":{"@id":"https:\/\/shopatoa.com\/ro\/#website"},"primaryImageOfPage":{"@id":"https:\/\/shopatoa.com\/ro\/bobbi-brown-machiaj-intensiv-si-ser-spf-40-intensive-skin-serum-foundation-spf-40-30-ml-warm-almond\/#primaryimage"},"image":{"@id":"https:\/\/shopatoa.com\/ro\/bobbi-brown-machiaj-intensiv-si-ser-spf-40-intensive-skin-serum-foundation-spf-40-30-ml-warm-almond\/#primaryimage"},"thumbnailUrl":"https:\/\/storage.googleapis.com\/cz-shopatoa-img\/ro\/bcd8ad97-unnamed-file.webp","datePublished":"2025-05-01T20:15:32+00:00","dateModified":"2025-12-11T05:24:04+00:00","breadcrumb":{"@id":"https:\/\/shopatoa.com\/ro\/bobbi-brown-machiaj-intensiv-si-ser-spf-40-intensive-skin-serum-foundation-spf-40-30-ml-warm-almond\/#breadcrumb"},"inLanguage":"ro-RO","potentialAction":[{"@type":"ReadAction","target":["https:\/\/shopatoa.com\/ro\/bobbi-brown-machiaj-intensiv-si-ser-spf-40-intensive-skin-serum-foundation-spf-40-30-ml-warm-almond\/"]}]},{"@type":"ImageObject","inLanguage":"ro-RO","@id":"https:\/\/shopatoa.com\/ro\/bobbi-brown-machiaj-intensiv-si-ser-spf-40-intensive-skin-serum-foundation-spf-40-30-ml-warm-almond\/#primaryimage","url":"https:\/\/storage.googleapis.com\/cz-shopatoa-img\/ro\/bcd8ad97-unnamed-file.webp","contentUrl":"https:\/\/storage.googleapis.com\/cz-shopatoa-img\/ro\/bcd8ad97-unnamed-file.webp","width":800,"height":800},{"@type":"BreadcrumbList","@id":"https:\/\/shopatoa.com\/ro\/bobbi-brown-machiaj-intensiv-si-ser-spf-40-intensive-skin-serum-foundation-spf-40-30-ml-warm-almond\/#breadcrumb","itemListElement":[{"@type":"ListItem","position":1,"name":"Dom\u016f","item":"https:\/\/shopatoa.com\/ro\/"},{"@type":"ListItem","position":2,"name":"Shop","item":"https:\/\/shopatoa.com\/ro\/shop\/"},{"@type":"ListItem","position":3,"name":"Cosmetice","item":"https:\/\/shopatoa.com\/ro\/cosmetice\/"},{"@type":"ListItem","position":4,"name":"Cosmetice decorative","item":"https:\/\/shopatoa.com\/ro\/cosmetice-decorative\/"},{"@type":"ListItem","position":5,"name":"Machiaj pentru fa\u021ba","item":"https:\/\/shopatoa.com\/ro\/machiaj-pentru-fata\/"},{"@type":"ListItem","position":6,"name":"Make-ups","item":"https:\/\/shopatoa.com\/ro\/make-ups\/"},{"@type":"ListItem","position":7,"name":"Bobbi Brown Machiaj intensiv \u0219i ser SPF 40 (Intensive Skin Serum Foundation SPF 40) 30 ml Warm Almond"}]},{"@type":"WebSite","@id":"https:\/\/shopatoa.com\/ro\/#website","url":"https:\/\/shopatoa.com\/ro\/","name":"SHOPATOA","description":"","publisher":{"@id":"https:\/\/shopatoa.com\/ro\/#organization"},"potentialAction":[{"@type":"SearchAction","target":{"@type":"EntryPoint","urlTemplate":"https:\/\/shopatoa.com\/ro\/?s={search_term_string}"},"query-input":{"@type":"PropertyValueSpecification","valueRequired":true,"valueName":"search_term_string"}}],"inLanguage":"ro-RO"},{"@type":"Organization","@id":"https:\/\/shopatoa.com\/ro\/#organization","name":"SHOPATOA","url":"https:\/\/shopatoa.com\/ro\/","logo":{"@type":"ImageObject","inLanguage":"ro-RO","@id":"https:\/\/shopatoa.com\/ro\/#\/schema\/logo\/image\/","url":"https:\/\/storage.googleapis.com\/cz-shopatoa-img\/ro\/b4dac915-shopatoa_logo.png","contentUrl":"https:\/\/storage.googleapis.com\/cz-shopatoa-img\/ro\/b4dac915-shopatoa_logo.png","width":416,"height":63,"caption":"SHOPATOA"},"image":{"@id":"https:\/\/shopatoa.com\/ro\/#\/schema\/logo\/image\/"}}]}},"_links":{"self":[{"href":"https:\/\/shopatoa.com\/ro\/wp-json\/wp\/v2\/product\/295088","targetHints":{"allow":["GET"]}}],"collection":[{"href":"https:\/\/shopatoa.com\/ro\/wp-json\/wp\/v2\/product"}],"about":[{"href":"https:\/\/shopatoa.com\/ro\/wp-json\/wp\/v2\/types\/product"}],"replies":[{"embeddable":true,"href":"https:\/\/shopatoa.com\/ro\/wp-json\/wp\/v2\/comments?post=295088"}],"wp:featuredmedia":[{"embeddable":true,"href":"https:\/\/shopatoa.com\/ro\/wp-json\/wp\/v2\/media\/295090"}],"wp:attachment":[{"href":"https:\/\/shopatoa.com\/ro\/wp-json\/wp\/v2\/media?parent=295088"}],"wp:term":[{"taxonomy":"product_brand","embeddable":true,"href":"https:\/\/shopatoa.com\/ro\/wp-json\/wp\/v2\/product_brand?post=295088"},{"taxonomy":"product_cat","embeddable":true,"href":"https:\/\/shopatoa.com\/ro\/wp-json\/wp\/v2\/product_cat?post=295088"},{"taxonomy":"product_tag","embeddable":true,"href":"https:\/\/shopatoa.com\/ro\/wp-json\/wp\/v2\/product_tag?post=295088"}],"curies":[{"name":"wp","href":"https:\/\/api.w.org\/{rel}","templated":true}]}}