{"id":297110,"date":"2025-05-02T02:36:20","date_gmt":"2025-05-02T00:36:20","guid":{"rendered":"https:\/\/shopatoa.com\/ro\/bareminerals-pudra-de-fixare-original-mineral-veil-pressed-setting-powder-9-g-translucent\/"},"modified":"2025-05-15T10:24:24","modified_gmt":"2025-05-15T08:24:24","slug":"bareminerals-pudra-de-fixare-original-mineral-veil-pressed-setting-powder-9-g-translucent","status":"publish","type":"product","link":"https:\/\/shopatoa.com\/ro\/bareminerals-pudra-de-fixare-original-mineral-veil-pressed-setting-powder-9-g-translucent\/","title":{"rendered":"bareMinerals Pudr\u0103 de fixare Original Mineral Veil (Pressed Setting Powder) 9 g Translucent"},"content":{"rendered":"<p>Pudra de fixare u\u0219oar\u0103 prelunge\u0219te rezisten\u021ba machiajului, reduc\u00e2nd \u00een acela\u0219i timp vizibilitatea porilor. Datorit\u0103 formulei cu unt de shea, cacao \u0219i vitamina E, ajut\u0103 la protejarea pielii de influen\u021bele externe. Neteze\u0219te instantaneu liniile fine \u0219i imperfec\u021biunile, l\u0103s\u00e2nd pielea mat\u0103 \u0219i unificat\u0103. Produsul este vegan, hipoalergenic, cruelty-free \u0219i potrivit pentru toate tipurile de piele.<\/p>\n","protected":false},"excerpt":{"rendered":"<p>Pudra de fixare u\u0219oar\u0103 prelunge\u0219te rezisten\u021ba machiajului, reduc\u00e2nd \u00een acela\u0219i timp vizibilitatea porilor. Datorit\u0103 formulei cu unt de shea, cacao \u0219i vitamina E, ajut\u0103 la protejarea pielii de influen\u021bele externe. Neteze\u0219te instantaneu liniile fine \u0219i imperfec\u021biunile, l\u0103s\u00e2nd pielea mat\u0103 \u0219i unificat\u0103. Produsul este vegan, hipoalergenic, cruelty-free \u0219i potrivit pentru toate tipurile de piele.<\/p>\n","protected":false},"featured_media":297112,"comment_status":"closed","ping_status":"open","template":"","meta":{"_acf_changed":false,"_kadence_starter_templates_imported_post":false,"_kad_post_transparent":"","_kad_post_title":"","_kad_post_layout":"","_kad_post_sidebar_id":"","_kad_post_content_style":"","_kad_post_vertical_padding":"","_kad_post_feature":"","_kad_post_feature_position":"","_kad_post_header":false,"_kad_post_footer":false,"_kad_post_classname":""},"product_brand":[599],"product_cat":[246,609,616,683],"product_tag":[],"class_list":{"0":"post-297110","1":"product","2":"type-product","3":"status-publish","4":"has-post-thumbnail","6":"product_brand-bareminerals","7":"product_cat-cosmetice","8":"product_cat-cosmetice-decorative","9":"product_cat-machiaj-pentru-fata","10":"product_cat-pudra","12":"first","13":"instock","14":"product-type-external","15":"entry","16":"content-bg","17":"loop-entry"},"acf":[],"yoast_head":"<!-- This site is optimized with the Yoast SEO plugin v27.3 - https:\/\/yoast.com\/product\/yoast-seo-wordpress\/ -->\n<title>bareMinerals Pudr\u0103 de fixare Original Mineral Veil (Pressed Setting Powder) 9 g Translucent - SHOPATOA.COM<\/title>\n<meta name=\"robots\" content=\"index, follow, max-snippet:-1, max-image-preview:large, max-video-preview:-1\" \/>\n<link rel=\"canonical\" href=\"https:\/\/shopatoa.com\/ro\/bareminerals-pudra-de-fixare-original-mineral-veil-pressed-setting-powder-9-g-translucent\/\" \/>\n<meta property=\"og:locale\" content=\"ro_RO\" \/>\n<meta property=\"og:type\" content=\"article\" \/>\n<meta property=\"og:title\" content=\"bareMinerals Pudr\u0103 de fixare Original Mineral Veil (Pressed Setting Powder) 9 g Translucent - SHOPATOA.COM\" \/>\n<meta property=\"og:description\" content=\"Pudra de fixare u\u0219oar\u0103 prelunge\u0219te rezisten\u021ba machiajului, reduc\u00e2nd \u00een acela\u0219i timp vizibilitatea porilor. Datorit\u0103 formulei cu unt de shea, cacao \u0219i vitamina E, ajut\u0103 la protejarea pielii de influen\u021bele externe. Neteze\u0219te instantaneu liniile fine \u0219i imperfec\u021biunile, l\u0103s\u00e2nd pielea mat\u0103 \u0219i unificat\u0103. Produsul este vegan, hipoalergenic, cruelty-free \u0219i potrivit pentru toate tipurile de piele.\" \/>\n<meta property=\"og:url\" content=\"https:\/\/shopatoa.com\/ro\/bareminerals-pudra-de-fixare-original-mineral-veil-pressed-setting-powder-9-g-translucent\/\" \/>\n<meta property=\"og:site_name\" content=\"SHOPATOA\" \/>\n<meta property=\"article:modified_time\" content=\"2025-05-15T08:24:24+00:00\" \/>\n<meta property=\"og:image\" content=\"https:\/\/storage.googleapis.com\/cz-shopatoa-img\/ro\/eb92325a-unnamed-file.webp\" \/>\n\t<meta property=\"og:image:width\" content=\"800\" \/>\n\t<meta property=\"og:image:height\" content=\"800\" \/>\n\t<meta property=\"og:image:type\" content=\"image\/webp\" \/>\n<meta name=\"twitter:card\" content=\"summary_large_image\" \/>\n<script type=\"application\/ld+json\" class=\"yoast-schema-graph\">{\"@context\":\"https:\\\/\\\/schema.org\",\"@graph\":[{\"@type\":\"WebPage\",\"@id\":\"https:\\\/\\\/shopatoa.com\\\/ro\\\/bareminerals-pudra-de-fixare-original-mineral-veil-pressed-setting-powder-9-g-translucent\\\/\",\"url\":\"https:\\\/\\\/shopatoa.com\\\/ro\\\/bareminerals-pudra-de-fixare-original-mineral-veil-pressed-setting-powder-9-g-translucent\\\/\",\"name\":\"bareMinerals Pudr\u0103 de fixare Original Mineral Veil (Pressed Setting Powder) 9 g Translucent - SHOPATOA.COM\",\"isPartOf\":{\"@id\":\"https:\\\/\\\/shopatoa.com\\\/ro\\\/#website\"},\"primaryImageOfPage\":{\"@id\":\"https:\\\/\\\/shopatoa.com\\\/ro\\\/bareminerals-pudra-de-fixare-original-mineral-veil-pressed-setting-powder-9-g-translucent\\\/#primaryimage\"},\"image\":{\"@id\":\"https:\\\/\\\/shopatoa.com\\\/ro\\\/bareminerals-pudra-de-fixare-original-mineral-veil-pressed-setting-powder-9-g-translucent\\\/#primaryimage\"},\"thumbnailUrl\":\"https:\\\/\\\/storage.googleapis.com\\\/cz-shopatoa-img\\\/ro\\\/eb92325a-unnamed-file.webp\",\"datePublished\":\"2025-05-02T00:36:20+00:00\",\"dateModified\":\"2025-05-15T08:24:24+00:00\",\"breadcrumb\":{\"@id\":\"https:\\\/\\\/shopatoa.com\\\/ro\\\/bareminerals-pudra-de-fixare-original-mineral-veil-pressed-setting-powder-9-g-translucent\\\/#breadcrumb\"},\"inLanguage\":\"ro-RO\",\"potentialAction\":[{\"@type\":\"ReadAction\",\"target\":[\"https:\\\/\\\/shopatoa.com\\\/ro\\\/bareminerals-pudra-de-fixare-original-mineral-veil-pressed-setting-powder-9-g-translucent\\\/\"]}]},{\"@type\":\"ImageObject\",\"inLanguage\":\"ro-RO\",\"@id\":\"https:\\\/\\\/shopatoa.com\\\/ro\\\/bareminerals-pudra-de-fixare-original-mineral-veil-pressed-setting-powder-9-g-translucent\\\/#primaryimage\",\"url\":\"https:\\\/\\\/storage.googleapis.com\\\/cz-shopatoa-img\\\/ro\\\/eb92325a-unnamed-file.webp\",\"contentUrl\":\"https:\\\/\\\/storage.googleapis.com\\\/cz-shopatoa-img\\\/ro\\\/eb92325a-unnamed-file.webp\",\"width\":800,\"height\":800},{\"@type\":\"BreadcrumbList\",\"@id\":\"https:\\\/\\\/shopatoa.com\\\/ro\\\/bareminerals-pudra-de-fixare-original-mineral-veil-pressed-setting-powder-9-g-translucent\\\/#breadcrumb\",\"itemListElement\":[{\"@type\":\"ListItem\",\"position\":1,\"name\":\"Dom\u016f\",\"item\":\"https:\\\/\\\/shopatoa.com\\\/ro\\\/\"},{\"@type\":\"ListItem\",\"position\":2,\"name\":\"Shop\",\"item\":\"https:\\\/\\\/shopatoa.com\\\/ro\\\/shop\\\/\"},{\"@type\":\"ListItem\",\"position\":3,\"name\":\"Cosmetice\",\"item\":\"https:\\\/\\\/shopatoa.com\\\/ro\\\/cosmetice\\\/\"},{\"@type\":\"ListItem\",\"position\":4,\"name\":\"Cosmetice decorative\",\"item\":\"https:\\\/\\\/shopatoa.com\\\/ro\\\/cosmetice-decorative\\\/\"},{\"@type\":\"ListItem\",\"position\":5,\"name\":\"Machiaj pentru fa\u021ba\",\"item\":\"https:\\\/\\\/shopatoa.com\\\/ro\\\/machiaj-pentru-fata\\\/\"},{\"@type\":\"ListItem\",\"position\":6,\"name\":\"Pudr\u0103\",\"item\":\"https:\\\/\\\/shopatoa.com\\\/ro\\\/pudra\\\/\"},{\"@type\":\"ListItem\",\"position\":7,\"name\":\"bareMinerals Pudr\u0103 de fixare Original Mineral Veil (Pressed Setting Powder) 9 g Translucent\"}]},{\"@type\":\"WebSite\",\"@id\":\"https:\\\/\\\/shopatoa.com\\\/ro\\\/#website\",\"url\":\"https:\\\/\\\/shopatoa.com\\\/ro\\\/\",\"name\":\"SHOPATOA\",\"description\":\"\",\"publisher\":{\"@id\":\"https:\\\/\\\/shopatoa.com\\\/ro\\\/#organization\"},\"potentialAction\":[{\"@type\":\"SearchAction\",\"target\":{\"@type\":\"EntryPoint\",\"urlTemplate\":\"https:\\\/\\\/shopatoa.com\\\/ro\\\/?s={search_term_string}\"},\"query-input\":{\"@type\":\"PropertyValueSpecification\",\"valueRequired\":true,\"valueName\":\"search_term_string\"}}],\"inLanguage\":\"ro-RO\"},{\"@type\":\"Organization\",\"@id\":\"https:\\\/\\\/shopatoa.com\\\/ro\\\/#organization\",\"name\":\"SHOPATOA\",\"url\":\"https:\\\/\\\/shopatoa.com\\\/ro\\\/\",\"logo\":{\"@type\":\"ImageObject\",\"inLanguage\":\"ro-RO\",\"@id\":\"https:\\\/\\\/shopatoa.com\\\/ro\\\/#\\\/schema\\\/logo\\\/image\\\/\",\"url\":\"https:\\\/\\\/storage.googleapis.com\\\/cz-shopatoa-img\\\/ro\\\/b4dac915-shopatoa_logo.png\",\"contentUrl\":\"https:\\\/\\\/storage.googleapis.com\\\/cz-shopatoa-img\\\/ro\\\/b4dac915-shopatoa_logo.png\",\"width\":416,\"height\":63,\"caption\":\"SHOPATOA\"},\"image\":{\"@id\":\"https:\\\/\\\/shopatoa.com\\\/ro\\\/#\\\/schema\\\/logo\\\/image\\\/\"}}]}<\/script>\n<!-- \/ Yoast SEO plugin. -->","yoast_head_json":{"title":"bareMinerals Pudr\u0103 de fixare Original Mineral Veil (Pressed Setting Powder) 9 g Translucent - SHOPATOA.COM","robots":{"index":"index","follow":"follow","max-snippet":"max-snippet:-1","max-image-preview":"max-image-preview:large","max-video-preview":"max-video-preview:-1"},"canonical":"https:\/\/shopatoa.com\/ro\/bareminerals-pudra-de-fixare-original-mineral-veil-pressed-setting-powder-9-g-translucent\/","og_locale":"ro_RO","og_type":"article","og_title":"bareMinerals Pudr\u0103 de fixare Original Mineral Veil (Pressed Setting Powder) 9 g Translucent - SHOPATOA.COM","og_description":"Pudra de fixare u\u0219oar\u0103 prelunge\u0219te rezisten\u021ba machiajului, reduc\u00e2nd \u00een acela\u0219i timp vizibilitatea porilor. Datorit\u0103 formulei cu unt de shea, cacao \u0219i vitamina E, ajut\u0103 la protejarea pielii de influen\u021bele externe. Neteze\u0219te instantaneu liniile fine \u0219i imperfec\u021biunile, l\u0103s\u00e2nd pielea mat\u0103 \u0219i unificat\u0103. Produsul este vegan, hipoalergenic, cruelty-free \u0219i potrivit pentru toate tipurile de piele.","og_url":"https:\/\/shopatoa.com\/ro\/bareminerals-pudra-de-fixare-original-mineral-veil-pressed-setting-powder-9-g-translucent\/","og_site_name":"SHOPATOA","article_modified_time":"2025-05-15T08:24:24+00:00","og_image":[{"width":800,"height":800,"url":"https:\/\/storage.googleapis.com\/cz-shopatoa-img\/ro\/eb92325a-unnamed-file.webp","type":"image\/webp"}],"twitter_card":"summary_large_image","schema":{"@context":"https:\/\/schema.org","@graph":[{"@type":"WebPage","@id":"https:\/\/shopatoa.com\/ro\/bareminerals-pudra-de-fixare-original-mineral-veil-pressed-setting-powder-9-g-translucent\/","url":"https:\/\/shopatoa.com\/ro\/bareminerals-pudra-de-fixare-original-mineral-veil-pressed-setting-powder-9-g-translucent\/","name":"bareMinerals Pudr\u0103 de fixare Original Mineral Veil (Pressed Setting Powder) 9 g Translucent - SHOPATOA.COM","isPartOf":{"@id":"https:\/\/shopatoa.com\/ro\/#website"},"primaryImageOfPage":{"@id":"https:\/\/shopatoa.com\/ro\/bareminerals-pudra-de-fixare-original-mineral-veil-pressed-setting-powder-9-g-translucent\/#primaryimage"},"image":{"@id":"https:\/\/shopatoa.com\/ro\/bareminerals-pudra-de-fixare-original-mineral-veil-pressed-setting-powder-9-g-translucent\/#primaryimage"},"thumbnailUrl":"https:\/\/storage.googleapis.com\/cz-shopatoa-img\/ro\/eb92325a-unnamed-file.webp","datePublished":"2025-05-02T00:36:20+00:00","dateModified":"2025-05-15T08:24:24+00:00","breadcrumb":{"@id":"https:\/\/shopatoa.com\/ro\/bareminerals-pudra-de-fixare-original-mineral-veil-pressed-setting-powder-9-g-translucent\/#breadcrumb"},"inLanguage":"ro-RO","potentialAction":[{"@type":"ReadAction","target":["https:\/\/shopatoa.com\/ro\/bareminerals-pudra-de-fixare-original-mineral-veil-pressed-setting-powder-9-g-translucent\/"]}]},{"@type":"ImageObject","inLanguage":"ro-RO","@id":"https:\/\/shopatoa.com\/ro\/bareminerals-pudra-de-fixare-original-mineral-veil-pressed-setting-powder-9-g-translucent\/#primaryimage","url":"https:\/\/storage.googleapis.com\/cz-shopatoa-img\/ro\/eb92325a-unnamed-file.webp","contentUrl":"https:\/\/storage.googleapis.com\/cz-shopatoa-img\/ro\/eb92325a-unnamed-file.webp","width":800,"height":800},{"@type":"BreadcrumbList","@id":"https:\/\/shopatoa.com\/ro\/bareminerals-pudra-de-fixare-original-mineral-veil-pressed-setting-powder-9-g-translucent\/#breadcrumb","itemListElement":[{"@type":"ListItem","position":1,"name":"Dom\u016f","item":"https:\/\/shopatoa.com\/ro\/"},{"@type":"ListItem","position":2,"name":"Shop","item":"https:\/\/shopatoa.com\/ro\/shop\/"},{"@type":"ListItem","position":3,"name":"Cosmetice","item":"https:\/\/shopatoa.com\/ro\/cosmetice\/"},{"@type":"ListItem","position":4,"name":"Cosmetice decorative","item":"https:\/\/shopatoa.com\/ro\/cosmetice-decorative\/"},{"@type":"ListItem","position":5,"name":"Machiaj pentru fa\u021ba","item":"https:\/\/shopatoa.com\/ro\/machiaj-pentru-fata\/"},{"@type":"ListItem","position":6,"name":"Pudr\u0103","item":"https:\/\/shopatoa.com\/ro\/pudra\/"},{"@type":"ListItem","position":7,"name":"bareMinerals Pudr\u0103 de fixare Original Mineral Veil (Pressed Setting Powder) 9 g Translucent"}]},{"@type":"WebSite","@id":"https:\/\/shopatoa.com\/ro\/#website","url":"https:\/\/shopatoa.com\/ro\/","name":"SHOPATOA","description":"","publisher":{"@id":"https:\/\/shopatoa.com\/ro\/#organization"},"potentialAction":[{"@type":"SearchAction","target":{"@type":"EntryPoint","urlTemplate":"https:\/\/shopatoa.com\/ro\/?s={search_term_string}"},"query-input":{"@type":"PropertyValueSpecification","valueRequired":true,"valueName":"search_term_string"}}],"inLanguage":"ro-RO"},{"@type":"Organization","@id":"https:\/\/shopatoa.com\/ro\/#organization","name":"SHOPATOA","url":"https:\/\/shopatoa.com\/ro\/","logo":{"@type":"ImageObject","inLanguage":"ro-RO","@id":"https:\/\/shopatoa.com\/ro\/#\/schema\/logo\/image\/","url":"https:\/\/storage.googleapis.com\/cz-shopatoa-img\/ro\/b4dac915-shopatoa_logo.png","contentUrl":"https:\/\/storage.googleapis.com\/cz-shopatoa-img\/ro\/b4dac915-shopatoa_logo.png","width":416,"height":63,"caption":"SHOPATOA"},"image":{"@id":"https:\/\/shopatoa.com\/ro\/#\/schema\/logo\/image\/"}}]}},"_links":{"self":[{"href":"https:\/\/shopatoa.com\/ro\/wp-json\/wp\/v2\/product\/297110","targetHints":{"allow":["GET"]}}],"collection":[{"href":"https:\/\/shopatoa.com\/ro\/wp-json\/wp\/v2\/product"}],"about":[{"href":"https:\/\/shopatoa.com\/ro\/wp-json\/wp\/v2\/types\/product"}],"replies":[{"embeddable":true,"href":"https:\/\/shopatoa.com\/ro\/wp-json\/wp\/v2\/comments?post=297110"}],"wp:featuredmedia":[{"embeddable":true,"href":"https:\/\/shopatoa.com\/ro\/wp-json\/wp\/v2\/media\/297112"}],"wp:attachment":[{"href":"https:\/\/shopatoa.com\/ro\/wp-json\/wp\/v2\/media?parent=297110"}],"wp:term":[{"taxonomy":"product_brand","embeddable":true,"href":"https:\/\/shopatoa.com\/ro\/wp-json\/wp\/v2\/product_brand?post=297110"},{"taxonomy":"product_cat","embeddable":true,"href":"https:\/\/shopatoa.com\/ro\/wp-json\/wp\/v2\/product_cat?post=297110"},{"taxonomy":"product_tag","embeddable":true,"href":"https:\/\/shopatoa.com\/ro\/wp-json\/wp\/v2\/product_tag?post=297110"}],"curies":[{"name":"wp","href":"https:\/\/api.w.org\/{rel}","templated":true}]}}