{"id":297118,"date":"2025-05-02T02:36:42","date_gmt":"2025-05-02T00:36:42","guid":{"rendered":"https:\/\/shopatoa.com\/ro\/bareminerals-linii-de-ochi-mineralist-eyeliner-35-g-topaz\/"},"modified":"2025-12-09T13:52:31","modified_gmt":"2025-12-09T12:52:31","slug":"bareminerals-linii-de-ochi-mineralist-eyeliner-35-g-topaz","status":"publish","type":"product","link":"https:\/\/shopatoa.com\/ro\/bareminerals-linii-de-ochi-mineralist-eyeliner-35-g-topaz\/","title":{"rendered":"bareMinerals Linii de ochi Mineralist (Eyeliner) 3,5 g Topaz"},"content":{"rendered":"<p>Liniile de ochi rezistente la ap\u0103 ofer\u0103 o culoare intens\u0103 \u0219i rezist\u0103 p\u00e2n\u0103 la 12 ore. Textura cremoas\u0103 le face u\u0219or de aplicat, iar con\u021binutul de ulei de avocado \u0219i aloe vera calmeaz\u0103 \u0219i hr\u0103ne\u0219te zona ochilor. Produsul este vegan, cruelty-free, testat oftalmologic \u0219i sigur pentru purt\u0103torii de lentile de contact.<\/p>\n","protected":false},"excerpt":{"rendered":"<p>Liniile de ochi rezistente la ap\u0103 ofer\u0103 o culoare intens\u0103 \u0219i rezist\u0103 p\u00e2n\u0103 la 12 ore. Textura cremoas\u0103 le face u\u0219or de aplicat, iar con\u021binutul de ulei de avocado \u0219i aloe vera calmeaz\u0103 \u0219i hr\u0103ne\u0219te zona ochilor. Produsul este vegan, cruelty-free, testat oftalmologic \u0219i sigur pentru purt\u0103torii de lentile de contact.<\/p>\n","protected":false},"featured_media":297120,"comment_status":"closed","ping_status":"open","template":"","meta":{"_acf_changed":false,"_kadence_starter_templates_imported_post":false,"_kad_post_transparent":"","_kad_post_title":"","_kad_post_layout":"","_kad_post_sidebar_id":"","_kad_post_content_style":"","_kad_post_vertical_padding":"","_kad_post_feature":"","_kad_post_feature_position":"","_kad_post_header":false,"_kad_post_footer":false,"_kad_post_classname":""},"product_brand":[599],"product_cat":[246,609,720,631],"product_tag":[],"class_list":{"0":"post-297118","1":"product","2":"type-product","3":"status-publish","4":"has-post-thumbnail","6":"product_brand-bareminerals","7":"product_cat-cosmetice","8":"product_cat-cosmetice-decorative","9":"product_cat-eyeliner","10":"product_cat-machiaj-pentru-ochi","12":"first","13":"instock","14":"product-type-external","15":"entry","16":"content-bg","17":"loop-entry"},"acf":[],"yoast_head":"<!-- This site is optimized with the Yoast SEO plugin v27.3 - https:\/\/yoast.com\/product\/yoast-seo-wordpress\/ -->\n<title>bareMinerals Linii de ochi Mineralist (Eyeliner) 3,5 g Topaz - SHOPATOA.COM<\/title>\n<meta name=\"robots\" content=\"index, follow, max-snippet:-1, max-image-preview:large, max-video-preview:-1\" \/>\n<link rel=\"canonical\" href=\"https:\/\/shopatoa.com\/ro\/bareminerals-linii-de-ochi-mineralist-eyeliner-35-g-topaz\/\" \/>\n<meta property=\"og:locale\" content=\"ro_RO\" \/>\n<meta property=\"og:type\" content=\"article\" \/>\n<meta property=\"og:title\" content=\"bareMinerals Linii de ochi Mineralist (Eyeliner) 3,5 g Topaz - SHOPATOA.COM\" \/>\n<meta property=\"og:description\" content=\"Liniile de ochi rezistente la ap\u0103 ofer\u0103 o culoare intens\u0103 \u0219i rezist\u0103 p\u00e2n\u0103 la 12 ore. Textura cremoas\u0103 le face u\u0219or de aplicat, iar con\u021binutul de ulei de avocado \u0219i aloe vera calmeaz\u0103 \u0219i hr\u0103ne\u0219te zona ochilor. Produsul este vegan, cruelty-free, testat oftalmologic \u0219i sigur pentru purt\u0103torii de lentile de contact.\" \/>\n<meta property=\"og:url\" content=\"https:\/\/shopatoa.com\/ro\/bareminerals-linii-de-ochi-mineralist-eyeliner-35-g-topaz\/\" \/>\n<meta property=\"og:site_name\" content=\"SHOPATOA\" \/>\n<meta property=\"article:modified_time\" content=\"2025-12-09T12:52:31+00:00\" \/>\n<meta property=\"og:image\" content=\"https:\/\/storage.googleapis.com\/cz-shopatoa-img\/ro\/74b294bf-unnamed-file.webp\" \/>\n\t<meta property=\"og:image:width\" content=\"800\" \/>\n\t<meta property=\"og:image:height\" content=\"800\" \/>\n\t<meta property=\"og:image:type\" content=\"image\/webp\" \/>\n<meta name=\"twitter:card\" content=\"summary_large_image\" \/>\n<script type=\"application\/ld+json\" class=\"yoast-schema-graph\">{\"@context\":\"https:\\\/\\\/schema.org\",\"@graph\":[{\"@type\":\"WebPage\",\"@id\":\"https:\\\/\\\/shopatoa.com\\\/ro\\\/bareminerals-linii-de-ochi-mineralist-eyeliner-35-g-topaz\\\/\",\"url\":\"https:\\\/\\\/shopatoa.com\\\/ro\\\/bareminerals-linii-de-ochi-mineralist-eyeliner-35-g-topaz\\\/\",\"name\":\"bareMinerals Linii de ochi Mineralist (Eyeliner) 3,5 g Topaz - SHOPATOA.COM\",\"isPartOf\":{\"@id\":\"https:\\\/\\\/shopatoa.com\\\/ro\\\/#website\"},\"primaryImageOfPage\":{\"@id\":\"https:\\\/\\\/shopatoa.com\\\/ro\\\/bareminerals-linii-de-ochi-mineralist-eyeliner-35-g-topaz\\\/#primaryimage\"},\"image\":{\"@id\":\"https:\\\/\\\/shopatoa.com\\\/ro\\\/bareminerals-linii-de-ochi-mineralist-eyeliner-35-g-topaz\\\/#primaryimage\"},\"thumbnailUrl\":\"https:\\\/\\\/storage.googleapis.com\\\/cz-shopatoa-img\\\/ro\\\/74b294bf-unnamed-file.webp\",\"datePublished\":\"2025-05-02T00:36:42+00:00\",\"dateModified\":\"2025-12-09T12:52:31+00:00\",\"breadcrumb\":{\"@id\":\"https:\\\/\\\/shopatoa.com\\\/ro\\\/bareminerals-linii-de-ochi-mineralist-eyeliner-35-g-topaz\\\/#breadcrumb\"},\"inLanguage\":\"ro-RO\",\"potentialAction\":[{\"@type\":\"ReadAction\",\"target\":[\"https:\\\/\\\/shopatoa.com\\\/ro\\\/bareminerals-linii-de-ochi-mineralist-eyeliner-35-g-topaz\\\/\"]}]},{\"@type\":\"ImageObject\",\"inLanguage\":\"ro-RO\",\"@id\":\"https:\\\/\\\/shopatoa.com\\\/ro\\\/bareminerals-linii-de-ochi-mineralist-eyeliner-35-g-topaz\\\/#primaryimage\",\"url\":\"https:\\\/\\\/storage.googleapis.com\\\/cz-shopatoa-img\\\/ro\\\/74b294bf-unnamed-file.webp\",\"contentUrl\":\"https:\\\/\\\/storage.googleapis.com\\\/cz-shopatoa-img\\\/ro\\\/74b294bf-unnamed-file.webp\",\"width\":800,\"height\":800},{\"@type\":\"BreadcrumbList\",\"@id\":\"https:\\\/\\\/shopatoa.com\\\/ro\\\/bareminerals-linii-de-ochi-mineralist-eyeliner-35-g-topaz\\\/#breadcrumb\",\"itemListElement\":[{\"@type\":\"ListItem\",\"position\":1,\"name\":\"Dom\u016f\",\"item\":\"https:\\\/\\\/shopatoa.com\\\/ro\\\/\"},{\"@type\":\"ListItem\",\"position\":2,\"name\":\"Shop\",\"item\":\"https:\\\/\\\/shopatoa.com\\\/ro\\\/shop\\\/\"},{\"@type\":\"ListItem\",\"position\":3,\"name\":\"Cosmetice\",\"item\":\"https:\\\/\\\/shopatoa.com\\\/ro\\\/cosmetice\\\/\"},{\"@type\":\"ListItem\",\"position\":4,\"name\":\"Cosmetice decorative\",\"item\":\"https:\\\/\\\/shopatoa.com\\\/ro\\\/cosmetice-decorative\\\/\"},{\"@type\":\"ListItem\",\"position\":5,\"name\":\"Machiaj pentru ochi\",\"item\":\"https:\\\/\\\/shopatoa.com\\\/ro\\\/machiaj-pentru-ochi\\\/\"},{\"@type\":\"ListItem\",\"position\":6,\"name\":\"Eyeliner\",\"item\":\"https:\\\/\\\/shopatoa.com\\\/ro\\\/eyeliner\\\/\"},{\"@type\":\"ListItem\",\"position\":7,\"name\":\"bareMinerals Linii de ochi Mineralist (Eyeliner) 3,5 g Topaz\"}]},{\"@type\":\"WebSite\",\"@id\":\"https:\\\/\\\/shopatoa.com\\\/ro\\\/#website\",\"url\":\"https:\\\/\\\/shopatoa.com\\\/ro\\\/\",\"name\":\"SHOPATOA\",\"description\":\"\",\"publisher\":{\"@id\":\"https:\\\/\\\/shopatoa.com\\\/ro\\\/#organization\"},\"potentialAction\":[{\"@type\":\"SearchAction\",\"target\":{\"@type\":\"EntryPoint\",\"urlTemplate\":\"https:\\\/\\\/shopatoa.com\\\/ro\\\/?s={search_term_string}\"},\"query-input\":{\"@type\":\"PropertyValueSpecification\",\"valueRequired\":true,\"valueName\":\"search_term_string\"}}],\"inLanguage\":\"ro-RO\"},{\"@type\":\"Organization\",\"@id\":\"https:\\\/\\\/shopatoa.com\\\/ro\\\/#organization\",\"name\":\"SHOPATOA\",\"url\":\"https:\\\/\\\/shopatoa.com\\\/ro\\\/\",\"logo\":{\"@type\":\"ImageObject\",\"inLanguage\":\"ro-RO\",\"@id\":\"https:\\\/\\\/shopatoa.com\\\/ro\\\/#\\\/schema\\\/logo\\\/image\\\/\",\"url\":\"https:\\\/\\\/storage.googleapis.com\\\/cz-shopatoa-img\\\/ro\\\/b4dac915-shopatoa_logo.png\",\"contentUrl\":\"https:\\\/\\\/storage.googleapis.com\\\/cz-shopatoa-img\\\/ro\\\/b4dac915-shopatoa_logo.png\",\"width\":416,\"height\":63,\"caption\":\"SHOPATOA\"},\"image\":{\"@id\":\"https:\\\/\\\/shopatoa.com\\\/ro\\\/#\\\/schema\\\/logo\\\/image\\\/\"}}]}<\/script>\n<!-- \/ Yoast SEO plugin. -->","yoast_head_json":{"title":"bareMinerals Linii de ochi Mineralist (Eyeliner) 3,5 g Topaz - SHOPATOA.COM","robots":{"index":"index","follow":"follow","max-snippet":"max-snippet:-1","max-image-preview":"max-image-preview:large","max-video-preview":"max-video-preview:-1"},"canonical":"https:\/\/shopatoa.com\/ro\/bareminerals-linii-de-ochi-mineralist-eyeliner-35-g-topaz\/","og_locale":"ro_RO","og_type":"article","og_title":"bareMinerals Linii de ochi Mineralist (Eyeliner) 3,5 g Topaz - SHOPATOA.COM","og_description":"Liniile de ochi rezistente la ap\u0103 ofer\u0103 o culoare intens\u0103 \u0219i rezist\u0103 p\u00e2n\u0103 la 12 ore. Textura cremoas\u0103 le face u\u0219or de aplicat, iar con\u021binutul de ulei de avocado \u0219i aloe vera calmeaz\u0103 \u0219i hr\u0103ne\u0219te zona ochilor. Produsul este vegan, cruelty-free, testat oftalmologic \u0219i sigur pentru purt\u0103torii de lentile de contact.","og_url":"https:\/\/shopatoa.com\/ro\/bareminerals-linii-de-ochi-mineralist-eyeliner-35-g-topaz\/","og_site_name":"SHOPATOA","article_modified_time":"2025-12-09T12:52:31+00:00","og_image":[{"width":800,"height":800,"url":"https:\/\/storage.googleapis.com\/cz-shopatoa-img\/ro\/74b294bf-unnamed-file.webp","type":"image\/webp"}],"twitter_card":"summary_large_image","schema":{"@context":"https:\/\/schema.org","@graph":[{"@type":"WebPage","@id":"https:\/\/shopatoa.com\/ro\/bareminerals-linii-de-ochi-mineralist-eyeliner-35-g-topaz\/","url":"https:\/\/shopatoa.com\/ro\/bareminerals-linii-de-ochi-mineralist-eyeliner-35-g-topaz\/","name":"bareMinerals Linii de ochi Mineralist (Eyeliner) 3,5 g Topaz - SHOPATOA.COM","isPartOf":{"@id":"https:\/\/shopatoa.com\/ro\/#website"},"primaryImageOfPage":{"@id":"https:\/\/shopatoa.com\/ro\/bareminerals-linii-de-ochi-mineralist-eyeliner-35-g-topaz\/#primaryimage"},"image":{"@id":"https:\/\/shopatoa.com\/ro\/bareminerals-linii-de-ochi-mineralist-eyeliner-35-g-topaz\/#primaryimage"},"thumbnailUrl":"https:\/\/storage.googleapis.com\/cz-shopatoa-img\/ro\/74b294bf-unnamed-file.webp","datePublished":"2025-05-02T00:36:42+00:00","dateModified":"2025-12-09T12:52:31+00:00","breadcrumb":{"@id":"https:\/\/shopatoa.com\/ro\/bareminerals-linii-de-ochi-mineralist-eyeliner-35-g-topaz\/#breadcrumb"},"inLanguage":"ro-RO","potentialAction":[{"@type":"ReadAction","target":["https:\/\/shopatoa.com\/ro\/bareminerals-linii-de-ochi-mineralist-eyeliner-35-g-topaz\/"]}]},{"@type":"ImageObject","inLanguage":"ro-RO","@id":"https:\/\/shopatoa.com\/ro\/bareminerals-linii-de-ochi-mineralist-eyeliner-35-g-topaz\/#primaryimage","url":"https:\/\/storage.googleapis.com\/cz-shopatoa-img\/ro\/74b294bf-unnamed-file.webp","contentUrl":"https:\/\/storage.googleapis.com\/cz-shopatoa-img\/ro\/74b294bf-unnamed-file.webp","width":800,"height":800},{"@type":"BreadcrumbList","@id":"https:\/\/shopatoa.com\/ro\/bareminerals-linii-de-ochi-mineralist-eyeliner-35-g-topaz\/#breadcrumb","itemListElement":[{"@type":"ListItem","position":1,"name":"Dom\u016f","item":"https:\/\/shopatoa.com\/ro\/"},{"@type":"ListItem","position":2,"name":"Shop","item":"https:\/\/shopatoa.com\/ro\/shop\/"},{"@type":"ListItem","position":3,"name":"Cosmetice","item":"https:\/\/shopatoa.com\/ro\/cosmetice\/"},{"@type":"ListItem","position":4,"name":"Cosmetice decorative","item":"https:\/\/shopatoa.com\/ro\/cosmetice-decorative\/"},{"@type":"ListItem","position":5,"name":"Machiaj pentru ochi","item":"https:\/\/shopatoa.com\/ro\/machiaj-pentru-ochi\/"},{"@type":"ListItem","position":6,"name":"Eyeliner","item":"https:\/\/shopatoa.com\/ro\/eyeliner\/"},{"@type":"ListItem","position":7,"name":"bareMinerals Linii de ochi Mineralist (Eyeliner) 3,5 g Topaz"}]},{"@type":"WebSite","@id":"https:\/\/shopatoa.com\/ro\/#website","url":"https:\/\/shopatoa.com\/ro\/","name":"SHOPATOA","description":"","publisher":{"@id":"https:\/\/shopatoa.com\/ro\/#organization"},"potentialAction":[{"@type":"SearchAction","target":{"@type":"EntryPoint","urlTemplate":"https:\/\/shopatoa.com\/ro\/?s={search_term_string}"},"query-input":{"@type":"PropertyValueSpecification","valueRequired":true,"valueName":"search_term_string"}}],"inLanguage":"ro-RO"},{"@type":"Organization","@id":"https:\/\/shopatoa.com\/ro\/#organization","name":"SHOPATOA","url":"https:\/\/shopatoa.com\/ro\/","logo":{"@type":"ImageObject","inLanguage":"ro-RO","@id":"https:\/\/shopatoa.com\/ro\/#\/schema\/logo\/image\/","url":"https:\/\/storage.googleapis.com\/cz-shopatoa-img\/ro\/b4dac915-shopatoa_logo.png","contentUrl":"https:\/\/storage.googleapis.com\/cz-shopatoa-img\/ro\/b4dac915-shopatoa_logo.png","width":416,"height":63,"caption":"SHOPATOA"},"image":{"@id":"https:\/\/shopatoa.com\/ro\/#\/schema\/logo\/image\/"}}]}},"_links":{"self":[{"href":"https:\/\/shopatoa.com\/ro\/wp-json\/wp\/v2\/product\/297118","targetHints":{"allow":["GET"]}}],"collection":[{"href":"https:\/\/shopatoa.com\/ro\/wp-json\/wp\/v2\/product"}],"about":[{"href":"https:\/\/shopatoa.com\/ro\/wp-json\/wp\/v2\/types\/product"}],"replies":[{"embeddable":true,"href":"https:\/\/shopatoa.com\/ro\/wp-json\/wp\/v2\/comments?post=297118"}],"wp:featuredmedia":[{"embeddable":true,"href":"https:\/\/shopatoa.com\/ro\/wp-json\/wp\/v2\/media\/297120"}],"wp:attachment":[{"href":"https:\/\/shopatoa.com\/ro\/wp-json\/wp\/v2\/media?parent=297118"}],"wp:term":[{"taxonomy":"product_brand","embeddable":true,"href":"https:\/\/shopatoa.com\/ro\/wp-json\/wp\/v2\/product_brand?post=297118"},{"taxonomy":"product_cat","embeddable":true,"href":"https:\/\/shopatoa.com\/ro\/wp-json\/wp\/v2\/product_cat?post=297118"},{"taxonomy":"product_tag","embeddable":true,"href":"https:\/\/shopatoa.com\/ro\/wp-json\/wp\/v2\/product_tag?post=297118"}],"curies":[{"name":"wp","href":"https:\/\/api.w.org\/{rel}","templated":true}]}}