{"id":297396,"date":"2025-05-02T03:10:17","date_gmt":"2025-05-02T01:10:17","guid":{"rendered":"https:\/\/shopatoa.com\/ro\/artdeco-corector-camouflage-cream-45-g-7-deep-whiskey\/"},"modified":"2025-12-12T06:53:51","modified_gmt":"2025-12-12T05:53:51","slug":"artdeco-corector-camouflage-cream-45-g-7-deep-whiskey","status":"publish","type":"product","link":"https:\/\/shopatoa.com\/ro\/artdeco-corector-camouflage-cream-45-g-7-deep-whiskey\/","title":{"rendered":"Artdeco Corector (Camouflage Cream) 4,5 g 7 Deep Whiskey"},"content":{"rendered":"<p>Anticearcan impermeabil pentru toate tipurile de piele pot ascunde vene ro\u0219ii, aluni\u021be pigmentate, tatuaje \u0219i orice imperfec\u021biuni minore. Asistent de \u00eencredere a \u00eembun\u0103t\u0103\u021bi pielea \u00een timpul zilei \u0219i un festiv make-up este perfect pentru machiaj \u00eenainte de fotografiere \u0219i de nunta. Toate nuan\u021bele pot amesteca liber \u00eentre ele pentru a ob\u021bine culoarea dorit\u0103. Textura de lung\u0103 durat\u0103 \u0219i rezistent la apa &#8211; poate rezista la temperaturi ridicate. Cea mai important\u0103 parte a machiaj ArtDeco se nume\u0219te sistem de mozaic care permite paleta pliabil\u0103 conform propriilor dorin\u021be \u0219i nevoi. Fard de ochi, fard de obraz \u0219i corector sunt achizi\u021bionate separat \u0219i plasate \u00een special cutii magnetice. Combina culorile tale preferate, \u00eenlocuirea sistemelor de livrare vechi, ad\u0103uga\u021bi noi culori de moda &#8211; toate datorit\u0103 mozaicul de Artdeco!<\/p>\n","protected":false},"excerpt":{"rendered":"<p>Anticearcan impermeabil pentru toate tipurile de piele pot ascunde vene ro\u0219ii, aluni\u021be pigmentate, tatuaje \u0219i orice imperfec\u021biuni minore. Asistent de \u00eencredere a \u00eembun\u0103t\u0103\u021bi pielea \u00een timpul zilei \u0219i un festiv make-up este perfect pentru machiaj \u00eenainte de fotografiere \u0219i de nunta. Toate nuan\u021bele pot amesteca liber \u00eentre ele pentru a ob\u021bine culoarea dorit\u0103. Textura de&#8230;<\/p>\n","protected":false},"featured_media":297399,"comment_status":"closed","ping_status":"open","template":"","meta":{"_acf_changed":false,"_kadence_starter_templates_imported_post":false,"_kad_post_transparent":"","_kad_post_title":"","_kad_post_layout":"","_kad_post_sidebar_id":"","_kad_post_content_style":"","_kad_post_vertical_padding":"","_kad_post_feature":"","_kad_post_feature_position":"","_kad_post_header":false,"_kad_post_footer":false,"_kad_post_classname":""},"product_brand":[795],"product_cat":[704,246,609,616],"product_tag":[],"class_list":{"0":"post-297396","1":"product","2":"type-product","3":"status-publish","4":"has-post-thumbnail","6":"product_brand-artdeco","7":"product_cat-corector-pentru-zona-fetei-si-a-ochilor","8":"product_cat-cosmetice","9":"product_cat-cosmetice-decorative","10":"product_cat-machiaj-pentru-fata","12":"first","13":"instock","14":"product-type-external","15":"entry","16":"content-bg","17":"loop-entry"},"acf":[],"yoast_head":"<!-- This site is optimized with the Yoast SEO plugin v27.3 - https:\/\/yoast.com\/product\/yoast-seo-wordpress\/ -->\n<title>Artdeco Corector (Camouflage Cream) 4,5 g 7 Deep Whiskey - SHOPATOA.COM<\/title>\n<meta name=\"robots\" content=\"index, follow, max-snippet:-1, max-image-preview:large, max-video-preview:-1\" \/>\n<link rel=\"canonical\" href=\"https:\/\/shopatoa.com\/ro\/artdeco-corector-camouflage-cream-45-g-7-deep-whiskey\/\" \/>\n<meta property=\"og:locale\" content=\"ro_RO\" \/>\n<meta property=\"og:type\" content=\"article\" \/>\n<meta property=\"og:title\" content=\"Artdeco Corector (Camouflage Cream) 4,5 g 7 Deep Whiskey - SHOPATOA.COM\" \/>\n<meta property=\"og:description\" content=\"Anticearcan impermeabil pentru toate tipurile de piele pot ascunde vene ro\u0219ii, aluni\u021be pigmentate, tatuaje \u0219i orice imperfec\u021biuni minore. Asistent de \u00eencredere a \u00eembun\u0103t\u0103\u021bi pielea \u00een timpul zilei \u0219i un festiv make-up este perfect pentru machiaj \u00eenainte de fotografiere \u0219i de nunta. Toate nuan\u021bele pot amesteca liber \u00eentre ele pentru a ob\u021bine culoarea dorit\u0103. Textura de...\" \/>\n<meta property=\"og:url\" content=\"https:\/\/shopatoa.com\/ro\/artdeco-corector-camouflage-cream-45-g-7-deep-whiskey\/\" \/>\n<meta property=\"og:site_name\" content=\"SHOPATOA\" \/>\n<meta property=\"article:modified_time\" content=\"2025-12-12T05:53:51+00:00\" \/>\n<meta property=\"og:image\" content=\"https:\/\/storage.googleapis.com\/cz-shopatoa-img\/ro\/8a2aab44-unnamed-file.webp\" \/>\n\t<meta property=\"og:image:width\" content=\"800\" \/>\n\t<meta property=\"og:image:height\" content=\"800\" \/>\n\t<meta property=\"og:image:type\" content=\"image\/webp\" \/>\n<meta name=\"twitter:card\" content=\"summary_large_image\" \/>\n<meta name=\"twitter:label1\" content=\"Timp estimat pentru citire\" \/>\n\t<meta name=\"twitter:data1\" content=\"1 minut\" \/>\n<script type=\"application\/ld+json\" class=\"yoast-schema-graph\">{\"@context\":\"https:\\\/\\\/schema.org\",\"@graph\":[{\"@type\":\"WebPage\",\"@id\":\"https:\\\/\\\/shopatoa.com\\\/ro\\\/artdeco-corector-camouflage-cream-45-g-7-deep-whiskey\\\/\",\"url\":\"https:\\\/\\\/shopatoa.com\\\/ro\\\/artdeco-corector-camouflage-cream-45-g-7-deep-whiskey\\\/\",\"name\":\"Artdeco Corector (Camouflage Cream) 4,5 g 7 Deep Whiskey - SHOPATOA.COM\",\"isPartOf\":{\"@id\":\"https:\\\/\\\/shopatoa.com\\\/ro\\\/#website\"},\"primaryImageOfPage\":{\"@id\":\"https:\\\/\\\/shopatoa.com\\\/ro\\\/artdeco-corector-camouflage-cream-45-g-7-deep-whiskey\\\/#primaryimage\"},\"image\":{\"@id\":\"https:\\\/\\\/shopatoa.com\\\/ro\\\/artdeco-corector-camouflage-cream-45-g-7-deep-whiskey\\\/#primaryimage\"},\"thumbnailUrl\":\"https:\\\/\\\/storage.googleapis.com\\\/cz-shopatoa-img\\\/ro\\\/8a2aab44-unnamed-file.webp\",\"datePublished\":\"2025-05-02T01:10:17+00:00\",\"dateModified\":\"2025-12-12T05:53:51+00:00\",\"breadcrumb\":{\"@id\":\"https:\\\/\\\/shopatoa.com\\\/ro\\\/artdeco-corector-camouflage-cream-45-g-7-deep-whiskey\\\/#breadcrumb\"},\"inLanguage\":\"ro-RO\",\"potentialAction\":[{\"@type\":\"ReadAction\",\"target\":[\"https:\\\/\\\/shopatoa.com\\\/ro\\\/artdeco-corector-camouflage-cream-45-g-7-deep-whiskey\\\/\"]}]},{\"@type\":\"ImageObject\",\"inLanguage\":\"ro-RO\",\"@id\":\"https:\\\/\\\/shopatoa.com\\\/ro\\\/artdeco-corector-camouflage-cream-45-g-7-deep-whiskey\\\/#primaryimage\",\"url\":\"https:\\\/\\\/storage.googleapis.com\\\/cz-shopatoa-img\\\/ro\\\/8a2aab44-unnamed-file.webp\",\"contentUrl\":\"https:\\\/\\\/storage.googleapis.com\\\/cz-shopatoa-img\\\/ro\\\/8a2aab44-unnamed-file.webp\",\"width\":800,\"height\":800},{\"@type\":\"BreadcrumbList\",\"@id\":\"https:\\\/\\\/shopatoa.com\\\/ro\\\/artdeco-corector-camouflage-cream-45-g-7-deep-whiskey\\\/#breadcrumb\",\"itemListElement\":[{\"@type\":\"ListItem\",\"position\":1,\"name\":\"Dom\u016f\",\"item\":\"https:\\\/\\\/shopatoa.com\\\/ro\\\/\"},{\"@type\":\"ListItem\",\"position\":2,\"name\":\"Shop\",\"item\":\"https:\\\/\\\/shopatoa.com\\\/ro\\\/shop\\\/\"},{\"@type\":\"ListItem\",\"position\":3,\"name\":\"Cosmetice\",\"item\":\"https:\\\/\\\/shopatoa.com\\\/ro\\\/cosmetice\\\/\"},{\"@type\":\"ListItem\",\"position\":4,\"name\":\"Cosmetice decorative\",\"item\":\"https:\\\/\\\/shopatoa.com\\\/ro\\\/cosmetice-decorative\\\/\"},{\"@type\":\"ListItem\",\"position\":5,\"name\":\"Machiaj pentru fa\u021ba\",\"item\":\"https:\\\/\\\/shopatoa.com\\\/ro\\\/machiaj-pentru-fata\\\/\"},{\"@type\":\"ListItem\",\"position\":6,\"name\":\"Corector pentru zona fe\u021bei \u0219i a ochilor\",\"item\":\"https:\\\/\\\/shopatoa.com\\\/ro\\\/corector-pentru-zona-fetei-si-a-ochilor\\\/\"},{\"@type\":\"ListItem\",\"position\":7,\"name\":\"Artdeco Corector (Camouflage Cream) 4,5 g 7 Deep Whiskey\"}]},{\"@type\":\"WebSite\",\"@id\":\"https:\\\/\\\/shopatoa.com\\\/ro\\\/#website\",\"url\":\"https:\\\/\\\/shopatoa.com\\\/ro\\\/\",\"name\":\"SHOPATOA\",\"description\":\"\",\"publisher\":{\"@id\":\"https:\\\/\\\/shopatoa.com\\\/ro\\\/#organization\"},\"potentialAction\":[{\"@type\":\"SearchAction\",\"target\":{\"@type\":\"EntryPoint\",\"urlTemplate\":\"https:\\\/\\\/shopatoa.com\\\/ro\\\/?s={search_term_string}\"},\"query-input\":{\"@type\":\"PropertyValueSpecification\",\"valueRequired\":true,\"valueName\":\"search_term_string\"}}],\"inLanguage\":\"ro-RO\"},{\"@type\":\"Organization\",\"@id\":\"https:\\\/\\\/shopatoa.com\\\/ro\\\/#organization\",\"name\":\"SHOPATOA\",\"url\":\"https:\\\/\\\/shopatoa.com\\\/ro\\\/\",\"logo\":{\"@type\":\"ImageObject\",\"inLanguage\":\"ro-RO\",\"@id\":\"https:\\\/\\\/shopatoa.com\\\/ro\\\/#\\\/schema\\\/logo\\\/image\\\/\",\"url\":\"https:\\\/\\\/storage.googleapis.com\\\/cz-shopatoa-img\\\/ro\\\/b4dac915-shopatoa_logo.png\",\"contentUrl\":\"https:\\\/\\\/storage.googleapis.com\\\/cz-shopatoa-img\\\/ro\\\/b4dac915-shopatoa_logo.png\",\"width\":416,\"height\":63,\"caption\":\"SHOPATOA\"},\"image\":{\"@id\":\"https:\\\/\\\/shopatoa.com\\\/ro\\\/#\\\/schema\\\/logo\\\/image\\\/\"}}]}<\/script>\n<!-- \/ Yoast SEO plugin. -->","yoast_head_json":{"title":"Artdeco Corector (Camouflage Cream) 4,5 g 7 Deep Whiskey - SHOPATOA.COM","robots":{"index":"index","follow":"follow","max-snippet":"max-snippet:-1","max-image-preview":"max-image-preview:large","max-video-preview":"max-video-preview:-1"},"canonical":"https:\/\/shopatoa.com\/ro\/artdeco-corector-camouflage-cream-45-g-7-deep-whiskey\/","og_locale":"ro_RO","og_type":"article","og_title":"Artdeco Corector (Camouflage Cream) 4,5 g 7 Deep Whiskey - SHOPATOA.COM","og_description":"Anticearcan impermeabil pentru toate tipurile de piele pot ascunde vene ro\u0219ii, aluni\u021be pigmentate, tatuaje \u0219i orice imperfec\u021biuni minore. Asistent de \u00eencredere a \u00eembun\u0103t\u0103\u021bi pielea \u00een timpul zilei \u0219i un festiv make-up este perfect pentru machiaj \u00eenainte de fotografiere \u0219i de nunta. Toate nuan\u021bele pot amesteca liber \u00eentre ele pentru a ob\u021bine culoarea dorit\u0103. Textura de...","og_url":"https:\/\/shopatoa.com\/ro\/artdeco-corector-camouflage-cream-45-g-7-deep-whiskey\/","og_site_name":"SHOPATOA","article_modified_time":"2025-12-12T05:53:51+00:00","og_image":[{"width":800,"height":800,"url":"https:\/\/storage.googleapis.com\/cz-shopatoa-img\/ro\/8a2aab44-unnamed-file.webp","type":"image\/webp"}],"twitter_card":"summary_large_image","twitter_misc":{"Timp estimat pentru citire":"1 minut"},"schema":{"@context":"https:\/\/schema.org","@graph":[{"@type":"WebPage","@id":"https:\/\/shopatoa.com\/ro\/artdeco-corector-camouflage-cream-45-g-7-deep-whiskey\/","url":"https:\/\/shopatoa.com\/ro\/artdeco-corector-camouflage-cream-45-g-7-deep-whiskey\/","name":"Artdeco Corector (Camouflage Cream) 4,5 g 7 Deep Whiskey - SHOPATOA.COM","isPartOf":{"@id":"https:\/\/shopatoa.com\/ro\/#website"},"primaryImageOfPage":{"@id":"https:\/\/shopatoa.com\/ro\/artdeco-corector-camouflage-cream-45-g-7-deep-whiskey\/#primaryimage"},"image":{"@id":"https:\/\/shopatoa.com\/ro\/artdeco-corector-camouflage-cream-45-g-7-deep-whiskey\/#primaryimage"},"thumbnailUrl":"https:\/\/storage.googleapis.com\/cz-shopatoa-img\/ro\/8a2aab44-unnamed-file.webp","datePublished":"2025-05-02T01:10:17+00:00","dateModified":"2025-12-12T05:53:51+00:00","breadcrumb":{"@id":"https:\/\/shopatoa.com\/ro\/artdeco-corector-camouflage-cream-45-g-7-deep-whiskey\/#breadcrumb"},"inLanguage":"ro-RO","potentialAction":[{"@type":"ReadAction","target":["https:\/\/shopatoa.com\/ro\/artdeco-corector-camouflage-cream-45-g-7-deep-whiskey\/"]}]},{"@type":"ImageObject","inLanguage":"ro-RO","@id":"https:\/\/shopatoa.com\/ro\/artdeco-corector-camouflage-cream-45-g-7-deep-whiskey\/#primaryimage","url":"https:\/\/storage.googleapis.com\/cz-shopatoa-img\/ro\/8a2aab44-unnamed-file.webp","contentUrl":"https:\/\/storage.googleapis.com\/cz-shopatoa-img\/ro\/8a2aab44-unnamed-file.webp","width":800,"height":800},{"@type":"BreadcrumbList","@id":"https:\/\/shopatoa.com\/ro\/artdeco-corector-camouflage-cream-45-g-7-deep-whiskey\/#breadcrumb","itemListElement":[{"@type":"ListItem","position":1,"name":"Dom\u016f","item":"https:\/\/shopatoa.com\/ro\/"},{"@type":"ListItem","position":2,"name":"Shop","item":"https:\/\/shopatoa.com\/ro\/shop\/"},{"@type":"ListItem","position":3,"name":"Cosmetice","item":"https:\/\/shopatoa.com\/ro\/cosmetice\/"},{"@type":"ListItem","position":4,"name":"Cosmetice decorative","item":"https:\/\/shopatoa.com\/ro\/cosmetice-decorative\/"},{"@type":"ListItem","position":5,"name":"Machiaj pentru fa\u021ba","item":"https:\/\/shopatoa.com\/ro\/machiaj-pentru-fata\/"},{"@type":"ListItem","position":6,"name":"Corector pentru zona fe\u021bei \u0219i a ochilor","item":"https:\/\/shopatoa.com\/ro\/corector-pentru-zona-fetei-si-a-ochilor\/"},{"@type":"ListItem","position":7,"name":"Artdeco Corector (Camouflage Cream) 4,5 g 7 Deep Whiskey"}]},{"@type":"WebSite","@id":"https:\/\/shopatoa.com\/ro\/#website","url":"https:\/\/shopatoa.com\/ro\/","name":"SHOPATOA","description":"","publisher":{"@id":"https:\/\/shopatoa.com\/ro\/#organization"},"potentialAction":[{"@type":"SearchAction","target":{"@type":"EntryPoint","urlTemplate":"https:\/\/shopatoa.com\/ro\/?s={search_term_string}"},"query-input":{"@type":"PropertyValueSpecification","valueRequired":true,"valueName":"search_term_string"}}],"inLanguage":"ro-RO"},{"@type":"Organization","@id":"https:\/\/shopatoa.com\/ro\/#organization","name":"SHOPATOA","url":"https:\/\/shopatoa.com\/ro\/","logo":{"@type":"ImageObject","inLanguage":"ro-RO","@id":"https:\/\/shopatoa.com\/ro\/#\/schema\/logo\/image\/","url":"https:\/\/storage.googleapis.com\/cz-shopatoa-img\/ro\/b4dac915-shopatoa_logo.png","contentUrl":"https:\/\/storage.googleapis.com\/cz-shopatoa-img\/ro\/b4dac915-shopatoa_logo.png","width":416,"height":63,"caption":"SHOPATOA"},"image":{"@id":"https:\/\/shopatoa.com\/ro\/#\/schema\/logo\/image\/"}}]}},"_links":{"self":[{"href":"https:\/\/shopatoa.com\/ro\/wp-json\/wp\/v2\/product\/297396","targetHints":{"allow":["GET"]}}],"collection":[{"href":"https:\/\/shopatoa.com\/ro\/wp-json\/wp\/v2\/product"}],"about":[{"href":"https:\/\/shopatoa.com\/ro\/wp-json\/wp\/v2\/types\/product"}],"replies":[{"embeddable":true,"href":"https:\/\/shopatoa.com\/ro\/wp-json\/wp\/v2\/comments?post=297396"}],"wp:featuredmedia":[{"embeddable":true,"href":"https:\/\/shopatoa.com\/ro\/wp-json\/wp\/v2\/media\/297399"}],"wp:attachment":[{"href":"https:\/\/shopatoa.com\/ro\/wp-json\/wp\/v2\/media?parent=297396"}],"wp:term":[{"taxonomy":"product_brand","embeddable":true,"href":"https:\/\/shopatoa.com\/ro\/wp-json\/wp\/v2\/product_brand?post=297396"},{"taxonomy":"product_cat","embeddable":true,"href":"https:\/\/shopatoa.com\/ro\/wp-json\/wp\/v2\/product_cat?post=297396"},{"taxonomy":"product_tag","embeddable":true,"href":"https:\/\/shopatoa.com\/ro\/wp-json\/wp\/v2\/product_tag?post=297396"}],"curies":[{"name":"wp","href":"https:\/\/api.w.org\/{rel}","templated":true}]}}