{"id":297946,"date":"2025-05-02T04:25:34","date_gmt":"2025-05-02T02:25:34","guid":{"rendered":"https:\/\/shopatoa.com\/ro\/dolce-gabbana-make-up-matifiant-lichid-velvetskin-natural-matte-foundation-30-ml-sateen\/"},"modified":"2025-09-28T04:59:15","modified_gmt":"2025-09-28T02:59:15","slug":"dolce-gabbana-make-up-matifiant-lichid-velvetskin-natural-matte-foundation-30-ml-sateen","status":"publish","type":"product","link":"https:\/\/shopatoa.com\/ro\/dolce-gabbana-make-up-matifiant-lichid-velvetskin-natural-matte-foundation-30-ml-sateen\/","title":{"rendered":"Dolce &amp; Gabbana Make-up matifiant lichid Velvetskin (Natural Matte Foundation) 30 ml Sateen"},"content":{"rendered":"<p>Ob\u021bine\u021bi un efect moale \u0219i radiant cu machiajul mat Dolce &amp; Gabbana Velvetskin Natural Matte. Amestecul s\u0103u de pudre matifiante \u0219i care reflect\u0103 lumina cu complexul exclusiv mediteranean Glow ofer\u0103 tenului dvs. un finisaj surprinz\u0103tor de luminos, dar mat, men\u021bin\u00e2nd pielea hidratat\u0103 toat\u0103 ziua.<\/p>\n","protected":false},"excerpt":{"rendered":"<p>Ob\u021bine\u021bi un efect moale \u0219i radiant cu machiajul mat Dolce &amp; Gabbana Velvetskin Natural Matte. Amestecul s\u0103u de pudre matifiante \u0219i care reflect\u0103 lumina cu complexul exclusiv mediteranean Glow ofer\u0103 tenului dvs. un finisaj surprinz\u0103tor de luminos, dar mat, men\u021bin\u00e2nd pielea hidratat\u0103 toat\u0103 ziua.<\/p>\n","protected":false},"featured_media":297948,"comment_status":"closed","ping_status":"open","template":"","meta":{"_acf_changed":false,"_kadence_starter_templates_imported_post":false,"_kad_post_transparent":"","_kad_post_title":"","_kad_post_layout":"","_kad_post_sidebar_id":"","_kad_post_content_style":"","_kad_post_vertical_padding":"","_kad_post_feature":"","_kad_post_feature_position":"","_kad_post_header":false,"_kad_post_footer":false,"_kad_post_classname":""},"product_brand":[84],"product_cat":[246,609,616,705],"product_tag":[],"class_list":{"0":"post-297946","1":"product","2":"type-product","3":"status-publish","4":"has-post-thumbnail","6":"product_brand-dolce-gabbana","7":"product_cat-cosmetice","8":"product_cat-cosmetice-decorative","9":"product_cat-machiaj-pentru-fata","10":"product_cat-make-ups","12":"first","13":"instock","14":"sale","15":"product-type-external","16":"entry","17":"content-bg","18":"loop-entry"},"acf":[],"yoast_head":"<!-- This site is optimized with the Yoast SEO plugin v27.3 - https:\/\/yoast.com\/product\/yoast-seo-wordpress\/ -->\n<title>Dolce &amp; Gabbana Make-up matifiant lichid Velvetskin (Natural Matte Foundation) 30 ml Sateen - SHOPATOA.COM<\/title>\n<meta name=\"robots\" content=\"index, follow, max-snippet:-1, max-image-preview:large, max-video-preview:-1\" \/>\n<link rel=\"canonical\" href=\"https:\/\/shopatoa.com\/ro\/dolce-gabbana-make-up-matifiant-lichid-velvetskin-natural-matte-foundation-30-ml-sateen\/\" \/>\n<meta property=\"og:locale\" content=\"ro_RO\" \/>\n<meta property=\"og:type\" content=\"article\" \/>\n<meta property=\"og:title\" content=\"Dolce &amp; Gabbana Make-up matifiant lichid Velvetskin (Natural Matte Foundation) 30 ml Sateen - SHOPATOA.COM\" \/>\n<meta property=\"og:description\" content=\"Ob\u021bine\u021bi un efect moale \u0219i radiant cu machiajul mat Dolce &amp; Gabbana Velvetskin Natural Matte. Amestecul s\u0103u de pudre matifiante \u0219i care reflect\u0103 lumina cu complexul exclusiv mediteranean Glow ofer\u0103 tenului dvs. un finisaj surprinz\u0103tor de luminos, dar mat, men\u021bin\u00e2nd pielea hidratat\u0103 toat\u0103 ziua.\" \/>\n<meta property=\"og:url\" content=\"https:\/\/shopatoa.com\/ro\/dolce-gabbana-make-up-matifiant-lichid-velvetskin-natural-matte-foundation-30-ml-sateen\/\" \/>\n<meta property=\"og:site_name\" content=\"SHOPATOA\" \/>\n<meta property=\"article:modified_time\" content=\"2025-09-28T02:59:15+00:00\" \/>\n<meta property=\"og:image\" content=\"https:\/\/storage.googleapis.com\/cz-shopatoa-img\/ro\/b8f3035a-unnamed-file.webp\" \/>\n\t<meta property=\"og:image:width\" content=\"800\" \/>\n\t<meta property=\"og:image:height\" content=\"800\" \/>\n\t<meta property=\"og:image:type\" content=\"image\/webp\" \/>\n<meta name=\"twitter:card\" content=\"summary_large_image\" \/>\n<script type=\"application\/ld+json\" class=\"yoast-schema-graph\">{\"@context\":\"https:\\\/\\\/schema.org\",\"@graph\":[{\"@type\":\"WebPage\",\"@id\":\"https:\\\/\\\/shopatoa.com\\\/ro\\\/dolce-gabbana-make-up-matifiant-lichid-velvetskin-natural-matte-foundation-30-ml-sateen\\\/\",\"url\":\"https:\\\/\\\/shopatoa.com\\\/ro\\\/dolce-gabbana-make-up-matifiant-lichid-velvetskin-natural-matte-foundation-30-ml-sateen\\\/\",\"name\":\"Dolce & Gabbana Make-up matifiant lichid Velvetskin (Natural Matte Foundation) 30 ml Sateen - SHOPATOA.COM\",\"isPartOf\":{\"@id\":\"https:\\\/\\\/shopatoa.com\\\/ro\\\/#website\"},\"primaryImageOfPage\":{\"@id\":\"https:\\\/\\\/shopatoa.com\\\/ro\\\/dolce-gabbana-make-up-matifiant-lichid-velvetskin-natural-matte-foundation-30-ml-sateen\\\/#primaryimage\"},\"image\":{\"@id\":\"https:\\\/\\\/shopatoa.com\\\/ro\\\/dolce-gabbana-make-up-matifiant-lichid-velvetskin-natural-matte-foundation-30-ml-sateen\\\/#primaryimage\"},\"thumbnailUrl\":\"https:\\\/\\\/storage.googleapis.com\\\/cz-shopatoa-img\\\/ro\\\/b8f3035a-unnamed-file.webp\",\"datePublished\":\"2025-05-02T02:25:34+00:00\",\"dateModified\":\"2025-09-28T02:59:15+00:00\",\"breadcrumb\":{\"@id\":\"https:\\\/\\\/shopatoa.com\\\/ro\\\/dolce-gabbana-make-up-matifiant-lichid-velvetskin-natural-matte-foundation-30-ml-sateen\\\/#breadcrumb\"},\"inLanguage\":\"ro-RO\",\"potentialAction\":[{\"@type\":\"ReadAction\",\"target\":[\"https:\\\/\\\/shopatoa.com\\\/ro\\\/dolce-gabbana-make-up-matifiant-lichid-velvetskin-natural-matte-foundation-30-ml-sateen\\\/\"]}]},{\"@type\":\"ImageObject\",\"inLanguage\":\"ro-RO\",\"@id\":\"https:\\\/\\\/shopatoa.com\\\/ro\\\/dolce-gabbana-make-up-matifiant-lichid-velvetskin-natural-matte-foundation-30-ml-sateen\\\/#primaryimage\",\"url\":\"https:\\\/\\\/storage.googleapis.com\\\/cz-shopatoa-img\\\/ro\\\/b8f3035a-unnamed-file.webp\",\"contentUrl\":\"https:\\\/\\\/storage.googleapis.com\\\/cz-shopatoa-img\\\/ro\\\/b8f3035a-unnamed-file.webp\",\"width\":800,\"height\":800},{\"@type\":\"BreadcrumbList\",\"@id\":\"https:\\\/\\\/shopatoa.com\\\/ro\\\/dolce-gabbana-make-up-matifiant-lichid-velvetskin-natural-matte-foundation-30-ml-sateen\\\/#breadcrumb\",\"itemListElement\":[{\"@type\":\"ListItem\",\"position\":1,\"name\":\"Dom\u016f\",\"item\":\"https:\\\/\\\/shopatoa.com\\\/ro\\\/\"},{\"@type\":\"ListItem\",\"position\":2,\"name\":\"Shop\",\"item\":\"https:\\\/\\\/shopatoa.com\\\/ro\\\/shop\\\/\"},{\"@type\":\"ListItem\",\"position\":3,\"name\":\"Cosmetice\",\"item\":\"https:\\\/\\\/shopatoa.com\\\/ro\\\/cosmetice\\\/\"},{\"@type\":\"ListItem\",\"position\":4,\"name\":\"Cosmetice decorative\",\"item\":\"https:\\\/\\\/shopatoa.com\\\/ro\\\/cosmetice-decorative\\\/\"},{\"@type\":\"ListItem\",\"position\":5,\"name\":\"Machiaj pentru fa\u021ba\",\"item\":\"https:\\\/\\\/shopatoa.com\\\/ro\\\/machiaj-pentru-fata\\\/\"},{\"@type\":\"ListItem\",\"position\":6,\"name\":\"Make-ups\",\"item\":\"https:\\\/\\\/shopatoa.com\\\/ro\\\/make-ups\\\/\"},{\"@type\":\"ListItem\",\"position\":7,\"name\":\"Dolce &amp; Gabbana Make-up matifiant lichid Velvetskin (Natural Matte Foundation) 30 ml Sateen\"}]},{\"@type\":\"WebSite\",\"@id\":\"https:\\\/\\\/shopatoa.com\\\/ro\\\/#website\",\"url\":\"https:\\\/\\\/shopatoa.com\\\/ro\\\/\",\"name\":\"SHOPATOA\",\"description\":\"\",\"publisher\":{\"@id\":\"https:\\\/\\\/shopatoa.com\\\/ro\\\/#organization\"},\"potentialAction\":[{\"@type\":\"SearchAction\",\"target\":{\"@type\":\"EntryPoint\",\"urlTemplate\":\"https:\\\/\\\/shopatoa.com\\\/ro\\\/?s={search_term_string}\"},\"query-input\":{\"@type\":\"PropertyValueSpecification\",\"valueRequired\":true,\"valueName\":\"search_term_string\"}}],\"inLanguage\":\"ro-RO\"},{\"@type\":\"Organization\",\"@id\":\"https:\\\/\\\/shopatoa.com\\\/ro\\\/#organization\",\"name\":\"SHOPATOA\",\"url\":\"https:\\\/\\\/shopatoa.com\\\/ro\\\/\",\"logo\":{\"@type\":\"ImageObject\",\"inLanguage\":\"ro-RO\",\"@id\":\"https:\\\/\\\/shopatoa.com\\\/ro\\\/#\\\/schema\\\/logo\\\/image\\\/\",\"url\":\"https:\\\/\\\/storage.googleapis.com\\\/cz-shopatoa-img\\\/ro\\\/b4dac915-shopatoa_logo.png\",\"contentUrl\":\"https:\\\/\\\/storage.googleapis.com\\\/cz-shopatoa-img\\\/ro\\\/b4dac915-shopatoa_logo.png\",\"width\":416,\"height\":63,\"caption\":\"SHOPATOA\"},\"image\":{\"@id\":\"https:\\\/\\\/shopatoa.com\\\/ro\\\/#\\\/schema\\\/logo\\\/image\\\/\"}}]}<\/script>\n<!-- \/ Yoast SEO plugin. -->","yoast_head_json":{"title":"Dolce & Gabbana Make-up matifiant lichid Velvetskin (Natural Matte Foundation) 30 ml Sateen - SHOPATOA.COM","robots":{"index":"index","follow":"follow","max-snippet":"max-snippet:-1","max-image-preview":"max-image-preview:large","max-video-preview":"max-video-preview:-1"},"canonical":"https:\/\/shopatoa.com\/ro\/dolce-gabbana-make-up-matifiant-lichid-velvetskin-natural-matte-foundation-30-ml-sateen\/","og_locale":"ro_RO","og_type":"article","og_title":"Dolce & Gabbana Make-up matifiant lichid Velvetskin (Natural Matte Foundation) 30 ml Sateen - SHOPATOA.COM","og_description":"Ob\u021bine\u021bi un efect moale \u0219i radiant cu machiajul mat Dolce &amp; Gabbana Velvetskin Natural Matte. Amestecul s\u0103u de pudre matifiante \u0219i care reflect\u0103 lumina cu complexul exclusiv mediteranean Glow ofer\u0103 tenului dvs. un finisaj surprinz\u0103tor de luminos, dar mat, men\u021bin\u00e2nd pielea hidratat\u0103 toat\u0103 ziua.","og_url":"https:\/\/shopatoa.com\/ro\/dolce-gabbana-make-up-matifiant-lichid-velvetskin-natural-matte-foundation-30-ml-sateen\/","og_site_name":"SHOPATOA","article_modified_time":"2025-09-28T02:59:15+00:00","og_image":[{"width":800,"height":800,"url":"https:\/\/storage.googleapis.com\/cz-shopatoa-img\/ro\/b8f3035a-unnamed-file.webp","type":"image\/webp"}],"twitter_card":"summary_large_image","schema":{"@context":"https:\/\/schema.org","@graph":[{"@type":"WebPage","@id":"https:\/\/shopatoa.com\/ro\/dolce-gabbana-make-up-matifiant-lichid-velvetskin-natural-matte-foundation-30-ml-sateen\/","url":"https:\/\/shopatoa.com\/ro\/dolce-gabbana-make-up-matifiant-lichid-velvetskin-natural-matte-foundation-30-ml-sateen\/","name":"Dolce & Gabbana Make-up matifiant lichid Velvetskin (Natural Matte Foundation) 30 ml Sateen - SHOPATOA.COM","isPartOf":{"@id":"https:\/\/shopatoa.com\/ro\/#website"},"primaryImageOfPage":{"@id":"https:\/\/shopatoa.com\/ro\/dolce-gabbana-make-up-matifiant-lichid-velvetskin-natural-matte-foundation-30-ml-sateen\/#primaryimage"},"image":{"@id":"https:\/\/shopatoa.com\/ro\/dolce-gabbana-make-up-matifiant-lichid-velvetskin-natural-matte-foundation-30-ml-sateen\/#primaryimage"},"thumbnailUrl":"https:\/\/storage.googleapis.com\/cz-shopatoa-img\/ro\/b8f3035a-unnamed-file.webp","datePublished":"2025-05-02T02:25:34+00:00","dateModified":"2025-09-28T02:59:15+00:00","breadcrumb":{"@id":"https:\/\/shopatoa.com\/ro\/dolce-gabbana-make-up-matifiant-lichid-velvetskin-natural-matte-foundation-30-ml-sateen\/#breadcrumb"},"inLanguage":"ro-RO","potentialAction":[{"@type":"ReadAction","target":["https:\/\/shopatoa.com\/ro\/dolce-gabbana-make-up-matifiant-lichid-velvetskin-natural-matte-foundation-30-ml-sateen\/"]}]},{"@type":"ImageObject","inLanguage":"ro-RO","@id":"https:\/\/shopatoa.com\/ro\/dolce-gabbana-make-up-matifiant-lichid-velvetskin-natural-matte-foundation-30-ml-sateen\/#primaryimage","url":"https:\/\/storage.googleapis.com\/cz-shopatoa-img\/ro\/b8f3035a-unnamed-file.webp","contentUrl":"https:\/\/storage.googleapis.com\/cz-shopatoa-img\/ro\/b8f3035a-unnamed-file.webp","width":800,"height":800},{"@type":"BreadcrumbList","@id":"https:\/\/shopatoa.com\/ro\/dolce-gabbana-make-up-matifiant-lichid-velvetskin-natural-matte-foundation-30-ml-sateen\/#breadcrumb","itemListElement":[{"@type":"ListItem","position":1,"name":"Dom\u016f","item":"https:\/\/shopatoa.com\/ro\/"},{"@type":"ListItem","position":2,"name":"Shop","item":"https:\/\/shopatoa.com\/ro\/shop\/"},{"@type":"ListItem","position":3,"name":"Cosmetice","item":"https:\/\/shopatoa.com\/ro\/cosmetice\/"},{"@type":"ListItem","position":4,"name":"Cosmetice decorative","item":"https:\/\/shopatoa.com\/ro\/cosmetice-decorative\/"},{"@type":"ListItem","position":5,"name":"Machiaj pentru fa\u021ba","item":"https:\/\/shopatoa.com\/ro\/machiaj-pentru-fata\/"},{"@type":"ListItem","position":6,"name":"Make-ups","item":"https:\/\/shopatoa.com\/ro\/make-ups\/"},{"@type":"ListItem","position":7,"name":"Dolce &amp; Gabbana Make-up matifiant lichid Velvetskin (Natural Matte Foundation) 30 ml Sateen"}]},{"@type":"WebSite","@id":"https:\/\/shopatoa.com\/ro\/#website","url":"https:\/\/shopatoa.com\/ro\/","name":"SHOPATOA","description":"","publisher":{"@id":"https:\/\/shopatoa.com\/ro\/#organization"},"potentialAction":[{"@type":"SearchAction","target":{"@type":"EntryPoint","urlTemplate":"https:\/\/shopatoa.com\/ro\/?s={search_term_string}"},"query-input":{"@type":"PropertyValueSpecification","valueRequired":true,"valueName":"search_term_string"}}],"inLanguage":"ro-RO"},{"@type":"Organization","@id":"https:\/\/shopatoa.com\/ro\/#organization","name":"SHOPATOA","url":"https:\/\/shopatoa.com\/ro\/","logo":{"@type":"ImageObject","inLanguage":"ro-RO","@id":"https:\/\/shopatoa.com\/ro\/#\/schema\/logo\/image\/","url":"https:\/\/storage.googleapis.com\/cz-shopatoa-img\/ro\/b4dac915-shopatoa_logo.png","contentUrl":"https:\/\/storage.googleapis.com\/cz-shopatoa-img\/ro\/b4dac915-shopatoa_logo.png","width":416,"height":63,"caption":"SHOPATOA"},"image":{"@id":"https:\/\/shopatoa.com\/ro\/#\/schema\/logo\/image\/"}}]}},"_links":{"self":[{"href":"https:\/\/shopatoa.com\/ro\/wp-json\/wp\/v2\/product\/297946","targetHints":{"allow":["GET"]}}],"collection":[{"href":"https:\/\/shopatoa.com\/ro\/wp-json\/wp\/v2\/product"}],"about":[{"href":"https:\/\/shopatoa.com\/ro\/wp-json\/wp\/v2\/types\/product"}],"replies":[{"embeddable":true,"href":"https:\/\/shopatoa.com\/ro\/wp-json\/wp\/v2\/comments?post=297946"}],"wp:featuredmedia":[{"embeddable":true,"href":"https:\/\/shopatoa.com\/ro\/wp-json\/wp\/v2\/media\/297948"}],"wp:attachment":[{"href":"https:\/\/shopatoa.com\/ro\/wp-json\/wp\/v2\/media?parent=297946"}],"wp:term":[{"taxonomy":"product_brand","embeddable":true,"href":"https:\/\/shopatoa.com\/ro\/wp-json\/wp\/v2\/product_brand?post=297946"},{"taxonomy":"product_cat","embeddable":true,"href":"https:\/\/shopatoa.com\/ro\/wp-json\/wp\/v2\/product_cat?post=297946"},{"taxonomy":"product_tag","embeddable":true,"href":"https:\/\/shopatoa.com\/ro\/wp-json\/wp\/v2\/product_tag?post=297946"}],"curies":[{"name":"wp","href":"https:\/\/api.w.org\/{rel}","templated":true}]}}